





{"id":87782,"date":"2025-08-26T19:53:41","date_gmt":"2025-08-26T17:53:41","guid":{"rendered":"https:\/\/repliquemangacine.fr\/?post_type=product&#038;p=87782"},"modified":"2026-02-19T11:28:54","modified_gmt":"2026-02-19T10:28:54","slug":"luger-p08-parabellum-nickele","status":"publish","type":"product","link":"https:\/\/repliquemangacine.fr\/it\/reproductions-armes-seconde-guerre-mondiale-denix\/luger-p08-parabellum-nickele\/","title":{"rendered":"Luger P08 Parabellum nichelato"},"content":{"rendered":"<h2>Luger P08 Parabellum Nickel\u00e9: arma mitica e replica eccezionale<\/h2>\n<p>Le <strong>Luger P08 Parabellum nichelato<\/strong> \u00e8 una delle armi pi\u00f9 iconiche della storia. Progettata dall'ingegnere tedesco Georg Luger alla fine del XIX secolo. Adottata dall'esercito imperiale tedesco nel 1908, da cui il nome P08. Riconoscibile tra mille grazie al suo sistema di chiusura unico e al suo design raffinato. Si impose rapidamente come arma da fuoco temibile e prestigiosa.<\/p>\n<p>La replica Denix che proponiamo riproduce fedelmente questo simbolo storico in una versione nichelata. Con una cromatura brillante che esalta ogni dettaglio. La sua struttura in metallo massiccio, le placche del calcio in ABS stampato e il suo meccanismo funzionale consentono di riprodurre le sensazioni di caricamento e sparo in tutta sicurezza. Dotata di un caricatore rimovibile, questa riproduzione di 25,5 cm e 975 g unisce realismo ed eleganza, pur essendo in libera vendita e senza necessit\u00e0 di autorizzazione per la collezione.<\/p>\n<h2>Il ruolo della P08 Luger nella seconda guerra mondiale<\/h2>\n<p>Durante la Seconda Guerra Mondiale, la Luger P08 divenne una delle pistole pi\u00f9 utilizzate dall'esercito tedesco. Anche se fu gradualmente sostituita dalla Walther P38 a partire dal 1938. Mantenne un prestigio unico e fu portata da molti ufficiali tedeschi. Infatti, simboleggiava il prestigio e la potenza militare dell'esercito tedesco. <a href=\"https:\/\/encyclopedia.ushmm.org\/content\/fr\/article\/third-reich-an-overview\" target=\"_blank\" rel=\"noopener noreferrer\">Reich<\/a>.  La sua precisione, affidabilit\u00e0 e il suo design riconoscibile lo resero un'arma temuta sul campo di battaglia.<\/p>\n<p>La Luger P08 non era solo un'arma, ma anche un trofeo molto ambito dai soldati alleati e dai partigiani, che la consideravano un bottino di guerra prestigioso. Inoltre, la sua silhouette slanciata e il suo innovativo sistema meccanico hanno lasciato un segno indelebile nell'immaginario collettivo. Ancora oggi \u00e8 considerata una delle pistole pi\u00f9 leggendarie del XX secolo. Grazie a Denix, questa replica nichelata permette ai collezionisti e agli appassionati di militaria di avvicinarsi a un pezzo di questa storia militare imprescindibile.<\/p>\n<h2>Un tuffo nel cuore della Seconda Guerra Mondiale con Denix<\/h2>\n<p>Il nostro negozio R\u00e9plique Manga Cin\u00e9 offre molto di pi\u00f9 del famoso <strong>Luger P08 Parabellum nichelato<\/strong>. Offriamo un'ampia gamma di riproduzioni Denix relative alla Seconda Guerra Mondiale. Quando si tratta di armi tedesche, troverete l'essenziale... <a href=\"https:\/\/repliquemangacine.fr\/it\/denix\/mitragliatrice-subacquea-mp40\/\">MP40<\/a>la pistola mitragliatrice ampiamente utilizzata dalla Wehrmacht. Oltre alla leggendaria <a href=\"https:\/\/repliquemangacine.fr\/it\/riproduzione-armi-seconda-guerra-mondiale-denix\/mg34-maschinengewehr-34\/\">Mitragliatrice MG34<\/a>, la prima arma automatica moderna adottata in massa dall'esercito tedesco.<\/p>\n<p>Per quanto riguarda gli alleati, proponiamo anche riproduzioni di armi iconiche come il <a href=\"https:\/\/repliquemangacine.fr\/it\/riproduzione-armi-seconda-guerra-mondiale-denix\/m1-garand-patine-vieilli-denix\/\" target=\"_blank\" rel=\"noopener noreferrer\">Fucile Garand M1<\/a> in versione patinata e invecchiata, utilizzata dall'esercito americano, o la pistola automatica <a href=\"https:\/\/repliquemangacine.fr\/it\/riproduzione-armi-seconda-guerra-mondiale-denix\/pistola-automatica-m1911a1-con-patina-e-finitura-antica\/\" target=\"_blank\" rel=\"noopener noreferrer\">M1911A1<\/a>in diverse versioni. Gli appassionati di storia militare britannica apprezzeranno la <a href=\"https:\/\/repliquemangacine.fr\/it\/riproduzione-armi-seconda-guerra-mondiale-denix\/fucile-inglese-lee-enfield-smle-mark-iii\/\" target=\"_blank\" rel=\"noopener noreferrer\">Fucile Lee-Enfield SMLE Mark III<\/a>l'arma principale delle forze armate del Regno Unito. Ogni replica Denix combina un'impressionante attenzione ai dettagli con una qualit\u00e0 costruttiva esemplare. Offriamo una scelta molto ampia di repliche militari. Offriamo ai collezionisti un viaggio coinvolgente nella storia del XX secolo.<\/p>","protected":false},"excerpt":{"rendered":"<p>Superba riproduzione della pistola Luger P08 Parabellum nichelata di Denix.<\/p>\n<ul>\n<li>Struttura in metallo cromato lucido<\/li>\n<li>Piastre di supporto in ABS stampate<\/li>\n<li>Meccanismo funzionale per simulare il carico e lo sparo<\/li>\n<li>Caricabatterie rimovibile<\/li>\n<li>Non \u00e8 richiesta alcuna autorizzazione. Vendita e possesso gratuiti.<\/li>\n<li>Lunghezza totale: 25,5 cm - Peso: 975 gr<\/li>\n<\/ul>","protected":false},"featured_media":87783,"template":"","meta":[],"product_brand":[896],"product_cat":[102,54,40,76],"product_tag":[],"class_list":{"0":"post-87782","1":"product","2":"type-product","3":"status-publish","4":"has-post-thumbnail","6":"product_brand-replique-manga-cine","7":"product_cat-denix","8":"product_cat-armes-accessoires-guerre-mondiale","9":"product_cat-pistolet-moderne","10":"product_cat-reproductions-armes-seconde-guerre-mondiale-denix","12":"first","13":"instock","14":"taxable","15":"shipping-taxable","16":"purchasable","17":"product-type-simple"},"yoast_head":"<!-- This site is optimized with the Yoast SEO plugin v27.4 - https:\/\/yoast.com\/product\/yoast-seo-wordpress\/ -->\n<title>Luger P08 Parabellum Nickel\u00e9 - R\u00e9plique Manga Cin\u00e9<\/title>\n<meta name=\"description\" content=\"R\u00e9plique du Luger P08 Parabellum Nickel\u00e9. Arme allemande mythique, chrome brillant, m\u00e9canisme fonctionnel. Collection militaire Seconde Guerre mondiale.\" \/>\n<meta name=\"robots\" content=\"index, follow, max-snippet:-1, max-image-preview:large, max-video-preview:-1\" \/>\n<link rel=\"canonical\" href=\"https:\/\/repliquemangacine.fr\/it\/riproduzione-armi-seconda-guerra-mondiale-denix\/luger-p08-parabellum-nickele\/\" \/>\n<meta property=\"og:locale\" content=\"it_IT\" \/>\n<meta property=\"og:type\" content=\"article\" \/>\n<meta property=\"og:title\" content=\"Luger P08 Parabellum Nickel\u00e9 - R\u00e9plique Manga Cin\u00e9\" \/>\n<meta property=\"og:description\" content=\"R\u00e9plique du Luger P08 Parabellum Nickel\u00e9. Arme allemande mythique, chrome brillant, m\u00e9canisme fonctionnel. Collection militaire Seconde Guerre mondiale.\" \/>\n<meta property=\"og:url\" content=\"https:\/\/repliquemangacine.fr\/it\/riproduzione-armi-seconda-guerra-mondiale-denix\/luger-p08-parabellum-nickele\/\" \/>\n<meta property=\"og:site_name\" content=\"R\u00e9plique Manga Cin\u00e9\" \/>\n<meta property=\"article:publisher\" content=\"https:\/\/www.facebook.com\/RepliqueMangaCine\" \/>\n<meta property=\"article:modified_time\" content=\"2026-02-19T10:28:54+00:00\" \/>\n<meta property=\"og:image\" content=\"https:\/\/repliquemangacine.fr\/wp-content\/uploads\/2025\/08\/Luger-P08-Parabellum-Nickele-Denix.jpg\" \/>\n\t<meta property=\"og:image:width\" content=\"700\" \/>\n\t<meta property=\"og:image:height\" content=\"700\" \/>\n\t<meta property=\"og:image:type\" content=\"image\/jpeg\" \/>\n<meta name=\"twitter:card\" content=\"summary_large_image\" \/>\n<meta name=\"twitter:label1\" content=\"Tempo di lettura stimato\" \/>\n\t<meta name=\"twitter:data1\" content=\"3 minuti\" \/>\n<script type=\"application\/ld+json\" class=\"yoast-schema-graph\">{\"@context\":\"https:\\\/\\\/schema.org\",\"@graph\":[{\"@type\":\"WebPage\",\"@id\":\"https:\\\/\\\/repliquemangacine.fr\\\/reproductions-armes-seconde-guerre-mondiale-denix\\\/luger-p08-parabellum-nickele\\\/\",\"url\":\"https:\\\/\\\/repliquemangacine.fr\\\/reproductions-armes-seconde-guerre-mondiale-denix\\\/luger-p08-parabellum-nickele\\\/\",\"name\":\"Luger P08 Parabellum Nickel\u00e9 - R\u00e9plique Manga Cin\u00e9\",\"isPartOf\":{\"@id\":\"https:\\\/\\\/repliquemangacine.fr\\\/#website\"},\"primaryImageOfPage\":{\"@id\":\"https:\\\/\\\/repliquemangacine.fr\\\/reproductions-armes-seconde-guerre-mondiale-denix\\\/luger-p08-parabellum-nickele\\\/#primaryimage\"},\"image\":{\"@id\":\"https:\\\/\\\/repliquemangacine.fr\\\/reproductions-armes-seconde-guerre-mondiale-denix\\\/luger-p08-parabellum-nickele\\\/#primaryimage\"},\"thumbnailUrl\":\"https:\\\/\\\/repliquemangacine.fr\\\/wp-content\\\/uploads\\\/2025\\\/08\\\/Luger-P08-Parabellum-Nickele-Denix.jpg\",\"datePublished\":\"2025-08-26T17:53:41+00:00\",\"dateModified\":\"2026-02-19T10:28:54+00:00\",\"description\":\"R\u00e9plique du Luger P08 Parabellum Nickel\u00e9. Arme allemande mythique, chrome brillant, m\u00e9canisme fonctionnel. Collection militaire Seconde Guerre mondiale.\",\"breadcrumb\":{\"@id\":\"https:\\\/\\\/repliquemangacine.fr\\\/reproductions-armes-seconde-guerre-mondiale-denix\\\/luger-p08-parabellum-nickele\\\/#breadcrumb\"},\"inLanguage\":\"it-IT\",\"potentialAction\":[{\"@type\":\"ReadAction\",\"target\":[\"https:\\\/\\\/repliquemangacine.fr\\\/reproductions-armes-seconde-guerre-mondiale-denix\\\/luger-p08-parabellum-nickele\\\/\"]}]},{\"@type\":\"ImageObject\",\"inLanguage\":\"it-IT\",\"@id\":\"https:\\\/\\\/repliquemangacine.fr\\\/reproductions-armes-seconde-guerre-mondiale-denix\\\/luger-p08-parabellum-nickele\\\/#primaryimage\",\"url\":\"https:\\\/\\\/repliquemangacine.fr\\\/wp-content\\\/uploads\\\/2025\\\/08\\\/Luger-P08-Parabellum-Nickele-Denix.jpg\",\"contentUrl\":\"https:\\\/\\\/repliquemangacine.fr\\\/wp-content\\\/uploads\\\/2025\\\/08\\\/Luger-P08-Parabellum-Nickele-Denix.jpg\",\"width\":700,\"height\":700,\"caption\":\"Luger P08 Parabellum Nickel\u00e9 Denix\"},{\"@type\":\"BreadcrumbList\",\"@id\":\"https:\\\/\\\/repliquemangacine.fr\\\/reproductions-armes-seconde-guerre-mondiale-denix\\\/luger-p08-parabellum-nickele\\\/#breadcrumb\",\"itemListElement\":[{\"@type\":\"ListItem\",\"position\":1,\"name\":\"Accueil\",\"item\":\"https:\\\/\\\/repliquemangacine.fr\\\/\"},{\"@type\":\"ListItem\",\"position\":2,\"name\":\"Produits\",\"item\":\"https:\\\/\\\/repliquemangacine.fr\\\/boutique\\\/\"},{\"@type\":\"ListItem\",\"position\":3,\"name\":\"Luger P08 Parabellum Nickel\u00e9\"}]},{\"@type\":\"WebSite\",\"@id\":\"https:\\\/\\\/repliquemangacine.fr\\\/#website\",\"url\":\"https:\\\/\\\/repliquemangacine.fr\\\/\",\"name\":\"R\u00e9plique Manga Cin\u00e9\",\"description\":\"\",\"publisher\":{\"@id\":\"https:\\\/\\\/repliquemangacine.fr\\\/#organization\"},\"potentialAction\":[{\"@type\":\"SearchAction\",\"target\":{\"@type\":\"EntryPoint\",\"urlTemplate\":\"https:\\\/\\\/repliquemangacine.fr\\\/?s={search_term_string}\"},\"query-input\":{\"@type\":\"PropertyValueSpecification\",\"valueRequired\":true,\"valueName\":\"search_term_string\"}}],\"inLanguage\":\"it-IT\"},{\"@type\":\"Organization\",\"@id\":\"https:\\\/\\\/repliquemangacine.fr\\\/#organization\",\"name\":\"R\u00e9plique Manga Cin\u00e9\",\"url\":\"https:\\\/\\\/repliquemangacine.fr\\\/\",\"logo\":{\"@type\":\"ImageObject\",\"inLanguage\":\"it-IT\",\"@id\":\"https:\\\/\\\/repliquemangacine.fr\\\/#\\\/schema\\\/logo\\\/image\\\/\",\"url\":\"https:\\\/\\\/repliquemangacine.fr\\\/wp-content\\\/uploads\\\/2023\\\/10\\\/RMC-500250.png\",\"contentUrl\":\"https:\\\/\\\/repliquemangacine.fr\\\/wp-content\\\/uploads\\\/2023\\\/10\\\/RMC-500250.png\",\"width\":500,\"height\":250,\"caption\":\"R\u00e9plique Manga Cin\u00e9\"},\"image\":{\"@id\":\"https:\\\/\\\/repliquemangacine.fr\\\/#\\\/schema\\\/logo\\\/image\\\/\"},\"sameAs\":[\"https:\\\/\\\/www.facebook.com\\\/RepliqueMangaCine\",\"https:\\\/\\\/www.instagram.com\\\/repliquemangacine.fr\\\/\"]}]}<\/script>\n<!-- \/ Yoast SEO plugin. -->","yoast_head_json":{"title":"Luger P08 Parabellum nichelato - R\u00e9plique Manga Cin\u00e9","description":"Replica della Luger P08 Parabellum nichelata. Mitica arma tedesca, cromata lucida, meccanismo funzionante. Collezione militare della Seconda Guerra Mondiale.","robots":{"index":"index","follow":"follow","max-snippet":"max-snippet:-1","max-image-preview":"max-image-preview:large","max-video-preview":"max-video-preview:-1"},"canonical":"https:\/\/repliquemangacine.fr\/it\/riproduzione-armi-seconda-guerra-mondiale-denix\/luger-p08-parabellum-nickele\/","og_locale":"it_IT","og_type":"article","og_title":"Luger P08 Parabellum Nickel\u00e9 - R\u00e9plique Manga Cin\u00e9","og_description":"R\u00e9plique du Luger P08 Parabellum Nickel\u00e9. Arme allemande mythique, chrome brillant, m\u00e9canisme fonctionnel. Collection militaire Seconde Guerre mondiale.","og_url":"https:\/\/repliquemangacine.fr\/it\/riproduzione-armi-seconda-guerra-mondiale-denix\/luger-p08-parabellum-nickele\/","og_site_name":"R\u00e9plique Manga Cin\u00e9","article_publisher":"https:\/\/www.facebook.com\/RepliqueMangaCine","article_modified_time":"2026-02-19T10:28:54+00:00","og_image":[{"width":700,"height":700,"url":"https:\/\/repliquemangacine.fr\/wp-content\/uploads\/2025\/08\/Luger-P08-Parabellum-Nickele-Denix.jpg","type":"image\/jpeg"}],"twitter_card":"summary_large_image","twitter_misc":{"Tempo di lettura stimato":"3 minuti"},"schema":{"@context":"https:\/\/schema.org","@graph":[{"@type":"WebPage","@id":"https:\/\/repliquemangacine.fr\/reproductions-armes-seconde-guerre-mondiale-denix\/luger-p08-parabellum-nickele\/","url":"https:\/\/repliquemangacine.fr\/reproductions-armes-seconde-guerre-mondiale-denix\/luger-p08-parabellum-nickele\/","name":"Luger P08 Parabellum nichelato - R\u00e9plique Manga Cin\u00e9","isPartOf":{"@id":"https:\/\/repliquemangacine.fr\/#website"},"primaryImageOfPage":{"@id":"https:\/\/repliquemangacine.fr\/reproductions-armes-seconde-guerre-mondiale-denix\/luger-p08-parabellum-nickele\/#primaryimage"},"image":{"@id":"https:\/\/repliquemangacine.fr\/reproductions-armes-seconde-guerre-mondiale-denix\/luger-p08-parabellum-nickele\/#primaryimage"},"thumbnailUrl":"https:\/\/repliquemangacine.fr\/wp-content\/uploads\/2025\/08\/Luger-P08-Parabellum-Nickele-Denix.jpg","datePublished":"2025-08-26T17:53:41+00:00","dateModified":"2026-02-19T10:28:54+00:00","description":"Replica della Luger P08 Parabellum nichelata. Mitica arma tedesca, cromata lucida, meccanismo funzionante. Collezione militare della Seconda Guerra Mondiale.","breadcrumb":{"@id":"https:\/\/repliquemangacine.fr\/reproductions-armes-seconde-guerre-mondiale-denix\/luger-p08-parabellum-nickele\/#breadcrumb"},"inLanguage":"it-IT","potentialAction":[{"@type":"ReadAction","target":["https:\/\/repliquemangacine.fr\/reproductions-armes-seconde-guerre-mondiale-denix\/luger-p08-parabellum-nickele\/"]}]},{"@type":"ImageObject","inLanguage":"it-IT","@id":"https:\/\/repliquemangacine.fr\/reproductions-armes-seconde-guerre-mondiale-denix\/luger-p08-parabellum-nickele\/#primaryimage","url":"https:\/\/repliquemangacine.fr\/wp-content\/uploads\/2025\/08\/Luger-P08-Parabellum-Nickele-Denix.jpg","contentUrl":"https:\/\/repliquemangacine.fr\/wp-content\/uploads\/2025\/08\/Luger-P08-Parabellum-Nickele-Denix.jpg","width":700,"height":700,"caption":"Luger P08 Parabellum Nickel\u00e9 Denix"},{"@type":"BreadcrumbList","@id":"https:\/\/repliquemangacine.fr\/reproductions-armes-seconde-guerre-mondiale-denix\/luger-p08-parabellum-nickele\/#breadcrumb","itemListElement":[{"@type":"ListItem","position":1,"name":"Accueil","item":"https:\/\/repliquemangacine.fr\/"},{"@type":"ListItem","position":2,"name":"Produits","item":"https:\/\/repliquemangacine.fr\/boutique\/"},{"@type":"ListItem","position":3,"name":"Luger P08 Parabellum Nickel\u00e9"}]},{"@type":"WebSite","@id":"https:\/\/repliquemangacine.fr\/#website","url":"https:\/\/repliquemangacine.fr\/","name":"R\u00e9plique Manga Cin\u00e9","description":"","publisher":{"@id":"https:\/\/repliquemangacine.fr\/#organization"},"potentialAction":[{"@type":"SearchAction","target":{"@type":"EntryPoint","urlTemplate":"https:\/\/repliquemangacine.fr\/?s={search_term_string}"},"query-input":{"@type":"PropertyValueSpecification","valueRequired":true,"valueName":"search_term_string"}}],"inLanguage":"it-IT"},{"@type":"Organization","@id":"https:\/\/repliquemangacine.fr\/#organization","name":"R\u00e9plique Manga Cin\u00e9","url":"https:\/\/repliquemangacine.fr\/","logo":{"@type":"ImageObject","inLanguage":"it-IT","@id":"https:\/\/repliquemangacine.fr\/#\/schema\/logo\/image\/","url":"https:\/\/repliquemangacine.fr\/wp-content\/uploads\/2023\/10\/RMC-500250.png","contentUrl":"https:\/\/repliquemangacine.fr\/wp-content\/uploads\/2023\/10\/RMC-500250.png","width":500,"height":250,"caption":"R\u00e9plique Manga Cin\u00e9"},"image":{"@id":"https:\/\/repliquemangacine.fr\/#\/schema\/logo\/image\/"},"sameAs":["https:\/\/www.facebook.com\/RepliqueMangaCine","https:\/\/www.instagram.com\/repliquemangacine.fr\/"]}]}},"_links":{"self":[{"href":"https:\/\/repliquemangacine.fr\/it\/wp-json\/wp\/v2\/product\/87782","targetHints":{"allow":["GET"]}}],"collection":[{"href":"https:\/\/repliquemangacine.fr\/it\/wp-json\/wp\/v2\/product"}],"about":[{"href":"https:\/\/repliquemangacine.fr\/it\/wp-json\/wp\/v2\/types\/product"}],"wp:featuredmedia":[{"embeddable":true,"href":"https:\/\/repliquemangacine.fr\/it\/wp-json\/wp\/v2\/media\/87783"}],"wp:attachment":[{"href":"https:\/\/repliquemangacine.fr\/it\/wp-json\/wp\/v2\/media?parent=87782"}],"wp:term":[{"taxonomy":"product_brand","embeddable":true,"href":"https:\/\/repliquemangacine.fr\/it\/wp-json\/wp\/v2\/product_brand?post=87782"},{"taxonomy":"product_cat","embeddable":true,"href":"https:\/\/repliquemangacine.fr\/it\/wp-json\/wp\/v2\/product_cat?post=87782"},{"taxonomy":"product_tag","embeddable":true,"href":"https:\/\/repliquemangacine.fr\/it\/wp-json\/wp\/v2\/product_tag?post=87782"}],"curies":[{"name":"wp","href":"https:\/\/api.w.org\/{rel}","templated":true}]}}