





{"id":87240,"date":"2025-08-10T16:02:50","date_gmt":"2025-08-10T14:02:50","guid":{"rendered":"https:\/\/repliquemangacine.fr\/?post_type=product&#038;p=87240"},"modified":"2025-11-12T23:25:21","modified_gmt":"2025-11-12T22:25:21","slug":"spada-elfica-di-thranduil-lo-hobbit","status":"publish","type":"product","link":"https:\/\/repliquemangacine.fr\/it\/epees-the-hobbit\/epee-elfique-thranduil-the-hobbit-sabre-elfique\/","title":{"rendered":"Spada elfica Thranduil - Lo Hobbit"},"content":{"rendered":"<h2>Spada elfica Thranduil: una replica eccezionale<\/h2>\n<p>Innanzitutto, la spada elfica Thranduil incarna alla perfezione l'eleganza e la potenza di questo sovrano carismatico. Conquista immediatamente per il suo design raffinato e la qualit\u00e0 della sua fattura. Forgiata in puro stile elfico, quest'arma si distingue per la sua lama in acciaio inossidabile. Finemente incisa con motivi ispirati alle foglie, testimonia il profondo legame tra gli Elfi e la natura. Sulla parte superiore, un inserto in ABS dalla forma specifica ne rafforza l'aspetto unico. L'impugnatura in ABS stampato, impreziosita da eleganti decorazioni, garantisce una presa confortevole e sublima l'estetica generale.<\/p>\n<p>Ogni dettaglio riflette l'artigianato elfico. Viene fornita con un supporto da parete in legno decorato, ideale per esporre con orgoglio questa arma emblematica nella vostra casa. Come replica, questa spada affascina sia i collezionisti che gli appassionati dell'universo di Tolkien. Diventa rapidamente un pezzo forte, da esporre con orgoglio in una casa, in un ufficio o in una sala dedicata al fantasy.<\/p>\n<h2>L'arma emblematica di re Thranduil ne Lo Hobbit<\/h2>\n<p>Per cominciare, Thranduil Fogliaverde \u00e8 un Elfo Sinda, re del Regno Silvestre e padre di Legolas. \u00c8 figlio di Oropher, primo re degli Elfi della Foresta Nera nella Seconda Era. Nel 3434 della Seconda Era combatte al suo fianco nella battaglia di Dagorlad. Oropher perde la vita, rendendo Thranduil il nuovo re degli Elfi di Bosco Verde il Grande.<\/p>\n<p>Nella trilogia Lo Hobbit, il re Thranduil maneggia questa spada con disarmante facilit\u00e0, unendo rapidit\u00e0 e precisione per sconfiggere i suoi nemici. Inoltre, il suo design essenziale ma ricco di dettagli riflette il perfetto equilibrio tra grazia e letalit\u00e0. Simbolo di potere e nobilt\u00e0, incarna l'autorit\u00e0 e la raffinatezza del sovrano degli Elfi della Foresta Nera. Il suo design slanciato e le sue delicate incisioni richiamano l'eredit\u00e0 e la tradizione dei guerrieri elfici. <br class=\"yoast-text-mark\" \/>In conclusione, possedere questa replica non significa solo celebrare un momento fondamentale nel mondo dell'orologeria. <a href=\"https:\/\/lotr.fandom.com\/fr\/wiki\/J._R._R._Tolkien\" target=\"_blank\" rel=\"noopener noreferrer\">Tolkien<\/a>Ma \u00e8 anche un omaggio a uno dei personaggi pi\u00f9 carismatici della saga.<\/p>\n<h2>Altre armi elfiche disponibili su R\u00e9plique Manga Cin\u00e9<\/h2>\n<p>Da R\u00e9plique Manga Cin\u00e9, la magia delle Terre di Mezzo prende vita con la nostra collezione unica di armi elfiche e leggendarie. Oltre all'elegante spada di Thranduil, scoprite la <a href=\"https:\/\/repliquemangacine.fr\/it\/le-spade-dello-hobbit\/pugnali-tauriel-lo-hobbit\/\" target=\"_blank\" rel=\"noopener noreferrer\">Pugnali di Tauriel<\/a>veloce e affilata come un rasoio. C'\u00e8 anche l'impressionante<a href=\"https:\/\/repliquemangacine.fr\/it\/le-spade-dello-hobbit\/spada-orcrist-spada-thorin\/\" target=\"_blank\" rel=\"noopener noreferrer\"> La spada orchesca di Thorin<\/a> con il suo stile nano unico. Troverete anche il<a href=\"https:\/\/repliquemangacine.fr\/it\/le-spade-dello-hobbit\/spada-di-kili-lo-hobbit\/\" target=\"_blank\" rel=\"noopener noreferrer\">Spada Kili<\/a> e il<a href=\"https:\/\/repliquemangacine.fr\/it\/le-spade-dello-hobbit\/bardo-la-spada-dello-hobbit\/\" target=\"_blank\" rel=\"noopener noreferrer\">Spada del bardo<\/a>, entrambe ricche di storia e coraggio.<\/p>\n<p>Ogni replica si distingue per le finiture accurate, le incisioni ispirate alla natura e i materiali di alta qualit\u00e0. Offrendo ad ogni collezionista un oggetto degno delle pi\u00f9 grandi leggende. Grazie al loro perfetto equilibrio e alle loro linee aggraziate, queste armi non sono solo decorative: incarnano l'eredit\u00e0, l'artigianato e la forza degli eroi della Terra di Mezzo.<\/p>","protected":false},"excerpt":{"rendered":"<p>Superba replica della spada elfica di Thranduil nella trilogia de Lo Hobbit<\/p>\n<ul>\n<li>Lama in acciaio inox 440 con incisione<\/li>\n<li>Inserto in ABS appositamente sagomato sulla parte superiore della lama<\/li>\n<li>Manico in ABS stampato e decorato con incisioni dorate.<\/li>\n<li>Fornito con un supporto in legno decorato.<\/li>\n<li>Lunghezza lama: 75,5 cm - Lunghezza totale: 100 cm<\/li>\n<\/ul>","protected":false},"featured_media":87245,"template":"","meta":[],"product_brand":[896],"product_cat":[69,35],"product_tag":[],"class_list":{"0":"post-87240","1":"product","2":"type-product","3":"status-publish","4":"has-post-thumbnail","6":"product_brand-replique-manga-cine","7":"product_cat-epees-the-hobbit","8":"product_cat-epee-et-bijoux-the-hobbit","10":"first","11":"instock","12":"taxable","13":"shipping-taxable","14":"purchasable","15":"product-type-simple"},"yoast_head":"<!-- This site is optimized with the Yoast SEO plugin v27.4 - https:\/\/yoast.com\/product\/yoast-seo-wordpress\/ -->\n<title>\u00c9p\u00e9e Elfique Thranduil \u2013 The Hobbit - R\u00e9plique Manga Cin\u00e9<\/title>\n<meta name=\"description\" content=\"\u00c9p\u00e9e Elfique Thranduil verion luxe en acier grav\u00e9, inspir\u00e9e de The Hobbit. \u00c9l\u00e9gance elfique, d\u00e9tails soign\u00e9s et support mural d\u00e9cor\u00e9 inclus.\" \/>\n<meta name=\"robots\" content=\"index, follow, max-snippet:-1, max-image-preview:large, max-video-preview:-1\" \/>\n<link rel=\"canonical\" href=\"https:\/\/repliquemangacine.fr\/it\/le-spade-dello-hobbit\/spada-elfica-di-thranduil-lo-hobbit\/\" \/>\n<meta property=\"og:locale\" content=\"it_IT\" \/>\n<meta property=\"og:type\" content=\"article\" \/>\n<meta property=\"og:title\" content=\"\u00c9p\u00e9e Elfique Thranduil \u2013 The Hobbit - R\u00e9plique Manga Cin\u00e9\" \/>\n<meta property=\"og:description\" content=\"\u00c9p\u00e9e Elfique Thranduil verion luxe en acier grav\u00e9, inspir\u00e9e de The Hobbit. \u00c9l\u00e9gance elfique, d\u00e9tails soign\u00e9s et support mural d\u00e9cor\u00e9 inclus.\" \/>\n<meta property=\"og:url\" content=\"https:\/\/repliquemangacine.fr\/it\/le-spade-dello-hobbit\/spada-elfica-di-thranduil-lo-hobbit\/\" \/>\n<meta property=\"og:site_name\" content=\"R\u00e9plique Manga Cin\u00e9\" \/>\n<meta property=\"article:publisher\" content=\"https:\/\/www.facebook.com\/RepliqueMangaCine\" \/>\n<meta property=\"article:modified_time\" content=\"2025-11-12T22:25:21+00:00\" \/>\n<meta property=\"og:image\" content=\"https:\/\/repliquemangacine.fr\/wp-content\/uploads\/2025\/08\/Epee-Elfe-Thranduil.jpg\" \/>\n\t<meta property=\"og:image:width\" content=\"700\" \/>\n\t<meta property=\"og:image:height\" content=\"700\" \/>\n\t<meta property=\"og:image:type\" content=\"image\/jpeg\" \/>\n<meta name=\"twitter:card\" content=\"summary_large_image\" \/>\n<meta name=\"twitter:label1\" content=\"Tempo di lettura stimato\" \/>\n\t<meta name=\"twitter:data1\" content=\"3 minuti\" \/>\n<script type=\"application\/ld+json\" class=\"yoast-schema-graph\">{\"@context\":\"https:\\\/\\\/schema.org\",\"@graph\":[{\"@type\":\"WebPage\",\"@id\":\"https:\\\/\\\/repliquemangacine.fr\\\/epees-the-hobbit\\\/epee-elfique-thranduil-the-hobbit-sabre-elfique\\\/\",\"url\":\"https:\\\/\\\/repliquemangacine.fr\\\/epees-the-hobbit\\\/epee-elfique-thranduil-the-hobbit-sabre-elfique\\\/\",\"name\":\"\u00c9p\u00e9e Elfique Thranduil \u2013 The Hobbit - R\u00e9plique Manga Cin\u00e9\",\"isPartOf\":{\"@id\":\"https:\\\/\\\/repliquemangacine.fr\\\/#website\"},\"primaryImageOfPage\":{\"@id\":\"https:\\\/\\\/repliquemangacine.fr\\\/epees-the-hobbit\\\/epee-elfique-thranduil-the-hobbit-sabre-elfique\\\/#primaryimage\"},\"image\":{\"@id\":\"https:\\\/\\\/repliquemangacine.fr\\\/epees-the-hobbit\\\/epee-elfique-thranduil-the-hobbit-sabre-elfique\\\/#primaryimage\"},\"thumbnailUrl\":\"https:\\\/\\\/repliquemangacine.fr\\\/wp-content\\\/uploads\\\/2025\\\/08\\\/Epee-Elfe-Thranduil.jpg\",\"datePublished\":\"2025-08-10T14:02:50+00:00\",\"dateModified\":\"2025-11-12T22:25:21+00:00\",\"description\":\"\u00c9p\u00e9e Elfique Thranduil verion luxe en acier grav\u00e9, inspir\u00e9e de The Hobbit. \u00c9l\u00e9gance elfique, d\u00e9tails soign\u00e9s et support mural d\u00e9cor\u00e9 inclus.\",\"breadcrumb\":{\"@id\":\"https:\\\/\\\/repliquemangacine.fr\\\/epees-the-hobbit\\\/epee-elfique-thranduil-the-hobbit-sabre-elfique\\\/#breadcrumb\"},\"inLanguage\":\"it-IT\",\"potentialAction\":[{\"@type\":\"ReadAction\",\"target\":[\"https:\\\/\\\/repliquemangacine.fr\\\/epees-the-hobbit\\\/epee-elfique-thranduil-the-hobbit-sabre-elfique\\\/\"]}]},{\"@type\":\"ImageObject\",\"inLanguage\":\"it-IT\",\"@id\":\"https:\\\/\\\/repliquemangacine.fr\\\/epees-the-hobbit\\\/epee-elfique-thranduil-the-hobbit-sabre-elfique\\\/#primaryimage\",\"url\":\"https:\\\/\\\/repliquemangacine.fr\\\/wp-content\\\/uploads\\\/2025\\\/08\\\/Epee-Elfe-Thranduil.jpg\",\"contentUrl\":\"https:\\\/\\\/repliquemangacine.fr\\\/wp-content\\\/uploads\\\/2025\\\/08\\\/Epee-Elfe-Thranduil.jpg\",\"width\":700,\"height\":700,\"caption\":\"\u00c9p\u00e9e Elfique Thranduil-The Hobbit\"},{\"@type\":\"BreadcrumbList\",\"@id\":\"https:\\\/\\\/repliquemangacine.fr\\\/epees-the-hobbit\\\/epee-elfique-thranduil-the-hobbit-sabre-elfique\\\/#breadcrumb\",\"itemListElement\":[{\"@type\":\"ListItem\",\"position\":1,\"name\":\"Accueil\",\"item\":\"https:\\\/\\\/repliquemangacine.fr\\\/\"},{\"@type\":\"ListItem\",\"position\":2,\"name\":\"Produits\",\"item\":\"https:\\\/\\\/repliquemangacine.fr\\\/boutique\\\/\"},{\"@type\":\"ListItem\",\"position\":3,\"name\":\"\u00c9p\u00e9e Elfique Thranduil \u2013 The Hobbit\"}]},{\"@type\":\"WebSite\",\"@id\":\"https:\\\/\\\/repliquemangacine.fr\\\/#website\",\"url\":\"https:\\\/\\\/repliquemangacine.fr\\\/\",\"name\":\"R\u00e9plique Manga Cin\u00e9\",\"description\":\"\",\"publisher\":{\"@id\":\"https:\\\/\\\/repliquemangacine.fr\\\/#organization\"},\"potentialAction\":[{\"@type\":\"SearchAction\",\"target\":{\"@type\":\"EntryPoint\",\"urlTemplate\":\"https:\\\/\\\/repliquemangacine.fr\\\/?s={search_term_string}\"},\"query-input\":{\"@type\":\"PropertyValueSpecification\",\"valueRequired\":true,\"valueName\":\"search_term_string\"}}],\"inLanguage\":\"it-IT\"},{\"@type\":\"Organization\",\"@id\":\"https:\\\/\\\/repliquemangacine.fr\\\/#organization\",\"name\":\"R\u00e9plique Manga Cin\u00e9\",\"url\":\"https:\\\/\\\/repliquemangacine.fr\\\/\",\"logo\":{\"@type\":\"ImageObject\",\"inLanguage\":\"it-IT\",\"@id\":\"https:\\\/\\\/repliquemangacine.fr\\\/#\\\/schema\\\/logo\\\/image\\\/\",\"url\":\"https:\\\/\\\/repliquemangacine.fr\\\/wp-content\\\/uploads\\\/2023\\\/10\\\/RMC-500250.png\",\"contentUrl\":\"https:\\\/\\\/repliquemangacine.fr\\\/wp-content\\\/uploads\\\/2023\\\/10\\\/RMC-500250.png\",\"width\":500,\"height\":250,\"caption\":\"R\u00e9plique Manga Cin\u00e9\"},\"image\":{\"@id\":\"https:\\\/\\\/repliquemangacine.fr\\\/#\\\/schema\\\/logo\\\/image\\\/\"},\"sameAs\":[\"https:\\\/\\\/www.facebook.com\\\/RepliqueMangaCine\",\"https:\\\/\\\/www.instagram.com\\\/repliquemangacine.fr\\\/\"]}]}<\/script>\n<!-- \/ Yoast SEO plugin. -->","yoast_head_json":{"title":"Spada elfica Thranduil - Lo Hobbit - R\u00e9plique Manga Cin\u00e9","description":"Spada elfica Thranduil verion deluxe in acciaio inciso, ispirata a Lo Hobbit. Eleganza elfica, dettagli minuziosi e supporto da parete decorato incluso.","robots":{"index":"index","follow":"follow","max-snippet":"max-snippet:-1","max-image-preview":"max-image-preview:large","max-video-preview":"max-video-preview:-1"},"canonical":"https:\/\/repliquemangacine.fr\/it\/le-spade-dello-hobbit\/spada-elfica-di-thranduil-lo-hobbit\/","og_locale":"it_IT","og_type":"article","og_title":"\u00c9p\u00e9e Elfique Thranduil \u2013 The Hobbit - R\u00e9plique Manga Cin\u00e9","og_description":"\u00c9p\u00e9e Elfique Thranduil verion luxe en acier grav\u00e9, inspir\u00e9e de The Hobbit. \u00c9l\u00e9gance elfique, d\u00e9tails soign\u00e9s et support mural d\u00e9cor\u00e9 inclus.","og_url":"https:\/\/repliquemangacine.fr\/it\/le-spade-dello-hobbit\/spada-elfica-di-thranduil-lo-hobbit\/","og_site_name":"R\u00e9plique Manga Cin\u00e9","article_publisher":"https:\/\/www.facebook.com\/RepliqueMangaCine","article_modified_time":"2025-11-12T22:25:21+00:00","og_image":[{"width":700,"height":700,"url":"https:\/\/repliquemangacine.fr\/wp-content\/uploads\/2025\/08\/Epee-Elfe-Thranduil.jpg","type":"image\/jpeg"}],"twitter_card":"summary_large_image","twitter_misc":{"Tempo di lettura stimato":"3 minuti"},"schema":{"@context":"https:\/\/schema.org","@graph":[{"@type":"WebPage","@id":"https:\/\/repliquemangacine.fr\/epees-the-hobbit\/epee-elfique-thranduil-the-hobbit-sabre-elfique\/","url":"https:\/\/repliquemangacine.fr\/epees-the-hobbit\/epee-elfique-thranduil-the-hobbit-sabre-elfique\/","name":"Spada elfica Thranduil - Lo Hobbit - R\u00e9plique Manga Cin\u00e9","isPartOf":{"@id":"https:\/\/repliquemangacine.fr\/#website"},"primaryImageOfPage":{"@id":"https:\/\/repliquemangacine.fr\/epees-the-hobbit\/epee-elfique-thranduil-the-hobbit-sabre-elfique\/#primaryimage"},"image":{"@id":"https:\/\/repliquemangacine.fr\/epees-the-hobbit\/epee-elfique-thranduil-the-hobbit-sabre-elfique\/#primaryimage"},"thumbnailUrl":"https:\/\/repliquemangacine.fr\/wp-content\/uploads\/2025\/08\/Epee-Elfe-Thranduil.jpg","datePublished":"2025-08-10T14:02:50+00:00","dateModified":"2025-11-12T22:25:21+00:00","description":"Spada elfica Thranduil verion deluxe in acciaio inciso, ispirata a Lo Hobbit. Eleganza elfica, dettagli minuziosi e supporto da parete decorato incluso.","breadcrumb":{"@id":"https:\/\/repliquemangacine.fr\/epees-the-hobbit\/epee-elfique-thranduil-the-hobbit-sabre-elfique\/#breadcrumb"},"inLanguage":"it-IT","potentialAction":[{"@type":"ReadAction","target":["https:\/\/repliquemangacine.fr\/epees-the-hobbit\/epee-elfique-thranduil-the-hobbit-sabre-elfique\/"]}]},{"@type":"ImageObject","inLanguage":"it-IT","@id":"https:\/\/repliquemangacine.fr\/epees-the-hobbit\/epee-elfique-thranduil-the-hobbit-sabre-elfique\/#primaryimage","url":"https:\/\/repliquemangacine.fr\/wp-content\/uploads\/2025\/08\/Epee-Elfe-Thranduil.jpg","contentUrl":"https:\/\/repliquemangacine.fr\/wp-content\/uploads\/2025\/08\/Epee-Elfe-Thranduil.jpg","width":700,"height":700,"caption":"\u00c9p\u00e9e Elfique Thranduil-The Hobbit"},{"@type":"BreadcrumbList","@id":"https:\/\/repliquemangacine.fr\/epees-the-hobbit\/epee-elfique-thranduil-the-hobbit-sabre-elfique\/#breadcrumb","itemListElement":[{"@type":"ListItem","position":1,"name":"Accueil","item":"https:\/\/repliquemangacine.fr\/"},{"@type":"ListItem","position":2,"name":"Produits","item":"https:\/\/repliquemangacine.fr\/boutique\/"},{"@type":"ListItem","position":3,"name":"\u00c9p\u00e9e Elfique Thranduil \u2013 The Hobbit"}]},{"@type":"WebSite","@id":"https:\/\/repliquemangacine.fr\/#website","url":"https:\/\/repliquemangacine.fr\/","name":"R\u00e9plique Manga Cin\u00e9","description":"","publisher":{"@id":"https:\/\/repliquemangacine.fr\/#organization"},"potentialAction":[{"@type":"SearchAction","target":{"@type":"EntryPoint","urlTemplate":"https:\/\/repliquemangacine.fr\/?s={search_term_string}"},"query-input":{"@type":"PropertyValueSpecification","valueRequired":true,"valueName":"search_term_string"}}],"inLanguage":"it-IT"},{"@type":"Organization","@id":"https:\/\/repliquemangacine.fr\/#organization","name":"R\u00e9plique Manga Cin\u00e9","url":"https:\/\/repliquemangacine.fr\/","logo":{"@type":"ImageObject","inLanguage":"it-IT","@id":"https:\/\/repliquemangacine.fr\/#\/schema\/logo\/image\/","url":"https:\/\/repliquemangacine.fr\/wp-content\/uploads\/2023\/10\/RMC-500250.png","contentUrl":"https:\/\/repliquemangacine.fr\/wp-content\/uploads\/2023\/10\/RMC-500250.png","width":500,"height":250,"caption":"R\u00e9plique Manga Cin\u00e9"},"image":{"@id":"https:\/\/repliquemangacine.fr\/#\/schema\/logo\/image\/"},"sameAs":["https:\/\/www.facebook.com\/RepliqueMangaCine","https:\/\/www.instagram.com\/repliquemangacine.fr\/"]}]}},"_links":{"self":[{"href":"https:\/\/repliquemangacine.fr\/it\/wp-json\/wp\/v2\/product\/87240","targetHints":{"allow":["GET"]}}],"collection":[{"href":"https:\/\/repliquemangacine.fr\/it\/wp-json\/wp\/v2\/product"}],"about":[{"href":"https:\/\/repliquemangacine.fr\/it\/wp-json\/wp\/v2\/types\/product"}],"wp:featuredmedia":[{"embeddable":true,"href":"https:\/\/repliquemangacine.fr\/it\/wp-json\/wp\/v2\/media\/87245"}],"wp:attachment":[{"href":"https:\/\/repliquemangacine.fr\/it\/wp-json\/wp\/v2\/media?parent=87240"}],"wp:term":[{"taxonomy":"product_brand","embeddable":true,"href":"https:\/\/repliquemangacine.fr\/it\/wp-json\/wp\/v2\/product_brand?post=87240"},{"taxonomy":"product_cat","embeddable":true,"href":"https:\/\/repliquemangacine.fr\/it\/wp-json\/wp\/v2\/product_cat?post=87240"},{"taxonomy":"product_tag","embeddable":true,"href":"https:\/\/repliquemangacine.fr\/it\/wp-json\/wp\/v2\/product_tag?post=87240"}],"curies":[{"name":"wp","href":"https:\/\/api.w.org\/{rel}","templated":true}]}}