





{"id":87219,"date":"2025-08-09T16:21:19","date_gmt":"2025-08-09T14:21:19","guid":{"rendered":"https:\/\/repliquemangacine.fr\/?post_type=product&#038;p=87219"},"modified":"2026-02-19T11:26:55","modified_gmt":"2026-02-19T10:26:55","slug":"anello-elden-giuramento-spada","status":"publish","type":"product","link":"https:\/\/repliquemangacine.fr\/it\/elden-ring\/epee-de-serment-elden-ring\/","title":{"rendered":"Anello di Elden Spada del Giuramento"},"content":{"rendered":"<h2><strong>Spada del giuramento dell'Anello di Elden - Lama leggendaria\u00a0<\/strong><\/h2>\n<p>Prima di tutto, la spada Elden Ring Oath incarna perfettamente l'onore e la lealt\u00e0 dei cavalieri fedeli alla loro causa. Ispirata allo stile medievale e riccamente decorata. Presenta un'elsa d'oro finemente cesellata. Una lama incisa con eleganti motivi e un fodero in finta pelle marrone per un uso prestigioso. Con un design fedele al mondo del gioco Elden Ring, questa replica piacer\u00e0 ai collezionisti pi\u00f9 accaniti e agli appassionati di avventure epiche. Diventer\u00e0 rapidamente il pezzo forte di una collezione dedicata alle armi fantasy.<\/p>\n<h2>Un oggetto eccezionale per collezionisti e appassionati<\/h2>\n<p>Questa spada da giuramento \u00e8 pi\u00f9 di una semplice decorazione. Racconta una storia: la storia dei cavalieri che, in <a href=\"https:\/\/eldenring.fandom.com\/fr\/wiki\/Elden_Ring_Wiki\" target=\"_blank\" rel=\"noopener noreferrer\">Anello di Elden<\/a>Giurano fedelt\u00e0 al loro giuramento e difendono il loro onore fino all'ultimo respiro. Le sue finiture di alta gamma e i suoi dettagli autentici lo rendono ideale per abbellire qualsiasi interno. Per completare un cosplay o arricchire una collezione medieval-fantasy. Offre a ogni fan l'opportunit\u00e0 di possedere un potente simbolo di coraggio e lealt\u00e0, direttamente dall'universo oscuro e ammaliante di FromSoftware.<\/p>\n<h2>Scoprite le altre armi dell'Anello di Elden da non perdere<\/h2>\n<p>Inoltre, R\u00e9plique Manga Cin\u00e9 offre un'ampia selezione di armi iconiche dell'Anello di Elden da aggiungere alla vostra collezione. Queste includono l'eccezionale <a href=\"https:\/\/repliquemangacine.fr\/it\/anello-di-elden\/anello-elden-in-metallo-dark-moon-greatsword\/\" target=\"_blank\" rel=\"noopener noreferrer\">Spada della Luna Nera<\/a> La lama blu con incisioni floreali riflette tutta la magia e la potenza di questo gioco leggendario. Troverete anche l'impressionante <a href=\"https:\/\/repliquemangacine.fr\/it\/anello-di-elden\/spada-ad-anello-elden-con-zanna-di-segugio\/\" target=\"_blank\" rel=\"noopener noreferrer\">Spada Bloodhound Fang<\/a>. Con la sua lama curva in acciaio di alta qualit\u00e0. Impreziosita da un effetto bronzo martellato che le conferisce uno stile unico. Per gli appassionati di katane, la maestosa <a href=\"https:\/\/repliquemangacine.fr\/it\/anello-di-elden\/katana-moonveil-nellanello-elden\/\" target=\"_blank\" rel=\"noopener noreferrer\">Katana Moonveil<\/a> \u00e8 ancora una scelta imbattibile, grazie alle sue finiture meticolose e al design ispirato. Infine, gli appassionati di combattimenti intensi apprezzeranno il formidabile <a href=\"https:\/\/repliquemangacine.fr\/it\/katana-e-spada-videogiochi-altri-videogiochi\/katana-del-fiume-insanguinato\/\" target=\"_blank\" rel=\"noopener noreferrer\">Katana del fiume insanguinato<\/a>. Riconoscibile per la sua lama a forma di onda, perfetta per ricreare gli epici scontri del gioco. In questo modo, ogni pezzo diventa molto pi\u00f9 di una replica: \u00e8 una vera e propria immersione nel mondo di Elden Ring.<\/p>","protected":false},"excerpt":{"rendered":"<p>Splendida replica ispirata al gioco Elden Ring.<\/p>\n<ul>\n<li>Lama in acciaio 440 riccamente decorata<\/li>\n<li>Impugnatura e pomo in acciaio finemente decorato con doratura<\/li>\n<li>Manico rivestito in similpelle marrone<\/li>\n<li>Fornito con fodero in similpelle<\/li>\n<li>Lunghezza lama: 72 cm - Lunghezza totale: 96,5 cm<\/li>\n<li>Peso: 1220 gr<\/li>\n<\/ul>","protected":false},"featured_media":87221,"template":"","meta":[],"product_brand":[896],"product_cat":[876,84],"product_tag":[],"class_list":{"0":"post-87219","1":"product","2":"type-product","3":"status-publish","4":"has-post-thumbnail","6":"product_brand-replique-manga-cine","7":"product_cat-elden-ring","8":"product_cat-epee-templier-medievale","10":"first","11":"instock","12":"taxable","13":"shipping-taxable","14":"purchasable","15":"product-type-simple"},"yoast_head":"<!-- This site is optimized with the Yoast SEO plugin v27.5 - https:\/\/yoast.com\/product\/yoast-seo-wordpress\/ -->\n<title>\u00c9p\u00e9e de serment Elden Ring - R\u00e9plique Manga Cin\u00e9<\/title>\n<meta name=\"description\" content=\"\u00c9p\u00e9e de serment Elden Ring avec lame grav\u00e9e, garde dor\u00e9e et fourreau marron. Une r\u00e9plique d\u2019exception pour fans et collectionneurs passionn\u00e9s.\" \/>\n<meta name=\"robots\" content=\"index, follow, max-snippet:-1, max-image-preview:large, max-video-preview:-1\" \/>\n<link rel=\"canonical\" href=\"https:\/\/repliquemangacine.fr\/it\/anello-di-elden\/anello-elden-giuramento-spada\/\" \/>\n<meta property=\"og:locale\" content=\"it_IT\" \/>\n<meta property=\"og:type\" content=\"article\" \/>\n<meta property=\"og:title\" content=\"\u00c9p\u00e9e de serment Elden Ring - R\u00e9plique Manga Cin\u00e9\" \/>\n<meta property=\"og:description\" content=\"\u00c9p\u00e9e de serment Elden Ring avec lame grav\u00e9e, garde dor\u00e9e et fourreau marron. Une r\u00e9plique d\u2019exception pour fans et collectionneurs passionn\u00e9s.\" \/>\n<meta property=\"og:url\" content=\"https:\/\/repliquemangacine.fr\/it\/anello-di-elden\/anello-elden-giuramento-spada\/\" \/>\n<meta property=\"og:site_name\" content=\"R\u00e9plique Manga Cin\u00e9\" \/>\n<meta property=\"article:publisher\" content=\"https:\/\/www.facebook.com\/RepliqueMangaCine\" \/>\n<meta property=\"article:modified_time\" content=\"2026-02-19T10:26:55+00:00\" \/>\n<meta property=\"og:image\" content=\"https:\/\/repliquemangacine.fr\/wp-content\/uploads\/2025\/08\/Epee-de-serment-Elden-Ring.jpg\" \/>\n\t<meta property=\"og:image:width\" content=\"700\" \/>\n\t<meta property=\"og:image:height\" content=\"700\" \/>\n\t<meta property=\"og:image:type\" content=\"image\/jpeg\" \/>\n<meta name=\"twitter:card\" content=\"summary_large_image\" \/>\n<meta name=\"twitter:label1\" content=\"Tempo di lettura stimato\" \/>\n\t<meta name=\"twitter:data1\" content=\"2 minuti\" \/>\n<script type=\"application\/ld+json\" class=\"yoast-schema-graph\">{\"@context\":\"https:\\\/\\\/schema.org\",\"@graph\":[{\"@type\":\"WebPage\",\"@id\":\"https:\\\/\\\/repliquemangacine.fr\\\/elden-ring\\\/epee-de-serment-elden-ring\\\/\",\"url\":\"https:\\\/\\\/repliquemangacine.fr\\\/elden-ring\\\/epee-de-serment-elden-ring\\\/\",\"name\":\"\u00c9p\u00e9e de serment Elden Ring - R\u00e9plique Manga Cin\u00e9\",\"isPartOf\":{\"@id\":\"https:\\\/\\\/repliquemangacine.fr\\\/#website\"},\"primaryImageOfPage\":{\"@id\":\"https:\\\/\\\/repliquemangacine.fr\\\/elden-ring\\\/epee-de-serment-elden-ring\\\/#primaryimage\"},\"image\":{\"@id\":\"https:\\\/\\\/repliquemangacine.fr\\\/elden-ring\\\/epee-de-serment-elden-ring\\\/#primaryimage\"},\"thumbnailUrl\":\"https:\\\/\\\/repliquemangacine.fr\\\/wp-content\\\/uploads\\\/2025\\\/08\\\/Epee-de-serment-Elden-Ring.jpg\",\"datePublished\":\"2025-08-09T14:21:19+00:00\",\"dateModified\":\"2026-02-19T10:26:55+00:00\",\"description\":\"\u00c9p\u00e9e de serment Elden Ring avec lame grav\u00e9e, garde dor\u00e9e et fourreau marron. Une r\u00e9plique d\u2019exception pour fans et collectionneurs passionn\u00e9s.\",\"breadcrumb\":{\"@id\":\"https:\\\/\\\/repliquemangacine.fr\\\/elden-ring\\\/epee-de-serment-elden-ring\\\/#breadcrumb\"},\"inLanguage\":\"it-IT\",\"potentialAction\":[{\"@type\":\"ReadAction\",\"target\":[\"https:\\\/\\\/repliquemangacine.fr\\\/elden-ring\\\/epee-de-serment-elden-ring\\\/\"]}]},{\"@type\":\"ImageObject\",\"inLanguage\":\"it-IT\",\"@id\":\"https:\\\/\\\/repliquemangacine.fr\\\/elden-ring\\\/epee-de-serment-elden-ring\\\/#primaryimage\",\"url\":\"https:\\\/\\\/repliquemangacine.fr\\\/wp-content\\\/uploads\\\/2025\\\/08\\\/Epee-de-serment-Elden-Ring.jpg\",\"contentUrl\":\"https:\\\/\\\/repliquemangacine.fr\\\/wp-content\\\/uploads\\\/2025\\\/08\\\/Epee-de-serment-Elden-Ring.jpg\",\"width\":700,\"height\":700,\"caption\":\"\u00c9p\u00e9e de serment Elden Ring\"},{\"@type\":\"BreadcrumbList\",\"@id\":\"https:\\\/\\\/repliquemangacine.fr\\\/elden-ring\\\/epee-de-serment-elden-ring\\\/#breadcrumb\",\"itemListElement\":[{\"@type\":\"ListItem\",\"position\":1,\"name\":\"Accueil\",\"item\":\"https:\\\/\\\/repliquemangacine.fr\\\/\"},{\"@type\":\"ListItem\",\"position\":2,\"name\":\"Produits\",\"item\":\"https:\\\/\\\/repliquemangacine.fr\\\/boutique\\\/\"},{\"@type\":\"ListItem\",\"position\":3,\"name\":\"\u00c9p\u00e9e de serment Elden Ring\"}]},{\"@type\":\"WebSite\",\"@id\":\"https:\\\/\\\/repliquemangacine.fr\\\/#website\",\"url\":\"https:\\\/\\\/repliquemangacine.fr\\\/\",\"name\":\"R\u00e9plique Manga Cin\u00e9\",\"description\":\"\",\"publisher\":{\"@id\":\"https:\\\/\\\/repliquemangacine.fr\\\/#organization\"},\"potentialAction\":[{\"@type\":\"SearchAction\",\"target\":{\"@type\":\"EntryPoint\",\"urlTemplate\":\"https:\\\/\\\/repliquemangacine.fr\\\/?s={search_term_string}\"},\"query-input\":{\"@type\":\"PropertyValueSpecification\",\"valueRequired\":true,\"valueName\":\"search_term_string\"}}],\"inLanguage\":\"it-IT\"},{\"@type\":\"Organization\",\"@id\":\"https:\\\/\\\/repliquemangacine.fr\\\/#organization\",\"name\":\"R\u00e9plique Manga Cin\u00e9\",\"url\":\"https:\\\/\\\/repliquemangacine.fr\\\/\",\"logo\":{\"@type\":\"ImageObject\",\"inLanguage\":\"it-IT\",\"@id\":\"https:\\\/\\\/repliquemangacine.fr\\\/#\\\/schema\\\/logo\\\/image\\\/\",\"url\":\"https:\\\/\\\/repliquemangacine.fr\\\/wp-content\\\/uploads\\\/2023\\\/10\\\/RMC-500250.png\",\"contentUrl\":\"https:\\\/\\\/repliquemangacine.fr\\\/wp-content\\\/uploads\\\/2023\\\/10\\\/RMC-500250.png\",\"width\":500,\"height\":250,\"caption\":\"R\u00e9plique Manga Cin\u00e9\"},\"image\":{\"@id\":\"https:\\\/\\\/repliquemangacine.fr\\\/#\\\/schema\\\/logo\\\/image\\\/\"},\"sameAs\":[\"https:\\\/\\\/www.facebook.com\\\/RepliqueMangaCine\",\"https:\\\/\\\/www.instagram.com\\\/repliquemangacine.fr\\\/\"]}]}<\/script>\n<!-- \/ Yoast SEO plugin. -->","yoast_head_json":{"title":"Spada del giuramento dell'anello di Elden - R\u00e9plique Manga Cin\u00e9","description":"Spada da giuramento Elden Ring con lama incisa, elsa dorata e fodero marrone. Una replica eccezionale per fan e collezionisti appassionati.","robots":{"index":"index","follow":"follow","max-snippet":"max-snippet:-1","max-image-preview":"max-image-preview:large","max-video-preview":"max-video-preview:-1"},"canonical":"https:\/\/repliquemangacine.fr\/it\/anello-di-elden\/anello-elden-giuramento-spada\/","og_locale":"it_IT","og_type":"article","og_title":"\u00c9p\u00e9e de serment Elden Ring - R\u00e9plique Manga Cin\u00e9","og_description":"\u00c9p\u00e9e de serment Elden Ring avec lame grav\u00e9e, garde dor\u00e9e et fourreau marron. Une r\u00e9plique d\u2019exception pour fans et collectionneurs passionn\u00e9s.","og_url":"https:\/\/repliquemangacine.fr\/it\/anello-di-elden\/anello-elden-giuramento-spada\/","og_site_name":"R\u00e9plique Manga Cin\u00e9","article_publisher":"https:\/\/www.facebook.com\/RepliqueMangaCine","article_modified_time":"2026-02-19T10:26:55+00:00","og_image":[{"width":700,"height":700,"url":"https:\/\/repliquemangacine.fr\/wp-content\/uploads\/2025\/08\/Epee-de-serment-Elden-Ring.jpg","type":"image\/jpeg"}],"twitter_card":"summary_large_image","twitter_misc":{"Tempo di lettura stimato":"2 minuti"},"schema":{"@context":"https:\/\/schema.org","@graph":[{"@type":"WebPage","@id":"https:\/\/repliquemangacine.fr\/elden-ring\/epee-de-serment-elden-ring\/","url":"https:\/\/repliquemangacine.fr\/elden-ring\/epee-de-serment-elden-ring\/","name":"Spada del giuramento dell'anello di Elden - R\u00e9plique Manga Cin\u00e9","isPartOf":{"@id":"https:\/\/repliquemangacine.fr\/#website"},"primaryImageOfPage":{"@id":"https:\/\/repliquemangacine.fr\/elden-ring\/epee-de-serment-elden-ring\/#primaryimage"},"image":{"@id":"https:\/\/repliquemangacine.fr\/elden-ring\/epee-de-serment-elden-ring\/#primaryimage"},"thumbnailUrl":"https:\/\/repliquemangacine.fr\/wp-content\/uploads\/2025\/08\/Epee-de-serment-Elden-Ring.jpg","datePublished":"2025-08-09T14:21:19+00:00","dateModified":"2026-02-19T10:26:55+00:00","description":"Spada da giuramento Elden Ring con lama incisa, elsa dorata e fodero marrone. Una replica eccezionale per fan e collezionisti appassionati.","breadcrumb":{"@id":"https:\/\/repliquemangacine.fr\/elden-ring\/epee-de-serment-elden-ring\/#breadcrumb"},"inLanguage":"it-IT","potentialAction":[{"@type":"ReadAction","target":["https:\/\/repliquemangacine.fr\/elden-ring\/epee-de-serment-elden-ring\/"]}]},{"@type":"ImageObject","inLanguage":"it-IT","@id":"https:\/\/repliquemangacine.fr\/elden-ring\/epee-de-serment-elden-ring\/#primaryimage","url":"https:\/\/repliquemangacine.fr\/wp-content\/uploads\/2025\/08\/Epee-de-serment-Elden-Ring.jpg","contentUrl":"https:\/\/repliquemangacine.fr\/wp-content\/uploads\/2025\/08\/Epee-de-serment-Elden-Ring.jpg","width":700,"height":700,"caption":"\u00c9p\u00e9e de serment Elden Ring"},{"@type":"BreadcrumbList","@id":"https:\/\/repliquemangacine.fr\/elden-ring\/epee-de-serment-elden-ring\/#breadcrumb","itemListElement":[{"@type":"ListItem","position":1,"name":"Accueil","item":"https:\/\/repliquemangacine.fr\/"},{"@type":"ListItem","position":2,"name":"Produits","item":"https:\/\/repliquemangacine.fr\/boutique\/"},{"@type":"ListItem","position":3,"name":"\u00c9p\u00e9e de serment Elden Ring"}]},{"@type":"WebSite","@id":"https:\/\/repliquemangacine.fr\/#website","url":"https:\/\/repliquemangacine.fr\/","name":"R\u00e9plique Manga Cin\u00e9","description":"","publisher":{"@id":"https:\/\/repliquemangacine.fr\/#organization"},"potentialAction":[{"@type":"SearchAction","target":{"@type":"EntryPoint","urlTemplate":"https:\/\/repliquemangacine.fr\/?s={search_term_string}"},"query-input":{"@type":"PropertyValueSpecification","valueRequired":true,"valueName":"search_term_string"}}],"inLanguage":"it-IT"},{"@type":"Organization","@id":"https:\/\/repliquemangacine.fr\/#organization","name":"R\u00e9plique Manga Cin\u00e9","url":"https:\/\/repliquemangacine.fr\/","logo":{"@type":"ImageObject","inLanguage":"it-IT","@id":"https:\/\/repliquemangacine.fr\/#\/schema\/logo\/image\/","url":"https:\/\/repliquemangacine.fr\/wp-content\/uploads\/2023\/10\/RMC-500250.png","contentUrl":"https:\/\/repliquemangacine.fr\/wp-content\/uploads\/2023\/10\/RMC-500250.png","width":500,"height":250,"caption":"R\u00e9plique Manga Cin\u00e9"},"image":{"@id":"https:\/\/repliquemangacine.fr\/#\/schema\/logo\/image\/"},"sameAs":["https:\/\/www.facebook.com\/RepliqueMangaCine","https:\/\/www.instagram.com\/repliquemangacine.fr\/"]}]}},"_links":{"self":[{"href":"https:\/\/repliquemangacine.fr\/it\/wp-json\/wp\/v2\/product\/87219","targetHints":{"allow":["GET"]}}],"collection":[{"href":"https:\/\/repliquemangacine.fr\/it\/wp-json\/wp\/v2\/product"}],"about":[{"href":"https:\/\/repliquemangacine.fr\/it\/wp-json\/wp\/v2\/types\/product"}],"wp:featuredmedia":[{"embeddable":true,"href":"https:\/\/repliquemangacine.fr\/it\/wp-json\/wp\/v2\/media\/87221"}],"wp:attachment":[{"href":"https:\/\/repliquemangacine.fr\/it\/wp-json\/wp\/v2\/media?parent=87219"}],"wp:term":[{"taxonomy":"product_brand","embeddable":true,"href":"https:\/\/repliquemangacine.fr\/it\/wp-json\/wp\/v2\/product_brand?post=87219"},{"taxonomy":"product_cat","embeddable":true,"href":"https:\/\/repliquemangacine.fr\/it\/wp-json\/wp\/v2\/product_cat?post=87219"},{"taxonomy":"product_tag","embeddable":true,"href":"https:\/\/repliquemangacine.fr\/it\/wp-json\/wp\/v2\/product_tag?post=87219"}],"curies":[{"name":"wp","href":"https:\/\/api.w.org\/{rel}","templated":true}]}}