





{"id":87006,"date":"2025-08-01T15:37:50","date_gmt":"2025-08-01T13:37:50","guid":{"rendered":"https:\/\/repliquemangacine.fr\/?post_type=product&#038;p=87006"},"modified":"2025-11-12T23:37:55","modified_gmt":"2025-11-12T22:37:55","slug":"spada-templare-di-lusso","status":"publish","type":"product","link":"https:\/\/repliquemangacine.fr\/it\/epee-templier-medievale\/epee-des-templiers-de-luxe\/","title":{"rendered":"Spada templare deluxe"},"content":{"rendered":"<h2>\u00c9p\u00e9e des Templiers de Luxe - Una replica prestigiosa da esporre<\/h2>\n<p>Immergetevi nel mistico universo dei cavalieri con questa lussuosa Spada dei Templari, una fedele riproduzione ispirata all'iconografia medievale. Simbolo di fede, coraggio e lealt\u00e0, questo oggetto riccamente decorato incarna lo spirito dei leggendari monaci-soldati dell'Ordine del Tempio.<br \/>\nDettagli iconici e finiture di alta gamma<\/p>\n<p>Questa spada si distingue per la sua guardia a forma di croce con una croce patente rossa, emblema tradizionale dei Templari. L'impugnatura \u00e8 ricoperta da un rivestimento rosso intenso, circondato da dettagli argentati con finiture cesellate. Il pomello rotondo \u00e8 decorato con un'incisione raffigurante due cavalieri che condividono la stessa cavalcatura, una rappresentazione emblematica dell'ordine.<\/p>\n<p>Fornito con una placca da parete a forma di scudo, decorata con un leone araldico dorato. Questo supporto rafforza l'impatto visivo della spada e consente una presentazione nobile in un interno, sia esso medievale, storico o semplicemente decorativo.<\/p>\n<h2>La leggendaria eredit\u00e0 dei Cavalieri Templari<\/h2>\n<p>Dal 12\u00b0 secolo <a href=\"https:\/\/www.templars-route.eu\/fr\/ordre-du-temple\/histoire-templiers\/\" target=\"_blank\" rel=\"noopener noreferrer\">Templari<\/a> incarnano coraggio, fede e disciplina. Infatti, questo ordine militare e religioso, fondato nel 1119, protegge i pellegrini in Terra Santa e allo stesso tempo combatte grandi battaglie durante le crociate. Grazie alla loro organizzazione esemplare, costruiscono fortezze e sviluppano una solida rete di commende in Europa. Inoltre, le loro armi, in particolare le spade riccamente decorate, diventano potenti simboli del loro potere.<\/p>\n<p>Oggi questi oggetti mitici continuano ad affascinare gli appassionati di storia medievale. Le repliche delle spade dei Templari consentono di rivivere quell'epoca leggendaria. Si distinguono per le finiture curate, le croci emblematiche e i dettagli che richiamano l'aura dei cavalieri. Possedere una spada dei Templari significa quindi aggiungere alla propria collezione un oggetto carico di storia e mistero, perfetto per decorare o completare un universo medievale.<\/p>\n<h2>Completate la vostra collezione di Templari con i nostri iconici accessori<\/h2>\n<p>Repliquemangacine offre molto di pi\u00f9 di una semplice spada per arricchire la vostra collezione di Templari. Potete optare per il <a href=\"https:\/\/repliquemangacine.fr\/it\/elmo-cavaliere-templare\/elmo-dei-cavalieri-templari\/\">Heaume dei Cavalieri Templari<\/a>Questo pezzo di grande impatto incarna il potere e l'autorit\u00e0 di questi guerrieri sacri. Inoltre, aggiungete alla vostra parete il maestoso <a href=\"https:\/\/repliquemangacine.fr\/it\/scudi-e-armature\/scudo-templare-in-metallo\/\">Scudo dei Templari<\/a>. Perfetto per mettere in risalto la vostra spada e affermare la vostra passione per la storia medievale. Per preservare la lucentezza della vostra lama a lungo termine, utilizzate il prodotto<a href=\"https:\/\/repliquemangacine.fr\/it\/armi-storiche\/olio-universale-ballistol\/\">Olio Ballistol<\/a>. Ideale per proteggere il metallo dall'ossidazione e mantenere una finitura impeccabile. In questo modo, ogni pezzo trova il suo posto in un insieme coerente, autentico e spettacolare. Infine, che siate appassionati collezionisti o amanti degli oggetti storici, questi articoli formano un trio essenziale per arricchire il vostro mondo templare.<\/p>","protected":false},"excerpt":{"rendered":"<p>Superba replica della spada dei Cavalieri Templari.<\/p>\n<ul>\n<li>Lama in acciaio inox<\/li>\n<li>Pomolo in acciaio massiccio con incisioni di due cavalieri.<\/li>\n<li>Elsa in acciaio a forma di croce con croce rossa.<\/li>\n<li>Fornito con piastra espositiva da parete in legno.<\/li>\n<li>Lunghezza lama: 90 cm - Lunghezza totale: 115 cm<\/li>\n<li>Peso: 1800 g<\/li>\n<\/ul>","protected":false},"featured_media":87008,"template":"","meta":[],"product_brand":[896],"product_cat":[84],"product_tag":[],"class_list":{"0":"post-87006","1":"product","2":"type-product","3":"status-publish","4":"has-post-thumbnail","6":"product_brand-replique-manga-cine","7":"product_cat-epee-templier-medievale","9":"first","10":"outofstock","11":"taxable","12":"shipping-taxable","13":"purchasable","14":"product-type-simple"},"yoast_head":"<!-- This site is optimized with the Yoast SEO plugin v27.4 - https:\/\/yoast.com\/product\/yoast-seo-wordpress\/ -->\n<title>\u00c9p\u00e9e des Templiers de Luxe - R\u00e9plique Manga Cin\u00e9<\/title>\n<meta name=\"description\" content=\"D\u00e9couvrez cette \u00c9p\u00e9e des Templiers de Luxe avec blason mural. D\u00e9tails historiques soign\u00e9s, croix embl\u00e9matique et finition haut de gamme. 115 cm\" \/>\n<meta name=\"robots\" content=\"index, follow, max-snippet:-1, max-image-preview:large, max-video-preview:-1\" \/>\n<link rel=\"canonical\" href=\"https:\/\/repliquemangacine.fr\/it\/spada-templare-medievale\/spada-templare-di-lusso\/\" \/>\n<meta property=\"og:locale\" content=\"it_IT\" \/>\n<meta property=\"og:type\" content=\"article\" \/>\n<meta property=\"og:title\" content=\"\u00c9p\u00e9e des Templiers de Luxe - R\u00e9plique Manga Cin\u00e9\" \/>\n<meta property=\"og:description\" content=\"D\u00e9couvrez cette \u00c9p\u00e9e des Templiers de Luxe avec blason mural. D\u00e9tails historiques soign\u00e9s, croix embl\u00e9matique et finition haut de gamme. 115 cm\" \/>\n<meta property=\"og:url\" content=\"https:\/\/repliquemangacine.fr\/it\/spada-templare-medievale\/spada-templare-di-lusso\/\" \/>\n<meta property=\"og:site_name\" content=\"R\u00e9plique Manga Cin\u00e9\" \/>\n<meta property=\"article:publisher\" content=\"https:\/\/www.facebook.com\/RepliqueMangaCine\" \/>\n<meta property=\"article:modified_time\" content=\"2025-11-12T22:37:55+00:00\" \/>\n<meta property=\"og:image\" content=\"https:\/\/repliquemangacine.fr\/wp-content\/uploads\/2025\/08\/Epee-des-Templiers-de-Luxe.jpg\" \/>\n\t<meta property=\"og:image:width\" content=\"700\" \/>\n\t<meta property=\"og:image:height\" content=\"700\" \/>\n\t<meta property=\"og:image:type\" content=\"image\/jpeg\" \/>\n<meta name=\"twitter:card\" content=\"summary_large_image\" \/>\n<meta name=\"twitter:label1\" content=\"Tempo di lettura stimato\" \/>\n\t<meta name=\"twitter:data1\" content=\"3 minuti\" \/>\n<script type=\"application\/ld+json\" class=\"yoast-schema-graph\">{\"@context\":\"https:\\\/\\\/schema.org\",\"@graph\":[{\"@type\":\"WebPage\",\"@id\":\"https:\\\/\\\/repliquemangacine.fr\\\/epee-templier-medievale\\\/epee-des-templiers-de-luxe\\\/\",\"url\":\"https:\\\/\\\/repliquemangacine.fr\\\/epee-templier-medievale\\\/epee-des-templiers-de-luxe\\\/\",\"name\":\"\u00c9p\u00e9e des Templiers de Luxe - R\u00e9plique Manga Cin\u00e9\",\"isPartOf\":{\"@id\":\"https:\\\/\\\/repliquemangacine.fr\\\/#website\"},\"primaryImageOfPage\":{\"@id\":\"https:\\\/\\\/repliquemangacine.fr\\\/epee-templier-medievale\\\/epee-des-templiers-de-luxe\\\/#primaryimage\"},\"image\":{\"@id\":\"https:\\\/\\\/repliquemangacine.fr\\\/epee-templier-medievale\\\/epee-des-templiers-de-luxe\\\/#primaryimage\"},\"thumbnailUrl\":\"https:\\\/\\\/repliquemangacine.fr\\\/wp-content\\\/uploads\\\/2025\\\/08\\\/Epee-des-Templiers-de-Luxe.jpg\",\"datePublished\":\"2025-08-01T13:37:50+00:00\",\"dateModified\":\"2025-11-12T22:37:55+00:00\",\"description\":\"D\u00e9couvrez cette \u00c9p\u00e9e des Templiers de Luxe avec blason mural. D\u00e9tails historiques soign\u00e9s, croix embl\u00e9matique et finition haut de gamme. 115 cm\",\"breadcrumb\":{\"@id\":\"https:\\\/\\\/repliquemangacine.fr\\\/epee-templier-medievale\\\/epee-des-templiers-de-luxe\\\/#breadcrumb\"},\"inLanguage\":\"it-IT\",\"potentialAction\":[{\"@type\":\"ReadAction\",\"target\":[\"https:\\\/\\\/repliquemangacine.fr\\\/epee-templier-medievale\\\/epee-des-templiers-de-luxe\\\/\"]}]},{\"@type\":\"ImageObject\",\"inLanguage\":\"it-IT\",\"@id\":\"https:\\\/\\\/repliquemangacine.fr\\\/epee-templier-medievale\\\/epee-des-templiers-de-luxe\\\/#primaryimage\",\"url\":\"https:\\\/\\\/repliquemangacine.fr\\\/wp-content\\\/uploads\\\/2025\\\/08\\\/Epee-des-Templiers-de-Luxe.jpg\",\"contentUrl\":\"https:\\\/\\\/repliquemangacine.fr\\\/wp-content\\\/uploads\\\/2025\\\/08\\\/Epee-des-Templiers-de-Luxe.jpg\",\"width\":700,\"height\":700,\"caption\":\"\u00c9p\u00e9e des Templiers de Luxe\"},{\"@type\":\"BreadcrumbList\",\"@id\":\"https:\\\/\\\/repliquemangacine.fr\\\/epee-templier-medievale\\\/epee-des-templiers-de-luxe\\\/#breadcrumb\",\"itemListElement\":[{\"@type\":\"ListItem\",\"position\":1,\"name\":\"Accueil\",\"item\":\"https:\\\/\\\/repliquemangacine.fr\\\/\"},{\"@type\":\"ListItem\",\"position\":2,\"name\":\"Produits\",\"item\":\"https:\\\/\\\/repliquemangacine.fr\\\/boutique\\\/\"},{\"@type\":\"ListItem\",\"position\":3,\"name\":\"\u00c9p\u00e9e des Templiers de Luxe\"}]},{\"@type\":\"WebSite\",\"@id\":\"https:\\\/\\\/repliquemangacine.fr\\\/#website\",\"url\":\"https:\\\/\\\/repliquemangacine.fr\\\/\",\"name\":\"R\u00e9plique Manga Cin\u00e9\",\"description\":\"\",\"publisher\":{\"@id\":\"https:\\\/\\\/repliquemangacine.fr\\\/#organization\"},\"potentialAction\":[{\"@type\":\"SearchAction\",\"target\":{\"@type\":\"EntryPoint\",\"urlTemplate\":\"https:\\\/\\\/repliquemangacine.fr\\\/?s={search_term_string}\"},\"query-input\":{\"@type\":\"PropertyValueSpecification\",\"valueRequired\":true,\"valueName\":\"search_term_string\"}}],\"inLanguage\":\"it-IT\"},{\"@type\":\"Organization\",\"@id\":\"https:\\\/\\\/repliquemangacine.fr\\\/#organization\",\"name\":\"R\u00e9plique Manga Cin\u00e9\",\"url\":\"https:\\\/\\\/repliquemangacine.fr\\\/\",\"logo\":{\"@type\":\"ImageObject\",\"inLanguage\":\"it-IT\",\"@id\":\"https:\\\/\\\/repliquemangacine.fr\\\/#\\\/schema\\\/logo\\\/image\\\/\",\"url\":\"https:\\\/\\\/repliquemangacine.fr\\\/wp-content\\\/uploads\\\/2023\\\/10\\\/RMC-500250.png\",\"contentUrl\":\"https:\\\/\\\/repliquemangacine.fr\\\/wp-content\\\/uploads\\\/2023\\\/10\\\/RMC-500250.png\",\"width\":500,\"height\":250,\"caption\":\"R\u00e9plique Manga Cin\u00e9\"},\"image\":{\"@id\":\"https:\\\/\\\/repliquemangacine.fr\\\/#\\\/schema\\\/logo\\\/image\\\/\"},\"sameAs\":[\"https:\\\/\\\/www.facebook.com\\\/RepliqueMangaCine\",\"https:\\\/\\\/www.instagram.com\\\/repliquemangacine.fr\\\/\"]}]}<\/script>\n<!-- \/ Yoast SEO plugin. -->","yoast_head_json":{"title":"Spada templare deluxe - R\u00e9plique Manga Cin\u00e9","description":"Scoprite questa lussuosa spada templare con stemma murale. Dettagli storici meticolosi, croce emblematica e finiture di alta gamma. 115 cm","robots":{"index":"index","follow":"follow","max-snippet":"max-snippet:-1","max-image-preview":"max-image-preview:large","max-video-preview":"max-video-preview:-1"},"canonical":"https:\/\/repliquemangacine.fr\/it\/spada-templare-medievale\/spada-templare-di-lusso\/","og_locale":"it_IT","og_type":"article","og_title":"\u00c9p\u00e9e des Templiers de Luxe - R\u00e9plique Manga Cin\u00e9","og_description":"D\u00e9couvrez cette \u00c9p\u00e9e des Templiers de Luxe avec blason mural. D\u00e9tails historiques soign\u00e9s, croix embl\u00e9matique et finition haut de gamme. 115 cm","og_url":"https:\/\/repliquemangacine.fr\/it\/spada-templare-medievale\/spada-templare-di-lusso\/","og_site_name":"R\u00e9plique Manga Cin\u00e9","article_publisher":"https:\/\/www.facebook.com\/RepliqueMangaCine","article_modified_time":"2025-11-12T22:37:55+00:00","og_image":[{"width":700,"height":700,"url":"https:\/\/repliquemangacine.fr\/wp-content\/uploads\/2025\/08\/Epee-des-Templiers-de-Luxe.jpg","type":"image\/jpeg"}],"twitter_card":"summary_large_image","twitter_misc":{"Tempo di lettura stimato":"3 minuti"},"schema":{"@context":"https:\/\/schema.org","@graph":[{"@type":"WebPage","@id":"https:\/\/repliquemangacine.fr\/epee-templier-medievale\/epee-des-templiers-de-luxe\/","url":"https:\/\/repliquemangacine.fr\/epee-templier-medievale\/epee-des-templiers-de-luxe\/","name":"Spada templare deluxe - R\u00e9plique Manga Cin\u00e9","isPartOf":{"@id":"https:\/\/repliquemangacine.fr\/#website"},"primaryImageOfPage":{"@id":"https:\/\/repliquemangacine.fr\/epee-templier-medievale\/epee-des-templiers-de-luxe\/#primaryimage"},"image":{"@id":"https:\/\/repliquemangacine.fr\/epee-templier-medievale\/epee-des-templiers-de-luxe\/#primaryimage"},"thumbnailUrl":"https:\/\/repliquemangacine.fr\/wp-content\/uploads\/2025\/08\/Epee-des-Templiers-de-Luxe.jpg","datePublished":"2025-08-01T13:37:50+00:00","dateModified":"2025-11-12T22:37:55+00:00","description":"Scoprite questa lussuosa spada templare con stemma murale. Dettagli storici meticolosi, croce emblematica e finiture di alta gamma. 115 cm","breadcrumb":{"@id":"https:\/\/repliquemangacine.fr\/epee-templier-medievale\/epee-des-templiers-de-luxe\/#breadcrumb"},"inLanguage":"it-IT","potentialAction":[{"@type":"ReadAction","target":["https:\/\/repliquemangacine.fr\/epee-templier-medievale\/epee-des-templiers-de-luxe\/"]}]},{"@type":"ImageObject","inLanguage":"it-IT","@id":"https:\/\/repliquemangacine.fr\/epee-templier-medievale\/epee-des-templiers-de-luxe\/#primaryimage","url":"https:\/\/repliquemangacine.fr\/wp-content\/uploads\/2025\/08\/Epee-des-Templiers-de-Luxe.jpg","contentUrl":"https:\/\/repliquemangacine.fr\/wp-content\/uploads\/2025\/08\/Epee-des-Templiers-de-Luxe.jpg","width":700,"height":700,"caption":"\u00c9p\u00e9e des Templiers de Luxe"},{"@type":"BreadcrumbList","@id":"https:\/\/repliquemangacine.fr\/epee-templier-medievale\/epee-des-templiers-de-luxe\/#breadcrumb","itemListElement":[{"@type":"ListItem","position":1,"name":"Accueil","item":"https:\/\/repliquemangacine.fr\/"},{"@type":"ListItem","position":2,"name":"Produits","item":"https:\/\/repliquemangacine.fr\/boutique\/"},{"@type":"ListItem","position":3,"name":"\u00c9p\u00e9e des Templiers de Luxe"}]},{"@type":"WebSite","@id":"https:\/\/repliquemangacine.fr\/#website","url":"https:\/\/repliquemangacine.fr\/","name":"R\u00e9plique Manga Cin\u00e9","description":"","publisher":{"@id":"https:\/\/repliquemangacine.fr\/#organization"},"potentialAction":[{"@type":"SearchAction","target":{"@type":"EntryPoint","urlTemplate":"https:\/\/repliquemangacine.fr\/?s={search_term_string}"},"query-input":{"@type":"PropertyValueSpecification","valueRequired":true,"valueName":"search_term_string"}}],"inLanguage":"it-IT"},{"@type":"Organization","@id":"https:\/\/repliquemangacine.fr\/#organization","name":"R\u00e9plique Manga Cin\u00e9","url":"https:\/\/repliquemangacine.fr\/","logo":{"@type":"ImageObject","inLanguage":"it-IT","@id":"https:\/\/repliquemangacine.fr\/#\/schema\/logo\/image\/","url":"https:\/\/repliquemangacine.fr\/wp-content\/uploads\/2023\/10\/RMC-500250.png","contentUrl":"https:\/\/repliquemangacine.fr\/wp-content\/uploads\/2023\/10\/RMC-500250.png","width":500,"height":250,"caption":"R\u00e9plique Manga Cin\u00e9"},"image":{"@id":"https:\/\/repliquemangacine.fr\/#\/schema\/logo\/image\/"},"sameAs":["https:\/\/www.facebook.com\/RepliqueMangaCine","https:\/\/www.instagram.com\/repliquemangacine.fr\/"]}]}},"_links":{"self":[{"href":"https:\/\/repliquemangacine.fr\/it\/wp-json\/wp\/v2\/product\/87006","targetHints":{"allow":["GET"]}}],"collection":[{"href":"https:\/\/repliquemangacine.fr\/it\/wp-json\/wp\/v2\/product"}],"about":[{"href":"https:\/\/repliquemangacine.fr\/it\/wp-json\/wp\/v2\/types\/product"}],"wp:featuredmedia":[{"embeddable":true,"href":"https:\/\/repliquemangacine.fr\/it\/wp-json\/wp\/v2\/media\/87008"}],"wp:attachment":[{"href":"https:\/\/repliquemangacine.fr\/it\/wp-json\/wp\/v2\/media?parent=87006"}],"wp:term":[{"taxonomy":"product_brand","embeddable":true,"href":"https:\/\/repliquemangacine.fr\/it\/wp-json\/wp\/v2\/product_brand?post=87006"},{"taxonomy":"product_cat","embeddable":true,"href":"https:\/\/repliquemangacine.fr\/it\/wp-json\/wp\/v2\/product_cat?post=87006"},{"taxonomy":"product_tag","embeddable":true,"href":"https:\/\/repliquemangacine.fr\/it\/wp-json\/wp\/v2\/product_tag?post=87006"}],"curies":[{"name":"wp","href":"https:\/\/api.w.org\/{rel}","templated":true}]}}