





{"id":86993,"date":"2025-08-01T13:21:44","date_gmt":"2025-08-01T11:21:44","guid":{"rendered":"https:\/\/repliquemangacine.fr\/?post_type=product&#038;p=86993"},"modified":"2026-03-07T09:57:20","modified_gmt":"2026-03-07T08:57:20","slug":"im42-coltello-da-stivale-tedesco","status":"publish","type":"product","link":"https:\/\/repliquemangacine.fr\/it\/dagues-et-accessoires-seconde-guerre-mondiale-materiels-militaria\/couteau-de-botte-allemand-im42\/","title":{"rendered":"IM42 Coltello da stivale tedesco"},"content":{"rendered":"<h2>Coltello da stivale tedesco IM42 - Un design militare storico<\/h2>\n<p>Il coltello da stivale tedesco IM42 (Infanteriemesser 42), ispirato a un modello emblematico utilizzato dalla fanteria tedesca. L'Infanteriemesser 42 era un coltello multiuso utilizzato dalla Wehrmacht (esercito tedesco) durante la Seconda Guerra Mondiale. Veniva utilizzato come strumento multiuso e come arma da combattimento ravvicinato, soprattutto per le truppe di fanteria.<br class=\"yoast-text-mark\" \/>Questo coltello, spesso infilato nello stivale, si distingueva per la sua semplicit\u00e0, efficacia e robustezza. L'IM42 sta gradualmente sostituendo il suo predecessore (il pi\u00f9 complesso \"Heer Dolch\"). \u00c8 pi\u00f9 semplice ed economico da produrre. Questo coltello accompagna i soldati in tutte le loro missioni, sia nelle zone di combattimento che nei bivacchi o nelle trincee.<\/p>\n<h2>Una replica ideale per gli appassionati di storia<\/h2>\n<p>Anche senza marcature militari, questa replica dell'IM42 rispetta le linee tradizionali del modello originale: una lama diritta e sottile, un manico ergonomico in legno scuro con scanalature antiscivolo e un fodero rigido nero che ne consente un trasporto discreto. \u00c8 l'accessorio perfetto per gli appassionati di rievocazioni storiche, i collezionisti o gli appassionati di coltelleria militare.<\/p>\n<p>Progettata per collezionisti o per scopi decorativi, questa replica non reca alcun simbolo o iscrizione ufficiale, nel rispetto delle normative vigenti. Offre tutto il fascino estetico dell'originale senza i rischi legati al possesso di un oggetto militare autentico.<\/p>\n<h2>Scoprite altre repliche storiche iconiche<\/h2>\n<p>Oltre al famoso coltello da stivale tedesco Infanteriemesser 42, R\u00e9plique Manga Cin\u00e9 offre un'autentica selezione di repliche militari storiche, che piaceranno a collezionisti e appassionati. Ad esempio, il <a href=\"https:\/\/repliquemangacine.fr\/it\/armi-accessorie-guerra-mondiale\/granata-m24-purea-di-stampa\/\">Granata M24 schiacciapatate<\/a> marchio falso <a href=\"https:\/\/www.denix.fr\/\" target=\"_blank\" rel=\"noopener noreferrer\">Denix<\/a>, fedele riproduzione di un pezzo emblematico dell'arsenale tedesco, \u00e8 perfetta per allestimenti scenografici o decorazioni a tema.<\/p>\n<p>Inoltre, impossibile non notare il <a href=\"https:\/\/repliquemangacine.fr\/it\/pugnali-e-accessori-materiale-militare-della-seconda-guerra-mondiale\/elmetto-tedesco-stahlhelm-m42\/\">Elmo tedesco Stahlhelm M42<\/a> invecchiato, accuratamente patinato per riprodurre l'usura del tempo. Si integra perfettamente in una collezione dedicata alla Seconda Guerra Mondiale o durante le rievocazioni storiche.<\/p>\n<p>Infine, gli appassionati di materiale americano apprezzeranno la replica del <a href=\"https:\/\/repliquemangacine.fr\/it\/pugnali-e-accessori-materiale-militare-della-seconda-guerra-mondiale\/coltello-da-combattimento-usmc-ka-bar\/\">Coltello da combattimento KA-BAR USMC<\/a>, utilizzato dai Marines. Con il suo profilo robusto e la sua storia leggendaria, \u00e8 un must nelle vetrine militari.<\/p>\n<p>Grazie a questa gamma variegata e fedele alla storia, la vostra collezione assumer\u00e0 una dimensione completamente nuova.<\/p>\n<p>&nbsp;<\/p>","protected":false},"excerpt":{"rendered":"<p>Coltello da stivale tedesco Infanteriemesser 42, spesso abbreviato in IM42.<\/p>\n<ul>\n<li>Lama diritta, a un solo taglio, non tagliente.<\/li>\n<li>Manico in legno rivettato con una leggera scanalatura per una migliore presa.<\/li>\n<li>Piccola protezione metallica per evitare che la mano scivoli.<\/li>\n<li>Fodero in metallo nero, progettato per essere indossato con discrezione nello stivale o alla cintura, con clip per il fissaggio.<\/li>\n<li>Lunghezza lama: 15 cm - Lunghezza totale: 27 cm<\/li>\n<\/ul>","protected":false},"featured_media":86994,"template":"","meta":[],"product_brand":[896],"product_cat":[85],"product_tag":[],"class_list":{"0":"post-86993","1":"product","2":"type-product","3":"status-publish","4":"has-post-thumbnail","6":"product_brand-replique-manga-cine","7":"product_cat-dagues-et-accessoires-seconde-guerre-mondiale-materiels-militaria","9":"first","10":"instock","11":"taxable","12":"shipping-taxable","13":"purchasable","14":"product-type-simple"},"yoast_head":"<!-- This site is optimized with the Yoast SEO plugin v27.4 - https:\/\/yoast.com\/product\/yoast-seo-wordpress\/ -->\n<title>Couteau de botte allemand IM42 - R\u00e9plique Manga Cin\u00e9<\/title>\n<meta name=\"description\" content=\"R\u00e9plique du Couteau de botte allemand IM42 (Infanteriemesser 42), sans marquage. Id\u00e9al pour collectionneurs, reconstitutions historiques militaire.\" \/>\n<meta name=\"robots\" content=\"index, follow, max-snippet:-1, max-image-preview:large, max-video-preview:-1\" \/>\n<link rel=\"canonical\" href=\"https:\/\/repliquemangacine.fr\/it\/pugnali-e-accessori-materiale-militare-della-seconda-guerra-mondiale\/im42-coltello-da-stivale-tedesco\/\" \/>\n<meta property=\"og:locale\" content=\"it_IT\" \/>\n<meta property=\"og:type\" content=\"article\" \/>\n<meta property=\"og:title\" content=\"Couteau de botte allemand IM42 - R\u00e9plique Manga Cin\u00e9\" \/>\n<meta property=\"og:description\" content=\"R\u00e9plique du Couteau de botte allemand IM42 (Infanteriemesser 42), sans marquage. Id\u00e9al pour collectionneurs, reconstitutions historiques militaire.\" \/>\n<meta property=\"og:url\" content=\"https:\/\/repliquemangacine.fr\/it\/pugnali-e-accessori-materiale-militare-della-seconda-guerra-mondiale\/im42-coltello-da-stivale-tedesco\/\" \/>\n<meta property=\"og:site_name\" content=\"R\u00e9plique Manga Cin\u00e9\" \/>\n<meta property=\"article:publisher\" content=\"https:\/\/www.facebook.com\/RepliqueMangaCine\" \/>\n<meta property=\"article:modified_time\" content=\"2026-03-07T08:57:20+00:00\" \/>\n<meta property=\"og:image\" content=\"https:\/\/repliquemangacine.fr\/wp-content\/uploads\/2025\/08\/COUTEAU-BOTTE-ALLEMANDE.jpg\" \/>\n\t<meta property=\"og:image:width\" content=\"700\" \/>\n\t<meta property=\"og:image:height\" content=\"700\" \/>\n\t<meta property=\"og:image:type\" content=\"image\/jpeg\" \/>\n<meta name=\"twitter:card\" content=\"summary_large_image\" \/>\n<meta name=\"twitter:label1\" content=\"Tempo di lettura stimato\" \/>\n\t<meta name=\"twitter:data1\" content=\"3 minuti\" \/>\n<script type=\"application\/ld+json\" class=\"yoast-schema-graph\">{\"@context\":\"https:\\\/\\\/schema.org\",\"@graph\":[{\"@type\":\"WebPage\",\"@id\":\"https:\\\/\\\/repliquemangacine.fr\\\/dagues-et-accessoires-seconde-guerre-mondiale-materiels-militaria\\\/couteau-de-botte-allemand-im42\\\/\",\"url\":\"https:\\\/\\\/repliquemangacine.fr\\\/dagues-et-accessoires-seconde-guerre-mondiale-materiels-militaria\\\/couteau-de-botte-allemand-im42\\\/\",\"name\":\"Couteau de botte allemand IM42 - R\u00e9plique Manga Cin\u00e9\",\"isPartOf\":{\"@id\":\"https:\\\/\\\/repliquemangacine.fr\\\/#website\"},\"primaryImageOfPage\":{\"@id\":\"https:\\\/\\\/repliquemangacine.fr\\\/dagues-et-accessoires-seconde-guerre-mondiale-materiels-militaria\\\/couteau-de-botte-allemand-im42\\\/#primaryimage\"},\"image\":{\"@id\":\"https:\\\/\\\/repliquemangacine.fr\\\/dagues-et-accessoires-seconde-guerre-mondiale-materiels-militaria\\\/couteau-de-botte-allemand-im42\\\/#primaryimage\"},\"thumbnailUrl\":\"https:\\\/\\\/repliquemangacine.fr\\\/wp-content\\\/uploads\\\/2025\\\/08\\\/COUTEAU-BOTTE-ALLEMANDE.jpg\",\"datePublished\":\"2025-08-01T11:21:44+00:00\",\"dateModified\":\"2026-03-07T08:57:20+00:00\",\"description\":\"R\u00e9plique du Couteau de botte allemand IM42 (Infanteriemesser 42), sans marquage. Id\u00e9al pour collectionneurs, reconstitutions historiques militaire.\",\"breadcrumb\":{\"@id\":\"https:\\\/\\\/repliquemangacine.fr\\\/dagues-et-accessoires-seconde-guerre-mondiale-materiels-militaria\\\/couteau-de-botte-allemand-im42\\\/#breadcrumb\"},\"inLanguage\":\"it-IT\",\"potentialAction\":[{\"@type\":\"ReadAction\",\"target\":[\"https:\\\/\\\/repliquemangacine.fr\\\/dagues-et-accessoires-seconde-guerre-mondiale-materiels-militaria\\\/couteau-de-botte-allemand-im42\\\/\"]}]},{\"@type\":\"ImageObject\",\"inLanguage\":\"it-IT\",\"@id\":\"https:\\\/\\\/repliquemangacine.fr\\\/dagues-et-accessoires-seconde-guerre-mondiale-materiels-militaria\\\/couteau-de-botte-allemand-im42\\\/#primaryimage\",\"url\":\"https:\\\/\\\/repliquemangacine.fr\\\/wp-content\\\/uploads\\\/2025\\\/08\\\/COUTEAU-BOTTE-ALLEMANDE.jpg\",\"contentUrl\":\"https:\\\/\\\/repliquemangacine.fr\\\/wp-content\\\/uploads\\\/2025\\\/08\\\/COUTEAU-BOTTE-ALLEMANDE.jpg\",\"width\":700,\"height\":700,\"caption\":\"Couteau de Botte Allemand IM42\"},{\"@type\":\"BreadcrumbList\",\"@id\":\"https:\\\/\\\/repliquemangacine.fr\\\/dagues-et-accessoires-seconde-guerre-mondiale-materiels-militaria\\\/couteau-de-botte-allemand-im42\\\/#breadcrumb\",\"itemListElement\":[{\"@type\":\"ListItem\",\"position\":1,\"name\":\"Accueil\",\"item\":\"https:\\\/\\\/repliquemangacine.fr\\\/\"},{\"@type\":\"ListItem\",\"position\":2,\"name\":\"Produits\",\"item\":\"https:\\\/\\\/repliquemangacine.fr\\\/boutique\\\/\"},{\"@type\":\"ListItem\",\"position\":3,\"name\":\"Couteau de botte allemand IM42\"}]},{\"@type\":\"WebSite\",\"@id\":\"https:\\\/\\\/repliquemangacine.fr\\\/#website\",\"url\":\"https:\\\/\\\/repliquemangacine.fr\\\/\",\"name\":\"R\u00e9plique Manga Cin\u00e9\",\"description\":\"\",\"publisher\":{\"@id\":\"https:\\\/\\\/repliquemangacine.fr\\\/#organization\"},\"potentialAction\":[{\"@type\":\"SearchAction\",\"target\":{\"@type\":\"EntryPoint\",\"urlTemplate\":\"https:\\\/\\\/repliquemangacine.fr\\\/?s={search_term_string}\"},\"query-input\":{\"@type\":\"PropertyValueSpecification\",\"valueRequired\":true,\"valueName\":\"search_term_string\"}}],\"inLanguage\":\"it-IT\"},{\"@type\":\"Organization\",\"@id\":\"https:\\\/\\\/repliquemangacine.fr\\\/#organization\",\"name\":\"R\u00e9plique Manga Cin\u00e9\",\"url\":\"https:\\\/\\\/repliquemangacine.fr\\\/\",\"logo\":{\"@type\":\"ImageObject\",\"inLanguage\":\"it-IT\",\"@id\":\"https:\\\/\\\/repliquemangacine.fr\\\/#\\\/schema\\\/logo\\\/image\\\/\",\"url\":\"https:\\\/\\\/repliquemangacine.fr\\\/wp-content\\\/uploads\\\/2023\\\/10\\\/RMC-500250.png\",\"contentUrl\":\"https:\\\/\\\/repliquemangacine.fr\\\/wp-content\\\/uploads\\\/2023\\\/10\\\/RMC-500250.png\",\"width\":500,\"height\":250,\"caption\":\"R\u00e9plique Manga Cin\u00e9\"},\"image\":{\"@id\":\"https:\\\/\\\/repliquemangacine.fr\\\/#\\\/schema\\\/logo\\\/image\\\/\"},\"sameAs\":[\"https:\\\/\\\/www.facebook.com\\\/RepliqueMangaCine\",\"https:\\\/\\\/www.instagram.com\\\/repliquemangacine.fr\\\/\"]}]}<\/script>\n<!-- \/ Yoast SEO plugin. -->","yoast_head_json":{"title":"IM42 Coltello da stivale tedesco - R\u00e9plique Manga Cin\u00e9","description":"Replica del coltello da stivale tedesco IM42 (Infanteriemesser 42), senza marchio. Ideale per collezionisti e rievocatori militari.","robots":{"index":"index","follow":"follow","max-snippet":"max-snippet:-1","max-image-preview":"max-image-preview:large","max-video-preview":"max-video-preview:-1"},"canonical":"https:\/\/repliquemangacine.fr\/it\/pugnali-e-accessori-materiale-militare-della-seconda-guerra-mondiale\/im42-coltello-da-stivale-tedesco\/","og_locale":"it_IT","og_type":"article","og_title":"Couteau de botte allemand IM42 - R\u00e9plique Manga Cin\u00e9","og_description":"R\u00e9plique du Couteau de botte allemand IM42 (Infanteriemesser 42), sans marquage. Id\u00e9al pour collectionneurs, reconstitutions historiques militaire.","og_url":"https:\/\/repliquemangacine.fr\/it\/pugnali-e-accessori-materiale-militare-della-seconda-guerra-mondiale\/im42-coltello-da-stivale-tedesco\/","og_site_name":"R\u00e9plique Manga Cin\u00e9","article_publisher":"https:\/\/www.facebook.com\/RepliqueMangaCine","article_modified_time":"2026-03-07T08:57:20+00:00","og_image":[{"width":700,"height":700,"url":"https:\/\/repliquemangacine.fr\/wp-content\/uploads\/2025\/08\/COUTEAU-BOTTE-ALLEMANDE.jpg","type":"image\/jpeg"}],"twitter_card":"summary_large_image","twitter_misc":{"Tempo di lettura stimato":"3 minuti"},"schema":{"@context":"https:\/\/schema.org","@graph":[{"@type":"WebPage","@id":"https:\/\/repliquemangacine.fr\/dagues-et-accessoires-seconde-guerre-mondiale-materiels-militaria\/couteau-de-botte-allemand-im42\/","url":"https:\/\/repliquemangacine.fr\/dagues-et-accessoires-seconde-guerre-mondiale-materiels-militaria\/couteau-de-botte-allemand-im42\/","name":"IM42 Coltello da stivale tedesco - R\u00e9plique Manga Cin\u00e9","isPartOf":{"@id":"https:\/\/repliquemangacine.fr\/#website"},"primaryImageOfPage":{"@id":"https:\/\/repliquemangacine.fr\/dagues-et-accessoires-seconde-guerre-mondiale-materiels-militaria\/couteau-de-botte-allemand-im42\/#primaryimage"},"image":{"@id":"https:\/\/repliquemangacine.fr\/dagues-et-accessoires-seconde-guerre-mondiale-materiels-militaria\/couteau-de-botte-allemand-im42\/#primaryimage"},"thumbnailUrl":"https:\/\/repliquemangacine.fr\/wp-content\/uploads\/2025\/08\/COUTEAU-BOTTE-ALLEMANDE.jpg","datePublished":"2025-08-01T11:21:44+00:00","dateModified":"2026-03-07T08:57:20+00:00","description":"Replica del coltello da stivale tedesco IM42 (Infanteriemesser 42), senza marchio. Ideale per collezionisti e rievocatori militari.","breadcrumb":{"@id":"https:\/\/repliquemangacine.fr\/dagues-et-accessoires-seconde-guerre-mondiale-materiels-militaria\/couteau-de-botte-allemand-im42\/#breadcrumb"},"inLanguage":"it-IT","potentialAction":[{"@type":"ReadAction","target":["https:\/\/repliquemangacine.fr\/dagues-et-accessoires-seconde-guerre-mondiale-materiels-militaria\/couteau-de-botte-allemand-im42\/"]}]},{"@type":"ImageObject","inLanguage":"it-IT","@id":"https:\/\/repliquemangacine.fr\/dagues-et-accessoires-seconde-guerre-mondiale-materiels-militaria\/couteau-de-botte-allemand-im42\/#primaryimage","url":"https:\/\/repliquemangacine.fr\/wp-content\/uploads\/2025\/08\/COUTEAU-BOTTE-ALLEMANDE.jpg","contentUrl":"https:\/\/repliquemangacine.fr\/wp-content\/uploads\/2025\/08\/COUTEAU-BOTTE-ALLEMANDE.jpg","width":700,"height":700,"caption":"Couteau de Botte Allemand IM42"},{"@type":"BreadcrumbList","@id":"https:\/\/repliquemangacine.fr\/dagues-et-accessoires-seconde-guerre-mondiale-materiels-militaria\/couteau-de-botte-allemand-im42\/#breadcrumb","itemListElement":[{"@type":"ListItem","position":1,"name":"Accueil","item":"https:\/\/repliquemangacine.fr\/"},{"@type":"ListItem","position":2,"name":"Produits","item":"https:\/\/repliquemangacine.fr\/boutique\/"},{"@type":"ListItem","position":3,"name":"Couteau de botte allemand IM42"}]},{"@type":"WebSite","@id":"https:\/\/repliquemangacine.fr\/#website","url":"https:\/\/repliquemangacine.fr\/","name":"R\u00e9plique Manga Cin\u00e9","description":"","publisher":{"@id":"https:\/\/repliquemangacine.fr\/#organization"},"potentialAction":[{"@type":"SearchAction","target":{"@type":"EntryPoint","urlTemplate":"https:\/\/repliquemangacine.fr\/?s={search_term_string}"},"query-input":{"@type":"PropertyValueSpecification","valueRequired":true,"valueName":"search_term_string"}}],"inLanguage":"it-IT"},{"@type":"Organization","@id":"https:\/\/repliquemangacine.fr\/#organization","name":"R\u00e9plique Manga Cin\u00e9","url":"https:\/\/repliquemangacine.fr\/","logo":{"@type":"ImageObject","inLanguage":"it-IT","@id":"https:\/\/repliquemangacine.fr\/#\/schema\/logo\/image\/","url":"https:\/\/repliquemangacine.fr\/wp-content\/uploads\/2023\/10\/RMC-500250.png","contentUrl":"https:\/\/repliquemangacine.fr\/wp-content\/uploads\/2023\/10\/RMC-500250.png","width":500,"height":250,"caption":"R\u00e9plique Manga Cin\u00e9"},"image":{"@id":"https:\/\/repliquemangacine.fr\/#\/schema\/logo\/image\/"},"sameAs":["https:\/\/www.facebook.com\/RepliqueMangaCine","https:\/\/www.instagram.com\/repliquemangacine.fr\/"]}]}},"_links":{"self":[{"href":"https:\/\/repliquemangacine.fr\/it\/wp-json\/wp\/v2\/product\/86993","targetHints":{"allow":["GET"]}}],"collection":[{"href":"https:\/\/repliquemangacine.fr\/it\/wp-json\/wp\/v2\/product"}],"about":[{"href":"https:\/\/repliquemangacine.fr\/it\/wp-json\/wp\/v2\/types\/product"}],"wp:featuredmedia":[{"embeddable":true,"href":"https:\/\/repliquemangacine.fr\/it\/wp-json\/wp\/v2\/media\/86994"}],"wp:attachment":[{"href":"https:\/\/repliquemangacine.fr\/it\/wp-json\/wp\/v2\/media?parent=86993"}],"wp:term":[{"taxonomy":"product_brand","embeddable":true,"href":"https:\/\/repliquemangacine.fr\/it\/wp-json\/wp\/v2\/product_brand?post=86993"},{"taxonomy":"product_cat","embeddable":true,"href":"https:\/\/repliquemangacine.fr\/it\/wp-json\/wp\/v2\/product_cat?post=86993"},{"taxonomy":"product_tag","embeddable":true,"href":"https:\/\/repliquemangacine.fr\/it\/wp-json\/wp\/v2\/product_tag?post=86993"}],"curies":[{"name":"wp","href":"https:\/\/api.w.org\/{rel}","templated":true}]}}