





{"id":86989,"date":"2025-08-01T12:08:46","date_gmt":"2025-08-01T10:08:46","guid":{"rendered":"https:\/\/repliquemangacine.fr\/?post_type=product&#038;p=86989"},"modified":"2025-11-12T23:43:10","modified_gmt":"2025-11-12T22:43:10","slug":"coltello-tattico-sck-nero","status":"publish","type":"product","link":"https:\/\/repliquemangacine.fr\/it\/coutellerie\/couteau-tactique-sck-noir\/","title":{"rendered":"Coltello tattico SCK nero"},"content":{"rendered":"<h2>Un coltello tattico completo, robusto e pronto all'azione<\/h2>\n<p>Il coltello tattico SCK Nero si distingue per il suo design funzionale, progettato per rispondere alle situazioni pi\u00f9 estreme.<br \/>\nInnanzitutto, la sua lama nera mista (liscia e seghettata) in acciaio inossidabile garantisce un taglio efficace, rapido e senza sforzo.<br \/>\nInoltre, il suo manico ergonomico in alluminio testurizzato garantisce un'ottima presa, anche con i guanti o sotto la pioggia.<br \/>\nInoltre, l'apertura assistita consente un dispiegamento istantaneo con una sola mano grazie al sistema a flipper o al pollice laterale.<br \/>\nIncorpora anche un taglierina per cinture di sicurezza e un rompivetro per rispondere alle emergenze e agli interventi sul campo.<br \/>\nInfine, la clip da cintura consente un trasporto discreto, ideale per l\u2019<a href=\"https:\/\/en.wikipedia.org\/wiki\/Everyday_carry\" target=\"_blank\" rel=\"noopener noreferrer\">EDC<\/a>, escursionismo, soccorso o missioni tattiche.<br \/>\nQuesto coltello unisce cos\u00ec robustezza, funzionalit\u00e0 e versatilit\u00e0 in un formato compatto, pratico e sempre pronto all'uso.<\/p>\n<h2>Perch\u00e9 scegliere il coltello SCK? Un punto di riferimento tattico e multifunzionale<\/h2>\n<p>Scegliere il coltello tattico SCK Nero significa investire in uno strumento affidabile, pensato per gli appassionati di sopravvivenza ed efficienza.<br \/>\nA differenza di un semplice coltello pieghevole, questo modello offre funzioni di soccorso integrate in un design tattico 100 %.<br \/>\nDiventa quindi rapidamente indispensabile per i vigili del fuoco, le forze dell'ordine, i militari o qualsiasi appassionato di attrezzature ben equipaggiate.<br \/>\nGrazie alla sua lama mista, \u00e8 adatto sia per tagli precisi che per lavori pi\u00f9 aggressivi o tecnici.<br \/>\nMa non \u00e8 tutto: il suo design moderno, nero e sobrio gli conferisce un aspetto professionale e formidabile sul campo.<br \/>\nLeggero, facile da trasportare, ma abbastanza robusto da resistere alle condizioni pi\u00f9 difficili di utilizzo prolungato.<br \/>\nIn sintesi, non si tratta solo di un coltello: \u00e8 uno strumento affidabile, pensato per avventurieri e professionisti esigenti.<\/p>\n<h2>Trova questo coltello e molto altro su Repliquemangacine<\/h2>\n<p>Visita <strong>Repliquemangacine<\/strong>, offriamo molto pi\u00f9 che semplici coltelli tattici: siamo appassionati del mondo geek e della storia.<br \/>\nTroverete katana luminose di One Piece, spade di film cult, armi da collezione e gadget inediti.<br \/>\nAd esempio, le nostre riproduzioni tratte da Demon Slayer, Zelda, Harry Potter o <a href=\"https:\/\/repliquemangacine.fr\/it\/spada-il-cacciatore\/\" target=\"_blank\" rel=\"noopener noreferrer\">Il cacciatore<\/a> riscuotono grande successo tra i fan.<br \/>\nInoltre, il nostro catalogo include anche spade antiche, sciabole da pirata, armi western o accessori militari fedeli all'originale.<br \/>\nOgni prodotto \u00e8 selezionato per la sua qualit\u00e0, il suo design e la sua fedelt\u00e0 all'opera o al periodo storico di riferimento.<br \/>\nGrazie a <strong>Repliquemangacine<\/strong>, troverete il collezionista perfetto, appassionato di anime, gamer o amante della storia.<br \/>\nOrdina facilmente, approfitta di un servizio clienti reattivo e ricevi rapidamente i tuoi ricambi a casa tua.<\/p>\n<p><strong>\u26a0\ufe0f Vendita vietata ai minori. Dopo l'ordine potrebbe essere richiesta una verifica dell'identit\u00e0 per confermare la maggiore et\u00e0 dell'acquirente.<\/strong><\/p>","protected":false},"excerpt":{"rendered":"<p>Un couteau tactique complet, robuste et pr\u00eat \u00e0 l\u2019action Le couteau tactique SCK Noir se distingue par son design fonctionnel, con\u00e7u pour r\u00e9pondre aux situations les plus extr\u00eames. D\u2019abord, sa lame noire mixte (lisse et crant\u00e9e) en acier inoxydable assure une d\u00e9coupe efficace, rapide et sans effort. Ensuite, son manche ergonomique en aluminium textur\u00e9 garantit [&hellip;]<\/p>\n","protected":false},"featured_media":86992,"template":"","meta":[],"product_brand":[],"product_cat":[891,892,884],"product_tag":[],"class_list":{"0":"post-86989","1":"product","2":"type-product","3":"status-publish","4":"has-post-thumbnail","6":"product_cat-couteaux-automatiques","7":"product_cat-couteaux-tactical","8":"product_cat-coutellerie","10":"first","11":"instock","12":"taxable","13":"shipping-taxable","14":"purchasable","15":"product-type-simple"},"yoast_head":"<!-- This site is optimized with the Yoast SEO plugin v27.4 - https:\/\/yoast.com\/product\/yoast-seo-wordpress\/ -->\n<title>Couteau Tactique SCK Noir - R\u00e9plique Manga Cin\u00e9<\/title>\n<meta name=\"description\" content=\"Couteau Tactique SCK Noir pliant avec lame mixte (lisse + crant\u00e9e), coupe-ceinture, brise-vitre et clip ceinture. Id\u00e9al pour la survie ou l&#039;EDC\" \/>\n<meta name=\"robots\" content=\"index, follow, max-snippet:-1, max-image-preview:large, max-video-preview:-1\" \/>\n<link rel=\"canonical\" href=\"https:\/\/repliquemangacine.fr\/it\/posate\/coltello-tattico-sck-nero\/\" \/>\n<meta property=\"og:locale\" content=\"it_IT\" \/>\n<meta property=\"og:type\" content=\"article\" \/>\n<meta property=\"og:title\" content=\"Couteau Tactique SCK Noir - R\u00e9plique Manga Cin\u00e9\" \/>\n<meta property=\"og:description\" content=\"Couteau Tactique SCK Noir pliant avec lame mixte (lisse + crant\u00e9e), coupe-ceinture, brise-vitre et clip ceinture. Id\u00e9al pour la survie ou l&#039;EDC\" \/>\n<meta property=\"og:url\" content=\"https:\/\/repliquemangacine.fr\/it\/posate\/coltello-tattico-sck-nero\/\" \/>\n<meta property=\"og:site_name\" content=\"R\u00e9plique Manga Cin\u00e9\" \/>\n<meta property=\"article:publisher\" content=\"https:\/\/www.facebook.com\/RepliqueMangaCine\" \/>\n<meta property=\"article:modified_time\" content=\"2025-11-12T22:43:10+00:00\" \/>\n<meta property=\"og:image\" content=\"https:\/\/repliquemangacine.fr\/wp-content\/uploads\/2025\/08\/Couteau-Tactique-SCK-noir.jpg\" \/>\n\t<meta property=\"og:image:width\" content=\"700\" \/>\n\t<meta property=\"og:image:height\" content=\"700\" \/>\n\t<meta property=\"og:image:type\" content=\"image\/jpeg\" \/>\n<meta name=\"twitter:card\" content=\"summary_large_image\" \/>\n<meta name=\"twitter:label1\" content=\"Tempo di lettura stimato\" \/>\n\t<meta name=\"twitter:data1\" content=\"3 minuti\" \/>\n<script type=\"application\/ld+json\" class=\"yoast-schema-graph\">{\"@context\":\"https:\\\/\\\/schema.org\",\"@graph\":[{\"@type\":\"WebPage\",\"@id\":\"https:\\\/\\\/repliquemangacine.fr\\\/coutellerie\\\/couteau-tactique-sck-noir\\\/\",\"url\":\"https:\\\/\\\/repliquemangacine.fr\\\/coutellerie\\\/couteau-tactique-sck-noir\\\/\",\"name\":\"Couteau Tactique SCK Noir - R\u00e9plique Manga Cin\u00e9\",\"isPartOf\":{\"@id\":\"https:\\\/\\\/repliquemangacine.fr\\\/#website\"},\"primaryImageOfPage\":{\"@id\":\"https:\\\/\\\/repliquemangacine.fr\\\/coutellerie\\\/couteau-tactique-sck-noir\\\/#primaryimage\"},\"image\":{\"@id\":\"https:\\\/\\\/repliquemangacine.fr\\\/coutellerie\\\/couteau-tactique-sck-noir\\\/#primaryimage\"},\"thumbnailUrl\":\"https:\\\/\\\/repliquemangacine.fr\\\/wp-content\\\/uploads\\\/2025\\\/08\\\/Couteau-Tactique-SCK-noir.jpg\",\"datePublished\":\"2025-08-01T10:08:46+00:00\",\"dateModified\":\"2025-11-12T22:43:10+00:00\",\"description\":\"Couteau Tactique SCK Noir pliant avec lame mixte (lisse + crant\u00e9e), coupe-ceinture, brise-vitre et clip ceinture. Id\u00e9al pour la survie ou l'EDC\",\"breadcrumb\":{\"@id\":\"https:\\\/\\\/repliquemangacine.fr\\\/coutellerie\\\/couteau-tactique-sck-noir\\\/#breadcrumb\"},\"inLanguage\":\"it-IT\",\"potentialAction\":[{\"@type\":\"ReadAction\",\"target\":[\"https:\\\/\\\/repliquemangacine.fr\\\/coutellerie\\\/couteau-tactique-sck-noir\\\/\"]}]},{\"@type\":\"ImageObject\",\"inLanguage\":\"it-IT\",\"@id\":\"https:\\\/\\\/repliquemangacine.fr\\\/coutellerie\\\/couteau-tactique-sck-noir\\\/#primaryimage\",\"url\":\"https:\\\/\\\/repliquemangacine.fr\\\/wp-content\\\/uploads\\\/2025\\\/08\\\/Couteau-Tactique-SCK-noir.jpg\",\"contentUrl\":\"https:\\\/\\\/repliquemangacine.fr\\\/wp-content\\\/uploads\\\/2025\\\/08\\\/Couteau-Tactique-SCK-noir.jpg\",\"width\":700,\"height\":700,\"caption\":\"Couteau-Tactique-SCK-noir\"},{\"@type\":\"BreadcrumbList\",\"@id\":\"https:\\\/\\\/repliquemangacine.fr\\\/coutellerie\\\/couteau-tactique-sck-noir\\\/#breadcrumb\",\"itemListElement\":[{\"@type\":\"ListItem\",\"position\":1,\"name\":\"Accueil\",\"item\":\"https:\\\/\\\/repliquemangacine.fr\\\/\"},{\"@type\":\"ListItem\",\"position\":2,\"name\":\"Produits\",\"item\":\"https:\\\/\\\/repliquemangacine.fr\\\/boutique\\\/\"},{\"@type\":\"ListItem\",\"position\":3,\"name\":\"Couteau Tactique SCK Noir\"}]},{\"@type\":\"WebSite\",\"@id\":\"https:\\\/\\\/repliquemangacine.fr\\\/#website\",\"url\":\"https:\\\/\\\/repliquemangacine.fr\\\/\",\"name\":\"R\u00e9plique Manga Cin\u00e9\",\"description\":\"\",\"publisher\":{\"@id\":\"https:\\\/\\\/repliquemangacine.fr\\\/#organization\"},\"potentialAction\":[{\"@type\":\"SearchAction\",\"target\":{\"@type\":\"EntryPoint\",\"urlTemplate\":\"https:\\\/\\\/repliquemangacine.fr\\\/?s={search_term_string}\"},\"query-input\":{\"@type\":\"PropertyValueSpecification\",\"valueRequired\":true,\"valueName\":\"search_term_string\"}}],\"inLanguage\":\"it-IT\"},{\"@type\":\"Organization\",\"@id\":\"https:\\\/\\\/repliquemangacine.fr\\\/#organization\",\"name\":\"R\u00e9plique Manga Cin\u00e9\",\"url\":\"https:\\\/\\\/repliquemangacine.fr\\\/\",\"logo\":{\"@type\":\"ImageObject\",\"inLanguage\":\"it-IT\",\"@id\":\"https:\\\/\\\/repliquemangacine.fr\\\/#\\\/schema\\\/logo\\\/image\\\/\",\"url\":\"https:\\\/\\\/repliquemangacine.fr\\\/wp-content\\\/uploads\\\/2023\\\/10\\\/RMC-500250.png\",\"contentUrl\":\"https:\\\/\\\/repliquemangacine.fr\\\/wp-content\\\/uploads\\\/2023\\\/10\\\/RMC-500250.png\",\"width\":500,\"height\":250,\"caption\":\"R\u00e9plique Manga Cin\u00e9\"},\"image\":{\"@id\":\"https:\\\/\\\/repliquemangacine.fr\\\/#\\\/schema\\\/logo\\\/image\\\/\"},\"sameAs\":[\"https:\\\/\\\/www.facebook.com\\\/RepliqueMangaCine\",\"https:\\\/\\\/www.instagram.com\\\/repliquemangacine.fr\\\/\"]}]}<\/script>\n<!-- \/ Yoast SEO plugin. -->","yoast_head_json":{"title":"SCK Coltello tattico nero - R\u00e9plique Manga Cin\u00e9","description":"SCK Coltello tattico pieghevole nero con lama mista (liscia + seghettata), tagliacinture, frangivetro e clip da cintura. Ideale per la sopravvivenza o per l'EDC","robots":{"index":"index","follow":"follow","max-snippet":"max-snippet:-1","max-image-preview":"max-image-preview:large","max-video-preview":"max-video-preview:-1"},"canonical":"https:\/\/repliquemangacine.fr\/it\/posate\/coltello-tattico-sck-nero\/","og_locale":"it_IT","og_type":"article","og_title":"Couteau Tactique SCK Noir - R\u00e9plique Manga Cin\u00e9","og_description":"Couteau Tactique SCK Noir pliant avec lame mixte (lisse + crant\u00e9e), coupe-ceinture, brise-vitre et clip ceinture. Id\u00e9al pour la survie ou l'EDC","og_url":"https:\/\/repliquemangacine.fr\/it\/posate\/coltello-tattico-sck-nero\/","og_site_name":"R\u00e9plique Manga Cin\u00e9","article_publisher":"https:\/\/www.facebook.com\/RepliqueMangaCine","article_modified_time":"2025-11-12T22:43:10+00:00","og_image":[{"width":700,"height":700,"url":"https:\/\/repliquemangacine.fr\/wp-content\/uploads\/2025\/08\/Couteau-Tactique-SCK-noir.jpg","type":"image\/jpeg"}],"twitter_card":"summary_large_image","twitter_misc":{"Tempo di lettura stimato":"3 minuti"},"schema":{"@context":"https:\/\/schema.org","@graph":[{"@type":"WebPage","@id":"https:\/\/repliquemangacine.fr\/coutellerie\/couteau-tactique-sck-noir\/","url":"https:\/\/repliquemangacine.fr\/coutellerie\/couteau-tactique-sck-noir\/","name":"SCK Coltello tattico nero - R\u00e9plique Manga Cin\u00e9","isPartOf":{"@id":"https:\/\/repliquemangacine.fr\/#website"},"primaryImageOfPage":{"@id":"https:\/\/repliquemangacine.fr\/coutellerie\/couteau-tactique-sck-noir\/#primaryimage"},"image":{"@id":"https:\/\/repliquemangacine.fr\/coutellerie\/couteau-tactique-sck-noir\/#primaryimage"},"thumbnailUrl":"https:\/\/repliquemangacine.fr\/wp-content\/uploads\/2025\/08\/Couteau-Tactique-SCK-noir.jpg","datePublished":"2025-08-01T10:08:46+00:00","dateModified":"2025-11-12T22:43:10+00:00","description":"SCK Coltello tattico pieghevole nero con lama mista (liscia + seghettata), tagliacinture, frangivetro e clip da cintura. Ideale per la sopravvivenza o per l'EDC","breadcrumb":{"@id":"https:\/\/repliquemangacine.fr\/coutellerie\/couteau-tactique-sck-noir\/#breadcrumb"},"inLanguage":"it-IT","potentialAction":[{"@type":"ReadAction","target":["https:\/\/repliquemangacine.fr\/coutellerie\/couteau-tactique-sck-noir\/"]}]},{"@type":"ImageObject","inLanguage":"it-IT","@id":"https:\/\/repliquemangacine.fr\/coutellerie\/couteau-tactique-sck-noir\/#primaryimage","url":"https:\/\/repliquemangacine.fr\/wp-content\/uploads\/2025\/08\/Couteau-Tactique-SCK-noir.jpg","contentUrl":"https:\/\/repliquemangacine.fr\/wp-content\/uploads\/2025\/08\/Couteau-Tactique-SCK-noir.jpg","width":700,"height":700,"caption":"Couteau-Tactique-SCK-noir"},{"@type":"BreadcrumbList","@id":"https:\/\/repliquemangacine.fr\/coutellerie\/couteau-tactique-sck-noir\/#breadcrumb","itemListElement":[{"@type":"ListItem","position":1,"name":"Accueil","item":"https:\/\/repliquemangacine.fr\/"},{"@type":"ListItem","position":2,"name":"Produits","item":"https:\/\/repliquemangacine.fr\/boutique\/"},{"@type":"ListItem","position":3,"name":"Couteau Tactique SCK Noir"}]},{"@type":"WebSite","@id":"https:\/\/repliquemangacine.fr\/#website","url":"https:\/\/repliquemangacine.fr\/","name":"R\u00e9plique Manga Cin\u00e9","description":"","publisher":{"@id":"https:\/\/repliquemangacine.fr\/#organization"},"potentialAction":[{"@type":"SearchAction","target":{"@type":"EntryPoint","urlTemplate":"https:\/\/repliquemangacine.fr\/?s={search_term_string}"},"query-input":{"@type":"PropertyValueSpecification","valueRequired":true,"valueName":"search_term_string"}}],"inLanguage":"it-IT"},{"@type":"Organization","@id":"https:\/\/repliquemangacine.fr\/#organization","name":"R\u00e9plique Manga Cin\u00e9","url":"https:\/\/repliquemangacine.fr\/","logo":{"@type":"ImageObject","inLanguage":"it-IT","@id":"https:\/\/repliquemangacine.fr\/#\/schema\/logo\/image\/","url":"https:\/\/repliquemangacine.fr\/wp-content\/uploads\/2023\/10\/RMC-500250.png","contentUrl":"https:\/\/repliquemangacine.fr\/wp-content\/uploads\/2023\/10\/RMC-500250.png","width":500,"height":250,"caption":"R\u00e9plique Manga Cin\u00e9"},"image":{"@id":"https:\/\/repliquemangacine.fr\/#\/schema\/logo\/image\/"},"sameAs":["https:\/\/www.facebook.com\/RepliqueMangaCine","https:\/\/www.instagram.com\/repliquemangacine.fr\/"]}]}},"_links":{"self":[{"href":"https:\/\/repliquemangacine.fr\/it\/wp-json\/wp\/v2\/product\/86989","targetHints":{"allow":["GET"]}}],"collection":[{"href":"https:\/\/repliquemangacine.fr\/it\/wp-json\/wp\/v2\/product"}],"about":[{"href":"https:\/\/repliquemangacine.fr\/it\/wp-json\/wp\/v2\/types\/product"}],"wp:featuredmedia":[{"embeddable":true,"href":"https:\/\/repliquemangacine.fr\/it\/wp-json\/wp\/v2\/media\/86992"}],"wp:attachment":[{"href":"https:\/\/repliquemangacine.fr\/it\/wp-json\/wp\/v2\/media?parent=86989"}],"wp:term":[{"taxonomy":"product_brand","embeddable":true,"href":"https:\/\/repliquemangacine.fr\/it\/wp-json\/wp\/v2\/product_brand?post=86989"},{"taxonomy":"product_cat","embeddable":true,"href":"https:\/\/repliquemangacine.fr\/it\/wp-json\/wp\/v2\/product_cat?post=86989"},{"taxonomy":"product_tag","embeddable":true,"href":"https:\/\/repliquemangacine.fr\/it\/wp-json\/wp\/v2\/product_tag?post=86989"}],"curies":[{"name":"wp","href":"https:\/\/api.w.org\/{rel}","templated":true}]}}