





{"id":86905,"date":"2025-07-29T16:05:07","date_gmt":"2025-07-29T14:05:07","guid":{"rendered":"https:\/\/repliquemangacine.fr\/?post_type=product&#038;p=86905"},"modified":"2026-02-19T10:16:26","modified_gmt":"2026-02-19T09:16:26","slug":"katana-hattori-hanzo","status":"publish","type":"product","link":"https:\/\/repliquemangacine.fr\/it\/katana-kill-bill\/katana-hattori-hanzo\/","title":{"rendered":"Katana Hattori Hanzo"},"content":{"rendered":"<h2>Le caratteristiche della katana di Bill e la leggenda di Hattori Hanzo<\/h2>\n<p>Iniziamo a vedere questa Katana Hattori Hanzo de Bill ispirata al leggendario film Kill Bill, diretto da <a href=\"https:\/\/fr.wikipedia.org\/wiki\/Quentin_Tarantino\" target=\"_blank\" rel=\"noopener noreferrer\">Quentin Tarantino<\/a> nel 2003.<br class=\"yoast-text-mark\" \/>In primo luogo, questa replica ha una lama rigida in legno, accuratamente dipinta, con un'onda hamon tipica delle vere spade giapponesi.<br class=\"yoast-text-mark\" \/>In secondo luogo, la guardia metallica finemente decorata richiama l'eleganza delle tradizionali fucine giapponesi e gli standard esigenti del suo creatore immaginario, Hanzo.<br class=\"yoast-text-mark\" \/>Infine, il suo fodero nero lucido \u00e8 ornato dall'emblematico demone inciso in oro, simbolo di potere e autorit\u00e0 tagliente.<br class=\"yoast-text-mark\" \/>Infine, il manico accuratamente intrecciato in bianco e nero garantisce una presa stabile e un aspetto molto fedele all'originale.<br \/>\nGrazie alla lama in legno, pu\u00f2 essere esposto o maneggiato in tutta sicurezza durante convention o riprese cinematografiche.<\/p>\n<h2>Perch\u00e9 la katana di Kill Bill \u00e8 un oggetto irrinunciabile<\/h2>\n<p>Soprattutto, questa katana di Kill Bill si distingue per il suo design iconico, che la rende immediatamente riconoscibile tra mille altre spade.<br class=\"yoast-text-mark\" \/>Parla poi dell'intensit\u00e0 drammatica del personaggio di Bill, l'ultimo avversario de \"La sposa\", interpretato con classe e freddezza.<br class=\"yoast-text-mark\" \/>Inoltre, questa replica \u00e8 pi\u00f9 di un semplice oggetto: porta con s\u00e9 l'anima del film e la leggenda di Hanzo.<br class=\"yoast-text-mark\" \/>\u00c8 l'incarnazione della vendetta, della maestria e della precisione, tre valori chiave che si ritrovano in ogni scena di duello del film.<br class=\"yoast-text-mark\" \/>Il suo peso leggero e la lama in legno lo rendono una scelta eccellente per gli appassionati di cosplay e per dimostrazioni senza pericolo.<br \/>\nCon le sue finiture fedeli e il suo aspetto di alta gamma, questa katana attira l'attenzione e suscita ammirazione in qualsiasi collezione.<br \/>\nLa sua guaina lucida, la sua tsuba dettagliata e il suo manico tradizionale ne rafforzano l'eccezionale qualit\u00e0 di riproduzione.<\/p>\n<h2>Repliquemangacine: il vostro universo completo di repliche di manga, film, giochi e armi storiche<\/h2>\n<p>Visita <strong>Repliquemangacine<\/strong>vi offriamo molto di pi\u00f9 della katana di Bill: un vero e proprio viaggio attraverso gli universi di culto.<br class=\"yoast-text-mark\" \/>Troverete le katane leggere di One Piece, come ad esempio <a href=\"https:\/\/repliquemangacine.fr\/it\/katana-leggera-monopezzo\/katana-enma-nero-luce-led-monopezzo\/\" target=\"_blank\" rel=\"noopener noreferrer\">Enma<\/a>Ame no Habakiri e il temuto Nidai Kitetsu di Luffy.<br class=\"yoast-text-mark\" \/>Anche i fan di Naruto, Demon Slayer o Bleach troveranno le loro armi preferite da aggiungere alla loro collezione di shinobi.<br class=\"yoast-text-mark\" \/>Abbiamo anche spade di The Witcher, repliche di Assassin's Creed e gladi di Gladiator o 300.<br \/>\nPer quanto riguarda il western, immergiti nell'America dei cowboy con colt, winchester, fondine e stelle da sceriffo autentiche.<br \/>\nSenza dimenticare la nostra selezione di videogiochi: Genshin Impact, Zelda, <a href=\"https:\/\/repliquemangacine.fr\/it\/spade-di-world-of-warcraft\/\" target=\"_blank\" rel=\"noopener noreferrer\">Mondo di Warcraft<\/a>, Devil May Cry e molti altri.<br \/>\nTi piace la precisione? Scopri i nostri set di coltelli da lancio, borse tattiche e ninjato con fodero regolabile.<br \/>\nCon <strong>Repliquemangacine<\/strong>trasforma la tua passione in una collezione unica e colpisci duro nel tuo mondo preferito!<\/p>","protected":false},"excerpt":{"rendered":"<p><strong>Specifiche tecniche :<\/strong><\/p>\n<ul>\n<li>Lama: legno rigido, con gambo ondulato verniciato (non affilato)<\/li>\n<li>Tsuba (guardia): metallo decorato a forma di ventaglio<\/li>\n<li>Manico: intreccio bianco e nero su finta pelle (pelle di razza)<\/li>\n<li>Fodero: laccato nero con il simbolo del demone Hanzo in oro<\/li>\n<li>Ornamento: cordoncino beige + etichetta \"Hattori Hanzo\" inclusa<\/li>\n<li>Lunghezza totale: 102 cm<\/li>\n<li>Lunghezza della lama in legno: 70 cm<\/li>\n<li>Peso totale: 470 grammi<\/li>\n<\/ul>","protected":false},"featured_media":86906,"template":"","meta":[],"product_brand":[],"product_cat":[26,71],"product_tag":[],"class_list":{"0":"post-86905","1":"product","2":"type-product","3":"status-publish","4":"has-post-thumbnail","6":"product_cat-katana-epee","7":"product_cat-katana-kill-bill","9":"first","10":"instock","11":"taxable","12":"shipping-taxable","13":"purchasable","14":"product-type-simple"},"yoast_head":"<!-- This site is optimized with the Yoast SEO plugin v27.4 - https:\/\/yoast.com\/product\/yoast-seo-wordpress\/ -->\n<title>Katana Hattori Hanzo -Kill Bill | R\u00e9plique Manga Cin\u00e9<\/title>\n<meta name=\"description\" content=\"D\u00e9couvrez le katana Hattori Hanzo de Kill Bill en version bois. Une r\u00e9plique fid\u00e8le, id\u00e9ale pour les fans, cosplayeurs et collectionneurs passionn\u00e9s.\" \/>\n<meta name=\"robots\" content=\"index, follow, max-snippet:-1, max-image-preview:large, max-video-preview:-1\" \/>\n<link rel=\"canonical\" href=\"https:\/\/repliquemangacine.fr\/it\/katana-kill-bill\/katana-hattori-hanzo\/\" \/>\n<meta property=\"og:locale\" content=\"it_IT\" \/>\n<meta property=\"og:type\" content=\"article\" \/>\n<meta property=\"og:title\" content=\"Katana Hattori Hanzo -Kill Bill | R\u00e9plique Manga Cin\u00e9\" \/>\n<meta property=\"og:description\" content=\"D\u00e9couvrez le katana Hattori Hanzo de Kill Bill en version bois. Une r\u00e9plique fid\u00e8le, id\u00e9ale pour les fans, cosplayeurs et collectionneurs passionn\u00e9s.\" \/>\n<meta property=\"og:url\" content=\"https:\/\/repliquemangacine.fr\/it\/katana-kill-bill\/katana-hattori-hanzo\/\" \/>\n<meta property=\"og:site_name\" content=\"R\u00e9plique Manga Cin\u00e9\" \/>\n<meta property=\"article:publisher\" content=\"https:\/\/www.facebook.com\/RepliqueMangaCine\" \/>\n<meta property=\"article:modified_time\" content=\"2026-02-19T09:16:26+00:00\" \/>\n<meta property=\"og:image\" content=\"https:\/\/repliquemangacine.fr\/wp-content\/uploads\/2025\/07\/Katana-de-bill-en-bois.jpg\" \/>\n\t<meta property=\"og:image:width\" content=\"700\" \/>\n\t<meta property=\"og:image:height\" content=\"700\" \/>\n\t<meta property=\"og:image:type\" content=\"image\/jpeg\" \/>\n<meta name=\"twitter:card\" content=\"summary_large_image\" \/>\n<meta name=\"twitter:label1\" content=\"Tempo di lettura stimato\" \/>\n\t<meta name=\"twitter:data1\" content=\"3 minuti\" \/>\n<script type=\"application\/ld+json\" class=\"yoast-schema-graph\">{\"@context\":\"https:\\\/\\\/schema.org\",\"@graph\":[{\"@type\":\"WebPage\",\"@id\":\"https:\\\/\\\/repliquemangacine.fr\\\/katana-kill-bill\\\/katana-hattori-hanzo\\\/\",\"url\":\"https:\\\/\\\/repliquemangacine.fr\\\/katana-kill-bill\\\/katana-hattori-hanzo\\\/\",\"name\":\"Katana Hattori Hanzo -Kill Bill | R\u00e9plique Manga Cin\u00e9\",\"isPartOf\":{\"@id\":\"https:\\\/\\\/repliquemangacine.fr\\\/#website\"},\"primaryImageOfPage\":{\"@id\":\"https:\\\/\\\/repliquemangacine.fr\\\/katana-kill-bill\\\/katana-hattori-hanzo\\\/#primaryimage\"},\"image\":{\"@id\":\"https:\\\/\\\/repliquemangacine.fr\\\/katana-kill-bill\\\/katana-hattori-hanzo\\\/#primaryimage\"},\"thumbnailUrl\":\"https:\\\/\\\/repliquemangacine.fr\\\/wp-content\\\/uploads\\\/2025\\\/07\\\/Katana-de-bill-en-bois.jpg\",\"datePublished\":\"2025-07-29T14:05:07+00:00\",\"dateModified\":\"2026-02-19T09:16:26+00:00\",\"description\":\"D\u00e9couvrez le katana Hattori Hanzo de Kill Bill en version bois. Une r\u00e9plique fid\u00e8le, id\u00e9ale pour les fans, cosplayeurs et collectionneurs passionn\u00e9s.\",\"breadcrumb\":{\"@id\":\"https:\\\/\\\/repliquemangacine.fr\\\/katana-kill-bill\\\/katana-hattori-hanzo\\\/#breadcrumb\"},\"inLanguage\":\"it-IT\",\"potentialAction\":[{\"@type\":\"ReadAction\",\"target\":[\"https:\\\/\\\/repliquemangacine.fr\\\/katana-kill-bill\\\/katana-hattori-hanzo\\\/\"]}]},{\"@type\":\"ImageObject\",\"inLanguage\":\"it-IT\",\"@id\":\"https:\\\/\\\/repliquemangacine.fr\\\/katana-kill-bill\\\/katana-hattori-hanzo\\\/#primaryimage\",\"url\":\"https:\\\/\\\/repliquemangacine.fr\\\/wp-content\\\/uploads\\\/2025\\\/07\\\/Katana-de-bill-en-bois.jpg\",\"contentUrl\":\"https:\\\/\\\/repliquemangacine.fr\\\/wp-content\\\/uploads\\\/2025\\\/07\\\/Katana-de-bill-en-bois.jpg\",\"width\":700,\"height\":700,\"caption\":\"Katana Hattori Hanzo\"},{\"@type\":\"BreadcrumbList\",\"@id\":\"https:\\\/\\\/repliquemangacine.fr\\\/katana-kill-bill\\\/katana-hattori-hanzo\\\/#breadcrumb\",\"itemListElement\":[{\"@type\":\"ListItem\",\"position\":1,\"name\":\"Accueil\",\"item\":\"https:\\\/\\\/repliquemangacine.fr\\\/\"},{\"@type\":\"ListItem\",\"position\":2,\"name\":\"Produits\",\"item\":\"https:\\\/\\\/repliquemangacine.fr\\\/boutique\\\/\"},{\"@type\":\"ListItem\",\"position\":3,\"name\":\"Katana Hattori Hanzo\"}]},{\"@type\":\"WebSite\",\"@id\":\"https:\\\/\\\/repliquemangacine.fr\\\/#website\",\"url\":\"https:\\\/\\\/repliquemangacine.fr\\\/\",\"name\":\"R\u00e9plique Manga Cin\u00e9\",\"description\":\"\",\"publisher\":{\"@id\":\"https:\\\/\\\/repliquemangacine.fr\\\/#organization\"},\"potentialAction\":[{\"@type\":\"SearchAction\",\"target\":{\"@type\":\"EntryPoint\",\"urlTemplate\":\"https:\\\/\\\/repliquemangacine.fr\\\/?s={search_term_string}\"},\"query-input\":{\"@type\":\"PropertyValueSpecification\",\"valueRequired\":true,\"valueName\":\"search_term_string\"}}],\"inLanguage\":\"it-IT\"},{\"@type\":\"Organization\",\"@id\":\"https:\\\/\\\/repliquemangacine.fr\\\/#organization\",\"name\":\"R\u00e9plique Manga Cin\u00e9\",\"url\":\"https:\\\/\\\/repliquemangacine.fr\\\/\",\"logo\":{\"@type\":\"ImageObject\",\"inLanguage\":\"it-IT\",\"@id\":\"https:\\\/\\\/repliquemangacine.fr\\\/#\\\/schema\\\/logo\\\/image\\\/\",\"url\":\"https:\\\/\\\/repliquemangacine.fr\\\/wp-content\\\/uploads\\\/2023\\\/10\\\/RMC-500250.png\",\"contentUrl\":\"https:\\\/\\\/repliquemangacine.fr\\\/wp-content\\\/uploads\\\/2023\\\/10\\\/RMC-500250.png\",\"width\":500,\"height\":250,\"caption\":\"R\u00e9plique Manga Cin\u00e9\"},\"image\":{\"@id\":\"https:\\\/\\\/repliquemangacine.fr\\\/#\\\/schema\\\/logo\\\/image\\\/\"},\"sameAs\":[\"https:\\\/\\\/www.facebook.com\\\/RepliqueMangaCine\",\"https:\\\/\\\/www.instagram.com\\\/repliquemangacine.fr\\\/\"]}]}<\/script>\n<!-- \/ Yoast SEO plugin. -->","yoast_head_json":{"title":"Katana Hattori Hanzo - Uccidere Bill | R\u00e9plique Manga Cin\u00e9","description":"Scoprite la versione in legno della katana Hattori Hanzo di Kill Bill. Una replica fedele, ideale per fan, cosplayer e collezionisti appassionati.","robots":{"index":"index","follow":"follow","max-snippet":"max-snippet:-1","max-image-preview":"max-image-preview:large","max-video-preview":"max-video-preview:-1"},"canonical":"https:\/\/repliquemangacine.fr\/it\/katana-kill-bill\/katana-hattori-hanzo\/","og_locale":"it_IT","og_type":"article","og_title":"Katana Hattori Hanzo -Kill Bill | R\u00e9plique Manga Cin\u00e9","og_description":"D\u00e9couvrez le katana Hattori Hanzo de Kill Bill en version bois. Une r\u00e9plique fid\u00e8le, id\u00e9ale pour les fans, cosplayeurs et collectionneurs passionn\u00e9s.","og_url":"https:\/\/repliquemangacine.fr\/it\/katana-kill-bill\/katana-hattori-hanzo\/","og_site_name":"R\u00e9plique Manga Cin\u00e9","article_publisher":"https:\/\/www.facebook.com\/RepliqueMangaCine","article_modified_time":"2026-02-19T09:16:26+00:00","og_image":[{"width":700,"height":700,"url":"https:\/\/repliquemangacine.fr\/wp-content\/uploads\/2025\/07\/Katana-de-bill-en-bois.jpg","type":"image\/jpeg"}],"twitter_card":"summary_large_image","twitter_misc":{"Tempo di lettura stimato":"3 minuti"},"schema":{"@context":"https:\/\/schema.org","@graph":[{"@type":"WebPage","@id":"https:\/\/repliquemangacine.fr\/katana-kill-bill\/katana-hattori-hanzo\/","url":"https:\/\/repliquemangacine.fr\/katana-kill-bill\/katana-hattori-hanzo\/","name":"Katana Hattori Hanzo - Uccidere Bill | R\u00e9plique Manga Cin\u00e9","isPartOf":{"@id":"https:\/\/repliquemangacine.fr\/#website"},"primaryImageOfPage":{"@id":"https:\/\/repliquemangacine.fr\/katana-kill-bill\/katana-hattori-hanzo\/#primaryimage"},"image":{"@id":"https:\/\/repliquemangacine.fr\/katana-kill-bill\/katana-hattori-hanzo\/#primaryimage"},"thumbnailUrl":"https:\/\/repliquemangacine.fr\/wp-content\/uploads\/2025\/07\/Katana-de-bill-en-bois.jpg","datePublished":"2025-07-29T14:05:07+00:00","dateModified":"2026-02-19T09:16:26+00:00","description":"Scoprite la versione in legno della katana Hattori Hanzo di Kill Bill. Una replica fedele, ideale per fan, cosplayer e collezionisti appassionati.","breadcrumb":{"@id":"https:\/\/repliquemangacine.fr\/katana-kill-bill\/katana-hattori-hanzo\/#breadcrumb"},"inLanguage":"it-IT","potentialAction":[{"@type":"ReadAction","target":["https:\/\/repliquemangacine.fr\/katana-kill-bill\/katana-hattori-hanzo\/"]}]},{"@type":"ImageObject","inLanguage":"it-IT","@id":"https:\/\/repliquemangacine.fr\/katana-kill-bill\/katana-hattori-hanzo\/#primaryimage","url":"https:\/\/repliquemangacine.fr\/wp-content\/uploads\/2025\/07\/Katana-de-bill-en-bois.jpg","contentUrl":"https:\/\/repliquemangacine.fr\/wp-content\/uploads\/2025\/07\/Katana-de-bill-en-bois.jpg","width":700,"height":700,"caption":"Katana Hattori Hanzo"},{"@type":"BreadcrumbList","@id":"https:\/\/repliquemangacine.fr\/katana-kill-bill\/katana-hattori-hanzo\/#breadcrumb","itemListElement":[{"@type":"ListItem","position":1,"name":"Accueil","item":"https:\/\/repliquemangacine.fr\/"},{"@type":"ListItem","position":2,"name":"Produits","item":"https:\/\/repliquemangacine.fr\/boutique\/"},{"@type":"ListItem","position":3,"name":"Katana Hattori Hanzo"}]},{"@type":"WebSite","@id":"https:\/\/repliquemangacine.fr\/#website","url":"https:\/\/repliquemangacine.fr\/","name":"R\u00e9plique Manga Cin\u00e9","description":"","publisher":{"@id":"https:\/\/repliquemangacine.fr\/#organization"},"potentialAction":[{"@type":"SearchAction","target":{"@type":"EntryPoint","urlTemplate":"https:\/\/repliquemangacine.fr\/?s={search_term_string}"},"query-input":{"@type":"PropertyValueSpecification","valueRequired":true,"valueName":"search_term_string"}}],"inLanguage":"it-IT"},{"@type":"Organization","@id":"https:\/\/repliquemangacine.fr\/#organization","name":"R\u00e9plique Manga Cin\u00e9","url":"https:\/\/repliquemangacine.fr\/","logo":{"@type":"ImageObject","inLanguage":"it-IT","@id":"https:\/\/repliquemangacine.fr\/#\/schema\/logo\/image\/","url":"https:\/\/repliquemangacine.fr\/wp-content\/uploads\/2023\/10\/RMC-500250.png","contentUrl":"https:\/\/repliquemangacine.fr\/wp-content\/uploads\/2023\/10\/RMC-500250.png","width":500,"height":250,"caption":"R\u00e9plique Manga Cin\u00e9"},"image":{"@id":"https:\/\/repliquemangacine.fr\/#\/schema\/logo\/image\/"},"sameAs":["https:\/\/www.facebook.com\/RepliqueMangaCine","https:\/\/www.instagram.com\/repliquemangacine.fr\/"]}]}},"_links":{"self":[{"href":"https:\/\/repliquemangacine.fr\/it\/wp-json\/wp\/v2\/product\/86905","targetHints":{"allow":["GET"]}}],"collection":[{"href":"https:\/\/repliquemangacine.fr\/it\/wp-json\/wp\/v2\/product"}],"about":[{"href":"https:\/\/repliquemangacine.fr\/it\/wp-json\/wp\/v2\/types\/product"}],"wp:featuredmedia":[{"embeddable":true,"href":"https:\/\/repliquemangacine.fr\/it\/wp-json\/wp\/v2\/media\/86906"}],"wp:attachment":[{"href":"https:\/\/repliquemangacine.fr\/it\/wp-json\/wp\/v2\/media?parent=86905"}],"wp:term":[{"taxonomy":"product_brand","embeddable":true,"href":"https:\/\/repliquemangacine.fr\/it\/wp-json\/wp\/v2\/product_brand?post=86905"},{"taxonomy":"product_cat","embeddable":true,"href":"https:\/\/repliquemangacine.fr\/it\/wp-json\/wp\/v2\/product_cat?post=86905"},{"taxonomy":"product_tag","embeddable":true,"href":"https:\/\/repliquemangacine.fr\/it\/wp-json\/wp\/v2\/product_tag?post=86905"}],"curies":[{"name":"wp","href":"https:\/\/api.w.org\/{rel}","templated":true}]}}