





{"id":86726,"date":"2025-07-25T16:27:11","date_gmt":"2025-07-25T14:27:11","guid":{"rendered":"https:\/\/repliquemangacine.fr\/?post_type=product&#038;p=86726"},"modified":"2026-04-19T10:43:20","modified_gmt":"2026-04-19T08:43:20","slug":"fondina-kolser-in-vera-pelle-per-destrimani","status":"publish","type":"product","link":"https:\/\/repliquemangacine.fr\/it\/holster-western-ceinturon\/holster-cuir-veritable-pour-droitier-kolser\/","title":{"rendered":"Fondina in pelle per destrimani - Kolser"},"content":{"rendered":"<h2>Fondina in pelle per gli appassionati di western destrorsi<\/h2>\n<p>Prima di tutto, questo <strong>Fondina in pelle per destrimani<\/strong> \u00e8 un must per tutti gli appassionati di armi western e repliche autentiche. Realizzato al 100% in vera pelle, offre un effetto visivo e tattile fedele all'universo del Far West. La sua finitura marrone scuro, le cuciture robuste, la fibbia metallica e i lacci di fissaggio. Il design semplice ma efficace ricorda le fondine indossate dagli sceriffi, dai cowboy o dai cacciatori di taglie dell'epoca. Con i suoi 29,5 cm di lunghezza, si adatta perfettamente a una vasta gamma di repliche tipo Colt 45 o Peacemaker.<\/p>\n<p>Facile da agganciare alla cintura, garantisce un trasporto confortevole e un rapido estrapolamento. Ideale per i vostri cosplay, rievocazioni storiche o esposizioni in vetrina. Elegante, funzionale e fedele ai codici del western, \u00e8 un complemento indispensabile per qualsiasi collezione che si rispetti.<\/p>\n<h2>Kolser: eccellenza nella replica di armi e accessori western<\/h2>\n<p>Il marchio <a href=\"https:\/\/kolser.com\/fr\/\" target=\"_blank\" rel=\"noopener noreferrer\">Kolser<\/a> si \u00e8 affermata come punto di riferimento nel mondo delle repliche di armi storiche, grazie alla sua attenzione alla qualit\u00e0 e alla cura dei dettagli. Ogni pezzo realizzato dal marchio spagnolo si distingue per il design realistico, i materiali robusti e la notevole fedelt\u00e0 ai modelli originali. Questa fondina non fa eccezione: \u00e8 il risultato di un savoir-faire artigianale che unisce tradizione e modernit\u00e0.<\/p>\n<p>Kolser non si limita a copiare: ricrea l'esperienza, affinch\u00e9 ogni collezionista possa percepire il peso della storia. Questo livello di qualit\u00e0 lo ritroverete in tutti i loro prodotti disponibili sul nostro negozio Repliquemangacine, che si tratti di armi a percussione, cofanetti da collezione o accessori per proiettili. Scegliere Kolser significa scommettere sull'autenticit\u00e0, sulla durata e su un'immersione totale nell'universo delle leggende del West.<\/p>\n<h2>La replica delle armi Kolser \u00e8 disponibile sul cin\u00e9 manga R\u00e9plique<\/h2>\n<p>Repliquemangacine propone una selezione esclusiva di repliche Kolser per arricchire la vostra collezione o completare il vostro abbigliamento. Troverete le famose <a href=\"https:\/\/repliquemangacine.fr\/it\/pistola-kolser\/remington-1858-percussione-kolser\/\" target=\"_blank\" rel=\"noopener noreferrer\">Remington 1858 a percussione<\/a>. Un'arma emblematica del XIX secolo, perfetta per gli appassionati di storia militare. Per coloro che desiderano spingersi oltre, proponiamo anche un <a href=\"https:\/\/repliquemangacine.fr\/it\/pistola-kolser\/remington-1858-kolser-canna-supplementare-a-percussione\/\" target=\"_blank\" rel=\"noopener noreferrer\">canna a percussione<\/a> per aggiungere realismo alla vostra presentazione. Il nostro <a href=\"https:\/\/repliquemangacine.fr\/it\/pistola-kolser\/6-proiettili-finti-per-colt-45-kolser\/\" target=\"_blank\" rel=\"noopener noreferrer\">Proiettili finti Colt Kolser<\/a> sono disponibili anche per decorare la fondina. Infine, non perdetevi il sontuoso <a href=\"https:\/\/repliquemangacine.fr\/it\/pistola-kolser\/set-di-kolser-lucidati-peacemaker-5-5\/\" target=\"_blank\" rel=\"noopener noreferrer\">Peacemaker 5,5 poli<\/a>. Un vero e proprio pezzo da collezione, consegnato in un elegante cofanetto di legno, ideale da regalare o da esporre.<\/p>\n<p>Tutti questi articoli sono selezionati con cura per la loro qualit\u00e0 di finitura, il loro realismo e il loro valore storico. Unitevi agli appassionati gi\u00e0 conquistati da Kolser su Repliquemangacine, il sito di riferimento per gli appassionati di western, manga, cinema e videogiochi.<\/p>","protected":false},"excerpt":{"rendered":"<p>Fondina in pelle per Colt destra - Made by Kolser - 29,5 cm<\/p>\n<p>La fondina perfetta per completare il vostro look da cowboy o per mostrare con orgoglio la vostra replica del revolver.<\/p>\n<ul>\n<li>Modello: Fondina Colt - Mano destra<\/li>\n<li>Marchio : Kolser<\/li>\n<li>Materiale: 100 pelle %<\/li>\n<li>Lunghezza totale: 29,5 cm<\/li>\n<li>Chiusura: passante per cintura, fibbia in metallo e lacci.<\/li>\n<li>Colore: marrone scuro vintage<\/li>\n<\/ul>","protected":false},"featured_media":86729,"template":"","meta":[],"product_brand":[896],"product_cat":[100,45,90,27],"product_tag":[],"class_list":{"0":"post-86726","1":"product","2":"type-product","3":"status-publish","4":"has-post-thumbnail","6":"product_brand-replique-manga-cine","7":"product_cat-arme-kolser","8":"product_cat-holster-western-ceinturon","9":"product_cat-holster-accessoires-western","10":"product_cat-armes-et-accessoires-western","12":"first","13":"instock","14":"taxable","15":"shipping-taxable","16":"purchasable","17":"product-type-simple"},"yoast_head":"<!-- This site is optimized with the Yoast SEO plugin v27.4 - https:\/\/yoast.com\/product\/yoast-seo-wordpress\/ -->\n<title>Holster cuir pour droitier - Kolser - R\u00e9plique Manga Cin\u00e9<\/title>\n<meta name=\"description\" content=\"Holster cuir v\u00e9ritable pour droitier de la marque Kolser, avec passant ceinture et lacet. Id\u00e9al pour revolvers western type Peacemaker. 29 cm\" \/>\n<meta name=\"robots\" content=\"index, follow, max-snippet:-1, max-image-preview:large, max-video-preview:-1\" \/>\n<link rel=\"canonical\" href=\"https:\/\/repliquemangacine.fr\/it\/fondina-da-cintura-western\/fondina-kolser-in-vera-pelle-per-destrimani\/\" \/>\n<meta property=\"og:locale\" content=\"it_IT\" \/>\n<meta property=\"og:type\" content=\"article\" \/>\n<meta property=\"og:title\" content=\"Holster cuir pour droitier - Kolser - R\u00e9plique Manga Cin\u00e9\" \/>\n<meta property=\"og:description\" content=\"Holster cuir v\u00e9ritable pour droitier de la marque Kolser, avec passant ceinture et lacet. Id\u00e9al pour revolvers western type Peacemaker. 29 cm\" \/>\n<meta property=\"og:url\" content=\"https:\/\/repliquemangacine.fr\/it\/fondina-da-cintura-western\/fondina-kolser-in-vera-pelle-per-destrimani\/\" \/>\n<meta property=\"og:site_name\" content=\"R\u00e9plique Manga Cin\u00e9\" \/>\n<meta property=\"article:publisher\" content=\"https:\/\/www.facebook.com\/RepliqueMangaCine\" \/>\n<meta property=\"article:modified_time\" content=\"2026-04-19T08:43:20+00:00\" \/>\n<meta property=\"og:image\" content=\"https:\/\/repliquemangacine.fr\/wp-content\/uploads\/2025\/07\/Holster-cuir-pour-droitier-1.jpg\" \/>\n\t<meta property=\"og:image:width\" content=\"700\" \/>\n\t<meta property=\"og:image:height\" content=\"700\" \/>\n\t<meta property=\"og:image:type\" content=\"image\/jpeg\" \/>\n<meta name=\"twitter:card\" content=\"summary_large_image\" \/>\n<meta name=\"twitter:label1\" content=\"Tempo di lettura stimato\" \/>\n\t<meta name=\"twitter:data1\" content=\"3 minuti\" \/>\n<script type=\"application\/ld+json\" class=\"yoast-schema-graph\">{\"@context\":\"https:\\\/\\\/schema.org\",\"@graph\":[{\"@type\":\"WebPage\",\"@id\":\"https:\\\/\\\/repliquemangacine.fr\\\/holster-western-ceinturon\\\/holster-cuir-veritable-pour-droitier-kolser\\\/\",\"url\":\"https:\\\/\\\/repliquemangacine.fr\\\/holster-western-ceinturon\\\/holster-cuir-veritable-pour-droitier-kolser\\\/\",\"name\":\"Holster cuir pour droitier - Kolser - R\u00e9plique Manga Cin\u00e9\",\"isPartOf\":{\"@id\":\"https:\\\/\\\/repliquemangacine.fr\\\/#website\"},\"primaryImageOfPage\":{\"@id\":\"https:\\\/\\\/repliquemangacine.fr\\\/holster-western-ceinturon\\\/holster-cuir-veritable-pour-droitier-kolser\\\/#primaryimage\"},\"image\":{\"@id\":\"https:\\\/\\\/repliquemangacine.fr\\\/holster-western-ceinturon\\\/holster-cuir-veritable-pour-droitier-kolser\\\/#primaryimage\"},\"thumbnailUrl\":\"https:\\\/\\\/repliquemangacine.fr\\\/wp-content\\\/uploads\\\/2025\\\/07\\\/Holster-cuir-pour-droitier-1.jpg\",\"datePublished\":\"2025-07-25T14:27:11+00:00\",\"dateModified\":\"2026-04-19T08:43:20+00:00\",\"description\":\"Holster cuir v\u00e9ritable pour droitier de la marque Kolser, avec passant ceinture et lacet. Id\u00e9al pour revolvers western type Peacemaker. 29 cm\",\"breadcrumb\":{\"@id\":\"https:\\\/\\\/repliquemangacine.fr\\\/holster-western-ceinturon\\\/holster-cuir-veritable-pour-droitier-kolser\\\/#breadcrumb\"},\"inLanguage\":\"it-IT\",\"potentialAction\":[{\"@type\":\"ReadAction\",\"target\":[\"https:\\\/\\\/repliquemangacine.fr\\\/holster-western-ceinturon\\\/holster-cuir-veritable-pour-droitier-kolser\\\/\"]}]},{\"@type\":\"ImageObject\",\"inLanguage\":\"it-IT\",\"@id\":\"https:\\\/\\\/repliquemangacine.fr\\\/holster-western-ceinturon\\\/holster-cuir-veritable-pour-droitier-kolser\\\/#primaryimage\",\"url\":\"https:\\\/\\\/repliquemangacine.fr\\\/wp-content\\\/uploads\\\/2025\\\/07\\\/Holster-cuir-pour-droitier-1.jpg\",\"contentUrl\":\"https:\\\/\\\/repliquemangacine.fr\\\/wp-content\\\/uploads\\\/2025\\\/07\\\/Holster-cuir-pour-droitier-1.jpg\",\"width\":700,\"height\":700,\"caption\":\"Holster western en cuir marron pour revolver Colt, mod\u00e8le droitier Kolser, avec boucle m\u00e9tallique et lacets de fixation.\"},{\"@type\":\"BreadcrumbList\",\"@id\":\"https:\\\/\\\/repliquemangacine.fr\\\/holster-western-ceinturon\\\/holster-cuir-veritable-pour-droitier-kolser\\\/#breadcrumb\",\"itemListElement\":[{\"@type\":\"ListItem\",\"position\":1,\"name\":\"Accueil\",\"item\":\"https:\\\/\\\/repliquemangacine.fr\\\/\"},{\"@type\":\"ListItem\",\"position\":2,\"name\":\"Produits\",\"item\":\"https:\\\/\\\/repliquemangacine.fr\\\/boutique\\\/\"},{\"@type\":\"ListItem\",\"position\":3,\"name\":\"Holster cuir pour droitier &#8211; Kolser\"}]},{\"@type\":\"WebSite\",\"@id\":\"https:\\\/\\\/repliquemangacine.fr\\\/#website\",\"url\":\"https:\\\/\\\/repliquemangacine.fr\\\/\",\"name\":\"R\u00e9plique Manga Cin\u00e9\",\"description\":\"\",\"publisher\":{\"@id\":\"https:\\\/\\\/repliquemangacine.fr\\\/#organization\"},\"potentialAction\":[{\"@type\":\"SearchAction\",\"target\":{\"@type\":\"EntryPoint\",\"urlTemplate\":\"https:\\\/\\\/repliquemangacine.fr\\\/?s={search_term_string}\"},\"query-input\":{\"@type\":\"PropertyValueSpecification\",\"valueRequired\":true,\"valueName\":\"search_term_string\"}}],\"inLanguage\":\"it-IT\"},{\"@type\":\"Organization\",\"@id\":\"https:\\\/\\\/repliquemangacine.fr\\\/#organization\",\"name\":\"R\u00e9plique Manga Cin\u00e9\",\"url\":\"https:\\\/\\\/repliquemangacine.fr\\\/\",\"logo\":{\"@type\":\"ImageObject\",\"inLanguage\":\"it-IT\",\"@id\":\"https:\\\/\\\/repliquemangacine.fr\\\/#\\\/schema\\\/logo\\\/image\\\/\",\"url\":\"https:\\\/\\\/repliquemangacine.fr\\\/wp-content\\\/uploads\\\/2023\\\/10\\\/RMC-500250.png\",\"contentUrl\":\"https:\\\/\\\/repliquemangacine.fr\\\/wp-content\\\/uploads\\\/2023\\\/10\\\/RMC-500250.png\",\"width\":500,\"height\":250,\"caption\":\"R\u00e9plique Manga Cin\u00e9\"},\"image\":{\"@id\":\"https:\\\/\\\/repliquemangacine.fr\\\/#\\\/schema\\\/logo\\\/image\\\/\"},\"sameAs\":[\"https:\\\/\\\/www.facebook.com\\\/RepliqueMangaCine\",\"https:\\\/\\\/www.instagram.com\\\/repliquemangacine.fr\\\/\"]}]}<\/script>\n<!-- \/ Yoast SEO plugin. -->","yoast_head_json":{"title":"Fondina in pelle per destri - Kolser - R\u00e9plique Manga Cin\u00e9","description":"Fondina in vera pelle Kolser per destrimani, con passante per cintura e laccio. Ideale per i revolver western stile Peacemaker. 29 cm","robots":{"index":"index","follow":"follow","max-snippet":"max-snippet:-1","max-image-preview":"max-image-preview:large","max-video-preview":"max-video-preview:-1"},"canonical":"https:\/\/repliquemangacine.fr\/it\/fondina-da-cintura-western\/fondina-kolser-in-vera-pelle-per-destrimani\/","og_locale":"it_IT","og_type":"article","og_title":"Holster cuir pour droitier - Kolser - R\u00e9plique Manga Cin\u00e9","og_description":"Holster cuir v\u00e9ritable pour droitier de la marque Kolser, avec passant ceinture et lacet. Id\u00e9al pour revolvers western type Peacemaker. 29 cm","og_url":"https:\/\/repliquemangacine.fr\/it\/fondina-da-cintura-western\/fondina-kolser-in-vera-pelle-per-destrimani\/","og_site_name":"R\u00e9plique Manga Cin\u00e9","article_publisher":"https:\/\/www.facebook.com\/RepliqueMangaCine","article_modified_time":"2026-04-19T08:43:20+00:00","og_image":[{"width":700,"height":700,"url":"https:\/\/repliquemangacine.fr\/wp-content\/uploads\/2025\/07\/Holster-cuir-pour-droitier-1.jpg","type":"image\/jpeg"}],"twitter_card":"summary_large_image","twitter_misc":{"Tempo di lettura stimato":"3 minuti"},"schema":{"@context":"https:\/\/schema.org","@graph":[{"@type":"WebPage","@id":"https:\/\/repliquemangacine.fr\/holster-western-ceinturon\/holster-cuir-veritable-pour-droitier-kolser\/","url":"https:\/\/repliquemangacine.fr\/holster-western-ceinturon\/holster-cuir-veritable-pour-droitier-kolser\/","name":"Fondina in pelle per destri - Kolser - R\u00e9plique Manga Cin\u00e9","isPartOf":{"@id":"https:\/\/repliquemangacine.fr\/#website"},"primaryImageOfPage":{"@id":"https:\/\/repliquemangacine.fr\/holster-western-ceinturon\/holster-cuir-veritable-pour-droitier-kolser\/#primaryimage"},"image":{"@id":"https:\/\/repliquemangacine.fr\/holster-western-ceinturon\/holster-cuir-veritable-pour-droitier-kolser\/#primaryimage"},"thumbnailUrl":"https:\/\/repliquemangacine.fr\/wp-content\/uploads\/2025\/07\/Holster-cuir-pour-droitier-1.jpg","datePublished":"2025-07-25T14:27:11+00:00","dateModified":"2026-04-19T08:43:20+00:00","description":"Fondina in vera pelle Kolser per destrimani, con passante per cintura e laccio. Ideale per i revolver western stile Peacemaker. 29 cm","breadcrumb":{"@id":"https:\/\/repliquemangacine.fr\/holster-western-ceinturon\/holster-cuir-veritable-pour-droitier-kolser\/#breadcrumb"},"inLanguage":"it-IT","potentialAction":[{"@type":"ReadAction","target":["https:\/\/repliquemangacine.fr\/holster-western-ceinturon\/holster-cuir-veritable-pour-droitier-kolser\/"]}]},{"@type":"ImageObject","inLanguage":"it-IT","@id":"https:\/\/repliquemangacine.fr\/holster-western-ceinturon\/holster-cuir-veritable-pour-droitier-kolser\/#primaryimage","url":"https:\/\/repliquemangacine.fr\/wp-content\/uploads\/2025\/07\/Holster-cuir-pour-droitier-1.jpg","contentUrl":"https:\/\/repliquemangacine.fr\/wp-content\/uploads\/2025\/07\/Holster-cuir-pour-droitier-1.jpg","width":700,"height":700,"caption":"Holster western en cuir marron pour revolver Colt, mod\u00e8le droitier Kolser, avec boucle m\u00e9tallique et lacets de fixation."},{"@type":"BreadcrumbList","@id":"https:\/\/repliquemangacine.fr\/holster-western-ceinturon\/holster-cuir-veritable-pour-droitier-kolser\/#breadcrumb","itemListElement":[{"@type":"ListItem","position":1,"name":"Accueil","item":"https:\/\/repliquemangacine.fr\/"},{"@type":"ListItem","position":2,"name":"Produits","item":"https:\/\/repliquemangacine.fr\/boutique\/"},{"@type":"ListItem","position":3,"name":"Holster cuir pour droitier &#8211; Kolser"}]},{"@type":"WebSite","@id":"https:\/\/repliquemangacine.fr\/#website","url":"https:\/\/repliquemangacine.fr\/","name":"R\u00e9plique Manga Cin\u00e9","description":"","publisher":{"@id":"https:\/\/repliquemangacine.fr\/#organization"},"potentialAction":[{"@type":"SearchAction","target":{"@type":"EntryPoint","urlTemplate":"https:\/\/repliquemangacine.fr\/?s={search_term_string}"},"query-input":{"@type":"PropertyValueSpecification","valueRequired":true,"valueName":"search_term_string"}}],"inLanguage":"it-IT"},{"@type":"Organization","@id":"https:\/\/repliquemangacine.fr\/#organization","name":"R\u00e9plique Manga Cin\u00e9","url":"https:\/\/repliquemangacine.fr\/","logo":{"@type":"ImageObject","inLanguage":"it-IT","@id":"https:\/\/repliquemangacine.fr\/#\/schema\/logo\/image\/","url":"https:\/\/repliquemangacine.fr\/wp-content\/uploads\/2023\/10\/RMC-500250.png","contentUrl":"https:\/\/repliquemangacine.fr\/wp-content\/uploads\/2023\/10\/RMC-500250.png","width":500,"height":250,"caption":"R\u00e9plique Manga Cin\u00e9"},"image":{"@id":"https:\/\/repliquemangacine.fr\/#\/schema\/logo\/image\/"},"sameAs":["https:\/\/www.facebook.com\/RepliqueMangaCine","https:\/\/www.instagram.com\/repliquemangacine.fr\/"]}]}},"_links":{"self":[{"href":"https:\/\/repliquemangacine.fr\/it\/wp-json\/wp\/v2\/product\/86726","targetHints":{"allow":["GET"]}}],"collection":[{"href":"https:\/\/repliquemangacine.fr\/it\/wp-json\/wp\/v2\/product"}],"about":[{"href":"https:\/\/repliquemangacine.fr\/it\/wp-json\/wp\/v2\/types\/product"}],"wp:featuredmedia":[{"embeddable":true,"href":"https:\/\/repliquemangacine.fr\/it\/wp-json\/wp\/v2\/media\/86729"}],"wp:attachment":[{"href":"https:\/\/repliquemangacine.fr\/it\/wp-json\/wp\/v2\/media?parent=86726"}],"wp:term":[{"taxonomy":"product_brand","embeddable":true,"href":"https:\/\/repliquemangacine.fr\/it\/wp-json\/wp\/v2\/product_brand?post=86726"},{"taxonomy":"product_cat","embeddable":true,"href":"https:\/\/repliquemangacine.fr\/it\/wp-json\/wp\/v2\/product_cat?post=86726"},{"taxonomy":"product_tag","embeddable":true,"href":"https:\/\/repliquemangacine.fr\/it\/wp-json\/wp\/v2\/product_tag?post=86726"}],"curies":[{"name":"wp","href":"https:\/\/api.w.org\/{rel}","templated":true}]}}