





{"id":86688,"date":"2025-07-24T13:54:58","date_gmt":"2025-07-24T11:54:58","guid":{"rendered":"https:\/\/repliquemangacine.fr\/?post_type=product&#038;p=86688"},"modified":"2026-02-21T14:04:20","modified_gmt":"2026-02-21T13:04:20","slug":"staffa-a-parete-kolser","status":"publish","type":"product","link":"https:\/\/repliquemangacine.fr\/it\/holster-accessoires-western\/support-mural-kolser\/","title":{"rendered":"Staffa a parete Kolser"},"content":{"rendered":"<h2>Un elegante supporto da parete per un leggendario revolver del Far West<\/h2>\n<p>Iniziamo con l'osservare il supporto a parete <a href=\"https:\/\/kolser.com\/fr\/\" target=\"_blank\" rel=\"noopener noreferrer\">Kolser<\/a> rende omaggio alla leggendaria Colt 1873.<br class=\"yoast-text-mark\" \/>Innanzitutto, \u00e8 realizzato in legno artigianale e dispone di due robusti ganci per mantenere la replica in posizione perfettamente orizzontale.<br class=\"yoast-text-mark\" \/>In primo luogo, una targa dorata recita \"Colts Patent Repeating Pistols\", ricordando la storia delle armi da fuoco di Samuel Colt del XIX secolo.<br class=\"yoast-text-mark\" \/>In secondo luogo, una cartucciera montata lateralmente contiene sei proiettili finti per un aspetto ancora pi\u00f9 realistico e decorativo in qualsiasi ambiente.<br class=\"yoast-text-mark\" \/>Infine, la finitura effetto noce scuro conferisce un fascino vintage, perfetto per gli appassionati di armi storiche e cultura western.<br \/>\nLa targa da parete Kolser \u00e8 sia un accessorio decorativo che un espositore, che unisce estetica, solidit\u00e0 e ispirazione storica.<br \/>\nIn sintesi, un must per tutti gli appassionati di revolver d'epoca o collezionisti appassionati di armi leggendarie.<\/p>\n<h2>Un supporto perfettamente adatto alla vostra replica da 31 cm<\/h2>\n<p>Progettato per adattarsi alla Colt Peacemaker da 31 cm, questo supporto da parete Kolser \u00e8 un gioiello di design e presentazione.<br class=\"yoast-text-mark\" \/>I suoi ganci sono stati posizionati in modo da corrispondere esattamente alla struttura delle repliche Kolser, garantendo una vestibilit\u00e0 ottimale e sicura.<br class=\"yoast-text-mark\" \/>La lunghezza della tavola di legno \u00e8 ideale per accogliere il revolver senza che si rovesci, per un look pulito ed equilibrato.<br class=\"yoast-text-mark\" \/>Grazie alla perfetta compatibilit\u00e0 con i modelli 1873 di Kolser, l'installazione \u00e8 semplice, rapida e totalmente intuitiva.<br class=\"yoast-text-mark\" \/>Questo supporto da parete aggiunge una dimensione completamente nuova al vostro revolver, trasformandolo in un vero e proprio pezzo di arredamento western.<br class=\"yoast-text-mark\" \/>\u00c8 il tocco finale per impreziosire una parete, una vetrina o una sala dedicata al mondo dei cowboy e alle armi del XIX secolo.<br \/>\n\u00c8 adatto sia ai collezionisti esigenti che agli appassionati di arredamento vintage o western di alta gamma.<\/p>\n<h2>RepliqueMangaCine.fr: il vostro mondo di repliche eccezionali<\/h2>\n<p>Visita <strong>RepliqueMangaCine.fr<\/strong>altre repliche occidentali di alta gamma come la <a href=\"https:\/\/repliquemangacine.fr\/it\/pistola-kolser\/colt-peacemaker-31cm-lucido-1873-custodia-kolser\/\" target=\"_blank\" rel=\"noopener noreferrer\">Colt Peacemaker 1873 cassa lucida 31 cm<\/a>.<br class=\"yoast-text-mark\" \/>Potete anche scoprire il cofanetto Colt 45 SAA nero 31 cm, altrettanto impressionante con il suo aspetto invecchiato e la sua finitura grezza.<br \/>\nTra le nostre altre referenze, <a href=\"https:\/\/repliquemangacine.fr\/it\/denix\/colt-saa-cavalleria-1873-nickele-cal45\/\" target=\"_blank\" rel=\"noopener noreferrer\">Colt SAA Cavalerie 1873 nichelata calibro .45<\/a> delizier\u00e0 gli appassionati di armi storiche fedeli ai dettagli.<br \/>\nIl nostro sito offre una vasta gamma di oggetti da collezione: armi storiche, katana manga, figurine, gadget e accessori geek.<br \/>\nOgni pezzo \u00e8 selezionato con cura per combinare fedelt\u00e0 di riproduzione, qualit\u00e0 di fabbricazione e immersione visiva.<br \/>\nSiete alla ricerca di un regalo originale o di un pezzo raro da esporre? Il nostro catalogo propone articoli esclusivi introvabili altrove.<br \/>\nRepliqueMangaCine.fr si rivolge sia agli appassionati di cinema, videogiochi e manga, sia agli appassionati di storia militare o di armi antiche.<br \/>\nEntra a far parte della nostra community di collezionisti e vivi appieno la tua passione con le migliori repliche disponibili online!<\/p>","protected":false},"excerpt":{"rendered":"<p>Questo supporto \u00e8 stato progettato per esporre elegantemente una replica di revolver Colt western.<\/p>\n<p><strong>Specifiche tecniche:<\/strong><\/p>\n<ul>\n<li>Materiale: Legno (aspetto noce scuro o radica di noce, molto decorativo)<\/li>\n<li>Due robusti ganci in metallo per sostenere l'arma<\/li>\n<li>Supporto laterale fisso per 6 cartucce finte (solo compatibile con Colt Kolser)<\/li>\n<li>Colts Patent Repeating Pistols\" inciso su lastra d'oro, stile vittoriano.<\/li>\n<li>Targa con imitazione della firma di Samuel Colt (fondatore della Colt's Manufacturing Company)<\/li>\n<li>Lunghezza: 44,5 cm<\/li>\n<li>Larghezza: 18,5 cm<\/li>\n<\/ul>","protected":false},"featured_media":86689,"template":"","meta":[],"product_brand":[896],"product_cat":[51,90],"product_tag":[],"class_list":{"0":"post-86688","1":"product","2":"type-product","3":"status-publish","4":"has-post-thumbnail","6":"product_brand-replique-manga-cine","7":"product_cat-accessoires-western","8":"product_cat-holster-accessoires-western","10":"first","11":"instock","12":"taxable","13":"shipping-taxable","14":"purchasable","15":"product-type-simple"},"yoast_head":"<!-- This site is optimized with the Yoast SEO plugin v27.4 - https:\/\/yoast.com\/product\/yoast-seo-wordpress\/ -->\n<title>Support mural Kolser | R\u00e9plique Manga Cin\u00e9<\/title>\n<meta name=\"description\" content=\"Exposez votre revolver western avec style gr\u00e2ce au support mural Kolser en bois noble, avec crochets, fausses cartouches et plaque Colt d\u00e9corative.\" \/>\n<meta name=\"robots\" content=\"index, follow, max-snippet:-1, max-image-preview:large, max-video-preview:-1\" \/>\n<link rel=\"canonical\" href=\"https:\/\/repliquemangacine.fr\/it\/fondina-per-accessori-western\/staffa-a-parete-kolser\/\" \/>\n<meta property=\"og:locale\" content=\"it_IT\" \/>\n<meta property=\"og:type\" content=\"article\" \/>\n<meta property=\"og:title\" content=\"Support mural Kolser | R\u00e9plique Manga Cin\u00e9\" \/>\n<meta property=\"og:description\" content=\"Exposez votre revolver western avec style gr\u00e2ce au support mural Kolser en bois noble, avec crochets, fausses cartouches et plaque Colt d\u00e9corative.\" \/>\n<meta property=\"og:url\" content=\"https:\/\/repliquemangacine.fr\/it\/fondina-per-accessori-western\/staffa-a-parete-kolser\/\" \/>\n<meta property=\"og:site_name\" content=\"R\u00e9plique Manga Cin\u00e9\" \/>\n<meta property=\"article:publisher\" content=\"https:\/\/www.facebook.com\/RepliqueMangaCine\" \/>\n<meta property=\"article:modified_time\" content=\"2026-02-21T13:04:20+00:00\" \/>\n<meta property=\"og:image\" content=\"https:\/\/repliquemangacine.fr\/wp-content\/uploads\/2025\/07\/Plaque-de-presentation-colt-1064.jpg\" \/>\n\t<meta property=\"og:image:width\" content=\"700\" \/>\n\t<meta property=\"og:image:height\" content=\"500\" \/>\n\t<meta property=\"og:image:type\" content=\"image\/jpeg\" \/>\n<meta name=\"twitter:card\" content=\"summary_large_image\" \/>\n<meta name=\"twitter:label1\" content=\"Tempo di lettura stimato\" \/>\n\t<meta name=\"twitter:data1\" content=\"3 minuti\" \/>\n<script type=\"application\/ld+json\" class=\"yoast-schema-graph\">{\"@context\":\"https:\\\/\\\/schema.org\",\"@graph\":[{\"@type\":\"WebPage\",\"@id\":\"https:\\\/\\\/repliquemangacine.fr\\\/holster-accessoires-western\\\/support-mural-kolser\\\/\",\"url\":\"https:\\\/\\\/repliquemangacine.fr\\\/holster-accessoires-western\\\/support-mural-kolser\\\/\",\"name\":\"Support mural Kolser | R\u00e9plique Manga Cin\u00e9\",\"isPartOf\":{\"@id\":\"https:\\\/\\\/repliquemangacine.fr\\\/#website\"},\"primaryImageOfPage\":{\"@id\":\"https:\\\/\\\/repliquemangacine.fr\\\/holster-accessoires-western\\\/support-mural-kolser\\\/#primaryimage\"},\"image\":{\"@id\":\"https:\\\/\\\/repliquemangacine.fr\\\/holster-accessoires-western\\\/support-mural-kolser\\\/#primaryimage\"},\"thumbnailUrl\":\"https:\\\/\\\/repliquemangacine.fr\\\/wp-content\\\/uploads\\\/2025\\\/07\\\/Plaque-de-presentation-colt-1064.jpg\",\"datePublished\":\"2025-07-24T11:54:58+00:00\",\"dateModified\":\"2026-02-21T13:04:20+00:00\",\"description\":\"Exposez votre revolver western avec style gr\u00e2ce au support mural Kolser en bois noble, avec crochets, fausses cartouches et plaque Colt d\u00e9corative.\",\"breadcrumb\":{\"@id\":\"https:\\\/\\\/repliquemangacine.fr\\\/holster-accessoires-western\\\/support-mural-kolser\\\/#breadcrumb\"},\"inLanguage\":\"it-IT\",\"potentialAction\":[{\"@type\":\"ReadAction\",\"target\":[\"https:\\\/\\\/repliquemangacine.fr\\\/holster-accessoires-western\\\/support-mural-kolser\\\/\"]}]},{\"@type\":\"ImageObject\",\"inLanguage\":\"it-IT\",\"@id\":\"https:\\\/\\\/repliquemangacine.fr\\\/holster-accessoires-western\\\/support-mural-kolser\\\/#primaryimage\",\"url\":\"https:\\\/\\\/repliquemangacine.fr\\\/wp-content\\\/uploads\\\/2025\\\/07\\\/Plaque-de-presentation-colt-1064.jpg\",\"contentUrl\":\"https:\\\/\\\/repliquemangacine.fr\\\/wp-content\\\/uploads\\\/2025\\\/07\\\/Plaque-de-presentation-colt-1064.jpg\",\"width\":700,\"height\":500,\"caption\":\"Exposez votre revolver western avec style gr\u00e2ce au support mural Kolser en bois noble, avec crochets, fausses cartouches et plaque Colt d\u00e9corative.colt-1064\"},{\"@type\":\"BreadcrumbList\",\"@id\":\"https:\\\/\\\/repliquemangacine.fr\\\/holster-accessoires-western\\\/support-mural-kolser\\\/#breadcrumb\",\"itemListElement\":[{\"@type\":\"ListItem\",\"position\":1,\"name\":\"Accueil\",\"item\":\"https:\\\/\\\/repliquemangacine.fr\\\/\"},{\"@type\":\"ListItem\",\"position\":2,\"name\":\"Produits\",\"item\":\"https:\\\/\\\/repliquemangacine.fr\\\/boutique\\\/\"},{\"@type\":\"ListItem\",\"position\":3,\"name\":\"Support mural Kolser\"}]},{\"@type\":\"WebSite\",\"@id\":\"https:\\\/\\\/repliquemangacine.fr\\\/#website\",\"url\":\"https:\\\/\\\/repliquemangacine.fr\\\/\",\"name\":\"R\u00e9plique Manga Cin\u00e9\",\"description\":\"\",\"publisher\":{\"@id\":\"https:\\\/\\\/repliquemangacine.fr\\\/#organization\"},\"potentialAction\":[{\"@type\":\"SearchAction\",\"target\":{\"@type\":\"EntryPoint\",\"urlTemplate\":\"https:\\\/\\\/repliquemangacine.fr\\\/?s={search_term_string}\"},\"query-input\":{\"@type\":\"PropertyValueSpecification\",\"valueRequired\":true,\"valueName\":\"search_term_string\"}}],\"inLanguage\":\"it-IT\"},{\"@type\":\"Organization\",\"@id\":\"https:\\\/\\\/repliquemangacine.fr\\\/#organization\",\"name\":\"R\u00e9plique Manga Cin\u00e9\",\"url\":\"https:\\\/\\\/repliquemangacine.fr\\\/\",\"logo\":{\"@type\":\"ImageObject\",\"inLanguage\":\"it-IT\",\"@id\":\"https:\\\/\\\/repliquemangacine.fr\\\/#\\\/schema\\\/logo\\\/image\\\/\",\"url\":\"https:\\\/\\\/repliquemangacine.fr\\\/wp-content\\\/uploads\\\/2023\\\/10\\\/RMC-500250.png\",\"contentUrl\":\"https:\\\/\\\/repliquemangacine.fr\\\/wp-content\\\/uploads\\\/2023\\\/10\\\/RMC-500250.png\",\"width\":500,\"height\":250,\"caption\":\"R\u00e9plique Manga Cin\u00e9\"},\"image\":{\"@id\":\"https:\\\/\\\/repliquemangacine.fr\\\/#\\\/schema\\\/logo\\\/image\\\/\"},\"sameAs\":[\"https:\\\/\\\/www.facebook.com\\\/RepliqueMangaCine\",\"https:\\\/\\\/www.instagram.com\\\/repliquemangacine.fr\\\/\"]}]}<\/script>\n<!-- \/ Yoast SEO plugin. -->","yoast_head_json":{"title":"Staffa a parete Kolser | R\u00e9plique Manga Cin\u00e9","description":"Esponete il vostro revolver western con stile grazie al supporto da parete Kolser in legno pregiato, completo di ganci, cartucce finte e placca Colt decorativa.","robots":{"index":"index","follow":"follow","max-snippet":"max-snippet:-1","max-image-preview":"max-image-preview:large","max-video-preview":"max-video-preview:-1"},"canonical":"https:\/\/repliquemangacine.fr\/it\/fondina-per-accessori-western\/staffa-a-parete-kolser\/","og_locale":"it_IT","og_type":"article","og_title":"Support mural Kolser | R\u00e9plique Manga Cin\u00e9","og_description":"Exposez votre revolver western avec style gr\u00e2ce au support mural Kolser en bois noble, avec crochets, fausses cartouches et plaque Colt d\u00e9corative.","og_url":"https:\/\/repliquemangacine.fr\/it\/fondina-per-accessori-western\/staffa-a-parete-kolser\/","og_site_name":"R\u00e9plique Manga Cin\u00e9","article_publisher":"https:\/\/www.facebook.com\/RepliqueMangaCine","article_modified_time":"2026-02-21T13:04:20+00:00","og_image":[{"width":700,"height":500,"url":"https:\/\/repliquemangacine.fr\/wp-content\/uploads\/2025\/07\/Plaque-de-presentation-colt-1064.jpg","type":"image\/jpeg"}],"twitter_card":"summary_large_image","twitter_misc":{"Tempo di lettura stimato":"3 minuti"},"schema":{"@context":"https:\/\/schema.org","@graph":[{"@type":"WebPage","@id":"https:\/\/repliquemangacine.fr\/holster-accessoires-western\/support-mural-kolser\/","url":"https:\/\/repliquemangacine.fr\/holster-accessoires-western\/support-mural-kolser\/","name":"Staffa a parete Kolser | R\u00e9plique Manga Cin\u00e9","isPartOf":{"@id":"https:\/\/repliquemangacine.fr\/#website"},"primaryImageOfPage":{"@id":"https:\/\/repliquemangacine.fr\/holster-accessoires-western\/support-mural-kolser\/#primaryimage"},"image":{"@id":"https:\/\/repliquemangacine.fr\/holster-accessoires-western\/support-mural-kolser\/#primaryimage"},"thumbnailUrl":"https:\/\/repliquemangacine.fr\/wp-content\/uploads\/2025\/07\/Plaque-de-presentation-colt-1064.jpg","datePublished":"2025-07-24T11:54:58+00:00","dateModified":"2026-02-21T13:04:20+00:00","description":"Esponete il vostro revolver western con stile grazie al supporto da parete Kolser in legno pregiato, completo di ganci, cartucce finte e placca Colt decorativa.","breadcrumb":{"@id":"https:\/\/repliquemangacine.fr\/holster-accessoires-western\/support-mural-kolser\/#breadcrumb"},"inLanguage":"it-IT","potentialAction":[{"@type":"ReadAction","target":["https:\/\/repliquemangacine.fr\/holster-accessoires-western\/support-mural-kolser\/"]}]},{"@type":"ImageObject","inLanguage":"it-IT","@id":"https:\/\/repliquemangacine.fr\/holster-accessoires-western\/support-mural-kolser\/#primaryimage","url":"https:\/\/repliquemangacine.fr\/wp-content\/uploads\/2025\/07\/Plaque-de-presentation-colt-1064.jpg","contentUrl":"https:\/\/repliquemangacine.fr\/wp-content\/uploads\/2025\/07\/Plaque-de-presentation-colt-1064.jpg","width":700,"height":500,"caption":"Exposez votre revolver western avec style gr\u00e2ce au support mural Kolser en bois noble, avec crochets, fausses cartouches et plaque Colt d\u00e9corative.colt-1064"},{"@type":"BreadcrumbList","@id":"https:\/\/repliquemangacine.fr\/holster-accessoires-western\/support-mural-kolser\/#breadcrumb","itemListElement":[{"@type":"ListItem","position":1,"name":"Accueil","item":"https:\/\/repliquemangacine.fr\/"},{"@type":"ListItem","position":2,"name":"Produits","item":"https:\/\/repliquemangacine.fr\/boutique\/"},{"@type":"ListItem","position":3,"name":"Support mural Kolser"}]},{"@type":"WebSite","@id":"https:\/\/repliquemangacine.fr\/#website","url":"https:\/\/repliquemangacine.fr\/","name":"R\u00e9plique Manga Cin\u00e9","description":"","publisher":{"@id":"https:\/\/repliquemangacine.fr\/#organization"},"potentialAction":[{"@type":"SearchAction","target":{"@type":"EntryPoint","urlTemplate":"https:\/\/repliquemangacine.fr\/?s={search_term_string}"},"query-input":{"@type":"PropertyValueSpecification","valueRequired":true,"valueName":"search_term_string"}}],"inLanguage":"it-IT"},{"@type":"Organization","@id":"https:\/\/repliquemangacine.fr\/#organization","name":"R\u00e9plique Manga Cin\u00e9","url":"https:\/\/repliquemangacine.fr\/","logo":{"@type":"ImageObject","inLanguage":"it-IT","@id":"https:\/\/repliquemangacine.fr\/#\/schema\/logo\/image\/","url":"https:\/\/repliquemangacine.fr\/wp-content\/uploads\/2023\/10\/RMC-500250.png","contentUrl":"https:\/\/repliquemangacine.fr\/wp-content\/uploads\/2023\/10\/RMC-500250.png","width":500,"height":250,"caption":"R\u00e9plique Manga Cin\u00e9"},"image":{"@id":"https:\/\/repliquemangacine.fr\/#\/schema\/logo\/image\/"},"sameAs":["https:\/\/www.facebook.com\/RepliqueMangaCine","https:\/\/www.instagram.com\/repliquemangacine.fr\/"]}]}},"_links":{"self":[{"href":"https:\/\/repliquemangacine.fr\/it\/wp-json\/wp\/v2\/product\/86688","targetHints":{"allow":["GET"]}}],"collection":[{"href":"https:\/\/repliquemangacine.fr\/it\/wp-json\/wp\/v2\/product"}],"about":[{"href":"https:\/\/repliquemangacine.fr\/it\/wp-json\/wp\/v2\/types\/product"}],"wp:featuredmedia":[{"embeddable":true,"href":"https:\/\/repliquemangacine.fr\/it\/wp-json\/wp\/v2\/media\/86689"}],"wp:attachment":[{"href":"https:\/\/repliquemangacine.fr\/it\/wp-json\/wp\/v2\/media?parent=86688"}],"wp:term":[{"taxonomy":"product_brand","embeddable":true,"href":"https:\/\/repliquemangacine.fr\/it\/wp-json\/wp\/v2\/product_brand?post=86688"},{"taxonomy":"product_cat","embeddable":true,"href":"https:\/\/repliquemangacine.fr\/it\/wp-json\/wp\/v2\/product_cat?post=86688"},{"taxonomy":"product_tag","embeddable":true,"href":"https:\/\/repliquemangacine.fr\/it\/wp-json\/wp\/v2\/product_tag?post=86688"}],"curies":[{"name":"wp","href":"https:\/\/api.w.org\/{rel}","templated":true}]}}