





{"id":86686,"date":"2025-07-24T11:55:27","date_gmt":"2025-07-24T09:55:27","guid":{"rendered":"https:\/\/repliquemangacine.fr\/?post_type=product&#038;p=86686"},"modified":"2025-11-12T23:52:48","modified_gmt":"2025-11-12T22:52:48","slug":"colt-4-75-cornice-di-presentazione","status":"publish","type":"product","link":"https:\/\/repliquemangacine.fr\/it\/non-classe\/cadre-de-presentation-colt-4-75\/","title":{"rendered":"Colt 4,75\u2033 telaio di presentazione"},"content":{"rendered":"<h2>Una cornice di presentazione Colt 4,75\u2033 - La qualit\u00e0 Kolser al suo meglio<\/h2>\n<p>Iniziamo a dare un'occhiata a questa Colt 4.75\u2033 Presentation Frame. <a href=\"https:\/\/kolser.com\/fr\/\" target=\"_blank\" rel=\"noopener noreferrer\">Kolser<\/a> \u00e8 perfettamente compatibile con le pistole Colt Single Action Army con canna da 4,75 pollici.<br \/>\nPer cominciare, realizzato con cura, il suo telaio in legno scuro contrasta elegantemente con il feltro verde, creando un effetto visivo sorprendente.<br \/>\nInoltre, i ganci metallici integrati garantiscono un fissaggio solido ed estetico dell'arma e delle munizioni finte.<br \/>\nIl supporto include sei cartucce metalliche finte (compatibili solo con le pistole Kolser) e una targhetta dorata \u201cColts Patent Repeating Pistols\u201d in stile autentico.<br \/>\nIn sintesi, questa cornice \u00e8 la soluzione ideale per valorizzare con eleganza il vostro Colt aggiungendo un tocco western autentico.<br \/>\nOra potete esporre la vostra pistola Colt come in un museo, per un risultato sorprendente e professionale.<br \/>\nInfine, questa creazione Kolser non si limita ad essere bella: rende omaggio a un'arma mitica del West americano.<\/p>\n<h2>L'eleganza al servizio del dettaglio - Perch\u00e9 questa cornice \u00e8 un must-have<\/h2>\n<p>Oltre ad essere decorativo, questo telaio espositivo Kolser svolge anche un ruolo centrale nella messa in scena delle vostre repliche.<br \/>\nAd esempio, il suo stile western classico si adatta perfettamente al mondo dei collezionisti appassionati di armi autentiche del Far West.<br \/>\nInoltre, la targa incisa in ottone rafforza la dimensione storica della vostra stanza, per un effetto ancora pi\u00f9 coinvolgente.<br \/>\nEcco perch\u00e9 questo prodotto si distingue nettamente dai semplici supporti: offre una vera e propria decorazione alla vostra arma leggendaria.<br \/>\nSi tratta quindi di un accessorio di prima scelta per tutti gli appassionati che desiderano esporre la propria pistola con carattere.<br \/>\nIn altre parole, questa cornice non \u00e8 un semplice espositore: \u00e8 un'immersione diretta nella storia del selvaggio West.<br \/>\nIn definitiva, trasforma un'arma statica in un vero e proprio quadro vivente, affascinante e autentico per tutti gli appassionati.<\/p>\n<h2>Trova altre repliche occidentali e oggetti da collezione su RepliqueMangaCine.fr<\/h2>\n<p>Sul nostro sito web <strong>RepliqueMangaCine.fr<\/strong>, troverete molto pi\u00f9 di questa magnifica cornice per revolver Colt.<br \/>\nInfatti, proponiamo repliche autentiche come <a href=\"https:\/\/repliquemangacine.fr\/it\/pistola-kolser\/colt-45-lucidato-4-75-pollici-1873-caso-kolser\/\" target=\"_blank\" rel=\"noopener noreferrer\">Colt 1873 lucidato 4,75\u2033 Custodia Kolser<\/a>, con finiture eccezionali.<br \/>\nInoltre, non perdetevi il nostro <a href=\"https:\/\/repliquemangacine.fr\/it\/denix\/colt-singola-azione-1873-peacemaker-le-frontier\/\" target=\"_blank\" rel=\"noopener noreferrer\">Colt singola azione 1873 Peacemaker Le Frontier Denix<\/a>, un pezzo emblematico del Far West.<br \/>\nMa non \u00e8 tutto: il nostro negozio \u00e8 pieno di spade, katana, gladi, armi storiche e oggetti della cultura pop.<br \/>\nCos\u00ec, gli appassionati di One Piece, Zelda, The Witcher, Game of Thrones o Assassin's Creed troveranno ci\u00f2 che fa al caso loro.<br \/>\nInoltre, tutti i nostri prodotti sono pensati per gli amanti dei pezzi di pregio, che si tratti di repliche o di decorazioni geek.<br \/>\nIn altre parole, che tu sia un appassionato di cinema, un collezionista di armi o un fan dei manga, il nostro sito ha ci\u00f2 che fa per te.<br \/>\nInfine, visitate <strong>RepliqueMangaCine.fr<\/strong> e immergetevi in un catalogo ricco di emozioni, armi di culto e oggetti leggendari.<\/p>","protected":false},"excerpt":{"rendered":"<p>Appositamente progettato per contenere repliche Colt .45 con canna da 4,75 pollici.<\/p>\n<p><strong>Incluso nel prezzo :<\/strong><\/p>\n<ul>\n<li>6 proiettili di metallo finti (non funzionanti)<\/li>\n<li>Una placca d'oro incisa: Colts Patent Repeating Pistols<\/li>\n<li>Sistema di fissaggio interno (ganci metallici) per l'esposizione di revolver + proiettili<\/li>\n<li>\u00a0Materiali: Struttura in legno<\/li>\n<li>Sfondo in feltro verde<\/li>\n<li>Dettagli in metallo (ganci + munizioni fittizie + piastra)<\/li>\n<li>Larghezza: 33 cm<\/li>\n<li>Altezza: 24 cm<\/li>\n<li>Profondit\u00e0: 4,5 cm<\/li>\n<\/ul>","protected":false},"featured_media":86666,"template":"","meta":[],"product_brand":[896],"product_cat":[22],"product_tag":[],"class_list":{"0":"post-86686","1":"product","2":"type-product","3":"status-publish","4":"has-post-thumbnail","6":"product_brand-replique-manga-cine","7":"product_cat-non-classe","9":"first","10":"instock","11":"taxable","12":"shipping-taxable","13":"purchasable","14":"product-type-simple"},"yoast_head":"<!-- This site is optimized with the Yoast SEO plugin v27.4 - https:\/\/yoast.com\/product\/yoast-seo-wordpress\/ -->\n<title>Cadre de pr\u00e9sentation Colt 4.75&quot;- Kolser | R\u00e9plique Manga Cin\u00e9<\/title>\n<meta name=\"description\" content=\"Exposez votre revolver western avec style gr\u00e2ce \u00e0 ce cadre de pr\u00e9sentation pour Colt 4.75&quot;. \u00c9l\u00e9gant, robuste et sign\u00e9 Kolser !\" \/>\n<meta name=\"robots\" content=\"index, follow, max-snippet:-1, max-image-preview:large, max-video-preview:-1\" \/>\n<link rel=\"canonical\" href=\"https:\/\/repliquemangacine.fr\/it\/non-classificato\/colt-4-75-cornice-di-presentazione\/\" \/>\n<meta property=\"og:locale\" content=\"it_IT\" \/>\n<meta property=\"og:type\" content=\"article\" \/>\n<meta property=\"og:title\" content=\"Cadre de pr\u00e9sentation Colt 4.75&quot;- Kolser | R\u00e9plique Manga Cin\u00e9\" \/>\n<meta property=\"og:description\" content=\"Exposez votre revolver western avec style gr\u00e2ce \u00e0 ce cadre de pr\u00e9sentation pour Colt 4.75&quot;. \u00c9l\u00e9gant, robuste et sign\u00e9 Kolser !\" \/>\n<meta property=\"og:url\" content=\"https:\/\/repliquemangacine.fr\/it\/non-classificato\/colt-4-75-cornice-di-presentazione\/\" \/>\n<meta property=\"og:site_name\" content=\"R\u00e9plique Manga Cin\u00e9\" \/>\n<meta property=\"article:publisher\" content=\"https:\/\/www.facebook.com\/RepliqueMangaCine\" \/>\n<meta property=\"article:modified_time\" content=\"2025-11-12T22:52:48+00:00\" \/>\n<meta property=\"og:image\" content=\"https:\/\/repliquemangacine.fr\/wp-content\/uploads\/2025\/07\/Cadre-de-presentation-pour-colt-1062.jpg\" \/>\n\t<meta property=\"og:image:width\" content=\"700\" \/>\n\t<meta property=\"og:image:height\" content=\"500\" \/>\n\t<meta property=\"og:image:type\" content=\"image\/jpeg\" \/>\n<meta name=\"twitter:card\" content=\"summary_large_image\" \/>\n<meta name=\"twitter:label1\" content=\"Tempo di lettura stimato\" \/>\n\t<meta name=\"twitter:data1\" content=\"3 minuti\" \/>\n<script type=\"application\/ld+json\" class=\"yoast-schema-graph\">{\"@context\":\"https:\\\/\\\/schema.org\",\"@graph\":[{\"@type\":\"WebPage\",\"@id\":\"https:\\\/\\\/repliquemangacine.fr\\\/non-classe\\\/cadre-de-presentation-colt-4-75\\\/\",\"url\":\"https:\\\/\\\/repliquemangacine.fr\\\/non-classe\\\/cadre-de-presentation-colt-4-75\\\/\",\"name\":\"Cadre de pr\u00e9sentation Colt 4.75\\\"- Kolser | R\u00e9plique Manga Cin\u00e9\",\"isPartOf\":{\"@id\":\"https:\\\/\\\/repliquemangacine.fr\\\/#website\"},\"primaryImageOfPage\":{\"@id\":\"https:\\\/\\\/repliquemangacine.fr\\\/non-classe\\\/cadre-de-presentation-colt-4-75\\\/#primaryimage\"},\"image\":{\"@id\":\"https:\\\/\\\/repliquemangacine.fr\\\/non-classe\\\/cadre-de-presentation-colt-4-75\\\/#primaryimage\"},\"thumbnailUrl\":\"https:\\\/\\\/repliquemangacine.fr\\\/wp-content\\\/uploads\\\/2025\\\/07\\\/Cadre-de-presentation-pour-colt-1062.jpg\",\"datePublished\":\"2025-07-24T09:55:27+00:00\",\"dateModified\":\"2025-11-12T22:52:48+00:00\",\"description\":\"Exposez votre revolver western avec style gr\u00e2ce \u00e0 ce cadre de pr\u00e9sentation pour Colt 4.75\\\". \u00c9l\u00e9gant, robuste et sign\u00e9 Kolser !\",\"breadcrumb\":{\"@id\":\"https:\\\/\\\/repliquemangacine.fr\\\/non-classe\\\/cadre-de-presentation-colt-4-75\\\/#breadcrumb\"},\"inLanguage\":\"it-IT\",\"potentialAction\":[{\"@type\":\"ReadAction\",\"target\":[\"https:\\\/\\\/repliquemangacine.fr\\\/non-classe\\\/cadre-de-presentation-colt-4-75\\\/\"]}]},{\"@type\":\"ImageObject\",\"inLanguage\":\"it-IT\",\"@id\":\"https:\\\/\\\/repliquemangacine.fr\\\/non-classe\\\/cadre-de-presentation-colt-4-75\\\/#primaryimage\",\"url\":\"https:\\\/\\\/repliquemangacine.fr\\\/wp-content\\\/uploads\\\/2025\\\/07\\\/Cadre-de-presentation-pour-colt-1062.jpg\",\"contentUrl\":\"https:\\\/\\\/repliquemangacine.fr\\\/wp-content\\\/uploads\\\/2025\\\/07\\\/Cadre-de-presentation-pour-colt-1062.jpg\",\"width\":700,\"height\":500,\"caption\":\"Cadre-de-pr\u00e9sentation-pour-colt-1062\"},{\"@type\":\"BreadcrumbList\",\"@id\":\"https:\\\/\\\/repliquemangacine.fr\\\/non-classe\\\/cadre-de-presentation-colt-4-75\\\/#breadcrumb\",\"itemListElement\":[{\"@type\":\"ListItem\",\"position\":1,\"name\":\"Accueil\",\"item\":\"https:\\\/\\\/repliquemangacine.fr\\\/\"},{\"@type\":\"ListItem\",\"position\":2,\"name\":\"Produits\",\"item\":\"https:\\\/\\\/repliquemangacine.fr\\\/boutique\\\/\"},{\"@type\":\"ListItem\",\"position\":3,\"name\":\"Cadre de pr\u00e9sentation Colt 4.75&#8243;\"}]},{\"@type\":\"WebSite\",\"@id\":\"https:\\\/\\\/repliquemangacine.fr\\\/#website\",\"url\":\"https:\\\/\\\/repliquemangacine.fr\\\/\",\"name\":\"R\u00e9plique Manga Cin\u00e9\",\"description\":\"\",\"publisher\":{\"@id\":\"https:\\\/\\\/repliquemangacine.fr\\\/#organization\"},\"potentialAction\":[{\"@type\":\"SearchAction\",\"target\":{\"@type\":\"EntryPoint\",\"urlTemplate\":\"https:\\\/\\\/repliquemangacine.fr\\\/?s={search_term_string}\"},\"query-input\":{\"@type\":\"PropertyValueSpecification\",\"valueRequired\":true,\"valueName\":\"search_term_string\"}}],\"inLanguage\":\"it-IT\"},{\"@type\":\"Organization\",\"@id\":\"https:\\\/\\\/repliquemangacine.fr\\\/#organization\",\"name\":\"R\u00e9plique Manga Cin\u00e9\",\"url\":\"https:\\\/\\\/repliquemangacine.fr\\\/\",\"logo\":{\"@type\":\"ImageObject\",\"inLanguage\":\"it-IT\",\"@id\":\"https:\\\/\\\/repliquemangacine.fr\\\/#\\\/schema\\\/logo\\\/image\\\/\",\"url\":\"https:\\\/\\\/repliquemangacine.fr\\\/wp-content\\\/uploads\\\/2023\\\/10\\\/RMC-500250.png\",\"contentUrl\":\"https:\\\/\\\/repliquemangacine.fr\\\/wp-content\\\/uploads\\\/2023\\\/10\\\/RMC-500250.png\",\"width\":500,\"height\":250,\"caption\":\"R\u00e9plique Manga Cin\u00e9\"},\"image\":{\"@id\":\"https:\\\/\\\/repliquemangacine.fr\\\/#\\\/schema\\\/logo\\\/image\\\/\"},\"sameAs\":[\"https:\\\/\\\/www.facebook.com\\\/RepliqueMangaCine\",\"https:\\\/\\\/www.instagram.com\\\/repliquemangacine.fr\\\/\"]}]}<\/script>\n<!-- \/ Yoast SEO plugin. -->","yoast_head_json":{"title":"Cornice di presentazione Colt 4,75\" - Kolser | R\u00e9plique Manga Cin\u00e9","description":"Esponete il vostro revolver western con stile grazie a questa cornice di presentazione per Colt 4,75\". Elegante, robusta e realizzata da Kolser!","robots":{"index":"index","follow":"follow","max-snippet":"max-snippet:-1","max-image-preview":"max-image-preview:large","max-video-preview":"max-video-preview:-1"},"canonical":"https:\/\/repliquemangacine.fr\/it\/non-classificato\/colt-4-75-cornice-di-presentazione\/","og_locale":"it_IT","og_type":"article","og_title":"Cadre de pr\u00e9sentation Colt 4.75\"- Kolser | R\u00e9plique Manga Cin\u00e9","og_description":"Exposez votre revolver western avec style gr\u00e2ce \u00e0 ce cadre de pr\u00e9sentation pour Colt 4.75\". \u00c9l\u00e9gant, robuste et sign\u00e9 Kolser !","og_url":"https:\/\/repliquemangacine.fr\/it\/non-classificato\/colt-4-75-cornice-di-presentazione\/","og_site_name":"R\u00e9plique Manga Cin\u00e9","article_publisher":"https:\/\/www.facebook.com\/RepliqueMangaCine","article_modified_time":"2025-11-12T22:52:48+00:00","og_image":[{"width":700,"height":500,"url":"https:\/\/repliquemangacine.fr\/wp-content\/uploads\/2025\/07\/Cadre-de-presentation-pour-colt-1062.jpg","type":"image\/jpeg"}],"twitter_card":"summary_large_image","twitter_misc":{"Tempo di lettura stimato":"3 minuti"},"schema":{"@context":"https:\/\/schema.org","@graph":[{"@type":"WebPage","@id":"https:\/\/repliquemangacine.fr\/non-classe\/cadre-de-presentation-colt-4-75\/","url":"https:\/\/repliquemangacine.fr\/non-classe\/cadre-de-presentation-colt-4-75\/","name":"Cornice di presentazione Colt 4,75\" - Kolser | R\u00e9plique Manga Cin\u00e9","isPartOf":{"@id":"https:\/\/repliquemangacine.fr\/#website"},"primaryImageOfPage":{"@id":"https:\/\/repliquemangacine.fr\/non-classe\/cadre-de-presentation-colt-4-75\/#primaryimage"},"image":{"@id":"https:\/\/repliquemangacine.fr\/non-classe\/cadre-de-presentation-colt-4-75\/#primaryimage"},"thumbnailUrl":"https:\/\/repliquemangacine.fr\/wp-content\/uploads\/2025\/07\/Cadre-de-presentation-pour-colt-1062.jpg","datePublished":"2025-07-24T09:55:27+00:00","dateModified":"2025-11-12T22:52:48+00:00","description":"Esponete il vostro revolver western con stile grazie a questa cornice di presentazione per Colt 4,75\". Elegante, robusta e realizzata da Kolser!","breadcrumb":{"@id":"https:\/\/repliquemangacine.fr\/non-classe\/cadre-de-presentation-colt-4-75\/#breadcrumb"},"inLanguage":"it-IT","potentialAction":[{"@type":"ReadAction","target":["https:\/\/repliquemangacine.fr\/non-classe\/cadre-de-presentation-colt-4-75\/"]}]},{"@type":"ImageObject","inLanguage":"it-IT","@id":"https:\/\/repliquemangacine.fr\/non-classe\/cadre-de-presentation-colt-4-75\/#primaryimage","url":"https:\/\/repliquemangacine.fr\/wp-content\/uploads\/2025\/07\/Cadre-de-presentation-pour-colt-1062.jpg","contentUrl":"https:\/\/repliquemangacine.fr\/wp-content\/uploads\/2025\/07\/Cadre-de-presentation-pour-colt-1062.jpg","width":700,"height":500,"caption":"Cadre-de-pr\u00e9sentation-pour-colt-1062"},{"@type":"BreadcrumbList","@id":"https:\/\/repliquemangacine.fr\/non-classe\/cadre-de-presentation-colt-4-75\/#breadcrumb","itemListElement":[{"@type":"ListItem","position":1,"name":"Accueil","item":"https:\/\/repliquemangacine.fr\/"},{"@type":"ListItem","position":2,"name":"Produits","item":"https:\/\/repliquemangacine.fr\/boutique\/"},{"@type":"ListItem","position":3,"name":"Cadre de pr\u00e9sentation Colt 4.75&#8243;"}]},{"@type":"WebSite","@id":"https:\/\/repliquemangacine.fr\/#website","url":"https:\/\/repliquemangacine.fr\/","name":"R\u00e9plique Manga Cin\u00e9","description":"","publisher":{"@id":"https:\/\/repliquemangacine.fr\/#organization"},"potentialAction":[{"@type":"SearchAction","target":{"@type":"EntryPoint","urlTemplate":"https:\/\/repliquemangacine.fr\/?s={search_term_string}"},"query-input":{"@type":"PropertyValueSpecification","valueRequired":true,"valueName":"search_term_string"}}],"inLanguage":"it-IT"},{"@type":"Organization","@id":"https:\/\/repliquemangacine.fr\/#organization","name":"R\u00e9plique Manga Cin\u00e9","url":"https:\/\/repliquemangacine.fr\/","logo":{"@type":"ImageObject","inLanguage":"it-IT","@id":"https:\/\/repliquemangacine.fr\/#\/schema\/logo\/image\/","url":"https:\/\/repliquemangacine.fr\/wp-content\/uploads\/2023\/10\/RMC-500250.png","contentUrl":"https:\/\/repliquemangacine.fr\/wp-content\/uploads\/2023\/10\/RMC-500250.png","width":500,"height":250,"caption":"R\u00e9plique Manga Cin\u00e9"},"image":{"@id":"https:\/\/repliquemangacine.fr\/#\/schema\/logo\/image\/"},"sameAs":["https:\/\/www.facebook.com\/RepliqueMangaCine","https:\/\/www.instagram.com\/repliquemangacine.fr\/"]}]}},"_links":{"self":[{"href":"https:\/\/repliquemangacine.fr\/it\/wp-json\/wp\/v2\/product\/86686","targetHints":{"allow":["GET"]}}],"collection":[{"href":"https:\/\/repliquemangacine.fr\/it\/wp-json\/wp\/v2\/product"}],"about":[{"href":"https:\/\/repliquemangacine.fr\/it\/wp-json\/wp\/v2\/types\/product"}],"wp:featuredmedia":[{"embeddable":true,"href":"https:\/\/repliquemangacine.fr\/it\/wp-json\/wp\/v2\/media\/86666"}],"wp:attachment":[{"href":"https:\/\/repliquemangacine.fr\/it\/wp-json\/wp\/v2\/media?parent=86686"}],"wp:term":[{"taxonomy":"product_brand","embeddable":true,"href":"https:\/\/repliquemangacine.fr\/it\/wp-json\/wp\/v2\/product_brand?post=86686"},{"taxonomy":"product_cat","embeddable":true,"href":"https:\/\/repliquemangacine.fr\/it\/wp-json\/wp\/v2\/product_cat?post=86686"},{"taxonomy":"product_tag","embeddable":true,"href":"https:\/\/repliquemangacine.fr\/it\/wp-json\/wp\/v2\/product_tag?post=86686"}],"curies":[{"name":"wp","href":"https:\/\/api.w.org\/{rel}","templated":true}]}}