





{"id":86664,"date":"2025-07-23T15:59:11","date_gmt":"2025-07-23T13:59:11","guid":{"rendered":"https:\/\/repliquemangacine.fr\/?post_type=product&#038;p=86664"},"modified":"2026-02-19T10:17:03","modified_gmt":"2026-02-19T09:17:03","slug":"cornice-di-presentazione-per-colt","status":"publish","type":"product","link":"https:\/\/repliquemangacine.fr\/it\/western-repliques-armes\/cadre-de-presentation-pour-colt\/","title":{"rendered":"Cornice di presentazione per Colt 5.5"},"content":{"rendered":"<h2>Una cornice di presentazione per Colt 5.5 in autentico stile western<\/h2>\n<p>Iniziamo a vedere questa cornice di presentazione per la Colt 5.5 realizzata da <a href=\"https:\/\/kolser.com\/fr\/\" target=\"_blank\" rel=\"noopener noreferrer\">Kolser<\/a>, in legno massello con finitura rustica, ideale per un ambiente western elegante e autentico.<br \/>\nInnanzitutto, grazie al suo sfondo in velluto verde, la tua replica di revolver risalta perfettamente, creando un effetto sorprendente.<br \/>\nIn secondo luogo, la targhetta dorata \u201cColts Patent Repeating Pistols\u201d conferisce un tocco di storia e autenticit\u00e0 all'intera presentazione.<br \/>\nInfine, due ganci metallici integrati consentono di fissare facilmente una pistola e le munizioni finte fornite nella cornice.<br \/>\nQuesta cornice decorativa \u00e8 perfetta per una replica della Colt Single Action Army, detta anche \u201cPeacemaker\u201d.<br \/>\nFacile da installare, questa cornice \u00e8 un valore sicuro sia per i collezionisti che per gli appassionati di film western.<br \/>\nInsomma, \u00e8 un prodotto tanto decorativo quanto simbolico, all'altezza delle vostre pi\u00f9 belle repliche western.<\/p>\n<h2>Perch\u00e9 questa montatura \u00e8 ideale per la vostra Colt 5.5<\/h2>\n<p>Questa cornice \u00e8 stata appositamente progettata per ospitare una pistola Colt con canna da 5,5 pollici, un formato molto comune nelle repliche.<br \/>\nGrazie alle sue dimensioni adeguate, garantisce una presentazione perfettamente equilibrata, senza forzare o danneggiare la vostra replica.<br \/>\nInoltre, i supporti metallici integrati garantiscono un ottimo sostegno mantenendo un risultato estetico impeccabile.<br \/>\nA differenza di altri telai generici, questo si adatta perfettamente alla forma della Colt 5.5 per un risultato da museo.<br \/>\nInoltre, le munizioni finte incluse aggiungono un vero valore visivo e rafforzano il realismo dell'insieme esposto.<br \/>\nInoltre, attira immediatamente l'attenzione, diventando il punto focale di qualsiasi stanza in cui \u00e8 appeso.<br \/>\nIn conclusione, \u00e8 un accessorio indispensabile per valorizzare il vostro Colt e dargli il posto che merita.<\/p>\n<h2>Scopri le altre repliche di Peacemaker su Repliquemangacine<\/h2>\n<p>Sul nostro sito web <strong>Repliquemangacine<\/strong>, scoprite una selezione esclusiva di repliche della famosa Colt Peacemaker calibro .45 da 5,5 pollici.<br \/>\nTra i nostri imperdibili, scoprite il <a href=\"https:\/\/repliquemangacine.fr\/it\/denix\/revolver-colt-peacemaker-55-pollici-calibro-45-2\/\" target=\"_blank\" rel=\"noopener noreferrer\">Revolver Colt Peacemaker 5,5 pollici di Denix<\/a>, finitura metallica realistica e maniglia in finto legno.<br \/>\nProponiamo anche il magnifico <a href=\"https:\/\/repliquemangacine.fr\/it\/pistola-kolser\/colt-peacemaker-kolser-5-5-snake\/\" target=\"_blank\" rel=\"noopener noreferrer\">Colt Peacemaker Kolser 5,5 Snake<\/a>, dal look unico con il suo cannone inciso e le sue finiture curate.<br \/>\nQuesti ultimi si adattano perfettamente alla cornice di presentazione Kolser.<br \/>\nA <strong>Repliquemangacine<\/strong>, Ogni pezzo \u00e8 stato scelto per la sua qualit\u00e0, il suo realismo e il suo potenziale decorativo.<br \/>\nI nostri clienti appassionati apprezzano il connubio tra autenticit\u00e0 storica e allestimenti degni dei migliori set cinematografici.<br \/>\nAggiungi un tocco western al tuo arredamento o completa la tua collezione con repliche di alta qualit\u00e0.<br \/>\nE naturalmente approfittate della nostra consegna rapida e di un servizio clienti attento a qualsiasi domanda o consiglio.<\/p>","protected":false},"excerpt":{"rendered":"<p><strong>Dettagli del prodotto :<\/strong><\/p>\n<ul>\n<li>Marchio : Kolser<\/li>\n<li>Si adatta perfettamente alla Colt da 5,5\".<\/li>\n<li>Struttura in legno in stile rustico, finitura scura per un effetto autentico<\/li>\n<li>Interno in velluto verde scuro, perfetto per mettere in risalto la replica e le munizioni<\/li>\n<li>Placca in metallo dorato con elegante incisione: \"Colts Patent Repeating Pistols\".<\/li>\n<li>Staffe metalliche integrate per il fissaggio di pistole e munizioni (rimovibili)<\/li>\n<li>Progettato per essere appeso a una parete o esposto su un mobile<\/li>\n<\/ul>","protected":false},"featured_media":86674,"template":"","meta":[],"product_brand":[896],"product_cat":[51,90,27,64],"product_tag":[],"class_list":{"0":"post-86664","1":"product","2":"type-product","3":"status-publish","4":"has-post-thumbnail","6":"product_brand-replique-manga-cine","7":"product_cat-accessoires-western","8":"product_cat-holster-accessoires-western","9":"product_cat-armes-et-accessoires-western","10":"product_cat-western-repliques-armes","12":"first","13":"instock","14":"taxable","15":"shipping-taxable","16":"purchasable","17":"product-type-simple"},"yoast_head":"<!-- This site is optimized with the Yoast SEO plugin v27.4 - https:\/\/yoast.com\/product\/yoast-seo-wordpress\/ -->\n<title>Cadre de pr\u00e9sentation pour Colt 5.5 - Kolser | R\u00e9plique Manga Cin\u00e9<\/title>\n<meta name=\"description\" content=\"Cadre de pr\u00e9sentation pour Colt en bois avec fond velours vert et plaque dor\u00e9e. Id\u00e9al pour collectionneurs et d\u00e9co Western.\" \/>\n<meta name=\"robots\" content=\"index, follow, max-snippet:-1, max-image-preview:large, max-video-preview:-1\" \/>\n<link rel=\"canonical\" href=\"https:\/\/repliquemangacine.fr\/it\/armi-replica-occidentali\/cornice-di-presentazione-per-colt\/\" \/>\n<meta property=\"og:locale\" content=\"it_IT\" \/>\n<meta property=\"og:type\" content=\"article\" \/>\n<meta property=\"og:title\" content=\"Cadre de pr\u00e9sentation pour Colt 5.5 - Kolser | R\u00e9plique Manga Cin\u00e9\" \/>\n<meta property=\"og:description\" content=\"Cadre de pr\u00e9sentation pour Colt en bois avec fond velours vert et plaque dor\u00e9e. Id\u00e9al pour collectionneurs et d\u00e9co Western.\" \/>\n<meta property=\"og:url\" content=\"https:\/\/repliquemangacine.fr\/it\/armi-replica-occidentali\/cornice-di-presentazione-per-colt\/\" \/>\n<meta property=\"og:site_name\" content=\"R\u00e9plique Manga Cin\u00e9\" \/>\n<meta property=\"article:publisher\" content=\"https:\/\/www.facebook.com\/RepliqueMangaCine\" \/>\n<meta property=\"article:modified_time\" content=\"2026-02-19T09:17:03+00:00\" \/>\n<meta property=\"og:image\" content=\"https:\/\/repliquemangacine.fr\/wp-content\/uploads\/2025\/07\/Cadre-de-presentation-pour-colt-1065.jpg\" \/>\n\t<meta property=\"og:image:width\" content=\"700\" \/>\n\t<meta property=\"og:image:height\" content=\"500\" \/>\n\t<meta property=\"og:image:type\" content=\"image\/jpeg\" \/>\n<meta name=\"twitter:card\" content=\"summary_large_image\" \/>\n<meta name=\"twitter:label1\" content=\"Tempo di lettura stimato\" \/>\n\t<meta name=\"twitter:data1\" content=\"3 minuti\" \/>\n<script type=\"application\/ld+json\" class=\"yoast-schema-graph\">{\"@context\":\"https:\\\/\\\/schema.org\",\"@graph\":[{\"@type\":\"WebPage\",\"@id\":\"https:\\\/\\\/repliquemangacine.fr\\\/western-repliques-armes\\\/cadre-de-presentation-pour-colt\\\/\",\"url\":\"https:\\\/\\\/repliquemangacine.fr\\\/western-repliques-armes\\\/cadre-de-presentation-pour-colt\\\/\",\"name\":\"Cadre de pr\u00e9sentation pour Colt 5.5 - Kolser | R\u00e9plique Manga Cin\u00e9\",\"isPartOf\":{\"@id\":\"https:\\\/\\\/repliquemangacine.fr\\\/#website\"},\"primaryImageOfPage\":{\"@id\":\"https:\\\/\\\/repliquemangacine.fr\\\/western-repliques-armes\\\/cadre-de-presentation-pour-colt\\\/#primaryimage\"},\"image\":{\"@id\":\"https:\\\/\\\/repliquemangacine.fr\\\/western-repliques-armes\\\/cadre-de-presentation-pour-colt\\\/#primaryimage\"},\"thumbnailUrl\":\"https:\\\/\\\/repliquemangacine.fr\\\/wp-content\\\/uploads\\\/2025\\\/07\\\/Cadre-de-presentation-pour-colt-1065.jpg\",\"datePublished\":\"2025-07-23T13:59:11+00:00\",\"dateModified\":\"2026-02-19T09:17:03+00:00\",\"description\":\"Cadre de pr\u00e9sentation pour Colt en bois avec fond velours vert et plaque dor\u00e9e. Id\u00e9al pour collectionneurs et d\u00e9co Western.\",\"breadcrumb\":{\"@id\":\"https:\\\/\\\/repliquemangacine.fr\\\/western-repliques-armes\\\/cadre-de-presentation-pour-colt\\\/#breadcrumb\"},\"inLanguage\":\"it-IT\",\"potentialAction\":[{\"@type\":\"ReadAction\",\"target\":[\"https:\\\/\\\/repliquemangacine.fr\\\/western-repliques-armes\\\/cadre-de-presentation-pour-colt\\\/\"]}]},{\"@type\":\"ImageObject\",\"inLanguage\":\"it-IT\",\"@id\":\"https:\\\/\\\/repliquemangacine.fr\\\/western-repliques-armes\\\/cadre-de-presentation-pour-colt\\\/#primaryimage\",\"url\":\"https:\\\/\\\/repliquemangacine.fr\\\/wp-content\\\/uploads\\\/2025\\\/07\\\/Cadre-de-presentation-pour-colt-1065.jpg\",\"contentUrl\":\"https:\\\/\\\/repliquemangacine.fr\\\/wp-content\\\/uploads\\\/2025\\\/07\\\/Cadre-de-presentation-pour-colt-1065.jpg\",\"width\":700,\"height\":500,\"caption\":\"Cadre-de-pr\u00e9sentation-pour-colt-1065\"},{\"@type\":\"BreadcrumbList\",\"@id\":\"https:\\\/\\\/repliquemangacine.fr\\\/western-repliques-armes\\\/cadre-de-presentation-pour-colt\\\/#breadcrumb\",\"itemListElement\":[{\"@type\":\"ListItem\",\"position\":1,\"name\":\"Accueil\",\"item\":\"https:\\\/\\\/repliquemangacine.fr\\\/\"},{\"@type\":\"ListItem\",\"position\":2,\"name\":\"Produits\",\"item\":\"https:\\\/\\\/repliquemangacine.fr\\\/boutique\\\/\"},{\"@type\":\"ListItem\",\"position\":3,\"name\":\"Cadre de pr\u00e9sentation pour Colt 5.5\"}]},{\"@type\":\"WebSite\",\"@id\":\"https:\\\/\\\/repliquemangacine.fr\\\/#website\",\"url\":\"https:\\\/\\\/repliquemangacine.fr\\\/\",\"name\":\"R\u00e9plique Manga Cin\u00e9\",\"description\":\"\",\"publisher\":{\"@id\":\"https:\\\/\\\/repliquemangacine.fr\\\/#organization\"},\"potentialAction\":[{\"@type\":\"SearchAction\",\"target\":{\"@type\":\"EntryPoint\",\"urlTemplate\":\"https:\\\/\\\/repliquemangacine.fr\\\/?s={search_term_string}\"},\"query-input\":{\"@type\":\"PropertyValueSpecification\",\"valueRequired\":true,\"valueName\":\"search_term_string\"}}],\"inLanguage\":\"it-IT\"},{\"@type\":\"Organization\",\"@id\":\"https:\\\/\\\/repliquemangacine.fr\\\/#organization\",\"name\":\"R\u00e9plique Manga Cin\u00e9\",\"url\":\"https:\\\/\\\/repliquemangacine.fr\\\/\",\"logo\":{\"@type\":\"ImageObject\",\"inLanguage\":\"it-IT\",\"@id\":\"https:\\\/\\\/repliquemangacine.fr\\\/#\\\/schema\\\/logo\\\/image\\\/\",\"url\":\"https:\\\/\\\/repliquemangacine.fr\\\/wp-content\\\/uploads\\\/2023\\\/10\\\/RMC-500250.png\",\"contentUrl\":\"https:\\\/\\\/repliquemangacine.fr\\\/wp-content\\\/uploads\\\/2023\\\/10\\\/RMC-500250.png\",\"width\":500,\"height\":250,\"caption\":\"R\u00e9plique Manga Cin\u00e9\"},\"image\":{\"@id\":\"https:\\\/\\\/repliquemangacine.fr\\\/#\\\/schema\\\/logo\\\/image\\\/\"},\"sameAs\":[\"https:\\\/\\\/www.facebook.com\\\/RepliqueMangaCine\",\"https:\\\/\\\/www.instagram.com\\\/repliquemangacine.fr\\\/\"]}]}<\/script>\n<!-- \/ Yoast SEO plugin. -->","yoast_head_json":{"title":"Cornice di presentazione per Colt 5.5 - Kolser | R\u00e9plique Manga Cin\u00e9","description":"Cornice da esposizione per Colt in legno con sfondo in velluto verde e placca dorata. Ideale per i collezionisti e per l'arredamento western.","robots":{"index":"index","follow":"follow","max-snippet":"max-snippet:-1","max-image-preview":"max-image-preview:large","max-video-preview":"max-video-preview:-1"},"canonical":"https:\/\/repliquemangacine.fr\/it\/armi-replica-occidentali\/cornice-di-presentazione-per-colt\/","og_locale":"it_IT","og_type":"article","og_title":"Cadre de pr\u00e9sentation pour Colt 5.5 - Kolser | R\u00e9plique Manga Cin\u00e9","og_description":"Cadre de pr\u00e9sentation pour Colt en bois avec fond velours vert et plaque dor\u00e9e. Id\u00e9al pour collectionneurs et d\u00e9co Western.","og_url":"https:\/\/repliquemangacine.fr\/it\/armi-replica-occidentali\/cornice-di-presentazione-per-colt\/","og_site_name":"R\u00e9plique Manga Cin\u00e9","article_publisher":"https:\/\/www.facebook.com\/RepliqueMangaCine","article_modified_time":"2026-02-19T09:17:03+00:00","og_image":[{"width":700,"height":500,"url":"https:\/\/repliquemangacine.fr\/wp-content\/uploads\/2025\/07\/Cadre-de-presentation-pour-colt-1065.jpg","type":"image\/jpeg"}],"twitter_card":"summary_large_image","twitter_misc":{"Tempo di lettura stimato":"3 minuti"},"schema":{"@context":"https:\/\/schema.org","@graph":[{"@type":"WebPage","@id":"https:\/\/repliquemangacine.fr\/western-repliques-armes\/cadre-de-presentation-pour-colt\/","url":"https:\/\/repliquemangacine.fr\/western-repliques-armes\/cadre-de-presentation-pour-colt\/","name":"Cornice di presentazione per Colt 5.5 - Kolser | R\u00e9plique Manga Cin\u00e9","isPartOf":{"@id":"https:\/\/repliquemangacine.fr\/#website"},"primaryImageOfPage":{"@id":"https:\/\/repliquemangacine.fr\/western-repliques-armes\/cadre-de-presentation-pour-colt\/#primaryimage"},"image":{"@id":"https:\/\/repliquemangacine.fr\/western-repliques-armes\/cadre-de-presentation-pour-colt\/#primaryimage"},"thumbnailUrl":"https:\/\/repliquemangacine.fr\/wp-content\/uploads\/2025\/07\/Cadre-de-presentation-pour-colt-1065.jpg","datePublished":"2025-07-23T13:59:11+00:00","dateModified":"2026-02-19T09:17:03+00:00","description":"Cornice da esposizione per Colt in legno con sfondo in velluto verde e placca dorata. Ideale per i collezionisti e per l'arredamento western.","breadcrumb":{"@id":"https:\/\/repliquemangacine.fr\/western-repliques-armes\/cadre-de-presentation-pour-colt\/#breadcrumb"},"inLanguage":"it-IT","potentialAction":[{"@type":"ReadAction","target":["https:\/\/repliquemangacine.fr\/western-repliques-armes\/cadre-de-presentation-pour-colt\/"]}]},{"@type":"ImageObject","inLanguage":"it-IT","@id":"https:\/\/repliquemangacine.fr\/western-repliques-armes\/cadre-de-presentation-pour-colt\/#primaryimage","url":"https:\/\/repliquemangacine.fr\/wp-content\/uploads\/2025\/07\/Cadre-de-presentation-pour-colt-1065.jpg","contentUrl":"https:\/\/repliquemangacine.fr\/wp-content\/uploads\/2025\/07\/Cadre-de-presentation-pour-colt-1065.jpg","width":700,"height":500,"caption":"Cadre-de-pr\u00e9sentation-pour-colt-1065"},{"@type":"BreadcrumbList","@id":"https:\/\/repliquemangacine.fr\/western-repliques-armes\/cadre-de-presentation-pour-colt\/#breadcrumb","itemListElement":[{"@type":"ListItem","position":1,"name":"Accueil","item":"https:\/\/repliquemangacine.fr\/"},{"@type":"ListItem","position":2,"name":"Produits","item":"https:\/\/repliquemangacine.fr\/boutique\/"},{"@type":"ListItem","position":3,"name":"Cadre de pr\u00e9sentation pour Colt 5.5"}]},{"@type":"WebSite","@id":"https:\/\/repliquemangacine.fr\/#website","url":"https:\/\/repliquemangacine.fr\/","name":"R\u00e9plique Manga Cin\u00e9","description":"","publisher":{"@id":"https:\/\/repliquemangacine.fr\/#organization"},"potentialAction":[{"@type":"SearchAction","target":{"@type":"EntryPoint","urlTemplate":"https:\/\/repliquemangacine.fr\/?s={search_term_string}"},"query-input":{"@type":"PropertyValueSpecification","valueRequired":true,"valueName":"search_term_string"}}],"inLanguage":"it-IT"},{"@type":"Organization","@id":"https:\/\/repliquemangacine.fr\/#organization","name":"R\u00e9plique Manga Cin\u00e9","url":"https:\/\/repliquemangacine.fr\/","logo":{"@type":"ImageObject","inLanguage":"it-IT","@id":"https:\/\/repliquemangacine.fr\/#\/schema\/logo\/image\/","url":"https:\/\/repliquemangacine.fr\/wp-content\/uploads\/2023\/10\/RMC-500250.png","contentUrl":"https:\/\/repliquemangacine.fr\/wp-content\/uploads\/2023\/10\/RMC-500250.png","width":500,"height":250,"caption":"R\u00e9plique Manga Cin\u00e9"},"image":{"@id":"https:\/\/repliquemangacine.fr\/#\/schema\/logo\/image\/"},"sameAs":["https:\/\/www.facebook.com\/RepliqueMangaCine","https:\/\/www.instagram.com\/repliquemangacine.fr\/"]}]}},"_links":{"self":[{"href":"https:\/\/repliquemangacine.fr\/it\/wp-json\/wp\/v2\/product\/86664","targetHints":{"allow":["GET"]}}],"collection":[{"href":"https:\/\/repliquemangacine.fr\/it\/wp-json\/wp\/v2\/product"}],"about":[{"href":"https:\/\/repliquemangacine.fr\/it\/wp-json\/wp\/v2\/types\/product"}],"wp:featuredmedia":[{"embeddable":true,"href":"https:\/\/repliquemangacine.fr\/it\/wp-json\/wp\/v2\/media\/86674"}],"wp:attachment":[{"href":"https:\/\/repliquemangacine.fr\/it\/wp-json\/wp\/v2\/media?parent=86664"}],"wp:term":[{"taxonomy":"product_brand","embeddable":true,"href":"https:\/\/repliquemangacine.fr\/it\/wp-json\/wp\/v2\/product_brand?post=86664"},{"taxonomy":"product_cat","embeddable":true,"href":"https:\/\/repliquemangacine.fr\/it\/wp-json\/wp\/v2\/product_cat?post=86664"},{"taxonomy":"product_tag","embeddable":true,"href":"https:\/\/repliquemangacine.fr\/it\/wp-json\/wp\/v2\/product_tag?post=86664"}],"curies":[{"name":"wp","href":"https:\/\/api.w.org\/{rel}","templated":true}]}}