





{"id":86245,"date":"2025-07-10T14:35:54","date_gmt":"2025-07-10T12:35:54","guid":{"rendered":"https:\/\/repliquemangacine.fr\/?post_type=product&#038;p=86245"},"modified":"2026-02-06T10:01:00","modified_gmt":"2026-02-06T09:01:00","slug":"otf-coltello-automatico-nero","status":"publish","type":"product","link":"https:\/\/repliquemangacine.fr\/it\/non-classe\/couteau-automatique-otf-noir\/","title":{"rendered":"Coltello automatico OTF nero"},"content":{"rendered":"<h2>Un coltello automatico OTF nero con una formidabile finitura tattica<\/h2>\n<p>Cominciamo a vedere cosa <a href=\"https:\/\/en.wikipedia.org\/wiki\/OTF\" target=\"_blank\" rel=\"noopener noreferrer\">Coltello automatico OTF<\/a> nero, progettato per gli appassionati di repliche tattiche dal design sobrio, discreto e funzionale.<br \/>\nInnanzitutto, la sua lama in acciaio inossidabile stainless440 a doppio taglio. Inoltre, grazie alla sua apertura frontale rapida, garantisce un utilizzo istintivo, fluido e sicuro in ogni momento.<br \/>\nInfine, il manico in alluminio nero opaco, scanalato per una presa salda.<br \/>\nInoltre, viene fornito con una custodia rinforzata in cordura nera, dotata di fibbia di fissaggio e clip da cintura.<br \/>\nQuesto tipo di coltello \u00e8 spesso ispirato al mondo militare moderno o agli agenti d'\u00e9lite dei film d'azione.<br \/>\nCompatto, leggero, affilato, questo modello piacer\u00e0 sia ai collezionisti che agli appassionati di oggetti tattici contemporanei.<br \/>\nPu\u00f2 anche essere utilizzato come elemento realistico per il cosplay di personaggi come soldati, mercenari o assassini moderni.<\/p>\n<h2>Una replica che unisce stile, velocit\u00e0 e una sensazione di adrenalina<\/h2>\n<p>Questo coltello OTF si distingue per il suo meccanismo fluido e il suo impatto visivo degno dei film d'azione o dei giochi di combattimento.<br \/>\nA differenza dei coltelli pieghevoli tradizionali, offre un'apertura frontale diretta, rapida e molto impressionante durante l'uso.<br \/>\nOffre cos\u00ec una sensazione unica di controllo, potenza e precisione, pur rimanendo sicuro e pratico da maneggiare.<br \/>\nLa sua struttura robusta gli consente di resistere a ripetute manipolazioni senza perdere fluidit\u00e0 n\u00e9 efficacia di espulsione.<br \/>\nQuesto tipo di arma affascina tanto quanto attrae per la sua tecnicit\u00e0, la sua estetica e la sua associazione a figure di \u00e9lite tattica.<br \/>\nGrazie alle sue finiture sobrie, si adatta sia a una collezione che a una messa in scena realistica o a un cosplay curato.<br \/>\nLa custodia in cordura inclusa consente di trasportarlo ovunque con discrezione, per una presentazione rapida.<br \/>\nIl suo sistema di apertura offre una vera scarica di adrenalina ad ogni scatto, aumentando il piacere di possederla.<\/p>\n<h2>Repliquemangacine: il vostro riferimento per le repliche di armi e gli oggetti da collezione<\/h2>\n<p>Visita <strong>Repliquemangacine<\/strong>, scoprite un universo completo dedicato agli appassionati di repliche, lame e accessori ispirati alla cultura pop.<br \/>\nIl nostro negozio offre una vasta gamma di coltelli automatici, pugnali, <a href=\"https:\/\/repliquemangacine.fr\/it\/katana-naruto\/set-ninja\/\" target=\"_blank\" rel=\"noopener noreferrer\">shuriken<\/a>, e attrezzature tattiche stilizzate.<br \/>\nAbbiamo anche una sezione western con pistole finte, fondine, stelle da sceriffo e oggetti tipici del Far West.<br \/>\nSenza dimenticare i nostri <a href=\"https:\/\/repliquemangacine.fr\/it\/porte-cl\u00e9s-goodies\/\" target=\"_blank\" rel=\"noopener noreferrer\">portachiavi<\/a>, figurine, gadget e piccoli oggetti da collezione provenienti da universi cult.<br \/>\nOgni prodotto \u00e8 selezionato per la sua qualit\u00e0, il suo stile e la sua capacit\u00e0 di emozionare i veri appassionati.<br \/>\nA <strong>Repliquemangacine<\/strong>, Ogni pezzo racconta una storia, evoca un eroe, un'epoca o una saga cult.<br \/>\nEntra nel nostro mondo e completa la tua collezione con oggetti significativi, originali e ricchi di carattere.<\/p>\n<p><strong>\u26a0\ufe0f Vendita vietata ai minori. Dopo l'ordine potrebbe essere richiesta una verifica dell'identit\u00e0 per confermare la maggiore et\u00e0 dell'acquirente.<\/strong><\/p>","protected":false},"excerpt":{"rendered":"<p>Questo coltello automatico OTF (Out The Front) nero<\/p>\n<p><strong>Caratteristiche :<\/strong><\/p>\n<ul>\n<li>Apertura automatica di tipo OTF (la lama si estende frontalmente)<\/li>\n<li>Lama in acciaio inossidabile satinato, forma simmetrica a doppio taglio.<\/li>\n<li>Manico in alluminio nero opaco, design a coste per una buona presa<\/li>\n<li>Clip da cintura integrata<\/li>\n<li>Solido sistema di chiusura, facile da azionare con il pollice<\/li>\n<li>Fornito con una custodia in cordura rinforzata, chiusura a clip e passante per cintura.<\/li>\n<li>Lunghezza totale: circa 22 cm<\/li>\n<li>Lunghezza della lama: circa 9 cm<\/li>\n<li>Lunghezza chiusa: circa 12 cm<\/li>\n<li>Peso 220 grammi<\/li>\n<\/ul>","protected":false},"featured_media":86247,"template":"","meta":[],"product_brand":[],"product_cat":[22],"product_tag":[],"class_list":{"0":"post-86245","1":"product","2":"type-product","3":"status-publish","4":"has-post-thumbnail","6":"product_cat-non-classe","8":"first","9":"instock","10":"taxable","11":"shipping-taxable","12":"purchasable","13":"product-type-simple"},"yoast_head":"<!-- This site is optimized with the Yoast SEO plugin v27.4 - https:\/\/yoast.com\/product\/yoast-seo-wordpress\/ -->\n<title>Couteau Automatique OTF Noir - R\u00e9plique Manga Cin\u00e9<\/title>\n<meta name=\"description\" content=\"Couteau automatique OTF noir avec lame en acier double tranchant. Ouverture rapide, design tactique, livr\u00e9 avec \u00e9tui cordura. Parfait pour une collection.\" \/>\n<meta name=\"robots\" content=\"index, follow, max-snippet:-1, max-image-preview:large, max-video-preview:-1\" \/>\n<link rel=\"canonical\" href=\"https:\/\/repliquemangacine.fr\/it\/non-classificato\/otf-coltello-automatico-nero\/\" \/>\n<meta property=\"og:locale\" content=\"it_IT\" \/>\n<meta property=\"og:type\" content=\"article\" \/>\n<meta property=\"og:title\" content=\"Couteau Automatique OTF Noir - R\u00e9plique Manga Cin\u00e9\" \/>\n<meta property=\"og:description\" content=\"Couteau automatique OTF noir avec lame en acier double tranchant. Ouverture rapide, design tactique, livr\u00e9 avec \u00e9tui cordura. Parfait pour une collection.\" \/>\n<meta property=\"og:url\" content=\"https:\/\/repliquemangacine.fr\/it\/non-classificato\/otf-coltello-automatico-nero\/\" \/>\n<meta property=\"og:site_name\" content=\"R\u00e9plique Manga Cin\u00e9\" \/>\n<meta property=\"article:publisher\" content=\"https:\/\/www.facebook.com\/RepliqueMangaCine\" \/>\n<meta property=\"article:modified_time\" content=\"2026-02-06T09:01:00+00:00\" \/>\n<meta property=\"og:image\" content=\"https:\/\/repliquemangacine.fr\/wp-content\/uploads\/2025\/07\/couteau-automatique-OTF.jpg\" \/>\n\t<meta property=\"og:image:width\" content=\"697\" \/>\n\t<meta property=\"og:image:height\" content=\"700\" \/>\n\t<meta property=\"og:image:type\" content=\"image\/jpeg\" \/>\n<meta name=\"twitter:card\" content=\"summary_large_image\" \/>\n<meta name=\"twitter:label1\" content=\"Tempo di lettura stimato\" \/>\n\t<meta name=\"twitter:data1\" content=\"3 minuti\" \/>\n<script type=\"application\/ld+json\" class=\"yoast-schema-graph\">{\"@context\":\"https:\\\/\\\/schema.org\",\"@graph\":[{\"@type\":\"WebPage\",\"@id\":\"https:\\\/\\\/repliquemangacine.fr\\\/non-classe\\\/couteau-automatique-otf-noir\\\/\",\"url\":\"https:\\\/\\\/repliquemangacine.fr\\\/non-classe\\\/couteau-automatique-otf-noir\\\/\",\"name\":\"Couteau Automatique OTF Noir - R\u00e9plique Manga Cin\u00e9\",\"isPartOf\":{\"@id\":\"https:\\\/\\\/repliquemangacine.fr\\\/#website\"},\"primaryImageOfPage\":{\"@id\":\"https:\\\/\\\/repliquemangacine.fr\\\/non-classe\\\/couteau-automatique-otf-noir\\\/#primaryimage\"},\"image\":{\"@id\":\"https:\\\/\\\/repliquemangacine.fr\\\/non-classe\\\/couteau-automatique-otf-noir\\\/#primaryimage\"},\"thumbnailUrl\":\"https:\\\/\\\/repliquemangacine.fr\\\/wp-content\\\/uploads\\\/2025\\\/07\\\/couteau-automatique-OTF.jpg\",\"datePublished\":\"2025-07-10T12:35:54+00:00\",\"dateModified\":\"2026-02-06T09:01:00+00:00\",\"description\":\"Couteau automatique OTF noir avec lame en acier double tranchant. Ouverture rapide, design tactique, livr\u00e9 avec \u00e9tui cordura. Parfait pour une collection.\",\"breadcrumb\":{\"@id\":\"https:\\\/\\\/repliquemangacine.fr\\\/non-classe\\\/couteau-automatique-otf-noir\\\/#breadcrumb\"},\"inLanguage\":\"it-IT\",\"potentialAction\":[{\"@type\":\"ReadAction\",\"target\":[\"https:\\\/\\\/repliquemangacine.fr\\\/non-classe\\\/couteau-automatique-otf-noir\\\/\"]}]},{\"@type\":\"ImageObject\",\"inLanguage\":\"it-IT\",\"@id\":\"https:\\\/\\\/repliquemangacine.fr\\\/non-classe\\\/couteau-automatique-otf-noir\\\/#primaryimage\",\"url\":\"https:\\\/\\\/repliquemangacine.fr\\\/wp-content\\\/uploads\\\/2025\\\/07\\\/couteau-automatique-OTF.jpg\",\"contentUrl\":\"https:\\\/\\\/repliquemangacine.fr\\\/wp-content\\\/uploads\\\/2025\\\/07\\\/couteau-automatique-OTF.jpg\",\"width\":697,\"height\":700,\"caption\":\"couteau-automatique-OTF\"},{\"@type\":\"BreadcrumbList\",\"@id\":\"https:\\\/\\\/repliquemangacine.fr\\\/non-classe\\\/couteau-automatique-otf-noir\\\/#breadcrumb\",\"itemListElement\":[{\"@type\":\"ListItem\",\"position\":1,\"name\":\"Accueil\",\"item\":\"https:\\\/\\\/repliquemangacine.fr\\\/\"},{\"@type\":\"ListItem\",\"position\":2,\"name\":\"Produits\",\"item\":\"https:\\\/\\\/repliquemangacine.fr\\\/boutique\\\/\"},{\"@type\":\"ListItem\",\"position\":3,\"name\":\"Couteau Automatique OTF Noir\"}]},{\"@type\":\"WebSite\",\"@id\":\"https:\\\/\\\/repliquemangacine.fr\\\/#website\",\"url\":\"https:\\\/\\\/repliquemangacine.fr\\\/\",\"name\":\"R\u00e9plique Manga Cin\u00e9\",\"description\":\"\",\"publisher\":{\"@id\":\"https:\\\/\\\/repliquemangacine.fr\\\/#organization\"},\"potentialAction\":[{\"@type\":\"SearchAction\",\"target\":{\"@type\":\"EntryPoint\",\"urlTemplate\":\"https:\\\/\\\/repliquemangacine.fr\\\/?s={search_term_string}\"},\"query-input\":{\"@type\":\"PropertyValueSpecification\",\"valueRequired\":true,\"valueName\":\"search_term_string\"}}],\"inLanguage\":\"it-IT\"},{\"@type\":\"Organization\",\"@id\":\"https:\\\/\\\/repliquemangacine.fr\\\/#organization\",\"name\":\"R\u00e9plique Manga Cin\u00e9\",\"url\":\"https:\\\/\\\/repliquemangacine.fr\\\/\",\"logo\":{\"@type\":\"ImageObject\",\"inLanguage\":\"it-IT\",\"@id\":\"https:\\\/\\\/repliquemangacine.fr\\\/#\\\/schema\\\/logo\\\/image\\\/\",\"url\":\"https:\\\/\\\/repliquemangacine.fr\\\/wp-content\\\/uploads\\\/2023\\\/10\\\/RMC-500250.png\",\"contentUrl\":\"https:\\\/\\\/repliquemangacine.fr\\\/wp-content\\\/uploads\\\/2023\\\/10\\\/RMC-500250.png\",\"width\":500,\"height\":250,\"caption\":\"R\u00e9plique Manga Cin\u00e9\"},\"image\":{\"@id\":\"https:\\\/\\\/repliquemangacine.fr\\\/#\\\/schema\\\/logo\\\/image\\\/\"},\"sameAs\":[\"https:\\\/\\\/www.facebook.com\\\/RepliqueMangaCine\",\"https:\\\/\\\/www.instagram.com\\\/repliquemangacine.fr\\\/\"]}]}<\/script>\n<!-- \/ Yoast SEO plugin. -->","yoast_head_json":{"title":"Coltello automatico OTF nero - R\u00e9plique Manga Cin\u00e9","description":"Coltello automatico OTF nero con lama in acciaio a doppio taglio. Apertura rapida, design tattico, fornito con fodero in cordura. Perfetto per una collezione.","robots":{"index":"index","follow":"follow","max-snippet":"max-snippet:-1","max-image-preview":"max-image-preview:large","max-video-preview":"max-video-preview:-1"},"canonical":"https:\/\/repliquemangacine.fr\/it\/non-classificato\/otf-coltello-automatico-nero\/","og_locale":"it_IT","og_type":"article","og_title":"Couteau Automatique OTF Noir - R\u00e9plique Manga Cin\u00e9","og_description":"Couteau automatique OTF noir avec lame en acier double tranchant. Ouverture rapide, design tactique, livr\u00e9 avec \u00e9tui cordura. Parfait pour une collection.","og_url":"https:\/\/repliquemangacine.fr\/it\/non-classificato\/otf-coltello-automatico-nero\/","og_site_name":"R\u00e9plique Manga Cin\u00e9","article_publisher":"https:\/\/www.facebook.com\/RepliqueMangaCine","article_modified_time":"2026-02-06T09:01:00+00:00","og_image":[{"width":697,"height":700,"url":"https:\/\/repliquemangacine.fr\/wp-content\/uploads\/2025\/07\/couteau-automatique-OTF.jpg","type":"image\/jpeg"}],"twitter_card":"summary_large_image","twitter_misc":{"Tempo di lettura stimato":"3 minuti"},"schema":{"@context":"https:\/\/schema.org","@graph":[{"@type":"WebPage","@id":"https:\/\/repliquemangacine.fr\/non-classe\/couteau-automatique-otf-noir\/","url":"https:\/\/repliquemangacine.fr\/non-classe\/couteau-automatique-otf-noir\/","name":"Coltello automatico OTF nero - R\u00e9plique Manga Cin\u00e9","isPartOf":{"@id":"https:\/\/repliquemangacine.fr\/#website"},"primaryImageOfPage":{"@id":"https:\/\/repliquemangacine.fr\/non-classe\/couteau-automatique-otf-noir\/#primaryimage"},"image":{"@id":"https:\/\/repliquemangacine.fr\/non-classe\/couteau-automatique-otf-noir\/#primaryimage"},"thumbnailUrl":"https:\/\/repliquemangacine.fr\/wp-content\/uploads\/2025\/07\/couteau-automatique-OTF.jpg","datePublished":"2025-07-10T12:35:54+00:00","dateModified":"2026-02-06T09:01:00+00:00","description":"Coltello automatico OTF nero con lama in acciaio a doppio taglio. Apertura rapida, design tattico, fornito con fodero in cordura. Perfetto per una collezione.","breadcrumb":{"@id":"https:\/\/repliquemangacine.fr\/non-classe\/couteau-automatique-otf-noir\/#breadcrumb"},"inLanguage":"it-IT","potentialAction":[{"@type":"ReadAction","target":["https:\/\/repliquemangacine.fr\/non-classe\/couteau-automatique-otf-noir\/"]}]},{"@type":"ImageObject","inLanguage":"it-IT","@id":"https:\/\/repliquemangacine.fr\/non-classe\/couteau-automatique-otf-noir\/#primaryimage","url":"https:\/\/repliquemangacine.fr\/wp-content\/uploads\/2025\/07\/couteau-automatique-OTF.jpg","contentUrl":"https:\/\/repliquemangacine.fr\/wp-content\/uploads\/2025\/07\/couteau-automatique-OTF.jpg","width":697,"height":700,"caption":"couteau-automatique-OTF"},{"@type":"BreadcrumbList","@id":"https:\/\/repliquemangacine.fr\/non-classe\/couteau-automatique-otf-noir\/#breadcrumb","itemListElement":[{"@type":"ListItem","position":1,"name":"Accueil","item":"https:\/\/repliquemangacine.fr\/"},{"@type":"ListItem","position":2,"name":"Produits","item":"https:\/\/repliquemangacine.fr\/boutique\/"},{"@type":"ListItem","position":3,"name":"Couteau Automatique OTF Noir"}]},{"@type":"WebSite","@id":"https:\/\/repliquemangacine.fr\/#website","url":"https:\/\/repliquemangacine.fr\/","name":"R\u00e9plique Manga Cin\u00e9","description":"","publisher":{"@id":"https:\/\/repliquemangacine.fr\/#organization"},"potentialAction":[{"@type":"SearchAction","target":{"@type":"EntryPoint","urlTemplate":"https:\/\/repliquemangacine.fr\/?s={search_term_string}"},"query-input":{"@type":"PropertyValueSpecification","valueRequired":true,"valueName":"search_term_string"}}],"inLanguage":"it-IT"},{"@type":"Organization","@id":"https:\/\/repliquemangacine.fr\/#organization","name":"R\u00e9plique Manga Cin\u00e9","url":"https:\/\/repliquemangacine.fr\/","logo":{"@type":"ImageObject","inLanguage":"it-IT","@id":"https:\/\/repliquemangacine.fr\/#\/schema\/logo\/image\/","url":"https:\/\/repliquemangacine.fr\/wp-content\/uploads\/2023\/10\/RMC-500250.png","contentUrl":"https:\/\/repliquemangacine.fr\/wp-content\/uploads\/2023\/10\/RMC-500250.png","width":500,"height":250,"caption":"R\u00e9plique Manga Cin\u00e9"},"image":{"@id":"https:\/\/repliquemangacine.fr\/#\/schema\/logo\/image\/"},"sameAs":["https:\/\/www.facebook.com\/RepliqueMangaCine","https:\/\/www.instagram.com\/repliquemangacine.fr\/"]}]}},"_links":{"self":[{"href":"https:\/\/repliquemangacine.fr\/it\/wp-json\/wp\/v2\/product\/86245","targetHints":{"allow":["GET"]}}],"collection":[{"href":"https:\/\/repliquemangacine.fr\/it\/wp-json\/wp\/v2\/product"}],"about":[{"href":"https:\/\/repliquemangacine.fr\/it\/wp-json\/wp\/v2\/types\/product"}],"wp:featuredmedia":[{"embeddable":true,"href":"https:\/\/repliquemangacine.fr\/it\/wp-json\/wp\/v2\/media\/86247"}],"wp:attachment":[{"href":"https:\/\/repliquemangacine.fr\/it\/wp-json\/wp\/v2\/media?parent=86245"}],"wp:term":[{"taxonomy":"product_brand","embeddable":true,"href":"https:\/\/repliquemangacine.fr\/it\/wp-json\/wp\/v2\/product_brand?post=86245"},{"taxonomy":"product_cat","embeddable":true,"href":"https:\/\/repliquemangacine.fr\/it\/wp-json\/wp\/v2\/product_cat?post=86245"},{"taxonomy":"product_tag","embeddable":true,"href":"https:\/\/repliquemangacine.fr\/it\/wp-json\/wp\/v2\/product_tag?post=86245"}],"curies":[{"name":"wp","href":"https:\/\/api.w.org\/{rel}","templated":true}]}}