





{"id":86190,"date":"2025-07-09T12:46:28","date_gmt":"2025-07-09T10:46:28","guid":{"rendered":"https:\/\/repliquemangacine.fr\/?post_type=product&#038;p=86190"},"modified":"2025-11-13T00:12:05","modified_gmt":"2025-11-12T23:12:05","slug":"coltello-pieghevole-nero-con-apertura-assistita","status":"publish","type":"product","link":"https:\/\/repliquemangacine.fr\/it\/coutellerie\/couteau-noir-pliant-a-ouverture-assistee\/","title":{"rendered":"Coltello nero ad apertura assistita"},"content":{"rendered":"<h2>Coltello pieghevole nero con apertura assistita: un oggetto da collezione preciso ed elegante<\/h2>\n<p>Innanzitutto, diamo un'occhiata a questo coltello pieghevole nero che conquista immediatamente per la sua finitura opaca, il design curato e l'apertura assistita ultra fluida.<br \/>\nIn primo luogo, la sua lama in <a href=\"https:\/\/fr.china-stainless-steels.com\/stainless-steel-plate\/stainless-steel-alloy-440.html\" target=\"_blank\" rel=\"noopener noreferrer\">acier inoxydable inox 440<\/a> offre un eccellente equilibrio tra robustezza, leggerezza ed eleganza per gli appassionati di oggetti raffinati.<br \/>\nIn secondo luogo, il manico ergonomico testurizzato garantisce una presa stabile e confortevole durante ogni manipolazione o apertura.<br \/>\nInfine, il suo clip integrato consente un riporre pratico e sicuro, adatto sia ai collezionisti che agli amanti dell'aria aperta.<br \/>\nIl dettaglio rosso sulla cerniera impreziosisce il tutto e conferisce un tocco tecnico molto contemporaneo.<br \/>\nQuesto coltello \u00e8 perfetto per gli appassionati di coltelli pieghevoli, gli amanti della meccanica o gli escursionisti.<br \/>\n\u00c8 un oggetto tanto utile quanto estetico, da aggiungere assolutamente a qualsiasi collezione di oggetti tecnici o di design.<\/p>\n<h2>Un eccezionale coltello pieghevole dal design audace e funzionale<\/h2>\n<p>Questo coltello pieghevole si distingue per la sua apertura assistita, un meccanismo fluido che facilita ogni gesto con rapidit\u00e0 e comodit\u00e0.<br \/>\nIl suo design elegante, interamente nero, gli conferisce un aspetto moderno, accentuato dalle viti rosse di alta qualit\u00e0.<br \/>\nA differenza dei coltelli tradizionali, questo modello unisce tecnicit\u00e0 ed estetica in un formato pensato per gli appassionati pi\u00f9 esigenti.<br \/>\nCompatto, maneggevole e ben progettato, trova posto in una collezione di coltelli pieghevoli o di attrezzatura da escursionismo.<br \/>\nProgettato per durare nel tempo, diventa un compagno di viaggio robusto e discreto per chi ama gli strumenti di qualit\u00e0.<br \/>\nQuesto coltello \u00e8 molto pi\u00f9 di un semplice accessorio: \u00e8 un oggetto tecnico pensato per gli appassionati di precisione e design.<\/p>\n<h2>Scopri tutte le nostre repliche cult su Repliquemangacine<\/h2>\n<p>A <strong>Repliquemangacine<\/strong>, La nostra missione \u00e8 quella di proporre repliche fedeli, ispirate alle pi\u00f9 grandi saghe del cinema, dei manga e dei videogiochi.<br \/>\nOltre a questo coltello pieghevole con apertura assistita, scoprirai katana luminose tratte da One Piece, Demon Slayer o Bleach.<br \/>\nInoltre, la nostra collezione include anche le spade di Zelda, <a href=\"https:\/\/repliquemangacine.fr\/it\/spada-il-cacciatore\/\" target=\"_blank\" rel=\"noopener noreferrer\">Il cacciatore<\/a>, o ancora la leggendaria spada di Gladiator.<br \/>\nMa proponiamo anche coltelli da lancio, set ninja, pugnali fantasy e altri oggetti da collezione unici.<br \/>\nInfine, per gli appassionati di storia, potrete trovare repliche di\u2019<a href=\"https:\/\/repliquemangacine.fr\/it\/spada-il-cacciatore\/\" target=\"_blank\" rel=\"noopener noreferrer\">armi medievali<\/a>, scudi, sciabole dei pirati o elmi antichi riprodotti in modo autentico.<br \/>\nInoltre, proponiamo figurine, portachiavi da collezione e oggetti derivati per geek per arricchire ogni passione.<br \/>\nIn sintesi, <strong>Repliquemangacine,<\/strong> \u00e8 il punto di riferimento per gli appassionati di cultura pop, manga, fantasy e universi epici.<\/p>\n<p><strong>\u26a0\ufe0f Vendita vietata ai minori. Dopo l'ordine potrebbe essere richiesta una verifica dell'identit\u00e0 per confermare la maggiore et\u00e0 dell'acquirente.<\/strong><\/p>","protected":false},"excerpt":{"rendered":"<p>Coltello tattico pieghevole nero - Design urbano e dettagli rossi<\/p>\n<p><strong>Caratteristiche :<\/strong><\/p>\n<ul>\n<li>Lama in acciaio inox 440 nero, finitura opaca<\/li>\n<li>Impugnatura antiscivolo testurizzata per una presa salda e sicura<\/li>\n<li>Apertura rapida e assistita tramite pinna<\/li>\n<li>Clip da cintura integrata per un trasporto pratico e discreto<\/li>\n<li>Dettaglio rosso sulla cerniera per uno stile unico<\/li>\n<li>Lunghezza chiusa: 12 cm<\/li>\n<li>Lunghezza aperta: 22 cm<\/li>\n<li>Peso: 148 grammi<\/li>\n<\/ul>","protected":false},"featured_media":86196,"template":"","meta":[],"product_brand":[],"product_cat":[891,884],"product_tag":[],"class_list":{"0":"post-86190","1":"product","2":"type-product","3":"status-publish","4":"has-post-thumbnail","6":"product_cat-couteaux-automatiques","7":"product_cat-coutellerie","9":"first","10":"instock","11":"taxable","12":"shipping-taxable","13":"purchasable","14":"product-type-simple"},"yoast_head":"<!-- This site is optimized with the Yoast SEO plugin v27.4 - https:\/\/yoast.com\/product\/yoast-seo-wordpress\/ -->\n<title>Couteau noir \u00e0 ouverture assist\u00e9e - R\u00e9plique Manga Cin\u00e9<\/title>\n<meta name=\"description\" content=\"D\u00e9couvrez ce couteau noir pliant \u00e0 ouverture assist\u00e9e, design tactique et finition soign\u00e9e. Disponible sur Repliquemangacine ! N&#039;h\u00e9sitez plus\" \/>\n<meta name=\"robots\" content=\"index, follow, max-snippet:-1, max-image-preview:large, max-video-preview:-1\" \/>\n<link rel=\"canonical\" href=\"https:\/\/repliquemangacine.fr\/it\/posate\/coltello-pieghevole-nero-con-apertura-assistita\/\" \/>\n<meta property=\"og:locale\" content=\"it_IT\" \/>\n<meta property=\"og:type\" content=\"article\" \/>\n<meta property=\"og:title\" content=\"Couteau noir \u00e0 ouverture assist\u00e9e - R\u00e9plique Manga Cin\u00e9\" \/>\n<meta property=\"og:description\" content=\"D\u00e9couvrez ce couteau noir pliant \u00e0 ouverture assist\u00e9e, design tactique et finition soign\u00e9e. Disponible sur Repliquemangacine ! N&#039;h\u00e9sitez plus\" \/>\n<meta property=\"og:url\" content=\"https:\/\/repliquemangacine.fr\/it\/posate\/coltello-pieghevole-nero-con-apertura-assistita\/\" \/>\n<meta property=\"og:site_name\" content=\"R\u00e9plique Manga Cin\u00e9\" \/>\n<meta property=\"article:publisher\" content=\"https:\/\/www.facebook.com\/RepliqueMangaCine\" \/>\n<meta property=\"article:modified_time\" content=\"2025-11-12T23:12:05+00:00\" \/>\n<meta property=\"og:image\" content=\"https:\/\/repliquemangacine.fr\/wp-content\/uploads\/2025\/07\/couteau-strie-noir.jpg\" \/>\n\t<meta property=\"og:image:width\" content=\"700\" \/>\n\t<meta property=\"og:image:height\" content=\"700\" \/>\n\t<meta property=\"og:image:type\" content=\"image\/jpeg\" \/>\n<meta name=\"twitter:card\" content=\"summary_large_image\" \/>\n<meta name=\"twitter:label1\" content=\"Tempo di lettura stimato\" \/>\n\t<meta name=\"twitter:data1\" content=\"3 minuti\" \/>\n<script type=\"application\/ld+json\" class=\"yoast-schema-graph\">{\"@context\":\"https:\\\/\\\/schema.org\",\"@graph\":[{\"@type\":\"WebPage\",\"@id\":\"https:\\\/\\\/repliquemangacine.fr\\\/coutellerie\\\/couteau-noir-pliant-a-ouverture-assistee\\\/\",\"url\":\"https:\\\/\\\/repliquemangacine.fr\\\/coutellerie\\\/couteau-noir-pliant-a-ouverture-assistee\\\/\",\"name\":\"Couteau noir \u00e0 ouverture assist\u00e9e - R\u00e9plique Manga Cin\u00e9\",\"isPartOf\":{\"@id\":\"https:\\\/\\\/repliquemangacine.fr\\\/#website\"},\"primaryImageOfPage\":{\"@id\":\"https:\\\/\\\/repliquemangacine.fr\\\/coutellerie\\\/couteau-noir-pliant-a-ouverture-assistee\\\/#primaryimage\"},\"image\":{\"@id\":\"https:\\\/\\\/repliquemangacine.fr\\\/coutellerie\\\/couteau-noir-pliant-a-ouverture-assistee\\\/#primaryimage\"},\"thumbnailUrl\":\"https:\\\/\\\/repliquemangacine.fr\\\/wp-content\\\/uploads\\\/2025\\\/07\\\/couteau-strie-noir.jpg\",\"datePublished\":\"2025-07-09T10:46:28+00:00\",\"dateModified\":\"2025-11-12T23:12:05+00:00\",\"description\":\"D\u00e9couvrez ce couteau noir pliant \u00e0 ouverture assist\u00e9e, design tactique et finition soign\u00e9e. Disponible sur Repliquemangacine ! N'h\u00e9sitez plus\",\"breadcrumb\":{\"@id\":\"https:\\\/\\\/repliquemangacine.fr\\\/coutellerie\\\/couteau-noir-pliant-a-ouverture-assistee\\\/#breadcrumb\"},\"inLanguage\":\"it-IT\",\"potentialAction\":[{\"@type\":\"ReadAction\",\"target\":[\"https:\\\/\\\/repliquemangacine.fr\\\/coutellerie\\\/couteau-noir-pliant-a-ouverture-assistee\\\/\"]}]},{\"@type\":\"ImageObject\",\"inLanguage\":\"it-IT\",\"@id\":\"https:\\\/\\\/repliquemangacine.fr\\\/coutellerie\\\/couteau-noir-pliant-a-ouverture-assistee\\\/#primaryimage\",\"url\":\"https:\\\/\\\/repliquemangacine.fr\\\/wp-content\\\/uploads\\\/2025\\\/07\\\/couteau-strie-noir.jpg\",\"contentUrl\":\"https:\\\/\\\/repliquemangacine.fr\\\/wp-content\\\/uploads\\\/2025\\\/07\\\/couteau-strie-noir.jpg\",\"width\":700,\"height\":700,\"caption\":\"couteau-stri\u00e9-noir\"},{\"@type\":\"BreadcrumbList\",\"@id\":\"https:\\\/\\\/repliquemangacine.fr\\\/coutellerie\\\/couteau-noir-pliant-a-ouverture-assistee\\\/#breadcrumb\",\"itemListElement\":[{\"@type\":\"ListItem\",\"position\":1,\"name\":\"Accueil\",\"item\":\"https:\\\/\\\/repliquemangacine.fr\\\/\"},{\"@type\":\"ListItem\",\"position\":2,\"name\":\"Produits\",\"item\":\"https:\\\/\\\/repliquemangacine.fr\\\/boutique\\\/\"},{\"@type\":\"ListItem\",\"position\":3,\"name\":\"Couteau noir \u00e0 ouverture assist\u00e9e\"}]},{\"@type\":\"WebSite\",\"@id\":\"https:\\\/\\\/repliquemangacine.fr\\\/#website\",\"url\":\"https:\\\/\\\/repliquemangacine.fr\\\/\",\"name\":\"R\u00e9plique Manga Cin\u00e9\",\"description\":\"\",\"publisher\":{\"@id\":\"https:\\\/\\\/repliquemangacine.fr\\\/#organization\"},\"potentialAction\":[{\"@type\":\"SearchAction\",\"target\":{\"@type\":\"EntryPoint\",\"urlTemplate\":\"https:\\\/\\\/repliquemangacine.fr\\\/?s={search_term_string}\"},\"query-input\":{\"@type\":\"PropertyValueSpecification\",\"valueRequired\":true,\"valueName\":\"search_term_string\"}}],\"inLanguage\":\"it-IT\"},{\"@type\":\"Organization\",\"@id\":\"https:\\\/\\\/repliquemangacine.fr\\\/#organization\",\"name\":\"R\u00e9plique Manga Cin\u00e9\",\"url\":\"https:\\\/\\\/repliquemangacine.fr\\\/\",\"logo\":{\"@type\":\"ImageObject\",\"inLanguage\":\"it-IT\",\"@id\":\"https:\\\/\\\/repliquemangacine.fr\\\/#\\\/schema\\\/logo\\\/image\\\/\",\"url\":\"https:\\\/\\\/repliquemangacine.fr\\\/wp-content\\\/uploads\\\/2023\\\/10\\\/RMC-500250.png\",\"contentUrl\":\"https:\\\/\\\/repliquemangacine.fr\\\/wp-content\\\/uploads\\\/2023\\\/10\\\/RMC-500250.png\",\"width\":500,\"height\":250,\"caption\":\"R\u00e9plique Manga Cin\u00e9\"},\"image\":{\"@id\":\"https:\\\/\\\/repliquemangacine.fr\\\/#\\\/schema\\\/logo\\\/image\\\/\"},\"sameAs\":[\"https:\\\/\\\/www.facebook.com\\\/RepliqueMangaCine\",\"https:\\\/\\\/www.instagram.com\\\/repliquemangacine.fr\\\/\"]}]}<\/script>\n<!-- \/ Yoast SEO plugin. -->","yoast_head_json":{"title":"Coltello nero ad apertura assistita - R\u00e9plique Manga Cin\u00e9","description":"Scoprite questo coltello pieghevole nero con apertura assistita, design tattico e finiture curate. Disponibile presso Repliquemangacine! Non esitate","robots":{"index":"index","follow":"follow","max-snippet":"max-snippet:-1","max-image-preview":"max-image-preview:large","max-video-preview":"max-video-preview:-1"},"canonical":"https:\/\/repliquemangacine.fr\/it\/posate\/coltello-pieghevole-nero-con-apertura-assistita\/","og_locale":"it_IT","og_type":"article","og_title":"Couteau noir \u00e0 ouverture assist\u00e9e - R\u00e9plique Manga Cin\u00e9","og_description":"D\u00e9couvrez ce couteau noir pliant \u00e0 ouverture assist\u00e9e, design tactique et finition soign\u00e9e. Disponible sur Repliquemangacine ! N'h\u00e9sitez plus","og_url":"https:\/\/repliquemangacine.fr\/it\/posate\/coltello-pieghevole-nero-con-apertura-assistita\/","og_site_name":"R\u00e9plique Manga Cin\u00e9","article_publisher":"https:\/\/www.facebook.com\/RepliqueMangaCine","article_modified_time":"2025-11-12T23:12:05+00:00","og_image":[{"width":700,"height":700,"url":"https:\/\/repliquemangacine.fr\/wp-content\/uploads\/2025\/07\/couteau-strie-noir.jpg","type":"image\/jpeg"}],"twitter_card":"summary_large_image","twitter_misc":{"Tempo di lettura stimato":"3 minuti"},"schema":{"@context":"https:\/\/schema.org","@graph":[{"@type":"WebPage","@id":"https:\/\/repliquemangacine.fr\/coutellerie\/couteau-noir-pliant-a-ouverture-assistee\/","url":"https:\/\/repliquemangacine.fr\/coutellerie\/couteau-noir-pliant-a-ouverture-assistee\/","name":"Coltello nero ad apertura assistita - R\u00e9plique Manga Cin\u00e9","isPartOf":{"@id":"https:\/\/repliquemangacine.fr\/#website"},"primaryImageOfPage":{"@id":"https:\/\/repliquemangacine.fr\/coutellerie\/couteau-noir-pliant-a-ouverture-assistee\/#primaryimage"},"image":{"@id":"https:\/\/repliquemangacine.fr\/coutellerie\/couteau-noir-pliant-a-ouverture-assistee\/#primaryimage"},"thumbnailUrl":"https:\/\/repliquemangacine.fr\/wp-content\/uploads\/2025\/07\/couteau-strie-noir.jpg","datePublished":"2025-07-09T10:46:28+00:00","dateModified":"2025-11-12T23:12:05+00:00","description":"Scoprite questo coltello pieghevole nero con apertura assistita, design tattico e finiture curate. Disponibile presso Repliquemangacine! Non esitate","breadcrumb":{"@id":"https:\/\/repliquemangacine.fr\/coutellerie\/couteau-noir-pliant-a-ouverture-assistee\/#breadcrumb"},"inLanguage":"it-IT","potentialAction":[{"@type":"ReadAction","target":["https:\/\/repliquemangacine.fr\/coutellerie\/couteau-noir-pliant-a-ouverture-assistee\/"]}]},{"@type":"ImageObject","inLanguage":"it-IT","@id":"https:\/\/repliquemangacine.fr\/coutellerie\/couteau-noir-pliant-a-ouverture-assistee\/#primaryimage","url":"https:\/\/repliquemangacine.fr\/wp-content\/uploads\/2025\/07\/couteau-strie-noir.jpg","contentUrl":"https:\/\/repliquemangacine.fr\/wp-content\/uploads\/2025\/07\/couteau-strie-noir.jpg","width":700,"height":700,"caption":"couteau-stri\u00e9-noir"},{"@type":"BreadcrumbList","@id":"https:\/\/repliquemangacine.fr\/coutellerie\/couteau-noir-pliant-a-ouverture-assistee\/#breadcrumb","itemListElement":[{"@type":"ListItem","position":1,"name":"Accueil","item":"https:\/\/repliquemangacine.fr\/"},{"@type":"ListItem","position":2,"name":"Produits","item":"https:\/\/repliquemangacine.fr\/boutique\/"},{"@type":"ListItem","position":3,"name":"Couteau noir \u00e0 ouverture assist\u00e9e"}]},{"@type":"WebSite","@id":"https:\/\/repliquemangacine.fr\/#website","url":"https:\/\/repliquemangacine.fr\/","name":"R\u00e9plique Manga Cin\u00e9","description":"","publisher":{"@id":"https:\/\/repliquemangacine.fr\/#organization"},"potentialAction":[{"@type":"SearchAction","target":{"@type":"EntryPoint","urlTemplate":"https:\/\/repliquemangacine.fr\/?s={search_term_string}"},"query-input":{"@type":"PropertyValueSpecification","valueRequired":true,"valueName":"search_term_string"}}],"inLanguage":"it-IT"},{"@type":"Organization","@id":"https:\/\/repliquemangacine.fr\/#organization","name":"R\u00e9plique Manga Cin\u00e9","url":"https:\/\/repliquemangacine.fr\/","logo":{"@type":"ImageObject","inLanguage":"it-IT","@id":"https:\/\/repliquemangacine.fr\/#\/schema\/logo\/image\/","url":"https:\/\/repliquemangacine.fr\/wp-content\/uploads\/2023\/10\/RMC-500250.png","contentUrl":"https:\/\/repliquemangacine.fr\/wp-content\/uploads\/2023\/10\/RMC-500250.png","width":500,"height":250,"caption":"R\u00e9plique Manga Cin\u00e9"},"image":{"@id":"https:\/\/repliquemangacine.fr\/#\/schema\/logo\/image\/"},"sameAs":["https:\/\/www.facebook.com\/RepliqueMangaCine","https:\/\/www.instagram.com\/repliquemangacine.fr\/"]}]}},"_links":{"self":[{"href":"https:\/\/repliquemangacine.fr\/it\/wp-json\/wp\/v2\/product\/86190","targetHints":{"allow":["GET"]}}],"collection":[{"href":"https:\/\/repliquemangacine.fr\/it\/wp-json\/wp\/v2\/product"}],"about":[{"href":"https:\/\/repliquemangacine.fr\/it\/wp-json\/wp\/v2\/types\/product"}],"wp:featuredmedia":[{"embeddable":true,"href":"https:\/\/repliquemangacine.fr\/it\/wp-json\/wp\/v2\/media\/86196"}],"wp:attachment":[{"href":"https:\/\/repliquemangacine.fr\/it\/wp-json\/wp\/v2\/media?parent=86190"}],"wp:term":[{"taxonomy":"product_brand","embeddable":true,"href":"https:\/\/repliquemangacine.fr\/it\/wp-json\/wp\/v2\/product_brand?post=86190"},{"taxonomy":"product_cat","embeddable":true,"href":"https:\/\/repliquemangacine.fr\/it\/wp-json\/wp\/v2\/product_cat?post=86190"},{"taxonomy":"product_tag","embeddable":true,"href":"https:\/\/repliquemangacine.fr\/it\/wp-json\/wp\/v2\/product_tag?post=86190"}],"curies":[{"name":"wp","href":"https:\/\/api.w.org\/{rel}","templated":true}]}}