





{"id":86126,"date":"2025-07-08T11:10:00","date_gmt":"2025-07-08T09:10:00","guid":{"rendered":"https:\/\/repliquemangacine.fr\/?post_type=product&#038;p=86126"},"modified":"2025-11-13T00:15:38","modified_gmt":"2025-11-12T23:15:38","slug":"coltello-pieghevole-nero","status":"publish","type":"product","link":"https:\/\/repliquemangacine.fr\/it\/coutellerie\/couteau-pliant-noir\/","title":{"rendered":"Coltello pieghevole nero"},"content":{"rendered":"<h2><strong>Coltello pieghevole nero dal look tattico e dalle finiture impeccabili<\/strong><\/h2>\n<p>Il coltello pieghevole nero F822 affascina per il suo design moderno, ispirato direttamente al mondo militare, urbano o tecnologico contemporaneo.<br \/>\nLa sua lama nera <a href=\"https:\/\/fr.wikipedia.org\/wiki\/Drop-point\">punto di semi-discesa<\/a> \u00e8 efficiente, elegante e resistente, perfetto per tagli precisi nella vita quotidiana.<br \/>\nIl meccanismo di apertura assistita rende il movimento fluido, rapido e intuitivo, per un'azione controllata in una frazione di secondo.<br \/>\nIl suo manico strutturato si adatta naturalmente al palmo della mano, manico in ABS e presa sicura in tutte le situazioni.<br \/>\nLa discreta clip da cintura consente di tenere il coltello sempre a portata di mano, senza ostacolare i movimenti o il trasporto.<br \/>\nAll'estremit\u00e0 del manicotto, un rompivetro e un tagliacinture aggiungono un tocco tecnico e visivamente accattivante all'insieme.<\/p>\n<h2>Un coltello pieghevole dal design moderno, pratico, elegante e pronto all'azione.<\/h2>\n<p>Il coltello pieghevole nero si distingue immediatamente per il suo design spigoloso, aggressivo e futuristico, degno di un equipaggiamento tattico di un universo immaginario.<br class=\"yoast-text-mark\" \/>La sua lama nera a semi-goccia cattura la luce, con un sorprendente effetto opaco che ne accentua la presenza visiva non appena viene aperto.<br class=\"yoast-text-mark\" \/>In primo luogo, questo modello pieghevole si apre con un solo movimento grazie al suo sistema di apertura rapida, perfetto per un uso quotidiano semplice e veloce.<br class=\"yoast-text-mark\" \/>In secondo luogo, l'impugnatura strutturata e antiscivolo si adatta naturalmente alla forma della mano, per un utilizzo confortevole e senza scivolamenti.<br class=\"yoast-text-mark\" \/>Infine, la clip consente di fissare il coltello in modo discreto alla cintura o alla cinghia dell'attrezzatura.<br class=\"yoast-text-mark\" \/>Il complesso trasmette solidez, ma anche modernit\u00e0, con linee essenziali che ricordano gli strumenti di alcuni videogiochi tattici.<br \/>\nIn sintesi, \u00e8 un must per gli appassionati di attrezzature ben progettate, che desiderano combinare utilit\u00e0, estetica e personalit\u00e0.<\/p>\n<h2>Decine di linee da scoprire su R\u00e9pliques Manga Cin\u00e9<\/h2>\n<p>Quindi, sul nostro sito <strong>Repliche di manga cinematografici<\/strong>Troverete articoli ispirati alle pi\u00f9 grandi licenze di manga, film e videogiochi.<br class=\"yoast-text-mark\" \/>Offriamo una vasta gamma di <a href=\"https:\/\/repliquemangacine.fr\/it\/spada-katana\/\">katane<\/a> decorativi, talvolta luminosi, direttamente ispirati a One Piece, Demon Slayer o Bleach.<br class=\"yoast-text-mark\" \/>Troverete anche repliche ultra fedeli di spade di videogiochi iconici come Zelda, Genshin Impact o The Witcher.<br \/>\nGli appassionati di fantasy potranno scoprire le nostre spade cult del <a href=\"https:\/\/repliquemangacine.fr\/it\/spade-del-signore-degli-anelli\/\">Il Signore degli Anelli<\/a> o Game of Thrones.<br \/>\nDal punto di vista storico, la nostra collezione comprende spade romane, sciabole dei pirati, spade medievali e armi della Seconda Guerra Mondiale.<br \/>\nInfine, per gli appassionati di western, ritrovate revolver, fucili Winchester, fondine e accessori tipici dell'epoca degli sceriffi.<\/p>\n<p><strong>\u26a0\ufe0f Vendita vietata ai minori. Dopo l'ordine potrebbe essere richiesta una verifica dell'identit\u00e0 per confermare la maggiore et\u00e0 dell'acquirente.<\/strong><\/p>","protected":false},"excerpt":{"rendered":"<p>Coltello pieghevole nero F822 con un moderno design tattico ispirato al mondo militare e urbano.<\/p>\n<ul>\n<li>Lama in acciaio inossidabile nero a punta semi-abbassata con pinna a sgancio rapido.<\/li>\n<li>Impugnatura testurizzata per una presa eccellente, finitura nera completa ultra elegante.<\/li>\n<li>Rompivetro integrato all'estremit\u00e0 + discreto tagliacinture per un look tecnico e deciso.<\/li>\n<li>Clip da cintura per un trasporto pratico, discreto e veloce.<\/li>\n<li>Lunghezza aperta: 21 cm - Lunghezza chiusa: 12,5 cm - Peso: 112 g<\/li>\n<\/ul>","protected":false},"featured_media":86135,"template":"","meta":[],"product_brand":[],"product_cat":[891,886,892,884],"product_tag":[],"class_list":{"0":"post-86126","1":"product","2":"type-product","3":"status-publish","4":"has-post-thumbnail","6":"product_cat-couteaux-automatiques","7":"product_cat-couteaux-de-poche","8":"product_cat-couteaux-tactical","9":"product_cat-coutellerie","11":"first","12":"instock","13":"taxable","14":"shipping-taxable","15":"purchasable","16":"product-type-simple"},"yoast_head":"<!-- This site is optimized with the Yoast SEO plugin v27.4 - https:\/\/yoast.com\/product\/yoast-seo-wordpress\/ -->\n<title>Couteau pliant noir - R\u00e9plique Manga Cin\u00e9<\/title>\n<meta name=\"description\" content=\"Couteau pliant noir F822 au design tactique. Lame noire, clip ceinture, brise-vitre. Pratique, styl\u00e9 et pr\u00eat \u00e0 l\u2019action. Livraison rapide.\" \/>\n<meta name=\"robots\" content=\"index, follow, max-snippet:-1, max-image-preview:large, max-video-preview:-1\" \/>\n<link rel=\"canonical\" href=\"https:\/\/repliquemangacine.fr\/it\/posate\/coltello-pieghevole-nero\/\" \/>\n<meta property=\"og:locale\" content=\"it_IT\" \/>\n<meta property=\"og:type\" content=\"article\" \/>\n<meta property=\"og:title\" content=\"Couteau pliant noir - R\u00e9plique Manga Cin\u00e9\" \/>\n<meta property=\"og:description\" content=\"Couteau pliant noir F822 au design tactique. Lame noire, clip ceinture, brise-vitre. Pratique, styl\u00e9 et pr\u00eat \u00e0 l\u2019action. Livraison rapide.\" \/>\n<meta property=\"og:url\" content=\"https:\/\/repliquemangacine.fr\/it\/posate\/coltello-pieghevole-nero\/\" \/>\n<meta property=\"og:site_name\" content=\"R\u00e9plique Manga Cin\u00e9\" \/>\n<meta property=\"article:publisher\" content=\"https:\/\/www.facebook.com\/RepliqueMangaCine\" \/>\n<meta property=\"article:modified_time\" content=\"2025-11-12T23:15:38+00:00\" \/>\n<meta property=\"og:image\" content=\"https:\/\/repliquemangacine.fr\/wp-content\/uploads\/2025\/07\/Couteau-F822.jpg\" \/>\n\t<meta property=\"og:image:width\" content=\"700\" \/>\n\t<meta property=\"og:image:height\" content=\"700\" \/>\n\t<meta property=\"og:image:type\" content=\"image\/jpeg\" \/>\n<meta name=\"twitter:card\" content=\"summary_large_image\" \/>\n<meta name=\"twitter:label1\" content=\"Tempo di lettura stimato\" \/>\n\t<meta name=\"twitter:data1\" content=\"3 minuti\" \/>\n<script type=\"application\/ld+json\" class=\"yoast-schema-graph\">{\"@context\":\"https:\\\/\\\/schema.org\",\"@graph\":[{\"@type\":\"WebPage\",\"@id\":\"https:\\\/\\\/repliquemangacine.fr\\\/coutellerie\\\/couteau-pliant-noir\\\/\",\"url\":\"https:\\\/\\\/repliquemangacine.fr\\\/coutellerie\\\/couteau-pliant-noir\\\/\",\"name\":\"Couteau pliant noir - R\u00e9plique Manga Cin\u00e9\",\"isPartOf\":{\"@id\":\"https:\\\/\\\/repliquemangacine.fr\\\/#website\"},\"primaryImageOfPage\":{\"@id\":\"https:\\\/\\\/repliquemangacine.fr\\\/coutellerie\\\/couteau-pliant-noir\\\/#primaryimage\"},\"image\":{\"@id\":\"https:\\\/\\\/repliquemangacine.fr\\\/coutellerie\\\/couteau-pliant-noir\\\/#primaryimage\"},\"thumbnailUrl\":\"https:\\\/\\\/repliquemangacine.fr\\\/wp-content\\\/uploads\\\/2025\\\/07\\\/Couteau-F822.jpg\",\"datePublished\":\"2025-07-08T09:10:00+00:00\",\"dateModified\":\"2025-11-12T23:15:38+00:00\",\"description\":\"Couteau pliant noir F822 au design tactique. Lame noire, clip ceinture, brise-vitre. Pratique, styl\u00e9 et pr\u00eat \u00e0 l\u2019action. Livraison rapide.\",\"breadcrumb\":{\"@id\":\"https:\\\/\\\/repliquemangacine.fr\\\/coutellerie\\\/couteau-pliant-noir\\\/#breadcrumb\"},\"inLanguage\":\"it-IT\",\"potentialAction\":[{\"@type\":\"ReadAction\",\"target\":[\"https:\\\/\\\/repliquemangacine.fr\\\/coutellerie\\\/couteau-pliant-noir\\\/\"]}]},{\"@type\":\"ImageObject\",\"inLanguage\":\"it-IT\",\"@id\":\"https:\\\/\\\/repliquemangacine.fr\\\/coutellerie\\\/couteau-pliant-noir\\\/#primaryimage\",\"url\":\"https:\\\/\\\/repliquemangacine.fr\\\/wp-content\\\/uploads\\\/2025\\\/07\\\/Couteau-F822.jpg\",\"contentUrl\":\"https:\\\/\\\/repliquemangacine.fr\\\/wp-content\\\/uploads\\\/2025\\\/07\\\/Couteau-F822.jpg\",\"width\":700,\"height\":700,\"caption\":\"Couteau pliant noir\"},{\"@type\":\"BreadcrumbList\",\"@id\":\"https:\\\/\\\/repliquemangacine.fr\\\/coutellerie\\\/couteau-pliant-noir\\\/#breadcrumb\",\"itemListElement\":[{\"@type\":\"ListItem\",\"position\":1,\"name\":\"Accueil\",\"item\":\"https:\\\/\\\/repliquemangacine.fr\\\/\"},{\"@type\":\"ListItem\",\"position\":2,\"name\":\"Produits\",\"item\":\"https:\\\/\\\/repliquemangacine.fr\\\/boutique\\\/\"},{\"@type\":\"ListItem\",\"position\":3,\"name\":\"Couteau pliant noir\"}]},{\"@type\":\"WebSite\",\"@id\":\"https:\\\/\\\/repliquemangacine.fr\\\/#website\",\"url\":\"https:\\\/\\\/repliquemangacine.fr\\\/\",\"name\":\"R\u00e9plique Manga Cin\u00e9\",\"description\":\"\",\"publisher\":{\"@id\":\"https:\\\/\\\/repliquemangacine.fr\\\/#organization\"},\"potentialAction\":[{\"@type\":\"SearchAction\",\"target\":{\"@type\":\"EntryPoint\",\"urlTemplate\":\"https:\\\/\\\/repliquemangacine.fr\\\/?s={search_term_string}\"},\"query-input\":{\"@type\":\"PropertyValueSpecification\",\"valueRequired\":true,\"valueName\":\"search_term_string\"}}],\"inLanguage\":\"it-IT\"},{\"@type\":\"Organization\",\"@id\":\"https:\\\/\\\/repliquemangacine.fr\\\/#organization\",\"name\":\"R\u00e9plique Manga Cin\u00e9\",\"url\":\"https:\\\/\\\/repliquemangacine.fr\\\/\",\"logo\":{\"@type\":\"ImageObject\",\"inLanguage\":\"it-IT\",\"@id\":\"https:\\\/\\\/repliquemangacine.fr\\\/#\\\/schema\\\/logo\\\/image\\\/\",\"url\":\"https:\\\/\\\/repliquemangacine.fr\\\/wp-content\\\/uploads\\\/2023\\\/10\\\/RMC-500250.png\",\"contentUrl\":\"https:\\\/\\\/repliquemangacine.fr\\\/wp-content\\\/uploads\\\/2023\\\/10\\\/RMC-500250.png\",\"width\":500,\"height\":250,\"caption\":\"R\u00e9plique Manga Cin\u00e9\"},\"image\":{\"@id\":\"https:\\\/\\\/repliquemangacine.fr\\\/#\\\/schema\\\/logo\\\/image\\\/\"},\"sameAs\":[\"https:\\\/\\\/www.facebook.com\\\/RepliqueMangaCine\",\"https:\\\/\\\/www.instagram.com\\\/repliquemangacine.fr\\\/\"]}]}<\/script>\n<!-- \/ Yoast SEO plugin. -->","yoast_head_json":{"title":"Coltello pieghevole nero - R\u00e9plique Manga Cin\u00e9","description":"Coltello pieghevole nero F822 con design tattico. Lama nera, clip da cintura, frangivetro. Pratico, elegante e pronto all'azione. Consegna rapida.","robots":{"index":"index","follow":"follow","max-snippet":"max-snippet:-1","max-image-preview":"max-image-preview:large","max-video-preview":"max-video-preview:-1"},"canonical":"https:\/\/repliquemangacine.fr\/it\/posate\/coltello-pieghevole-nero\/","og_locale":"it_IT","og_type":"article","og_title":"Couteau pliant noir - R\u00e9plique Manga Cin\u00e9","og_description":"Couteau pliant noir F822 au design tactique. Lame noire, clip ceinture, brise-vitre. Pratique, styl\u00e9 et pr\u00eat \u00e0 l\u2019action. Livraison rapide.","og_url":"https:\/\/repliquemangacine.fr\/it\/posate\/coltello-pieghevole-nero\/","og_site_name":"R\u00e9plique Manga Cin\u00e9","article_publisher":"https:\/\/www.facebook.com\/RepliqueMangaCine","article_modified_time":"2025-11-12T23:15:38+00:00","og_image":[{"width":700,"height":700,"url":"https:\/\/repliquemangacine.fr\/wp-content\/uploads\/2025\/07\/Couteau-F822.jpg","type":"image\/jpeg"}],"twitter_card":"summary_large_image","twitter_misc":{"Tempo di lettura stimato":"3 minuti"},"schema":{"@context":"https:\/\/schema.org","@graph":[{"@type":"WebPage","@id":"https:\/\/repliquemangacine.fr\/coutellerie\/couteau-pliant-noir\/","url":"https:\/\/repliquemangacine.fr\/coutellerie\/couteau-pliant-noir\/","name":"Coltello pieghevole nero - R\u00e9plique Manga Cin\u00e9","isPartOf":{"@id":"https:\/\/repliquemangacine.fr\/#website"},"primaryImageOfPage":{"@id":"https:\/\/repliquemangacine.fr\/coutellerie\/couteau-pliant-noir\/#primaryimage"},"image":{"@id":"https:\/\/repliquemangacine.fr\/coutellerie\/couteau-pliant-noir\/#primaryimage"},"thumbnailUrl":"https:\/\/repliquemangacine.fr\/wp-content\/uploads\/2025\/07\/Couteau-F822.jpg","datePublished":"2025-07-08T09:10:00+00:00","dateModified":"2025-11-12T23:15:38+00:00","description":"Coltello pieghevole nero F822 con design tattico. Lama nera, clip da cintura, frangivetro. Pratico, elegante e pronto all'azione. Consegna rapida.","breadcrumb":{"@id":"https:\/\/repliquemangacine.fr\/coutellerie\/couteau-pliant-noir\/#breadcrumb"},"inLanguage":"it-IT","potentialAction":[{"@type":"ReadAction","target":["https:\/\/repliquemangacine.fr\/coutellerie\/couteau-pliant-noir\/"]}]},{"@type":"ImageObject","inLanguage":"it-IT","@id":"https:\/\/repliquemangacine.fr\/coutellerie\/couteau-pliant-noir\/#primaryimage","url":"https:\/\/repliquemangacine.fr\/wp-content\/uploads\/2025\/07\/Couteau-F822.jpg","contentUrl":"https:\/\/repliquemangacine.fr\/wp-content\/uploads\/2025\/07\/Couteau-F822.jpg","width":700,"height":700,"caption":"Couteau pliant noir"},{"@type":"BreadcrumbList","@id":"https:\/\/repliquemangacine.fr\/coutellerie\/couteau-pliant-noir\/#breadcrumb","itemListElement":[{"@type":"ListItem","position":1,"name":"Accueil","item":"https:\/\/repliquemangacine.fr\/"},{"@type":"ListItem","position":2,"name":"Produits","item":"https:\/\/repliquemangacine.fr\/boutique\/"},{"@type":"ListItem","position":3,"name":"Couteau pliant noir"}]},{"@type":"WebSite","@id":"https:\/\/repliquemangacine.fr\/#website","url":"https:\/\/repliquemangacine.fr\/","name":"R\u00e9plique Manga Cin\u00e9","description":"","publisher":{"@id":"https:\/\/repliquemangacine.fr\/#organization"},"potentialAction":[{"@type":"SearchAction","target":{"@type":"EntryPoint","urlTemplate":"https:\/\/repliquemangacine.fr\/?s={search_term_string}"},"query-input":{"@type":"PropertyValueSpecification","valueRequired":true,"valueName":"search_term_string"}}],"inLanguage":"it-IT"},{"@type":"Organization","@id":"https:\/\/repliquemangacine.fr\/#organization","name":"R\u00e9plique Manga Cin\u00e9","url":"https:\/\/repliquemangacine.fr\/","logo":{"@type":"ImageObject","inLanguage":"it-IT","@id":"https:\/\/repliquemangacine.fr\/#\/schema\/logo\/image\/","url":"https:\/\/repliquemangacine.fr\/wp-content\/uploads\/2023\/10\/RMC-500250.png","contentUrl":"https:\/\/repliquemangacine.fr\/wp-content\/uploads\/2023\/10\/RMC-500250.png","width":500,"height":250,"caption":"R\u00e9plique Manga Cin\u00e9"},"image":{"@id":"https:\/\/repliquemangacine.fr\/#\/schema\/logo\/image\/"},"sameAs":["https:\/\/www.facebook.com\/RepliqueMangaCine","https:\/\/www.instagram.com\/repliquemangacine.fr\/"]}]}},"_links":{"self":[{"href":"https:\/\/repliquemangacine.fr\/it\/wp-json\/wp\/v2\/product\/86126","targetHints":{"allow":["GET"]}}],"collection":[{"href":"https:\/\/repliquemangacine.fr\/it\/wp-json\/wp\/v2\/product"}],"about":[{"href":"https:\/\/repliquemangacine.fr\/it\/wp-json\/wp\/v2\/types\/product"}],"wp:featuredmedia":[{"embeddable":true,"href":"https:\/\/repliquemangacine.fr\/it\/wp-json\/wp\/v2\/media\/86135"}],"wp:attachment":[{"href":"https:\/\/repliquemangacine.fr\/it\/wp-json\/wp\/v2\/media?parent=86126"}],"wp:term":[{"taxonomy":"product_brand","embeddable":true,"href":"https:\/\/repliquemangacine.fr\/it\/wp-json\/wp\/v2\/product_brand?post=86126"},{"taxonomy":"product_cat","embeddable":true,"href":"https:\/\/repliquemangacine.fr\/it\/wp-json\/wp\/v2\/product_cat?post=86126"},{"taxonomy":"product_tag","embeddable":true,"href":"https:\/\/repliquemangacine.fr\/it\/wp-json\/wp\/v2\/product_tag?post=86126"}],"curies":[{"name":"wp","href":"https:\/\/api.w.org\/{rel}","templated":true}]}}