





{"id":85916,"date":"2025-07-01T16:10:37","date_gmt":"2025-07-01T14:10:37","guid":{"rendered":"https:\/\/repliquemangacine.fr\/?post_type=product&#038;p=85916"},"modified":"2026-04-01T06:37:22","modified_gmt":"2026-04-01T04:37:22","slug":"pistola-inglese-a-6-canne","status":"publish","type":"product","link":"https:\/\/repliquemangacine.fr\/it\/armes-historiques\/pistolet-anglais-6-canons\/","title":{"rendered":"Pistola inglese a 6 canne"},"content":{"rendered":"<h2>Una fedele e imponente pistola inglese a sei canne del 1840 di Denix<\/h2>\n<p>Per cominciare, questa pistola inglese a 6 canne <a href=\"https:\/\/www.denix.fr\/\" target=\"_blank\" rel=\"noopener noreferrer\">Denix<\/a> \u00e8 una replica unica, ispirata ai complessi e temibili modelli di pistole del XIX secolo.<br \/>\nRealizzato con cura, riprende lo stile tipico delle armi da duello a canna multipla utilizzate intorno al 1840.<br \/>\nLa sua particolarit\u00e0 risiede nei sei cannoni rotanti, una prodezza tecnica progettata per sparare rapidamente diversi colpi senza ricaricare.<br \/>\nLa replica misura circa 22,5 cm e pesa circa 968 g, perfetta per essere esposta, utilizzata per il cosplay o collezionata.<br \/>\nIl corpo \u00e8 in metallo invecchiato, con una finitura in legno imitazione mogano sul calcio, per un effetto molto realistico.<br \/>\nLa pistola incarna il passaggio dalle armi artigianali classiche all'ingegnosit\u00e0 industriale del secolo nascente.<br \/>\nFirmato Denix, questo oggetto decorativo riflette perfettamente la raffinatezza brutale dell'epoca vittoriana britannica.<br \/>\nDi conseguenza, collezionisti, appassionati di storia o di armi antiche, questa pistola non lascer\u00e0 nessuno indifferente nella vostra vetrina.<\/p>\n<h2>Una rara replica storica con una meccanica tanto estetica quanto insolita<\/h2>\n<p>Va detto che la pistola inglese a sei canne incarna una rara forma di ingegnosit\u00e0 militare nel cuore del XIX secolo, in piena evoluzione tecnologica.<br \/>\nProgettata per ovviare alla lentezza della ricarica, offre a chi la impugna un netto vantaggio strategico nei duelli ravvicinati.<br \/>\nIn questo caso, la presenza di sei cannoni sovrapposti \u00e8 allo stesso tempo dissuasiva, innovativa e talvolta considerata un lusso aristocratico.<br \/>\nGli ufficiali, i navigatori o gli esploratori britannici in missione in territori ostili portano quest'arma.<br \/>\nLa replica Denix rispetta scrupolosamente questa eleganza tecnica, combinando robustezza, dettagli incisi e meccanismo di armamento rotante.<br \/>\nIn poche parole, regalare o regalarsi questa pistola significa acquisire un pezzo raro che celebra l'ingegnosit\u00e0 degli armaioli britannici del XIX secolo.<\/p>\n<h2>Esplora altre repliche inglesi su R\u00e9plique Manga Cin\u00e9<\/h2>\n<p>Visita <strong>R\u00e9plique Manga Cin\u00e9<\/strong>, scoprite altre armi britanniche riprodotte fedelmente per arricchire la vostra collezione con stile e coerenza storica.<br \/>\nIn primo luogo, aggiungi ad esempio il <a href=\"https:\/\/repliquemangacine.fr\/it\/denix\/pistola-da-duello-inglese-a-pietra-focaia-in-ottone-del-xviii-secolo\/\" target=\"_blank\" rel=\"noopener noreferrer\">Pistola da duello inglese a pietra focaia in ottone<\/a>, elegante, preciso e tipico dei duelli d'onore aristocratici.<br \/>\nLa finitura in ottone lucido e il calcio in legno intagliato lo rendono un oggetto di prestigio e raffinatezza storica.<br \/>\nIn secondo luogo, il <a href=\"https:\/\/repliquemangacine.fr\/it\/armi-pirata\/cannone-navale-inglese-del-xviii-secolo\/\" target=\"_blank\" rel=\"noopener noreferrer\">Cannone navale inglese del XVIII secolo<\/a>, miniatura decorativa e di grande effetto grazie alla sua finitura in metallo e legno.<br \/>\nQuesti prodotti si abbinano perfettamente alla pistola a 6 canne per ricreare un universo marittimo o militare britannico coerente.<br \/>\nPer concludere,<strong> R\u00e9plique Manga Cin\u00e9<\/strong> \u00e8 selezionato per la sua fedelt\u00e0, la sua finitura e il suo potenziale decorativo.<br \/>\nPertanto, appassionati di storia, rievocazioni storiche o collezionismo, troverete oggetti unici per arricchire la vostra collezione.<\/p>","protected":false},"excerpt":{"rendered":"<p>Impressionante replica di una pistola inglese a sei canne rotanti, modello 1840, firmata Denix. Un pezzo raro, perfetto per il collezionismo, la decorazione o il cosplay storico.<\/p>\n<p><strong>Caratteristiche del prodotto :<\/strong><\/p>\n<ul>\n<li>Replica non funzionante prodotta da Denix<\/li>\n<li>Sei barili rotanti per un look unico e realistico<\/li>\n<li>Telaio in metallo anticato con calcio in legno<\/li>\n<li>Meccanismo mobile per la simulazione di armi<\/li>\n<li>Fedele alle armi da duello e da difesa britanniche del XIX secolo<\/li>\n<li>Oggetto decorativo storico o accessorio per cosplay vittoriano<\/li>\n<li>Perfetto come complemento per vetrine di armi antiche o navali<\/li>\n<li>Lunghezza approssimativa: 22,5 cm<\/li>\n<li>Peso: 968 g<\/li>\n<\/ul>","protected":false},"featured_media":85943,"template":"","meta":[],"product_brand":[],"product_cat":[25,102,52,28],"product_tag":[],"class_list":{"0":"post-85916","1":"product","2":"type-product","3":"status-publish","4":"has-post-thumbnail","6":"product_cat-armes-historiques","7":"product_cat-denix","8":"product_cat-pistolet-ancien","9":"product_cat-repliques-darmes","11":"first","12":"instock","13":"sale","14":"taxable","15":"shipping-taxable","16":"purchasable","17":"product-type-simple"},"yoast_head":"<!-- This site is optimized with the Yoast SEO plugin v27.4 - https:\/\/yoast.com\/product\/yoast-seo-wordpress\/ -->\n<title>Pistolet Anglais 6 Canons - R\u00e9plique Manga Cin\u00e9<\/title>\n<meta name=\"description\" content=\"R\u00e9plique Denix d&#039;un Pistolet Anglais 6 Canons. Pi\u00e8ce historique d\u00e9corative, id\u00e9ale pour collection, exposition ou passionn\u00e9s d\u2019armes anciennes.\" \/>\n<meta name=\"robots\" content=\"index, follow, max-snippet:-1, max-image-preview:large, max-video-preview:-1\" \/>\n<link rel=\"canonical\" href=\"https:\/\/repliquemangacine.fr\/it\/armi-storiche\/pistola-inglese-a-6-canne\/\" \/>\n<meta property=\"og:locale\" content=\"it_IT\" \/>\n<meta property=\"og:type\" content=\"article\" \/>\n<meta property=\"og:title\" content=\"Pistolet Anglais 6 Canons - R\u00e9plique Manga Cin\u00e9\" \/>\n<meta property=\"og:description\" content=\"R\u00e9plique Denix d&#039;un Pistolet Anglais 6 Canons. Pi\u00e8ce historique d\u00e9corative, id\u00e9ale pour collection, exposition ou passionn\u00e9s d\u2019armes anciennes.\" \/>\n<meta property=\"og:url\" content=\"https:\/\/repliquemangacine.fr\/it\/armi-storiche\/pistola-inglese-a-6-canne\/\" \/>\n<meta property=\"og:site_name\" content=\"R\u00e9plique Manga Cin\u00e9\" \/>\n<meta property=\"article:publisher\" content=\"https:\/\/www.facebook.com\/RepliqueMangaCine\" \/>\n<meta property=\"article:modified_time\" content=\"2026-04-01T04:37:22+00:00\" \/>\n<meta property=\"og:image\" content=\"https:\/\/repliquemangacine.fr\/wp-content\/uploads\/2025\/07\/Revolver-6-canons-Angleterre-1840.jpg\" \/>\n\t<meta property=\"og:image:width\" content=\"700\" \/>\n\t<meta property=\"og:image:height\" content=\"700\" \/>\n\t<meta property=\"og:image:type\" content=\"image\/jpeg\" \/>\n<meta name=\"twitter:card\" content=\"summary_large_image\" \/>\n<meta name=\"twitter:label1\" content=\"Tempo di lettura stimato\" \/>\n\t<meta name=\"twitter:data1\" content=\"3 minuti\" \/>\n<script type=\"application\/ld+json\" class=\"yoast-schema-graph\">{\"@context\":\"https:\\\/\\\/schema.org\",\"@graph\":[{\"@type\":\"WebPage\",\"@id\":\"https:\\\/\\\/repliquemangacine.fr\\\/armes-historiques\\\/pistolet-anglais-6-canons\\\/\",\"url\":\"https:\\\/\\\/repliquemangacine.fr\\\/armes-historiques\\\/pistolet-anglais-6-canons\\\/\",\"name\":\"Pistolet Anglais 6 Canons - R\u00e9plique Manga Cin\u00e9\",\"isPartOf\":{\"@id\":\"https:\\\/\\\/repliquemangacine.fr\\\/#website\"},\"primaryImageOfPage\":{\"@id\":\"https:\\\/\\\/repliquemangacine.fr\\\/armes-historiques\\\/pistolet-anglais-6-canons\\\/#primaryimage\"},\"image\":{\"@id\":\"https:\\\/\\\/repliquemangacine.fr\\\/armes-historiques\\\/pistolet-anglais-6-canons\\\/#primaryimage\"},\"thumbnailUrl\":\"https:\\\/\\\/repliquemangacine.fr\\\/wp-content\\\/uploads\\\/2025\\\/07\\\/Revolver-6-canons-Angleterre-1840.jpg\",\"datePublished\":\"2025-07-01T14:10:37+00:00\",\"dateModified\":\"2026-04-01T04:37:22+00:00\",\"description\":\"R\u00e9plique Denix d'un Pistolet Anglais 6 Canons. Pi\u00e8ce historique d\u00e9corative, id\u00e9ale pour collection, exposition ou passionn\u00e9s d\u2019armes anciennes.\",\"breadcrumb\":{\"@id\":\"https:\\\/\\\/repliquemangacine.fr\\\/armes-historiques\\\/pistolet-anglais-6-canons\\\/#breadcrumb\"},\"inLanguage\":\"it-IT\",\"potentialAction\":[{\"@type\":\"ReadAction\",\"target\":[\"https:\\\/\\\/repliquemangacine.fr\\\/armes-historiques\\\/pistolet-anglais-6-canons\\\/\"]}]},{\"@type\":\"ImageObject\",\"inLanguage\":\"it-IT\",\"@id\":\"https:\\\/\\\/repliquemangacine.fr\\\/armes-historiques\\\/pistolet-anglais-6-canons\\\/#primaryimage\",\"url\":\"https:\\\/\\\/repliquemangacine.fr\\\/wp-content\\\/uploads\\\/2025\\\/07\\\/Revolver-6-canons-Angleterre-1840.jpg\",\"contentUrl\":\"https:\\\/\\\/repliquemangacine.fr\\\/wp-content\\\/uploads\\\/2025\\\/07\\\/Revolver-6-canons-Angleterre-1840.jpg\",\"width\":700,\"height\":700,\"caption\":\"Revolver-6-canons-Angleterre-1840\"},{\"@type\":\"BreadcrumbList\",\"@id\":\"https:\\\/\\\/repliquemangacine.fr\\\/armes-historiques\\\/pistolet-anglais-6-canons\\\/#breadcrumb\",\"itemListElement\":[{\"@type\":\"ListItem\",\"position\":1,\"name\":\"Accueil\",\"item\":\"https:\\\/\\\/repliquemangacine.fr\\\/\"},{\"@type\":\"ListItem\",\"position\":2,\"name\":\"Produits\",\"item\":\"https:\\\/\\\/repliquemangacine.fr\\\/boutique\\\/\"},{\"@type\":\"ListItem\",\"position\":3,\"name\":\"Pistolet Anglais 6 Canons\"}]},{\"@type\":\"WebSite\",\"@id\":\"https:\\\/\\\/repliquemangacine.fr\\\/#website\",\"url\":\"https:\\\/\\\/repliquemangacine.fr\\\/\",\"name\":\"R\u00e9plique Manga Cin\u00e9\",\"description\":\"\",\"publisher\":{\"@id\":\"https:\\\/\\\/repliquemangacine.fr\\\/#organization\"},\"potentialAction\":[{\"@type\":\"SearchAction\",\"target\":{\"@type\":\"EntryPoint\",\"urlTemplate\":\"https:\\\/\\\/repliquemangacine.fr\\\/?s={search_term_string}\"},\"query-input\":{\"@type\":\"PropertyValueSpecification\",\"valueRequired\":true,\"valueName\":\"search_term_string\"}}],\"inLanguage\":\"it-IT\"},{\"@type\":\"Organization\",\"@id\":\"https:\\\/\\\/repliquemangacine.fr\\\/#organization\",\"name\":\"R\u00e9plique Manga Cin\u00e9\",\"url\":\"https:\\\/\\\/repliquemangacine.fr\\\/\",\"logo\":{\"@type\":\"ImageObject\",\"inLanguage\":\"it-IT\",\"@id\":\"https:\\\/\\\/repliquemangacine.fr\\\/#\\\/schema\\\/logo\\\/image\\\/\",\"url\":\"https:\\\/\\\/repliquemangacine.fr\\\/wp-content\\\/uploads\\\/2023\\\/10\\\/RMC-500250.png\",\"contentUrl\":\"https:\\\/\\\/repliquemangacine.fr\\\/wp-content\\\/uploads\\\/2023\\\/10\\\/RMC-500250.png\",\"width\":500,\"height\":250,\"caption\":\"R\u00e9plique Manga Cin\u00e9\"},\"image\":{\"@id\":\"https:\\\/\\\/repliquemangacine.fr\\\/#\\\/schema\\\/logo\\\/image\\\/\"},\"sameAs\":[\"https:\\\/\\\/www.facebook.com\\\/RepliqueMangaCine\",\"https:\\\/\\\/www.instagram.com\\\/repliquemangacine.fr\\\/\"]}]}<\/script>\n<!-- \/ Yoast SEO plugin. -->","yoast_head_json":{"title":"Pistola inglese a 6 canne - R\u00e9plique Manga Cin\u00e9","description":"Replica in Denix di una pistola inglese a 6 canne. Un pezzo storico decorativo, ideale per collezioni, mostre o appassionati di armi antiche.","robots":{"index":"index","follow":"follow","max-snippet":"max-snippet:-1","max-image-preview":"max-image-preview:large","max-video-preview":"max-video-preview:-1"},"canonical":"https:\/\/repliquemangacine.fr\/it\/armi-storiche\/pistola-inglese-a-6-canne\/","og_locale":"it_IT","og_type":"article","og_title":"Pistolet Anglais 6 Canons - R\u00e9plique Manga Cin\u00e9","og_description":"R\u00e9plique Denix d'un Pistolet Anglais 6 Canons. Pi\u00e8ce historique d\u00e9corative, id\u00e9ale pour collection, exposition ou passionn\u00e9s d\u2019armes anciennes.","og_url":"https:\/\/repliquemangacine.fr\/it\/armi-storiche\/pistola-inglese-a-6-canne\/","og_site_name":"R\u00e9plique Manga Cin\u00e9","article_publisher":"https:\/\/www.facebook.com\/RepliqueMangaCine","article_modified_time":"2026-04-01T04:37:22+00:00","og_image":[{"width":700,"height":700,"url":"https:\/\/repliquemangacine.fr\/wp-content\/uploads\/2025\/07\/Revolver-6-canons-Angleterre-1840.jpg","type":"image\/jpeg"}],"twitter_card":"summary_large_image","twitter_misc":{"Tempo di lettura stimato":"3 minuti"},"schema":{"@context":"https:\/\/schema.org","@graph":[{"@type":"WebPage","@id":"https:\/\/repliquemangacine.fr\/armes-historiques\/pistolet-anglais-6-canons\/","url":"https:\/\/repliquemangacine.fr\/armes-historiques\/pistolet-anglais-6-canons\/","name":"Pistola inglese a 6 canne - R\u00e9plique Manga Cin\u00e9","isPartOf":{"@id":"https:\/\/repliquemangacine.fr\/#website"},"primaryImageOfPage":{"@id":"https:\/\/repliquemangacine.fr\/armes-historiques\/pistolet-anglais-6-canons\/#primaryimage"},"image":{"@id":"https:\/\/repliquemangacine.fr\/armes-historiques\/pistolet-anglais-6-canons\/#primaryimage"},"thumbnailUrl":"https:\/\/repliquemangacine.fr\/wp-content\/uploads\/2025\/07\/Revolver-6-canons-Angleterre-1840.jpg","datePublished":"2025-07-01T14:10:37+00:00","dateModified":"2026-04-01T04:37:22+00:00","description":"Replica in Denix di una pistola inglese a 6 canne. Un pezzo storico decorativo, ideale per collezioni, mostre o appassionati di armi antiche.","breadcrumb":{"@id":"https:\/\/repliquemangacine.fr\/armes-historiques\/pistolet-anglais-6-canons\/#breadcrumb"},"inLanguage":"it-IT","potentialAction":[{"@type":"ReadAction","target":["https:\/\/repliquemangacine.fr\/armes-historiques\/pistolet-anglais-6-canons\/"]}]},{"@type":"ImageObject","inLanguage":"it-IT","@id":"https:\/\/repliquemangacine.fr\/armes-historiques\/pistolet-anglais-6-canons\/#primaryimage","url":"https:\/\/repliquemangacine.fr\/wp-content\/uploads\/2025\/07\/Revolver-6-canons-Angleterre-1840.jpg","contentUrl":"https:\/\/repliquemangacine.fr\/wp-content\/uploads\/2025\/07\/Revolver-6-canons-Angleterre-1840.jpg","width":700,"height":700,"caption":"Revolver-6-canons-Angleterre-1840"},{"@type":"BreadcrumbList","@id":"https:\/\/repliquemangacine.fr\/armes-historiques\/pistolet-anglais-6-canons\/#breadcrumb","itemListElement":[{"@type":"ListItem","position":1,"name":"Accueil","item":"https:\/\/repliquemangacine.fr\/"},{"@type":"ListItem","position":2,"name":"Produits","item":"https:\/\/repliquemangacine.fr\/boutique\/"},{"@type":"ListItem","position":3,"name":"Pistolet Anglais 6 Canons"}]},{"@type":"WebSite","@id":"https:\/\/repliquemangacine.fr\/#website","url":"https:\/\/repliquemangacine.fr\/","name":"R\u00e9plique Manga Cin\u00e9","description":"","publisher":{"@id":"https:\/\/repliquemangacine.fr\/#organization"},"potentialAction":[{"@type":"SearchAction","target":{"@type":"EntryPoint","urlTemplate":"https:\/\/repliquemangacine.fr\/?s={search_term_string}"},"query-input":{"@type":"PropertyValueSpecification","valueRequired":true,"valueName":"search_term_string"}}],"inLanguage":"it-IT"},{"@type":"Organization","@id":"https:\/\/repliquemangacine.fr\/#organization","name":"R\u00e9plique Manga Cin\u00e9","url":"https:\/\/repliquemangacine.fr\/","logo":{"@type":"ImageObject","inLanguage":"it-IT","@id":"https:\/\/repliquemangacine.fr\/#\/schema\/logo\/image\/","url":"https:\/\/repliquemangacine.fr\/wp-content\/uploads\/2023\/10\/RMC-500250.png","contentUrl":"https:\/\/repliquemangacine.fr\/wp-content\/uploads\/2023\/10\/RMC-500250.png","width":500,"height":250,"caption":"R\u00e9plique Manga Cin\u00e9"},"image":{"@id":"https:\/\/repliquemangacine.fr\/#\/schema\/logo\/image\/"},"sameAs":["https:\/\/www.facebook.com\/RepliqueMangaCine","https:\/\/www.instagram.com\/repliquemangacine.fr\/"]}]}},"_links":{"self":[{"href":"https:\/\/repliquemangacine.fr\/it\/wp-json\/wp\/v2\/product\/85916","targetHints":{"allow":["GET"]}}],"collection":[{"href":"https:\/\/repliquemangacine.fr\/it\/wp-json\/wp\/v2\/product"}],"about":[{"href":"https:\/\/repliquemangacine.fr\/it\/wp-json\/wp\/v2\/types\/product"}],"wp:featuredmedia":[{"embeddable":true,"href":"https:\/\/repliquemangacine.fr\/it\/wp-json\/wp\/v2\/media\/85943"}],"wp:attachment":[{"href":"https:\/\/repliquemangacine.fr\/it\/wp-json\/wp\/v2\/media?parent=85916"}],"wp:term":[{"taxonomy":"product_brand","embeddable":true,"href":"https:\/\/repliquemangacine.fr\/it\/wp-json\/wp\/v2\/product_brand?post=85916"},{"taxonomy":"product_cat","embeddable":true,"href":"https:\/\/repliquemangacine.fr\/it\/wp-json\/wp\/v2\/product_cat?post=85916"},{"taxonomy":"product_tag","embeddable":true,"href":"https:\/\/repliquemangacine.fr\/it\/wp-json\/wp\/v2\/product_tag?post=85916"}],"curies":[{"name":"wp","href":"https:\/\/api.w.org\/{rel}","templated":true}]}}