





{"id":85868,"date":"2025-07-01T15:04:48","date_gmt":"2025-07-01T13:04:48","guid":{"rendered":"https:\/\/repliquemangacine.fr\/?post_type=product&#038;p=85868"},"modified":"2026-02-19T10:17:20","modified_gmt":"2026-02-19T09:17:20","slug":"mini-katana-di-michonne","status":"publish","type":"product","link":"https:\/\/repliquemangacine.fr\/it\/armes-the-walking-dead\/mini-katana-de-michonne\/","title":{"rendered":"Mini Katana di Michonne"},"content":{"rendered":"<h2>Una mini katana fedele all'iconica arma di Michonne in The Walking Dead<\/h2>\n<p>Questa Mini Katana di Michonne \u00e8 una replica fedele dell'iconica arma utilizzata da <a href=\"https:\/\/thewalkingdead.fandom.com\/fr\/wiki\/Michonne_(univers_TV)\" target=\"_blank\" rel=\"noopener noreferrer\">Michonne<\/a> nella serie The Walking Dead.<br class=\"yoast-text-mark\" \/>Innanzitutto, la mini katana misura 45,5 cm, per un peso totale di 230 g, perfetto per essere esposto in una vetrina.<br class=\"yoast-text-mark\" \/>La lama \u00e8 realizzata in acciaio inossidabile 440 e reca inciso il simbolo del rischio biologico.<br class=\"yoast-text-mark\" \/>Il manico \u00e8 avvolto da una treccia di cotone bianco, in linea con lo stile tradizionale giapponese che Michonne indossa in tutte le sue apparizioni.<br class=\"yoast-text-mark\" \/>Il fodero in legno presenta anche una treccia di cotone bianco e un cordoncino decorativo nero.<br class=\"yoast-text-mark\" \/>Il formato mini rende questa replica accessibile e facile da esporre, pur conservando i dettagli essenziali dell'arma originale.<br class=\"yoast-text-mark\" \/>Nel complesso, questa katana in miniatura far\u00e0 la gioia dei fan degli zombie, degli appassionati della serie e degli amanti delle belle repliche di katana.<\/p>\n<h2>Una katana simbolica, un'arma silenziosa di sopravvivenza e la firma di Michonne.<\/h2>\n<p>In primo luogo, la katana di Michonne \u00e8 molto pi\u00f9 di un'arma: \u00e8 un'estensione della sua identit\u00e0, il suo simbolo di sopravvivenza e maestria.<br class=\"yoast-text-mark\" \/>Questa particolarit\u00e0 ha reso Michonne una delle sopravvissute pi\u00f9 temute e rispettate nel corso delle stagioni della serie.<br \/>\nIl suo modo di maneggiare la lama \u00e8 fluido. Preciso e determinato, riflette una grande saggezza.<\/p>\n<p>Questa mini katana cattura l'essenza di quest'arma cult, con finiture accurate e una guardia incisa.<br class=\"yoast-text-mark\" \/>\u00c8 anche una metafora del silenzio, del controllo e della resilienza che Michonne incarna a ogni apparizione.<br class=\"yoast-text-mark\" \/>Con questa katana si rende omaggio a una guerriera discreta, guidata dalla necessit\u00e0 di proteggere coloro che amava.<\/p>\n<h2>Altre armi iconiche di The Walking Dead su R\u00e9plique Manga Cin\u00e9<\/h2>\n<p>A <strong>R\u00e9plique Manga Cin\u00e9<\/strong>Troverete anche altre mitiche repliche dell'universo di The Walking Dead da aggiungere alla vostra collezione.<br class=\"yoast-text-mark\" \/>Soprattutto, il <a href=\"https:\/\/repliquemangacine.fr\/it\/armi-the-walking-dead\/katana-forge-de-michonne\/\" target=\"_blank\" rel=\"noopener noreferrer\">La katana da taglio di Michonne<\/a> Una versione a grandezza naturale, perfezionata per un aspetto ancora pi\u00f9 realistico.<br class=\"yoast-text-mark\" \/>Cos\u00ec come il <a href=\"https:\/\/repliquemangacine.fr\/it\/denix\/colt-python-rick-grimes\/\" target=\"_blank\" rel=\"noopener noreferrer\">La pistola di Ric<\/a>k Grimes al vostro arsenale: una pistola cult utilizzata durante tutta la serie per difendere i sopravvissuti.<br \/>\nIl nostro negozio offre repliche di armi utilizzate nei film e nelle serie televisive, fedeli, dettagliate e selezionate per la loro qualit\u00e0 e autenticit\u00e0.<br \/>\nInfine, visitate <strong>R\u00e9plique Manga Cin\u00e9<\/strong> e ricreare l'atmosfera della vostra serie preferita con stile, precisione e passione per i dettagli.<\/p>","protected":false},"excerpt":{"rendered":"<p>Una replica fedele dell'iconica katana di Michonne, l'eroina cult della serie The Walking Dead. Compatto, dettagliato ed elegante, questo modello in miniatura conserva tutta l'anima dell'arma originale in un formato piccolo e accessibile.<\/p>\n<p><strong>Caratteristiche del prodotto :<\/strong><\/p>\n<ul>\n<li>Lama: acciaio inossidabile 440, non affilata, con incisione del simbolo del rischio biologico.<\/li>\n<li>Impugnatura: treccia di cotone bianco su manico in finto legno<\/li>\n<li>Fodero: legno dipinto, con treccia bianca e cordoncino nero decorativo<\/li>\n<li>Replica decorativa fedele all'arma di Michonne, formato mini ideale da esporre.<\/li>\n<li>Perfetto per collezioni, cosplay, vetrine o regali per gli appassionati di zombie e serie cult.<\/li>\n<li>Lunghezza totale: 45,5 cm<\/li>\n<li>Lunghezza della lama: 27 cm<\/li>\n<li>Peso: 230 g<\/li>\n<\/ul>","protected":false},"featured_media":85872,"template":"","meta":[],"product_brand":[],"product_cat":[62],"product_tag":[],"class_list":{"0":"post-85868","1":"product","2":"type-product","3":"status-publish","4":"has-post-thumbnail","6":"product_cat-armes-the-walking-dead","8":"first","9":"instock","10":"taxable","11":"shipping-taxable","12":"purchasable","13":"product-type-simple"},"yoast_head":"<!-- This site is optimized with the Yoast SEO plugin v27.4 - https:\/\/yoast.com\/product\/yoast-seo-wordpress\/ -->\n<title>Mini Katana de Michonne - R\u00e9plique Manga Cin\u00e9<\/title>\n<meta name=\"description\" content=\"Mini katana de Michonne \u2013 The Walking Dead. R\u00e9plique fid\u00e8le avec fourreau, lame d\u00e9corative et finitions r\u00e9alistes. Id\u00e9al pour les collectionneurs\" \/>\n<meta name=\"robots\" content=\"index, follow, max-snippet:-1, max-image-preview:large, max-video-preview:-1\" \/>\n<link rel=\"canonical\" href=\"https:\/\/repliquemangacine.fr\/it\/armi-the-walking-dead\/mini-katana-di-michonne\/\" \/>\n<meta property=\"og:locale\" content=\"it_IT\" \/>\n<meta property=\"og:type\" content=\"article\" \/>\n<meta property=\"og:title\" content=\"Mini Katana de Michonne - R\u00e9plique Manga Cin\u00e9\" \/>\n<meta property=\"og:description\" content=\"Mini katana de Michonne \u2013 The Walking Dead. R\u00e9plique fid\u00e8le avec fourreau, lame d\u00e9corative et finitions r\u00e9alistes. Id\u00e9al pour les collectionneurs\" \/>\n<meta property=\"og:url\" content=\"https:\/\/repliquemangacine.fr\/it\/armi-the-walking-dead\/mini-katana-di-michonne\/\" \/>\n<meta property=\"og:site_name\" content=\"R\u00e9plique Manga Cin\u00e9\" \/>\n<meta property=\"article:publisher\" content=\"https:\/\/www.facebook.com\/RepliqueMangaCine\" \/>\n<meta property=\"article:modified_time\" content=\"2026-02-19T09:17:20+00:00\" \/>\n<meta property=\"og:image\" content=\"https:\/\/repliquemangacine.fr\/wp-content\/uploads\/2025\/07\/mini-katana-Michonne.jpg\" \/>\n\t<meta property=\"og:image:width\" content=\"700\" \/>\n\t<meta property=\"og:image:height\" content=\"700\" \/>\n\t<meta property=\"og:image:type\" content=\"image\/jpeg\" \/>\n<meta name=\"twitter:card\" content=\"summary_large_image\" \/>\n<meta name=\"twitter:label1\" content=\"Tempo di lettura stimato\" \/>\n\t<meta name=\"twitter:data1\" content=\"3 minuti\" \/>\n<script type=\"application\/ld+json\" class=\"yoast-schema-graph\">{\"@context\":\"https:\\\/\\\/schema.org\",\"@graph\":[{\"@type\":\"WebPage\",\"@id\":\"https:\\\/\\\/repliquemangacine.fr\\\/armes-the-walking-dead\\\/mini-katana-de-michonne\\\/\",\"url\":\"https:\\\/\\\/repliquemangacine.fr\\\/armes-the-walking-dead\\\/mini-katana-de-michonne\\\/\",\"name\":\"Mini Katana de Michonne - R\u00e9plique Manga Cin\u00e9\",\"isPartOf\":{\"@id\":\"https:\\\/\\\/repliquemangacine.fr\\\/#website\"},\"primaryImageOfPage\":{\"@id\":\"https:\\\/\\\/repliquemangacine.fr\\\/armes-the-walking-dead\\\/mini-katana-de-michonne\\\/#primaryimage\"},\"image\":{\"@id\":\"https:\\\/\\\/repliquemangacine.fr\\\/armes-the-walking-dead\\\/mini-katana-de-michonne\\\/#primaryimage\"},\"thumbnailUrl\":\"https:\\\/\\\/repliquemangacine.fr\\\/wp-content\\\/uploads\\\/2025\\\/07\\\/mini-katana-Michonne.jpg\",\"datePublished\":\"2025-07-01T13:04:48+00:00\",\"dateModified\":\"2026-02-19T09:17:20+00:00\",\"description\":\"Mini katana de Michonne \u2013 The Walking Dead. R\u00e9plique fid\u00e8le avec fourreau, lame d\u00e9corative et finitions r\u00e9alistes. Id\u00e9al pour les collectionneurs\",\"breadcrumb\":{\"@id\":\"https:\\\/\\\/repliquemangacine.fr\\\/armes-the-walking-dead\\\/mini-katana-de-michonne\\\/#breadcrumb\"},\"inLanguage\":\"it-IT\",\"potentialAction\":[{\"@type\":\"ReadAction\",\"target\":[\"https:\\\/\\\/repliquemangacine.fr\\\/armes-the-walking-dead\\\/mini-katana-de-michonne\\\/\"]}]},{\"@type\":\"ImageObject\",\"inLanguage\":\"it-IT\",\"@id\":\"https:\\\/\\\/repliquemangacine.fr\\\/armes-the-walking-dead\\\/mini-katana-de-michonne\\\/#primaryimage\",\"url\":\"https:\\\/\\\/repliquemangacine.fr\\\/wp-content\\\/uploads\\\/2025\\\/07\\\/mini-katana-Michonne.jpg\",\"contentUrl\":\"https:\\\/\\\/repliquemangacine.fr\\\/wp-content\\\/uploads\\\/2025\\\/07\\\/mini-katana-Michonne.jpg\",\"width\":700,\"height\":700,\"caption\":\"mini-katana-Michonne\"},{\"@type\":\"BreadcrumbList\",\"@id\":\"https:\\\/\\\/repliquemangacine.fr\\\/armes-the-walking-dead\\\/mini-katana-de-michonne\\\/#breadcrumb\",\"itemListElement\":[{\"@type\":\"ListItem\",\"position\":1,\"name\":\"Accueil\",\"item\":\"https:\\\/\\\/repliquemangacine.fr\\\/\"},{\"@type\":\"ListItem\",\"position\":2,\"name\":\"Produits\",\"item\":\"https:\\\/\\\/repliquemangacine.fr\\\/boutique\\\/\"},{\"@type\":\"ListItem\",\"position\":3,\"name\":\"Mini Katana de Michonne\"}]},{\"@type\":\"WebSite\",\"@id\":\"https:\\\/\\\/repliquemangacine.fr\\\/#website\",\"url\":\"https:\\\/\\\/repliquemangacine.fr\\\/\",\"name\":\"R\u00e9plique Manga Cin\u00e9\",\"description\":\"\",\"publisher\":{\"@id\":\"https:\\\/\\\/repliquemangacine.fr\\\/#organization\"},\"potentialAction\":[{\"@type\":\"SearchAction\",\"target\":{\"@type\":\"EntryPoint\",\"urlTemplate\":\"https:\\\/\\\/repliquemangacine.fr\\\/?s={search_term_string}\"},\"query-input\":{\"@type\":\"PropertyValueSpecification\",\"valueRequired\":true,\"valueName\":\"search_term_string\"}}],\"inLanguage\":\"it-IT\"},{\"@type\":\"Organization\",\"@id\":\"https:\\\/\\\/repliquemangacine.fr\\\/#organization\",\"name\":\"R\u00e9plique Manga Cin\u00e9\",\"url\":\"https:\\\/\\\/repliquemangacine.fr\\\/\",\"logo\":{\"@type\":\"ImageObject\",\"inLanguage\":\"it-IT\",\"@id\":\"https:\\\/\\\/repliquemangacine.fr\\\/#\\\/schema\\\/logo\\\/image\\\/\",\"url\":\"https:\\\/\\\/repliquemangacine.fr\\\/wp-content\\\/uploads\\\/2023\\\/10\\\/RMC-500250.png\",\"contentUrl\":\"https:\\\/\\\/repliquemangacine.fr\\\/wp-content\\\/uploads\\\/2023\\\/10\\\/RMC-500250.png\",\"width\":500,\"height\":250,\"caption\":\"R\u00e9plique Manga Cin\u00e9\"},\"image\":{\"@id\":\"https:\\\/\\\/repliquemangacine.fr\\\/#\\\/schema\\\/logo\\\/image\\\/\"},\"sameAs\":[\"https:\\\/\\\/www.facebook.com\\\/RepliqueMangaCine\",\"https:\\\/\\\/www.instagram.com\\\/repliquemangacine.fr\\\/\"]}]}<\/script>\n<!-- \/ Yoast SEO plugin. -->","yoast_head_json":{"title":"Mini Katana di Michonne - R\u00e9plique Manga Cin\u00e9","description":"Mini katana di Michonne - The Walking Dead. Replica fedele con fodero, lama decorativa e finitura realistica. Ideale per i collezionisti","robots":{"index":"index","follow":"follow","max-snippet":"max-snippet:-1","max-image-preview":"max-image-preview:large","max-video-preview":"max-video-preview:-1"},"canonical":"https:\/\/repliquemangacine.fr\/it\/armi-the-walking-dead\/mini-katana-di-michonne\/","og_locale":"it_IT","og_type":"article","og_title":"Mini Katana de Michonne - R\u00e9plique Manga Cin\u00e9","og_description":"Mini katana de Michonne \u2013 The Walking Dead. R\u00e9plique fid\u00e8le avec fourreau, lame d\u00e9corative et finitions r\u00e9alistes. Id\u00e9al pour les collectionneurs","og_url":"https:\/\/repliquemangacine.fr\/it\/armi-the-walking-dead\/mini-katana-di-michonne\/","og_site_name":"R\u00e9plique Manga Cin\u00e9","article_publisher":"https:\/\/www.facebook.com\/RepliqueMangaCine","article_modified_time":"2026-02-19T09:17:20+00:00","og_image":[{"width":700,"height":700,"url":"https:\/\/repliquemangacine.fr\/wp-content\/uploads\/2025\/07\/mini-katana-Michonne.jpg","type":"image\/jpeg"}],"twitter_card":"summary_large_image","twitter_misc":{"Tempo di lettura stimato":"3 minuti"},"schema":{"@context":"https:\/\/schema.org","@graph":[{"@type":"WebPage","@id":"https:\/\/repliquemangacine.fr\/armes-the-walking-dead\/mini-katana-de-michonne\/","url":"https:\/\/repliquemangacine.fr\/armes-the-walking-dead\/mini-katana-de-michonne\/","name":"Mini Katana di Michonne - R\u00e9plique Manga Cin\u00e9","isPartOf":{"@id":"https:\/\/repliquemangacine.fr\/#website"},"primaryImageOfPage":{"@id":"https:\/\/repliquemangacine.fr\/armes-the-walking-dead\/mini-katana-de-michonne\/#primaryimage"},"image":{"@id":"https:\/\/repliquemangacine.fr\/armes-the-walking-dead\/mini-katana-de-michonne\/#primaryimage"},"thumbnailUrl":"https:\/\/repliquemangacine.fr\/wp-content\/uploads\/2025\/07\/mini-katana-Michonne.jpg","datePublished":"2025-07-01T13:04:48+00:00","dateModified":"2026-02-19T09:17:20+00:00","description":"Mini katana di Michonne - The Walking Dead. Replica fedele con fodero, lama decorativa e finitura realistica. Ideale per i collezionisti","breadcrumb":{"@id":"https:\/\/repliquemangacine.fr\/armes-the-walking-dead\/mini-katana-de-michonne\/#breadcrumb"},"inLanguage":"it-IT","potentialAction":[{"@type":"ReadAction","target":["https:\/\/repliquemangacine.fr\/armes-the-walking-dead\/mini-katana-de-michonne\/"]}]},{"@type":"ImageObject","inLanguage":"it-IT","@id":"https:\/\/repliquemangacine.fr\/armes-the-walking-dead\/mini-katana-de-michonne\/#primaryimage","url":"https:\/\/repliquemangacine.fr\/wp-content\/uploads\/2025\/07\/mini-katana-Michonne.jpg","contentUrl":"https:\/\/repliquemangacine.fr\/wp-content\/uploads\/2025\/07\/mini-katana-Michonne.jpg","width":700,"height":700,"caption":"mini-katana-Michonne"},{"@type":"BreadcrumbList","@id":"https:\/\/repliquemangacine.fr\/armes-the-walking-dead\/mini-katana-de-michonne\/#breadcrumb","itemListElement":[{"@type":"ListItem","position":1,"name":"Accueil","item":"https:\/\/repliquemangacine.fr\/"},{"@type":"ListItem","position":2,"name":"Produits","item":"https:\/\/repliquemangacine.fr\/boutique\/"},{"@type":"ListItem","position":3,"name":"Mini Katana de Michonne"}]},{"@type":"WebSite","@id":"https:\/\/repliquemangacine.fr\/#website","url":"https:\/\/repliquemangacine.fr\/","name":"R\u00e9plique Manga Cin\u00e9","description":"","publisher":{"@id":"https:\/\/repliquemangacine.fr\/#organization"},"potentialAction":[{"@type":"SearchAction","target":{"@type":"EntryPoint","urlTemplate":"https:\/\/repliquemangacine.fr\/?s={search_term_string}"},"query-input":{"@type":"PropertyValueSpecification","valueRequired":true,"valueName":"search_term_string"}}],"inLanguage":"it-IT"},{"@type":"Organization","@id":"https:\/\/repliquemangacine.fr\/#organization","name":"R\u00e9plique Manga Cin\u00e9","url":"https:\/\/repliquemangacine.fr\/","logo":{"@type":"ImageObject","inLanguage":"it-IT","@id":"https:\/\/repliquemangacine.fr\/#\/schema\/logo\/image\/","url":"https:\/\/repliquemangacine.fr\/wp-content\/uploads\/2023\/10\/RMC-500250.png","contentUrl":"https:\/\/repliquemangacine.fr\/wp-content\/uploads\/2023\/10\/RMC-500250.png","width":500,"height":250,"caption":"R\u00e9plique Manga Cin\u00e9"},"image":{"@id":"https:\/\/repliquemangacine.fr\/#\/schema\/logo\/image\/"},"sameAs":["https:\/\/www.facebook.com\/RepliqueMangaCine","https:\/\/www.instagram.com\/repliquemangacine.fr\/"]}]}},"_links":{"self":[{"href":"https:\/\/repliquemangacine.fr\/it\/wp-json\/wp\/v2\/product\/85868","targetHints":{"allow":["GET"]}}],"collection":[{"href":"https:\/\/repliquemangacine.fr\/it\/wp-json\/wp\/v2\/product"}],"about":[{"href":"https:\/\/repliquemangacine.fr\/it\/wp-json\/wp\/v2\/types\/product"}],"wp:featuredmedia":[{"embeddable":true,"href":"https:\/\/repliquemangacine.fr\/it\/wp-json\/wp\/v2\/media\/85872"}],"wp:attachment":[{"href":"https:\/\/repliquemangacine.fr\/it\/wp-json\/wp\/v2\/media?parent=85868"}],"wp:term":[{"taxonomy":"product_brand","embeddable":true,"href":"https:\/\/repliquemangacine.fr\/it\/wp-json\/wp\/v2\/product_brand?post=85868"},{"taxonomy":"product_cat","embeddable":true,"href":"https:\/\/repliquemangacine.fr\/it\/wp-json\/wp\/v2\/product_cat?post=85868"},{"taxonomy":"product_tag","embeddable":true,"href":"https:\/\/repliquemangacine.fr\/it\/wp-json\/wp\/v2\/product_tag?post=85868"}],"curies":[{"name":"wp","href":"https:\/\/api.w.org\/{rel}","templated":true}]}}