





{"id":85832,"date":"2025-07-01T13:57:46","date_gmt":"2025-07-01T11:57:46","guid":{"rendered":"https:\/\/repliquemangacine.fr\/?post_type=product&#038;p=85832"},"modified":"2026-04-15T12:52:01","modified_gmt":"2026-04-15T10:52:01","slug":"pistola-pirata-xviii","status":"publish","type":"product","link":"https:\/\/repliquemangacine.fr\/it\/armes-de-pirates\/pistolet-pirate-xviii\/","title":{"rendered":"Pistola Pirata XVIII"},"content":{"rendered":"<h2>Una replica dettagliata della pistola pirata Denix XVIII per vestire i panni di un vero bucaniere del XVIII secolo.<\/h2>\n<p>Per cominciare, questa pistola pirata del 18\u00b0 secolo <a href=\"https:\/\/www.denix.fr\/\" target=\"_blank\" rel=\"noopener noreferrer\">Denix<\/a> \u00e8 una replica fedele di un'arma pirata del XVIII secolo, pensata per i mancini audaci e intrepidi.<br class=\"yoast-text-mark\" \/>L'impugnatura in legno presenta l'emblema dei pirati: teschio e ossa incrociate, il mitico simbolo dei temibili bucanieri.<br class=\"yoast-text-mark\" \/>Il barile invecchiato e dorato, le incisioni barocche e il martello di metallo illustrano una notevole e coinvolgente attenzione ai dettagli.<br class=\"yoast-text-mark\" \/>Questo modello misura circa 38 cm, per un peso totale di 654 g, offrendo un eccellente equilibrio nella mano. Inoltre, \u00e8 dotato di un meccanismo articolato che simula l'arma dell'epoca.<br \/>\n\u00c8 quindi adatta sia agli appassionati di storia che ai fan di Pirati dei Caraibi o di avventure marine autentiche e cinematografiche.<br \/>\nEvoca l'anima di un capitano dalla mano sicura, fedele ai propri principi.<br \/>\nCon questo modello unico, impersona un pirata determinato, libero e feroce, trasportato dal mare e dall'odore della polvere da sparo.<\/p>\n<h2>Una moneta simbolica, che riflette il potere e il prestigio dei pirati.<\/h2>\n<p>Innanzitutto, questa pistola pirata \u00e8 molto pi\u00f9 di un'arma: incarna lo status, la forza e l'astuzia dei corsari esperti.<br class=\"yoast-text-mark\" \/>Prima di tutto, analizziamo come sono fatti: i fucili mancini sono rari e preziosi, spesso realizzati da tiratori esperti e temuti.<br class=\"yoast-text-mark\" \/>Il teschio e le ossa incrociate incise sul calcio riecheggiano la famosa bandiera nera, segnale di minaccia e fatale ultimatum.<br class=\"yoast-text-mark\" \/>I suoi ornamenti incisi esprimono un alto rango: non \u00e8 l'arma di un bagnante, ma quella di un leader assertivo.<br class=\"yoast-text-mark\" \/>In caso di abbordaggio, la pistola viene usata per i duelli ravvicinati o come ultima risorsa.<br class=\"yoast-text-mark\" \/>Ci ricorda che ogni pirata deve essere armato, veloce e pronto a sparare.<br class=\"yoast-text-mark\" \/>In breve, con questa replica del Denix si possiede un pezzo di storia, un'arma simbolo di coraggio, onore e libert\u00e0.<\/p>\n<h2>Create un universo piratesco completo con R\u00e9plique Manga Cin\u00e9<\/h2>\n<p>Per completare il tuo abbigliamento da pirata, esplora la collezione completa di armi e accessori disponibili su <strong>R\u00e9plique Manga Cin\u00e9<\/strong>.<br \/>\nPer prima cosa, abbina questa pistola al <a href=\"https:\/\/repliquemangacine.fr\/it\/spada-pirata\/sciabola-pirata-sciabola-bucaniera\/\" target=\"_blank\" rel=\"noopener noreferrer\">sciabola bucaniera<\/a>, ideale per completare un outfit da corsaro.<br \/>\nAggiungete anche una <a href=\"https:\/\/repliquemangacine.fr\/it\/spada-pirata\/borsellino-da-pirata-con-monete\/\" target=\"_blank\" rel=\"noopener noreferrer\">borsa da pirata<\/a> con pezzi antichi per ricreare l'atmosfera di bottino e tesoro.<br \/>\nScoprite anche il nostro <a href=\"https:\/\/repliquemangacine.fr\/it\/armi-pirata\/pistola-con-ascia-da-pirata-del-xviii-secolo\/\" target=\"_blank\" rel=\"noopener noreferrer\">pistola ad ascia<\/a> del XVIII secolo, un'arma mista dall'estetica potente e suggestiva.<\/p>\n<p>Visita <strong>R\u00e9plique Manga Cin\u00e9<\/strong>, Vi proponiamo articoli selezionati con cura per la loro qualit\u00e0 e il loro realismo, che uniscono passione, storia e immersione cinematografica.<br \/>\nLe nostre repliche sono perfette per gli appassionati di Pirati dei Caraibi, Assassin's Creed o altri universi.<br \/>\nInfine<strong> R\u00e9plique Manga Cin\u00e9<\/strong>\u00c8 il vostro rifugio per tesori pirateschi, spade, armi antiche e riproduzioni di leggende.<\/p>","protected":false},"excerpt":{"rendered":"<p>Splendida replica di una pistola pirata mancina, con incisioni in oro, teschio e ossa incrociate e finitura in legno invecchiato. Ideale per il collezionismo, il cosplay o la decorazione marina. Un pezzo emblematico del mondo dei bucanieri, firmato Denix.<\/p>\n<p><strong>Caratteristiche del prodotto :<\/strong><\/p>\n<ul>\n<li>Manufacture Denix - marchio specializzato in riproduzioni di armi antiche<\/li>\n<li>Progettato per l'uso con la mano sinistra: impugnatura ergonomica inversa<\/li>\n<li>Incisioni dorate sul fusto e ornamento barocco<\/li>\n<li>Manico in vero legno con teschio e ossa incrociate intarsiati<\/li>\n<li>Meccanismo a pietra focaia articolato (simulazione di sparo)<\/li>\n<li>Lunghezza approssimativa: 38 cm<\/li>\n<li>Materiali: metallo e simil-legno invecchiato<\/li>\n<li>Oggetto decorativo non funzionale - da banco<\/li>\n<li>Perfetto per cosplay, collezione, decorazione o rievocazione piratesca<\/li>\n<\/ul>","protected":false},"featured_media":85833,"template":"","meta":[],"product_brand":[],"product_cat":[49,102,114],"product_tag":[],"class_list":{"0":"post-85832","1":"product","2":"type-product","3":"status-publish","4":"has-post-thumbnail","6":"product_cat-armes-de-pirates","7":"product_cat-denix","8":"product_cat-pistolet-pirate","10":"first","11":"instock","12":"taxable","13":"shipping-taxable","14":"purchasable","15":"product-type-simple"},"yoast_head":"<!-- This site is optimized with the Yoast SEO plugin v27.4 - https:\/\/yoast.com\/product\/yoast-seo-wordpress\/ -->\n<title>Pistolet Pirate XVIII - R\u00e9plique Manga Cin\u00e9<\/title>\n<meta name=\"description\" content=\"R\u00e9plique Denix d\u2019un Pistolet Pirate XVIII si\u00e8cle pour gaucher, gravures dor\u00e9es et t\u00eate de mort. Parfait pour collection, d\u00e9co ou cosplay.\" \/>\n<meta name=\"robots\" content=\"index, follow, max-snippet:-1, max-image-preview:large, max-video-preview:-1\" \/>\n<link rel=\"canonical\" href=\"https:\/\/repliquemangacine.fr\/it\/armi-pirata\/pistola-pirata-xviii\/\" \/>\n<meta property=\"og:locale\" content=\"it_IT\" \/>\n<meta property=\"og:type\" content=\"article\" \/>\n<meta property=\"og:title\" content=\"Pistolet Pirate XVIII - R\u00e9plique Manga Cin\u00e9\" \/>\n<meta property=\"og:description\" content=\"R\u00e9plique Denix d\u2019un Pistolet Pirate XVIII si\u00e8cle pour gaucher, gravures dor\u00e9es et t\u00eate de mort. Parfait pour collection, d\u00e9co ou cosplay.\" \/>\n<meta property=\"og:url\" content=\"https:\/\/repliquemangacine.fr\/it\/armi-pirata\/pistola-pirata-xviii\/\" \/>\n<meta property=\"og:site_name\" content=\"R\u00e9plique Manga Cin\u00e9\" \/>\n<meta property=\"article:publisher\" content=\"https:\/\/www.facebook.com\/RepliqueMangaCine\" \/>\n<meta property=\"article:modified_time\" content=\"2026-04-15T10:52:01+00:00\" \/>\n<meta property=\"og:image\" content=\"https:\/\/repliquemangacine.fr\/wp-content\/uploads\/2025\/07\/Pistolet-pirate-S.XVIII-gaucher.jpg\" \/>\n\t<meta property=\"og:image:width\" content=\"700\" \/>\n\t<meta property=\"og:image:height\" content=\"700\" \/>\n\t<meta property=\"og:image:type\" content=\"image\/jpeg\" \/>\n<meta name=\"twitter:card\" content=\"summary_large_image\" \/>\n<meta name=\"twitter:label1\" content=\"Tempo di lettura stimato\" \/>\n\t<meta name=\"twitter:data1\" content=\"3 minuti\" \/>\n<script type=\"application\/ld+json\" class=\"yoast-schema-graph\">{\"@context\":\"https:\\\/\\\/schema.org\",\"@graph\":[{\"@type\":\"WebPage\",\"@id\":\"https:\\\/\\\/repliquemangacine.fr\\\/armes-de-pirates\\\/pistolet-pirate-xviii\\\/\",\"url\":\"https:\\\/\\\/repliquemangacine.fr\\\/armes-de-pirates\\\/pistolet-pirate-xviii\\\/\",\"name\":\"Pistolet Pirate XVIII - R\u00e9plique Manga Cin\u00e9\",\"isPartOf\":{\"@id\":\"https:\\\/\\\/repliquemangacine.fr\\\/#website\"},\"primaryImageOfPage\":{\"@id\":\"https:\\\/\\\/repliquemangacine.fr\\\/armes-de-pirates\\\/pistolet-pirate-xviii\\\/#primaryimage\"},\"image\":{\"@id\":\"https:\\\/\\\/repliquemangacine.fr\\\/armes-de-pirates\\\/pistolet-pirate-xviii\\\/#primaryimage\"},\"thumbnailUrl\":\"https:\\\/\\\/repliquemangacine.fr\\\/wp-content\\\/uploads\\\/2025\\\/07\\\/Pistolet-pirate-S.XVIII-gaucher.jpg\",\"datePublished\":\"2025-07-01T11:57:46+00:00\",\"dateModified\":\"2026-04-15T10:52:01+00:00\",\"description\":\"R\u00e9plique Denix d\u2019un Pistolet Pirate XVIII si\u00e8cle pour gaucher, gravures dor\u00e9es et t\u00eate de mort. Parfait pour collection, d\u00e9co ou cosplay.\",\"breadcrumb\":{\"@id\":\"https:\\\/\\\/repliquemangacine.fr\\\/armes-de-pirates\\\/pistolet-pirate-xviii\\\/#breadcrumb\"},\"inLanguage\":\"it-IT\",\"potentialAction\":[{\"@type\":\"ReadAction\",\"target\":[\"https:\\\/\\\/repliquemangacine.fr\\\/armes-de-pirates\\\/pistolet-pirate-xviii\\\/\"]}]},{\"@type\":\"ImageObject\",\"inLanguage\":\"it-IT\",\"@id\":\"https:\\\/\\\/repliquemangacine.fr\\\/armes-de-pirates\\\/pistolet-pirate-xviii\\\/#primaryimage\",\"url\":\"https:\\\/\\\/repliquemangacine.fr\\\/wp-content\\\/uploads\\\/2025\\\/07\\\/Pistolet-pirate-S.XVIII-gaucher.jpg\",\"contentUrl\":\"https:\\\/\\\/repliquemangacine.fr\\\/wp-content\\\/uploads\\\/2025\\\/07\\\/Pistolet-pirate-S.XVIII-gaucher.jpg\",\"width\":700,\"height\":700,\"caption\":\"Pistolet-pirate-S.XVIII-gaucher\"},{\"@type\":\"BreadcrumbList\",\"@id\":\"https:\\\/\\\/repliquemangacine.fr\\\/armes-de-pirates\\\/pistolet-pirate-xviii\\\/#breadcrumb\",\"itemListElement\":[{\"@type\":\"ListItem\",\"position\":1,\"name\":\"Accueil\",\"item\":\"https:\\\/\\\/repliquemangacine.fr\\\/\"},{\"@type\":\"ListItem\",\"position\":2,\"name\":\"Produits\",\"item\":\"https:\\\/\\\/repliquemangacine.fr\\\/boutique\\\/\"},{\"@type\":\"ListItem\",\"position\":3,\"name\":\"Pistolet Pirate XVIII\"}]},{\"@type\":\"WebSite\",\"@id\":\"https:\\\/\\\/repliquemangacine.fr\\\/#website\",\"url\":\"https:\\\/\\\/repliquemangacine.fr\\\/\",\"name\":\"R\u00e9plique Manga Cin\u00e9\",\"description\":\"\",\"publisher\":{\"@id\":\"https:\\\/\\\/repliquemangacine.fr\\\/#organization\"},\"potentialAction\":[{\"@type\":\"SearchAction\",\"target\":{\"@type\":\"EntryPoint\",\"urlTemplate\":\"https:\\\/\\\/repliquemangacine.fr\\\/?s={search_term_string}\"},\"query-input\":{\"@type\":\"PropertyValueSpecification\",\"valueRequired\":true,\"valueName\":\"search_term_string\"}}],\"inLanguage\":\"it-IT\"},{\"@type\":\"Organization\",\"@id\":\"https:\\\/\\\/repliquemangacine.fr\\\/#organization\",\"name\":\"R\u00e9plique Manga Cin\u00e9\",\"url\":\"https:\\\/\\\/repliquemangacine.fr\\\/\",\"logo\":{\"@type\":\"ImageObject\",\"inLanguage\":\"it-IT\",\"@id\":\"https:\\\/\\\/repliquemangacine.fr\\\/#\\\/schema\\\/logo\\\/image\\\/\",\"url\":\"https:\\\/\\\/repliquemangacine.fr\\\/wp-content\\\/uploads\\\/2023\\\/10\\\/RMC-500250.png\",\"contentUrl\":\"https:\\\/\\\/repliquemangacine.fr\\\/wp-content\\\/uploads\\\/2023\\\/10\\\/RMC-500250.png\",\"width\":500,\"height\":250,\"caption\":\"R\u00e9plique Manga Cin\u00e9\"},\"image\":{\"@id\":\"https:\\\/\\\/repliquemangacine.fr\\\/#\\\/schema\\\/logo\\\/image\\\/\"},\"sameAs\":[\"https:\\\/\\\/www.facebook.com\\\/RepliqueMangaCine\",\"https:\\\/\\\/www.instagram.com\\\/repliquemangacine.fr\\\/\"]}]}<\/script>\n<!-- \/ Yoast SEO plugin. -->","yoast_head_json":{"title":"Pistola Pirata XVIII - R\u00e9plique Manga Cin\u00e9","description":"Replica in Denix di una pistola pirata mancina del XVIII secolo con incisioni in oro e teschio e ossa incrociate. Perfetta per la collezione, la decorazione o il cosplay.","robots":{"index":"index","follow":"follow","max-snippet":"max-snippet:-1","max-image-preview":"max-image-preview:large","max-video-preview":"max-video-preview:-1"},"canonical":"https:\/\/repliquemangacine.fr\/it\/armi-pirata\/pistola-pirata-xviii\/","og_locale":"it_IT","og_type":"article","og_title":"Pistolet Pirate XVIII - R\u00e9plique Manga Cin\u00e9","og_description":"R\u00e9plique Denix d\u2019un Pistolet Pirate XVIII si\u00e8cle pour gaucher, gravures dor\u00e9es et t\u00eate de mort. Parfait pour collection, d\u00e9co ou cosplay.","og_url":"https:\/\/repliquemangacine.fr\/it\/armi-pirata\/pistola-pirata-xviii\/","og_site_name":"R\u00e9plique Manga Cin\u00e9","article_publisher":"https:\/\/www.facebook.com\/RepliqueMangaCine","article_modified_time":"2026-04-15T10:52:01+00:00","og_image":[{"width":700,"height":700,"url":"https:\/\/repliquemangacine.fr\/wp-content\/uploads\/2025\/07\/Pistolet-pirate-S.XVIII-gaucher.jpg","type":"image\/jpeg"}],"twitter_card":"summary_large_image","twitter_misc":{"Tempo di lettura stimato":"3 minuti"},"schema":{"@context":"https:\/\/schema.org","@graph":[{"@type":"WebPage","@id":"https:\/\/repliquemangacine.fr\/armes-de-pirates\/pistolet-pirate-xviii\/","url":"https:\/\/repliquemangacine.fr\/armes-de-pirates\/pistolet-pirate-xviii\/","name":"Pistola Pirata XVIII - R\u00e9plique Manga Cin\u00e9","isPartOf":{"@id":"https:\/\/repliquemangacine.fr\/#website"},"primaryImageOfPage":{"@id":"https:\/\/repliquemangacine.fr\/armes-de-pirates\/pistolet-pirate-xviii\/#primaryimage"},"image":{"@id":"https:\/\/repliquemangacine.fr\/armes-de-pirates\/pistolet-pirate-xviii\/#primaryimage"},"thumbnailUrl":"https:\/\/repliquemangacine.fr\/wp-content\/uploads\/2025\/07\/Pistolet-pirate-S.XVIII-gaucher.jpg","datePublished":"2025-07-01T11:57:46+00:00","dateModified":"2026-04-15T10:52:01+00:00","description":"Replica in Denix di una pistola pirata mancina del XVIII secolo con incisioni in oro e teschio e ossa incrociate. Perfetta per la collezione, la decorazione o il cosplay.","breadcrumb":{"@id":"https:\/\/repliquemangacine.fr\/armes-de-pirates\/pistolet-pirate-xviii\/#breadcrumb"},"inLanguage":"it-IT","potentialAction":[{"@type":"ReadAction","target":["https:\/\/repliquemangacine.fr\/armes-de-pirates\/pistolet-pirate-xviii\/"]}]},{"@type":"ImageObject","inLanguage":"it-IT","@id":"https:\/\/repliquemangacine.fr\/armes-de-pirates\/pistolet-pirate-xviii\/#primaryimage","url":"https:\/\/repliquemangacine.fr\/wp-content\/uploads\/2025\/07\/Pistolet-pirate-S.XVIII-gaucher.jpg","contentUrl":"https:\/\/repliquemangacine.fr\/wp-content\/uploads\/2025\/07\/Pistolet-pirate-S.XVIII-gaucher.jpg","width":700,"height":700,"caption":"Pistolet-pirate-S.XVIII-gaucher"},{"@type":"BreadcrumbList","@id":"https:\/\/repliquemangacine.fr\/armes-de-pirates\/pistolet-pirate-xviii\/#breadcrumb","itemListElement":[{"@type":"ListItem","position":1,"name":"Accueil","item":"https:\/\/repliquemangacine.fr\/"},{"@type":"ListItem","position":2,"name":"Produits","item":"https:\/\/repliquemangacine.fr\/boutique\/"},{"@type":"ListItem","position":3,"name":"Pistolet Pirate XVIII"}]},{"@type":"WebSite","@id":"https:\/\/repliquemangacine.fr\/#website","url":"https:\/\/repliquemangacine.fr\/","name":"R\u00e9plique Manga Cin\u00e9","description":"","publisher":{"@id":"https:\/\/repliquemangacine.fr\/#organization"},"potentialAction":[{"@type":"SearchAction","target":{"@type":"EntryPoint","urlTemplate":"https:\/\/repliquemangacine.fr\/?s={search_term_string}"},"query-input":{"@type":"PropertyValueSpecification","valueRequired":true,"valueName":"search_term_string"}}],"inLanguage":"it-IT"},{"@type":"Organization","@id":"https:\/\/repliquemangacine.fr\/#organization","name":"R\u00e9plique Manga Cin\u00e9","url":"https:\/\/repliquemangacine.fr\/","logo":{"@type":"ImageObject","inLanguage":"it-IT","@id":"https:\/\/repliquemangacine.fr\/#\/schema\/logo\/image\/","url":"https:\/\/repliquemangacine.fr\/wp-content\/uploads\/2023\/10\/RMC-500250.png","contentUrl":"https:\/\/repliquemangacine.fr\/wp-content\/uploads\/2023\/10\/RMC-500250.png","width":500,"height":250,"caption":"R\u00e9plique Manga Cin\u00e9"},"image":{"@id":"https:\/\/repliquemangacine.fr\/#\/schema\/logo\/image\/"},"sameAs":["https:\/\/www.facebook.com\/RepliqueMangaCine","https:\/\/www.instagram.com\/repliquemangacine.fr\/"]}]}},"_links":{"self":[{"href":"https:\/\/repliquemangacine.fr\/it\/wp-json\/wp\/v2\/product\/85832","targetHints":{"allow":["GET"]}}],"collection":[{"href":"https:\/\/repliquemangacine.fr\/it\/wp-json\/wp\/v2\/product"}],"about":[{"href":"https:\/\/repliquemangacine.fr\/it\/wp-json\/wp\/v2\/types\/product"}],"wp:featuredmedia":[{"embeddable":true,"href":"https:\/\/repliquemangacine.fr\/it\/wp-json\/wp\/v2\/media\/85833"}],"wp:attachment":[{"href":"https:\/\/repliquemangacine.fr\/it\/wp-json\/wp\/v2\/media?parent=85832"}],"wp:term":[{"taxonomy":"product_brand","embeddable":true,"href":"https:\/\/repliquemangacine.fr\/it\/wp-json\/wp\/v2\/product_brand?post=85832"},{"taxonomy":"product_cat","embeddable":true,"href":"https:\/\/repliquemangacine.fr\/it\/wp-json\/wp\/v2\/product_cat?post=85832"},{"taxonomy":"product_tag","embeddable":true,"href":"https:\/\/repliquemangacine.fr\/it\/wp-json\/wp\/v2\/product_tag?post=85832"}],"curies":[{"name":"wp","href":"https:\/\/api.w.org\/{rel}","templated":true}]}}