





{"id":85808,"date":"2025-07-01T10:15:33","date_gmt":"2025-07-01T08:15:33","guid":{"rendered":"https:\/\/repliquemangacine.fr\/?post_type=product&#038;p=85808"},"modified":"2026-02-19T10:17:56","modified_gmt":"2026-02-19T09:17:56","slug":"pistola-pirata-a-doppia-canna-denix","status":"publish","type":"product","link":"https:\/\/repliquemangacine.fr\/it\/non-classe\/pistolet-pirate-double-barillet-denix\/","title":{"rendered":"Pistola pirata a doppia canna Denix"},"content":{"rendered":"<h2>Immergetevi nel mondo dei pirati con questa realistica pistola a doppia canna Denix Pirate.<\/h2>\n<p>Ispirata alle armi da fuoco del XVIII secolo, questa pistola pirata a doppia canna Denix incarna la potenza e l'eleganza dei corsari.<br \/>\nCon i suoi 42 cm di lunghezza, colpisce immediatamente per le sue dimensioni generose, fedeli alle armi da bordo dei pirati.<br \/>\nOgni dettaglio \u00e8 stato studiato per riflettere la realt\u00e0 storica, dal doppio barilotto alle incisioni con teschi dorati.<br \/>\nGrazie alle due leve di scatto, la simulazione di tiro diventa realistica, per un'immersione totale durante l'esposizione.<br \/>\nIl suo meccanismo funzionale consente di simulare il caricamento, rendendo la replica ancora pi\u00f9 autentica.<br \/>\nInoltre, la sua realizzazione in metallo invecchiato, legno e doratura imitazione ne rafforza il fascino e l'aspetto incredibilmente realistico.<br \/>\nIn questo modo, potrete unire storia ed estetica con una riproduzione di un'arma da pirata!<br \/>\nInfine, questa replica <a href=\"https:\/\/www.denix.fr\/\" target=\"_blank\" rel=\"noopener noreferrer\">Denix<\/a> \u00e8 un must per tutti gli appassionati di pirati e di decorazioni d'epoca.<\/p>\n<h2>Una replica storica del 18\u00b0 secolo in un autentico stile corsaro dettagliato<\/h2>\n<p>Questa pistola a doppia canna era l'arma preferita dai capitani pirati, poich\u00e9 consentiva di sparare due colpi senza dover ricaricare immediatamente.<br \/>\nUtilizzato negli attacchi ravvicinati o nei duelli, questo modello offriva un vantaggio letale rispetto ai moschetti lunghi, lenti da ricaricare.<br \/>\nIl suo doppio meccanismo di scatto simboleggia l'innovazione dei pirati che cercavano costantemente di sorprendere e dominare i loro nemici.<br \/>\nLe incisioni e gli ornamenti evocano anche lo status sociale: questo tipo di arma era portata dai capi o dai ricchi filibustieri.<br \/>\nDenix ha curato ogni dettaglio, trasformando questo pezzo in una vera e propria capsula del tempo dell'epoca d'oro della pirateria marittima.<br \/>\nIl suo aspetto massiccio, la finitura patinata e il meccanismo realistico gli conferiscono una presenza rara in qualsiasi collezione di armi.<br \/>\nDi conseguenza, possiedi un oggetto che incarna l'audacia, l'astuzia e la libert\u00e0 dei pirati leggendari.<\/p>\n<h2>L'accessorio ideale per collezioni, cosplay o decorazioni ispirate ai pirati.<\/h2>\n<p>Per immergervi completamente nel mondo dei pirati, scoprite altri accessori e armi emblematiche sul nostro sito web <strong>R\u00e9plique Manga Cin\u00e9<\/strong>.<br \/>\nAbbina questa pistola Denix al nostro <a href=\"https:\/\/repliquemangacine.fr\/it\/spada-pirata\/coutelas-des-pirates-poignard-ou-petit-sabre-pirate\/\" target=\"_blank\" rel=\"noopener noreferrer\">sciabola da pirata<\/a>, un modello robusto con lama curva.<br \/>\nAggiungi anche la <a href=\"https:\/\/repliquemangacine.fr\/it\/spada-pirata\/borsellino-da-pirata-con-monete\/\" target=\"_blank\" rel=\"noopener noreferrer\">borsellino dei pirati con vecchie monete<\/a>, per ricreare le tue scene di saccheggio o arricchire un costume dettagliato.<br \/>\nPotete anche lasciarvi conquistare dall'originalissimo <a href=\"https:\/\/repliquemangacine.fr\/it\/pistola-pirata\/pistola-pirata-del-xviii-secolo\/\" target=\"_blank\" rel=\"noopener noreferrer\">Pistola pirata del XVIII secolo<\/a>.<br \/>\nQuesti accessori sono ideali per collezionisti, appassionati di storia e fan del cosplay.<br \/>\nOgni pezzo proposto da <strong>R\u00e9plique Manga Cin\u00e9<\/strong> combina qualit\u00e0 di fabbricazione, realismo storico e prezzi accessibili al grande pubblico.<br \/>\nGrazie a loro, il tuo universo piratesco si costruisce con coerenza e stile.<br \/>\nInsieme, questi pezzi creano un'atmosfera coinvolgente, sia che si tratti di una collezione personale che di un allestimento per un evento.<br \/>\nUnisciti all'equipaggio di <strong>R\u00e9plique Manga Cin\u00e9<\/strong> e sventolare la bandiera dell'et\u00e0 dell'oro della pirateria!<\/p>","protected":false},"excerpt":{"rendered":"<p>Splendida replica di una pistola pirata a doppia canna del XVIII secolo. Dettagli realistici, finiture d'epoca, simulazione di tiro.<\/p>\n<p><strong>Caratteristiche principali:<\/strong><\/p>\n<p>- Replica di pistola pirata del XVIII secolo (modello Denix)<br \/>\n- Lunghezza: 42 cm - formato imponente e fedele all'epoca<br \/>\n- Doppia canna funzionale e doppio grilletto per una simulazione realistica<br \/>\n- Meccanismo di simulazione di caricamento e sparo in sicurezza<br \/>\n- Realizzato in metallo, legno e imitazione di doratura antica<br \/>\n- Ideale per cosplay, collezioni o decorazioni a tema<br \/>\n- Oggetto non funzionale (senza munizioni vere - venduto al banco)<br \/>\n- Riproduzione storica di un modello utilizzato nelle collisioni<br \/>\n- Perfetto con spade, sacche da pirata o pistole da pirata del XVIII secolo<br \/>\n- Esclusivo su R\u00e9plique Manga Cin\u00e9<\/p>","protected":false},"featured_media":85813,"template":"","meta":[],"product_brand":[],"product_cat":[49,102,22,114],"product_tag":[],"class_list":{"0":"post-85808","1":"product","2":"type-product","3":"status-publish","4":"has-post-thumbnail","6":"product_cat-armes-de-pirates","7":"product_cat-denix","8":"product_cat-non-classe","9":"product_cat-pistolet-pirate","11":"first","12":"instock","13":"sale","14":"taxable","15":"shipping-taxable","16":"purchasable","17":"product-type-simple"},"yoast_head":"<!-- This site is optimized with the Yoast SEO plugin v27.4 - https:\/\/yoast.com\/product\/yoast-seo-wordpress\/ -->\n<title>Pistolet Pirate Double Barillet Denix - R\u00e9plique Manga Cin\u00e9<\/title>\n<meta name=\"description\" content=\"D\u00e9couvrez le pistolet pirate Denix \u00e0 double barillet, 42 cm, r\u00e9alisme garanti. Parfait pour collection, cosplay ou d\u00e9coration d\u2019\u00e9poque XVIIIe si\u00e8cle.\" \/>\n<meta name=\"robots\" content=\"index, follow, max-snippet:-1, max-image-preview:large, max-video-preview:-1\" \/>\n<link rel=\"canonical\" href=\"https:\/\/repliquemangacine.fr\/it\/non-classificato\/pistola-pirata-a-doppia-canna-denix\/\" \/>\n<meta property=\"og:locale\" content=\"it_IT\" \/>\n<meta property=\"og:type\" content=\"article\" \/>\n<meta property=\"og:title\" content=\"Pistolet Pirate Double Barillet Denix - R\u00e9plique Manga Cin\u00e9\" \/>\n<meta property=\"og:description\" content=\"D\u00e9couvrez le pistolet pirate Denix \u00e0 double barillet, 42 cm, r\u00e9alisme garanti. Parfait pour collection, cosplay ou d\u00e9coration d\u2019\u00e9poque XVIIIe si\u00e8cle.\" \/>\n<meta property=\"og:url\" content=\"https:\/\/repliquemangacine.fr\/it\/non-classificato\/pistola-pirata-a-doppia-canna-denix\/\" \/>\n<meta property=\"og:site_name\" content=\"R\u00e9plique Manga Cin\u00e9\" \/>\n<meta property=\"article:publisher\" content=\"https:\/\/www.facebook.com\/RepliqueMangaCine\" \/>\n<meta property=\"article:modified_time\" content=\"2026-02-19T09:17:56+00:00\" \/>\n<meta property=\"og:image\" content=\"https:\/\/repliquemangacine.fr\/wp-content\/uploads\/2025\/07\/Grand-Pistolet-Pirate-Laiton-denix.jpg\" \/>\n\t<meta property=\"og:image:width\" content=\"700\" \/>\n\t<meta property=\"og:image:height\" content=\"700\" \/>\n\t<meta property=\"og:image:type\" content=\"image\/jpeg\" \/>\n<meta name=\"twitter:card\" content=\"summary_large_image\" \/>\n<meta name=\"twitter:label1\" content=\"Tempo di lettura stimato\" \/>\n\t<meta name=\"twitter:data1\" content=\"3 minuti\" \/>\n<script type=\"application\/ld+json\" class=\"yoast-schema-graph\">{\"@context\":\"https:\\\/\\\/schema.org\",\"@graph\":[{\"@type\":\"WebPage\",\"@id\":\"https:\\\/\\\/repliquemangacine.fr\\\/non-classe\\\/pistolet-pirate-double-barillet-denix\\\/\",\"url\":\"https:\\\/\\\/repliquemangacine.fr\\\/non-classe\\\/pistolet-pirate-double-barillet-denix\\\/\",\"name\":\"Pistolet Pirate Double Barillet Denix - R\u00e9plique Manga Cin\u00e9\",\"isPartOf\":{\"@id\":\"https:\\\/\\\/repliquemangacine.fr\\\/#website\"},\"primaryImageOfPage\":{\"@id\":\"https:\\\/\\\/repliquemangacine.fr\\\/non-classe\\\/pistolet-pirate-double-barillet-denix\\\/#primaryimage\"},\"image\":{\"@id\":\"https:\\\/\\\/repliquemangacine.fr\\\/non-classe\\\/pistolet-pirate-double-barillet-denix\\\/#primaryimage\"},\"thumbnailUrl\":\"https:\\\/\\\/repliquemangacine.fr\\\/wp-content\\\/uploads\\\/2025\\\/07\\\/Grand-Pistolet-Pirate-Laiton-denix.jpg\",\"datePublished\":\"2025-07-01T08:15:33+00:00\",\"dateModified\":\"2026-02-19T09:17:56+00:00\",\"description\":\"D\u00e9couvrez le pistolet pirate Denix \u00e0 double barillet, 42 cm, r\u00e9alisme garanti. Parfait pour collection, cosplay ou d\u00e9coration d\u2019\u00e9poque XVIIIe si\u00e8cle.\",\"breadcrumb\":{\"@id\":\"https:\\\/\\\/repliquemangacine.fr\\\/non-classe\\\/pistolet-pirate-double-barillet-denix\\\/#breadcrumb\"},\"inLanguage\":\"it-IT\",\"potentialAction\":[{\"@type\":\"ReadAction\",\"target\":[\"https:\\\/\\\/repliquemangacine.fr\\\/non-classe\\\/pistolet-pirate-double-barillet-denix\\\/\"]}]},{\"@type\":\"ImageObject\",\"inLanguage\":\"it-IT\",\"@id\":\"https:\\\/\\\/repliquemangacine.fr\\\/non-classe\\\/pistolet-pirate-double-barillet-denix\\\/#primaryimage\",\"url\":\"https:\\\/\\\/repliquemangacine.fr\\\/wp-content\\\/uploads\\\/2025\\\/07\\\/Grand-Pistolet-Pirate-Laiton-denix.jpg\",\"contentUrl\":\"https:\\\/\\\/repliquemangacine.fr\\\/wp-content\\\/uploads\\\/2025\\\/07\\\/Grand-Pistolet-Pirate-Laiton-denix.jpg\",\"width\":700,\"height\":700,\"caption\":\"Grand-Pistolet-Pirate-Laiton-denix\"},{\"@type\":\"BreadcrumbList\",\"@id\":\"https:\\\/\\\/repliquemangacine.fr\\\/non-classe\\\/pistolet-pirate-double-barillet-denix\\\/#breadcrumb\",\"itemListElement\":[{\"@type\":\"ListItem\",\"position\":1,\"name\":\"Accueil\",\"item\":\"https:\\\/\\\/repliquemangacine.fr\\\/\"},{\"@type\":\"ListItem\",\"position\":2,\"name\":\"Produits\",\"item\":\"https:\\\/\\\/repliquemangacine.fr\\\/boutique\\\/\"},{\"@type\":\"ListItem\",\"position\":3,\"name\":\"Pistolet Pirate Double Barillet Denix\"}]},{\"@type\":\"WebSite\",\"@id\":\"https:\\\/\\\/repliquemangacine.fr\\\/#website\",\"url\":\"https:\\\/\\\/repliquemangacine.fr\\\/\",\"name\":\"R\u00e9plique Manga Cin\u00e9\",\"description\":\"\",\"publisher\":{\"@id\":\"https:\\\/\\\/repliquemangacine.fr\\\/#organization\"},\"potentialAction\":[{\"@type\":\"SearchAction\",\"target\":{\"@type\":\"EntryPoint\",\"urlTemplate\":\"https:\\\/\\\/repliquemangacine.fr\\\/?s={search_term_string}\"},\"query-input\":{\"@type\":\"PropertyValueSpecification\",\"valueRequired\":true,\"valueName\":\"search_term_string\"}}],\"inLanguage\":\"it-IT\"},{\"@type\":\"Organization\",\"@id\":\"https:\\\/\\\/repliquemangacine.fr\\\/#organization\",\"name\":\"R\u00e9plique Manga Cin\u00e9\",\"url\":\"https:\\\/\\\/repliquemangacine.fr\\\/\",\"logo\":{\"@type\":\"ImageObject\",\"inLanguage\":\"it-IT\",\"@id\":\"https:\\\/\\\/repliquemangacine.fr\\\/#\\\/schema\\\/logo\\\/image\\\/\",\"url\":\"https:\\\/\\\/repliquemangacine.fr\\\/wp-content\\\/uploads\\\/2023\\\/10\\\/RMC-500250.png\",\"contentUrl\":\"https:\\\/\\\/repliquemangacine.fr\\\/wp-content\\\/uploads\\\/2023\\\/10\\\/RMC-500250.png\",\"width\":500,\"height\":250,\"caption\":\"R\u00e9plique Manga Cin\u00e9\"},\"image\":{\"@id\":\"https:\\\/\\\/repliquemangacine.fr\\\/#\\\/schema\\\/logo\\\/image\\\/\"},\"sameAs\":[\"https:\\\/\\\/www.facebook.com\\\/RepliqueMangaCine\",\"https:\\\/\\\/www.instagram.com\\\/repliquemangacine.fr\\\/\"]}]}<\/script>\n<!-- \/ Yoast SEO plugin. -->","yoast_head_json":{"title":"Pistola pirata a doppia canna Denix - R\u00e9plique Manga Cin\u00e9","description":"Scoprite la pistola pirata a doppia canna Denix, 42 cm, realismo garantito. Perfetta per collezioni, cosplay o decorazioni del XVIII secolo.","robots":{"index":"index","follow":"follow","max-snippet":"max-snippet:-1","max-image-preview":"max-image-preview:large","max-video-preview":"max-video-preview:-1"},"canonical":"https:\/\/repliquemangacine.fr\/it\/non-classificato\/pistola-pirata-a-doppia-canna-denix\/","og_locale":"it_IT","og_type":"article","og_title":"Pistolet Pirate Double Barillet Denix - R\u00e9plique Manga Cin\u00e9","og_description":"D\u00e9couvrez le pistolet pirate Denix \u00e0 double barillet, 42 cm, r\u00e9alisme garanti. Parfait pour collection, cosplay ou d\u00e9coration d\u2019\u00e9poque XVIIIe si\u00e8cle.","og_url":"https:\/\/repliquemangacine.fr\/it\/non-classificato\/pistola-pirata-a-doppia-canna-denix\/","og_site_name":"R\u00e9plique Manga Cin\u00e9","article_publisher":"https:\/\/www.facebook.com\/RepliqueMangaCine","article_modified_time":"2026-02-19T09:17:56+00:00","og_image":[{"width":700,"height":700,"url":"https:\/\/repliquemangacine.fr\/wp-content\/uploads\/2025\/07\/Grand-Pistolet-Pirate-Laiton-denix.jpg","type":"image\/jpeg"}],"twitter_card":"summary_large_image","twitter_misc":{"Tempo di lettura stimato":"3 minuti"},"schema":{"@context":"https:\/\/schema.org","@graph":[{"@type":"WebPage","@id":"https:\/\/repliquemangacine.fr\/non-classe\/pistolet-pirate-double-barillet-denix\/","url":"https:\/\/repliquemangacine.fr\/non-classe\/pistolet-pirate-double-barillet-denix\/","name":"Pistola pirata a doppia canna Denix - R\u00e9plique Manga Cin\u00e9","isPartOf":{"@id":"https:\/\/repliquemangacine.fr\/#website"},"primaryImageOfPage":{"@id":"https:\/\/repliquemangacine.fr\/non-classe\/pistolet-pirate-double-barillet-denix\/#primaryimage"},"image":{"@id":"https:\/\/repliquemangacine.fr\/non-classe\/pistolet-pirate-double-barillet-denix\/#primaryimage"},"thumbnailUrl":"https:\/\/repliquemangacine.fr\/wp-content\/uploads\/2025\/07\/Grand-Pistolet-Pirate-Laiton-denix.jpg","datePublished":"2025-07-01T08:15:33+00:00","dateModified":"2026-02-19T09:17:56+00:00","description":"Scoprite la pistola pirata a doppia canna Denix, 42 cm, realismo garantito. Perfetta per collezioni, cosplay o decorazioni del XVIII secolo.","breadcrumb":{"@id":"https:\/\/repliquemangacine.fr\/non-classe\/pistolet-pirate-double-barillet-denix\/#breadcrumb"},"inLanguage":"it-IT","potentialAction":[{"@type":"ReadAction","target":["https:\/\/repliquemangacine.fr\/non-classe\/pistolet-pirate-double-barillet-denix\/"]}]},{"@type":"ImageObject","inLanguage":"it-IT","@id":"https:\/\/repliquemangacine.fr\/non-classe\/pistolet-pirate-double-barillet-denix\/#primaryimage","url":"https:\/\/repliquemangacine.fr\/wp-content\/uploads\/2025\/07\/Grand-Pistolet-Pirate-Laiton-denix.jpg","contentUrl":"https:\/\/repliquemangacine.fr\/wp-content\/uploads\/2025\/07\/Grand-Pistolet-Pirate-Laiton-denix.jpg","width":700,"height":700,"caption":"Grand-Pistolet-Pirate-Laiton-denix"},{"@type":"BreadcrumbList","@id":"https:\/\/repliquemangacine.fr\/non-classe\/pistolet-pirate-double-barillet-denix\/#breadcrumb","itemListElement":[{"@type":"ListItem","position":1,"name":"Accueil","item":"https:\/\/repliquemangacine.fr\/"},{"@type":"ListItem","position":2,"name":"Produits","item":"https:\/\/repliquemangacine.fr\/boutique\/"},{"@type":"ListItem","position":3,"name":"Pistolet Pirate Double Barillet Denix"}]},{"@type":"WebSite","@id":"https:\/\/repliquemangacine.fr\/#website","url":"https:\/\/repliquemangacine.fr\/","name":"R\u00e9plique Manga Cin\u00e9","description":"","publisher":{"@id":"https:\/\/repliquemangacine.fr\/#organization"},"potentialAction":[{"@type":"SearchAction","target":{"@type":"EntryPoint","urlTemplate":"https:\/\/repliquemangacine.fr\/?s={search_term_string}"},"query-input":{"@type":"PropertyValueSpecification","valueRequired":true,"valueName":"search_term_string"}}],"inLanguage":"it-IT"},{"@type":"Organization","@id":"https:\/\/repliquemangacine.fr\/#organization","name":"R\u00e9plique Manga Cin\u00e9","url":"https:\/\/repliquemangacine.fr\/","logo":{"@type":"ImageObject","inLanguage":"it-IT","@id":"https:\/\/repliquemangacine.fr\/#\/schema\/logo\/image\/","url":"https:\/\/repliquemangacine.fr\/wp-content\/uploads\/2023\/10\/RMC-500250.png","contentUrl":"https:\/\/repliquemangacine.fr\/wp-content\/uploads\/2023\/10\/RMC-500250.png","width":500,"height":250,"caption":"R\u00e9plique Manga Cin\u00e9"},"image":{"@id":"https:\/\/repliquemangacine.fr\/#\/schema\/logo\/image\/"},"sameAs":["https:\/\/www.facebook.com\/RepliqueMangaCine","https:\/\/www.instagram.com\/repliquemangacine.fr\/"]}]}},"_links":{"self":[{"href":"https:\/\/repliquemangacine.fr\/it\/wp-json\/wp\/v2\/product\/85808","targetHints":{"allow":["GET"]}}],"collection":[{"href":"https:\/\/repliquemangacine.fr\/it\/wp-json\/wp\/v2\/product"}],"about":[{"href":"https:\/\/repliquemangacine.fr\/it\/wp-json\/wp\/v2\/types\/product"}],"wp:featuredmedia":[{"embeddable":true,"href":"https:\/\/repliquemangacine.fr\/it\/wp-json\/wp\/v2\/media\/85813"}],"wp:attachment":[{"href":"https:\/\/repliquemangacine.fr\/it\/wp-json\/wp\/v2\/media?parent=85808"}],"wp:term":[{"taxonomy":"product_brand","embeddable":true,"href":"https:\/\/repliquemangacine.fr\/it\/wp-json\/wp\/v2\/product_brand?post=85808"},{"taxonomy":"product_cat","embeddable":true,"href":"https:\/\/repliquemangacine.fr\/it\/wp-json\/wp\/v2\/product_cat?post=85808"},{"taxonomy":"product_tag","embeddable":true,"href":"https:\/\/repliquemangacine.fr\/it\/wp-json\/wp\/v2\/product_tag?post=85808"}],"curies":[{"name":"wp","href":"https:\/\/api.w.org\/{rel}","templated":true}]}}