





{"id":85643,"date":"2025-06-24T15:46:14","date_gmt":"2025-06-24T13:46:14","guid":{"rendered":"https:\/\/repliquemangacine.fr\/?post_type=product&#038;p=85643"},"modified":"2025-12-13T16:18:21","modified_gmt":"2025-12-13T15:18:21","slug":"fucile-a-ripetizione-winchester-con-sistema-di-espulsione-dei-proiettili-denix","status":"publish","type":"product","link":"https:\/\/repliquemangacine.fr\/it\/repliques-carabine-winchester-western\/fusil-winchester-a-repetition-et-ejection-des-balles-denix\/","title":{"rendered":"Fucile a ripetizione Winchester con espulsione dei proiettili - Denix"},"content":{"rendered":"<h2>Fucile a ripetizione Winchester - Il mito del Far West nelle vostre mani<\/h2>\n<p>Per cominciare, immergetevi nel mondo occidentale con questo\u00a0 <strong>Fucile a ripetizione Winchester<\/strong> firmato <a href=\"https:\/\/www.denix.fr\" target=\"_blank\" rel=\"noopener noreferrer\">Denix<\/a> : metallo zamac, legno massiccio e finiture in ottone ultra realistiche. Inoltre, il suo meccanismo funziona come quello vero: la leva sotto la guardia espelle i proiettili finti con uno scatto degno dei grandi film. Inoltre, l'arma viene fornita con tre cartucce espellibili. Questo pezzo colpisce per la sua presenza: 110 cm di lunghezza per 2,6 kg di puro piacere. Il calcio in legno garantisce comfort e una presa perfetta per rivivere le vostre scene di duello o arricchire il vostro arredamento western di alta gamma.<\/p>\n<p>Per quanto riguarda le autorizzazioni, non ce n'\u00e8 bisogno, infatti questa replica \u00e8 in vendita libera. La ordinate, la ricevete e la esibite con orgoglio. Da collezionare, esporre o maneggiare, \u00e8 un vero gioiello per gli appassionati del Far West e delle armi antiche realistiche. Attirate gli sguardi e scatenate le discussioni: questa Winchester non passa mai inosservata.<\/p>\n<h2>Una leggenda del West a portata di mano<\/h2>\n<p>Il modello 1873 era un fucile a ripetizione con leva di azionamento, ovvero consentiva di sparare pi\u00f9 colpi prima di ricaricare, estraendo il bossolo usato e sostituendolo con uno nuovo azionando una leva sotto la guardia, da cui il termine \u201cfucile a ripetizione\u201d.<\/p>\n<p>\u00c8 stato il fucile pi\u00f9 utilizzato della sua epoca, grazie alla sua struttura in acciaio e all'utilizzo delle stesse cartucce a percussione centrale dei revolver dell'epoca, che consentivano al tiratore di portare con s\u00e9 due armi diverse con un unico tipo di munizioni. Fu prodotto in quantit\u00e0 tali da diventare un elemento familiare nel West degli Stati Uniti, guadagnandosi il soprannome di \u201cThe gun that won the West\u201d (L'arma che conquist\u00f2 il West) grazie al suo radicamento e alla sua versatilit\u00e0. Ha ispirato il film \u201cWinchester \u201973\u201d, girato nel 1950, con James Stewart e diretto da Anthony Mann.<\/p>\n<p>In sintesi: \u00e8 IL pezzo da avere per ogni appassionato dell'universo cowboy. E ora \u00e8 tuo.<\/p>\n<h2>R\u00e9plique Manga Cin\u00e9 - Paradiso delle armi Denix<\/h2>\n<p>Alla R\u00e9plique Manga Cin\u00e9 non facciamo le cose a met\u00e0: il Winchester 1873 \u00e8 solo l'inizio della festa. Troverete anche <a href=\"https:\/\/repliquemangacine.fr\/it\/denix\/proiettili-finti-winchester-denix\/\">proiettili finti<\/a> per completare il tuo fucile e simulare vere espulsioni come nei film.<\/p>\n<p>Appassionato della Seconda Guerra Mondiale? La <a href=\"https:\/\/repliquemangacine.fr\/it\/riproduzione-armi-seconda-guerra-mondiale-denix\/fucile-mauser-k98-antico\/\">Fucile Mauser K98<\/a> Sarete immersi nella storia con un realismo semplicemente mozzafiato. Sul versante delle pistole, il <a href=\"https:\/\/repliquemangacine.fr\/it\/riproduzione-armi-seconda-guerra-mondiale-denix\/pistola-automatica-m1911a1-con-patina-e-finitura-antica\/\">M1911A1 con patina<\/a> ti aspetta, pronto a uscire dalla fondina per stupire in tutte le tue mise en sc\u00e8ne.<\/p>\n<p>Voglia di un look confederato? Il <a href=\"https:\/\/repliquemangacine.fr\/it\/pistola-colt\/confedere-revolver-1860-invecchiato\/\">revolver 1860<\/a> firmato Denix, invecchiato alla perfezione, vi riporta direttamente al XIX secolo. Tutte le nostre repliche sono realizzate in metallo, con meccanismi fedeli, meticolosamente rifinite e legali 100% per i collezionisti pi\u00f9 esigenti. Visitate R\u00e9plique Manga Cin\u00e9 per avere consegne rapide, stock tracciati, massima qualit\u00e0... In breve, la grotta di Ali Baba delle armi storiche!<\/p>","protected":false},"excerpt":{"rendered":"<p>Splendida replica del fucile a ripetizione in ottone Winchester del 1873 realizzata da Denix.<\/p>\n<ul>\n<li>In metallo (zamac) con finitura in ottone e legno<\/li>\n<li>Meccanismo funzionale con espulsione delle balle.<\/li>\n<li>Stock di legno<\/li>\n<li>Leva funzionale della guardia del grilletto per l'espulsione dei proiettili.<\/li>\n<li>Fornito con 3 sfere di espulsione.<\/li>\n<li>Lunghezza totale: 110 cm<\/li>\n<li>Peso: 2625 g<br \/>\n<strong>Non \u00e8 richiesta alcuna autorizzazione. Vendita e possesso gratuiti.<\/strong><\/li>\n<\/ul>","protected":false},"featured_media":85644,"template":"","meta":[],"product_brand":[896],"product_cat":[34,86,39,28,64],"product_tag":[],"class_list":{"0":"post-85643","1":"product","2":"type-product","3":"status-publish","4":"has-post-thumbnail","6":"product_brand-replique-manga-cine","7":"product_cat-armes-westerns","8":"product_cat-repliques-carabine-winchester-western","9":"product_cat-carabine-winchester","10":"product_cat-repliques-darmes","11":"product_cat-western-repliques-armes","13":"first","14":"outofstock","15":"sale","16":"taxable","17":"shipping-taxable","18":"purchasable","19":"product-type-simple"},"yoast_head":"<!-- This site is optimized with the Yoast SEO plugin v27.4 - https:\/\/yoast.com\/product\/yoast-seo-wordpress\/ -->\n<title>Fusil Winchester \u00e0 r\u00e9p\u00e9tition et \u00e9jection des balles - Denix - R\u00e9plique Manga Cin\u00e9<\/title>\n<meta name=\"description\" content=\"Fusil Winchester \u00e0 r\u00e9p\u00e9tition 1873 Denix ultra r\u00e9aliste avec m\u00e9canisme \u00e9jecteur, bois et m\u00e9tal. Vente libre. Pour fans de western et collectionneurs.\" \/>\n<meta name=\"robots\" content=\"index, follow, max-snippet:-1, max-image-preview:large, max-video-preview:-1\" \/>\n<link rel=\"canonical\" href=\"https:\/\/repliquemangacine.fr\/it\/fucile-winchester-western-replica\/fucile-a-ripetizione-winchester-con-sistema-di-espulsione-dei-proiettili-denix\/\" \/>\n<meta property=\"og:locale\" content=\"it_IT\" \/>\n<meta property=\"og:type\" content=\"article\" \/>\n<meta property=\"og:title\" content=\"Fusil Winchester \u00e0 r\u00e9p\u00e9tition et \u00e9jection des balles - Denix - R\u00e9plique Manga Cin\u00e9\" \/>\n<meta property=\"og:description\" content=\"Fusil Winchester \u00e0 r\u00e9p\u00e9tition 1873 Denix ultra r\u00e9aliste avec m\u00e9canisme \u00e9jecteur, bois et m\u00e9tal. Vente libre. Pour fans de western et collectionneurs.\" \/>\n<meta property=\"og:url\" content=\"https:\/\/repliquemangacine.fr\/it\/fucile-winchester-western-replica\/fucile-a-ripetizione-winchester-con-sistema-di-espulsione-dei-proiettili-denix\/\" \/>\n<meta property=\"og:site_name\" content=\"R\u00e9plique Manga Cin\u00e9\" \/>\n<meta property=\"article:publisher\" content=\"https:\/\/www.facebook.com\/RepliqueMangaCine\" \/>\n<meta property=\"article:modified_time\" content=\"2025-12-13T15:18:21+00:00\" \/>\n<meta property=\"og:image\" content=\"https:\/\/repliquemangacine.fr\/wp-content\/uploads\/2025\/06\/winchester-mod-73-laiton-denix.jpg\" \/>\n\t<meta property=\"og:image:width\" content=\"600\" \/>\n\t<meta property=\"og:image:height\" content=\"600\" \/>\n\t<meta property=\"og:image:type\" content=\"image\/jpeg\" \/>\n<meta name=\"twitter:card\" content=\"summary_large_image\" \/>\n<meta name=\"twitter:label1\" content=\"Tempo di lettura stimato\" \/>\n\t<meta name=\"twitter:data1\" content=\"3 minuti\" \/>\n<script type=\"application\/ld+json\" class=\"yoast-schema-graph\">{\"@context\":\"https:\\\/\\\/schema.org\",\"@graph\":[{\"@type\":\"WebPage\",\"@id\":\"https:\\\/\\\/repliquemangacine.fr\\\/repliques-carabine-winchester-western\\\/fusil-winchester-a-repetition-et-ejection-des-balles-denix\\\/\",\"url\":\"https:\\\/\\\/repliquemangacine.fr\\\/repliques-carabine-winchester-western\\\/fusil-winchester-a-repetition-et-ejection-des-balles-denix\\\/\",\"name\":\"Fusil Winchester \u00e0 r\u00e9p\u00e9tition et \u00e9jection des balles - Denix - R\u00e9plique Manga Cin\u00e9\",\"isPartOf\":{\"@id\":\"https:\\\/\\\/repliquemangacine.fr\\\/#website\"},\"primaryImageOfPage\":{\"@id\":\"https:\\\/\\\/repliquemangacine.fr\\\/repliques-carabine-winchester-western\\\/fusil-winchester-a-repetition-et-ejection-des-balles-denix\\\/#primaryimage\"},\"image\":{\"@id\":\"https:\\\/\\\/repliquemangacine.fr\\\/repliques-carabine-winchester-western\\\/fusil-winchester-a-repetition-et-ejection-des-balles-denix\\\/#primaryimage\"},\"thumbnailUrl\":\"https:\\\/\\\/repliquemangacine.fr\\\/wp-content\\\/uploads\\\/2025\\\/06\\\/winchester-mod-73-laiton-denix.jpg\",\"datePublished\":\"2025-06-24T13:46:14+00:00\",\"dateModified\":\"2025-12-13T15:18:21+00:00\",\"description\":\"Fusil Winchester \u00e0 r\u00e9p\u00e9tition 1873 Denix ultra r\u00e9aliste avec m\u00e9canisme \u00e9jecteur, bois et m\u00e9tal. Vente libre. Pour fans de western et collectionneurs.\",\"breadcrumb\":{\"@id\":\"https:\\\/\\\/repliquemangacine.fr\\\/repliques-carabine-winchester-western\\\/fusil-winchester-a-repetition-et-ejection-des-balles-denix\\\/#breadcrumb\"},\"inLanguage\":\"it-IT\",\"potentialAction\":[{\"@type\":\"ReadAction\",\"target\":[\"https:\\\/\\\/repliquemangacine.fr\\\/repliques-carabine-winchester-western\\\/fusil-winchester-a-repetition-et-ejection-des-balles-denix\\\/\"]}]},{\"@type\":\"ImageObject\",\"inLanguage\":\"it-IT\",\"@id\":\"https:\\\/\\\/repliquemangacine.fr\\\/repliques-carabine-winchester-western\\\/fusil-winchester-a-repetition-et-ejection-des-balles-denix\\\/#primaryimage\",\"url\":\"https:\\\/\\\/repliquemangacine.fr\\\/wp-content\\\/uploads\\\/2025\\\/06\\\/winchester-mod-73-laiton-denix.jpg\",\"contentUrl\":\"https:\\\/\\\/repliquemangacine.fr\\\/wp-content\\\/uploads\\\/2025\\\/06\\\/winchester-mod-73-laiton-denix.jpg\",\"width\":600,\"height\":600,\"caption\":\"Fusil Winchester \u00e0 r\u00e9p\u00e9tition et \u00e9jection des balles Denix\"},{\"@type\":\"BreadcrumbList\",\"@id\":\"https:\\\/\\\/repliquemangacine.fr\\\/repliques-carabine-winchester-western\\\/fusil-winchester-a-repetition-et-ejection-des-balles-denix\\\/#breadcrumb\",\"itemListElement\":[{\"@type\":\"ListItem\",\"position\":1,\"name\":\"Accueil\",\"item\":\"https:\\\/\\\/repliquemangacine.fr\\\/\"},{\"@type\":\"ListItem\",\"position\":2,\"name\":\"Produits\",\"item\":\"https:\\\/\\\/repliquemangacine.fr\\\/boutique\\\/\"},{\"@type\":\"ListItem\",\"position\":3,\"name\":\"Fusil Winchester \u00e0 r\u00e9p\u00e9tition et \u00e9jection des balles &#8211; Denix\"}]},{\"@type\":\"WebSite\",\"@id\":\"https:\\\/\\\/repliquemangacine.fr\\\/#website\",\"url\":\"https:\\\/\\\/repliquemangacine.fr\\\/\",\"name\":\"R\u00e9plique Manga Cin\u00e9\",\"description\":\"\",\"publisher\":{\"@id\":\"https:\\\/\\\/repliquemangacine.fr\\\/#organization\"},\"potentialAction\":[{\"@type\":\"SearchAction\",\"target\":{\"@type\":\"EntryPoint\",\"urlTemplate\":\"https:\\\/\\\/repliquemangacine.fr\\\/?s={search_term_string}\"},\"query-input\":{\"@type\":\"PropertyValueSpecification\",\"valueRequired\":true,\"valueName\":\"search_term_string\"}}],\"inLanguage\":\"it-IT\"},{\"@type\":\"Organization\",\"@id\":\"https:\\\/\\\/repliquemangacine.fr\\\/#organization\",\"name\":\"R\u00e9plique Manga Cin\u00e9\",\"url\":\"https:\\\/\\\/repliquemangacine.fr\\\/\",\"logo\":{\"@type\":\"ImageObject\",\"inLanguage\":\"it-IT\",\"@id\":\"https:\\\/\\\/repliquemangacine.fr\\\/#\\\/schema\\\/logo\\\/image\\\/\",\"url\":\"https:\\\/\\\/repliquemangacine.fr\\\/wp-content\\\/uploads\\\/2023\\\/10\\\/RMC-500250.png\",\"contentUrl\":\"https:\\\/\\\/repliquemangacine.fr\\\/wp-content\\\/uploads\\\/2023\\\/10\\\/RMC-500250.png\",\"width\":500,\"height\":250,\"caption\":\"R\u00e9plique Manga Cin\u00e9\"},\"image\":{\"@id\":\"https:\\\/\\\/repliquemangacine.fr\\\/#\\\/schema\\\/logo\\\/image\\\/\"},\"sameAs\":[\"https:\\\/\\\/www.facebook.com\\\/RepliqueMangaCine\",\"https:\\\/\\\/www.instagram.com\\\/repliquemangacine.fr\\\/\"]}]}<\/script>\n<!-- \/ Yoast SEO plugin. -->","yoast_head_json":{"title":"Fucile a ripetizione Winchester con espulsione del proiettile - Denix - R\u00e9plique Manga Cin\u00e9","description":"Fucile a ripetizione Winchester 1873 Denix ultra realistico con meccanismo di espulsione, legno e metallo. Vendita libera. Per gli appassionati e i collezionisti di western.","robots":{"index":"index","follow":"follow","max-snippet":"max-snippet:-1","max-image-preview":"max-image-preview:large","max-video-preview":"max-video-preview:-1"},"canonical":"https:\/\/repliquemangacine.fr\/it\/fucile-winchester-western-replica\/fucile-a-ripetizione-winchester-con-sistema-di-espulsione-dei-proiettili-denix\/","og_locale":"it_IT","og_type":"article","og_title":"Fusil Winchester \u00e0 r\u00e9p\u00e9tition et \u00e9jection des balles - Denix - R\u00e9plique Manga Cin\u00e9","og_description":"Fusil Winchester \u00e0 r\u00e9p\u00e9tition 1873 Denix ultra r\u00e9aliste avec m\u00e9canisme \u00e9jecteur, bois et m\u00e9tal. Vente libre. Pour fans de western et collectionneurs.","og_url":"https:\/\/repliquemangacine.fr\/it\/fucile-winchester-western-replica\/fucile-a-ripetizione-winchester-con-sistema-di-espulsione-dei-proiettili-denix\/","og_site_name":"R\u00e9plique Manga Cin\u00e9","article_publisher":"https:\/\/www.facebook.com\/RepliqueMangaCine","article_modified_time":"2025-12-13T15:18:21+00:00","og_image":[{"width":600,"height":600,"url":"https:\/\/repliquemangacine.fr\/wp-content\/uploads\/2025\/06\/winchester-mod-73-laiton-denix.jpg","type":"image\/jpeg"}],"twitter_card":"summary_large_image","twitter_misc":{"Tempo di lettura stimato":"3 minuti"},"schema":{"@context":"https:\/\/schema.org","@graph":[{"@type":"WebPage","@id":"https:\/\/repliquemangacine.fr\/repliques-carabine-winchester-western\/fusil-winchester-a-repetition-et-ejection-des-balles-denix\/","url":"https:\/\/repliquemangacine.fr\/repliques-carabine-winchester-western\/fusil-winchester-a-repetition-et-ejection-des-balles-denix\/","name":"Fucile a ripetizione Winchester con espulsione del proiettile - Denix - R\u00e9plique Manga Cin\u00e9","isPartOf":{"@id":"https:\/\/repliquemangacine.fr\/#website"},"primaryImageOfPage":{"@id":"https:\/\/repliquemangacine.fr\/repliques-carabine-winchester-western\/fusil-winchester-a-repetition-et-ejection-des-balles-denix\/#primaryimage"},"image":{"@id":"https:\/\/repliquemangacine.fr\/repliques-carabine-winchester-western\/fusil-winchester-a-repetition-et-ejection-des-balles-denix\/#primaryimage"},"thumbnailUrl":"https:\/\/repliquemangacine.fr\/wp-content\/uploads\/2025\/06\/winchester-mod-73-laiton-denix.jpg","datePublished":"2025-06-24T13:46:14+00:00","dateModified":"2025-12-13T15:18:21+00:00","description":"Fucile a ripetizione Winchester 1873 Denix ultra realistico con meccanismo di espulsione, legno e metallo. Vendita libera. Per gli appassionati e i collezionisti di western.","breadcrumb":{"@id":"https:\/\/repliquemangacine.fr\/repliques-carabine-winchester-western\/fusil-winchester-a-repetition-et-ejection-des-balles-denix\/#breadcrumb"},"inLanguage":"it-IT","potentialAction":[{"@type":"ReadAction","target":["https:\/\/repliquemangacine.fr\/repliques-carabine-winchester-western\/fusil-winchester-a-repetition-et-ejection-des-balles-denix\/"]}]},{"@type":"ImageObject","inLanguage":"it-IT","@id":"https:\/\/repliquemangacine.fr\/repliques-carabine-winchester-western\/fusil-winchester-a-repetition-et-ejection-des-balles-denix\/#primaryimage","url":"https:\/\/repliquemangacine.fr\/wp-content\/uploads\/2025\/06\/winchester-mod-73-laiton-denix.jpg","contentUrl":"https:\/\/repliquemangacine.fr\/wp-content\/uploads\/2025\/06\/winchester-mod-73-laiton-denix.jpg","width":600,"height":600,"caption":"Fusil Winchester \u00e0 r\u00e9p\u00e9tition et \u00e9jection des balles Denix"},{"@type":"BreadcrumbList","@id":"https:\/\/repliquemangacine.fr\/repliques-carabine-winchester-western\/fusil-winchester-a-repetition-et-ejection-des-balles-denix\/#breadcrumb","itemListElement":[{"@type":"ListItem","position":1,"name":"Accueil","item":"https:\/\/repliquemangacine.fr\/"},{"@type":"ListItem","position":2,"name":"Produits","item":"https:\/\/repliquemangacine.fr\/boutique\/"},{"@type":"ListItem","position":3,"name":"Fusil Winchester \u00e0 r\u00e9p\u00e9tition et \u00e9jection des balles &#8211; Denix"}]},{"@type":"WebSite","@id":"https:\/\/repliquemangacine.fr\/#website","url":"https:\/\/repliquemangacine.fr\/","name":"R\u00e9plique Manga Cin\u00e9","description":"","publisher":{"@id":"https:\/\/repliquemangacine.fr\/#organization"},"potentialAction":[{"@type":"SearchAction","target":{"@type":"EntryPoint","urlTemplate":"https:\/\/repliquemangacine.fr\/?s={search_term_string}"},"query-input":{"@type":"PropertyValueSpecification","valueRequired":true,"valueName":"search_term_string"}}],"inLanguage":"it-IT"},{"@type":"Organization","@id":"https:\/\/repliquemangacine.fr\/#organization","name":"R\u00e9plique Manga Cin\u00e9","url":"https:\/\/repliquemangacine.fr\/","logo":{"@type":"ImageObject","inLanguage":"it-IT","@id":"https:\/\/repliquemangacine.fr\/#\/schema\/logo\/image\/","url":"https:\/\/repliquemangacine.fr\/wp-content\/uploads\/2023\/10\/RMC-500250.png","contentUrl":"https:\/\/repliquemangacine.fr\/wp-content\/uploads\/2023\/10\/RMC-500250.png","width":500,"height":250,"caption":"R\u00e9plique Manga Cin\u00e9"},"image":{"@id":"https:\/\/repliquemangacine.fr\/#\/schema\/logo\/image\/"},"sameAs":["https:\/\/www.facebook.com\/RepliqueMangaCine","https:\/\/www.instagram.com\/repliquemangacine.fr\/"]}]}},"_links":{"self":[{"href":"https:\/\/repliquemangacine.fr\/it\/wp-json\/wp\/v2\/product\/85643","targetHints":{"allow":["GET"]}}],"collection":[{"href":"https:\/\/repliquemangacine.fr\/it\/wp-json\/wp\/v2\/product"}],"about":[{"href":"https:\/\/repliquemangacine.fr\/it\/wp-json\/wp\/v2\/types\/product"}],"wp:featuredmedia":[{"embeddable":true,"href":"https:\/\/repliquemangacine.fr\/it\/wp-json\/wp\/v2\/media\/85644"}],"wp:attachment":[{"href":"https:\/\/repliquemangacine.fr\/it\/wp-json\/wp\/v2\/media?parent=85643"}],"wp:term":[{"taxonomy":"product_brand","embeddable":true,"href":"https:\/\/repliquemangacine.fr\/it\/wp-json\/wp\/v2\/product_brand?post=85643"},{"taxonomy":"product_cat","embeddable":true,"href":"https:\/\/repliquemangacine.fr\/it\/wp-json\/wp\/v2\/product_cat?post=85643"},{"taxonomy":"product_tag","embeddable":true,"href":"https:\/\/repliquemangacine.fr\/it\/wp-json\/wp\/v2\/product_tag?post=85643"}],"curies":[{"name":"wp","href":"https:\/\/api.w.org\/{rel}","templated":true}]}}