





{"id":85608,"date":"2025-06-23T17:45:01","date_gmt":"2025-06-23T15:45:01","guid":{"rendered":"https:\/\/repliquemangacine.fr\/?post_type=product&#038;p=85608"},"modified":"2026-04-16T06:36:19","modified_gmt":"2026-04-16T04:36:19","slug":"peluche-ufficiale-hedwige-collezione-nobile-harry-potter","status":"publish","type":"product","link":"https:\/\/repliquemangacine.fr\/it\/collectors-et-goodies-harry-potter\/peluche-hedwige-officielle-noble-collection-harry-potter\/","title":{"rendered":"Peluche ufficiale di Edvige - Harry Potter"},"content":{"rendered":"<h2>Peluche ufficiale di Hedwige: un morbido collezionista da adottare<\/h2>\n<p>Prima di tutto, scoprite questo <strong>Peluche ufficiale Hedwige<\/strong>, accuratamente realizzata interamente in fibra di poliestere per offrire morbidezza duratura e incredibile resistenza.<br \/>\nSu licenza ufficiale Warner Bros, distribuito da The <a href=\"https:\/\/noblecollection.fr\/\" target=\"_blank\" rel=\"noopener noreferrer\">Collezione Noble.<\/a> Finiture impeccabili, sguardo accattivante e qualit\u00e0 premium. Insomma, un vero gioiello per i fan di Harry Potter o gli amanti dei gufi bianchi.<\/p>\n<p>Per la manutenzione, privilegiate esclusivamente il lavaggio a mano, semplice, veloce, delicato sulle fibre, che evita deformazioni, perdita di lucentezza o usura prematura. Passate delicatamente un guanto da bagno inumidito con acqua tiepida e sapone, quindi risciacquate con un guanto umido e asciugate con un guanto asciutto, semplicemente. Di conseguenza, non utilizzare mai la lavatrice, il programma di centrifuga aggressivo o l'asciugatrice, garantendo cos\u00ec longevit\u00e0, bellezza, aspetto e valore collezionistico eccezionale intatti.<\/p>\n<p>Infine, si prega di notare che questo articolo non \u00e8 adatto a bambini di et\u00e0 inferiore ai trentasei mesi, per motivi di sicurezza e per la necessaria vigilanza.<\/p>\n<h2>Hedwige: molto pi\u00f9 di un gufo, un potente simbolo della saga<\/h2>\n<p>Innanzitutto, Edvige \u00e8 molto pi\u00f9 di un gufo. \u00c8 la prima amica di Harry, la sua messaggera, il suo legame con il mondo magico. Inoltre, con il suo candore, la sua nobilt\u00e0 e la sua lealt\u00e0, incarna la purezza e la fedelt\u00e0 e accompagna Harry nei suoi momenti pi\u00f9 bui. La sua presenza \u00e8 fonte di conforto e rassicurazione e aggiunge un tocco poetico a ogni scena in cui appare. Rimane impressa nella memoria dei fan come simbolo di tenerezza, libert\u00e0 e profondo affetto.<\/p>\n<p>La sua tragica fine rimane impressa nei cuori: segna una svolta, una perdita di innocenza, un passaggio all'et\u00e0 adulta. Regalare o regalarsi il suo peluche significa ravvivare questa emozione e conservare intatta una parte di magia. Per concludere, un oggetto emozionante, raro, allo stesso tempo decorativo e simbolico, perfetto per chi ancora si emoziona ogni volta che vede un gufo.<\/p>\n<h2>Scoprite altri tesori di Harry Potter su R\u00e9plique Manga Cin\u00e9<\/h2>\n<p>Siete appassionati del mondo magico? Da R\u00e9plique Manga Cin\u00e9 troverete molto pi\u00f9 che semplici peluche: troverete oggetti da collezione che non possono essere ignorati!<\/p>\n<ul>\n<li>In testa: il <a href=\"https:\/\/repliquemangacine.fr\/it\/collezionisti-di-harry-potter-e-chicche\/scopa-di-harry-potter-firebolt\/\">Scopa Firebolt<\/a> con licenza ufficiale, proprio come quella di Harry durante le partite di Quidditch.<\/li>\n<li>Aggiungete il leggendario <a href=\"https:\/\/repliquemangacine.fr\/it\/collezionisti-di-harry-potter-e-chicche\/cappello-interattivo-di-harry-potter\/\">Cappello magico<\/a>con i suoi dettagli sorprendenti, direttamente dalla Sala Grande.<\/li>\n<li>Avete bisogno di coraggio? L'<a href=\"https:\/\/repliquemangacine.fr\/it\/bacchette-e-oggetti-di-harry-potter\/harry-potter-spada-godric\/\">Spada di Godric Grifondoro<\/a> vi aspetta, pronto ad adornare la vostra parete o a completare il vostro cosplay.<\/li>\n<li>E naturalmente sono presenti tutte le bacchette ufficiali: Harry, Hermione, Silente, Voldemort e molte altre. Ogni articolo \u00e8 stato accuratamente selezionato per i veri fan dell'universo di JK Rowling. In conclusione, tuffatevi nel nostro negozio, scoprite i tesori magici e date subito vita alla vostra avventura di Harry Potter!<\/li>\n<\/ul>","protected":false},"excerpt":{"rendered":"<p>Scoprite questo superbo peluche ufficiale di Edvige della Warner Bros e distribuito da Noble Collection nella saga di Harry Potter.<\/p>\n<ul>\n<li>Tutta la fibra di poliestere<\/li>\n<li>Licenza ufficiale Warner Bros e distribuzione Noble Collection.<\/li>\n<li>Fornito in una scatola di cartone HP<\/li>\n<li>Dimensioni: 29 cm di lunghezza (dalla testa alla coda)<\/li>\n<li>Non lavare in lavatrice<\/li>\n<li>Peso: 304 g<\/li>\n<li><strong>Non adatto a bambini di et\u00e0 inferiore a 36 mesi.<\/strong><\/li>\n<\/ul>","protected":false},"featured_media":85609,"template":"","meta":[],"product_brand":[896],"product_cat":[87,41],"product_tag":[],"class_list":{"0":"post-85608","1":"product","2":"type-product","3":"status-publish","4":"has-post-thumbnail","6":"product_brand-replique-manga-cine","7":"product_cat-collectors-et-goodies-harry-potter","8":"product_cat-baguettes-et-goodies-harry-potter","10":"first","11":"instock","12":"taxable","13":"shipping-taxable","14":"purchasable","15":"product-type-simple"},"yoast_head":"<!-- This site is optimized with the Yoast SEO plugin v27.4 - https:\/\/yoast.com\/product\/yoast-seo-wordpress\/ -->\n<title>Peluche Hedwige officielle - Harry Potter - R\u00e9plique Manga Cin\u00e9<\/title>\n<meta name=\"description\" content=\"Adoptez la Peluche Hedwige officielle dans Harry Potter. Douce, fid\u00e8le, sous licence Warner Bros. Un incontournable pour tous les vrais fans de la saga !\" \/>\n<meta name=\"robots\" content=\"index, follow, max-snippet:-1, max-image-preview:large, max-video-preview:-1\" \/>\n<link rel=\"canonical\" href=\"https:\/\/repliquemangacine.fr\/it\/collezionisti-di-harry-potter-e-chicche\/peluche-ufficiale-hedwige-collezione-nobile-harry-potter\/\" \/>\n<meta property=\"og:locale\" content=\"it_IT\" \/>\n<meta property=\"og:type\" content=\"article\" \/>\n<meta property=\"og:title\" content=\"Peluche Hedwige officielle - Harry Potter - R\u00e9plique Manga Cin\u00e9\" \/>\n<meta property=\"og:description\" content=\"Adoptez la Peluche Hedwige officielle dans Harry Potter. Douce, fid\u00e8le, sous licence Warner Bros. Un incontournable pour tous les vrais fans de la saga !\" \/>\n<meta property=\"og:url\" content=\"https:\/\/repliquemangacine.fr\/it\/collezionisti-di-harry-potter-e-chicche\/peluche-ufficiale-hedwige-collezione-nobile-harry-potter\/\" \/>\n<meta property=\"og:site_name\" content=\"R\u00e9plique Manga Cin\u00e9\" \/>\n<meta property=\"article:publisher\" content=\"https:\/\/www.facebook.com\/RepliqueMangaCine\" \/>\n<meta property=\"article:modified_time\" content=\"2026-04-16T04:36:19+00:00\" \/>\n<meta property=\"og:image\" content=\"https:\/\/repliquemangacine.fr\/wp-content\/uploads\/2025\/06\/Peluche-Hedwige-Harry-Potter.jpg\" \/>\n\t<meta property=\"og:image:width\" content=\"700\" \/>\n\t<meta property=\"og:image:height\" content=\"701\" \/>\n\t<meta property=\"og:image:type\" content=\"image\/jpeg\" \/>\n<meta name=\"twitter:card\" content=\"summary_large_image\" \/>\n<meta name=\"twitter:label1\" content=\"Tempo di lettura stimato\" \/>\n\t<meta name=\"twitter:data1\" content=\"3 minuti\" \/>\n<script type=\"application\/ld+json\" class=\"yoast-schema-graph\">{\"@context\":\"https:\\\/\\\/schema.org\",\"@graph\":[{\"@type\":\"WebPage\",\"@id\":\"https:\\\/\\\/repliquemangacine.fr\\\/collectors-et-goodies-harry-potter\\\/peluche-hedwige-officielle-noble-collection-harry-potter\\\/\",\"url\":\"https:\\\/\\\/repliquemangacine.fr\\\/collectors-et-goodies-harry-potter\\\/peluche-hedwige-officielle-noble-collection-harry-potter\\\/\",\"name\":\"Peluche Hedwige officielle - Harry Potter - R\u00e9plique Manga Cin\u00e9\",\"isPartOf\":{\"@id\":\"https:\\\/\\\/repliquemangacine.fr\\\/#website\"},\"primaryImageOfPage\":{\"@id\":\"https:\\\/\\\/repliquemangacine.fr\\\/collectors-et-goodies-harry-potter\\\/peluche-hedwige-officielle-noble-collection-harry-potter\\\/#primaryimage\"},\"image\":{\"@id\":\"https:\\\/\\\/repliquemangacine.fr\\\/collectors-et-goodies-harry-potter\\\/peluche-hedwige-officielle-noble-collection-harry-potter\\\/#primaryimage\"},\"thumbnailUrl\":\"https:\\\/\\\/repliquemangacine.fr\\\/wp-content\\\/uploads\\\/2025\\\/06\\\/Peluche-Hedwige-Harry-Potter.jpg\",\"datePublished\":\"2025-06-23T15:45:01+00:00\",\"dateModified\":\"2026-04-16T04:36:19+00:00\",\"description\":\"Adoptez la Peluche Hedwige officielle dans Harry Potter. Douce, fid\u00e8le, sous licence Warner Bros. Un incontournable pour tous les vrais fans de la saga !\",\"breadcrumb\":{\"@id\":\"https:\\\/\\\/repliquemangacine.fr\\\/collectors-et-goodies-harry-potter\\\/peluche-hedwige-officielle-noble-collection-harry-potter\\\/#breadcrumb\"},\"inLanguage\":\"it-IT\",\"potentialAction\":[{\"@type\":\"ReadAction\",\"target\":[\"https:\\\/\\\/repliquemangacine.fr\\\/collectors-et-goodies-harry-potter\\\/peluche-hedwige-officielle-noble-collection-harry-potter\\\/\"]}]},{\"@type\":\"ImageObject\",\"inLanguage\":\"it-IT\",\"@id\":\"https:\\\/\\\/repliquemangacine.fr\\\/collectors-et-goodies-harry-potter\\\/peluche-hedwige-officielle-noble-collection-harry-potter\\\/#primaryimage\",\"url\":\"https:\\\/\\\/repliquemangacine.fr\\\/wp-content\\\/uploads\\\/2025\\\/06\\\/Peluche-Hedwige-Harry-Potter.jpg\",\"contentUrl\":\"https:\\\/\\\/repliquemangacine.fr\\\/wp-content\\\/uploads\\\/2025\\\/06\\\/Peluche-Hedwige-Harry-Potter.jpg\",\"width\":700,\"height\":701,\"caption\":\"Peluche Hedwige Noble Collection Harry potter\"},{\"@type\":\"BreadcrumbList\",\"@id\":\"https:\\\/\\\/repliquemangacine.fr\\\/collectors-et-goodies-harry-potter\\\/peluche-hedwige-officielle-noble-collection-harry-potter\\\/#breadcrumb\",\"itemListElement\":[{\"@type\":\"ListItem\",\"position\":1,\"name\":\"Accueil\",\"item\":\"https:\\\/\\\/repliquemangacine.fr\\\/\"},{\"@type\":\"ListItem\",\"position\":2,\"name\":\"Produits\",\"item\":\"https:\\\/\\\/repliquemangacine.fr\\\/boutique\\\/\"},{\"@type\":\"ListItem\",\"position\":3,\"name\":\"Peluche Hedwige officielle &#8211; Harry Potter\"}]},{\"@type\":\"WebSite\",\"@id\":\"https:\\\/\\\/repliquemangacine.fr\\\/#website\",\"url\":\"https:\\\/\\\/repliquemangacine.fr\\\/\",\"name\":\"R\u00e9plique Manga Cin\u00e9\",\"description\":\"\",\"publisher\":{\"@id\":\"https:\\\/\\\/repliquemangacine.fr\\\/#organization\"},\"potentialAction\":[{\"@type\":\"SearchAction\",\"target\":{\"@type\":\"EntryPoint\",\"urlTemplate\":\"https:\\\/\\\/repliquemangacine.fr\\\/?s={search_term_string}\"},\"query-input\":{\"@type\":\"PropertyValueSpecification\",\"valueRequired\":true,\"valueName\":\"search_term_string\"}}],\"inLanguage\":\"it-IT\"},{\"@type\":\"Organization\",\"@id\":\"https:\\\/\\\/repliquemangacine.fr\\\/#organization\",\"name\":\"R\u00e9plique Manga Cin\u00e9\",\"url\":\"https:\\\/\\\/repliquemangacine.fr\\\/\",\"logo\":{\"@type\":\"ImageObject\",\"inLanguage\":\"it-IT\",\"@id\":\"https:\\\/\\\/repliquemangacine.fr\\\/#\\\/schema\\\/logo\\\/image\\\/\",\"url\":\"https:\\\/\\\/repliquemangacine.fr\\\/wp-content\\\/uploads\\\/2023\\\/10\\\/RMC-500250.png\",\"contentUrl\":\"https:\\\/\\\/repliquemangacine.fr\\\/wp-content\\\/uploads\\\/2023\\\/10\\\/RMC-500250.png\",\"width\":500,\"height\":250,\"caption\":\"R\u00e9plique Manga Cin\u00e9\"},\"image\":{\"@id\":\"https:\\\/\\\/repliquemangacine.fr\\\/#\\\/schema\\\/logo\\\/image\\\/\"},\"sameAs\":[\"https:\\\/\\\/www.facebook.com\\\/RepliqueMangaCine\",\"https:\\\/\\\/www.instagram.com\\\/repliquemangacine.fr\\\/\"]}]}<\/script>\n<!-- \/ Yoast SEO plugin. -->","yoast_head_json":{"title":"Peluche ufficiale di Edvige - Harry Potter - R\u00e9plique Manga Cin\u00e9","description":"Adotta il peluche ufficiale di Edvige di Harry Potter. Delicata, fedele, autorizzata dalla Warner Bros. Un must per tutti i veri fan della saga!","robots":{"index":"index","follow":"follow","max-snippet":"max-snippet:-1","max-image-preview":"max-image-preview:large","max-video-preview":"max-video-preview:-1"},"canonical":"https:\/\/repliquemangacine.fr\/it\/collezionisti-di-harry-potter-e-chicche\/peluche-ufficiale-hedwige-collezione-nobile-harry-potter\/","og_locale":"it_IT","og_type":"article","og_title":"Peluche Hedwige officielle - Harry Potter - R\u00e9plique Manga Cin\u00e9","og_description":"Adoptez la Peluche Hedwige officielle dans Harry Potter. Douce, fid\u00e8le, sous licence Warner Bros. Un incontournable pour tous les vrais fans de la saga !","og_url":"https:\/\/repliquemangacine.fr\/it\/collezionisti-di-harry-potter-e-chicche\/peluche-ufficiale-hedwige-collezione-nobile-harry-potter\/","og_site_name":"R\u00e9plique Manga Cin\u00e9","article_publisher":"https:\/\/www.facebook.com\/RepliqueMangaCine","article_modified_time":"2026-04-16T04:36:19+00:00","og_image":[{"width":700,"height":701,"url":"https:\/\/repliquemangacine.fr\/wp-content\/uploads\/2025\/06\/Peluche-Hedwige-Harry-Potter.jpg","type":"image\/jpeg"}],"twitter_card":"summary_large_image","twitter_misc":{"Tempo di lettura stimato":"3 minuti"},"schema":{"@context":"https:\/\/schema.org","@graph":[{"@type":"WebPage","@id":"https:\/\/repliquemangacine.fr\/collectors-et-goodies-harry-potter\/peluche-hedwige-officielle-noble-collection-harry-potter\/","url":"https:\/\/repliquemangacine.fr\/collectors-et-goodies-harry-potter\/peluche-hedwige-officielle-noble-collection-harry-potter\/","name":"Peluche ufficiale di Edvige - Harry Potter - R\u00e9plique Manga Cin\u00e9","isPartOf":{"@id":"https:\/\/repliquemangacine.fr\/#website"},"primaryImageOfPage":{"@id":"https:\/\/repliquemangacine.fr\/collectors-et-goodies-harry-potter\/peluche-hedwige-officielle-noble-collection-harry-potter\/#primaryimage"},"image":{"@id":"https:\/\/repliquemangacine.fr\/collectors-et-goodies-harry-potter\/peluche-hedwige-officielle-noble-collection-harry-potter\/#primaryimage"},"thumbnailUrl":"https:\/\/repliquemangacine.fr\/wp-content\/uploads\/2025\/06\/Peluche-Hedwige-Harry-Potter.jpg","datePublished":"2025-06-23T15:45:01+00:00","dateModified":"2026-04-16T04:36:19+00:00","description":"Adotta il peluche ufficiale di Edvige di Harry Potter. Delicata, fedele, autorizzata dalla Warner Bros. Un must per tutti i veri fan della saga!","breadcrumb":{"@id":"https:\/\/repliquemangacine.fr\/collectors-et-goodies-harry-potter\/peluche-hedwige-officielle-noble-collection-harry-potter\/#breadcrumb"},"inLanguage":"it-IT","potentialAction":[{"@type":"ReadAction","target":["https:\/\/repliquemangacine.fr\/collectors-et-goodies-harry-potter\/peluche-hedwige-officielle-noble-collection-harry-potter\/"]}]},{"@type":"ImageObject","inLanguage":"it-IT","@id":"https:\/\/repliquemangacine.fr\/collectors-et-goodies-harry-potter\/peluche-hedwige-officielle-noble-collection-harry-potter\/#primaryimage","url":"https:\/\/repliquemangacine.fr\/wp-content\/uploads\/2025\/06\/Peluche-Hedwige-Harry-Potter.jpg","contentUrl":"https:\/\/repliquemangacine.fr\/wp-content\/uploads\/2025\/06\/Peluche-Hedwige-Harry-Potter.jpg","width":700,"height":701,"caption":"Peluche Hedwige Noble Collection Harry potter"},{"@type":"BreadcrumbList","@id":"https:\/\/repliquemangacine.fr\/collectors-et-goodies-harry-potter\/peluche-hedwige-officielle-noble-collection-harry-potter\/#breadcrumb","itemListElement":[{"@type":"ListItem","position":1,"name":"Accueil","item":"https:\/\/repliquemangacine.fr\/"},{"@type":"ListItem","position":2,"name":"Produits","item":"https:\/\/repliquemangacine.fr\/boutique\/"},{"@type":"ListItem","position":3,"name":"Peluche Hedwige officielle &#8211; Harry Potter"}]},{"@type":"WebSite","@id":"https:\/\/repliquemangacine.fr\/#website","url":"https:\/\/repliquemangacine.fr\/","name":"R\u00e9plique Manga Cin\u00e9","description":"","publisher":{"@id":"https:\/\/repliquemangacine.fr\/#organization"},"potentialAction":[{"@type":"SearchAction","target":{"@type":"EntryPoint","urlTemplate":"https:\/\/repliquemangacine.fr\/?s={search_term_string}"},"query-input":{"@type":"PropertyValueSpecification","valueRequired":true,"valueName":"search_term_string"}}],"inLanguage":"it-IT"},{"@type":"Organization","@id":"https:\/\/repliquemangacine.fr\/#organization","name":"R\u00e9plique Manga Cin\u00e9","url":"https:\/\/repliquemangacine.fr\/","logo":{"@type":"ImageObject","inLanguage":"it-IT","@id":"https:\/\/repliquemangacine.fr\/#\/schema\/logo\/image\/","url":"https:\/\/repliquemangacine.fr\/wp-content\/uploads\/2023\/10\/RMC-500250.png","contentUrl":"https:\/\/repliquemangacine.fr\/wp-content\/uploads\/2023\/10\/RMC-500250.png","width":500,"height":250,"caption":"R\u00e9plique Manga Cin\u00e9"},"image":{"@id":"https:\/\/repliquemangacine.fr\/#\/schema\/logo\/image\/"},"sameAs":["https:\/\/www.facebook.com\/RepliqueMangaCine","https:\/\/www.instagram.com\/repliquemangacine.fr\/"]}]}},"_links":{"self":[{"href":"https:\/\/repliquemangacine.fr\/it\/wp-json\/wp\/v2\/product\/85608","targetHints":{"allow":["GET"]}}],"collection":[{"href":"https:\/\/repliquemangacine.fr\/it\/wp-json\/wp\/v2\/product"}],"about":[{"href":"https:\/\/repliquemangacine.fr\/it\/wp-json\/wp\/v2\/types\/product"}],"wp:featuredmedia":[{"embeddable":true,"href":"https:\/\/repliquemangacine.fr\/it\/wp-json\/wp\/v2\/media\/85609"}],"wp:attachment":[{"href":"https:\/\/repliquemangacine.fr\/it\/wp-json\/wp\/v2\/media?parent=85608"}],"wp:term":[{"taxonomy":"product_brand","embeddable":true,"href":"https:\/\/repliquemangacine.fr\/it\/wp-json\/wp\/v2\/product_brand?post=85608"},{"taxonomy":"product_cat","embeddable":true,"href":"https:\/\/repliquemangacine.fr\/it\/wp-json\/wp\/v2\/product_cat?post=85608"},{"taxonomy":"product_tag","embeddable":true,"href":"https:\/\/repliquemangacine.fr\/it\/wp-json\/wp\/v2\/product_tag?post=85608"}],"curies":[{"name":"wp","href":"https:\/\/api.w.org\/{rel}","templated":true}]}}