





{"id":85578,"date":"2025-06-22T17:49:19","date_gmt":"2025-06-22T15:49:19","guid":{"rendered":"https:\/\/repliquemangacine.fr\/?post_type=product&#038;p=85578"},"modified":"2026-02-19T10:18:50","modified_gmt":"2026-02-19T09:18:50","slug":"remington-1858-kolser-convertito-in-cilindro","status":"publish","type":"product","link":"https:\/\/repliquemangacine.fr\/it\/arme-kolser\/barillet-converti-remington-1858-kolser\/","title":{"rendered":"Canna Remington 1858 Kolser convertita"},"content":{"rendered":"<h2>Barile convertito - Moderno ed efficiente<\/h2>\n<p>Innanzitutto, questo accessorio riproduce la canna convertita, tipica della transizione post-americana delle armi della Guerra Civile. Realizzato in zama di alta qualit\u00e0 e rifinito in nero.<\/p>\n<p>Questo modello di tamburo corrisponde al revolver Remington 1858 convertito, come quello che Clint Eastwood utilizza nel film Pale Rider (1985). Nel film, il leggendario pistolero non solo utilizza quest'arma, ma porta con s\u00e9 diversi tamburi extra pronti per la ricarica, una strategia che gli conferisce un vantaggio tattico fondamentale.<\/p>\n<p>Con questo accessorio <a href=\"https:\/\/kolser.com\/\" target=\"_blank\" rel=\"noopener noreferrer\">Kolser<\/a>Potete ricreare la stessa esperienza del Vecchio West e completare la vostra replica per mostre, attivit\u00e0 storiche o semplicemente per godervi un pezzo leggendario.<\/p>\n<h2>Canna esclusiva del modello Remington convertito 1858 Kolser<\/h2>\n<p>Innanzitutto, questa canna convertita per Remington 1858 Kolser consente di passare a una versione modernizzata. Senza cartucce vive, ma con un sistema visivo e sonoro straordinario. Progettata per accettare proiettili Colt finti, \u00e8 dotata di un alloggiamento speciale sul retro di ogni camera per inserire un innesco per petardi. In questo modo \u00e8 possibile riprodurre il suono di un vero sparo quando si organizza uno spettacolo.<\/p>\n<p>Inoltre, l'estrattore incorporato facilita l'espulsione delle prese fittizie. La finitura cromata assicura un movimento fluido e protegge i componenti interni. Grazie a questo design, si ottiene una replica fedele che \u00e8 anche sicura e perfettamente adatta all'animazione o al cosplay.<\/p>\n<p>Infine, questa canna pu\u00f2 essere sostituita in pochi secondi, senza attrezzi, grazie al suo sistema drop-in. \u00c8 l'accessorio indispensabile per gli appassionati che vogliono combinare estetica autentica, maneggevolezza realistica ed effetti sonori impressionanti, senza alcun rischio.<\/p>\n<h2>Accessori essenziali per un Remington 1858 completo e pronto all'azione<\/h2>\n<p>Per vivere appieno l'esperienza del selvaggio West e valorizzare il vostro Remington 1858, alcuni accessori sono semplicemente indispensabili. A cominciare dalla fondina in pelle appositamente progettata per questo modello. Con la sua custodia integrata per le cartucce, non solo \u00e8 comoda da portare, ma conferisce anche un autentico look da cowboy. Ancora meglio: \u00e8 dotata di un doppio alloggiamento per le canne supplementari, in modo da poter passare in qualsiasi momento dalla versione a percussione a quella convertita.<\/p>\n<p>Inoltre, per accentuare il realismo sonoro e visivo, il sistema <a href=\"https:\/\/repliquemangacine.fr\/it\/pistola-kolser\/confezione-blister-208-primer-kolser\/\">inneschi per petardi<\/a> sono indispensabili. Si inseriscono direttamente sul perno della canna a percussione o nella fessura sul retro del modello convertito, aggiungendo un effetto di tiro sorprendente senza alcun pericolo.<\/p>\n<p>Infine, per completare l'illusione, il <a href=\"https:\/\/repliquemangacine.fr\/it\/pistola-kolser\/6-proiettili-finti-per-colt-45-kolser\/\">proiettili finti per Colt<\/a> vengono inseriti nelle camere delle canne convertite. Aggiungono il tocco finale perfetto alle scene di rievocazione, alle mostre o ai servizi fotografici. Insieme, questi accessori trasformano il vostro revolver in un pezzo di storia vivente, pronto a stupire.<\/p>","protected":false},"excerpt":{"rendered":"<p>Ricreate la storica conversione del Remington 1858 con questa canna adattata alle cartucce metalliche Kolser.<\/p>\n<ul>\n<li>Progettato esclusivamente per la replica del Remington 1858 convertito di Kolser<\/li>\n<li>Realizzato in zama di alta qualit\u00e0 e rifinito in nero.<\/li>\n<li><strong>IMPORTANTE:<\/strong> Questo tamburo \u00e8 stato progettato esclusivamente per il Remington 1858 Converted. Non \u00e8 <strong>non compatibile con il modello a percussione<\/strong> classico, perch\u00e9 i due modelli hanno meccanismi diversi. Non scambiate i tamburi tra i vari modelli. Assicuratevi di prendere quello giusto per la vostra replica.<\/li>\n<\/ul>","protected":false},"featured_media":85579,"template":"","meta":[],"product_brand":[896],"product_cat":[51,100,90],"product_tag":[],"class_list":{"0":"post-85578","1":"product","2":"type-product","3":"status-publish","4":"has-post-thumbnail","6":"product_brand-replique-manga-cine","7":"product_cat-accessoires-western","8":"product_cat-arme-kolser","9":"product_cat-holster-accessoires-western","11":"first","12":"outofstock","13":"taxable","14":"shipping-taxable","15":"purchasable","16":"product-type-simple"},"yoast_head":"<!-- This site is optimized with the Yoast SEO plugin v27.4 - https:\/\/yoast.com\/product\/yoast-seo-wordpress\/ -->\n<title>Barillet converti Remington 1858 Kolser - R\u00e9plique Manga Cin\u00e9<\/title>\n<meta name=\"description\" content=\"Recr\u00e9er la conversion historique du Remington 1858 avec ce Barillet converti adapt\u00e9 pour les cartouches en m\u00e9tal Kolser. Zamac de haute qualit\u00e9.\" \/>\n<meta name=\"robots\" content=\"index, follow, max-snippet:-1, max-image-preview:large, max-video-preview:-1\" \/>\n<link rel=\"canonical\" href=\"https:\/\/repliquemangacine.fr\/it\/pistola-kolser\/remington-1858-kolser-convertito-in-cilindro\/\" \/>\n<meta property=\"og:locale\" content=\"it_IT\" \/>\n<meta property=\"og:type\" content=\"article\" \/>\n<meta property=\"og:title\" content=\"Barillet converti Remington 1858 Kolser - R\u00e9plique Manga Cin\u00e9\" \/>\n<meta property=\"og:description\" content=\"Recr\u00e9er la conversion historique du Remington 1858 avec ce Barillet converti adapt\u00e9 pour les cartouches en m\u00e9tal Kolser. Zamac de haute qualit\u00e9.\" \/>\n<meta property=\"og:url\" content=\"https:\/\/repliquemangacine.fr\/it\/pistola-kolser\/remington-1858-kolser-convertito-in-cilindro\/\" \/>\n<meta property=\"og:site_name\" content=\"R\u00e9plique Manga Cin\u00e9\" \/>\n<meta property=\"article:publisher\" content=\"https:\/\/www.facebook.com\/RepliqueMangaCine\" \/>\n<meta property=\"article:modified_time\" content=\"2026-02-19T09:18:50+00:00\" \/>\n<meta property=\"og:image\" content=\"https:\/\/repliquemangacine.fr\/wp-content\/uploads\/2025\/06\/barillet-converti.jpg\" \/>\n\t<meta property=\"og:image:width\" content=\"800\" \/>\n\t<meta property=\"og:image:height\" content=\"800\" \/>\n\t<meta property=\"og:image:type\" content=\"image\/jpeg\" \/>\n<meta name=\"twitter:card\" content=\"summary_large_image\" \/>\n<meta name=\"twitter:label1\" content=\"Tempo di lettura stimato\" \/>\n\t<meta name=\"twitter:data1\" content=\"3 minuti\" \/>\n<script type=\"application\/ld+json\" class=\"yoast-schema-graph\">{\"@context\":\"https:\\\/\\\/schema.org\",\"@graph\":[{\"@type\":\"WebPage\",\"@id\":\"https:\\\/\\\/repliquemangacine.fr\\\/arme-kolser\\\/barillet-converti-remington-1858-kolser\\\/\",\"url\":\"https:\\\/\\\/repliquemangacine.fr\\\/arme-kolser\\\/barillet-converti-remington-1858-kolser\\\/\",\"name\":\"Barillet converti Remington 1858 Kolser - R\u00e9plique Manga Cin\u00e9\",\"isPartOf\":{\"@id\":\"https:\\\/\\\/repliquemangacine.fr\\\/#website\"},\"primaryImageOfPage\":{\"@id\":\"https:\\\/\\\/repliquemangacine.fr\\\/arme-kolser\\\/barillet-converti-remington-1858-kolser\\\/#primaryimage\"},\"image\":{\"@id\":\"https:\\\/\\\/repliquemangacine.fr\\\/arme-kolser\\\/barillet-converti-remington-1858-kolser\\\/#primaryimage\"},\"thumbnailUrl\":\"https:\\\/\\\/repliquemangacine.fr\\\/wp-content\\\/uploads\\\/2025\\\/06\\\/barillet-converti.jpg\",\"datePublished\":\"2025-06-22T15:49:19+00:00\",\"dateModified\":\"2026-02-19T09:18:50+00:00\",\"description\":\"Recr\u00e9er la conversion historique du Remington 1858 avec ce Barillet converti adapt\u00e9 pour les cartouches en m\u00e9tal Kolser. Zamac de haute qualit\u00e9.\",\"breadcrumb\":{\"@id\":\"https:\\\/\\\/repliquemangacine.fr\\\/arme-kolser\\\/barillet-converti-remington-1858-kolser\\\/#breadcrumb\"},\"inLanguage\":\"it-IT\",\"potentialAction\":[{\"@type\":\"ReadAction\",\"target\":[\"https:\\\/\\\/repliquemangacine.fr\\\/arme-kolser\\\/barillet-converti-remington-1858-kolser\\\/\"]}]},{\"@type\":\"ImageObject\",\"inLanguage\":\"it-IT\",\"@id\":\"https:\\\/\\\/repliquemangacine.fr\\\/arme-kolser\\\/barillet-converti-remington-1858-kolser\\\/#primaryimage\",\"url\":\"https:\\\/\\\/repliquemangacine.fr\\\/wp-content\\\/uploads\\\/2025\\\/06\\\/barillet-converti.jpg\",\"contentUrl\":\"https:\\\/\\\/repliquemangacine.fr\\\/wp-content\\\/uploads\\\/2025\\\/06\\\/barillet-converti.jpg\",\"width\":800,\"height\":800,\"caption\":\"Barillet converti Remington 1858 Kolser\"},{\"@type\":\"BreadcrumbList\",\"@id\":\"https:\\\/\\\/repliquemangacine.fr\\\/arme-kolser\\\/barillet-converti-remington-1858-kolser\\\/#breadcrumb\",\"itemListElement\":[{\"@type\":\"ListItem\",\"position\":1,\"name\":\"Accueil\",\"item\":\"https:\\\/\\\/repliquemangacine.fr\\\/\"},{\"@type\":\"ListItem\",\"position\":2,\"name\":\"Produits\",\"item\":\"https:\\\/\\\/repliquemangacine.fr\\\/boutique\\\/\"},{\"@type\":\"ListItem\",\"position\":3,\"name\":\"Barillet converti Remington 1858 Kolser\"}]},{\"@type\":\"WebSite\",\"@id\":\"https:\\\/\\\/repliquemangacine.fr\\\/#website\",\"url\":\"https:\\\/\\\/repliquemangacine.fr\\\/\",\"name\":\"R\u00e9plique Manga Cin\u00e9\",\"description\":\"\",\"publisher\":{\"@id\":\"https:\\\/\\\/repliquemangacine.fr\\\/#organization\"},\"potentialAction\":[{\"@type\":\"SearchAction\",\"target\":{\"@type\":\"EntryPoint\",\"urlTemplate\":\"https:\\\/\\\/repliquemangacine.fr\\\/?s={search_term_string}\"},\"query-input\":{\"@type\":\"PropertyValueSpecification\",\"valueRequired\":true,\"valueName\":\"search_term_string\"}}],\"inLanguage\":\"it-IT\"},{\"@type\":\"Organization\",\"@id\":\"https:\\\/\\\/repliquemangacine.fr\\\/#organization\",\"name\":\"R\u00e9plique Manga Cin\u00e9\",\"url\":\"https:\\\/\\\/repliquemangacine.fr\\\/\",\"logo\":{\"@type\":\"ImageObject\",\"inLanguage\":\"it-IT\",\"@id\":\"https:\\\/\\\/repliquemangacine.fr\\\/#\\\/schema\\\/logo\\\/image\\\/\",\"url\":\"https:\\\/\\\/repliquemangacine.fr\\\/wp-content\\\/uploads\\\/2023\\\/10\\\/RMC-500250.png\",\"contentUrl\":\"https:\\\/\\\/repliquemangacine.fr\\\/wp-content\\\/uploads\\\/2023\\\/10\\\/RMC-500250.png\",\"width\":500,\"height\":250,\"caption\":\"R\u00e9plique Manga Cin\u00e9\"},\"image\":{\"@id\":\"https:\\\/\\\/repliquemangacine.fr\\\/#\\\/schema\\\/logo\\\/image\\\/\"},\"sameAs\":[\"https:\\\/\\\/www.facebook.com\\\/RepliqueMangaCine\",\"https:\\\/\\\/www.instagram.com\\\/repliquemangacine.fr\\\/\"]}]}<\/script>\n<!-- \/ Yoast SEO plugin. -->","yoast_head_json":{"title":"Cilindro Remington 1858 Kolser convertito - R\u00e9plique Manga Cin\u00e9","description":"Ricreate la storica conversione del Remington 1858 con questa canna adattata alle cartucce metalliche Kolser. Zamac di alta qualit\u00e0.","robots":{"index":"index","follow":"follow","max-snippet":"max-snippet:-1","max-image-preview":"max-image-preview:large","max-video-preview":"max-video-preview:-1"},"canonical":"https:\/\/repliquemangacine.fr\/it\/pistola-kolser\/remington-1858-kolser-convertito-in-cilindro\/","og_locale":"it_IT","og_type":"article","og_title":"Barillet converti Remington 1858 Kolser - R\u00e9plique Manga Cin\u00e9","og_description":"Recr\u00e9er la conversion historique du Remington 1858 avec ce Barillet converti adapt\u00e9 pour les cartouches en m\u00e9tal Kolser. Zamac de haute qualit\u00e9.","og_url":"https:\/\/repliquemangacine.fr\/it\/pistola-kolser\/remington-1858-kolser-convertito-in-cilindro\/","og_site_name":"R\u00e9plique Manga Cin\u00e9","article_publisher":"https:\/\/www.facebook.com\/RepliqueMangaCine","article_modified_time":"2026-02-19T09:18:50+00:00","og_image":[{"width":800,"height":800,"url":"https:\/\/repliquemangacine.fr\/wp-content\/uploads\/2025\/06\/barillet-converti.jpg","type":"image\/jpeg"}],"twitter_card":"summary_large_image","twitter_misc":{"Tempo di lettura stimato":"3 minuti"},"schema":{"@context":"https:\/\/schema.org","@graph":[{"@type":"WebPage","@id":"https:\/\/repliquemangacine.fr\/arme-kolser\/barillet-converti-remington-1858-kolser\/","url":"https:\/\/repliquemangacine.fr\/arme-kolser\/barillet-converti-remington-1858-kolser\/","name":"Cilindro Remington 1858 Kolser convertito - R\u00e9plique Manga Cin\u00e9","isPartOf":{"@id":"https:\/\/repliquemangacine.fr\/#website"},"primaryImageOfPage":{"@id":"https:\/\/repliquemangacine.fr\/arme-kolser\/barillet-converti-remington-1858-kolser\/#primaryimage"},"image":{"@id":"https:\/\/repliquemangacine.fr\/arme-kolser\/barillet-converti-remington-1858-kolser\/#primaryimage"},"thumbnailUrl":"https:\/\/repliquemangacine.fr\/wp-content\/uploads\/2025\/06\/barillet-converti.jpg","datePublished":"2025-06-22T15:49:19+00:00","dateModified":"2026-02-19T09:18:50+00:00","description":"Ricreate la storica conversione del Remington 1858 con questa canna adattata alle cartucce metalliche Kolser. Zamac di alta qualit\u00e0.","breadcrumb":{"@id":"https:\/\/repliquemangacine.fr\/arme-kolser\/barillet-converti-remington-1858-kolser\/#breadcrumb"},"inLanguage":"it-IT","potentialAction":[{"@type":"ReadAction","target":["https:\/\/repliquemangacine.fr\/arme-kolser\/barillet-converti-remington-1858-kolser\/"]}]},{"@type":"ImageObject","inLanguage":"it-IT","@id":"https:\/\/repliquemangacine.fr\/arme-kolser\/barillet-converti-remington-1858-kolser\/#primaryimage","url":"https:\/\/repliquemangacine.fr\/wp-content\/uploads\/2025\/06\/barillet-converti.jpg","contentUrl":"https:\/\/repliquemangacine.fr\/wp-content\/uploads\/2025\/06\/barillet-converti.jpg","width":800,"height":800,"caption":"Barillet converti Remington 1858 Kolser"},{"@type":"BreadcrumbList","@id":"https:\/\/repliquemangacine.fr\/arme-kolser\/barillet-converti-remington-1858-kolser\/#breadcrumb","itemListElement":[{"@type":"ListItem","position":1,"name":"Accueil","item":"https:\/\/repliquemangacine.fr\/"},{"@type":"ListItem","position":2,"name":"Produits","item":"https:\/\/repliquemangacine.fr\/boutique\/"},{"@type":"ListItem","position":3,"name":"Barillet converti Remington 1858 Kolser"}]},{"@type":"WebSite","@id":"https:\/\/repliquemangacine.fr\/#website","url":"https:\/\/repliquemangacine.fr\/","name":"R\u00e9plique Manga Cin\u00e9","description":"","publisher":{"@id":"https:\/\/repliquemangacine.fr\/#organization"},"potentialAction":[{"@type":"SearchAction","target":{"@type":"EntryPoint","urlTemplate":"https:\/\/repliquemangacine.fr\/?s={search_term_string}"},"query-input":{"@type":"PropertyValueSpecification","valueRequired":true,"valueName":"search_term_string"}}],"inLanguage":"it-IT"},{"@type":"Organization","@id":"https:\/\/repliquemangacine.fr\/#organization","name":"R\u00e9plique Manga Cin\u00e9","url":"https:\/\/repliquemangacine.fr\/","logo":{"@type":"ImageObject","inLanguage":"it-IT","@id":"https:\/\/repliquemangacine.fr\/#\/schema\/logo\/image\/","url":"https:\/\/repliquemangacine.fr\/wp-content\/uploads\/2023\/10\/RMC-500250.png","contentUrl":"https:\/\/repliquemangacine.fr\/wp-content\/uploads\/2023\/10\/RMC-500250.png","width":500,"height":250,"caption":"R\u00e9plique Manga Cin\u00e9"},"image":{"@id":"https:\/\/repliquemangacine.fr\/#\/schema\/logo\/image\/"},"sameAs":["https:\/\/www.facebook.com\/RepliqueMangaCine","https:\/\/www.instagram.com\/repliquemangacine.fr\/"]}]}},"_links":{"self":[{"href":"https:\/\/repliquemangacine.fr\/it\/wp-json\/wp\/v2\/product\/85578","targetHints":{"allow":["GET"]}}],"collection":[{"href":"https:\/\/repliquemangacine.fr\/it\/wp-json\/wp\/v2\/product"}],"about":[{"href":"https:\/\/repliquemangacine.fr\/it\/wp-json\/wp\/v2\/types\/product"}],"wp:featuredmedia":[{"embeddable":true,"href":"https:\/\/repliquemangacine.fr\/it\/wp-json\/wp\/v2\/media\/85579"}],"wp:attachment":[{"href":"https:\/\/repliquemangacine.fr\/it\/wp-json\/wp\/v2\/media?parent=85578"}],"wp:term":[{"taxonomy":"product_brand","embeddable":true,"href":"https:\/\/repliquemangacine.fr\/it\/wp-json\/wp\/v2\/product_brand?post=85578"},{"taxonomy":"product_cat","embeddable":true,"href":"https:\/\/repliquemangacine.fr\/it\/wp-json\/wp\/v2\/product_cat?post=85578"},{"taxonomy":"product_tag","embeddable":true,"href":"https:\/\/repliquemangacine.fr\/it\/wp-json\/wp\/v2\/product_tag?post=85578"}],"curies":[{"name":"wp","href":"https:\/\/api.w.org\/{rel}","templated":true}]}}