





{"id":85576,"date":"2025-06-22T17:25:20","date_gmt":"2025-06-22T15:25:20","guid":{"rendered":"https:\/\/repliquemangacine.fr\/?post_type=product&#038;p=85576"},"modified":"2026-03-25T21:28:24","modified_gmt":"2026-03-25T20:28:24","slug":"remington-1858-kolser-canna-supplementare-a-percussione","status":"publish","type":"product","link":"https:\/\/repliquemangacine.fr\/it\/arme-kolser\/barillet-a-percussion-supplementaire-remington-1858-kolser\/","title":{"rendered":"Canna a percussione supplementare Remington 1858 Kolser"},"content":{"rendered":"<h2>Canna a percussione aggiuntiva - Autenticit\u00e0 senza compromessi<\/h2>\n<p>Per prima cosa, completate la vostra replica del Remington 1858 con questa canna di ricambio a percussione. <a href=\"https:\/\/kolser.com\/\" target=\"_blank\" rel=\"noopener noreferrer\">Kolser<\/a> originale. Progettato specificamente per il modello classico a percussione. Questo accessorio permette di simulare la funzione pi\u00f9 innovativa del revolver: il cambio rapido del tamburo in combattimento.<\/p>\n<p>Realizzato con gli stessi materiali e finiture della replica principale. Questo tamburo riproduce fedelmente il design utilizzato dall'esercito dell'Unione durante la Guerra Civile. Ideale per i collezionisti, i ricreatori storici del West e gli appassionati che desiderano un'esperienza pi\u00f9 autentica.<\/p>\n<p>Questo \u00e8 il modello di tamburo che corrisponde al revolver a percussione New Army 1858, lo stesso tipo di arma brandita da Jamie Foxx in Django Unchained (2012).<\/p>\n<h2>Canna esclusiva per il modello a percussione Remington 1858<\/h2>\n<p>Innanzitutto, questa canna a percussione trasforma il vostro Remington 1858 Kolser in una vera e propria macchina per rivivere la storia. Realizzata in acciaio trattato, ha esattamente la stessa capacit\u00e0 a sei camere. Il posizionamento dei camini e la forma conica all'interno.<\/p>\n<p>In secondo luogo, ogni camera \u00e8 dotata di un piccolo piolo progettato per ricevere direttamente l'innesco di un petardo, offrendo un'animazione fedele al sistema originale. Grazie a questa compatibilit\u00e0 e al suo fluido sistema di indicizzazione, \u00e8 possibile preparare in anticipo diversi barili, raddoppiando la capacit\u00e0 di sparo per le vostre rievocazioni o mostre.<\/p>\n<p>Infine, la superficie lucida riduce l'intasamento, rendendola facile da pulire. Questa canna a percussione \u00e8 l'accessorio perfetto per gli appassionati che cercano un'esperienza realistica. Niente polvere da sparo o proiettili, ma suono ed effetto meccanico garantiti.<\/p>\n<h2>Accessori essenziali per un Remington 1858 completo e pronto all'azione<\/h2>\n<p>Per vivere appieno l'esperienza del selvaggio West e valorizzare il vostro Remington 1858, alcuni accessori sono semplicemente indispensabili. A cominciare dalla fondina in pelle appositamente progettata per questo modello. Con la sua custodia integrata per le cartucce, non solo \u00e8 comoda da portare, ma conferisce anche un autentico look da cowboy. Ancora meglio: \u00e8 dotata di un doppio alloggiamento per le canne supplementari, in modo da poter passare in qualsiasi momento dalla versione a percussione a quella convertita.<\/p>\n<p>Inoltre, per accentuare il realismo sonoro e visivo, il sistema <a href=\"https:\/\/repliquemangacine.fr\/it\/pistola-kolser\/confezione-blister-208-primer-kolser\/\">inneschi per petardi<\/a> sono indispensabili. Si inseriscono direttamente sul perno della canna a percussione o nella fessura sul retro del modello convertito, aggiungendo un effetto di tiro sorprendente senza alcun pericolo.<\/p>\n<p>Infine, per completare l'illusione, il<a href=\"https:\/\/repliquemangacine.fr\/it\/pistola-kolser\/6-proiettili-finti-per-colt-45-kolser\/\"> proiettili finti per Colt<\/a> vengono inseriti nelle camere delle canne convertite. Aggiungono il tocco finale perfetto alle scene di rievocazione, alle mostre o ai servizi fotografici. Insieme, questi accessori trasformano il vostro revolver in un pezzo di storia vivente, pronto a stupire.<\/p>","protected":false},"excerpt":{"rendered":"<p>Completate la vostra replica del Remington 1858 con questa canna a percussione di ricambio Kolser.<\/p>\n<ul>\n<li>Progettato specificamente per il modello a percussione classico<\/li>\n<li>Zama di alta qualit\u00e0<\/li>\n<li><strong>IMPORTANTE<\/strong>Il meccanismo a percussione della Remington 1858 non \u00e8 <strong>NON<\/strong> uguale a quello della Remington 1858 Convertie<br \/>\nPer questo motivo i tamburi non possono essere scambiati tra questi due modelli.<br \/>\nSe acquistate un tamburo supplementare, assicuratevi che sia per il modello giusto. <strong>Non sono compatibili tra loro<\/strong>.<\/li>\n<\/ul>","protected":false},"featured_media":85571,"template":"","meta":[],"product_brand":[896],"product_cat":[51,100,90,27],"product_tag":[],"class_list":{"0":"post-85576","1":"product","2":"type-product","3":"status-publish","4":"has-post-thumbnail","6":"product_brand-replique-manga-cine","7":"product_cat-accessoires-western","8":"product_cat-arme-kolser","9":"product_cat-holster-accessoires-western","10":"product_cat-armes-et-accessoires-western","12":"first","13":"instock","14":"taxable","15":"shipping-taxable","16":"purchasable","17":"product-type-simple"},"yoast_head":"<!-- This site is optimized with the Yoast SEO plugin v27.4 - https:\/\/yoast.com\/product\/yoast-seo-wordpress\/ -->\n<title>Barillet \u00e0 percussion suppl\u00e9mentaire Remington 1858 Kolser - R\u00e9plique Manga Cin\u00e9<\/title>\n<meta name=\"description\" content=\"Compl\u00e9tez votre r\u00e9plique Remington 1858 avec ce Barillet \u00e0 percussion de remplacement Kolser. Accepte les amorces p\u00e9tards. Tout en zamac\" \/>\n<meta name=\"robots\" content=\"index, follow, max-snippet:-1, max-image-preview:large, max-video-preview:-1\" \/>\n<link rel=\"canonical\" href=\"https:\/\/repliquemangacine.fr\/it\/pistola-kolser\/remington-1858-kolser-canna-supplementare-a-percussione\/\" \/>\n<meta property=\"og:locale\" content=\"it_IT\" \/>\n<meta property=\"og:type\" content=\"article\" \/>\n<meta property=\"og:title\" content=\"Barillet \u00e0 percussion suppl\u00e9mentaire Remington 1858 Kolser - R\u00e9plique Manga Cin\u00e9\" \/>\n<meta property=\"og:description\" content=\"Compl\u00e9tez votre r\u00e9plique Remington 1858 avec ce Barillet \u00e0 percussion de remplacement Kolser. Accepte les amorces p\u00e9tards. Tout en zamac\" \/>\n<meta property=\"og:url\" content=\"https:\/\/repliquemangacine.fr\/it\/pistola-kolser\/remington-1858-kolser-canna-supplementare-a-percussione\/\" \/>\n<meta property=\"og:site_name\" content=\"R\u00e9plique Manga Cin\u00e9\" \/>\n<meta property=\"article:publisher\" content=\"https:\/\/www.facebook.com\/RepliqueMangaCine\" \/>\n<meta property=\"article:modified_time\" content=\"2026-03-25T20:28:24+00:00\" \/>\n<meta property=\"og:image\" content=\"https:\/\/repliquemangacine.fr\/wp-content\/uploads\/2025\/06\/barillet-a-percussion.jpg\" \/>\n\t<meta property=\"og:image:width\" content=\"800\" \/>\n\t<meta property=\"og:image:height\" content=\"800\" \/>\n\t<meta property=\"og:image:type\" content=\"image\/jpeg\" \/>\n<meta name=\"twitter:card\" content=\"summary_large_image\" \/>\n<meta name=\"twitter:label1\" content=\"Tempo di lettura stimato\" \/>\n\t<meta name=\"twitter:data1\" content=\"3 minuti\" \/>\n<script type=\"application\/ld+json\" class=\"yoast-schema-graph\">{\"@context\":\"https:\\\/\\\/schema.org\",\"@graph\":[{\"@type\":\"WebPage\",\"@id\":\"https:\\\/\\\/repliquemangacine.fr\\\/arme-kolser\\\/barillet-a-percussion-supplementaire-remington-1858-kolser\\\/\",\"url\":\"https:\\\/\\\/repliquemangacine.fr\\\/arme-kolser\\\/barillet-a-percussion-supplementaire-remington-1858-kolser\\\/\",\"name\":\"Barillet \u00e0 percussion suppl\u00e9mentaire Remington 1858 Kolser - R\u00e9plique Manga Cin\u00e9\",\"isPartOf\":{\"@id\":\"https:\\\/\\\/repliquemangacine.fr\\\/#website\"},\"primaryImageOfPage\":{\"@id\":\"https:\\\/\\\/repliquemangacine.fr\\\/arme-kolser\\\/barillet-a-percussion-supplementaire-remington-1858-kolser\\\/#primaryimage\"},\"image\":{\"@id\":\"https:\\\/\\\/repliquemangacine.fr\\\/arme-kolser\\\/barillet-a-percussion-supplementaire-remington-1858-kolser\\\/#primaryimage\"},\"thumbnailUrl\":\"https:\\\/\\\/repliquemangacine.fr\\\/wp-content\\\/uploads\\\/2025\\\/06\\\/barillet-a-percussion.jpg\",\"datePublished\":\"2025-06-22T15:25:20+00:00\",\"dateModified\":\"2026-03-25T20:28:24+00:00\",\"description\":\"Compl\u00e9tez votre r\u00e9plique Remington 1858 avec ce Barillet \u00e0 percussion de remplacement Kolser. Accepte les amorces p\u00e9tards. Tout en zamac\",\"breadcrumb\":{\"@id\":\"https:\\\/\\\/repliquemangacine.fr\\\/arme-kolser\\\/barillet-a-percussion-supplementaire-remington-1858-kolser\\\/#breadcrumb\"},\"inLanguage\":\"it-IT\",\"potentialAction\":[{\"@type\":\"ReadAction\",\"target\":[\"https:\\\/\\\/repliquemangacine.fr\\\/arme-kolser\\\/barillet-a-percussion-supplementaire-remington-1858-kolser\\\/\"]}]},{\"@type\":\"ImageObject\",\"inLanguage\":\"it-IT\",\"@id\":\"https:\\\/\\\/repliquemangacine.fr\\\/arme-kolser\\\/barillet-a-percussion-supplementaire-remington-1858-kolser\\\/#primaryimage\",\"url\":\"https:\\\/\\\/repliquemangacine.fr\\\/wp-content\\\/uploads\\\/2025\\\/06\\\/barillet-a-percussion.jpg\",\"contentUrl\":\"https:\\\/\\\/repliquemangacine.fr\\\/wp-content\\\/uploads\\\/2025\\\/06\\\/barillet-a-percussion.jpg\",\"width\":800,\"height\":800,\"caption\":\"Barillet \u00e0 percussion suppl\u00e9mentaire pour Remington 1858\"},{\"@type\":\"BreadcrumbList\",\"@id\":\"https:\\\/\\\/repliquemangacine.fr\\\/arme-kolser\\\/barillet-a-percussion-supplementaire-remington-1858-kolser\\\/#breadcrumb\",\"itemListElement\":[{\"@type\":\"ListItem\",\"position\":1,\"name\":\"Accueil\",\"item\":\"https:\\\/\\\/repliquemangacine.fr\\\/\"},{\"@type\":\"ListItem\",\"position\":2,\"name\":\"Produits\",\"item\":\"https:\\\/\\\/repliquemangacine.fr\\\/boutique\\\/\"},{\"@type\":\"ListItem\",\"position\":3,\"name\":\"Barillet \u00e0 percussion suppl\u00e9mentaire Remington 1858 Kolser\"}]},{\"@type\":\"WebSite\",\"@id\":\"https:\\\/\\\/repliquemangacine.fr\\\/#website\",\"url\":\"https:\\\/\\\/repliquemangacine.fr\\\/\",\"name\":\"R\u00e9plique Manga Cin\u00e9\",\"description\":\"\",\"publisher\":{\"@id\":\"https:\\\/\\\/repliquemangacine.fr\\\/#organization\"},\"potentialAction\":[{\"@type\":\"SearchAction\",\"target\":{\"@type\":\"EntryPoint\",\"urlTemplate\":\"https:\\\/\\\/repliquemangacine.fr\\\/?s={search_term_string}\"},\"query-input\":{\"@type\":\"PropertyValueSpecification\",\"valueRequired\":true,\"valueName\":\"search_term_string\"}}],\"inLanguage\":\"it-IT\"},{\"@type\":\"Organization\",\"@id\":\"https:\\\/\\\/repliquemangacine.fr\\\/#organization\",\"name\":\"R\u00e9plique Manga Cin\u00e9\",\"url\":\"https:\\\/\\\/repliquemangacine.fr\\\/\",\"logo\":{\"@type\":\"ImageObject\",\"inLanguage\":\"it-IT\",\"@id\":\"https:\\\/\\\/repliquemangacine.fr\\\/#\\\/schema\\\/logo\\\/image\\\/\",\"url\":\"https:\\\/\\\/repliquemangacine.fr\\\/wp-content\\\/uploads\\\/2023\\\/10\\\/RMC-500250.png\",\"contentUrl\":\"https:\\\/\\\/repliquemangacine.fr\\\/wp-content\\\/uploads\\\/2023\\\/10\\\/RMC-500250.png\",\"width\":500,\"height\":250,\"caption\":\"R\u00e9plique Manga Cin\u00e9\"},\"image\":{\"@id\":\"https:\\\/\\\/repliquemangacine.fr\\\/#\\\/schema\\\/logo\\\/image\\\/\"},\"sameAs\":[\"https:\\\/\\\/www.facebook.com\\\/RepliqueMangaCine\",\"https:\\\/\\\/www.instagram.com\\\/repliquemangacine.fr\\\/\"]}]}<\/script>\n<!-- \/ Yoast SEO plugin. -->","yoast_head_json":{"title":"Cilindro supplementare a percussione Remington 1858 Kolser - R\u00e9plique Manga Cin\u00e9","description":"Completate la vostra replica del Remington 1858 con questa canna a percussione di ricambio Kolser. Accetta inneschi per petardi. Tutta in zama","robots":{"index":"index","follow":"follow","max-snippet":"max-snippet:-1","max-image-preview":"max-image-preview:large","max-video-preview":"max-video-preview:-1"},"canonical":"https:\/\/repliquemangacine.fr\/it\/pistola-kolser\/remington-1858-kolser-canna-supplementare-a-percussione\/","og_locale":"it_IT","og_type":"article","og_title":"Barillet \u00e0 percussion suppl\u00e9mentaire Remington 1858 Kolser - R\u00e9plique Manga Cin\u00e9","og_description":"Compl\u00e9tez votre r\u00e9plique Remington 1858 avec ce Barillet \u00e0 percussion de remplacement Kolser. Accepte les amorces p\u00e9tards. Tout en zamac","og_url":"https:\/\/repliquemangacine.fr\/it\/pistola-kolser\/remington-1858-kolser-canna-supplementare-a-percussione\/","og_site_name":"R\u00e9plique Manga Cin\u00e9","article_publisher":"https:\/\/www.facebook.com\/RepliqueMangaCine","article_modified_time":"2026-03-25T20:28:24+00:00","og_image":[{"width":800,"height":800,"url":"https:\/\/repliquemangacine.fr\/wp-content\/uploads\/2025\/06\/barillet-a-percussion.jpg","type":"image\/jpeg"}],"twitter_card":"summary_large_image","twitter_misc":{"Tempo di lettura stimato":"3 minuti"},"schema":{"@context":"https:\/\/schema.org","@graph":[{"@type":"WebPage","@id":"https:\/\/repliquemangacine.fr\/arme-kolser\/barillet-a-percussion-supplementaire-remington-1858-kolser\/","url":"https:\/\/repliquemangacine.fr\/arme-kolser\/barillet-a-percussion-supplementaire-remington-1858-kolser\/","name":"Cilindro supplementare a percussione Remington 1858 Kolser - R\u00e9plique Manga Cin\u00e9","isPartOf":{"@id":"https:\/\/repliquemangacine.fr\/#website"},"primaryImageOfPage":{"@id":"https:\/\/repliquemangacine.fr\/arme-kolser\/barillet-a-percussion-supplementaire-remington-1858-kolser\/#primaryimage"},"image":{"@id":"https:\/\/repliquemangacine.fr\/arme-kolser\/barillet-a-percussion-supplementaire-remington-1858-kolser\/#primaryimage"},"thumbnailUrl":"https:\/\/repliquemangacine.fr\/wp-content\/uploads\/2025\/06\/barillet-a-percussion.jpg","datePublished":"2025-06-22T15:25:20+00:00","dateModified":"2026-03-25T20:28:24+00:00","description":"Completate la vostra replica del Remington 1858 con questa canna a percussione di ricambio Kolser. Accetta inneschi per petardi. Tutta in zama","breadcrumb":{"@id":"https:\/\/repliquemangacine.fr\/arme-kolser\/barillet-a-percussion-supplementaire-remington-1858-kolser\/#breadcrumb"},"inLanguage":"it-IT","potentialAction":[{"@type":"ReadAction","target":["https:\/\/repliquemangacine.fr\/arme-kolser\/barillet-a-percussion-supplementaire-remington-1858-kolser\/"]}]},{"@type":"ImageObject","inLanguage":"it-IT","@id":"https:\/\/repliquemangacine.fr\/arme-kolser\/barillet-a-percussion-supplementaire-remington-1858-kolser\/#primaryimage","url":"https:\/\/repliquemangacine.fr\/wp-content\/uploads\/2025\/06\/barillet-a-percussion.jpg","contentUrl":"https:\/\/repliquemangacine.fr\/wp-content\/uploads\/2025\/06\/barillet-a-percussion.jpg","width":800,"height":800,"caption":"Barillet \u00e0 percussion suppl\u00e9mentaire pour Remington 1858"},{"@type":"BreadcrumbList","@id":"https:\/\/repliquemangacine.fr\/arme-kolser\/barillet-a-percussion-supplementaire-remington-1858-kolser\/#breadcrumb","itemListElement":[{"@type":"ListItem","position":1,"name":"Accueil","item":"https:\/\/repliquemangacine.fr\/"},{"@type":"ListItem","position":2,"name":"Produits","item":"https:\/\/repliquemangacine.fr\/boutique\/"},{"@type":"ListItem","position":3,"name":"Barillet \u00e0 percussion suppl\u00e9mentaire Remington 1858 Kolser"}]},{"@type":"WebSite","@id":"https:\/\/repliquemangacine.fr\/#website","url":"https:\/\/repliquemangacine.fr\/","name":"R\u00e9plique Manga Cin\u00e9","description":"","publisher":{"@id":"https:\/\/repliquemangacine.fr\/#organization"},"potentialAction":[{"@type":"SearchAction","target":{"@type":"EntryPoint","urlTemplate":"https:\/\/repliquemangacine.fr\/?s={search_term_string}"},"query-input":{"@type":"PropertyValueSpecification","valueRequired":true,"valueName":"search_term_string"}}],"inLanguage":"it-IT"},{"@type":"Organization","@id":"https:\/\/repliquemangacine.fr\/#organization","name":"R\u00e9plique Manga Cin\u00e9","url":"https:\/\/repliquemangacine.fr\/","logo":{"@type":"ImageObject","inLanguage":"it-IT","@id":"https:\/\/repliquemangacine.fr\/#\/schema\/logo\/image\/","url":"https:\/\/repliquemangacine.fr\/wp-content\/uploads\/2023\/10\/RMC-500250.png","contentUrl":"https:\/\/repliquemangacine.fr\/wp-content\/uploads\/2023\/10\/RMC-500250.png","width":500,"height":250,"caption":"R\u00e9plique Manga Cin\u00e9"},"image":{"@id":"https:\/\/repliquemangacine.fr\/#\/schema\/logo\/image\/"},"sameAs":["https:\/\/www.facebook.com\/RepliqueMangaCine","https:\/\/www.instagram.com\/repliquemangacine.fr\/"]}]}},"_links":{"self":[{"href":"https:\/\/repliquemangacine.fr\/it\/wp-json\/wp\/v2\/product\/85576","targetHints":{"allow":["GET"]}}],"collection":[{"href":"https:\/\/repliquemangacine.fr\/it\/wp-json\/wp\/v2\/product"}],"about":[{"href":"https:\/\/repliquemangacine.fr\/it\/wp-json\/wp\/v2\/types\/product"}],"wp:featuredmedia":[{"embeddable":true,"href":"https:\/\/repliquemangacine.fr\/it\/wp-json\/wp\/v2\/media\/85571"}],"wp:attachment":[{"href":"https:\/\/repliquemangacine.fr\/it\/wp-json\/wp\/v2\/media?parent=85576"}],"wp:term":[{"taxonomy":"product_brand","embeddable":true,"href":"https:\/\/repliquemangacine.fr\/it\/wp-json\/wp\/v2\/product_brand?post=85576"},{"taxonomy":"product_cat","embeddable":true,"href":"https:\/\/repliquemangacine.fr\/it\/wp-json\/wp\/v2\/product_cat?post=85576"},{"taxonomy":"product_tag","embeddable":true,"href":"https:\/\/repliquemangacine.fr\/it\/wp-json\/wp\/v2\/product_tag?post=85576"}],"curies":[{"name":"wp","href":"https:\/\/api.w.org\/{rel}","templated":true}]}}