





{"id":85567,"date":"2025-06-22T15:39:58","date_gmt":"2025-06-22T13:39:58","guid":{"rendered":"https:\/\/repliquemangacine.fr\/?post_type=product&#038;p=85567"},"modified":"2026-02-27T10:34:29","modified_gmt":"2026-02-27T09:34:29","slug":"proiettili-finti-derringer-kolser","status":"publish","type":"product","link":"https:\/\/repliquemangacine.fr\/it\/arme-kolser\/balles-factices-derringer-kolser\/","title":{"rendered":"Palline Derringer Kolser"},"content":{"rendered":"<h2>Palline Derringer Kolser<\/h2>\n<p>Per cominciare, i proiettili finti Derringer Kolser o imitazioni di proiettili, oggetti che a volte imitano in modo molto realistico le munizioni vere. Le armi e i proiettili finti sono per lo pi\u00f9 giocattoli o repliche destinate ai collezionisti.<\/p>\n<p>Per completare la tua replica della pistola Derringer Kolser, scegli questi proiettili finti in metallo, appositamente progettati per una perfetta compatibilit\u00e0. Queste munizioni finte consentono infatti di aggiungere un innesco, offrendo cos\u00ec una detonazione realistica e sicura. Grazie a questa funzionalit\u00e0, potrai goderti un'esperienza coinvolgente. Ideale per gli appassionati di rievocazioni storiche, cosplay western o tiro a salve scenografico. Inoltre, la loro fabbricazione in metallo conferisce loro un aspetto autentico, accentuando ulteriormente il realismo della vostra replica. A differenza di altri modelli, questi proiettili sono compatibili esclusivamente con le pistole Kolser (non compatibili con Denix). Ci\u00f2 garantisce una regolazione e un funzionamento ottimali. Infine, con il loro eccellente rapporto qualit\u00e0\/prezzo, queste munizioni sono l'accessorio indispensabile per dare vita alle vostre scene western.<\/p>\n<p>Le pistole Derringer a doppia canna Kolser sono tutte realizzate a mano e di alta qualit\u00e0. I proiettili, realizzati in acciaio dorato e metallo grigio, sono leggermente incavati nella parte posteriore, con una piccola punta sporgente. Posizionate l'innesco pirotecnico su questa punta, inserite i proiettili nella camera e sparate: non appena il cane colpisce l'innesco, si sente un forte scoppio! A voi la scelta!<\/p>\n<p>In conclusione, i proiettili finti sono un accessorio indispensabile per rendere pi\u00f9 realistica la tua pistola Kolser. Ordina subito e migliora ogni tuo tiro con stile e precisione!<\/p>\n<h2>I vostri accessori western al miglior prezzo.<\/h2>\n<p>Offriamo un'ampia gamma di riproduzioni di armi fittizie Kolser.<\/p>\n<p>Innanzitutto,<\/p>\n<ul>\n<li>Il <a href=\"https:\/\/repliquemangacine.fr\/it\/armi-replica-occidentali\/pistola-derringer-kolser\/\">Pistole Derringer<\/a> doppia canna in diverse versioni.<\/li>\n<li>Cos\u00ec come il <a href=\"https:\/\/repliquemangacine.fr\/it\/pistola-kolser\/colt-45-lucidato-4-75-pollici-1873-caso-kolser\/\">Colt 45 lucidata<\/a> 4,75 pollici in una scatola con sei palline.<\/li>\n<li>C'\u00e8 anche il <a href=\"https:\/\/repliquemangacine.fr\/it\/pistola-kolser\/ottone-revolver-thunderer\/\">Revolver Thunderer<\/a> in ottone con il suo calcio in madreperla.<\/li>\n<li>E molti altri da scoprire nel nostro negozio online!<\/li>\n<\/ul>\n<p>Ecco perch\u00e9 questa \u00e8 un'ottima idea regalo per tutti gli amanti delle armi storiche.<\/p>\n<p>In conclusione, potete utilizzare queste pallottole finte Derringer Kolser per le vostre ricostruzioni e scenografie storiche. Ma prima di tutto, quest'arma \u00e8 un oggetto da collezione e da esposizione.<\/p>\n<p>R\u00e9plique Manga Cin\u00e9 \u00e8 un'azienda francese, distributore ufficiale dei marchi <a href=\"https:\/\/kolser.com\/\" target=\"_blank\" rel=\"noopener noreferrer\">Kolser<\/a> e Denix.<\/p>","protected":false},"excerpt":{"rendered":"<p>Confezione da 6 proiettili finti per Derringer, un'aggiunta essenziale per un maggiore realismo.<\/p>\n<ul>\n<li>In metallo dorato e grigio.<\/li>\n<li>Nessuna carica esplosiva.<\/li>\n<li>Riceve petardi con innesco.<\/li>\n<li>Si adattano a tutti i modelli Derringer Kolser.<\/li>\n<li>Sacchetto da 6 palline.<\/li>\n<li>Lunghezza della sfera: 2 cm<\/li>\n<\/ul>","protected":false},"featured_media":85568,"template":"","meta":[],"product_brand":[896],"product_cat":[51,100,34,90],"product_tag":[],"class_list":{"0":"post-85567","1":"product","2":"type-product","3":"status-publish","4":"has-post-thumbnail","6":"product_brand-replique-manga-cine","7":"product_cat-accessoires-western","8":"product_cat-arme-kolser","9":"product_cat-armes-westerns","10":"product_cat-holster-accessoires-western","12":"first","13":"outofstock","14":"taxable","15":"shipping-taxable","16":"purchasable","17":"product-type-simple"},"yoast_head":"<!-- This site is optimized with the Yoast SEO plugin v27.4 - https:\/\/yoast.com\/product\/yoast-seo-wordpress\/ -->\n<title>Balles Factices Derringer Kolser - R\u00e9plique Manga Cin\u00e9<\/title>\n<meta name=\"description\" content=\"Venez d\u00e9couvrir les nouvelles Balles Factices Derringer Kolser. En m\u00e9tal dor\u00e9 et embout gris pour une parfaite illusion. Accepte les amorces p\u00eatards. 2 cm\" \/>\n<meta name=\"robots\" content=\"index, follow, max-snippet:-1, max-image-preview:large, max-video-preview:-1\" \/>\n<link rel=\"canonical\" href=\"https:\/\/repliquemangacine.fr\/it\/pistola-kolser\/proiettili-finti-derringer-kolser\/\" \/>\n<meta property=\"og:locale\" content=\"it_IT\" \/>\n<meta property=\"og:type\" content=\"article\" \/>\n<meta property=\"og:title\" content=\"Balles Factices Derringer Kolser - R\u00e9plique Manga Cin\u00e9\" \/>\n<meta property=\"og:description\" content=\"Venez d\u00e9couvrir les nouvelles Balles Factices Derringer Kolser. En m\u00e9tal dor\u00e9 et embout gris pour une parfaite illusion. Accepte les amorces p\u00eatards. 2 cm\" \/>\n<meta property=\"og:url\" content=\"https:\/\/repliquemangacine.fr\/it\/pistola-kolser\/proiettili-finti-derringer-kolser\/\" \/>\n<meta property=\"og:site_name\" content=\"R\u00e9plique Manga Cin\u00e9\" \/>\n<meta property=\"article:publisher\" content=\"https:\/\/www.facebook.com\/RepliqueMangaCine\" \/>\n<meta property=\"article:modified_time\" content=\"2026-02-27T09:34:29+00:00\" \/>\n<meta property=\"og:image\" content=\"https:\/\/repliquemangacine.fr\/wp-content\/uploads\/2025\/06\/balle-pour-derringer.jpg\" \/>\n\t<meta property=\"og:image:width\" content=\"800\" \/>\n\t<meta property=\"og:image:height\" content=\"800\" \/>\n\t<meta property=\"og:image:type\" content=\"image\/jpeg\" \/>\n<meta name=\"twitter:card\" content=\"summary_large_image\" \/>\n<meta name=\"twitter:label1\" content=\"Tempo di lettura stimato\" \/>\n\t<meta name=\"twitter:data1\" content=\"3 minuti\" \/>\n<script type=\"application\/ld+json\" class=\"yoast-schema-graph\">{\"@context\":\"https:\\\/\\\/schema.org\",\"@graph\":[{\"@type\":\"WebPage\",\"@id\":\"https:\\\/\\\/repliquemangacine.fr\\\/arme-kolser\\\/balles-factices-derringer-kolser\\\/\",\"url\":\"https:\\\/\\\/repliquemangacine.fr\\\/arme-kolser\\\/balles-factices-derringer-kolser\\\/\",\"name\":\"Balles Factices Derringer Kolser - R\u00e9plique Manga Cin\u00e9\",\"isPartOf\":{\"@id\":\"https:\\\/\\\/repliquemangacine.fr\\\/#website\"},\"primaryImageOfPage\":{\"@id\":\"https:\\\/\\\/repliquemangacine.fr\\\/arme-kolser\\\/balles-factices-derringer-kolser\\\/#primaryimage\"},\"image\":{\"@id\":\"https:\\\/\\\/repliquemangacine.fr\\\/arme-kolser\\\/balles-factices-derringer-kolser\\\/#primaryimage\"},\"thumbnailUrl\":\"https:\\\/\\\/repliquemangacine.fr\\\/wp-content\\\/uploads\\\/2025\\\/06\\\/balle-pour-derringer.jpg\",\"datePublished\":\"2025-06-22T13:39:58+00:00\",\"dateModified\":\"2026-02-27T09:34:29+00:00\",\"description\":\"Venez d\u00e9couvrir les nouvelles Balles Factices Derringer Kolser. En m\u00e9tal dor\u00e9 et embout gris pour une parfaite illusion. Accepte les amorces p\u00eatards. 2 cm\",\"breadcrumb\":{\"@id\":\"https:\\\/\\\/repliquemangacine.fr\\\/arme-kolser\\\/balles-factices-derringer-kolser\\\/#breadcrumb\"},\"inLanguage\":\"it-IT\",\"potentialAction\":[{\"@type\":\"ReadAction\",\"target\":[\"https:\\\/\\\/repliquemangacine.fr\\\/arme-kolser\\\/balles-factices-derringer-kolser\\\/\"]}]},{\"@type\":\"ImageObject\",\"inLanguage\":\"it-IT\",\"@id\":\"https:\\\/\\\/repliquemangacine.fr\\\/arme-kolser\\\/balles-factices-derringer-kolser\\\/#primaryimage\",\"url\":\"https:\\\/\\\/repliquemangacine.fr\\\/wp-content\\\/uploads\\\/2025\\\/06\\\/balle-pour-derringer.jpg\",\"contentUrl\":\"https:\\\/\\\/repliquemangacine.fr\\\/wp-content\\\/uploads\\\/2025\\\/06\\\/balle-pour-derringer.jpg\",\"width\":800,\"height\":800,\"caption\":\"Balles Factices Derringer Kolser\"},{\"@type\":\"BreadcrumbList\",\"@id\":\"https:\\\/\\\/repliquemangacine.fr\\\/arme-kolser\\\/balles-factices-derringer-kolser\\\/#breadcrumb\",\"itemListElement\":[{\"@type\":\"ListItem\",\"position\":1,\"name\":\"Accueil\",\"item\":\"https:\\\/\\\/repliquemangacine.fr\\\/\"},{\"@type\":\"ListItem\",\"position\":2,\"name\":\"Produits\",\"item\":\"https:\\\/\\\/repliquemangacine.fr\\\/boutique\\\/\"},{\"@type\":\"ListItem\",\"position\":3,\"name\":\"Balles Factices Derringer Kolser\"}]},{\"@type\":\"WebSite\",\"@id\":\"https:\\\/\\\/repliquemangacine.fr\\\/#website\",\"url\":\"https:\\\/\\\/repliquemangacine.fr\\\/\",\"name\":\"R\u00e9plique Manga Cin\u00e9\",\"description\":\"\",\"publisher\":{\"@id\":\"https:\\\/\\\/repliquemangacine.fr\\\/#organization\"},\"potentialAction\":[{\"@type\":\"SearchAction\",\"target\":{\"@type\":\"EntryPoint\",\"urlTemplate\":\"https:\\\/\\\/repliquemangacine.fr\\\/?s={search_term_string}\"},\"query-input\":{\"@type\":\"PropertyValueSpecification\",\"valueRequired\":true,\"valueName\":\"search_term_string\"}}],\"inLanguage\":\"it-IT\"},{\"@type\":\"Organization\",\"@id\":\"https:\\\/\\\/repliquemangacine.fr\\\/#organization\",\"name\":\"R\u00e9plique Manga Cin\u00e9\",\"url\":\"https:\\\/\\\/repliquemangacine.fr\\\/\",\"logo\":{\"@type\":\"ImageObject\",\"inLanguage\":\"it-IT\",\"@id\":\"https:\\\/\\\/repliquemangacine.fr\\\/#\\\/schema\\\/logo\\\/image\\\/\",\"url\":\"https:\\\/\\\/repliquemangacine.fr\\\/wp-content\\\/uploads\\\/2023\\\/10\\\/RMC-500250.png\",\"contentUrl\":\"https:\\\/\\\/repliquemangacine.fr\\\/wp-content\\\/uploads\\\/2023\\\/10\\\/RMC-500250.png\",\"width\":500,\"height\":250,\"caption\":\"R\u00e9plique Manga Cin\u00e9\"},\"image\":{\"@id\":\"https:\\\/\\\/repliquemangacine.fr\\\/#\\\/schema\\\/logo\\\/image\\\/\"},\"sameAs\":[\"https:\\\/\\\/www.facebook.com\\\/RepliqueMangaCine\",\"https:\\\/\\\/www.instagram.com\\\/repliquemangacine.fr\\\/\"]}]}<\/script>\n<!-- \/ Yoast SEO plugin. -->","yoast_head_json":{"title":"Palline Derringer Kolser - R\u00e9plique Manga Cin\u00e9","description":"Scoprite le nuove palline Derringer Kolser Dummy. Realizzate in metallo placcato oro con punta grigia per un'illusione perfetta. Accetta esche. 2 cm","robots":{"index":"index","follow":"follow","max-snippet":"max-snippet:-1","max-image-preview":"max-image-preview:large","max-video-preview":"max-video-preview:-1"},"canonical":"https:\/\/repliquemangacine.fr\/it\/pistola-kolser\/proiettili-finti-derringer-kolser\/","og_locale":"it_IT","og_type":"article","og_title":"Balles Factices Derringer Kolser - R\u00e9plique Manga Cin\u00e9","og_description":"Venez d\u00e9couvrir les nouvelles Balles Factices Derringer Kolser. En m\u00e9tal dor\u00e9 et embout gris pour une parfaite illusion. Accepte les amorces p\u00eatards. 2 cm","og_url":"https:\/\/repliquemangacine.fr\/it\/pistola-kolser\/proiettili-finti-derringer-kolser\/","og_site_name":"R\u00e9plique Manga Cin\u00e9","article_publisher":"https:\/\/www.facebook.com\/RepliqueMangaCine","article_modified_time":"2026-02-27T09:34:29+00:00","og_image":[{"width":800,"height":800,"url":"https:\/\/repliquemangacine.fr\/wp-content\/uploads\/2025\/06\/balle-pour-derringer.jpg","type":"image\/jpeg"}],"twitter_card":"summary_large_image","twitter_misc":{"Tempo di lettura stimato":"3 minuti"},"schema":{"@context":"https:\/\/schema.org","@graph":[{"@type":"WebPage","@id":"https:\/\/repliquemangacine.fr\/arme-kolser\/balles-factices-derringer-kolser\/","url":"https:\/\/repliquemangacine.fr\/arme-kolser\/balles-factices-derringer-kolser\/","name":"Palline Derringer Kolser - R\u00e9plique Manga Cin\u00e9","isPartOf":{"@id":"https:\/\/repliquemangacine.fr\/#website"},"primaryImageOfPage":{"@id":"https:\/\/repliquemangacine.fr\/arme-kolser\/balles-factices-derringer-kolser\/#primaryimage"},"image":{"@id":"https:\/\/repliquemangacine.fr\/arme-kolser\/balles-factices-derringer-kolser\/#primaryimage"},"thumbnailUrl":"https:\/\/repliquemangacine.fr\/wp-content\/uploads\/2025\/06\/balle-pour-derringer.jpg","datePublished":"2025-06-22T13:39:58+00:00","dateModified":"2026-02-27T09:34:29+00:00","description":"Scoprite le nuove palline Derringer Kolser Dummy. Realizzate in metallo placcato oro con punta grigia per un'illusione perfetta. Accetta esche. 2 cm","breadcrumb":{"@id":"https:\/\/repliquemangacine.fr\/arme-kolser\/balles-factices-derringer-kolser\/#breadcrumb"},"inLanguage":"it-IT","potentialAction":[{"@type":"ReadAction","target":["https:\/\/repliquemangacine.fr\/arme-kolser\/balles-factices-derringer-kolser\/"]}]},{"@type":"ImageObject","inLanguage":"it-IT","@id":"https:\/\/repliquemangacine.fr\/arme-kolser\/balles-factices-derringer-kolser\/#primaryimage","url":"https:\/\/repliquemangacine.fr\/wp-content\/uploads\/2025\/06\/balle-pour-derringer.jpg","contentUrl":"https:\/\/repliquemangacine.fr\/wp-content\/uploads\/2025\/06\/balle-pour-derringer.jpg","width":800,"height":800,"caption":"Balles Factices Derringer Kolser"},{"@type":"BreadcrumbList","@id":"https:\/\/repliquemangacine.fr\/arme-kolser\/balles-factices-derringer-kolser\/#breadcrumb","itemListElement":[{"@type":"ListItem","position":1,"name":"Accueil","item":"https:\/\/repliquemangacine.fr\/"},{"@type":"ListItem","position":2,"name":"Produits","item":"https:\/\/repliquemangacine.fr\/boutique\/"},{"@type":"ListItem","position":3,"name":"Balles Factices Derringer Kolser"}]},{"@type":"WebSite","@id":"https:\/\/repliquemangacine.fr\/#website","url":"https:\/\/repliquemangacine.fr\/","name":"R\u00e9plique Manga Cin\u00e9","description":"","publisher":{"@id":"https:\/\/repliquemangacine.fr\/#organization"},"potentialAction":[{"@type":"SearchAction","target":{"@type":"EntryPoint","urlTemplate":"https:\/\/repliquemangacine.fr\/?s={search_term_string}"},"query-input":{"@type":"PropertyValueSpecification","valueRequired":true,"valueName":"search_term_string"}}],"inLanguage":"it-IT"},{"@type":"Organization","@id":"https:\/\/repliquemangacine.fr\/#organization","name":"R\u00e9plique Manga Cin\u00e9","url":"https:\/\/repliquemangacine.fr\/","logo":{"@type":"ImageObject","inLanguage":"it-IT","@id":"https:\/\/repliquemangacine.fr\/#\/schema\/logo\/image\/","url":"https:\/\/repliquemangacine.fr\/wp-content\/uploads\/2023\/10\/RMC-500250.png","contentUrl":"https:\/\/repliquemangacine.fr\/wp-content\/uploads\/2023\/10\/RMC-500250.png","width":500,"height":250,"caption":"R\u00e9plique Manga Cin\u00e9"},"image":{"@id":"https:\/\/repliquemangacine.fr\/#\/schema\/logo\/image\/"},"sameAs":["https:\/\/www.facebook.com\/RepliqueMangaCine","https:\/\/www.instagram.com\/repliquemangacine.fr\/"]}]}},"_links":{"self":[{"href":"https:\/\/repliquemangacine.fr\/it\/wp-json\/wp\/v2\/product\/85567","targetHints":{"allow":["GET"]}}],"collection":[{"href":"https:\/\/repliquemangacine.fr\/it\/wp-json\/wp\/v2\/product"}],"about":[{"href":"https:\/\/repliquemangacine.fr\/it\/wp-json\/wp\/v2\/types\/product"}],"wp:featuredmedia":[{"embeddable":true,"href":"https:\/\/repliquemangacine.fr\/it\/wp-json\/wp\/v2\/media\/85568"}],"wp:attachment":[{"href":"https:\/\/repliquemangacine.fr\/it\/wp-json\/wp\/v2\/media?parent=85567"}],"wp:term":[{"taxonomy":"product_brand","embeddable":true,"href":"https:\/\/repliquemangacine.fr\/it\/wp-json\/wp\/v2\/product_brand?post=85567"},{"taxonomy":"product_cat","embeddable":true,"href":"https:\/\/repliquemangacine.fr\/it\/wp-json\/wp\/v2\/product_cat?post=85567"},{"taxonomy":"product_tag","embeddable":true,"href":"https:\/\/repliquemangacine.fr\/it\/wp-json\/wp\/v2\/product_tag?post=85567"}],"curies":[{"name":"wp","href":"https:\/\/api.w.org\/{rel}","templated":true}]}}