





{"id":85389,"date":"2025-06-19T16:32:37","date_gmt":"2025-06-19T14:32:37","guid":{"rendered":"https:\/\/repliquemangacine.fr\/?post_type=product&#038;p=85389"},"modified":"2026-02-19T10:20:28","modified_gmt":"2026-02-19T09:20:28","slug":"anello-elden-in-metallo-dark-moon-greatsword","status":"publish","type":"product","link":"https:\/\/repliquemangacine.fr\/it\/elden-ring\/dark-moon-greatsword-metal-elden-ring\/","title":{"rendered":"Spada di Luna Oscura in metallo"},"content":{"rendered":"<h2>Replica mozzafiato dello spadone Dark Moon in metallo<\/h2>\n<p>Prima di tutto, ecco la replica 1:1 del leggendario <strong>Spada di Luna Oscura in metallo<\/strong> dal capolavoro <a href=\"https:\/\/eldenring.fandom.com\/fr\/wiki\/Wiki_Elden_Ring\" target=\"_blank\" rel=\"noopener noreferrer\">Anello di Elden<\/a>\u00c8 ultra fedele e spettacolare. La sua lama in acciaio inossidabile bluastro brilla intensamente, con incisioni floreali in rilievo che evocano la magia lunare del gioco. La guardia e l'impugnatura sono finemente scolpite in acciaio, per offrire una finitura di alta gamma ai collezionisti pi\u00f9 esigenti. Con una lama di 89,5 cm e una lunghezza totale di 122 cm, questa imponente spada emana un'aura unica e leggendaria. Fornita con un supporto da parete in legno ornato dal logo Elden Ring, \u00e8 il modo perfetto per metterla in mostra. Inoltre, il suo peso di 3565 g garantisce una presa realistica, ideale per mostre o cosplay. Aggiungete subito questo pezzo mitico alla vostra collezione e rimarrete colpiti dal primo momento in cui lo vedrete.<\/p>\n<h2>Un'arma mitica nel cuore dell'Anello di Elden<\/h2>\n<p>La Spada della Luna Oscura \u00e8 una delle armi pi\u00f9 emblematiche e ambite nel mondo oscuro e mistico dell'Elden Ring. Rappresenta l'eredit\u00e0 magica della strega Ranni e incarna il potere delle stelle e della luna eterna. \u00c8 quindi molto pi\u00f9 di una semplice spada: \u00e8 un simbolo di saggezza, magia e destino, riservato ai prescelti dall'intelligenza. Cosa la rende speciale? Sprigiona ondate di magia lunare, infliggendo spettacolari danni da gelo a distanza. Ispirata all'antica Moonlight Greatsword, collega l'Elden Ring alle leggende di altri giochi FromSoftware. \u00c8 maestosa e letale allo stesso tempo, e ogni dettaglio di questa replica \u00e8 un tributo fedele e vibrante ad essa. Possedere questa spada significa dimostrare la propria passione per un universo complesso, misterioso e incredibilmente ricco.<\/p>\n<h2>Altre spade Elden Ring disponibili su R\u00e9plique Manga Cin\u00e9<\/h2>\n<p>Su R\u00e9plique Manga Cin\u00e9, scoprire anche una versione <a href=\"https:\/\/repliquemangacine.fr\/it\/anello-di-elden\/spada-di-luna-oscura-spada-grande-anello-elden\/\">Spadone Luna Nera in vetroresina<\/a>\u00c8 leggero e perfetto per i cosplay. Volete la potenza pura? Scegliete il <a href=\"https:\/\/repliquemangacine.fr\/it\/anello-di-elden\/spada-ad-anello-elden-con-zanna-di-segugio\/\">Zanna di segugio<\/a>con la sua lama curva martellata color bronzo, cruda e bestiale. Preferite l'eleganza? Optate per il <a href=\"https:\/\/repliquemangacine.fr\/it\/anello-di-elden\/anello-rapiere-de-rogier-elden\/\">Pinza Rogier<\/a>con la sua lama scanalata e le magnifiche incisioni in oro. Senza dimenticare l'immancabile <a href=\"https:\/\/repliquemangacine.fr\/it\/anello-di-elden\/katana-moonveil-nellanello-elden\/\">Katana Moonveil<\/a>, in acciaio 440 bicolore, con una guardia in stile antico, ispirata ai samurai lunari. E non \u00e8 tutto: altre armi leggendarie di Elden Ring ti aspettano nella nostra collezione, una pi\u00f9 dettagliata dell'altra.<br \/>\nIn conclusione, R\u00e9plique Manga Cin\u00e9 \u00e8 il punto di riferimento per gli appassionati di fantasy e dark RPG alla ricerca di oggetti unici. Non aspettare oltre, visita il nostro negozio e immergiti nell'universo di Elden Ring come mai prima d'ora!<\/p>","protected":false},"excerpt":{"rendered":"<p>Splendida replica della Spada della Luna Oscura nel gioco Elden Ring<\/p>\n<p><strong>Replica in scala 1:1<\/strong><\/p>\n<ul>\n<li>Lama in acciaio inossidabile di alta qualit\u00e0, finitura azzurrata.<\/li>\n<li>Incisione floreale in rilievo sulla lama<\/li>\n<li>Elsa e impugnatura in acciaio intagliato.<\/li>\n<li>Fornito con staffa da parete in legno con logo Elden Ring<\/li>\n<li>Lunghezza lama: 89,5 cm - Lunghezza totale: 122 cm<\/li>\n<li>Peso: 3565 g<\/li>\n<\/ul>","protected":false},"featured_media":85390,"template":"","meta":[],"product_brand":[896],"product_cat":[876,23],"product_tag":[],"class_list":{"0":"post-85389","1":"product","2":"type-product","3":"status-publish","4":"has-post-thumbnail","6":"product_brand-replique-manga-cine","7":"product_cat-elden-ring","8":"product_cat-repliques-manga-jeux-video","10":"first","11":"instock","12":"taxable","13":"shipping-taxable","14":"purchasable","15":"product-type-simple"},"yoast_head":"<!-- This site is optimized with the Yoast SEO plugin v27.4 - https:\/\/yoast.com\/product\/yoast-seo-wordpress\/ -->\n<title>Dark Moon Greatsword M\u00e9tal - R\u00e9plique Manga Cin\u00e9<\/title>\n<meta name=\"description\" content=\"R\u00e9plique 1:1 de la Dark Moon Greatsword M\u00e9tal d\u2019Elden Ring. Lame bleut\u00e9e, gravures, support mural. Une pi\u00e8ce de collection \u00e9pique et d\u00e9taill\u00e9e.\" \/>\n<meta name=\"robots\" content=\"index, follow, max-snippet:-1, max-image-preview:large, max-video-preview:-1\" \/>\n<link rel=\"canonical\" href=\"https:\/\/repliquemangacine.fr\/it\/anello-di-elden\/anello-elden-in-metallo-dark-moon-greatsword\/\" \/>\n<meta property=\"og:locale\" content=\"it_IT\" \/>\n<meta property=\"og:type\" content=\"article\" \/>\n<meta property=\"og:title\" content=\"Dark Moon Greatsword M\u00e9tal - R\u00e9plique Manga Cin\u00e9\" \/>\n<meta property=\"og:description\" content=\"R\u00e9plique 1:1 de la Dark Moon Greatsword M\u00e9tal d\u2019Elden Ring. Lame bleut\u00e9e, gravures, support mural. Une pi\u00e8ce de collection \u00e9pique et d\u00e9taill\u00e9e.\" \/>\n<meta property=\"og:url\" content=\"https:\/\/repliquemangacine.fr\/it\/anello-di-elden\/anello-elden-in-metallo-dark-moon-greatsword\/\" \/>\n<meta property=\"og:site_name\" content=\"R\u00e9plique Manga Cin\u00e9\" \/>\n<meta property=\"article:publisher\" content=\"https:\/\/www.facebook.com\/RepliqueMangaCine\" \/>\n<meta property=\"article:modified_time\" content=\"2026-02-19T09:20:28+00:00\" \/>\n<meta property=\"og:image\" content=\"https:\/\/repliquemangacine.fr\/wp-content\/uploads\/2025\/06\/Dark-Moon-Greatsword-metal.jpg\" \/>\n\t<meta property=\"og:image:width\" content=\"700\" \/>\n\t<meta property=\"og:image:height\" content=\"700\" \/>\n\t<meta property=\"og:image:type\" content=\"image\/jpeg\" \/>\n<meta name=\"twitter:card\" content=\"summary_large_image\" \/>\n<meta name=\"twitter:label1\" content=\"Tempo di lettura stimato\" \/>\n\t<meta name=\"twitter:data1\" content=\"3 minuti\" \/>\n<script type=\"application\/ld+json\" class=\"yoast-schema-graph\">{\"@context\":\"https:\\\/\\\/schema.org\",\"@graph\":[{\"@type\":\"WebPage\",\"@id\":\"https:\\\/\\\/repliquemangacine.fr\\\/elden-ring\\\/dark-moon-greatsword-metal-elden-ring\\\/\",\"url\":\"https:\\\/\\\/repliquemangacine.fr\\\/elden-ring\\\/dark-moon-greatsword-metal-elden-ring\\\/\",\"name\":\"Dark Moon Greatsword M\u00e9tal - R\u00e9plique Manga Cin\u00e9\",\"isPartOf\":{\"@id\":\"https:\\\/\\\/repliquemangacine.fr\\\/#website\"},\"primaryImageOfPage\":{\"@id\":\"https:\\\/\\\/repliquemangacine.fr\\\/elden-ring\\\/dark-moon-greatsword-metal-elden-ring\\\/#primaryimage\"},\"image\":{\"@id\":\"https:\\\/\\\/repliquemangacine.fr\\\/elden-ring\\\/dark-moon-greatsword-metal-elden-ring\\\/#primaryimage\"},\"thumbnailUrl\":\"https:\\\/\\\/repliquemangacine.fr\\\/wp-content\\\/uploads\\\/2025\\\/06\\\/Dark-Moon-Greatsword-metal.jpg\",\"datePublished\":\"2025-06-19T14:32:37+00:00\",\"dateModified\":\"2026-02-19T09:20:28+00:00\",\"description\":\"R\u00e9plique 1:1 de la Dark Moon Greatsword M\u00e9tal d\u2019Elden Ring. Lame bleut\u00e9e, gravures, support mural. Une pi\u00e8ce de collection \u00e9pique et d\u00e9taill\u00e9e.\",\"breadcrumb\":{\"@id\":\"https:\\\/\\\/repliquemangacine.fr\\\/elden-ring\\\/dark-moon-greatsword-metal-elden-ring\\\/#breadcrumb\"},\"inLanguage\":\"it-IT\",\"potentialAction\":[{\"@type\":\"ReadAction\",\"target\":[\"https:\\\/\\\/repliquemangacine.fr\\\/elden-ring\\\/dark-moon-greatsword-metal-elden-ring\\\/\"]}]},{\"@type\":\"ImageObject\",\"inLanguage\":\"it-IT\",\"@id\":\"https:\\\/\\\/repliquemangacine.fr\\\/elden-ring\\\/dark-moon-greatsword-metal-elden-ring\\\/#primaryimage\",\"url\":\"https:\\\/\\\/repliquemangacine.fr\\\/wp-content\\\/uploads\\\/2025\\\/06\\\/Dark-Moon-Greatsword-metal.jpg\",\"contentUrl\":\"https:\\\/\\\/repliquemangacine.fr\\\/wp-content\\\/uploads\\\/2025\\\/06\\\/Dark-Moon-Greatsword-metal.jpg\",\"width\":700,\"height\":700,\"caption\":\"Dark Moon Greatsword M\u00e9tal\"},{\"@type\":\"BreadcrumbList\",\"@id\":\"https:\\\/\\\/repliquemangacine.fr\\\/elden-ring\\\/dark-moon-greatsword-metal-elden-ring\\\/#breadcrumb\",\"itemListElement\":[{\"@type\":\"ListItem\",\"position\":1,\"name\":\"Accueil\",\"item\":\"https:\\\/\\\/repliquemangacine.fr\\\/\"},{\"@type\":\"ListItem\",\"position\":2,\"name\":\"Produits\",\"item\":\"https:\\\/\\\/repliquemangacine.fr\\\/boutique\\\/\"},{\"@type\":\"ListItem\",\"position\":3,\"name\":\"Dark Moon Greatsword M\u00e9tal\"}]},{\"@type\":\"WebSite\",\"@id\":\"https:\\\/\\\/repliquemangacine.fr\\\/#website\",\"url\":\"https:\\\/\\\/repliquemangacine.fr\\\/\",\"name\":\"R\u00e9plique Manga Cin\u00e9\",\"description\":\"\",\"publisher\":{\"@id\":\"https:\\\/\\\/repliquemangacine.fr\\\/#organization\"},\"potentialAction\":[{\"@type\":\"SearchAction\",\"target\":{\"@type\":\"EntryPoint\",\"urlTemplate\":\"https:\\\/\\\/repliquemangacine.fr\\\/?s={search_term_string}\"},\"query-input\":{\"@type\":\"PropertyValueSpecification\",\"valueRequired\":true,\"valueName\":\"search_term_string\"}}],\"inLanguage\":\"it-IT\"},{\"@type\":\"Organization\",\"@id\":\"https:\\\/\\\/repliquemangacine.fr\\\/#organization\",\"name\":\"R\u00e9plique Manga Cin\u00e9\",\"url\":\"https:\\\/\\\/repliquemangacine.fr\\\/\",\"logo\":{\"@type\":\"ImageObject\",\"inLanguage\":\"it-IT\",\"@id\":\"https:\\\/\\\/repliquemangacine.fr\\\/#\\\/schema\\\/logo\\\/image\\\/\",\"url\":\"https:\\\/\\\/repliquemangacine.fr\\\/wp-content\\\/uploads\\\/2023\\\/10\\\/RMC-500250.png\",\"contentUrl\":\"https:\\\/\\\/repliquemangacine.fr\\\/wp-content\\\/uploads\\\/2023\\\/10\\\/RMC-500250.png\",\"width\":500,\"height\":250,\"caption\":\"R\u00e9plique Manga Cin\u00e9\"},\"image\":{\"@id\":\"https:\\\/\\\/repliquemangacine.fr\\\/#\\\/schema\\\/logo\\\/image\\\/\"},\"sameAs\":[\"https:\\\/\\\/www.facebook.com\\\/RepliqueMangaCine\",\"https:\\\/\\\/www.instagram.com\\\/repliquemangacine.fr\\\/\"]}]}<\/script>\n<!-- \/ Yoast SEO plugin. -->","yoast_head_json":{"title":"Spadone Luna Nera in metallo - R\u00e9plique Manga Cin\u00e9","description":"Replica 1:1 della Spada della Luna Oscura di Elden Ring in metallo. Lama azzurrata, incisioni, supporto da parete. Un oggetto da collezione epico e dettagliato.","robots":{"index":"index","follow":"follow","max-snippet":"max-snippet:-1","max-image-preview":"max-image-preview:large","max-video-preview":"max-video-preview:-1"},"canonical":"https:\/\/repliquemangacine.fr\/it\/anello-di-elden\/anello-elden-in-metallo-dark-moon-greatsword\/","og_locale":"it_IT","og_type":"article","og_title":"Dark Moon Greatsword M\u00e9tal - R\u00e9plique Manga Cin\u00e9","og_description":"R\u00e9plique 1:1 de la Dark Moon Greatsword M\u00e9tal d\u2019Elden Ring. Lame bleut\u00e9e, gravures, support mural. Une pi\u00e8ce de collection \u00e9pique et d\u00e9taill\u00e9e.","og_url":"https:\/\/repliquemangacine.fr\/it\/anello-di-elden\/anello-elden-in-metallo-dark-moon-greatsword\/","og_site_name":"R\u00e9plique Manga Cin\u00e9","article_publisher":"https:\/\/www.facebook.com\/RepliqueMangaCine","article_modified_time":"2026-02-19T09:20:28+00:00","og_image":[{"width":700,"height":700,"url":"https:\/\/repliquemangacine.fr\/wp-content\/uploads\/2025\/06\/Dark-Moon-Greatsword-metal.jpg","type":"image\/jpeg"}],"twitter_card":"summary_large_image","twitter_misc":{"Tempo di lettura stimato":"3 minuti"},"schema":{"@context":"https:\/\/schema.org","@graph":[{"@type":"WebPage","@id":"https:\/\/repliquemangacine.fr\/elden-ring\/dark-moon-greatsword-metal-elden-ring\/","url":"https:\/\/repliquemangacine.fr\/elden-ring\/dark-moon-greatsword-metal-elden-ring\/","name":"Spadone Luna Nera in metallo - R\u00e9plique Manga Cin\u00e9","isPartOf":{"@id":"https:\/\/repliquemangacine.fr\/#website"},"primaryImageOfPage":{"@id":"https:\/\/repliquemangacine.fr\/elden-ring\/dark-moon-greatsword-metal-elden-ring\/#primaryimage"},"image":{"@id":"https:\/\/repliquemangacine.fr\/elden-ring\/dark-moon-greatsword-metal-elden-ring\/#primaryimage"},"thumbnailUrl":"https:\/\/repliquemangacine.fr\/wp-content\/uploads\/2025\/06\/Dark-Moon-Greatsword-metal.jpg","datePublished":"2025-06-19T14:32:37+00:00","dateModified":"2026-02-19T09:20:28+00:00","description":"Replica 1:1 della Spada della Luna Oscura di Elden Ring in metallo. Lama azzurrata, incisioni, supporto da parete. Un oggetto da collezione epico e dettagliato.","breadcrumb":{"@id":"https:\/\/repliquemangacine.fr\/elden-ring\/dark-moon-greatsword-metal-elden-ring\/#breadcrumb"},"inLanguage":"it-IT","potentialAction":[{"@type":"ReadAction","target":["https:\/\/repliquemangacine.fr\/elden-ring\/dark-moon-greatsword-metal-elden-ring\/"]}]},{"@type":"ImageObject","inLanguage":"it-IT","@id":"https:\/\/repliquemangacine.fr\/elden-ring\/dark-moon-greatsword-metal-elden-ring\/#primaryimage","url":"https:\/\/repliquemangacine.fr\/wp-content\/uploads\/2025\/06\/Dark-Moon-Greatsword-metal.jpg","contentUrl":"https:\/\/repliquemangacine.fr\/wp-content\/uploads\/2025\/06\/Dark-Moon-Greatsword-metal.jpg","width":700,"height":700,"caption":"Dark Moon Greatsword M\u00e9tal"},{"@type":"BreadcrumbList","@id":"https:\/\/repliquemangacine.fr\/elden-ring\/dark-moon-greatsword-metal-elden-ring\/#breadcrumb","itemListElement":[{"@type":"ListItem","position":1,"name":"Accueil","item":"https:\/\/repliquemangacine.fr\/"},{"@type":"ListItem","position":2,"name":"Produits","item":"https:\/\/repliquemangacine.fr\/boutique\/"},{"@type":"ListItem","position":3,"name":"Dark Moon Greatsword M\u00e9tal"}]},{"@type":"WebSite","@id":"https:\/\/repliquemangacine.fr\/#website","url":"https:\/\/repliquemangacine.fr\/","name":"R\u00e9plique Manga Cin\u00e9","description":"","publisher":{"@id":"https:\/\/repliquemangacine.fr\/#organization"},"potentialAction":[{"@type":"SearchAction","target":{"@type":"EntryPoint","urlTemplate":"https:\/\/repliquemangacine.fr\/?s={search_term_string}"},"query-input":{"@type":"PropertyValueSpecification","valueRequired":true,"valueName":"search_term_string"}}],"inLanguage":"it-IT"},{"@type":"Organization","@id":"https:\/\/repliquemangacine.fr\/#organization","name":"R\u00e9plique Manga Cin\u00e9","url":"https:\/\/repliquemangacine.fr\/","logo":{"@type":"ImageObject","inLanguage":"it-IT","@id":"https:\/\/repliquemangacine.fr\/#\/schema\/logo\/image\/","url":"https:\/\/repliquemangacine.fr\/wp-content\/uploads\/2023\/10\/RMC-500250.png","contentUrl":"https:\/\/repliquemangacine.fr\/wp-content\/uploads\/2023\/10\/RMC-500250.png","width":500,"height":250,"caption":"R\u00e9plique Manga Cin\u00e9"},"image":{"@id":"https:\/\/repliquemangacine.fr\/#\/schema\/logo\/image\/"},"sameAs":["https:\/\/www.facebook.com\/RepliqueMangaCine","https:\/\/www.instagram.com\/repliquemangacine.fr\/"]}]}},"_links":{"self":[{"href":"https:\/\/repliquemangacine.fr\/it\/wp-json\/wp\/v2\/product\/85389","targetHints":{"allow":["GET"]}}],"collection":[{"href":"https:\/\/repliquemangacine.fr\/it\/wp-json\/wp\/v2\/product"}],"about":[{"href":"https:\/\/repliquemangacine.fr\/it\/wp-json\/wp\/v2\/types\/product"}],"wp:featuredmedia":[{"embeddable":true,"href":"https:\/\/repliquemangacine.fr\/it\/wp-json\/wp\/v2\/media\/85390"}],"wp:attachment":[{"href":"https:\/\/repliquemangacine.fr\/it\/wp-json\/wp\/v2\/media?parent=85389"}],"wp:term":[{"taxonomy":"product_brand","embeddable":true,"href":"https:\/\/repliquemangacine.fr\/it\/wp-json\/wp\/v2\/product_brand?post=85389"},{"taxonomy":"product_cat","embeddable":true,"href":"https:\/\/repliquemangacine.fr\/it\/wp-json\/wp\/v2\/product_cat?post=85389"},{"taxonomy":"product_tag","embeddable":true,"href":"https:\/\/repliquemangacine.fr\/it\/wp-json\/wp\/v2\/product_tag?post=85389"}],"curies":[{"name":"wp","href":"https:\/\/api.w.org\/{rel}","templated":true}]}}