





{"id":85360,"date":"2025-06-17T20:01:42","date_gmt":"2025-06-17T18:01:42","guid":{"rendered":"https:\/\/repliquemangacine.fr\/?post_type=product&#038;p=85360"},"modified":"2026-02-23T09:46:44","modified_gmt":"2026-02-23T08:46:44","slug":"remington-1858-convertito-kolser","status":"publish","type":"product","link":"https:\/\/repliquemangacine.fr\/it\/arme-kolser\/remington-1858-converti-kolser\/","title":{"rendered":"Remington 1858 convertito - Kolser"},"content":{"rendered":"<h2>Remington 1858 convertito in cartucce - Quando il selvaggio West diventa moderno<\/h2>\n<p>Prima di tutto, il <strong>Remington 1858 convertito<\/strong>, Si tratta di una risposta logica all'esigenza di una ricarica pi\u00f9 rapida ed efficiente.<\/p>\n<p>Alla fine degli anni Sessanta dell'Ottocento, il mondo delle armi da fuoco stava subendo una rivoluzione. Fanno la loro comparsa le cartucce metalliche. Esse offrivano un risparmio di tempo, un'affidabilit\u00e0 e una sicurezza senza pari. I revolver a percussione, come il Remington 1858, divennero obsoleti di fronte a questa innovazione. Per rimanere competitiva, Remington convert\u00ec i suoi modelli esistenti. In effetti, modificando la loro struttura per consentire lo sparo di cartucce in metallo. Questo Remington 1858 convertito incarna questo periodo cruciale nella storia delle armi da fuoco. Un'arma ibrida, tra il tradizionale tiro a polvere nera e la balistica moderna. Un pezzo affascinante, simbolo del passaggio al West meccanizzato.<\/p>\n<h2>Una trasformazione tecnica discreta ma decisiva<\/h2>\n<p>Esternamente, questa versione convertita conserva tutta l'eleganza e l'aspetto grezzo del modello a percussione. Ma a un esame pi\u00f9 attento, incorpora alcune modifiche fondamentali: una culatta chiusa, un portello di caricamento sul lato destro e un estrattore per l'espulsione dei bossoli. Queste modifiche consentono di caricare le cartucce metalliche direttamente dalla parte posteriore della canna, senza leva di caricamento o inneschi. Questo sistema rende l'arma pi\u00f9 veloce, pi\u00f9 pulita e pi\u00f9 facile da usare in pieno combattimento. Il cilindro pu\u00f2 essere modificato o sostituito a seconda della conversione, ma generalmente rimane a 6 colpi. <a href=\"https:\/\/kolser.com\/fr\/produit\/replica-remington-1858-converted\/\" target=\"_blank\" rel=\"noopener noreferrer\">Kolser<\/a> offre a collezionisti e appassionati la possibilit\u00e0 di possedere un pezzo di storia funzionale, ricreato con estrema attenzione ai dettagli e un profondo rispetto per l'autenticit\u00e0 del design originale.<\/p>\n<h2>Un pezzo storico e funzionale per tutti gli appassionati del West americano<\/h2>\n<p>Questo Remington 1858 convertito \u00e8 molto pi\u00f9 di un semplice revolver decorativo: \u00e8 il testimone di una svolta decisiva nella storia delle armi da fuoco. Con la sua silhouette iconica e il meccanismo a cartuccia, incarna il selvaggio West nella sua versione pi\u00f9 moderna. Quello dei cacciatori di taglie, dei pistoleri e dei tiratori scelti dell'ultimo quarto del XIX secolo. Ideale per gli appassionati di western, i cosplayer e gli amanti della meccanica di pregio. Questa replica aggiunger\u00e0 un tocco di originalit\u00e0 a qualsiasi collezione. In conclusione, un'arma mitica, pronta a rivivere sotto il bagliore di un duello al tramonto.<\/p>\n<p>Scoprite gli altri modelli Kolser:<\/p>\n<ul>\n<li>La <a href=\"https:\/\/repliquemangacine.fr\/it\/pistola-kolser\/gamba-di-stagno-55cm-ottone-kolser\/\">Gamba della cavalla<\/a> di Josh Randall<\/li>\n<li>Le <a href=\"https:\/\/repliquemangacine.fr\/it\/pistola-kolser\/vulcanico-1854\/\">Pistola vulcanica<\/a> 1854 e le sue incisioni<\/li>\n<li>Cos\u00ec come il <a href=\"https:\/\/repliquemangacine.fr\/it\/pistola-kolser\/ottone-revolver-thunderer\/\">Revolver Thunderer<\/a> con calcio in madreperla<\/li>\n<li>E molte altre da scoprire sul nostro sito web.<\/li>\n<\/ul>","protected":false},"excerpt":{"rendered":"<p>Splendida replica della Remington 1858 convertita da Kolser<\/p>\n<ul>\n<li>Struttura in metallo anticato (zamac ad alta resistenza)<\/li>\n<li>Piastre in vero legno.<\/li>\n<li>Canna ottagonale da 8 pollici<\/li>\n<li>Meccanismo funzionale con cottura simulata<\/li>\n<li>Canna intercambiabile, adatta alle cartucce Kolser.<\/li>\n<li>Compatibile con i primer<\/li>\n<li>Lunghezza totale: 35,5 cm - Peso: 1125 g<\/li>\n<\/ul>","protected":false},"featured_media":85366,"template":"","meta":[],"product_brand":[896],"product_cat":[100,34,77,28,64],"product_tag":[],"class_list":{"0":"post-85360","1":"product","2":"type-product","3":"status-publish","4":"has-post-thumbnail","6":"product_brand-replique-manga-cine","7":"product_cat-arme-kolser","8":"product_cat-armes-westerns","9":"product_cat-colt-revolver-western","10":"product_cat-repliques-darmes","11":"product_cat-western-repliques-armes","13":"first","14":"outofstock","15":"taxable","16":"shipping-taxable","17":"purchasable","18":"product-type-variable"},"yoast_head":"<!-- This site is optimized with the Yoast SEO plugin v27.4 - https:\/\/yoast.com\/product\/yoast-seo-wordpress\/ -->\n<title>Remington 1858 converti - Kolser - R\u00e9plique Manga Cin\u00e9<\/title>\n<meta name=\"description\" content=\"Remington 1858 converti \u00e0 cartouches, r\u00e9plique fid\u00e8le d\u2019une arme mythique modernis\u00e9e pour l\u2019Ouest sauvage des ann\u00e9es 1870. Fonctionnel, avec tir simul\u00e9.\" \/>\n<meta name=\"robots\" content=\"index, follow, max-snippet:-1, max-image-preview:large, max-video-preview:-1\" \/>\n<link rel=\"canonical\" href=\"https:\/\/repliquemangacine.fr\/it\/pistola-kolser\/remington-1858-convertito-kolser\/\" \/>\n<meta property=\"og:locale\" content=\"it_IT\" \/>\n<meta property=\"og:type\" content=\"article\" \/>\n<meta property=\"og:title\" content=\"Remington 1858 converti - Kolser - R\u00e9plique Manga Cin\u00e9\" \/>\n<meta property=\"og:description\" content=\"Remington 1858 converti \u00e0 cartouches, r\u00e9plique fid\u00e8le d\u2019une arme mythique modernis\u00e9e pour l\u2019Ouest sauvage des ann\u00e9es 1870. Fonctionnel, avec tir simul\u00e9.\" \/>\n<meta property=\"og:url\" content=\"https:\/\/repliquemangacine.fr\/it\/pistola-kolser\/remington-1858-convertito-kolser\/\" \/>\n<meta property=\"og:site_name\" content=\"R\u00e9plique Manga Cin\u00e9\" \/>\n<meta property=\"article:publisher\" content=\"https:\/\/www.facebook.com\/RepliqueMangaCine\" \/>\n<meta property=\"article:modified_time\" content=\"2026-02-23T08:46:44+00:00\" \/>\n<meta property=\"og:image\" content=\"https:\/\/repliquemangacine.fr\/wp-content\/uploads\/2025\/06\/Colt-Remington-laiton-chien8754wl.jpg\" \/>\n\t<meta property=\"og:image:width\" content=\"800\" \/>\n\t<meta property=\"og:image:height\" content=\"800\" \/>\n\t<meta property=\"og:image:type\" content=\"image\/jpeg\" \/>\n<meta name=\"twitter:card\" content=\"summary_large_image\" \/>\n<meta name=\"twitter:label1\" content=\"Tempo di lettura stimato\" \/>\n\t<meta name=\"twitter:data1\" content=\"3 minuti\" \/>\n<script type=\"application\/ld+json\" class=\"yoast-schema-graph\">{\"@context\":\"https:\\\/\\\/schema.org\",\"@graph\":[{\"@type\":\"WebPage\",\"@id\":\"https:\\\/\\\/repliquemangacine.fr\\\/arme-kolser\\\/remington-1858-converti-kolser\\\/\",\"url\":\"https:\\\/\\\/repliquemangacine.fr\\\/arme-kolser\\\/remington-1858-converti-kolser\\\/\",\"name\":\"Remington 1858 converti - Kolser - R\u00e9plique Manga Cin\u00e9\",\"isPartOf\":{\"@id\":\"https:\\\/\\\/repliquemangacine.fr\\\/#website\"},\"primaryImageOfPage\":{\"@id\":\"https:\\\/\\\/repliquemangacine.fr\\\/arme-kolser\\\/remington-1858-converti-kolser\\\/#primaryimage\"},\"image\":{\"@id\":\"https:\\\/\\\/repliquemangacine.fr\\\/arme-kolser\\\/remington-1858-converti-kolser\\\/#primaryimage\"},\"thumbnailUrl\":\"https:\\\/\\\/repliquemangacine.fr\\\/wp-content\\\/uploads\\\/2025\\\/06\\\/Colt-Remington-laiton-chien8754wl.jpg\",\"datePublished\":\"2025-06-17T18:01:42+00:00\",\"dateModified\":\"2026-02-23T08:46:44+00:00\",\"description\":\"Remington 1858 converti \u00e0 cartouches, r\u00e9plique fid\u00e8le d\u2019une arme mythique modernis\u00e9e pour l\u2019Ouest sauvage des ann\u00e9es 1870. Fonctionnel, avec tir simul\u00e9.\",\"breadcrumb\":{\"@id\":\"https:\\\/\\\/repliquemangacine.fr\\\/arme-kolser\\\/remington-1858-converti-kolser\\\/#breadcrumb\"},\"inLanguage\":\"it-IT\",\"potentialAction\":[{\"@type\":\"ReadAction\",\"target\":[\"https:\\\/\\\/repliquemangacine.fr\\\/arme-kolser\\\/remington-1858-converti-kolser\\\/\"]}]},{\"@type\":\"ImageObject\",\"inLanguage\":\"it-IT\",\"@id\":\"https:\\\/\\\/repliquemangacine.fr\\\/arme-kolser\\\/remington-1858-converti-kolser\\\/#primaryimage\",\"url\":\"https:\\\/\\\/repliquemangacine.fr\\\/wp-content\\\/uploads\\\/2025\\\/06\\\/Colt-Remington-laiton-chien8754wl.jpg\",\"contentUrl\":\"https:\\\/\\\/repliquemangacine.fr\\\/wp-content\\\/uploads\\\/2025\\\/06\\\/Colt-Remington-laiton-chien8754wl.jpg\",\"width\":800,\"height\":800},{\"@type\":\"BreadcrumbList\",\"@id\":\"https:\\\/\\\/repliquemangacine.fr\\\/arme-kolser\\\/remington-1858-converti-kolser\\\/#breadcrumb\",\"itemListElement\":[{\"@type\":\"ListItem\",\"position\":1,\"name\":\"Accueil\",\"item\":\"https:\\\/\\\/repliquemangacine.fr\\\/\"},{\"@type\":\"ListItem\",\"position\":2,\"name\":\"Produits\",\"item\":\"https:\\\/\\\/repliquemangacine.fr\\\/boutique\\\/\"},{\"@type\":\"ListItem\",\"position\":3,\"name\":\"Remington 1858 converti &#8211; Kolser\"}]},{\"@type\":\"WebSite\",\"@id\":\"https:\\\/\\\/repliquemangacine.fr\\\/#website\",\"url\":\"https:\\\/\\\/repliquemangacine.fr\\\/\",\"name\":\"R\u00e9plique Manga Cin\u00e9\",\"description\":\"\",\"publisher\":{\"@id\":\"https:\\\/\\\/repliquemangacine.fr\\\/#organization\"},\"potentialAction\":[{\"@type\":\"SearchAction\",\"target\":{\"@type\":\"EntryPoint\",\"urlTemplate\":\"https:\\\/\\\/repliquemangacine.fr\\\/?s={search_term_string}\"},\"query-input\":{\"@type\":\"PropertyValueSpecification\",\"valueRequired\":true,\"valueName\":\"search_term_string\"}}],\"inLanguage\":\"it-IT\"},{\"@type\":\"Organization\",\"@id\":\"https:\\\/\\\/repliquemangacine.fr\\\/#organization\",\"name\":\"R\u00e9plique Manga Cin\u00e9\",\"url\":\"https:\\\/\\\/repliquemangacine.fr\\\/\",\"logo\":{\"@type\":\"ImageObject\",\"inLanguage\":\"it-IT\",\"@id\":\"https:\\\/\\\/repliquemangacine.fr\\\/#\\\/schema\\\/logo\\\/image\\\/\",\"url\":\"https:\\\/\\\/repliquemangacine.fr\\\/wp-content\\\/uploads\\\/2023\\\/10\\\/RMC-500250.png\",\"contentUrl\":\"https:\\\/\\\/repliquemangacine.fr\\\/wp-content\\\/uploads\\\/2023\\\/10\\\/RMC-500250.png\",\"width\":500,\"height\":250,\"caption\":\"R\u00e9plique Manga Cin\u00e9\"},\"image\":{\"@id\":\"https:\\\/\\\/repliquemangacine.fr\\\/#\\\/schema\\\/logo\\\/image\\\/\"},\"sameAs\":[\"https:\\\/\\\/www.facebook.com\\\/RepliqueMangaCine\",\"https:\\\/\\\/www.instagram.com\\\/repliquemangacine.fr\\\/\"]}]}<\/script>\n<!-- \/ Yoast SEO plugin. -->","yoast_head_json":{"title":"Remington 1858 convertito - Kolser - R\u00e9plique Manga Cin\u00e9","description":"Remington 1858 convertito in cartucce, replica fedele di un'arma mitica modernizzata per il selvaggio West del 1870. Funzionale, con simulazione di sparo.","robots":{"index":"index","follow":"follow","max-snippet":"max-snippet:-1","max-image-preview":"max-image-preview:large","max-video-preview":"max-video-preview:-1"},"canonical":"https:\/\/repliquemangacine.fr\/it\/pistola-kolser\/remington-1858-convertito-kolser\/","og_locale":"it_IT","og_type":"article","og_title":"Remington 1858 converti - Kolser - R\u00e9plique Manga Cin\u00e9","og_description":"Remington 1858 converti \u00e0 cartouches, r\u00e9plique fid\u00e8le d\u2019une arme mythique modernis\u00e9e pour l\u2019Ouest sauvage des ann\u00e9es 1870. Fonctionnel, avec tir simul\u00e9.","og_url":"https:\/\/repliquemangacine.fr\/it\/pistola-kolser\/remington-1858-convertito-kolser\/","og_site_name":"R\u00e9plique Manga Cin\u00e9","article_publisher":"https:\/\/www.facebook.com\/RepliqueMangaCine","article_modified_time":"2026-02-23T08:46:44+00:00","og_image":[{"width":800,"height":800,"url":"https:\/\/repliquemangacine.fr\/wp-content\/uploads\/2025\/06\/Colt-Remington-laiton-chien8754wl.jpg","type":"image\/jpeg"}],"twitter_card":"summary_large_image","twitter_misc":{"Tempo di lettura stimato":"3 minuti"},"schema":{"@context":"https:\/\/schema.org","@graph":[{"@type":"WebPage","@id":"https:\/\/repliquemangacine.fr\/arme-kolser\/remington-1858-converti-kolser\/","url":"https:\/\/repliquemangacine.fr\/arme-kolser\/remington-1858-converti-kolser\/","name":"Remington 1858 convertito - Kolser - R\u00e9plique Manga Cin\u00e9","isPartOf":{"@id":"https:\/\/repliquemangacine.fr\/#website"},"primaryImageOfPage":{"@id":"https:\/\/repliquemangacine.fr\/arme-kolser\/remington-1858-converti-kolser\/#primaryimage"},"image":{"@id":"https:\/\/repliquemangacine.fr\/arme-kolser\/remington-1858-converti-kolser\/#primaryimage"},"thumbnailUrl":"https:\/\/repliquemangacine.fr\/wp-content\/uploads\/2025\/06\/Colt-Remington-laiton-chien8754wl.jpg","datePublished":"2025-06-17T18:01:42+00:00","dateModified":"2026-02-23T08:46:44+00:00","description":"Remington 1858 convertito in cartucce, replica fedele di un'arma mitica modernizzata per il selvaggio West del 1870. Funzionale, con simulazione di sparo.","breadcrumb":{"@id":"https:\/\/repliquemangacine.fr\/arme-kolser\/remington-1858-converti-kolser\/#breadcrumb"},"inLanguage":"it-IT","potentialAction":[{"@type":"ReadAction","target":["https:\/\/repliquemangacine.fr\/arme-kolser\/remington-1858-converti-kolser\/"]}]},{"@type":"ImageObject","inLanguage":"it-IT","@id":"https:\/\/repliquemangacine.fr\/arme-kolser\/remington-1858-converti-kolser\/#primaryimage","url":"https:\/\/repliquemangacine.fr\/wp-content\/uploads\/2025\/06\/Colt-Remington-laiton-chien8754wl.jpg","contentUrl":"https:\/\/repliquemangacine.fr\/wp-content\/uploads\/2025\/06\/Colt-Remington-laiton-chien8754wl.jpg","width":800,"height":800},{"@type":"BreadcrumbList","@id":"https:\/\/repliquemangacine.fr\/arme-kolser\/remington-1858-converti-kolser\/#breadcrumb","itemListElement":[{"@type":"ListItem","position":1,"name":"Accueil","item":"https:\/\/repliquemangacine.fr\/"},{"@type":"ListItem","position":2,"name":"Produits","item":"https:\/\/repliquemangacine.fr\/boutique\/"},{"@type":"ListItem","position":3,"name":"Remington 1858 converti &#8211; Kolser"}]},{"@type":"WebSite","@id":"https:\/\/repliquemangacine.fr\/#website","url":"https:\/\/repliquemangacine.fr\/","name":"R\u00e9plique Manga Cin\u00e9","description":"","publisher":{"@id":"https:\/\/repliquemangacine.fr\/#organization"},"potentialAction":[{"@type":"SearchAction","target":{"@type":"EntryPoint","urlTemplate":"https:\/\/repliquemangacine.fr\/?s={search_term_string}"},"query-input":{"@type":"PropertyValueSpecification","valueRequired":true,"valueName":"search_term_string"}}],"inLanguage":"it-IT"},{"@type":"Organization","@id":"https:\/\/repliquemangacine.fr\/#organization","name":"R\u00e9plique Manga Cin\u00e9","url":"https:\/\/repliquemangacine.fr\/","logo":{"@type":"ImageObject","inLanguage":"it-IT","@id":"https:\/\/repliquemangacine.fr\/#\/schema\/logo\/image\/","url":"https:\/\/repliquemangacine.fr\/wp-content\/uploads\/2023\/10\/RMC-500250.png","contentUrl":"https:\/\/repliquemangacine.fr\/wp-content\/uploads\/2023\/10\/RMC-500250.png","width":500,"height":250,"caption":"R\u00e9plique Manga Cin\u00e9"},"image":{"@id":"https:\/\/repliquemangacine.fr\/#\/schema\/logo\/image\/"},"sameAs":["https:\/\/www.facebook.com\/RepliqueMangaCine","https:\/\/www.instagram.com\/repliquemangacine.fr\/"]}]}},"_links":{"self":[{"href":"https:\/\/repliquemangacine.fr\/it\/wp-json\/wp\/v2\/product\/85360","targetHints":{"allow":["GET"]}}],"collection":[{"href":"https:\/\/repliquemangacine.fr\/it\/wp-json\/wp\/v2\/product"}],"about":[{"href":"https:\/\/repliquemangacine.fr\/it\/wp-json\/wp\/v2\/types\/product"}],"wp:featuredmedia":[{"embeddable":true,"href":"https:\/\/repliquemangacine.fr\/it\/wp-json\/wp\/v2\/media\/85366"}],"wp:attachment":[{"href":"https:\/\/repliquemangacine.fr\/it\/wp-json\/wp\/v2\/media?parent=85360"}],"wp:term":[{"taxonomy":"product_brand","embeddable":true,"href":"https:\/\/repliquemangacine.fr\/it\/wp-json\/wp\/v2\/product_brand?post=85360"},{"taxonomy":"product_cat","embeddable":true,"href":"https:\/\/repliquemangacine.fr\/it\/wp-json\/wp\/v2\/product_cat?post=85360"},{"taxonomy":"product_tag","embeddable":true,"href":"https:\/\/repliquemangacine.fr\/it\/wp-json\/wp\/v2\/product_tag?post=85360"}],"curies":[{"name":"wp","href":"https:\/\/api.w.org\/{rel}","templated":true}]}}