





{"id":85345,"date":"2025-06-17T17:59:30","date_gmt":"2025-06-17T15:59:30","guid":{"rendered":"https:\/\/repliquemangacine.fr\/?post_type=product&#038;p=85345"},"modified":"2026-04-11T14:30:06","modified_gmt":"2026-04-11T12:30:06","slug":"remington-1858-percussione-kolser","status":"publish","type":"product","link":"https:\/\/repliquemangacine.fr\/it\/arme-kolser\/remington-1858-a-percussion-kolser\/","title":{"rendered":"Remington 1858 a percussione - Kolser"},"content":{"rendered":"<h2>Remington 1858 Kolser Percussion - L'autenticit\u00e0 del selvaggio West in una straordinaria replica<\/h2>\n<p>Prima di tutto, riscoprire uno dei revolver pi\u00f9 emblematici del mondo. <strong>Remington 1858 a percussione<\/strong> proposto dal marchio <a href=\"https:\/\/kolser.com\/fr\/\" target=\"_blank\" rel=\"noopener noreferrer\">Kolser<\/a>. Questo modello fu l'arma preferita da molti soldati dell'Unione durante la guerra civile americana. Il suo telaio chiuso la rese rapidamente un revolver standard a polvere nera. Solida e affidabile, molto pi\u00f9 robusta delle Colt di oggi. Questa fedele riproduzione ricrea con precisione ogni dettaglio. Cilindro a sei colpi, leva di ricarica sotto la canna, cane articolato e finitura in metallo invecchiato. Un pezzo storico che profuma di polvere, polvere da sparo e dell'epopea selvaggia del West americano.<\/p>\n<h2>Una finitura meticolosa e un meccanismo realistico da Kolser<\/h2>\n<p>Kolser ha prodotto un pezzo di alta qualit\u00e0 che unisce il realismo visivo alla robustezza meccanica. Questo Remington 1858 si distingue per il peso autentico e l'impugnatura in finto legno perfettamente modellata. Inoltre, \u00e8 dotato di un sistema di inerzia meccanica: il cane si muove e la canna ruota. Grazie al sistema Kolser, la replica pu\u00f2 essere armata con petardi per riprodurre fedelmente l'azione originale. Ci\u00f2 la rende una scelta eccellente per i collezionisti pi\u00f9 esigenti. Gli appassionati di rievocazione storica, gli amanti del western o semplicemente per arricchire una decorazione di ispirazione ottocentesca. In conclusione, ogni dettaglio \u00e8 stato pensato per ricreare l'anima dell'epoca con un'estetica di grande impatto e una sensazione convincente.<\/p>\n<p>Scoprite altre repliche di Kolser come il <a href=\"https:\/\/repliquemangacine.fr\/it\/revolver-colt-western\/colt-navy-1851-grigio\/\">Colt Navy 1851<\/a>e il <a href=\"https:\/\/repliquemangacine.fr\/it\/pistola-kolser\/colt-thunderer-calcio-in-madreperla\/\">Colt Thunderer<\/a> e i suoi vari bastoni, c'\u00e8 anche il <a href=\"https:\/\/repliquemangacine.fr\/it\/armi-replica-occidentali\/pistola-derringer-kolser\/\">Pistola Derringer<\/a>. E molto, molto di pi\u00f9...<\/p>\n<h2>Un capolavoro per gli amanti della storia e degli oggetti di carattere<\/h2>\n<p>In una vetrina, su una cintura di pelle o nelle mani di un appassionato di western, questa replica della Remington 1858 \u00e8 un vero e proprio richiamo visivo. \u00c8 pi\u00f9 di un semplice oggetto decorativo: \u00e8 un simbolo del selvaggio West, un pezzo di storia che si sente quasi ruggire. \u00c8 quindi ideale per creare un'atmosfera da cowboy, ricreare scene di film o completare l'abbigliamento di uno sceriffo, di un fuorilegge o di un cacciatore di taglie. Evoca l'epoca d'oro dei duelli polverosi, dei saloon fumosi e delle cavalcate sotto il sole cocente. In conclusione, regalatevi un pezzo di leggenda, con una replica tanto bella da esporre quanto da maneggiare.<\/p>","protected":false},"excerpt":{"rendered":"<p>Superba replica della pistola a percussione Remington 1858 Kolser<\/p>\n<ul>\n<li>Struttura in metallo anticato (zamac ad alta resistenza)<\/li>\n<li>Piastre in vero legno.<\/li>\n<li>Canna ottagonale da 8 pollici<\/li>\n<li>Meccanismo funzionale con cottura simulata<\/li>\n<li>Canna intercambiabile.<\/li>\n<li>Compatibile con i primer<\/li>\n<li>Lunghezza totale: 35,5 cm - Peso: 1125 g<\/li>\n<\/ul>\n<p>&nbsp;<\/p>","protected":false},"featured_media":85356,"template":"","meta":[],"product_brand":[896],"product_cat":[100,34,77,27,64],"product_tag":[],"class_list":{"0":"post-85345","1":"product","2":"type-product","3":"status-publish","4":"has-post-thumbnail","6":"product_brand-replique-manga-cine","7":"product_cat-arme-kolser","8":"product_cat-armes-westerns","9":"product_cat-colt-revolver-western","10":"product_cat-armes-et-accessoires-western","11":"product_cat-western-repliques-armes","13":"first","14":"outofstock","15":"taxable","16":"shipping-taxable","17":"purchasable","18":"product-type-variable"},"yoast_head":"<!-- This site is optimized with the Yoast SEO plugin v27.4 - https:\/\/yoast.com\/product\/yoast-seo-wordpress\/ -->\n<title>Remington 1858 \u00e0 percussion - Kolser - R\u00e9plique Manga Cin\u00e9<\/title>\n<meta name=\"description\" content=\"Nouveaut\u00e9 : Remington 1858 \u00e0 percussion de Kolser. R\u00e9plique ultra-r\u00e9aliste d\u2019arme de poing western avec m\u00e9canisme fonctionnel. Balles factices \u00e0 amorces\" \/>\n<meta name=\"robots\" content=\"index, follow, max-snippet:-1, max-image-preview:large, max-video-preview:-1\" \/>\n<link rel=\"canonical\" href=\"https:\/\/repliquemangacine.fr\/it\/pistola-kolser\/remington-1858-percussione-kolser\/\" \/>\n<meta property=\"og:locale\" content=\"it_IT\" \/>\n<meta property=\"og:type\" content=\"article\" \/>\n<meta property=\"og:title\" content=\"Remington 1858 \u00e0 percussion - Kolser - R\u00e9plique Manga Cin\u00e9\" \/>\n<meta property=\"og:description\" content=\"Nouveaut\u00e9 : Remington 1858 \u00e0 percussion de Kolser. R\u00e9plique ultra-r\u00e9aliste d\u2019arme de poing western avec m\u00e9canisme fonctionnel. Balles factices \u00e0 amorces\" \/>\n<meta property=\"og:url\" content=\"https:\/\/repliquemangacine.fr\/it\/pistola-kolser\/remington-1858-percussione-kolser\/\" \/>\n<meta property=\"og:site_name\" content=\"R\u00e9plique Manga Cin\u00e9\" \/>\n<meta property=\"article:publisher\" content=\"https:\/\/www.facebook.com\/RepliqueMangaCine\" \/>\n<meta property=\"article:modified_time\" content=\"2026-04-11T12:30:06+00:00\" \/>\n<meta property=\"og:image\" content=\"https:\/\/repliquemangacine.fr\/wp-content\/uploads\/2025\/06\/Remington-a-percussion-laiton-1.jpg\" \/>\n\t<meta property=\"og:image:width\" content=\"800\" \/>\n\t<meta property=\"og:image:height\" content=\"800\" \/>\n\t<meta property=\"og:image:type\" content=\"image\/jpeg\" \/>\n<meta name=\"twitter:card\" content=\"summary_large_image\" \/>\n<meta name=\"twitter:label1\" content=\"Tempo di lettura stimato\" \/>\n\t<meta name=\"twitter:data1\" content=\"3 minuti\" \/>\n<script type=\"application\/ld+json\" class=\"yoast-schema-graph\">{\"@context\":\"https:\\\/\\\/schema.org\",\"@graph\":[{\"@type\":\"WebPage\",\"@id\":\"https:\\\/\\\/repliquemangacine.fr\\\/arme-kolser\\\/remington-1858-a-percussion-kolser\\\/\",\"url\":\"https:\\\/\\\/repliquemangacine.fr\\\/arme-kolser\\\/remington-1858-a-percussion-kolser\\\/\",\"name\":\"Remington 1858 \u00e0 percussion - Kolser - R\u00e9plique Manga Cin\u00e9\",\"isPartOf\":{\"@id\":\"https:\\\/\\\/repliquemangacine.fr\\\/#website\"},\"primaryImageOfPage\":{\"@id\":\"https:\\\/\\\/repliquemangacine.fr\\\/arme-kolser\\\/remington-1858-a-percussion-kolser\\\/#primaryimage\"},\"image\":{\"@id\":\"https:\\\/\\\/repliquemangacine.fr\\\/arme-kolser\\\/remington-1858-a-percussion-kolser\\\/#primaryimage\"},\"thumbnailUrl\":\"https:\\\/\\\/repliquemangacine.fr\\\/wp-content\\\/uploads\\\/2025\\\/06\\\/Remington-a-percussion-laiton-1.jpg\",\"datePublished\":\"2025-06-17T15:59:30+00:00\",\"dateModified\":\"2026-04-11T12:30:06+00:00\",\"description\":\"Nouveaut\u00e9 : Remington 1858 \u00e0 percussion de Kolser. R\u00e9plique ultra-r\u00e9aliste d\u2019arme de poing western avec m\u00e9canisme fonctionnel. Balles factices \u00e0 amorces\",\"breadcrumb\":{\"@id\":\"https:\\\/\\\/repliquemangacine.fr\\\/arme-kolser\\\/remington-1858-a-percussion-kolser\\\/#breadcrumb\"},\"inLanguage\":\"it-IT\",\"potentialAction\":[{\"@type\":\"ReadAction\",\"target\":[\"https:\\\/\\\/repliquemangacine.fr\\\/arme-kolser\\\/remington-1858-a-percussion-kolser\\\/\"]}]},{\"@type\":\"ImageObject\",\"inLanguage\":\"it-IT\",\"@id\":\"https:\\\/\\\/repliquemangacine.fr\\\/arme-kolser\\\/remington-1858-a-percussion-kolser\\\/#primaryimage\",\"url\":\"https:\\\/\\\/repliquemangacine.fr\\\/wp-content\\\/uploads\\\/2025\\\/06\\\/Remington-a-percussion-laiton-1.jpg\",\"contentUrl\":\"https:\\\/\\\/repliquemangacine.fr\\\/wp-content\\\/uploads\\\/2025\\\/06\\\/Remington-a-percussion-laiton-1.jpg\",\"width\":800,\"height\":800,\"caption\":\"Remington 1858 \u00e0 percussion Laiton\"},{\"@type\":\"BreadcrumbList\",\"@id\":\"https:\\\/\\\/repliquemangacine.fr\\\/arme-kolser\\\/remington-1858-a-percussion-kolser\\\/#breadcrumb\",\"itemListElement\":[{\"@type\":\"ListItem\",\"position\":1,\"name\":\"Accueil\",\"item\":\"https:\\\/\\\/repliquemangacine.fr\\\/\"},{\"@type\":\"ListItem\",\"position\":2,\"name\":\"Produits\",\"item\":\"https:\\\/\\\/repliquemangacine.fr\\\/boutique\\\/\"},{\"@type\":\"ListItem\",\"position\":3,\"name\":\"Remington 1858 \u00e0 percussion &#8211; Kolser\"}]},{\"@type\":\"WebSite\",\"@id\":\"https:\\\/\\\/repliquemangacine.fr\\\/#website\",\"url\":\"https:\\\/\\\/repliquemangacine.fr\\\/\",\"name\":\"R\u00e9plique Manga Cin\u00e9\",\"description\":\"\",\"publisher\":{\"@id\":\"https:\\\/\\\/repliquemangacine.fr\\\/#organization\"},\"potentialAction\":[{\"@type\":\"SearchAction\",\"target\":{\"@type\":\"EntryPoint\",\"urlTemplate\":\"https:\\\/\\\/repliquemangacine.fr\\\/?s={search_term_string}\"},\"query-input\":{\"@type\":\"PropertyValueSpecification\",\"valueRequired\":true,\"valueName\":\"search_term_string\"}}],\"inLanguage\":\"it-IT\"},{\"@type\":\"Organization\",\"@id\":\"https:\\\/\\\/repliquemangacine.fr\\\/#organization\",\"name\":\"R\u00e9plique Manga Cin\u00e9\",\"url\":\"https:\\\/\\\/repliquemangacine.fr\\\/\",\"logo\":{\"@type\":\"ImageObject\",\"inLanguage\":\"it-IT\",\"@id\":\"https:\\\/\\\/repliquemangacine.fr\\\/#\\\/schema\\\/logo\\\/image\\\/\",\"url\":\"https:\\\/\\\/repliquemangacine.fr\\\/wp-content\\\/uploads\\\/2023\\\/10\\\/RMC-500250.png\",\"contentUrl\":\"https:\\\/\\\/repliquemangacine.fr\\\/wp-content\\\/uploads\\\/2023\\\/10\\\/RMC-500250.png\",\"width\":500,\"height\":250,\"caption\":\"R\u00e9plique Manga Cin\u00e9\"},\"image\":{\"@id\":\"https:\\\/\\\/repliquemangacine.fr\\\/#\\\/schema\\\/logo\\\/image\\\/\"},\"sameAs\":[\"https:\\\/\\\/www.facebook.com\\\/RepliqueMangaCine\",\"https:\\\/\\\/www.instagram.com\\\/repliquemangacine.fr\\\/\"]}]}<\/script>\n<!-- \/ Yoast SEO plugin. -->","yoast_head_json":{"title":"Remington 1858 a percussione - Kolser - R\u00e9plique Manga Cin\u00e9","description":"Nuovo: Pistola a percussione Remington 1858 di Kolser. Replica ultra-realistica di pistola western con meccanismo funzionante. Proiettili finti con inneschi","robots":{"index":"index","follow":"follow","max-snippet":"max-snippet:-1","max-image-preview":"max-image-preview:large","max-video-preview":"max-video-preview:-1"},"canonical":"https:\/\/repliquemangacine.fr\/it\/pistola-kolser\/remington-1858-percussione-kolser\/","og_locale":"it_IT","og_type":"article","og_title":"Remington 1858 \u00e0 percussion - Kolser - R\u00e9plique Manga Cin\u00e9","og_description":"Nouveaut\u00e9 : Remington 1858 \u00e0 percussion de Kolser. R\u00e9plique ultra-r\u00e9aliste d\u2019arme de poing western avec m\u00e9canisme fonctionnel. Balles factices \u00e0 amorces","og_url":"https:\/\/repliquemangacine.fr\/it\/pistola-kolser\/remington-1858-percussione-kolser\/","og_site_name":"R\u00e9plique Manga Cin\u00e9","article_publisher":"https:\/\/www.facebook.com\/RepliqueMangaCine","article_modified_time":"2026-04-11T12:30:06+00:00","og_image":[{"width":800,"height":800,"url":"https:\/\/repliquemangacine.fr\/wp-content\/uploads\/2025\/06\/Remington-a-percussion-laiton-1.jpg","type":"image\/jpeg"}],"twitter_card":"summary_large_image","twitter_misc":{"Tempo di lettura stimato":"3 minuti"},"schema":{"@context":"https:\/\/schema.org","@graph":[{"@type":"WebPage","@id":"https:\/\/repliquemangacine.fr\/arme-kolser\/remington-1858-a-percussion-kolser\/","url":"https:\/\/repliquemangacine.fr\/arme-kolser\/remington-1858-a-percussion-kolser\/","name":"Remington 1858 a percussione - Kolser - R\u00e9plique Manga Cin\u00e9","isPartOf":{"@id":"https:\/\/repliquemangacine.fr\/#website"},"primaryImageOfPage":{"@id":"https:\/\/repliquemangacine.fr\/arme-kolser\/remington-1858-a-percussion-kolser\/#primaryimage"},"image":{"@id":"https:\/\/repliquemangacine.fr\/arme-kolser\/remington-1858-a-percussion-kolser\/#primaryimage"},"thumbnailUrl":"https:\/\/repliquemangacine.fr\/wp-content\/uploads\/2025\/06\/Remington-a-percussion-laiton-1.jpg","datePublished":"2025-06-17T15:59:30+00:00","dateModified":"2026-04-11T12:30:06+00:00","description":"Nuovo: Pistola a percussione Remington 1858 di Kolser. Replica ultra-realistica di pistola western con meccanismo funzionante. Proiettili finti con inneschi","breadcrumb":{"@id":"https:\/\/repliquemangacine.fr\/arme-kolser\/remington-1858-a-percussion-kolser\/#breadcrumb"},"inLanguage":"it-IT","potentialAction":[{"@type":"ReadAction","target":["https:\/\/repliquemangacine.fr\/arme-kolser\/remington-1858-a-percussion-kolser\/"]}]},{"@type":"ImageObject","inLanguage":"it-IT","@id":"https:\/\/repliquemangacine.fr\/arme-kolser\/remington-1858-a-percussion-kolser\/#primaryimage","url":"https:\/\/repliquemangacine.fr\/wp-content\/uploads\/2025\/06\/Remington-a-percussion-laiton-1.jpg","contentUrl":"https:\/\/repliquemangacine.fr\/wp-content\/uploads\/2025\/06\/Remington-a-percussion-laiton-1.jpg","width":800,"height":800,"caption":"Remington 1858 \u00e0 percussion Laiton"},{"@type":"BreadcrumbList","@id":"https:\/\/repliquemangacine.fr\/arme-kolser\/remington-1858-a-percussion-kolser\/#breadcrumb","itemListElement":[{"@type":"ListItem","position":1,"name":"Accueil","item":"https:\/\/repliquemangacine.fr\/"},{"@type":"ListItem","position":2,"name":"Produits","item":"https:\/\/repliquemangacine.fr\/boutique\/"},{"@type":"ListItem","position":3,"name":"Remington 1858 \u00e0 percussion &#8211; Kolser"}]},{"@type":"WebSite","@id":"https:\/\/repliquemangacine.fr\/#website","url":"https:\/\/repliquemangacine.fr\/","name":"R\u00e9plique Manga Cin\u00e9","description":"","publisher":{"@id":"https:\/\/repliquemangacine.fr\/#organization"},"potentialAction":[{"@type":"SearchAction","target":{"@type":"EntryPoint","urlTemplate":"https:\/\/repliquemangacine.fr\/?s={search_term_string}"},"query-input":{"@type":"PropertyValueSpecification","valueRequired":true,"valueName":"search_term_string"}}],"inLanguage":"it-IT"},{"@type":"Organization","@id":"https:\/\/repliquemangacine.fr\/#organization","name":"R\u00e9plique Manga Cin\u00e9","url":"https:\/\/repliquemangacine.fr\/","logo":{"@type":"ImageObject","inLanguage":"it-IT","@id":"https:\/\/repliquemangacine.fr\/#\/schema\/logo\/image\/","url":"https:\/\/repliquemangacine.fr\/wp-content\/uploads\/2023\/10\/RMC-500250.png","contentUrl":"https:\/\/repliquemangacine.fr\/wp-content\/uploads\/2023\/10\/RMC-500250.png","width":500,"height":250,"caption":"R\u00e9plique Manga Cin\u00e9"},"image":{"@id":"https:\/\/repliquemangacine.fr\/#\/schema\/logo\/image\/"},"sameAs":["https:\/\/www.facebook.com\/RepliqueMangaCine","https:\/\/www.instagram.com\/repliquemangacine.fr\/"]}]}},"_links":{"self":[{"href":"https:\/\/repliquemangacine.fr\/it\/wp-json\/wp\/v2\/product\/85345","targetHints":{"allow":["GET"]}}],"collection":[{"href":"https:\/\/repliquemangacine.fr\/it\/wp-json\/wp\/v2\/product"}],"about":[{"href":"https:\/\/repliquemangacine.fr\/it\/wp-json\/wp\/v2\/types\/product"}],"wp:featuredmedia":[{"embeddable":true,"href":"https:\/\/repliquemangacine.fr\/it\/wp-json\/wp\/v2\/media\/85356"}],"wp:attachment":[{"href":"https:\/\/repliquemangacine.fr\/it\/wp-json\/wp\/v2\/media?parent=85345"}],"wp:term":[{"taxonomy":"product_brand","embeddable":true,"href":"https:\/\/repliquemangacine.fr\/it\/wp-json\/wp\/v2\/product_brand?post=85345"},{"taxonomy":"product_cat","embeddable":true,"href":"https:\/\/repliquemangacine.fr\/it\/wp-json\/wp\/v2\/product_cat?post=85345"},{"taxonomy":"product_tag","embeddable":true,"href":"https:\/\/repliquemangacine.fr\/it\/wp-json\/wp\/v2\/product_tag?post=85345"}],"curies":[{"name":"wp","href":"https:\/\/api.w.org\/{rel}","templated":true}]}}