





{"id":84742,"date":"2025-05-30T18:44:54","date_gmt":"2025-05-30T16:44:54","guid":{"rendered":"https:\/\/repliquemangacine.fr\/?post_type=product&#038;p=84742"},"modified":"2025-12-06T16:45:35","modified_gmt":"2025-12-06T15:45:35","slug":"m1-garand-patine-vieilli-denix","status":"publish","type":"product","link":"https:\/\/repliquemangacine.fr\/it\/reproductions-armes-seconde-guerre-mondiale-denix\/m1-garand-patine-vieilli-denix\/","title":{"rendered":"M1 Garand con patina e finitura invecchiata - Denix"},"content":{"rendered":"<h2>M1 Garand con patina e finitura invecchiata - Eccezionale riproduzione Denix<\/h2>\n<p>In primo luogo, questo <strong>M1 Garand patinato e invecchiato<\/strong> presenta un calcio e una canna in legno massiccio per una finitura autentica e straordinariamente robusta. Parti metalliche realizzate in zama patinata e invecchiata per un effetto visivo fedele alle armi storiche dell'epoca. Il meccanismo funziona e simula la carica e lo sparo, per un'immersione totale nell'universo militare americano.<br \/>\nQuesta replica Denix si carica e spara, ma non \u00e8 assolutamente adatta al tiro, essendo destinata esclusivamente a scopi decorativi. Non \u00e8 richiesta alcuna autorizzazione per l'acquisto o il possesso di questo M1 Garand patinato e invecchiato.<br \/>\nIl suo calibro \u00e8 .30 (7,62), fedele riproduzione del modello originale utilizzato dall'esercito americano durante la guerra.<\/p>\n<p>Questo pezzo da collezione colpisce per la qualit\u00e0 delle finiture e la meticolosa fedelt\u00e0 storica. Un must per gli appassionati di armi antiche, rievocazioni storiche o decorazioni militari autentiche. Regalatevi l'arma leggendaria che ha accompagnato i soldati alleati alla vittoria contro le forze dell'Asse. Il M1 Garand <a href=\"https:\/\/www.denix.fr\/fr\/\" target=\"_blank\" rel=\"noopener noreferrer\">Denix<\/a> combina realismo, sicurezza e passione per gli oggetti da collezione accuratamente dettagliati.<\/p>\n<h2>L'M1 Garand: un'arma leggendaria della Seconda Guerra Mondiale<\/h2>\n<p>Per cominciare, \u00e8 stata l'arma principale dell'esercito americano durante la Seconda Guerra Mondiale, sostituendo i classici fucili a otturatore. Offriva quindi una cadenza di fuoco semiautomatica, un vantaggio decisivo contro nemici dotati di armi pi\u00f9 lente e arcaiche. Progettato da John Garand, questo fucile semiautomatico era rinomato per la sua affidabilit\u00e0, precisione e robustezza sul campo. Il suo famoso \u201cping\u201d metallico all'espulsione del caricatore \u00e8 diventato emblematico tra i veterani e gli appassionati di armi storiche. Utilizzato massicciamente durante lo sbarco in Normandia, ha contribuito alla liberazione dell'Europa occupata dai nazisti. Inoltre, l'M1 Garand simboleggia la superiorit\u00e0 tecnologica americana rispetto alle armate dell'Asse durante le grandi offensive alleate.<\/p>\n<p>Adottato poi durante la guerra di Corea, questo fucile rappresenta una svolta importante nella storia delle armi militari moderne. Il suo meccanismo semiautomatico ispirer\u00e0 numerosi modelli di armi da fuoco nei decenni successivi. Questa replica Denix vi permette di onorare questo pezzo storico nella vostra collezione o decorazione a tema militare. L'M1 Garand rimane un'icona indiscussa della vittoria alleata e del coraggio dei soldati americani.<\/p>\n<h2>Altre riproduzioni Denix da scoprire su R\u00e9plique Manga Cin\u00e9<\/h2>\n<p>Nel nostro negozio R\u00e9plique Manga Cin\u00e9, troverete altre armi Denix con una patina e una finitura invecchiata e dettagli meticolosi e fedeli. C'\u00e8 il <a href=\"https:\/\/repliquemangacine.fr\/it\/riproduzione-armi-seconda-guerra-mondiale-denix\/fucile-mauser-k98-antico\/\">Vecchia carabina Mauser K98<\/a> offre un aspetto realistico con le sue finiture in legno e metallo, per gli appassionati della Wehrmacht. Scoprite anche il <a href=\"https:\/\/repliquemangacine.fr\/it\/repliche-di-armi\/mitragliatrice-thompson-m1928a1-denix\/\">Fucile mitragliatore Thompson M1928A1<\/a>la famosa arma dei commando americani e dei classici film di guerra. Cos\u00ec come il <a href=\"https:\/\/repliquemangacine.fr\/it\/riproduzione-armi-seconda-guerra-mondiale-denix\/pistola-automatica-m1911a1-con-patina-e-finitura-antica\/\">Pistola automatica M1911A1<\/a> vi immerge nel mondo degli ufficiali americani con un meccanismo fedele e funzionale. Per quanto riguarda il <a href=\"https:\/\/repliquemangacine.fr\/it\/riproduzione-armi-seconda-guerra-mondiale-denix\/pistola-luger-p08-antica\/\">Pistola Luger P08 antica<\/a>, rappresenta l'arma emblematica dell'esercito tedesco con una finitura storica eccezionale. Ogni replica Denix \u00e8 progettata per soddisfare collezionisti, appassionati di rievocazioni storiche e appassionati di storia militare.<\/p>\n<p>Questi oggetti sono sicuri, decorativi e disponibili in libera vendita, perfetti per vetrine o decorazioni a tema. Il nostro sito offre un'ampia selezione di armi storiche riprodotte con cura per un risultato autentico e spettacolare. R\u00e9plique Manga Cin\u00e9 si impegna a offrire prodotti di qualit\u00e0 agli appassionati di armi, storia e cultura popolare.\u00a0 Aggiungete subito l'M1 Garand o un altro pezzo Denix alla vostra collezione personale o al vostro spazio decorativo.<\/p>","protected":false},"excerpt":{"rendered":"<p>Splendida replica del fucile Garand M1, patinata e invecchiata, USA 1932.<\/p>\n<ul>\n<li>Calcio e canna in legno massiccio.<\/li>\n<li>Parti metalliche in Zamac patinato e invecchiato.<\/li>\n<li>Meccanismo di simulazione del carico e dell'incendio<\/li>\n<li>Armi in funzione e colpi, ma totalmente inadatte a sparare.<\/li>\n<li>Non \u00e8 richiesta alcuna autorizzazione. Vendita e possesso gratuiti.<\/li>\n<li>Calibro.30 (7.62)<\/li>\n<li>Lunghezza: 110 cm - Peso: 3480 gr.<\/li>\n<\/ul>","protected":false},"featured_media":84743,"template":"","meta":[],"product_brand":[896],"product_cat":[102,46,54,28,76],"product_tag":[],"class_list":{"0":"post-84742","1":"product","2":"type-product","3":"status-publish","4":"has-post-thumbnail","6":"product_brand-replique-manga-cine","7":"product_cat-denix","8":"product_cat-fusil-d-assaut-fusil-moderne","9":"product_cat-armes-accessoires-guerre-mondiale","10":"product_cat-repliques-darmes","11":"product_cat-reproductions-armes-seconde-guerre-mondiale-denix","13":"first","14":"outofstock","15":"taxable","16":"shipping-taxable","17":"purchasable","18":"product-type-simple"},"yoast_head":"<!-- This site is optimized with the Yoast SEO plugin v27.4 - https:\/\/yoast.com\/product\/yoast-seo-wordpress\/ -->\n<title>M1 Garand patin\u00e9 et vieilli - Denix - R\u00e9plique Manga Cin\u00e9<\/title>\n<meta name=\"description\" content=\"D\u00e9couvrez le M1 Garand patin\u00e9 et vieilli Denix : reproduction fid\u00e8le, m\u00e9canisme fonctionnel, bois massif et Zamac vieilli. Vente libre sur RMC\" \/>\n<meta name=\"robots\" content=\"index, follow, max-snippet:-1, max-image-preview:large, max-video-preview:-1\" \/>\n<link rel=\"canonical\" href=\"https:\/\/repliquemangacine.fr\/it\/riproduzione-armi-seconda-guerra-mondiale-denix\/m1-garand-patine-vieilli-denix\/\" \/>\n<meta property=\"og:locale\" content=\"it_IT\" \/>\n<meta property=\"og:type\" content=\"article\" \/>\n<meta property=\"og:title\" content=\"M1 Garand patin\u00e9 et vieilli - Denix - R\u00e9plique Manga Cin\u00e9\" \/>\n<meta property=\"og:description\" content=\"D\u00e9couvrez le M1 Garand patin\u00e9 et vieilli Denix : reproduction fid\u00e8le, m\u00e9canisme fonctionnel, bois massif et Zamac vieilli. Vente libre sur RMC\" \/>\n<meta property=\"og:url\" content=\"https:\/\/repliquemangacine.fr\/it\/riproduzione-armi-seconda-guerra-mondiale-denix\/m1-garand-patine-vieilli-denix\/\" \/>\n<meta property=\"og:site_name\" content=\"R\u00e9plique Manga Cin\u00e9\" \/>\n<meta property=\"article:publisher\" content=\"https:\/\/www.facebook.com\/RepliqueMangaCine\" \/>\n<meta property=\"article:modified_time\" content=\"2025-12-06T15:45:35+00:00\" \/>\n<meta property=\"og:image\" content=\"https:\/\/repliquemangacine.fr\/wp-content\/uploads\/2025\/05\/M1-Garand-Vieilli.jpg\" \/>\n\t<meta property=\"og:image:width\" content=\"800\" \/>\n\t<meta property=\"og:image:height\" content=\"800\" \/>\n\t<meta property=\"og:image:type\" content=\"image\/jpeg\" \/>\n<meta name=\"twitter:card\" content=\"summary_large_image\" \/>\n<meta name=\"twitter:label1\" content=\"Tempo di lettura stimato\" \/>\n\t<meta name=\"twitter:data1\" content=\"4 minuti\" \/>\n<script type=\"application\/ld+json\" class=\"yoast-schema-graph\">{\"@context\":\"https:\\\/\\\/schema.org\",\"@graph\":[{\"@type\":\"WebPage\",\"@id\":\"https:\\\/\\\/repliquemangacine.fr\\\/reproductions-armes-seconde-guerre-mondiale-denix\\\/m1-garand-patine-vieilli-denix\\\/\",\"url\":\"https:\\\/\\\/repliquemangacine.fr\\\/reproductions-armes-seconde-guerre-mondiale-denix\\\/m1-garand-patine-vieilli-denix\\\/\",\"name\":\"M1 Garand patin\u00e9 et vieilli - Denix - R\u00e9plique Manga Cin\u00e9\",\"isPartOf\":{\"@id\":\"https:\\\/\\\/repliquemangacine.fr\\\/#website\"},\"primaryImageOfPage\":{\"@id\":\"https:\\\/\\\/repliquemangacine.fr\\\/reproductions-armes-seconde-guerre-mondiale-denix\\\/m1-garand-patine-vieilli-denix\\\/#primaryimage\"},\"image\":{\"@id\":\"https:\\\/\\\/repliquemangacine.fr\\\/reproductions-armes-seconde-guerre-mondiale-denix\\\/m1-garand-patine-vieilli-denix\\\/#primaryimage\"},\"thumbnailUrl\":\"https:\\\/\\\/repliquemangacine.fr\\\/wp-content\\\/uploads\\\/2025\\\/05\\\/M1-Garand-Vieilli.jpg\",\"datePublished\":\"2025-05-30T16:44:54+00:00\",\"dateModified\":\"2025-12-06T15:45:35+00:00\",\"description\":\"D\u00e9couvrez le M1 Garand patin\u00e9 et vieilli Denix : reproduction fid\u00e8le, m\u00e9canisme fonctionnel, bois massif et Zamac vieilli. Vente libre sur RMC\",\"breadcrumb\":{\"@id\":\"https:\\\/\\\/repliquemangacine.fr\\\/reproductions-armes-seconde-guerre-mondiale-denix\\\/m1-garand-patine-vieilli-denix\\\/#breadcrumb\"},\"inLanguage\":\"it-IT\",\"potentialAction\":[{\"@type\":\"ReadAction\",\"target\":[\"https:\\\/\\\/repliquemangacine.fr\\\/reproductions-armes-seconde-guerre-mondiale-denix\\\/m1-garand-patine-vieilli-denix\\\/\"]}]},{\"@type\":\"ImageObject\",\"inLanguage\":\"it-IT\",\"@id\":\"https:\\\/\\\/repliquemangacine.fr\\\/reproductions-armes-seconde-guerre-mondiale-denix\\\/m1-garand-patine-vieilli-denix\\\/#primaryimage\",\"url\":\"https:\\\/\\\/repliquemangacine.fr\\\/wp-content\\\/uploads\\\/2025\\\/05\\\/M1-Garand-Vieilli.jpg\",\"contentUrl\":\"https:\\\/\\\/repliquemangacine.fr\\\/wp-content\\\/uploads\\\/2025\\\/05\\\/M1-Garand-Vieilli.jpg\",\"width\":800,\"height\":800,\"caption\":\"M1 Garand Vieilli Denix\"},{\"@type\":\"BreadcrumbList\",\"@id\":\"https:\\\/\\\/repliquemangacine.fr\\\/reproductions-armes-seconde-guerre-mondiale-denix\\\/m1-garand-patine-vieilli-denix\\\/#breadcrumb\",\"itemListElement\":[{\"@type\":\"ListItem\",\"position\":1,\"name\":\"Accueil\",\"item\":\"https:\\\/\\\/repliquemangacine.fr\\\/\"},{\"@type\":\"ListItem\",\"position\":2,\"name\":\"Produits\",\"item\":\"https:\\\/\\\/repliquemangacine.fr\\\/boutique\\\/\"},{\"@type\":\"ListItem\",\"position\":3,\"name\":\"M1 Garand patin\u00e9 et vieilli &#8211; Denix\"}]},{\"@type\":\"WebSite\",\"@id\":\"https:\\\/\\\/repliquemangacine.fr\\\/#website\",\"url\":\"https:\\\/\\\/repliquemangacine.fr\\\/\",\"name\":\"R\u00e9plique Manga Cin\u00e9\",\"description\":\"\",\"publisher\":{\"@id\":\"https:\\\/\\\/repliquemangacine.fr\\\/#organization\"},\"potentialAction\":[{\"@type\":\"SearchAction\",\"target\":{\"@type\":\"EntryPoint\",\"urlTemplate\":\"https:\\\/\\\/repliquemangacine.fr\\\/?s={search_term_string}\"},\"query-input\":{\"@type\":\"PropertyValueSpecification\",\"valueRequired\":true,\"valueName\":\"search_term_string\"}}],\"inLanguage\":\"it-IT\"},{\"@type\":\"Organization\",\"@id\":\"https:\\\/\\\/repliquemangacine.fr\\\/#organization\",\"name\":\"R\u00e9plique Manga Cin\u00e9\",\"url\":\"https:\\\/\\\/repliquemangacine.fr\\\/\",\"logo\":{\"@type\":\"ImageObject\",\"inLanguage\":\"it-IT\",\"@id\":\"https:\\\/\\\/repliquemangacine.fr\\\/#\\\/schema\\\/logo\\\/image\\\/\",\"url\":\"https:\\\/\\\/repliquemangacine.fr\\\/wp-content\\\/uploads\\\/2023\\\/10\\\/RMC-500250.png\",\"contentUrl\":\"https:\\\/\\\/repliquemangacine.fr\\\/wp-content\\\/uploads\\\/2023\\\/10\\\/RMC-500250.png\",\"width\":500,\"height\":250,\"caption\":\"R\u00e9plique Manga Cin\u00e9\"},\"image\":{\"@id\":\"https:\\\/\\\/repliquemangacine.fr\\\/#\\\/schema\\\/logo\\\/image\\\/\"},\"sameAs\":[\"https:\\\/\\\/www.facebook.com\\\/RepliqueMangaCine\",\"https:\\\/\\\/www.instagram.com\\\/repliquemangacine.fr\\\/\"]}]}<\/script>\n<!-- \/ Yoast SEO plugin. -->","yoast_head_json":{"title":"M1 Garand con patina e finitura invecchiata - Denix - R\u00e9plique Manga Cin\u00e9","description":"Scoprite il Denix M1 Garand patinato e invecchiato: riproduzione fedele, meccanismo funzionale, legno massiccio e Zamac invecchiato. Vendita libera su RMC","robots":{"index":"index","follow":"follow","max-snippet":"max-snippet:-1","max-image-preview":"max-image-preview:large","max-video-preview":"max-video-preview:-1"},"canonical":"https:\/\/repliquemangacine.fr\/it\/riproduzione-armi-seconda-guerra-mondiale-denix\/m1-garand-patine-vieilli-denix\/","og_locale":"it_IT","og_type":"article","og_title":"M1 Garand patin\u00e9 et vieilli - Denix - R\u00e9plique Manga Cin\u00e9","og_description":"D\u00e9couvrez le M1 Garand patin\u00e9 et vieilli Denix : reproduction fid\u00e8le, m\u00e9canisme fonctionnel, bois massif et Zamac vieilli. Vente libre sur RMC","og_url":"https:\/\/repliquemangacine.fr\/it\/riproduzione-armi-seconda-guerra-mondiale-denix\/m1-garand-patine-vieilli-denix\/","og_site_name":"R\u00e9plique Manga Cin\u00e9","article_publisher":"https:\/\/www.facebook.com\/RepliqueMangaCine","article_modified_time":"2025-12-06T15:45:35+00:00","og_image":[{"width":800,"height":800,"url":"https:\/\/repliquemangacine.fr\/wp-content\/uploads\/2025\/05\/M1-Garand-Vieilli.jpg","type":"image\/jpeg"}],"twitter_card":"summary_large_image","twitter_misc":{"Tempo di lettura stimato":"4 minuti"},"schema":{"@context":"https:\/\/schema.org","@graph":[{"@type":"WebPage","@id":"https:\/\/repliquemangacine.fr\/reproductions-armes-seconde-guerre-mondiale-denix\/m1-garand-patine-vieilli-denix\/","url":"https:\/\/repliquemangacine.fr\/reproductions-armes-seconde-guerre-mondiale-denix\/m1-garand-patine-vieilli-denix\/","name":"M1 Garand con patina e finitura invecchiata - Denix - R\u00e9plique Manga Cin\u00e9","isPartOf":{"@id":"https:\/\/repliquemangacine.fr\/#website"},"primaryImageOfPage":{"@id":"https:\/\/repliquemangacine.fr\/reproductions-armes-seconde-guerre-mondiale-denix\/m1-garand-patine-vieilli-denix\/#primaryimage"},"image":{"@id":"https:\/\/repliquemangacine.fr\/reproductions-armes-seconde-guerre-mondiale-denix\/m1-garand-patine-vieilli-denix\/#primaryimage"},"thumbnailUrl":"https:\/\/repliquemangacine.fr\/wp-content\/uploads\/2025\/05\/M1-Garand-Vieilli.jpg","datePublished":"2025-05-30T16:44:54+00:00","dateModified":"2025-12-06T15:45:35+00:00","description":"Scoprite il Denix M1 Garand patinato e invecchiato: riproduzione fedele, meccanismo funzionale, legno massiccio e Zamac invecchiato. Vendita libera su RMC","breadcrumb":{"@id":"https:\/\/repliquemangacine.fr\/reproductions-armes-seconde-guerre-mondiale-denix\/m1-garand-patine-vieilli-denix\/#breadcrumb"},"inLanguage":"it-IT","potentialAction":[{"@type":"ReadAction","target":["https:\/\/repliquemangacine.fr\/reproductions-armes-seconde-guerre-mondiale-denix\/m1-garand-patine-vieilli-denix\/"]}]},{"@type":"ImageObject","inLanguage":"it-IT","@id":"https:\/\/repliquemangacine.fr\/reproductions-armes-seconde-guerre-mondiale-denix\/m1-garand-patine-vieilli-denix\/#primaryimage","url":"https:\/\/repliquemangacine.fr\/wp-content\/uploads\/2025\/05\/M1-Garand-Vieilli.jpg","contentUrl":"https:\/\/repliquemangacine.fr\/wp-content\/uploads\/2025\/05\/M1-Garand-Vieilli.jpg","width":800,"height":800,"caption":"M1 Garand Vieilli Denix"},{"@type":"BreadcrumbList","@id":"https:\/\/repliquemangacine.fr\/reproductions-armes-seconde-guerre-mondiale-denix\/m1-garand-patine-vieilli-denix\/#breadcrumb","itemListElement":[{"@type":"ListItem","position":1,"name":"Accueil","item":"https:\/\/repliquemangacine.fr\/"},{"@type":"ListItem","position":2,"name":"Produits","item":"https:\/\/repliquemangacine.fr\/boutique\/"},{"@type":"ListItem","position":3,"name":"M1 Garand patin\u00e9 et vieilli &#8211; Denix"}]},{"@type":"WebSite","@id":"https:\/\/repliquemangacine.fr\/#website","url":"https:\/\/repliquemangacine.fr\/","name":"R\u00e9plique Manga Cin\u00e9","description":"","publisher":{"@id":"https:\/\/repliquemangacine.fr\/#organization"},"potentialAction":[{"@type":"SearchAction","target":{"@type":"EntryPoint","urlTemplate":"https:\/\/repliquemangacine.fr\/?s={search_term_string}"},"query-input":{"@type":"PropertyValueSpecification","valueRequired":true,"valueName":"search_term_string"}}],"inLanguage":"it-IT"},{"@type":"Organization","@id":"https:\/\/repliquemangacine.fr\/#organization","name":"R\u00e9plique Manga Cin\u00e9","url":"https:\/\/repliquemangacine.fr\/","logo":{"@type":"ImageObject","inLanguage":"it-IT","@id":"https:\/\/repliquemangacine.fr\/#\/schema\/logo\/image\/","url":"https:\/\/repliquemangacine.fr\/wp-content\/uploads\/2023\/10\/RMC-500250.png","contentUrl":"https:\/\/repliquemangacine.fr\/wp-content\/uploads\/2023\/10\/RMC-500250.png","width":500,"height":250,"caption":"R\u00e9plique Manga Cin\u00e9"},"image":{"@id":"https:\/\/repliquemangacine.fr\/#\/schema\/logo\/image\/"},"sameAs":["https:\/\/www.facebook.com\/RepliqueMangaCine","https:\/\/www.instagram.com\/repliquemangacine.fr\/"]}]}},"_links":{"self":[{"href":"https:\/\/repliquemangacine.fr\/it\/wp-json\/wp\/v2\/product\/84742","targetHints":{"allow":["GET"]}}],"collection":[{"href":"https:\/\/repliquemangacine.fr\/it\/wp-json\/wp\/v2\/product"}],"about":[{"href":"https:\/\/repliquemangacine.fr\/it\/wp-json\/wp\/v2\/types\/product"}],"wp:featuredmedia":[{"embeddable":true,"href":"https:\/\/repliquemangacine.fr\/it\/wp-json\/wp\/v2\/media\/84743"}],"wp:attachment":[{"href":"https:\/\/repliquemangacine.fr\/it\/wp-json\/wp\/v2\/media?parent=84742"}],"wp:term":[{"taxonomy":"product_brand","embeddable":true,"href":"https:\/\/repliquemangacine.fr\/it\/wp-json\/wp\/v2\/product_brand?post=84742"},{"taxonomy":"product_cat","embeddable":true,"href":"https:\/\/repliquemangacine.fr\/it\/wp-json\/wp\/v2\/product_cat?post=84742"},{"taxonomy":"product_tag","embeddable":true,"href":"https:\/\/repliquemangacine.fr\/it\/wp-json\/wp\/v2\/product_tag?post=84742"}],"curies":[{"name":"wp","href":"https:\/\/api.w.org\/{rel}","templated":true}]}}