





{"id":84669,"date":"2025-05-28T20:36:36","date_gmt":"2025-05-28T18:36:36","guid":{"rendered":"https:\/\/repliquemangacine.fr\/?post_type=product&#038;p=84669"},"modified":"2026-02-20T12:21:34","modified_gmt":"2026-02-20T11:21:34","slug":"pistola-automatica-m1911a1-con-patina-e-finitura-antica","status":"publish","type":"product","link":"https:\/\/repliquemangacine.fr\/it\/reproductions-armes-seconde-guerre-mondiale-denix\/pistolet-automatique-m1911a1-patine-et-vieilli\/","title":{"rendered":"Pistola automatica M1911A1 con patina e finitura antica"},"content":{"rendered":"<h2>Pistola automatica M1911A1 con patina: la leggenda militare americana nelle vostre mani<\/h2>\n<p>Prima di tutto, scoprite la replica del <strong>Pistola automatica M1911A1 con finitura patinata<\/strong>. Una riproduzione fedele della pistola simbolo dell'esercito americano. Questo modello <a href=\"https:\/\/www.denix.fr\/fr\/catalogue\/guerres-mondiales-1914-1945\/pistolets\/2312\/\" target=\"_blank\" rel=\"noopener noreferrer\">Denix<\/a> combina metallo invecchiato e impugnatura realistica per un'immersione totale. Utilizzata dalle forze armate statunitensi da oltre 70 anni, \u00e8 un forte simbolo di potenza e resistenza. Grazie al suo meccanismo funzionale: il carrello arretra, il cane si arma, il grilletto reagisce, per una sensazione autentica. Con la sua finitura patinata, evoca immediatamente i campi di battaglia del XX secolo.<\/p>\n<p>\u00c8 completamente inutilizzabile, il che ne consente l'acquisto libero e senza formalit\u00e0. Utilizzata a lungo nei conflitti pi\u00f9 importanti, questa pistola \u00e8 oggi molto apprezzata dai collezionisti esperti. Si tratta di un pezzo storico, elegante, robusto, che racconta da solo una pagina della storia americana. Da esporre o da maneggiare, la M1911A1 Denix \u00e8 un must per qualsiasi collezione militare.<\/p>\n<h2>Un'arma mitica delle due guerre mondiali<\/h2>\n<p>La M1911A1 \u00e8 stata progettata da John Browning e adottata ufficialmente dall'esercito americano nel 1911. Utilizzata per la prima volta durante la Prima guerra mondiale, ha dimostrato la sua robustezza nelle trincee e nei combattimenti ravvicinati. Successivamente, durante la Seconda guerra mondiale, \u00e8 stata l'arma da fuoco standard degli ufficiali, dei piloti e delle unit\u00e0 speciali. Il suo calibro .45 ACP \u00e8 temuto per la sua potenza d'arresto in azione.<br \/>\nInoltre, la M1911A1 rimase in servizio fino agli anni '80, a dimostrazione della sua eccezionale longevit\u00e0. Semplice, affidabile, maneggevole, ancora oggi rimane un punto di riferimento nel mondo delle armi da fuoco.<\/p>\n<p>La replica Denix riprende le sue linee con una finitura invecchiata per un aspetto realistico e storico. Questa pistola evoca le battaglie eroiche, le missioni di liberazione e il coraggio dei soldati alleati. Rappresenta lo strumento di fiducia dei combattenti, dal Pacifico alla Normandia. In conclusione, possedere questa replica significa onorare un secolo di coraggio militare americano.<\/p>\n<h2>Altre repliche eccezionali di Denix si trovano su R\u00e9plique Manga Cin\u00e9<\/h2>\n<p>Disponibile da subito su R\u00e9plique Manga Cin\u00e9, questa replica della M1911A1 si integra perfettamente nella nostra collezione dedicata alla Seconda Guerra Mondiale. Ma non \u00e8 l'unica replica: arricchite la vostra collezione con le altre riproduzioni.<br \/>\nPer cominciare, potete scoprire altri pezzi Denix altrettanto emblematici, come il <a href=\"https:\/\/repliquemangacine.fr\/it\/riproduzione-armi-seconda-guerra-mondiale-denix\/mauser-c96-custodia-con-impugnatura\/\">Mauser C96 con fondina<\/a> in legno. C'\u00e8 anche il famoso <a href=\"https:\/\/repliquemangacine.fr\/it\/riproduzione-armi-seconda-guerra-mondiale-denix\/mg34-maschinengewehr-34\/\">Mitragliatrice MG 34<\/a>utilizzati su tutti i fronti. Oltre al formidabile <a href=\"https:\/\/repliquemangacine.fr\/it\/denix\/mitragliatrice-subacquea-mp40\/\">Mitragliatrice MP40<\/a>un prodotto molto ricercato. E molti altri da scoprire.<\/p>","protected":false},"excerpt":{"rendered":"<p>Identica all'originale. Questa riproduzione della pistola automatica M1911A1 con patina e invecchiamento<\/p>\n<ul>\n<li>Telaio in Zamac.<\/li>\n<li>Piastre di presa scanalate in ABS.<\/li>\n<li>Meccanismo di simulazione del carico e dell'incendio.<\/li>\n<li>Canna staccabile. Caricatore staccabile.<\/li>\n<li>Calibro 45.<\/li>\n<li>Si spara e colpisce. Totalmente inadatto a sparare.<\/li>\n<li>Non \u00e8 richiesta alcuna autorizzazione. Vendita e possesso gratuiti<\/li>\n<li>Dimensioni: 24 cm - Peso: 920 grammi<\/li>\n<\/ul>","protected":false},"featured_media":84671,"template":"","meta":[],"product_brand":[896],"product_cat":[102,54,40,28,76],"product_tag":[],"class_list":{"0":"post-84669","1":"product","2":"type-product","3":"status-publish","4":"has-post-thumbnail","6":"product_brand-replique-manga-cine","7":"product_cat-denix","8":"product_cat-armes-accessoires-guerre-mondiale","9":"product_cat-pistolet-moderne","10":"product_cat-repliques-darmes","11":"product_cat-reproductions-armes-seconde-guerre-mondiale-denix","13":"first","14":"outofstock","15":"taxable","16":"shipping-taxable","17":"purchasable","18":"product-type-simple"},"yoast_head":"<!-- This site is optimized with the Yoast SEO plugin v27.4 - https:\/\/yoast.com\/product\/yoast-seo-wordpress\/ -->\n<title>Pistolet automatique M1911A1 patin\u00e9 et vieilli - R\u00e9plique Manga Cin\u00e9<\/title>\n<meta name=\"description\" content=\"R\u00e9plique du Pistolet automatique M1911A1 patin\u00e9 et vieilli par Denix. Embl\u00e9matique des deux guerres mondiales. Id\u00e9ale pour collectionneurs.\" \/>\n<meta name=\"robots\" content=\"index, follow, max-snippet:-1, max-image-preview:large, max-video-preview:-1\" \/>\n<link rel=\"canonical\" href=\"https:\/\/repliquemangacine.fr\/it\/riproduzione-armi-seconda-guerra-mondiale-denix\/pistola-automatica-m1911a1-con-patina-e-finitura-antica\/\" \/>\n<meta property=\"og:locale\" content=\"it_IT\" \/>\n<meta property=\"og:type\" content=\"article\" \/>\n<meta property=\"og:title\" content=\"Pistolet automatique M1911A1 patin\u00e9 et vieilli - R\u00e9plique Manga Cin\u00e9\" \/>\n<meta property=\"og:description\" content=\"R\u00e9plique du Pistolet automatique M1911A1 patin\u00e9 et vieilli par Denix. Embl\u00e9matique des deux guerres mondiales. Id\u00e9ale pour collectionneurs.\" \/>\n<meta property=\"og:url\" content=\"https:\/\/repliquemangacine.fr\/it\/riproduzione-armi-seconda-guerra-mondiale-denix\/pistola-automatica-m1911a1-con-patina-e-finitura-antica\/\" \/>\n<meta property=\"og:site_name\" content=\"R\u00e9plique Manga Cin\u00e9\" \/>\n<meta property=\"article:publisher\" content=\"https:\/\/www.facebook.com\/RepliqueMangaCine\" \/>\n<meta property=\"article:modified_time\" content=\"2026-02-20T11:21:34+00:00\" \/>\n<meta property=\"og:image\" content=\"https:\/\/repliquemangacine.fr\/wp-content\/uploads\/2025\/05\/Pistolet-automatique-M1911A1-patine.jpg\" \/>\n\t<meta property=\"og:image:width\" content=\"800\" \/>\n\t<meta property=\"og:image:height\" content=\"800\" \/>\n\t<meta property=\"og:image:type\" content=\"image\/jpeg\" \/>\n<meta name=\"twitter:card\" content=\"summary_large_image\" \/>\n<meta name=\"twitter:label1\" content=\"Tempo di lettura stimato\" \/>\n\t<meta name=\"twitter:data1\" content=\"3 minuti\" \/>\n<script type=\"application\/ld+json\" class=\"yoast-schema-graph\">{\"@context\":\"https:\\\/\\\/schema.org\",\"@graph\":[{\"@type\":\"WebPage\",\"@id\":\"https:\\\/\\\/repliquemangacine.fr\\\/reproductions-armes-seconde-guerre-mondiale-denix\\\/pistolet-automatique-m1911a1-patine-et-vieilli\\\/\",\"url\":\"https:\\\/\\\/repliquemangacine.fr\\\/reproductions-armes-seconde-guerre-mondiale-denix\\\/pistolet-automatique-m1911a1-patine-et-vieilli\\\/\",\"name\":\"Pistolet automatique M1911A1 patin\u00e9 et vieilli - R\u00e9plique Manga Cin\u00e9\",\"isPartOf\":{\"@id\":\"https:\\\/\\\/repliquemangacine.fr\\\/#website\"},\"primaryImageOfPage\":{\"@id\":\"https:\\\/\\\/repliquemangacine.fr\\\/reproductions-armes-seconde-guerre-mondiale-denix\\\/pistolet-automatique-m1911a1-patine-et-vieilli\\\/#primaryimage\"},\"image\":{\"@id\":\"https:\\\/\\\/repliquemangacine.fr\\\/reproductions-armes-seconde-guerre-mondiale-denix\\\/pistolet-automatique-m1911a1-patine-et-vieilli\\\/#primaryimage\"},\"thumbnailUrl\":\"https:\\\/\\\/repliquemangacine.fr\\\/wp-content\\\/uploads\\\/2025\\\/05\\\/Pistolet-automatique-M1911A1-patine.jpg\",\"datePublished\":\"2025-05-28T18:36:36+00:00\",\"dateModified\":\"2026-02-20T11:21:34+00:00\",\"description\":\"R\u00e9plique du Pistolet automatique M1911A1 patin\u00e9 et vieilli par Denix. Embl\u00e9matique des deux guerres mondiales. Id\u00e9ale pour collectionneurs.\",\"breadcrumb\":{\"@id\":\"https:\\\/\\\/repliquemangacine.fr\\\/reproductions-armes-seconde-guerre-mondiale-denix\\\/pistolet-automatique-m1911a1-patine-et-vieilli\\\/#breadcrumb\"},\"inLanguage\":\"it-IT\",\"potentialAction\":[{\"@type\":\"ReadAction\",\"target\":[\"https:\\\/\\\/repliquemangacine.fr\\\/reproductions-armes-seconde-guerre-mondiale-denix\\\/pistolet-automatique-m1911a1-patine-et-vieilli\\\/\"]}]},{\"@type\":\"ImageObject\",\"inLanguage\":\"it-IT\",\"@id\":\"https:\\\/\\\/repliquemangacine.fr\\\/reproductions-armes-seconde-guerre-mondiale-denix\\\/pistolet-automatique-m1911a1-patine-et-vieilli\\\/#primaryimage\",\"url\":\"https:\\\/\\\/repliquemangacine.fr\\\/wp-content\\\/uploads\\\/2025\\\/05\\\/Pistolet-automatique-M1911A1-patine.jpg\",\"contentUrl\":\"https:\\\/\\\/repliquemangacine.fr\\\/wp-content\\\/uploads\\\/2025\\\/05\\\/Pistolet-automatique-M1911A1-patine.jpg\",\"width\":800,\"height\":800,\"caption\":\"Pistolet automatique M1911A1 patin\u00e9\"},{\"@type\":\"BreadcrumbList\",\"@id\":\"https:\\\/\\\/repliquemangacine.fr\\\/reproductions-armes-seconde-guerre-mondiale-denix\\\/pistolet-automatique-m1911a1-patine-et-vieilli\\\/#breadcrumb\",\"itemListElement\":[{\"@type\":\"ListItem\",\"position\":1,\"name\":\"Accueil\",\"item\":\"https:\\\/\\\/repliquemangacine.fr\\\/\"},{\"@type\":\"ListItem\",\"position\":2,\"name\":\"Produits\",\"item\":\"https:\\\/\\\/repliquemangacine.fr\\\/boutique\\\/\"},{\"@type\":\"ListItem\",\"position\":3,\"name\":\"Pistolet automatique M1911A1 patin\u00e9 et vieilli\"}]},{\"@type\":\"WebSite\",\"@id\":\"https:\\\/\\\/repliquemangacine.fr\\\/#website\",\"url\":\"https:\\\/\\\/repliquemangacine.fr\\\/\",\"name\":\"R\u00e9plique Manga Cin\u00e9\",\"description\":\"\",\"publisher\":{\"@id\":\"https:\\\/\\\/repliquemangacine.fr\\\/#organization\"},\"potentialAction\":[{\"@type\":\"SearchAction\",\"target\":{\"@type\":\"EntryPoint\",\"urlTemplate\":\"https:\\\/\\\/repliquemangacine.fr\\\/?s={search_term_string}\"},\"query-input\":{\"@type\":\"PropertyValueSpecification\",\"valueRequired\":true,\"valueName\":\"search_term_string\"}}],\"inLanguage\":\"it-IT\"},{\"@type\":\"Organization\",\"@id\":\"https:\\\/\\\/repliquemangacine.fr\\\/#organization\",\"name\":\"R\u00e9plique Manga Cin\u00e9\",\"url\":\"https:\\\/\\\/repliquemangacine.fr\\\/\",\"logo\":{\"@type\":\"ImageObject\",\"inLanguage\":\"it-IT\",\"@id\":\"https:\\\/\\\/repliquemangacine.fr\\\/#\\\/schema\\\/logo\\\/image\\\/\",\"url\":\"https:\\\/\\\/repliquemangacine.fr\\\/wp-content\\\/uploads\\\/2023\\\/10\\\/RMC-500250.png\",\"contentUrl\":\"https:\\\/\\\/repliquemangacine.fr\\\/wp-content\\\/uploads\\\/2023\\\/10\\\/RMC-500250.png\",\"width\":500,\"height\":250,\"caption\":\"R\u00e9plique Manga Cin\u00e9\"},\"image\":{\"@id\":\"https:\\\/\\\/repliquemangacine.fr\\\/#\\\/schema\\\/logo\\\/image\\\/\"},\"sameAs\":[\"https:\\\/\\\/www.facebook.com\\\/RepliqueMangaCine\",\"https:\\\/\\\/www.instagram.com\\\/repliquemangacine.fr\\\/\"]}]}<\/script>\n<!-- \/ Yoast SEO plugin. -->","yoast_head_json":{"title":"Pistola automatica M1911A1 con patina e finitura antica - R\u00e9plique Manga Cin\u00e9","description":"Replica della pistola automatica M1911A1, patinata e invecchiata da Denix. Emblematica delle due guerre mondiali. Ideale per i collezionisti.","robots":{"index":"index","follow":"follow","max-snippet":"max-snippet:-1","max-image-preview":"max-image-preview:large","max-video-preview":"max-video-preview:-1"},"canonical":"https:\/\/repliquemangacine.fr\/it\/riproduzione-armi-seconda-guerra-mondiale-denix\/pistola-automatica-m1911a1-con-patina-e-finitura-antica\/","og_locale":"it_IT","og_type":"article","og_title":"Pistolet automatique M1911A1 patin\u00e9 et vieilli - R\u00e9plique Manga Cin\u00e9","og_description":"R\u00e9plique du Pistolet automatique M1911A1 patin\u00e9 et vieilli par Denix. Embl\u00e9matique des deux guerres mondiales. Id\u00e9ale pour collectionneurs.","og_url":"https:\/\/repliquemangacine.fr\/it\/riproduzione-armi-seconda-guerra-mondiale-denix\/pistola-automatica-m1911a1-con-patina-e-finitura-antica\/","og_site_name":"R\u00e9plique Manga Cin\u00e9","article_publisher":"https:\/\/www.facebook.com\/RepliqueMangaCine","article_modified_time":"2026-02-20T11:21:34+00:00","og_image":[{"width":800,"height":800,"url":"https:\/\/repliquemangacine.fr\/wp-content\/uploads\/2025\/05\/Pistolet-automatique-M1911A1-patine.jpg","type":"image\/jpeg"}],"twitter_card":"summary_large_image","twitter_misc":{"Tempo di lettura stimato":"3 minuti"},"schema":{"@context":"https:\/\/schema.org","@graph":[{"@type":"WebPage","@id":"https:\/\/repliquemangacine.fr\/reproductions-armes-seconde-guerre-mondiale-denix\/pistolet-automatique-m1911a1-patine-et-vieilli\/","url":"https:\/\/repliquemangacine.fr\/reproductions-armes-seconde-guerre-mondiale-denix\/pistolet-automatique-m1911a1-patine-et-vieilli\/","name":"Pistola automatica M1911A1 con patina e finitura antica - R\u00e9plique Manga Cin\u00e9","isPartOf":{"@id":"https:\/\/repliquemangacine.fr\/#website"},"primaryImageOfPage":{"@id":"https:\/\/repliquemangacine.fr\/reproductions-armes-seconde-guerre-mondiale-denix\/pistolet-automatique-m1911a1-patine-et-vieilli\/#primaryimage"},"image":{"@id":"https:\/\/repliquemangacine.fr\/reproductions-armes-seconde-guerre-mondiale-denix\/pistolet-automatique-m1911a1-patine-et-vieilli\/#primaryimage"},"thumbnailUrl":"https:\/\/repliquemangacine.fr\/wp-content\/uploads\/2025\/05\/Pistolet-automatique-M1911A1-patine.jpg","datePublished":"2025-05-28T18:36:36+00:00","dateModified":"2026-02-20T11:21:34+00:00","description":"Replica della pistola automatica M1911A1, patinata e invecchiata da Denix. Emblematica delle due guerre mondiali. Ideale per i collezionisti.","breadcrumb":{"@id":"https:\/\/repliquemangacine.fr\/reproductions-armes-seconde-guerre-mondiale-denix\/pistolet-automatique-m1911a1-patine-et-vieilli\/#breadcrumb"},"inLanguage":"it-IT","potentialAction":[{"@type":"ReadAction","target":["https:\/\/repliquemangacine.fr\/reproductions-armes-seconde-guerre-mondiale-denix\/pistolet-automatique-m1911a1-patine-et-vieilli\/"]}]},{"@type":"ImageObject","inLanguage":"it-IT","@id":"https:\/\/repliquemangacine.fr\/reproductions-armes-seconde-guerre-mondiale-denix\/pistolet-automatique-m1911a1-patine-et-vieilli\/#primaryimage","url":"https:\/\/repliquemangacine.fr\/wp-content\/uploads\/2025\/05\/Pistolet-automatique-M1911A1-patine.jpg","contentUrl":"https:\/\/repliquemangacine.fr\/wp-content\/uploads\/2025\/05\/Pistolet-automatique-M1911A1-patine.jpg","width":800,"height":800,"caption":"Pistolet automatique M1911A1 patin\u00e9"},{"@type":"BreadcrumbList","@id":"https:\/\/repliquemangacine.fr\/reproductions-armes-seconde-guerre-mondiale-denix\/pistolet-automatique-m1911a1-patine-et-vieilli\/#breadcrumb","itemListElement":[{"@type":"ListItem","position":1,"name":"Accueil","item":"https:\/\/repliquemangacine.fr\/"},{"@type":"ListItem","position":2,"name":"Produits","item":"https:\/\/repliquemangacine.fr\/boutique\/"},{"@type":"ListItem","position":3,"name":"Pistolet automatique M1911A1 patin\u00e9 et vieilli"}]},{"@type":"WebSite","@id":"https:\/\/repliquemangacine.fr\/#website","url":"https:\/\/repliquemangacine.fr\/","name":"R\u00e9plique Manga Cin\u00e9","description":"","publisher":{"@id":"https:\/\/repliquemangacine.fr\/#organization"},"potentialAction":[{"@type":"SearchAction","target":{"@type":"EntryPoint","urlTemplate":"https:\/\/repliquemangacine.fr\/?s={search_term_string}"},"query-input":{"@type":"PropertyValueSpecification","valueRequired":true,"valueName":"search_term_string"}}],"inLanguage":"it-IT"},{"@type":"Organization","@id":"https:\/\/repliquemangacine.fr\/#organization","name":"R\u00e9plique Manga Cin\u00e9","url":"https:\/\/repliquemangacine.fr\/","logo":{"@type":"ImageObject","inLanguage":"it-IT","@id":"https:\/\/repliquemangacine.fr\/#\/schema\/logo\/image\/","url":"https:\/\/repliquemangacine.fr\/wp-content\/uploads\/2023\/10\/RMC-500250.png","contentUrl":"https:\/\/repliquemangacine.fr\/wp-content\/uploads\/2023\/10\/RMC-500250.png","width":500,"height":250,"caption":"R\u00e9plique Manga Cin\u00e9"},"image":{"@id":"https:\/\/repliquemangacine.fr\/#\/schema\/logo\/image\/"},"sameAs":["https:\/\/www.facebook.com\/RepliqueMangaCine","https:\/\/www.instagram.com\/repliquemangacine.fr\/"]}]}},"_links":{"self":[{"href":"https:\/\/repliquemangacine.fr\/it\/wp-json\/wp\/v2\/product\/84669","targetHints":{"allow":["GET"]}}],"collection":[{"href":"https:\/\/repliquemangacine.fr\/it\/wp-json\/wp\/v2\/product"}],"about":[{"href":"https:\/\/repliquemangacine.fr\/it\/wp-json\/wp\/v2\/types\/product"}],"wp:featuredmedia":[{"embeddable":true,"href":"https:\/\/repliquemangacine.fr\/it\/wp-json\/wp\/v2\/media\/84671"}],"wp:attachment":[{"href":"https:\/\/repliquemangacine.fr\/it\/wp-json\/wp\/v2\/media?parent=84669"}],"wp:term":[{"taxonomy":"product_brand","embeddable":true,"href":"https:\/\/repliquemangacine.fr\/it\/wp-json\/wp\/v2\/product_brand?post=84669"},{"taxonomy":"product_cat","embeddable":true,"href":"https:\/\/repliquemangacine.fr\/it\/wp-json\/wp\/v2\/product_cat?post=84669"},{"taxonomy":"product_tag","embeddable":true,"href":"https:\/\/repliquemangacine.fr\/it\/wp-json\/wp\/v2\/product_tag?post=84669"}],"curies":[{"name":"wp","href":"https:\/\/api.w.org\/{rel}","templated":true}]}}