





{"id":84566,"date":"2025-05-24T18:15:03","date_gmt":"2025-05-24T16:15:03","guid":{"rendered":"https:\/\/repliquemangacine.fr\/?post_type=product&#038;p=84566"},"modified":"2026-03-25T15:58:21","modified_gmt":"2026-03-25T14:58:21","slug":"spada-tradizionale-della-dinastia-tang","status":"publish","type":"product","link":"https:\/\/repliquemangacine.fr\/it\/katana-decoration\/epee-traditionnelle-dynastie-tang\/","title":{"rendered":"Spada tradizionale della dinastia Tang"},"content":{"rendered":"<h2>Spada tradizionale della dinastia Tang - L'eleganza di un'epoca imperiale<\/h2>\n<p>Prima di tutto, immergetevi nel cuore della <a href=\"https:\/\/www.nationalgeographic.fr\/histoire\/la-revolte-des-taiping-cauchemar-de-la-derniere-dynastie-imperiale-de-chine\" target=\"_blank\" rel=\"noopener noreferrer\">Cina imperiale<\/a> con questa replica autentica ispirata a <strong>Spada tradizionale della dinastia Tang<\/strong>\u00a0(618-907 d.C.). Uno dei periodi pi\u00f9 prosperi, artistici e potenti della storia cinese.<\/p>\n<p>Immaginate poi un ufficiale dell'esercito imperiale, in armatura decorata, che avanza nella nebbia mattutina. Alla cintura: una lama diritta, affilata, dal metallo scintillante. \u00c8 la spada Tang, simbolo di \u00e9lite e lealt\u00e0 verso l'imperatore. Questa replica potente ed elegante si ispira ai modelli dell'VIII secolo. Infatti, la sua silhouette sobria ma raffinata evoca la disciplina e l'eccellenza militare dell'antica Cina. Ogni dettaglio ricorda l'epoca d'oro della dinastia Tang, in cui arte e guerra andavano di pari passo. Realizzata con cura, unisce bellezza e robustezza. \u00c8 proprio questa stessa potenza che vi proponiamo oggi, con una replica fedele allo spirito dell'epoca.<\/p>\n<h2>La spada Tang: dettagli nobili per un collezionista esigente<\/h2>\n<p>Per cominciare, immaginate un generale dell'impero Tang che cammina con sicurezza nei corridoi del palazzo reale. Alla cintura porta l'arma delle alte sfere militari: una spada diritta, temibile e raffinata.<\/p>\n<p>Incisa con motivi eleganti, questa spada unisce estetica e prestazioni. Evoca anche i duelli d'onore, le parate militari e la disciplina marziale di un'epoca prestigiosa.<\/p>\n<p>Il design, fedele all'immaginario dei generali dell'epoca Tang, con il suo guardamano in acciaio massiccio invecchiato, decorato con due teste di drago intrecciate, incarna perfettamente la simbologia imperiale. Il fodero in legno, rivestito con un tessuto spesso decorato con draghi tradizionali, completa questo pezzo eccezionale.\u00a0 Inoltre, alle estremit\u00e0 e al centro sono presenti elementi metallici finemente scolpiti. Anche la corda nera, decorata con due pompon con perline in legno, aggiunge un tocco cerimoniale e autentico.<\/p>\n<h2>Perch\u00e9 aggiungerlo alla vostra collezione?<\/h2>\n<p>Che siate collezionisti, appassionati di arti marziali cinesi (Wushu, Tai Chi) o amanti delle armi storiche, questa spada Tang \u00e8 pi\u00f9 di una semplice replica: \u00e8 un tributo a un'epoca d'oro dell'arte militare asiatica.<\/p>\n<ul>\n<li>Design storico fedele all'immaginazione dei generali dell'epoca Tang<\/li>\n<li>Lama bilanciata, perfetta per dimostrazioni ed esposizioni<\/li>\n<li>Un tocco di esotismo e raffinatezza per gli amanti delle arti marziali o degli oggetti d'epoca. Una stanza di carattere, tra arti marziali e decorazioni di alta gamma.<\/li>\n<\/ul>\n<p>Idea regalo originale per gli appassionati di storia, dell'antica Cina o della cultura asiatica. In conclusione, non lasciatevi sfuggire la storia! Regalatevi una parte dell'eredit\u00e0 imperiale con questo pezzo eccezionale.<\/p>\n<p>Va sottolineato che \u00e8 possibile trovare anche l\u2019<a href=\"https:\/\/repliquemangacine.fr\/it\/decorazione-della-katana\/spada-tradizionale-della-dinastia-ming\/\">spada tradizionale della dinastia Ming<\/a>.<\/p>","protected":false},"excerpt":{"rendered":"<p>Una superba spada tradizionale della dinastia Tang, un pezzo emblematico della storia militare e culturale cinese.<\/p>\n<ul>\n<li>Lama dritta in acciaio inossidabile con elegante incisione<\/li>\n<li>Manico in legno rivestito in pelle per una presa sicura<\/li>\n<li>Pomello in metallo antico a forma di artigli<\/li>\n<li>Elsa in acciaio massiccio, anch'essa invecchiata, raffigurante due teste di drago intrecciate.<\/li>\n<li>Fodero in legno rivestito di tessuto spesso con decorazione di draghi.<\/li>\n<li>Parti metalliche finemente decorate alle estremit\u00e0 del fodero e al centro. Cordoncino nero e due pompon con perline di legno.<\/li>\n<li>Lunghezza lama: 71 cm - Lunghezza totale: 106,5 cm senza fodero e 111,5 cm con fodero<\/li>\n<li>Peso: 1455 g senza fodero e 1950 g con fodero<\/li>\n<\/ul>","protected":false},"featured_media":84567,"template":"","meta":[],"product_brand":[896],"product_cat":[44,26,32],"product_tag":[],"class_list":{"0":"post-84566","1":"product","2":"type-product","3":"status-publish","4":"has-post-thumbnail","6":"product_brand-replique-manga-cine","7":"product_cat-epees-et-dagues-fantasy","8":"product_cat-katana-epee","9":"product_cat-katana-decoration","11":"first","12":"instock","13":"taxable","14":"shipping-taxable","15":"purchasable","16":"product-type-simple"},"yoast_head":"<!-- This site is optimized with the Yoast SEO plugin v27.4 - https:\/\/yoast.com\/product\/yoast-seo-wordpress\/ -->\n<title>\u00c9p\u00e9e Traditionnelle Dynastie Tang - R\u00e9plique Manga Cin\u00e9<\/title>\n<meta name=\"description\" content=\"Faites entrer la grandeur imp\u00e9riale chez vous ! Avec cette \u00c9p\u00e9e Traditionnelle Dynastie Tang, un fragment d&#039;histoire \u00e0 votre port\u00e9e. 106.5 cm\" \/>\n<meta name=\"robots\" content=\"index, follow, max-snippet:-1, max-image-preview:large, max-video-preview:-1\" \/>\n<link rel=\"canonical\" href=\"https:\/\/repliquemangacine.fr\/it\/decorazione-della-katana\/spada-tradizionale-della-dinastia-tang\/\" \/>\n<meta property=\"og:locale\" content=\"it_IT\" \/>\n<meta property=\"og:type\" content=\"article\" \/>\n<meta property=\"og:title\" content=\"\u00c9p\u00e9e Traditionnelle Dynastie Tang - R\u00e9plique Manga Cin\u00e9\" \/>\n<meta property=\"og:description\" content=\"Faites entrer la grandeur imp\u00e9riale chez vous ! Avec cette \u00c9p\u00e9e Traditionnelle Dynastie Tang, un fragment d&#039;histoire \u00e0 votre port\u00e9e. 106.5 cm\" \/>\n<meta property=\"og:url\" content=\"https:\/\/repliquemangacine.fr\/it\/decorazione-della-katana\/spada-tradizionale-della-dinastia-tang\/\" \/>\n<meta property=\"og:site_name\" content=\"R\u00e9plique Manga Cin\u00e9\" \/>\n<meta property=\"article:publisher\" content=\"https:\/\/www.facebook.com\/RepliqueMangaCine\" \/>\n<meta property=\"article:modified_time\" content=\"2026-03-25T14:58:21+00:00\" \/>\n<meta property=\"og:image\" content=\"https:\/\/repliquemangacine.fr\/wp-content\/uploads\/2025\/05\/Epee-Traditionnelle-Dynasty-Tang.jpg\" \/>\n\t<meta property=\"og:image:width\" content=\"800\" \/>\n\t<meta property=\"og:image:height\" content=\"800\" \/>\n\t<meta property=\"og:image:type\" content=\"image\/jpeg\" \/>\n<meta name=\"twitter:card\" content=\"summary_large_image\" \/>\n<meta name=\"twitter:label1\" content=\"Tempo di lettura stimato\" \/>\n\t<meta name=\"twitter:data1\" content=\"3 minuti\" \/>\n<script type=\"application\/ld+json\" class=\"yoast-schema-graph\">{\"@context\":\"https:\\\/\\\/schema.org\",\"@graph\":[{\"@type\":\"WebPage\",\"@id\":\"https:\\\/\\\/repliquemangacine.fr\\\/katana-decoration\\\/epee-traditionnelle-dynastie-tang\\\/\",\"url\":\"https:\\\/\\\/repliquemangacine.fr\\\/katana-decoration\\\/epee-traditionnelle-dynastie-tang\\\/\",\"name\":\"\u00c9p\u00e9e Traditionnelle Dynastie Tang - R\u00e9plique Manga Cin\u00e9\",\"isPartOf\":{\"@id\":\"https:\\\/\\\/repliquemangacine.fr\\\/#website\"},\"primaryImageOfPage\":{\"@id\":\"https:\\\/\\\/repliquemangacine.fr\\\/katana-decoration\\\/epee-traditionnelle-dynastie-tang\\\/#primaryimage\"},\"image\":{\"@id\":\"https:\\\/\\\/repliquemangacine.fr\\\/katana-decoration\\\/epee-traditionnelle-dynastie-tang\\\/#primaryimage\"},\"thumbnailUrl\":\"https:\\\/\\\/repliquemangacine.fr\\\/wp-content\\\/uploads\\\/2025\\\/05\\\/Epee-Traditionnelle-Dynasty-Tang.jpg\",\"datePublished\":\"2025-05-24T16:15:03+00:00\",\"dateModified\":\"2026-03-25T14:58:21+00:00\",\"description\":\"Faites entrer la grandeur imp\u00e9riale chez vous ! Avec cette \u00c9p\u00e9e Traditionnelle Dynastie Tang, un fragment d'histoire \u00e0 votre port\u00e9e. 106.5 cm\",\"breadcrumb\":{\"@id\":\"https:\\\/\\\/repliquemangacine.fr\\\/katana-decoration\\\/epee-traditionnelle-dynastie-tang\\\/#breadcrumb\"},\"inLanguage\":\"it-IT\",\"potentialAction\":[{\"@type\":\"ReadAction\",\"target\":[\"https:\\\/\\\/repliquemangacine.fr\\\/katana-decoration\\\/epee-traditionnelle-dynastie-tang\\\/\"]}]},{\"@type\":\"ImageObject\",\"inLanguage\":\"it-IT\",\"@id\":\"https:\\\/\\\/repliquemangacine.fr\\\/katana-decoration\\\/epee-traditionnelle-dynastie-tang\\\/#primaryimage\",\"url\":\"https:\\\/\\\/repliquemangacine.fr\\\/wp-content\\\/uploads\\\/2025\\\/05\\\/Epee-Traditionnelle-Dynasty-Tang.jpg\",\"contentUrl\":\"https:\\\/\\\/repliquemangacine.fr\\\/wp-content\\\/uploads\\\/2025\\\/05\\\/Epee-Traditionnelle-Dynasty-Tang.jpg\",\"width\":800,\"height\":800,\"caption\":\"\u00c9p\u00e9e Traditionnelle Dynastie Tang\"},{\"@type\":\"BreadcrumbList\",\"@id\":\"https:\\\/\\\/repliquemangacine.fr\\\/katana-decoration\\\/epee-traditionnelle-dynastie-tang\\\/#breadcrumb\",\"itemListElement\":[{\"@type\":\"ListItem\",\"position\":1,\"name\":\"Accueil\",\"item\":\"https:\\\/\\\/repliquemangacine.fr\\\/\"},{\"@type\":\"ListItem\",\"position\":2,\"name\":\"Produits\",\"item\":\"https:\\\/\\\/repliquemangacine.fr\\\/boutique\\\/\"},{\"@type\":\"ListItem\",\"position\":3,\"name\":\"\u00c9p\u00e9e Traditionnelle Dynastie Tang\"}]},{\"@type\":\"WebSite\",\"@id\":\"https:\\\/\\\/repliquemangacine.fr\\\/#website\",\"url\":\"https:\\\/\\\/repliquemangacine.fr\\\/\",\"name\":\"R\u00e9plique Manga Cin\u00e9\",\"description\":\"\",\"publisher\":{\"@id\":\"https:\\\/\\\/repliquemangacine.fr\\\/#organization\"},\"potentialAction\":[{\"@type\":\"SearchAction\",\"target\":{\"@type\":\"EntryPoint\",\"urlTemplate\":\"https:\\\/\\\/repliquemangacine.fr\\\/?s={search_term_string}\"},\"query-input\":{\"@type\":\"PropertyValueSpecification\",\"valueRequired\":true,\"valueName\":\"search_term_string\"}}],\"inLanguage\":\"it-IT\"},{\"@type\":\"Organization\",\"@id\":\"https:\\\/\\\/repliquemangacine.fr\\\/#organization\",\"name\":\"R\u00e9plique Manga Cin\u00e9\",\"url\":\"https:\\\/\\\/repliquemangacine.fr\\\/\",\"logo\":{\"@type\":\"ImageObject\",\"inLanguage\":\"it-IT\",\"@id\":\"https:\\\/\\\/repliquemangacine.fr\\\/#\\\/schema\\\/logo\\\/image\\\/\",\"url\":\"https:\\\/\\\/repliquemangacine.fr\\\/wp-content\\\/uploads\\\/2023\\\/10\\\/RMC-500250.png\",\"contentUrl\":\"https:\\\/\\\/repliquemangacine.fr\\\/wp-content\\\/uploads\\\/2023\\\/10\\\/RMC-500250.png\",\"width\":500,\"height\":250,\"caption\":\"R\u00e9plique Manga Cin\u00e9\"},\"image\":{\"@id\":\"https:\\\/\\\/repliquemangacine.fr\\\/#\\\/schema\\\/logo\\\/image\\\/\"},\"sameAs\":[\"https:\\\/\\\/www.facebook.com\\\/RepliqueMangaCine\",\"https:\\\/\\\/www.instagram.com\\\/repliquemangacine.fr\\\/\"]}]}<\/script>\n<!-- \/ Yoast SEO plugin. -->","yoast_head_json":{"title":"Spada tradizionale della dinastia Tang - R\u00e9plique Manga Cin\u00e9","description":"Portate la grandezza imperiale nella vostra casa! Con questa spada tradizionale della dinastia Tang, un frammento di storia \u00e8 a portata di mano. 106,5 cm","robots":{"index":"index","follow":"follow","max-snippet":"max-snippet:-1","max-image-preview":"max-image-preview:large","max-video-preview":"max-video-preview:-1"},"canonical":"https:\/\/repliquemangacine.fr\/it\/decorazione-della-katana\/spada-tradizionale-della-dinastia-tang\/","og_locale":"it_IT","og_type":"article","og_title":"\u00c9p\u00e9e Traditionnelle Dynastie Tang - R\u00e9plique Manga Cin\u00e9","og_description":"Faites entrer la grandeur imp\u00e9riale chez vous ! Avec cette \u00c9p\u00e9e Traditionnelle Dynastie Tang, un fragment d'histoire \u00e0 votre port\u00e9e. 106.5 cm","og_url":"https:\/\/repliquemangacine.fr\/it\/decorazione-della-katana\/spada-tradizionale-della-dinastia-tang\/","og_site_name":"R\u00e9plique Manga Cin\u00e9","article_publisher":"https:\/\/www.facebook.com\/RepliqueMangaCine","article_modified_time":"2026-03-25T14:58:21+00:00","og_image":[{"width":800,"height":800,"url":"https:\/\/repliquemangacine.fr\/wp-content\/uploads\/2025\/05\/Epee-Traditionnelle-Dynasty-Tang.jpg","type":"image\/jpeg"}],"twitter_card":"summary_large_image","twitter_misc":{"Tempo di lettura stimato":"3 minuti"},"schema":{"@context":"https:\/\/schema.org","@graph":[{"@type":"WebPage","@id":"https:\/\/repliquemangacine.fr\/katana-decoration\/epee-traditionnelle-dynastie-tang\/","url":"https:\/\/repliquemangacine.fr\/katana-decoration\/epee-traditionnelle-dynastie-tang\/","name":"Spada tradizionale della dinastia Tang - R\u00e9plique Manga Cin\u00e9","isPartOf":{"@id":"https:\/\/repliquemangacine.fr\/#website"},"primaryImageOfPage":{"@id":"https:\/\/repliquemangacine.fr\/katana-decoration\/epee-traditionnelle-dynastie-tang\/#primaryimage"},"image":{"@id":"https:\/\/repliquemangacine.fr\/katana-decoration\/epee-traditionnelle-dynastie-tang\/#primaryimage"},"thumbnailUrl":"https:\/\/repliquemangacine.fr\/wp-content\/uploads\/2025\/05\/Epee-Traditionnelle-Dynasty-Tang.jpg","datePublished":"2025-05-24T16:15:03+00:00","dateModified":"2026-03-25T14:58:21+00:00","description":"Portate la grandezza imperiale nella vostra casa! Con questa spada tradizionale della dinastia Tang, un frammento di storia \u00e8 a portata di mano. 106,5 cm","breadcrumb":{"@id":"https:\/\/repliquemangacine.fr\/katana-decoration\/epee-traditionnelle-dynastie-tang\/#breadcrumb"},"inLanguage":"it-IT","potentialAction":[{"@type":"ReadAction","target":["https:\/\/repliquemangacine.fr\/katana-decoration\/epee-traditionnelle-dynastie-tang\/"]}]},{"@type":"ImageObject","inLanguage":"it-IT","@id":"https:\/\/repliquemangacine.fr\/katana-decoration\/epee-traditionnelle-dynastie-tang\/#primaryimage","url":"https:\/\/repliquemangacine.fr\/wp-content\/uploads\/2025\/05\/Epee-Traditionnelle-Dynasty-Tang.jpg","contentUrl":"https:\/\/repliquemangacine.fr\/wp-content\/uploads\/2025\/05\/Epee-Traditionnelle-Dynasty-Tang.jpg","width":800,"height":800,"caption":"\u00c9p\u00e9e Traditionnelle Dynastie Tang"},{"@type":"BreadcrumbList","@id":"https:\/\/repliquemangacine.fr\/katana-decoration\/epee-traditionnelle-dynastie-tang\/#breadcrumb","itemListElement":[{"@type":"ListItem","position":1,"name":"Accueil","item":"https:\/\/repliquemangacine.fr\/"},{"@type":"ListItem","position":2,"name":"Produits","item":"https:\/\/repliquemangacine.fr\/boutique\/"},{"@type":"ListItem","position":3,"name":"\u00c9p\u00e9e Traditionnelle Dynastie Tang"}]},{"@type":"WebSite","@id":"https:\/\/repliquemangacine.fr\/#website","url":"https:\/\/repliquemangacine.fr\/","name":"R\u00e9plique Manga Cin\u00e9","description":"","publisher":{"@id":"https:\/\/repliquemangacine.fr\/#organization"},"potentialAction":[{"@type":"SearchAction","target":{"@type":"EntryPoint","urlTemplate":"https:\/\/repliquemangacine.fr\/?s={search_term_string}"},"query-input":{"@type":"PropertyValueSpecification","valueRequired":true,"valueName":"search_term_string"}}],"inLanguage":"it-IT"},{"@type":"Organization","@id":"https:\/\/repliquemangacine.fr\/#organization","name":"R\u00e9plique Manga Cin\u00e9","url":"https:\/\/repliquemangacine.fr\/","logo":{"@type":"ImageObject","inLanguage":"it-IT","@id":"https:\/\/repliquemangacine.fr\/#\/schema\/logo\/image\/","url":"https:\/\/repliquemangacine.fr\/wp-content\/uploads\/2023\/10\/RMC-500250.png","contentUrl":"https:\/\/repliquemangacine.fr\/wp-content\/uploads\/2023\/10\/RMC-500250.png","width":500,"height":250,"caption":"R\u00e9plique Manga Cin\u00e9"},"image":{"@id":"https:\/\/repliquemangacine.fr\/#\/schema\/logo\/image\/"},"sameAs":["https:\/\/www.facebook.com\/RepliqueMangaCine","https:\/\/www.instagram.com\/repliquemangacine.fr\/"]}]}},"_links":{"self":[{"href":"https:\/\/repliquemangacine.fr\/it\/wp-json\/wp\/v2\/product\/84566","targetHints":{"allow":["GET"]}}],"collection":[{"href":"https:\/\/repliquemangacine.fr\/it\/wp-json\/wp\/v2\/product"}],"about":[{"href":"https:\/\/repliquemangacine.fr\/it\/wp-json\/wp\/v2\/types\/product"}],"wp:featuredmedia":[{"embeddable":true,"href":"https:\/\/repliquemangacine.fr\/it\/wp-json\/wp\/v2\/media\/84567"}],"wp:attachment":[{"href":"https:\/\/repliquemangacine.fr\/it\/wp-json\/wp\/v2\/media?parent=84566"}],"wp:term":[{"taxonomy":"product_brand","embeddable":true,"href":"https:\/\/repliquemangacine.fr\/it\/wp-json\/wp\/v2\/product_brand?post=84566"},{"taxonomy":"product_cat","embeddable":true,"href":"https:\/\/repliquemangacine.fr\/it\/wp-json\/wp\/v2\/product_cat?post=84566"},{"taxonomy":"product_tag","embeddable":true,"href":"https:\/\/repliquemangacine.fr\/it\/wp-json\/wp\/v2\/product_tag?post=84566"}],"curies":[{"name":"wp","href":"https:\/\/api.w.org\/{rel}","templated":true}]}}