





{"id":84438,"date":"2025-05-19T18:09:14","date_gmt":"2025-05-19T16:09:14","guid":{"rendered":"https:\/\/repliquemangacine.fr\/?post_type=product&#038;p=84438"},"modified":"2025-11-13T00:47:13","modified_gmt":"2025-11-12T23:47:13","slug":"luce-sacra-della-luna-prima-della-trasformazione-di-bloodborne","status":"publish","type":"product","link":"https:\/\/repliquemangacine.fr\/it\/katana-et-epee-de-jeux-video-autre-jeux-video\/holy-moonlight-avant-transformation-bloodborne\/","title":{"rendered":"Luce della luna prima della trasformazione - Bloodborne"},"content":{"rendered":"<h2>La spada del Sacro Chiaro di Luna: l'artefatto essenziale per i cacciatori<\/h2>\n<p>In primo luogo, la spada <strong>Il chiaro di luna prima della trasformazione<\/strong>un pezzo leggendario del mondo di <a href=\"https:\/\/bloodborne.fandom.com\/wiki\/Bloodborne_Wiki\" target=\"_blank\" rel=\"noopener noreferrer\">Sanguinolento<\/a>. Nella sua forma originale, incarna la potenza bruta e l'eredit\u00e0 dei cacciatori. Il suo aspetto sobrio, con una lama massiccia e robusta, riflette tutta la forza contenuta in quest'arma iconica. Per i fan del gioco, questa replica \u00e8 un vero e proprio omaggio a una delle armi pi\u00f9 emblematiche.<\/p>\n<p>Grazie alla sua solida struttura, la spada Holy Moonlight \u00e8 perfetta per gli appassionati di repliche di qualit\u00e0. Il suo design fedele al modello del gioco rende omaggio allo spirito di Bloodborne. Che tu sia un collezionista o un appassionato dell'universo gotico di FromSoftware, questa spada trover\u00e0 naturalmente posto nella tua collezione.<\/p>\n<h2>Luce sacra della luna prima della trasformazione: potere ineguagliabile<\/h2>\n<p>Quando non \u00e8 trasformata, la spada Holy Moonlight conserva il suo carattere imponente. Gli attacchi sono rapidi, taglienti e consentono di sconfiggere i nemici senza piet\u00e0. Il suo maneggio equilibrato la rende un'arma temibile, anche nei combattimenti pi\u00f9 intensi. Inoltre, il suo design ricorda le grandi spade dei cavalieri leggendari, rafforzandone l'aspetto eroico.<\/p>\n<p>Questa forma grezza \u00e8 perfetta per i combattimenti ravvicinati, in particolare contro le creature di Yharnam. I giocatori che apprezzano le armi potenti e maneggevoli troveranno qui un grande vantaggio per dominare i propri avversari. Di conseguenza, si distingue per la sua versatilit\u00e0 ed efficacia.<\/p>\n<h2>La spada sacra al chiaro di luna trasformata: l'essenza della magia lunare<\/h2>\n<p>Al contrario, la versione trasformata della spada Holy Moonlight rivela tutto il suo potenziale magico. Avvolta da un'aura blu e luminosa, la lama \u00e8 in grado di proiettare onde di energia. Questa versione sublima l'arma e le conferisce una dimensione mistica innegabile. Per gli appassionati degli attacchi arcani, diventa l'arma perfetta per affrontare orde di nemici.<\/p>\n<p>Del resto, possedere entrambe le versioni di questa spada significa possedere l'essenza stessa del potere della luna e della forza bruta. Un pezzo eccezionale che illustra perfettamente l'evoluzione delle armi in Bloodborne.<\/p>\n<h2>Altre spade leggendarie per i collezionisti<\/h2>\n<p>Su R\u00e9plique Manga Cin\u00e9, gli appassionati di armi iconiche possono trovare anche altre spade altrettanto impressionanti. Queste includono la<a href=\"https:\/\/repliquemangacine.fr\/it\/anello-di-elden\/spada-di-luna-oscura-spada-grande-anello-elden\/\">Spada della Luna Nera di Elden Ring<\/a>. Questa arma mitica, con la sua lama blu scintillante, simboleggia la magia lunare e il potere dei cavalieri. Un pezzo imperdibile per i fan della serie.<\/p>\n<p>Inoltre, la <a href=\"https:\/\/repliquemangacine.fr\/it\/katana-e-spada-videogiochi-altri-videogiochi\/spada-del-diavolo-epee-du-diable-de-dante-diavolo-il-mio-grido\/\">Spada del diavolo di Dante<\/a> di Devil May Cry \u00e8 disponibile. Il suo design demoniaco e la sua potenza leggendaria la rendono un'arma spettacolare. Senza dimenticare il<a href=\"https:\/\/repliquemangacine.fr\/it\/katana-e-manga-spada-anime-altri-manga\/spada-dragon-slayer-berserk-guts\/\">spada di budella<\/a>, il Dragon Slayer di Berserk, un vero colosso di metallo in grado di falciare interi eserciti.<\/p>\n<p>In conclusione, tutte queste repliche vi aspettano sul nostro sito per arricchire la vostra collezione. Esplorate il nostro catalogo e scoprite le armi leggendarie provenienti dalle pi\u00f9 grandi saghe videoludiche e animate.<\/p>\n<p>&nbsp;<\/p>","protected":false},"excerpt":{"rendered":"<p>Superba replica della spada Holy Moonlight (<span class=\"Y2IQFc\" lang=\"fr\">Sacred Moonlight) nel gioco Bloodborne.<\/span><\/p>\n<ul>\n<li>Lama in acciaio antico con incisione ed effetto di usura.<\/li>\n<li>Nastro marrone sulla lama che termina sull'impugnatura<\/li>\n<li>Elsa, impugnatura e pomo in metallo anticato finemente e riccamente decorato.<\/li>\n<li>Fornito con il suo supporto a parete in legno a forma di croce.<\/li>\n<li>Lunghezza lama: 76 cm - Lunghezza totale: 101 cm<\/li>\n<li>Peso: 1430 g<\/li>\n<\/ul>","protected":false},"featured_media":84439,"template":"","meta":[],"product_brand":[896],"product_cat":[67],"product_tag":[],"class_list":{"0":"post-84438","1":"product","2":"type-product","3":"status-publish","4":"has-post-thumbnail","6":"product_brand-replique-manga-cine","7":"product_cat-katana-et-epee-de-jeux-video-autre-jeux-video","9":"first","10":"instock","11":"taxable","12":"shipping-taxable","13":"purchasable","14":"product-type-simple"},"yoast_head":"<!-- This site is optimized with the Yoast SEO plugin v27.5 - https:\/\/yoast.com\/product\/yoast-seo-wordpress\/ -->\n<title>Holy Moonlight avant transformation - Bloodborne - R\u00e9plique Manga Cin\u00e9<\/title>\n<meta name=\"description\" content=\"R\u00e9plique de l&#039;\u00e9p\u00e9e Holy Moonlight avant transformation, fid\u00e8le \u00e0 Bloodborne. Une pi\u00e8ce l\u00e9gendaire pour tout collectionneur passionn\u00e9. En m\u00e9tal. 101 cm\" \/>\n<meta name=\"robots\" content=\"index, follow, max-snippet:-1, max-image-preview:large, max-video-preview:-1\" \/>\n<link rel=\"canonical\" href=\"https:\/\/repliquemangacine.fr\/it\/katana-e-spada-videogiochi-altri-videogiochi\/luce-sacra-della-luna-prima-della-trasformazione-di-bloodborne\/\" \/>\n<meta property=\"og:locale\" content=\"it_IT\" \/>\n<meta property=\"og:type\" content=\"article\" \/>\n<meta property=\"og:title\" content=\"Holy Moonlight avant transformation - Bloodborne - R\u00e9plique Manga Cin\u00e9\" \/>\n<meta property=\"og:description\" content=\"R\u00e9plique de l&#039;\u00e9p\u00e9e Holy Moonlight avant transformation, fid\u00e8le \u00e0 Bloodborne. Une pi\u00e8ce l\u00e9gendaire pour tout collectionneur passionn\u00e9. En m\u00e9tal. 101 cm\" \/>\n<meta property=\"og:url\" content=\"https:\/\/repliquemangacine.fr\/it\/katana-e-spada-videogiochi-altri-videogiochi\/luce-sacra-della-luna-prima-della-trasformazione-di-bloodborne\/\" \/>\n<meta property=\"og:site_name\" content=\"R\u00e9plique Manga Cin\u00e9\" \/>\n<meta property=\"article:publisher\" content=\"https:\/\/www.facebook.com\/RepliqueMangaCine\" \/>\n<meta property=\"article:modified_time\" content=\"2025-11-12T23:47:13+00:00\" \/>\n<meta property=\"og:image\" content=\"https:\/\/repliquemangacine.fr\/wp-content\/uploads\/2025\/05\/Holy-Moonlight-avant-transformation.jpg\" \/>\n\t<meta property=\"og:image:width\" content=\"800\" \/>\n\t<meta property=\"og:image:height\" content=\"800\" \/>\n\t<meta property=\"og:image:type\" content=\"image\/jpeg\" \/>\n<meta name=\"twitter:card\" content=\"summary_large_image\" \/>\n<meta name=\"twitter:label1\" content=\"Tempo di lettura stimato\" \/>\n\t<meta name=\"twitter:data1\" content=\"3 minuti\" \/>\n<script type=\"application\/ld+json\" class=\"yoast-schema-graph\">{\"@context\":\"https:\\\/\\\/schema.org\",\"@graph\":[{\"@type\":\"WebPage\",\"@id\":\"https:\\\/\\\/repliquemangacine.fr\\\/katana-et-epee-de-jeux-video-autre-jeux-video\\\/holy-moonlight-avant-transformation-bloodborne\\\/\",\"url\":\"https:\\\/\\\/repliquemangacine.fr\\\/katana-et-epee-de-jeux-video-autre-jeux-video\\\/holy-moonlight-avant-transformation-bloodborne\\\/\",\"name\":\"Holy Moonlight avant transformation - Bloodborne - R\u00e9plique Manga Cin\u00e9\",\"isPartOf\":{\"@id\":\"https:\\\/\\\/repliquemangacine.fr\\\/#website\"},\"primaryImageOfPage\":{\"@id\":\"https:\\\/\\\/repliquemangacine.fr\\\/katana-et-epee-de-jeux-video-autre-jeux-video\\\/holy-moonlight-avant-transformation-bloodborne\\\/#primaryimage\"},\"image\":{\"@id\":\"https:\\\/\\\/repliquemangacine.fr\\\/katana-et-epee-de-jeux-video-autre-jeux-video\\\/holy-moonlight-avant-transformation-bloodborne\\\/#primaryimage\"},\"thumbnailUrl\":\"https:\\\/\\\/repliquemangacine.fr\\\/wp-content\\\/uploads\\\/2025\\\/05\\\/Holy-Moonlight-avant-transformation.jpg\",\"datePublished\":\"2025-05-19T16:09:14+00:00\",\"dateModified\":\"2025-11-12T23:47:13+00:00\",\"description\":\"R\u00e9plique de l'\u00e9p\u00e9e Holy Moonlight avant transformation, fid\u00e8le \u00e0 Bloodborne. Une pi\u00e8ce l\u00e9gendaire pour tout collectionneur passionn\u00e9. En m\u00e9tal. 101 cm\",\"breadcrumb\":{\"@id\":\"https:\\\/\\\/repliquemangacine.fr\\\/katana-et-epee-de-jeux-video-autre-jeux-video\\\/holy-moonlight-avant-transformation-bloodborne\\\/#breadcrumb\"},\"inLanguage\":\"it-IT\",\"potentialAction\":[{\"@type\":\"ReadAction\",\"target\":[\"https:\\\/\\\/repliquemangacine.fr\\\/katana-et-epee-de-jeux-video-autre-jeux-video\\\/holy-moonlight-avant-transformation-bloodborne\\\/\"]}]},{\"@type\":\"ImageObject\",\"inLanguage\":\"it-IT\",\"@id\":\"https:\\\/\\\/repliquemangacine.fr\\\/katana-et-epee-de-jeux-video-autre-jeux-video\\\/holy-moonlight-avant-transformation-bloodborne\\\/#primaryimage\",\"url\":\"https:\\\/\\\/repliquemangacine.fr\\\/wp-content\\\/uploads\\\/2025\\\/05\\\/Holy-Moonlight-avant-transformation.jpg\",\"contentUrl\":\"https:\\\/\\\/repliquemangacine.fr\\\/wp-content\\\/uploads\\\/2025\\\/05\\\/Holy-Moonlight-avant-transformation.jpg\",\"width\":800,\"height\":800,\"caption\":\"Holy-Moonlight-avant-transformation- Bloodborne\"},{\"@type\":\"BreadcrumbList\",\"@id\":\"https:\\\/\\\/repliquemangacine.fr\\\/katana-et-epee-de-jeux-video-autre-jeux-video\\\/holy-moonlight-avant-transformation-bloodborne\\\/#breadcrumb\",\"itemListElement\":[{\"@type\":\"ListItem\",\"position\":1,\"name\":\"Accueil\",\"item\":\"https:\\\/\\\/repliquemangacine.fr\\\/\"},{\"@type\":\"ListItem\",\"position\":2,\"name\":\"Produits\",\"item\":\"https:\\\/\\\/repliquemangacine.fr\\\/boutique\\\/\"},{\"@type\":\"ListItem\",\"position\":3,\"name\":\"Holy Moonlight avant transformation &#8211; Bloodborne\"}]},{\"@type\":\"WebSite\",\"@id\":\"https:\\\/\\\/repliquemangacine.fr\\\/#website\",\"url\":\"https:\\\/\\\/repliquemangacine.fr\\\/\",\"name\":\"R\u00e9plique Manga Cin\u00e9\",\"description\":\"\",\"publisher\":{\"@id\":\"https:\\\/\\\/repliquemangacine.fr\\\/#organization\"},\"potentialAction\":[{\"@type\":\"SearchAction\",\"target\":{\"@type\":\"EntryPoint\",\"urlTemplate\":\"https:\\\/\\\/repliquemangacine.fr\\\/?s={search_term_string}\"},\"query-input\":{\"@type\":\"PropertyValueSpecification\",\"valueRequired\":true,\"valueName\":\"search_term_string\"}}],\"inLanguage\":\"it-IT\"},{\"@type\":\"Organization\",\"@id\":\"https:\\\/\\\/repliquemangacine.fr\\\/#organization\",\"name\":\"R\u00e9plique Manga Cin\u00e9\",\"url\":\"https:\\\/\\\/repliquemangacine.fr\\\/\",\"logo\":{\"@type\":\"ImageObject\",\"inLanguage\":\"it-IT\",\"@id\":\"https:\\\/\\\/repliquemangacine.fr\\\/#\\\/schema\\\/logo\\\/image\\\/\",\"url\":\"https:\\\/\\\/repliquemangacine.fr\\\/wp-content\\\/uploads\\\/2023\\\/10\\\/RMC-500250.png\",\"contentUrl\":\"https:\\\/\\\/repliquemangacine.fr\\\/wp-content\\\/uploads\\\/2023\\\/10\\\/RMC-500250.png\",\"width\":500,\"height\":250,\"caption\":\"R\u00e9plique Manga Cin\u00e9\"},\"image\":{\"@id\":\"https:\\\/\\\/repliquemangacine.fr\\\/#\\\/schema\\\/logo\\\/image\\\/\"},\"sameAs\":[\"https:\\\/\\\/www.facebook.com\\\/RepliqueMangaCine\",\"https:\\\/\\\/www.instagram.com\\\/repliquemangacine.fr\\\/\"]}]}<\/script>\n<!-- \/ Yoast SEO plugin. -->","yoast_head_json":{"title":"Luce della luna prima della trasformazione - Bloodborne - R\u00e9plique Manga Cin\u00e9","description":"Replica della spada Holy Moonlight prima della trasformazione, fedele a Bloodborne. Un pezzo leggendario per ogni appassionato collezionista. Realizzata in metallo. 101 cm","robots":{"index":"index","follow":"follow","max-snippet":"max-snippet:-1","max-image-preview":"max-image-preview:large","max-video-preview":"max-video-preview:-1"},"canonical":"https:\/\/repliquemangacine.fr\/it\/katana-e-spada-videogiochi-altri-videogiochi\/luce-sacra-della-luna-prima-della-trasformazione-di-bloodborne\/","og_locale":"it_IT","og_type":"article","og_title":"Holy Moonlight avant transformation - Bloodborne - R\u00e9plique Manga Cin\u00e9","og_description":"R\u00e9plique de l'\u00e9p\u00e9e Holy Moonlight avant transformation, fid\u00e8le \u00e0 Bloodborne. Une pi\u00e8ce l\u00e9gendaire pour tout collectionneur passionn\u00e9. En m\u00e9tal. 101 cm","og_url":"https:\/\/repliquemangacine.fr\/it\/katana-e-spada-videogiochi-altri-videogiochi\/luce-sacra-della-luna-prima-della-trasformazione-di-bloodborne\/","og_site_name":"R\u00e9plique Manga Cin\u00e9","article_publisher":"https:\/\/www.facebook.com\/RepliqueMangaCine","article_modified_time":"2025-11-12T23:47:13+00:00","og_image":[{"width":800,"height":800,"url":"https:\/\/repliquemangacine.fr\/wp-content\/uploads\/2025\/05\/Holy-Moonlight-avant-transformation.jpg","type":"image\/jpeg"}],"twitter_card":"summary_large_image","twitter_misc":{"Tempo di lettura stimato":"3 minuti"},"schema":{"@context":"https:\/\/schema.org","@graph":[{"@type":"WebPage","@id":"https:\/\/repliquemangacine.fr\/katana-et-epee-de-jeux-video-autre-jeux-video\/holy-moonlight-avant-transformation-bloodborne\/","url":"https:\/\/repliquemangacine.fr\/katana-et-epee-de-jeux-video-autre-jeux-video\/holy-moonlight-avant-transformation-bloodborne\/","name":"Luce della luna prima della trasformazione - Bloodborne - R\u00e9plique Manga Cin\u00e9","isPartOf":{"@id":"https:\/\/repliquemangacine.fr\/#website"},"primaryImageOfPage":{"@id":"https:\/\/repliquemangacine.fr\/katana-et-epee-de-jeux-video-autre-jeux-video\/holy-moonlight-avant-transformation-bloodborne\/#primaryimage"},"image":{"@id":"https:\/\/repliquemangacine.fr\/katana-et-epee-de-jeux-video-autre-jeux-video\/holy-moonlight-avant-transformation-bloodborne\/#primaryimage"},"thumbnailUrl":"https:\/\/repliquemangacine.fr\/wp-content\/uploads\/2025\/05\/Holy-Moonlight-avant-transformation.jpg","datePublished":"2025-05-19T16:09:14+00:00","dateModified":"2025-11-12T23:47:13+00:00","description":"Replica della spada Holy Moonlight prima della trasformazione, fedele a Bloodborne. Un pezzo leggendario per ogni appassionato collezionista. Realizzata in metallo. 101 cm","breadcrumb":{"@id":"https:\/\/repliquemangacine.fr\/katana-et-epee-de-jeux-video-autre-jeux-video\/holy-moonlight-avant-transformation-bloodborne\/#breadcrumb"},"inLanguage":"it-IT","potentialAction":[{"@type":"ReadAction","target":["https:\/\/repliquemangacine.fr\/katana-et-epee-de-jeux-video-autre-jeux-video\/holy-moonlight-avant-transformation-bloodborne\/"]}]},{"@type":"ImageObject","inLanguage":"it-IT","@id":"https:\/\/repliquemangacine.fr\/katana-et-epee-de-jeux-video-autre-jeux-video\/holy-moonlight-avant-transformation-bloodborne\/#primaryimage","url":"https:\/\/repliquemangacine.fr\/wp-content\/uploads\/2025\/05\/Holy-Moonlight-avant-transformation.jpg","contentUrl":"https:\/\/repliquemangacine.fr\/wp-content\/uploads\/2025\/05\/Holy-Moonlight-avant-transformation.jpg","width":800,"height":800,"caption":"Holy-Moonlight-avant-transformation- Bloodborne"},{"@type":"BreadcrumbList","@id":"https:\/\/repliquemangacine.fr\/katana-et-epee-de-jeux-video-autre-jeux-video\/holy-moonlight-avant-transformation-bloodborne\/#breadcrumb","itemListElement":[{"@type":"ListItem","position":1,"name":"Accueil","item":"https:\/\/repliquemangacine.fr\/"},{"@type":"ListItem","position":2,"name":"Produits","item":"https:\/\/repliquemangacine.fr\/boutique\/"},{"@type":"ListItem","position":3,"name":"Holy Moonlight avant transformation &#8211; Bloodborne"}]},{"@type":"WebSite","@id":"https:\/\/repliquemangacine.fr\/#website","url":"https:\/\/repliquemangacine.fr\/","name":"R\u00e9plique Manga Cin\u00e9","description":"","publisher":{"@id":"https:\/\/repliquemangacine.fr\/#organization"},"potentialAction":[{"@type":"SearchAction","target":{"@type":"EntryPoint","urlTemplate":"https:\/\/repliquemangacine.fr\/?s={search_term_string}"},"query-input":{"@type":"PropertyValueSpecification","valueRequired":true,"valueName":"search_term_string"}}],"inLanguage":"it-IT"},{"@type":"Organization","@id":"https:\/\/repliquemangacine.fr\/#organization","name":"R\u00e9plique Manga Cin\u00e9","url":"https:\/\/repliquemangacine.fr\/","logo":{"@type":"ImageObject","inLanguage":"it-IT","@id":"https:\/\/repliquemangacine.fr\/#\/schema\/logo\/image\/","url":"https:\/\/repliquemangacine.fr\/wp-content\/uploads\/2023\/10\/RMC-500250.png","contentUrl":"https:\/\/repliquemangacine.fr\/wp-content\/uploads\/2023\/10\/RMC-500250.png","width":500,"height":250,"caption":"R\u00e9plique Manga Cin\u00e9"},"image":{"@id":"https:\/\/repliquemangacine.fr\/#\/schema\/logo\/image\/"},"sameAs":["https:\/\/www.facebook.com\/RepliqueMangaCine","https:\/\/www.instagram.com\/repliquemangacine.fr\/"]}]}},"_links":{"self":[{"href":"https:\/\/repliquemangacine.fr\/it\/wp-json\/wp\/v2\/product\/84438","targetHints":{"allow":["GET"]}}],"collection":[{"href":"https:\/\/repliquemangacine.fr\/it\/wp-json\/wp\/v2\/product"}],"about":[{"href":"https:\/\/repliquemangacine.fr\/it\/wp-json\/wp\/v2\/types\/product"}],"wp:featuredmedia":[{"embeddable":true,"href":"https:\/\/repliquemangacine.fr\/it\/wp-json\/wp\/v2\/media\/84439"}],"wp:attachment":[{"href":"https:\/\/repliquemangacine.fr\/it\/wp-json\/wp\/v2\/media?parent=84438"}],"wp:term":[{"taxonomy":"product_brand","embeddable":true,"href":"https:\/\/repliquemangacine.fr\/it\/wp-json\/wp\/v2\/product_brand?post=84438"},{"taxonomy":"product_cat","embeddable":true,"href":"https:\/\/repliquemangacine.fr\/it\/wp-json\/wp\/v2\/product_cat?post=84438"},{"taxonomy":"product_tag","embeddable":true,"href":"https:\/\/repliquemangacine.fr\/it\/wp-json\/wp\/v2\/product_tag?post=84438"}],"curies":[{"name":"wp","href":"https:\/\/api.w.org\/{rel}","templated":true}]}}