





{"id":84394,"date":"2025-05-17T20:41:38","date_gmt":"2025-05-17T18:41:38","guid":{"rendered":"https:\/\/repliquemangacine.fr\/?post_type=product&#038;p=84394"},"modified":"2025-11-26T14:46:16","modified_gmt":"2025-11-26T13:46:16","slug":"spada-master-de-luxe-epee-de-legende","status":"publish","type":"product","link":"https:\/\/repliquemangacine.fr\/it\/epee-zelda\/master-sword-de-luxe-epee-de-legende\/","title":{"rendered":"Master Sword de Luxe - Spada leggendaria"},"content":{"rendered":"<h2>Master Sword de Luxe - La Spada della Leggenda: una replica eccezionale<\/h2>\n<p>La Master Sword de Luxe - La Spada Leggendaria \u00e8 un vero oggetto da collezione per tutti gli appassionati di Zelda. Questa mitica spada incarna la forza e il coraggio del leggendario personaggio di Zelda. <a href=\"https:\/\/zelda.fandom.com\/fr\/wiki\/Link\" target=\"_blank\" rel=\"noopener noreferrer\">Collegamento<\/a>. Realizzato con cura, presenta una lama in acciaio inossidabile, trattata per ottenere un magnifico e brillante effetto bluastro. Inoltre, la gola della lama \u00e8 ornata dalla Triforza e da iscrizioni dettagliate, a testimonianza della sua autenticit\u00e0. L'elsa e il pomo, realizzati in acciaio massiccio con una finitura anticata, hanno una forma unica che riflette il mondo del gioco. L'impugnatura in legno, ricoperta da cinghie in similpelle bicolore, \u00e8 comoda e attraente. Per completare questa replica, un lussuoso fodero in legno, rivestito in similpelle blu con motivi specifici, protegge la lama con eleganza. Non aspettate oltre per regalarvi questo pezzo iconico!<\/p>\n<h2>La Spada Maestra: un simbolo mitico e leggendario<\/h2>\n<p>La Master Sword non \u00e8 una semplice spada, ma l'arma emblematica dell'eroe Link nell'universo di Zelda. La sua importanza \u00e8 fondamentale in ogni avventura, dove rappresenta il potere di respingere le forze del male. Infatti, questa spada leggendaria \u00e8 sempre legata alle epiche missioni dell'eroe, segnando ogni episodio della saga. Usata per sconfiggere i nemici pi\u00f9 temibili, \u00e8 considerata l'arma definitiva contro l'oscurit\u00e0. Grazie al suo potere, protegge il regno di Hyrule, portando speranza ai suoi abitanti. Inoltre, la sua capacit\u00e0 di evolversi in base alle prove di Link la rende una spada di classe a s\u00e9 stante. Avere questa replica a casa significa immergersi in storie leggendarie e rivivere le eroiche imprese dei pi\u00f9 coraggiosi avventurieri.<\/p>\n<h2>Scopri le altre repliche di Zelda su R\u00e9plique Manga Cin\u00e9<\/h2>\n<p>Sul nostro sito R\u00e9plique Manga Cin\u00e9 \u00e8 possibile scoprire anche altre imperdibili repliche dell'universo di Zelda. Prima di tutto, il <a href=\"https:\/\/repliquemangacine.fr\/it\/spada-di-zelda\/scudo-hylia-zelda-scudo-hylian\/\">Scudo di Hylian<\/a> da \"The Legend of Zelda: Tears of the Kingdom\", realizzata in resina e fibra di vetro, \u00e8 l'accompagnamento perfetto per la Master Sword. Poi, la<a href=\"https:\/\/repliquemangacine.fr\/it\/nuovi-prodotti\/leggendaria-spada-corrosa\/\">Spada della leggenda corrosa<\/a> de Zelda Tears of the Kingdom 2023 \u00e8 una replica unica con lama in acciaio parzialmente danneggiata e punta corrosa. Offriamo anche il <a href=\"https:\/\/repliquemangacine.fr\/it\/varie-chicche\/cofanetto-zelda-da-13-pezzi\/\">Cofanetto da collezione di Zelda da 13 pezzi<\/a>Questo cofanetto comprende sette spade in miniatura con la Triforza, un fodero, una leggendaria spada d'oro, una collana, un portachiavi e targhette decorative. Questo cofanetto rende omaggio alle diverse opere del gioco, riunendo le spade emblematiche. Per arricchire la vostra collezione o fare un regalo unico, visitate il nostro sito e immergetevi nell'epico mondo di Zelda!<\/p>","protected":false},"excerpt":{"rendered":"<p>Assolutamente magnifica Master Sword de Luxe - La spada leggendaria di Zelda.<\/p>\n<ul>\n<li>Lama in acciaio inossidabile trattata per ottenere un effetto bluastro brillante.<\/li>\n<li>Lama con scanalatura della triforza e iscrizione lungo tutta la lama<\/li>\n<li>Manico e pomo in acciaio massiccio con una speciale finitura invecchiata.<\/li>\n<li>Manico in legno rivestito con cinghie in similpelle bicolore<\/li>\n<li>Fodero di lusso in legno rivestito in similpelle blu con decorazioni specifiche<\/li>\n<li>Tappi terminali in metallo con triforza sul fondo del manicotto<\/li>\n<li>Lunghezza lama: 77 cm - Lunghezza totale con fodero: 126 cm<\/li>\n<li>Peso: 1475 g senza fodero e 1950 g con fodero<\/li>\n<\/ul>","protected":false},"featured_media":84395,"template":"","meta":[],"product_brand":[896],"product_cat":[56],"product_tag":[],"class_list":{"0":"post-84394","1":"product","2":"type-product","3":"status-publish","4":"has-post-thumbnail","6":"product_brand-replique-manga-cine","7":"product_cat-epee-zelda","9":"first","10":"instock","11":"taxable","12":"shipping-taxable","13":"purchasable","14":"product-type-simple"},"yoast_head":"<!-- This site is optimized with the Yoast SEO plugin v27.4 - https:\/\/yoast.com\/product\/yoast-seo-wordpress\/ -->\n<title>Master Sword de Luxe - Ep\u00e9e de L\u00e9gende - R\u00e9plique Manga Cin\u00e9<\/title>\n<meta name=\"description\" content=\"Master Sword de Luxe - R\u00e9plique l\u00e9gendaire de Zelda. Lame bleut\u00e9e, garde authentique, fourreau de luxe. Parfait pour les fans et collectionneurs !\" \/>\n<meta name=\"robots\" content=\"index, follow, max-snippet:-1, max-image-preview:large, max-video-preview:-1\" \/>\n<link rel=\"canonical\" href=\"https:\/\/repliquemangacine.fr\/it\/spada-di-zelda\/spada-master-de-luxe-epee-de-legende\/\" \/>\n<meta property=\"og:locale\" content=\"it_IT\" \/>\n<meta property=\"og:type\" content=\"article\" \/>\n<meta property=\"og:title\" content=\"Master Sword de Luxe - Ep\u00e9e de L\u00e9gende - R\u00e9plique Manga Cin\u00e9\" \/>\n<meta property=\"og:description\" content=\"Master Sword de Luxe - R\u00e9plique l\u00e9gendaire de Zelda. Lame bleut\u00e9e, garde authentique, fourreau de luxe. Parfait pour les fans et collectionneurs !\" \/>\n<meta property=\"og:url\" content=\"https:\/\/repliquemangacine.fr\/it\/spada-di-zelda\/spada-master-de-luxe-epee-de-legende\/\" \/>\n<meta property=\"og:site_name\" content=\"R\u00e9plique Manga Cin\u00e9\" \/>\n<meta property=\"article:publisher\" content=\"https:\/\/www.facebook.com\/RepliqueMangaCine\" \/>\n<meta property=\"article:modified_time\" content=\"2025-11-26T13:46:16+00:00\" \/>\n<meta property=\"og:image\" content=\"https:\/\/repliquemangacine.fr\/wp-content\/uploads\/2025\/05\/Master-Sword-de-Luxe.jpg\" \/>\n\t<meta property=\"og:image:width\" content=\"600\" \/>\n\t<meta property=\"og:image:height\" content=\"600\" \/>\n\t<meta property=\"og:image:type\" content=\"image\/jpeg\" \/>\n<meta name=\"twitter:card\" content=\"summary_large_image\" \/>\n<meta name=\"twitter:label1\" content=\"Tempo di lettura stimato\" \/>\n\t<meta name=\"twitter:data1\" content=\"3 minuti\" \/>\n<script type=\"application\/ld+json\" class=\"yoast-schema-graph\">{\"@context\":\"https:\\\/\\\/schema.org\",\"@graph\":[{\"@type\":\"WebPage\",\"@id\":\"https:\\\/\\\/repliquemangacine.fr\\\/epee-zelda\\\/master-sword-de-luxe-epee-de-legende\\\/\",\"url\":\"https:\\\/\\\/repliquemangacine.fr\\\/epee-zelda\\\/master-sword-de-luxe-epee-de-legende\\\/\",\"name\":\"Master Sword de Luxe - Ep\u00e9e de L\u00e9gende - R\u00e9plique Manga Cin\u00e9\",\"isPartOf\":{\"@id\":\"https:\\\/\\\/repliquemangacine.fr\\\/#website\"},\"primaryImageOfPage\":{\"@id\":\"https:\\\/\\\/repliquemangacine.fr\\\/epee-zelda\\\/master-sword-de-luxe-epee-de-legende\\\/#primaryimage\"},\"image\":{\"@id\":\"https:\\\/\\\/repliquemangacine.fr\\\/epee-zelda\\\/master-sword-de-luxe-epee-de-legende\\\/#primaryimage\"},\"thumbnailUrl\":\"https:\\\/\\\/repliquemangacine.fr\\\/wp-content\\\/uploads\\\/2025\\\/05\\\/Master-Sword-de-Luxe.jpg\",\"datePublished\":\"2025-05-17T18:41:38+00:00\",\"dateModified\":\"2025-11-26T13:46:16+00:00\",\"description\":\"Master Sword de Luxe - R\u00e9plique l\u00e9gendaire de Zelda. Lame bleut\u00e9e, garde authentique, fourreau de luxe. Parfait pour les fans et collectionneurs !\",\"breadcrumb\":{\"@id\":\"https:\\\/\\\/repliquemangacine.fr\\\/epee-zelda\\\/master-sword-de-luxe-epee-de-legende\\\/#breadcrumb\"},\"inLanguage\":\"it-IT\",\"potentialAction\":[{\"@type\":\"ReadAction\",\"target\":[\"https:\\\/\\\/repliquemangacine.fr\\\/epee-zelda\\\/master-sword-de-luxe-epee-de-legende\\\/\"]}]},{\"@type\":\"ImageObject\",\"inLanguage\":\"it-IT\",\"@id\":\"https:\\\/\\\/repliquemangacine.fr\\\/epee-zelda\\\/master-sword-de-luxe-epee-de-legende\\\/#primaryimage\",\"url\":\"https:\\\/\\\/repliquemangacine.fr\\\/wp-content\\\/uploads\\\/2025\\\/05\\\/Master-Sword-de-Luxe.jpg\",\"contentUrl\":\"https:\\\/\\\/repliquemangacine.fr\\\/wp-content\\\/uploads\\\/2025\\\/05\\\/Master-Sword-de-Luxe.jpg\",\"width\":600,\"height\":600,\"caption\":\"Master Sword de Luxe - Ep\u00e9e de L\u00e9gende - Zelda\"},{\"@type\":\"BreadcrumbList\",\"@id\":\"https:\\\/\\\/repliquemangacine.fr\\\/epee-zelda\\\/master-sword-de-luxe-epee-de-legende\\\/#breadcrumb\",\"itemListElement\":[{\"@type\":\"ListItem\",\"position\":1,\"name\":\"Accueil\",\"item\":\"https:\\\/\\\/repliquemangacine.fr\\\/\"},{\"@type\":\"ListItem\",\"position\":2,\"name\":\"Produits\",\"item\":\"https:\\\/\\\/repliquemangacine.fr\\\/boutique\\\/\"},{\"@type\":\"ListItem\",\"position\":3,\"name\":\"Master Sword de Luxe &#8211; Ep\u00e9e de L\u00e9gende\"}]},{\"@type\":\"WebSite\",\"@id\":\"https:\\\/\\\/repliquemangacine.fr\\\/#website\",\"url\":\"https:\\\/\\\/repliquemangacine.fr\\\/\",\"name\":\"R\u00e9plique Manga Cin\u00e9\",\"description\":\"\",\"publisher\":{\"@id\":\"https:\\\/\\\/repliquemangacine.fr\\\/#organization\"},\"potentialAction\":[{\"@type\":\"SearchAction\",\"target\":{\"@type\":\"EntryPoint\",\"urlTemplate\":\"https:\\\/\\\/repliquemangacine.fr\\\/?s={search_term_string}\"},\"query-input\":{\"@type\":\"PropertyValueSpecification\",\"valueRequired\":true,\"valueName\":\"search_term_string\"}}],\"inLanguage\":\"it-IT\"},{\"@type\":\"Organization\",\"@id\":\"https:\\\/\\\/repliquemangacine.fr\\\/#organization\",\"name\":\"R\u00e9plique Manga Cin\u00e9\",\"url\":\"https:\\\/\\\/repliquemangacine.fr\\\/\",\"logo\":{\"@type\":\"ImageObject\",\"inLanguage\":\"it-IT\",\"@id\":\"https:\\\/\\\/repliquemangacine.fr\\\/#\\\/schema\\\/logo\\\/image\\\/\",\"url\":\"https:\\\/\\\/repliquemangacine.fr\\\/wp-content\\\/uploads\\\/2023\\\/10\\\/RMC-500250.png\",\"contentUrl\":\"https:\\\/\\\/repliquemangacine.fr\\\/wp-content\\\/uploads\\\/2023\\\/10\\\/RMC-500250.png\",\"width\":500,\"height\":250,\"caption\":\"R\u00e9plique Manga Cin\u00e9\"},\"image\":{\"@id\":\"https:\\\/\\\/repliquemangacine.fr\\\/#\\\/schema\\\/logo\\\/image\\\/\"},\"sameAs\":[\"https:\\\/\\\/www.facebook.com\\\/RepliqueMangaCine\",\"https:\\\/\\\/www.instagram.com\\\/repliquemangacine.fr\\\/\"]}]}<\/script>\n<!-- \/ Yoast SEO plugin. -->","yoast_head_json":{"title":"Master Sword de Luxe - Spada leggendaria - R\u00e9plique Manga Cin\u00e9","description":"Master Sword de Luxe - Replica del leggendario Zelda. Lama azzurrata, guardia autentica, fodero di lusso. Perfetta per i fan e i collezionisti!","robots":{"index":"index","follow":"follow","max-snippet":"max-snippet:-1","max-image-preview":"max-image-preview:large","max-video-preview":"max-video-preview:-1"},"canonical":"https:\/\/repliquemangacine.fr\/it\/spada-di-zelda\/spada-master-de-luxe-epee-de-legende\/","og_locale":"it_IT","og_type":"article","og_title":"Master Sword de Luxe - Ep\u00e9e de L\u00e9gende - R\u00e9plique Manga Cin\u00e9","og_description":"Master Sword de Luxe - R\u00e9plique l\u00e9gendaire de Zelda. Lame bleut\u00e9e, garde authentique, fourreau de luxe. Parfait pour les fans et collectionneurs !","og_url":"https:\/\/repliquemangacine.fr\/it\/spada-di-zelda\/spada-master-de-luxe-epee-de-legende\/","og_site_name":"R\u00e9plique Manga Cin\u00e9","article_publisher":"https:\/\/www.facebook.com\/RepliqueMangaCine","article_modified_time":"2025-11-26T13:46:16+00:00","og_image":[{"width":600,"height":600,"url":"https:\/\/repliquemangacine.fr\/wp-content\/uploads\/2025\/05\/Master-Sword-de-Luxe.jpg","type":"image\/jpeg"}],"twitter_card":"summary_large_image","twitter_misc":{"Tempo di lettura stimato":"3 minuti"},"schema":{"@context":"https:\/\/schema.org","@graph":[{"@type":"WebPage","@id":"https:\/\/repliquemangacine.fr\/epee-zelda\/master-sword-de-luxe-epee-de-legende\/","url":"https:\/\/repliquemangacine.fr\/epee-zelda\/master-sword-de-luxe-epee-de-legende\/","name":"Master Sword de Luxe - Spada leggendaria - R\u00e9plique Manga Cin\u00e9","isPartOf":{"@id":"https:\/\/repliquemangacine.fr\/#website"},"primaryImageOfPage":{"@id":"https:\/\/repliquemangacine.fr\/epee-zelda\/master-sword-de-luxe-epee-de-legende\/#primaryimage"},"image":{"@id":"https:\/\/repliquemangacine.fr\/epee-zelda\/master-sword-de-luxe-epee-de-legende\/#primaryimage"},"thumbnailUrl":"https:\/\/repliquemangacine.fr\/wp-content\/uploads\/2025\/05\/Master-Sword-de-Luxe.jpg","datePublished":"2025-05-17T18:41:38+00:00","dateModified":"2025-11-26T13:46:16+00:00","description":"Master Sword de Luxe - Replica del leggendario Zelda. Lama azzurrata, guardia autentica, fodero di lusso. Perfetta per i fan e i collezionisti!","breadcrumb":{"@id":"https:\/\/repliquemangacine.fr\/epee-zelda\/master-sword-de-luxe-epee-de-legende\/#breadcrumb"},"inLanguage":"it-IT","potentialAction":[{"@type":"ReadAction","target":["https:\/\/repliquemangacine.fr\/epee-zelda\/master-sword-de-luxe-epee-de-legende\/"]}]},{"@type":"ImageObject","inLanguage":"it-IT","@id":"https:\/\/repliquemangacine.fr\/epee-zelda\/master-sword-de-luxe-epee-de-legende\/#primaryimage","url":"https:\/\/repliquemangacine.fr\/wp-content\/uploads\/2025\/05\/Master-Sword-de-Luxe.jpg","contentUrl":"https:\/\/repliquemangacine.fr\/wp-content\/uploads\/2025\/05\/Master-Sword-de-Luxe.jpg","width":600,"height":600,"caption":"Master Sword de Luxe - Ep\u00e9e de L\u00e9gende - Zelda"},{"@type":"BreadcrumbList","@id":"https:\/\/repliquemangacine.fr\/epee-zelda\/master-sword-de-luxe-epee-de-legende\/#breadcrumb","itemListElement":[{"@type":"ListItem","position":1,"name":"Accueil","item":"https:\/\/repliquemangacine.fr\/"},{"@type":"ListItem","position":2,"name":"Produits","item":"https:\/\/repliquemangacine.fr\/boutique\/"},{"@type":"ListItem","position":3,"name":"Master Sword de Luxe &#8211; Ep\u00e9e de L\u00e9gende"}]},{"@type":"WebSite","@id":"https:\/\/repliquemangacine.fr\/#website","url":"https:\/\/repliquemangacine.fr\/","name":"R\u00e9plique Manga Cin\u00e9","description":"","publisher":{"@id":"https:\/\/repliquemangacine.fr\/#organization"},"potentialAction":[{"@type":"SearchAction","target":{"@type":"EntryPoint","urlTemplate":"https:\/\/repliquemangacine.fr\/?s={search_term_string}"},"query-input":{"@type":"PropertyValueSpecification","valueRequired":true,"valueName":"search_term_string"}}],"inLanguage":"it-IT"},{"@type":"Organization","@id":"https:\/\/repliquemangacine.fr\/#organization","name":"R\u00e9plique Manga Cin\u00e9","url":"https:\/\/repliquemangacine.fr\/","logo":{"@type":"ImageObject","inLanguage":"it-IT","@id":"https:\/\/repliquemangacine.fr\/#\/schema\/logo\/image\/","url":"https:\/\/repliquemangacine.fr\/wp-content\/uploads\/2023\/10\/RMC-500250.png","contentUrl":"https:\/\/repliquemangacine.fr\/wp-content\/uploads\/2023\/10\/RMC-500250.png","width":500,"height":250,"caption":"R\u00e9plique Manga Cin\u00e9"},"image":{"@id":"https:\/\/repliquemangacine.fr\/#\/schema\/logo\/image\/"},"sameAs":["https:\/\/www.facebook.com\/RepliqueMangaCine","https:\/\/www.instagram.com\/repliquemangacine.fr\/"]}]}},"_links":{"self":[{"href":"https:\/\/repliquemangacine.fr\/it\/wp-json\/wp\/v2\/product\/84394","targetHints":{"allow":["GET"]}}],"collection":[{"href":"https:\/\/repliquemangacine.fr\/it\/wp-json\/wp\/v2\/product"}],"about":[{"href":"https:\/\/repliquemangacine.fr\/it\/wp-json\/wp\/v2\/types\/product"}],"wp:featuredmedia":[{"embeddable":true,"href":"https:\/\/repliquemangacine.fr\/it\/wp-json\/wp\/v2\/media\/84395"}],"wp:attachment":[{"href":"https:\/\/repliquemangacine.fr\/it\/wp-json\/wp\/v2\/media?parent=84394"}],"wp:term":[{"taxonomy":"product_brand","embeddable":true,"href":"https:\/\/repliquemangacine.fr\/it\/wp-json\/wp\/v2\/product_brand?post=84394"},{"taxonomy":"product_cat","embeddable":true,"href":"https:\/\/repliquemangacine.fr\/it\/wp-json\/wp\/v2\/product_cat?post=84394"},{"taxonomy":"product_tag","embeddable":true,"href":"https:\/\/repliquemangacine.fr\/it\/wp-json\/wp\/v2\/product_tag?post=84394"}],"curies":[{"name":"wp","href":"https:\/\/api.w.org\/{rel}","templated":true}]}}