





{"id":84148,"date":"2025-05-10T19:18:17","date_gmt":"2025-05-10T17:18:17","guid":{"rendered":"https:\/\/repliquemangacine.fr\/?post_type=product&#038;p=84148"},"modified":"2025-12-19T15:40:15","modified_gmt":"2025-12-19T14:40:15","slug":"spada-ad-anello-elden-con-zanna-di-segugio","status":"publish","type":"product","link":"https:\/\/repliquemangacine.fr\/it\/elden-ring\/epee-bloodhound-fang-elden-ring\/","title":{"rendered":"Spada a zanna di segugio - Anello di Elden"},"content":{"rendered":"<h2>La spada a zanne dell'Anello di Elden: un'incredibile replica<\/h2>\n<p>Assolutamente incredibile, questa replica della spada Bloodhound Fang in <a href=\"https:\/\/eldenring.fandom.com\/fr\/wiki\/Wiki_Elden_Ring\" target=\"_blank\" rel=\"noopener noreferrer\">Anello di Elden<\/a> colpisce per il suo sorprendente realismo. La lama ricurva in acciaio presenta un effetto martellato in un superbo colore bronzo, che ricorda fedelmente l'iconica arma del gioco. L'impugnatura in legno \u00e8 rivestita in finta pelle nera per una presa comoda e robusta. Un puntale in acciaio color bronzo completa l'impugnatura con eleganza. Anche l'imponente guardia \u00e8 realizzata in acciaio color bronzo. Fornito con un supporto di presentazione per arricchire la vostra collezione. Le sue dimensioni sono impressionanti: 86 cm per la lama e 122 cm di lunghezza complessiva. Il peso di 2300 g lo rende un pezzo massiccio e autentico, a immagine e somiglianza dell'arma usata dal feroce Cavaliere di Bloodhound.<\/p>\n<h2>Un'arma unica per i veri avventurieri dell'Anello di Elden<\/h2>\n<p>In primo luogo, il<strong>Spada Bloodhound Fang<\/strong> \u00e8 molto pi\u00f9 di una semplice replica: \u00e8 un vero e proprio tributo agli avventurieri dell'Elden Ring. Il suo design imponente e il suo peso consistente ricordano la potenza di quest'arma nel gioco. Questa spada ricurva \u00e8 nota per la sua temibile efficacia nel combattimento ravvicinato e per la sua capacit\u00e0 di infliggere colpi devastanti. Per un collezionista o un fan dell'Anello di Elden, possedere questa replica \u00e8 un vero privilegio. La sua estetica sofisticata e le finiture di alta qualit\u00e0 la rendono un must per gli appassionati del genere. Che siate appassionati del fantastico mondo dei giochi o semplicemente alla ricerca di un oggetto unico da collezione, questa spada fa al caso vostro. Simboleggia la potenza, l'eleganza e la passione del combattimento in un universo epico.<\/p>\n<h2>Scoprite altre repliche iconiche su R\u00e9plique Manga Cin\u00e9<\/h2>\n<p>Su R\u00e9plique Manga Cin\u00e9, il<strong>Spada Bloodhound Fang<\/strong> \u00e8 solo uno dei tanti pezzi. I fan dell'Elden Ring troveranno anche il<a href=\"https:\/\/repliquemangacine.fr\/it\/anello-di-elden\/spada-elden-ring-greatsword\/\">Spada grande,<\/a> massiccia e imponente, per un realismo impressionante. Offriamo anche il<a href=\"https:\/\/repliquemangacine.fr\/it\/anello-di-elden\/spada-elden-ring-greatsword\/\">Spada della Luna Nera<\/a> e la R<a href=\"https:\/\/repliquemangacine.fr\/it\/anello-di-elden\/anello-rapiere-de-rogier-elden\/\">api\u00e8re de Rogier<\/a> e il <a href=\"https:\/\/repliquemangacine.fr\/it\/anello-di-elden\/katana-moonveil-nellanello-elden\/\">Katana Moonveil<\/a>Si tratta di oggetti iconici per ogni collezionista degno di questo nome. Oltre alle armi Elden Ring, abbiamo repliche della famosa Frostmourne, la spada del Re dei Lich. Anche i fan di Genshin Impact non rimarranno esclusi, grazie alla nostra selezione di katane e spade ispirate al gioco. Che siate appassionati di fantasy, anime o videogiochi, il nostro sito ha molto altro in serbo per voi. Quindi non aspettate oltre per aggiungere questi eccezionali articoli alla vostra collezione!<\/p>","protected":false},"excerpt":{"rendered":"<p>Replica assolutamente incredibile della spada Bloodhound Fang nell'Elden Ring.<\/p>\n<ul>\n<li>Lama curva in acciaio di alta qualit\u00e0 con effetto martellato in bronzo<\/li>\n<li>Manico in legno rivestito in similpelle nera e punta in acciaio color bronzo.<\/li>\n<li>Protezione in acciaio color bronzo appositamente sagomata.<\/li>\n<li>Fornito con supporto di presentazione.<\/li>\n<li>Lunghezza lama: 86 cm - Lunghezza totale: 122 cm<\/li>\n<li>Peso: 2300 g<\/li>\n<\/ul>","protected":false},"featured_media":84155,"template":"","meta":[],"product_brand":[896],"product_cat":[876,23],"product_tag":[],"class_list":{"0":"post-84148","1":"product","2":"type-product","3":"status-publish","4":"has-post-thumbnail","6":"product_brand-replique-manga-cine","7":"product_cat-elden-ring","8":"product_cat-repliques-manga-jeux-video","10":"first","11":"instock","12":"taxable","13":"shipping-taxable","14":"purchasable","15":"product-type-simple"},"yoast_head":"<!-- This site is optimized with the Yoast SEO plugin v27.4 - https:\/\/yoast.com\/product\/yoast-seo-wordpress\/ -->\n<title>\u00c9p\u00e9e Bloodhound Fang - Elden Ring - R\u00e9plique Manga Cin\u00e9<\/title>\n<meta name=\"description\" content=\"D\u00e9couvrez l&#039;\u00c9p\u00e9e Bloodhound Fang d&#039;Elden Ring : r\u00e9plique r\u00e9aliste, lame incurv\u00e9e en acier bronze support inclus. 122 cm. Pour les vrais collectionneurs !\" \/>\n<meta name=\"robots\" content=\"index, follow, max-snippet:-1, max-image-preview:large, max-video-preview:-1\" \/>\n<link rel=\"canonical\" href=\"https:\/\/repliquemangacine.fr\/it\/anello-di-elden\/spada-ad-anello-elden-con-zanna-di-segugio\/\" \/>\n<meta property=\"og:locale\" content=\"it_IT\" \/>\n<meta property=\"og:type\" content=\"article\" \/>\n<meta property=\"og:title\" content=\"\u00c9p\u00e9e Bloodhound Fang - Elden Ring - R\u00e9plique Manga Cin\u00e9\" \/>\n<meta property=\"og:description\" content=\"D\u00e9couvrez l&#039;\u00c9p\u00e9e Bloodhound Fang d&#039;Elden Ring : r\u00e9plique r\u00e9aliste, lame incurv\u00e9e en acier bronze support inclus. 122 cm. Pour les vrais collectionneurs !\" \/>\n<meta property=\"og:url\" content=\"https:\/\/repliquemangacine.fr\/it\/anello-di-elden\/spada-ad-anello-elden-con-zanna-di-segugio\/\" \/>\n<meta property=\"og:site_name\" content=\"R\u00e9plique Manga Cin\u00e9\" \/>\n<meta property=\"article:publisher\" content=\"https:\/\/www.facebook.com\/RepliqueMangaCine\" \/>\n<meta property=\"article:modified_time\" content=\"2025-12-19T14:40:15+00:00\" \/>\n<meta property=\"og:image\" content=\"https:\/\/repliquemangacine.fr\/wp-content\/uploads\/2025\/05\/Epee-Bloodhound-Fang-Elden-ring.jpg\" \/>\n\t<meta property=\"og:image:width\" content=\"800\" \/>\n\t<meta property=\"og:image:height\" content=\"800\" \/>\n\t<meta property=\"og:image:type\" content=\"image\/jpeg\" \/>\n<meta name=\"twitter:card\" content=\"summary_large_image\" \/>\n<meta name=\"twitter:label1\" content=\"Tempo di lettura stimato\" \/>\n\t<meta name=\"twitter:data1\" content=\"3 minuti\" \/>\n<script type=\"application\/ld+json\" class=\"yoast-schema-graph\">{\"@context\":\"https:\\\/\\\/schema.org\",\"@graph\":[{\"@type\":\"WebPage\",\"@id\":\"https:\\\/\\\/repliquemangacine.fr\\\/elden-ring\\\/epee-bloodhound-fang-elden-ring\\\/\",\"url\":\"https:\\\/\\\/repliquemangacine.fr\\\/elden-ring\\\/epee-bloodhound-fang-elden-ring\\\/\",\"name\":\"\u00c9p\u00e9e Bloodhound Fang - Elden Ring - R\u00e9plique Manga Cin\u00e9\",\"isPartOf\":{\"@id\":\"https:\\\/\\\/repliquemangacine.fr\\\/#website\"},\"primaryImageOfPage\":{\"@id\":\"https:\\\/\\\/repliquemangacine.fr\\\/elden-ring\\\/epee-bloodhound-fang-elden-ring\\\/#primaryimage\"},\"image\":{\"@id\":\"https:\\\/\\\/repliquemangacine.fr\\\/elden-ring\\\/epee-bloodhound-fang-elden-ring\\\/#primaryimage\"},\"thumbnailUrl\":\"https:\\\/\\\/repliquemangacine.fr\\\/wp-content\\\/uploads\\\/2025\\\/05\\\/Epee-Bloodhound-Fang-Elden-ring.jpg\",\"datePublished\":\"2025-05-10T17:18:17+00:00\",\"dateModified\":\"2025-12-19T14:40:15+00:00\",\"description\":\"D\u00e9couvrez l'\u00c9p\u00e9e Bloodhound Fang d'Elden Ring : r\u00e9plique r\u00e9aliste, lame incurv\u00e9e en acier bronze support inclus. 122 cm. Pour les vrais collectionneurs !\",\"breadcrumb\":{\"@id\":\"https:\\\/\\\/repliquemangacine.fr\\\/elden-ring\\\/epee-bloodhound-fang-elden-ring\\\/#breadcrumb\"},\"inLanguage\":\"it-IT\",\"potentialAction\":[{\"@type\":\"ReadAction\",\"target\":[\"https:\\\/\\\/repliquemangacine.fr\\\/elden-ring\\\/epee-bloodhound-fang-elden-ring\\\/\"]}]},{\"@type\":\"ImageObject\",\"inLanguage\":\"it-IT\",\"@id\":\"https:\\\/\\\/repliquemangacine.fr\\\/elden-ring\\\/epee-bloodhound-fang-elden-ring\\\/#primaryimage\",\"url\":\"https:\\\/\\\/repliquemangacine.fr\\\/wp-content\\\/uploads\\\/2025\\\/05\\\/Epee-Bloodhound-Fang-Elden-ring.jpg\",\"contentUrl\":\"https:\\\/\\\/repliquemangacine.fr\\\/wp-content\\\/uploads\\\/2025\\\/05\\\/Epee-Bloodhound-Fang-Elden-ring.jpg\",\"width\":800,\"height\":800,\"caption\":\"\u00c9p\u00e9e Bloodhound Fang Elden Ring\"},{\"@type\":\"BreadcrumbList\",\"@id\":\"https:\\\/\\\/repliquemangacine.fr\\\/elden-ring\\\/epee-bloodhound-fang-elden-ring\\\/#breadcrumb\",\"itemListElement\":[{\"@type\":\"ListItem\",\"position\":1,\"name\":\"Accueil\",\"item\":\"https:\\\/\\\/repliquemangacine.fr\\\/\"},{\"@type\":\"ListItem\",\"position\":2,\"name\":\"Produits\",\"item\":\"https:\\\/\\\/repliquemangacine.fr\\\/boutique\\\/\"},{\"@type\":\"ListItem\",\"position\":3,\"name\":\"\u00c9p\u00e9e Bloodhound Fang &#8211; Elden Ring\"}]},{\"@type\":\"WebSite\",\"@id\":\"https:\\\/\\\/repliquemangacine.fr\\\/#website\",\"url\":\"https:\\\/\\\/repliquemangacine.fr\\\/\",\"name\":\"R\u00e9plique Manga Cin\u00e9\",\"description\":\"\",\"publisher\":{\"@id\":\"https:\\\/\\\/repliquemangacine.fr\\\/#organization\"},\"potentialAction\":[{\"@type\":\"SearchAction\",\"target\":{\"@type\":\"EntryPoint\",\"urlTemplate\":\"https:\\\/\\\/repliquemangacine.fr\\\/?s={search_term_string}\"},\"query-input\":{\"@type\":\"PropertyValueSpecification\",\"valueRequired\":true,\"valueName\":\"search_term_string\"}}],\"inLanguage\":\"it-IT\"},{\"@type\":\"Organization\",\"@id\":\"https:\\\/\\\/repliquemangacine.fr\\\/#organization\",\"name\":\"R\u00e9plique Manga Cin\u00e9\",\"url\":\"https:\\\/\\\/repliquemangacine.fr\\\/\",\"logo\":{\"@type\":\"ImageObject\",\"inLanguage\":\"it-IT\",\"@id\":\"https:\\\/\\\/repliquemangacine.fr\\\/#\\\/schema\\\/logo\\\/image\\\/\",\"url\":\"https:\\\/\\\/repliquemangacine.fr\\\/wp-content\\\/uploads\\\/2023\\\/10\\\/RMC-500250.png\",\"contentUrl\":\"https:\\\/\\\/repliquemangacine.fr\\\/wp-content\\\/uploads\\\/2023\\\/10\\\/RMC-500250.png\",\"width\":500,\"height\":250,\"caption\":\"R\u00e9plique Manga Cin\u00e9\"},\"image\":{\"@id\":\"https:\\\/\\\/repliquemangacine.fr\\\/#\\\/schema\\\/logo\\\/image\\\/\"},\"sameAs\":[\"https:\\\/\\\/www.facebook.com\\\/RepliqueMangaCine\",\"https:\\\/\\\/www.instagram.com\\\/repliquemangacine.fr\\\/\"]}]}<\/script>\n<!-- \/ Yoast SEO plugin. -->","yoast_head_json":{"title":"Spada Bloodhound Fang - Anello Elden - R\u00e9plique Manga Cin\u00e9","description":"Scoprite la spada Bloodhound Fang di Elden Ring: replica realistica, lama curva in acciaio al bronzo, supporto incluso. 122 cm. Per veri collezionisti!","robots":{"index":"index","follow":"follow","max-snippet":"max-snippet:-1","max-image-preview":"max-image-preview:large","max-video-preview":"max-video-preview:-1"},"canonical":"https:\/\/repliquemangacine.fr\/it\/anello-di-elden\/spada-ad-anello-elden-con-zanna-di-segugio\/","og_locale":"it_IT","og_type":"article","og_title":"\u00c9p\u00e9e Bloodhound Fang - Elden Ring - R\u00e9plique Manga Cin\u00e9","og_description":"D\u00e9couvrez l'\u00c9p\u00e9e Bloodhound Fang d'Elden Ring : r\u00e9plique r\u00e9aliste, lame incurv\u00e9e en acier bronze support inclus. 122 cm. Pour les vrais collectionneurs !","og_url":"https:\/\/repliquemangacine.fr\/it\/anello-di-elden\/spada-ad-anello-elden-con-zanna-di-segugio\/","og_site_name":"R\u00e9plique Manga Cin\u00e9","article_publisher":"https:\/\/www.facebook.com\/RepliqueMangaCine","article_modified_time":"2025-12-19T14:40:15+00:00","og_image":[{"width":800,"height":800,"url":"https:\/\/repliquemangacine.fr\/wp-content\/uploads\/2025\/05\/Epee-Bloodhound-Fang-Elden-ring.jpg","type":"image\/jpeg"}],"twitter_card":"summary_large_image","twitter_misc":{"Tempo di lettura stimato":"3 minuti"},"schema":{"@context":"https:\/\/schema.org","@graph":[{"@type":"WebPage","@id":"https:\/\/repliquemangacine.fr\/elden-ring\/epee-bloodhound-fang-elden-ring\/","url":"https:\/\/repliquemangacine.fr\/elden-ring\/epee-bloodhound-fang-elden-ring\/","name":"Spada Bloodhound Fang - Anello Elden - R\u00e9plique Manga Cin\u00e9","isPartOf":{"@id":"https:\/\/repliquemangacine.fr\/#website"},"primaryImageOfPage":{"@id":"https:\/\/repliquemangacine.fr\/elden-ring\/epee-bloodhound-fang-elden-ring\/#primaryimage"},"image":{"@id":"https:\/\/repliquemangacine.fr\/elden-ring\/epee-bloodhound-fang-elden-ring\/#primaryimage"},"thumbnailUrl":"https:\/\/repliquemangacine.fr\/wp-content\/uploads\/2025\/05\/Epee-Bloodhound-Fang-Elden-ring.jpg","datePublished":"2025-05-10T17:18:17+00:00","dateModified":"2025-12-19T14:40:15+00:00","description":"Scoprite la spada Bloodhound Fang di Elden Ring: replica realistica, lama curva in acciaio al bronzo, supporto incluso. 122 cm. Per veri collezionisti!","breadcrumb":{"@id":"https:\/\/repliquemangacine.fr\/elden-ring\/epee-bloodhound-fang-elden-ring\/#breadcrumb"},"inLanguage":"it-IT","potentialAction":[{"@type":"ReadAction","target":["https:\/\/repliquemangacine.fr\/elden-ring\/epee-bloodhound-fang-elden-ring\/"]}]},{"@type":"ImageObject","inLanguage":"it-IT","@id":"https:\/\/repliquemangacine.fr\/elden-ring\/epee-bloodhound-fang-elden-ring\/#primaryimage","url":"https:\/\/repliquemangacine.fr\/wp-content\/uploads\/2025\/05\/Epee-Bloodhound-Fang-Elden-ring.jpg","contentUrl":"https:\/\/repliquemangacine.fr\/wp-content\/uploads\/2025\/05\/Epee-Bloodhound-Fang-Elden-ring.jpg","width":800,"height":800,"caption":"\u00c9p\u00e9e Bloodhound Fang Elden Ring"},{"@type":"BreadcrumbList","@id":"https:\/\/repliquemangacine.fr\/elden-ring\/epee-bloodhound-fang-elden-ring\/#breadcrumb","itemListElement":[{"@type":"ListItem","position":1,"name":"Accueil","item":"https:\/\/repliquemangacine.fr\/"},{"@type":"ListItem","position":2,"name":"Produits","item":"https:\/\/repliquemangacine.fr\/boutique\/"},{"@type":"ListItem","position":3,"name":"\u00c9p\u00e9e Bloodhound Fang &#8211; Elden Ring"}]},{"@type":"WebSite","@id":"https:\/\/repliquemangacine.fr\/#website","url":"https:\/\/repliquemangacine.fr\/","name":"R\u00e9plique Manga Cin\u00e9","description":"","publisher":{"@id":"https:\/\/repliquemangacine.fr\/#organization"},"potentialAction":[{"@type":"SearchAction","target":{"@type":"EntryPoint","urlTemplate":"https:\/\/repliquemangacine.fr\/?s={search_term_string}"},"query-input":{"@type":"PropertyValueSpecification","valueRequired":true,"valueName":"search_term_string"}}],"inLanguage":"it-IT"},{"@type":"Organization","@id":"https:\/\/repliquemangacine.fr\/#organization","name":"R\u00e9plique Manga Cin\u00e9","url":"https:\/\/repliquemangacine.fr\/","logo":{"@type":"ImageObject","inLanguage":"it-IT","@id":"https:\/\/repliquemangacine.fr\/#\/schema\/logo\/image\/","url":"https:\/\/repliquemangacine.fr\/wp-content\/uploads\/2023\/10\/RMC-500250.png","contentUrl":"https:\/\/repliquemangacine.fr\/wp-content\/uploads\/2023\/10\/RMC-500250.png","width":500,"height":250,"caption":"R\u00e9plique Manga Cin\u00e9"},"image":{"@id":"https:\/\/repliquemangacine.fr\/#\/schema\/logo\/image\/"},"sameAs":["https:\/\/www.facebook.com\/RepliqueMangaCine","https:\/\/www.instagram.com\/repliquemangacine.fr\/"]}]}},"_links":{"self":[{"href":"https:\/\/repliquemangacine.fr\/it\/wp-json\/wp\/v2\/product\/84148","targetHints":{"allow":["GET"]}}],"collection":[{"href":"https:\/\/repliquemangacine.fr\/it\/wp-json\/wp\/v2\/product"}],"about":[{"href":"https:\/\/repliquemangacine.fr\/it\/wp-json\/wp\/v2\/types\/product"}],"wp:featuredmedia":[{"embeddable":true,"href":"https:\/\/repliquemangacine.fr\/it\/wp-json\/wp\/v2\/media\/84155"}],"wp:attachment":[{"href":"https:\/\/repliquemangacine.fr\/it\/wp-json\/wp\/v2\/media?parent=84148"}],"wp:term":[{"taxonomy":"product_brand","embeddable":true,"href":"https:\/\/repliquemangacine.fr\/it\/wp-json\/wp\/v2\/product_brand?post=84148"},{"taxonomy":"product_cat","embeddable":true,"href":"https:\/\/repliquemangacine.fr\/it\/wp-json\/wp\/v2\/product_cat?post=84148"},{"taxonomy":"product_tag","embeddable":true,"href":"https:\/\/repliquemangacine.fr\/it\/wp-json\/wp\/v2\/product_tag?post=84148"}],"curies":[{"name":"wp","href":"https:\/\/api.w.org\/{rel}","templated":true}]}}