





{"id":84142,"date":"2025-05-10T15:45:17","date_gmt":"2025-05-10T13:45:17","guid":{"rendered":"https:\/\/repliquemangacine.fr\/?post_type=product&#038;p=84142"},"modified":"2026-03-20T00:15:47","modified_gmt":"2026-03-19T23:15:47","slug":"shirasaya-di-o-ren-ishii-kill-bill","status":"publish","type":"product","link":"https:\/\/repliquemangacine.fr\/it\/katana-kill-bill\/shirasaya-de-o-ren-ishii-kill-bill\/","title":{"rendered":"Shirasaya di O-ren Ishii - Kill Bill"},"content":{"rendered":"<h2>La Shirasaya di O-Ren Ishii in Kill Bill: una replica eccezionale<\/h2>\n<p>Prima di tutto, immergetevi nell'affascinante mondo di Kill Bill con l'anteprima di <strong>Shirasaya di O-Ren Ishii<\/strong>. Un'eccezionale replica della leggendaria katana. O-Ren Ishii, temibile leader dei <a href=\"https:\/\/killbill.fandom.com\/wiki\/Yakuza\" target=\"_blank\" rel=\"noopener noreferrer\">Yakuzas<\/a>La sua katana \u00e8 il simbolo del suo potere e della sua maestria marziale. La sua katana \u00e8 il simbolo del suo potere e della sua maestria marziale. Questa fedele replica riproduce con precisione ogni dettaglio, rendendo omaggio a questa figura iconica. La lama in acciaio inossidabile 440 \u00e8 perfetta per i collezionisti in cerca di autenticit\u00e0. Il fodero in legno laccato nero aggiunge un tocco raffinato, mentre l'impugnatura, anch'essa in legno laccato nero, \u00e8 ornata da delicati petali di fiori. Il suo design elegante e raffinato riflette perfettamente lo spirito di O-Ren Ishii. Questo oggetto da collezione \u00e8 un must per ogni fan di Tarantino e del suo indimenticabile universo cinematografico.<\/p>\n<h2>Una katana Shirasaya unica nel suo genere: tradizione e modernit\u00e0 combinate insieme<\/h2>\n<p>Questo eccezionale Shirasaya non \u00e8 solo una replica fedele. \u00c8 un simbolo della tradizione giapponese che si fonde con l'aura mitica di Kill Bill. La sua caratteristica distintiva \u00e8 il design raffinato, privo di guardia, tipica degli Shirasaya, utilizzata per preservare la bellezza della lama quando non viene utilizzata. Questa katana incarna perfettamente la sobria eleganza che caratterizza O-Ren Ishii. Pi\u00f9 che un semplice oggetto decorativo, riflette la finezza marziale giapponese e il potere di una figura di culto. Inoltre, con il suo legno laccato nero, questa katana si distingue per l'eccezionale finitura e l'aspetto nobile. Confermate la vostra passione per gli oggetti da collezione con questa katana unica, sinonimo di eccellenza e prestigio. In conclusione, possedere questa katana significa rivivere ogni giorno le mitiche scene del film.<\/p>\n<h2>Una collezione completa per gli appassionati di cinema e serie cult<\/h2>\n<p>Non fermarti a una sola replica: arricchisci la tua collezione con le altre iconiche katane della saga di Kill Bill! Trovate la <a href=\"https:\/\/repliquemangacine.fr\/it\/katana-kill-bill\/la-katana-di-bill\/\">La katana di Bill<\/a>e il <a href=\"https:\/\/repliquemangacine.fr\/it\/katana-kill-bill\/katana-de-la-mariee-kill-bill-beatrix\/\">La katana di Beatrix<\/a> alias Black Mamba e la formidabile arma del <a href=\"https:\/\/repliquemangacine.fr\/it\/katana-kill-bill\/gemma-katana\/\">Germoglio<\/a>Il fratello di Bill. Questi pezzi iconici formano un trio leggendario che ogni fan di Quentin Tarantino deve possedere. Ma il nostro negozio non si ferma qui! Immergetevi nel mondo delle serie di culto con la collezione<a href=\"https:\/\/repliquemangacine.fr\/it\/armi-the-walking-dead\/katana-di-michonne\/\"> La katana di Michonne<\/a> di The Walking Dead, ci sono anche i <a href=\"https:\/\/repliquemangacine.fr\/it\/spade-di-game-of-thrones\/\">spade leggendarie di Game of Thrones<\/a>Il Signore degli Anelli e i Vichinghi. Noi di R\u00e9plique Manga Cin\u00e9 vi offriamo le repliche pi\u00f9 ricercate. In conclusione, trasformate la vostra passione in una collezione e mostrate con orgoglio le vostre armi leggendarie!<\/p>","protected":false},"excerpt":{"rendered":"<p>Replica identica della katana di O-ren Ishii in Kill Bill<\/p>\n<ul>\n<li>Lama in acciaio 440 non affilata<\/li>\n<li>Fodero in legno laccato nero<\/li>\n<li>Manico in legno laccato nero con petali di fiore<\/li>\n<li>Lunghezza lama: 69 cm - Lunghezza totale: 100 cm<\/li>\n<li>Peso con fodero: 750 g<\/li>\n<\/ul>","protected":false},"featured_media":84143,"template":"","meta":[],"product_brand":[896],"product_cat":[24,71],"product_tag":[],"class_list":{"0":"post-84142","1":"product","2":"type-product","3":"status-publish","4":"has-post-thumbnail","6":"product_brand-replique-manga-cine","7":"product_cat-films-series-tv-vente-de-katana-epee-et-produits-derives","8":"product_cat-katana-kill-bill","10":"first","11":"instock","12":"taxable","13":"shipping-taxable","14":"purchasable","15":"product-type-simple"},"yoast_head":"<!-- This site is optimized with the Yoast SEO plugin v27.4 - https:\/\/yoast.com\/product\/yoast-seo-wordpress\/ -->\n<title>Shirasaya de O-ren Ishii - Kill Bill - R\u00e9plique Manga Cin\u00e9<\/title>\n<meta name=\"description\" content=\"D\u00e9couvrez le Shirasaya de O-Ren Ishii, r\u00e9plique culte de Kill Bill. \u00c9l\u00e9gance japonaise et authenticit\u00e9 pour les passionn\u00e9s de cin\u00e9ma et d\u2019armes l\u00e9gendaires.\" \/>\n<meta name=\"robots\" content=\"index, follow, max-snippet:-1, max-image-preview:large, max-video-preview:-1\" \/>\n<link rel=\"canonical\" href=\"https:\/\/repliquemangacine.fr\/it\/katana-kill-bill\/shirasaya-di-o-ren-ishii-kill-bill\/\" \/>\n<meta property=\"og:locale\" content=\"it_IT\" \/>\n<meta property=\"og:type\" content=\"article\" \/>\n<meta property=\"og:title\" content=\"Shirasaya de O-ren Ishii - Kill Bill - R\u00e9plique Manga Cin\u00e9\" \/>\n<meta property=\"og:description\" content=\"D\u00e9couvrez le Shirasaya de O-Ren Ishii, r\u00e9plique culte de Kill Bill. \u00c9l\u00e9gance japonaise et authenticit\u00e9 pour les passionn\u00e9s de cin\u00e9ma et d\u2019armes l\u00e9gendaires.\" \/>\n<meta property=\"og:url\" content=\"https:\/\/repliquemangacine.fr\/it\/katana-kill-bill\/shirasaya-di-o-ren-ishii-kill-bill\/\" \/>\n<meta property=\"og:site_name\" content=\"R\u00e9plique Manga Cin\u00e9\" \/>\n<meta property=\"article:publisher\" content=\"https:\/\/www.facebook.com\/RepliqueMangaCine\" \/>\n<meta property=\"article:modified_time\" content=\"2026-03-19T23:15:47+00:00\" \/>\n<meta property=\"og:image\" content=\"https:\/\/repliquemangacine.fr\/wp-content\/uploads\/2025\/05\/shirasaya-oren-iichi-kill-bill.jpg\" \/>\n\t<meta property=\"og:image:width\" content=\"800\" \/>\n\t<meta property=\"og:image:height\" content=\"800\" \/>\n\t<meta property=\"og:image:type\" content=\"image\/jpeg\" \/>\n<meta name=\"twitter:card\" content=\"summary_large_image\" \/>\n<meta name=\"twitter:label1\" content=\"Tempo di lettura stimato\" \/>\n\t<meta name=\"twitter:data1\" content=\"3 minuti\" \/>\n<script type=\"application\/ld+json\" class=\"yoast-schema-graph\">{\"@context\":\"https:\\\/\\\/schema.org\",\"@graph\":[{\"@type\":\"WebPage\",\"@id\":\"https:\\\/\\\/repliquemangacine.fr\\\/katana-kill-bill\\\/shirasaya-de-o-ren-ishii-kill-bill\\\/\",\"url\":\"https:\\\/\\\/repliquemangacine.fr\\\/katana-kill-bill\\\/shirasaya-de-o-ren-ishii-kill-bill\\\/\",\"name\":\"Shirasaya de O-ren Ishii - Kill Bill - R\u00e9plique Manga Cin\u00e9\",\"isPartOf\":{\"@id\":\"https:\\\/\\\/repliquemangacine.fr\\\/#website\"},\"primaryImageOfPage\":{\"@id\":\"https:\\\/\\\/repliquemangacine.fr\\\/katana-kill-bill\\\/shirasaya-de-o-ren-ishii-kill-bill\\\/#primaryimage\"},\"image\":{\"@id\":\"https:\\\/\\\/repliquemangacine.fr\\\/katana-kill-bill\\\/shirasaya-de-o-ren-ishii-kill-bill\\\/#primaryimage\"},\"thumbnailUrl\":\"https:\\\/\\\/repliquemangacine.fr\\\/wp-content\\\/uploads\\\/2025\\\/05\\\/shirasaya-oren-iichi-kill-bill.jpg\",\"datePublished\":\"2025-05-10T13:45:17+00:00\",\"dateModified\":\"2026-03-19T23:15:47+00:00\",\"description\":\"D\u00e9couvrez le Shirasaya de O-Ren Ishii, r\u00e9plique culte de Kill Bill. \u00c9l\u00e9gance japonaise et authenticit\u00e9 pour les passionn\u00e9s de cin\u00e9ma et d\u2019armes l\u00e9gendaires.\",\"breadcrumb\":{\"@id\":\"https:\\\/\\\/repliquemangacine.fr\\\/katana-kill-bill\\\/shirasaya-de-o-ren-ishii-kill-bill\\\/#breadcrumb\"},\"inLanguage\":\"it-IT\",\"potentialAction\":[{\"@type\":\"ReadAction\",\"target\":[\"https:\\\/\\\/repliquemangacine.fr\\\/katana-kill-bill\\\/shirasaya-de-o-ren-ishii-kill-bill\\\/\"]}]},{\"@type\":\"ImageObject\",\"inLanguage\":\"it-IT\",\"@id\":\"https:\\\/\\\/repliquemangacine.fr\\\/katana-kill-bill\\\/shirasaya-de-o-ren-ishii-kill-bill\\\/#primaryimage\",\"url\":\"https:\\\/\\\/repliquemangacine.fr\\\/wp-content\\\/uploads\\\/2025\\\/05\\\/shirasaya-oren-iichi-kill-bill.jpg\",\"contentUrl\":\"https:\\\/\\\/repliquemangacine.fr\\\/wp-content\\\/uploads\\\/2025\\\/05\\\/shirasaya-oren-iichi-kill-bill.jpg\",\"width\":800,\"height\":800,\"caption\":\"Shirasaya de O-Ren Ishii dans Kill bill\"},{\"@type\":\"BreadcrumbList\",\"@id\":\"https:\\\/\\\/repliquemangacine.fr\\\/katana-kill-bill\\\/shirasaya-de-o-ren-ishii-kill-bill\\\/#breadcrumb\",\"itemListElement\":[{\"@type\":\"ListItem\",\"position\":1,\"name\":\"Accueil\",\"item\":\"https:\\\/\\\/repliquemangacine.fr\\\/\"},{\"@type\":\"ListItem\",\"position\":2,\"name\":\"Produits\",\"item\":\"https:\\\/\\\/repliquemangacine.fr\\\/boutique\\\/\"},{\"@type\":\"ListItem\",\"position\":3,\"name\":\"Shirasaya de O-ren Ishii &#8211; Kill Bill\"}]},{\"@type\":\"WebSite\",\"@id\":\"https:\\\/\\\/repliquemangacine.fr\\\/#website\",\"url\":\"https:\\\/\\\/repliquemangacine.fr\\\/\",\"name\":\"R\u00e9plique Manga Cin\u00e9\",\"description\":\"\",\"publisher\":{\"@id\":\"https:\\\/\\\/repliquemangacine.fr\\\/#organization\"},\"potentialAction\":[{\"@type\":\"SearchAction\",\"target\":{\"@type\":\"EntryPoint\",\"urlTemplate\":\"https:\\\/\\\/repliquemangacine.fr\\\/?s={search_term_string}\"},\"query-input\":{\"@type\":\"PropertyValueSpecification\",\"valueRequired\":true,\"valueName\":\"search_term_string\"}}],\"inLanguage\":\"it-IT\"},{\"@type\":\"Organization\",\"@id\":\"https:\\\/\\\/repliquemangacine.fr\\\/#organization\",\"name\":\"R\u00e9plique Manga Cin\u00e9\",\"url\":\"https:\\\/\\\/repliquemangacine.fr\\\/\",\"logo\":{\"@type\":\"ImageObject\",\"inLanguage\":\"it-IT\",\"@id\":\"https:\\\/\\\/repliquemangacine.fr\\\/#\\\/schema\\\/logo\\\/image\\\/\",\"url\":\"https:\\\/\\\/repliquemangacine.fr\\\/wp-content\\\/uploads\\\/2023\\\/10\\\/RMC-500250.png\",\"contentUrl\":\"https:\\\/\\\/repliquemangacine.fr\\\/wp-content\\\/uploads\\\/2023\\\/10\\\/RMC-500250.png\",\"width\":500,\"height\":250,\"caption\":\"R\u00e9plique Manga Cin\u00e9\"},\"image\":{\"@id\":\"https:\\\/\\\/repliquemangacine.fr\\\/#\\\/schema\\\/logo\\\/image\\\/\"},\"sameAs\":[\"https:\\\/\\\/www.facebook.com\\\/RepliqueMangaCine\",\"https:\\\/\\\/www.instagram.com\\\/repliquemangacine.fr\\\/\"]}]}<\/script>\n<!-- \/ Yoast SEO plugin. -->","yoast_head_json":{"title":"Shirasaya di O-ren Ishii - Kill Bill - R\u00e9plique Manga Cin\u00e9","description":"Scoprite lo Shirasaya di O-Ren Ishii, una replica cult di Kill Bill. Eleganza e autenticit\u00e0 giapponese per gli appassionati di cinema e di armi leggendarie.","robots":{"index":"index","follow":"follow","max-snippet":"max-snippet:-1","max-image-preview":"max-image-preview:large","max-video-preview":"max-video-preview:-1"},"canonical":"https:\/\/repliquemangacine.fr\/it\/katana-kill-bill\/shirasaya-di-o-ren-ishii-kill-bill\/","og_locale":"it_IT","og_type":"article","og_title":"Shirasaya de O-ren Ishii - Kill Bill - R\u00e9plique Manga Cin\u00e9","og_description":"D\u00e9couvrez le Shirasaya de O-Ren Ishii, r\u00e9plique culte de Kill Bill. \u00c9l\u00e9gance japonaise et authenticit\u00e9 pour les passionn\u00e9s de cin\u00e9ma et d\u2019armes l\u00e9gendaires.","og_url":"https:\/\/repliquemangacine.fr\/it\/katana-kill-bill\/shirasaya-di-o-ren-ishii-kill-bill\/","og_site_name":"R\u00e9plique Manga Cin\u00e9","article_publisher":"https:\/\/www.facebook.com\/RepliqueMangaCine","article_modified_time":"2026-03-19T23:15:47+00:00","og_image":[{"width":800,"height":800,"url":"https:\/\/repliquemangacine.fr\/wp-content\/uploads\/2025\/05\/shirasaya-oren-iichi-kill-bill.jpg","type":"image\/jpeg"}],"twitter_card":"summary_large_image","twitter_misc":{"Tempo di lettura stimato":"3 minuti"},"schema":{"@context":"https:\/\/schema.org","@graph":[{"@type":"WebPage","@id":"https:\/\/repliquemangacine.fr\/katana-kill-bill\/shirasaya-de-o-ren-ishii-kill-bill\/","url":"https:\/\/repliquemangacine.fr\/katana-kill-bill\/shirasaya-de-o-ren-ishii-kill-bill\/","name":"Shirasaya di O-ren Ishii - Kill Bill - R\u00e9plique Manga Cin\u00e9","isPartOf":{"@id":"https:\/\/repliquemangacine.fr\/#website"},"primaryImageOfPage":{"@id":"https:\/\/repliquemangacine.fr\/katana-kill-bill\/shirasaya-de-o-ren-ishii-kill-bill\/#primaryimage"},"image":{"@id":"https:\/\/repliquemangacine.fr\/katana-kill-bill\/shirasaya-de-o-ren-ishii-kill-bill\/#primaryimage"},"thumbnailUrl":"https:\/\/repliquemangacine.fr\/wp-content\/uploads\/2025\/05\/shirasaya-oren-iichi-kill-bill.jpg","datePublished":"2025-05-10T13:45:17+00:00","dateModified":"2026-03-19T23:15:47+00:00","description":"Scoprite lo Shirasaya di O-Ren Ishii, una replica cult di Kill Bill. Eleganza e autenticit\u00e0 giapponese per gli appassionati di cinema e di armi leggendarie.","breadcrumb":{"@id":"https:\/\/repliquemangacine.fr\/katana-kill-bill\/shirasaya-de-o-ren-ishii-kill-bill\/#breadcrumb"},"inLanguage":"it-IT","potentialAction":[{"@type":"ReadAction","target":["https:\/\/repliquemangacine.fr\/katana-kill-bill\/shirasaya-de-o-ren-ishii-kill-bill\/"]}]},{"@type":"ImageObject","inLanguage":"it-IT","@id":"https:\/\/repliquemangacine.fr\/katana-kill-bill\/shirasaya-de-o-ren-ishii-kill-bill\/#primaryimage","url":"https:\/\/repliquemangacine.fr\/wp-content\/uploads\/2025\/05\/shirasaya-oren-iichi-kill-bill.jpg","contentUrl":"https:\/\/repliquemangacine.fr\/wp-content\/uploads\/2025\/05\/shirasaya-oren-iichi-kill-bill.jpg","width":800,"height":800,"caption":"Shirasaya de O-Ren Ishii dans Kill bill"},{"@type":"BreadcrumbList","@id":"https:\/\/repliquemangacine.fr\/katana-kill-bill\/shirasaya-de-o-ren-ishii-kill-bill\/#breadcrumb","itemListElement":[{"@type":"ListItem","position":1,"name":"Accueil","item":"https:\/\/repliquemangacine.fr\/"},{"@type":"ListItem","position":2,"name":"Produits","item":"https:\/\/repliquemangacine.fr\/boutique\/"},{"@type":"ListItem","position":3,"name":"Shirasaya de O-ren Ishii &#8211; Kill Bill"}]},{"@type":"WebSite","@id":"https:\/\/repliquemangacine.fr\/#website","url":"https:\/\/repliquemangacine.fr\/","name":"R\u00e9plique Manga Cin\u00e9","description":"","publisher":{"@id":"https:\/\/repliquemangacine.fr\/#organization"},"potentialAction":[{"@type":"SearchAction","target":{"@type":"EntryPoint","urlTemplate":"https:\/\/repliquemangacine.fr\/?s={search_term_string}"},"query-input":{"@type":"PropertyValueSpecification","valueRequired":true,"valueName":"search_term_string"}}],"inLanguage":"it-IT"},{"@type":"Organization","@id":"https:\/\/repliquemangacine.fr\/#organization","name":"R\u00e9plique Manga Cin\u00e9","url":"https:\/\/repliquemangacine.fr\/","logo":{"@type":"ImageObject","inLanguage":"it-IT","@id":"https:\/\/repliquemangacine.fr\/#\/schema\/logo\/image\/","url":"https:\/\/repliquemangacine.fr\/wp-content\/uploads\/2023\/10\/RMC-500250.png","contentUrl":"https:\/\/repliquemangacine.fr\/wp-content\/uploads\/2023\/10\/RMC-500250.png","width":500,"height":250,"caption":"R\u00e9plique Manga Cin\u00e9"},"image":{"@id":"https:\/\/repliquemangacine.fr\/#\/schema\/logo\/image\/"},"sameAs":["https:\/\/www.facebook.com\/RepliqueMangaCine","https:\/\/www.instagram.com\/repliquemangacine.fr\/"]}]}},"_links":{"self":[{"href":"https:\/\/repliquemangacine.fr\/it\/wp-json\/wp\/v2\/product\/84142","targetHints":{"allow":["GET"]}}],"collection":[{"href":"https:\/\/repliquemangacine.fr\/it\/wp-json\/wp\/v2\/product"}],"about":[{"href":"https:\/\/repliquemangacine.fr\/it\/wp-json\/wp\/v2\/types\/product"}],"wp:featuredmedia":[{"embeddable":true,"href":"https:\/\/repliquemangacine.fr\/it\/wp-json\/wp\/v2\/media\/84143"}],"wp:attachment":[{"href":"https:\/\/repliquemangacine.fr\/it\/wp-json\/wp\/v2\/media?parent=84142"}],"wp:term":[{"taxonomy":"product_brand","embeddable":true,"href":"https:\/\/repliquemangacine.fr\/it\/wp-json\/wp\/v2\/product_brand?post=84142"},{"taxonomy":"product_cat","embeddable":true,"href":"https:\/\/repliquemangacine.fr\/it\/wp-json\/wp\/v2\/product_cat?post=84142"},{"taxonomy":"product_tag","embeddable":true,"href":"https:\/\/repliquemangacine.fr\/it\/wp-json\/wp\/v2\/product_tag?post=84142"}],"curies":[{"name":"wp","href":"https:\/\/api.w.org\/{rel}","templated":true}]}}