





{"id":84022,"date":"2025-05-04T17:41:38","date_gmt":"2025-05-04T15:41:38","guid":{"rendered":"https:\/\/repliquemangacine.fr\/?post_type=product&#038;p=84022"},"modified":"2026-04-10T08:09:53","modified_gmt":"2026-04-10T06:09:53","slug":"fantasma-di-tsushima-jin-spada","status":"publish","type":"product","link":"https:\/\/repliquemangacine.fr\/it\/katana-et-epee-de-jeux-video-autre-jeux-video\/epee-de-jin-ghost-of-tsushima\/","title":{"rendered":"La spada di Jin - Il fantasma di Tsushima"},"content":{"rendered":"<h2>La spada di Jin Sakai: una replica di lusso fedele a Ghost of Tsushima<\/h2>\n<p>Per prima cosa, scoprite la sontuosa spada di Jin Sakai, chiamata anche Katana Bleu Saka\u00ef, tratta dal gioco cult Ghost of Tsushima. La sua lama in acciaio 440 bicolore le conferisce una lucentezza straordinaria, combinando realismo ed eleganza. L'elsa in acciaio, finemente decorata, assicura un perfetto equilibrio visivo tra sobriet\u00e0 giapponese e potenza tradizionale. L'impugnatura in finta pelle di razza, ricoperta da una treccia di cotone bianco, offre un'ottima presa e un look autentico. Il fodero in legno laccato nero, decorato con motivi dettagliati, completa il tutto con una raffinatezza degna delle pi\u00f9 belle armi samurai.<\/p>\n<p>Perfetto per esposizioni, cosplay o collezioni prestigiose. Progettata per gli appassionati, questa replica rende omaggio all'arte della spada giapponese in tutta la sua nobilt\u00e0. Sedurr\u00e0 sia gli appassionati di Ghost of Tsushima che i collezionisti alla ricerca di dettagli minuziosi. Ordina subito questo pezzo eccezionale, disponibile in esclusiva sul nostro negozio dedicato alle armi iconiche.<\/p>\n<h2>Ghost of Tsushima: un'opera immersiva di arte marziale e poesia visiva<\/h2>\n<p>Ghost of Tsushima \u00e8 un videogioco acclamato, rinomato per il suo ricco universo, la direzione artistica e il gameplay approfondito. Immerge i giocatori nella <a href=\"https:\/\/www.worldhistory.org\/trans\/fr\/2-1438\/feodalisme-dans-le-japon-medieval\/\" target=\"_blank\" rel=\"noopener noreferrer\">Giappone feudale<\/a>, nel pieno dell'invasione mongola, nei panni di Jin Sakai, un samurai diviso tra due tradizioni. Ogni scontro \u00e8 concepito come un duello, in cui ogni colpo deve essere anticipato, calcolato ed eseguito alla perfezione. Inoltre, la musica, i paesaggi e gli effetti visivi rendono ogni momento del gioco esteticamente indimenticabile e narrativamente potente. La narrazione si distingue per la sua ricchezza emotiva, tra onore, sacrificio ed evoluzione psicologica del protagonista, Jin Sakai.<\/p>\n<p>Ghost of Tsushima combina strategia, bellezza grafica e riflessione morale, offrendo un'esperienza di gioco unica e indimenticabile. Questo spiega perch\u00e9 i prodotti derivati dal gioco, come questa spada, sono cos\u00ec apprezzati dagli appassionati di tutto il mondo. Aggiungi questa replica alla tua collezione e incarna anche tu l'anima del samurai nel tuo ambiente.<\/p>\n<h2>Altre spade leggendarie dei videogiochi disponibili su R\u00e9plique Manga Cin\u00e9<\/h2>\n<p>Da R\u00e9plique Manga Cin\u00e9 troverete molto pi\u00f9 di una semplice replica: un vero e proprio tributo alle mitiche armi dei videogiochi. Tra i modelli imperdibili, scoprite l'impressionante <a href=\"https:\/\/repliquemangacine.fr\/it\/katana-e-spada-videogiochi-altri-videogiochi\/spada-del-diavolo-epee-du-diable-de-dante-diavolo-il-mio-grido\/\">Spada del diavolo<\/a> di Dante, tratta da Devil May Cry 5, in fibra di vetro dipinta a mano. Questo pezzo \u00e8 rinforzato da una struttura metallica interna, che garantisce solidit\u00e0 e fedelt\u00e0 all'arma originale di Dante.<br \/>\nProponiamo anche la leggendaria <a href=\"https:\/\/repliquemangacine.fr\/it\/katana-e-spada-videogiochi-altri-videogiochi\/spada-fusion-cloud-multiblade-buster-spada-final-fantasy-vii\/\">Spada a fusione<\/a> Cloud Strife, da Final Fantasy VII: Advent Children, con sei lame staccabili. Infine, troverete il <a href=\"https:\/\/repliquemangacine.fr\/it\/anello-di-elden\/anello-rapiere-de-rogier-elden\/\">Pinza Rogier<\/a> in Elden Ring, una lama con gola in acciaio inossidabile, impreziosita da un'incisione stilizzata.<\/p>\n<p>Inoltre, noi di R\u00e9plique Manga Cin\u00e9 selezioniamo le nostre repliche in base alla loro solidit\u00e0 e fedelt\u00e0 ai modelli originali. In conclusione, sono ideali per il cosplay, la decorazione o il collezionismo. Unitevi alla nostra community e collezionate le armi iconiche dei vostri giochi preferiti, direttamente da RMC.<\/p>","protected":false},"excerpt":{"rendered":"<p>Magnifica replica della Spada di Jin, la Sakai Blue Katana presente nella versione di lusso del videogioco Ghost of Tsushima.<\/p>\n<ul>\n<li>Lama in acciaio 440 bicolore<\/li>\n<li>Guardia in acciaio massiccio finemente decorata<\/li>\n<li>Manico in finta pelle di razza ricoperto da una treccia di cotone bianco.<\/li>\n<li>Fodero in legno laccato nero riccamente decorato.<\/li>\n<li>Lunghezza lama: 67,5 cm - Lunghezza totale: 103 cm<\/li>\n<li>Peso con fodero: 1030 g<\/li>\n<\/ul>","protected":false},"featured_media":84023,"template":"","meta":[],"product_brand":[896],"product_cat":[67],"product_tag":[],"class_list":{"0":"post-84022","1":"product","2":"type-product","3":"status-publish","4":"has-post-thumbnail","6":"product_brand-replique-manga-cine","7":"product_cat-katana-et-epee-de-jeux-video-autre-jeux-video","9":"first","10":"outofstock","11":"taxable","12":"shipping-taxable","13":"purchasable","14":"product-type-simple"},"yoast_head":"<!-- This site is optimized with the Yoast SEO plugin v27.4 - https:\/\/yoast.com\/product\/yoast-seo-wordpress\/ -->\n<title>\u00e9p\u00e9e de Jin - Ghost of Tsushima - R\u00e9plique Manga Cin\u00e9<\/title>\n<meta name=\"description\" content=\"Magnifique r\u00e9plique de l&#039;\u00e9p\u00e9e de Jin Sakai dans Ghost of Tsushima. Lame en acier 440, finitions luxe, id\u00e9ale pour collection ou cosplay.\" \/>\n<meta name=\"robots\" content=\"index, follow, max-snippet:-1, max-image-preview:large, max-video-preview:-1\" \/>\n<link rel=\"canonical\" href=\"https:\/\/repliquemangacine.fr\/it\/katana-e-spada-videogiochi-altri-videogiochi\/fantasma-di-tsushima-jin-spada\/\" \/>\n<meta property=\"og:locale\" content=\"it_IT\" \/>\n<meta property=\"og:type\" content=\"article\" \/>\n<meta property=\"og:title\" content=\"\u00e9p\u00e9e de Jin - Ghost of Tsushima - R\u00e9plique Manga Cin\u00e9\" \/>\n<meta property=\"og:description\" content=\"Magnifique r\u00e9plique de l&#039;\u00e9p\u00e9e de Jin Sakai dans Ghost of Tsushima. Lame en acier 440, finitions luxe, id\u00e9ale pour collection ou cosplay.\" \/>\n<meta property=\"og:url\" content=\"https:\/\/repliquemangacine.fr\/it\/katana-e-spada-videogiochi-altri-videogiochi\/fantasma-di-tsushima-jin-spada\/\" \/>\n<meta property=\"og:site_name\" content=\"R\u00e9plique Manga Cin\u00e9\" \/>\n<meta property=\"article:publisher\" content=\"https:\/\/www.facebook.com\/RepliqueMangaCine\" \/>\n<meta property=\"article:modified_time\" content=\"2026-04-10T06:09:53+00:00\" \/>\n<meta property=\"og:image\" content=\"https:\/\/repliquemangacine.fr\/wp-content\/uploads\/2025\/05\/Epee-de-Jin.jpg\" \/>\n\t<meta property=\"og:image:width\" content=\"500\" \/>\n\t<meta property=\"og:image:height\" content=\"500\" \/>\n\t<meta property=\"og:image:type\" content=\"image\/jpeg\" \/>\n<meta name=\"twitter:card\" content=\"summary_large_image\" \/>\n<meta name=\"twitter:label1\" content=\"Tempo di lettura stimato\" \/>\n\t<meta name=\"twitter:data1\" content=\"3 minuti\" \/>\n<script type=\"application\/ld+json\" class=\"yoast-schema-graph\">{\"@context\":\"https:\\\/\\\/schema.org\",\"@graph\":[{\"@type\":\"WebPage\",\"@id\":\"https:\\\/\\\/repliquemangacine.fr\\\/katana-et-epee-de-jeux-video-autre-jeux-video\\\/epee-de-jin-ghost-of-tsushima\\\/\",\"url\":\"https:\\\/\\\/repliquemangacine.fr\\\/katana-et-epee-de-jeux-video-autre-jeux-video\\\/epee-de-jin-ghost-of-tsushima\\\/\",\"name\":\"\u00e9p\u00e9e de Jin - Ghost of Tsushima - R\u00e9plique Manga Cin\u00e9\",\"isPartOf\":{\"@id\":\"https:\\\/\\\/repliquemangacine.fr\\\/#website\"},\"primaryImageOfPage\":{\"@id\":\"https:\\\/\\\/repliquemangacine.fr\\\/katana-et-epee-de-jeux-video-autre-jeux-video\\\/epee-de-jin-ghost-of-tsushima\\\/#primaryimage\"},\"image\":{\"@id\":\"https:\\\/\\\/repliquemangacine.fr\\\/katana-et-epee-de-jeux-video-autre-jeux-video\\\/epee-de-jin-ghost-of-tsushima\\\/#primaryimage\"},\"thumbnailUrl\":\"https:\\\/\\\/repliquemangacine.fr\\\/wp-content\\\/uploads\\\/2025\\\/05\\\/Epee-de-Jin.jpg\",\"datePublished\":\"2025-05-04T15:41:38+00:00\",\"dateModified\":\"2026-04-10T06:09:53+00:00\",\"description\":\"Magnifique r\u00e9plique de l'\u00e9p\u00e9e de Jin Sakai dans Ghost of Tsushima. Lame en acier 440, finitions luxe, id\u00e9ale pour collection ou cosplay.\",\"breadcrumb\":{\"@id\":\"https:\\\/\\\/repliquemangacine.fr\\\/katana-et-epee-de-jeux-video-autre-jeux-video\\\/epee-de-jin-ghost-of-tsushima\\\/#breadcrumb\"},\"inLanguage\":\"it-IT\",\"potentialAction\":[{\"@type\":\"ReadAction\",\"target\":[\"https:\\\/\\\/repliquemangacine.fr\\\/katana-et-epee-de-jeux-video-autre-jeux-video\\\/epee-de-jin-ghost-of-tsushima\\\/\"]}]},{\"@type\":\"ImageObject\",\"inLanguage\":\"it-IT\",\"@id\":\"https:\\\/\\\/repliquemangacine.fr\\\/katana-et-epee-de-jeux-video-autre-jeux-video\\\/epee-de-jin-ghost-of-tsushima\\\/#primaryimage\",\"url\":\"https:\\\/\\\/repliquemangacine.fr\\\/wp-content\\\/uploads\\\/2025\\\/05\\\/Epee-de-Jin.jpg\",\"contentUrl\":\"https:\\\/\\\/repliquemangacine.fr\\\/wp-content\\\/uploads\\\/2025\\\/05\\\/Epee-de-Jin.jpg\",\"width\":500,\"height\":500,\"caption\":\"Ep\u00e9e de Jin Ghost of Tsushima\"},{\"@type\":\"BreadcrumbList\",\"@id\":\"https:\\\/\\\/repliquemangacine.fr\\\/katana-et-epee-de-jeux-video-autre-jeux-video\\\/epee-de-jin-ghost-of-tsushima\\\/#breadcrumb\",\"itemListElement\":[{\"@type\":\"ListItem\",\"position\":1,\"name\":\"Accueil\",\"item\":\"https:\\\/\\\/repliquemangacine.fr\\\/\"},{\"@type\":\"ListItem\",\"position\":2,\"name\":\"Produits\",\"item\":\"https:\\\/\\\/repliquemangacine.fr\\\/boutique\\\/\"},{\"@type\":\"ListItem\",\"position\":3,\"name\":\"\u00e9p\u00e9e de Jin &#8211; Ghost of Tsushima\"}]},{\"@type\":\"WebSite\",\"@id\":\"https:\\\/\\\/repliquemangacine.fr\\\/#website\",\"url\":\"https:\\\/\\\/repliquemangacine.fr\\\/\",\"name\":\"R\u00e9plique Manga Cin\u00e9\",\"description\":\"\",\"publisher\":{\"@id\":\"https:\\\/\\\/repliquemangacine.fr\\\/#organization\"},\"potentialAction\":[{\"@type\":\"SearchAction\",\"target\":{\"@type\":\"EntryPoint\",\"urlTemplate\":\"https:\\\/\\\/repliquemangacine.fr\\\/?s={search_term_string}\"},\"query-input\":{\"@type\":\"PropertyValueSpecification\",\"valueRequired\":true,\"valueName\":\"search_term_string\"}}],\"inLanguage\":\"it-IT\"},{\"@type\":\"Organization\",\"@id\":\"https:\\\/\\\/repliquemangacine.fr\\\/#organization\",\"name\":\"R\u00e9plique Manga Cin\u00e9\",\"url\":\"https:\\\/\\\/repliquemangacine.fr\\\/\",\"logo\":{\"@type\":\"ImageObject\",\"inLanguage\":\"it-IT\",\"@id\":\"https:\\\/\\\/repliquemangacine.fr\\\/#\\\/schema\\\/logo\\\/image\\\/\",\"url\":\"https:\\\/\\\/repliquemangacine.fr\\\/wp-content\\\/uploads\\\/2023\\\/10\\\/RMC-500250.png\",\"contentUrl\":\"https:\\\/\\\/repliquemangacine.fr\\\/wp-content\\\/uploads\\\/2023\\\/10\\\/RMC-500250.png\",\"width\":500,\"height\":250,\"caption\":\"R\u00e9plique Manga Cin\u00e9\"},\"image\":{\"@id\":\"https:\\\/\\\/repliquemangacine.fr\\\/#\\\/schema\\\/logo\\\/image\\\/\"},\"sameAs\":[\"https:\\\/\\\/www.facebook.com\\\/RepliqueMangaCine\",\"https:\\\/\\\/www.instagram.com\\\/repliquemangacine.fr\\\/\"]}]}<\/script>\n<!-- \/ Yoast SEO plugin. -->","yoast_head_json":{"title":"Spada di Jin - Fantasma di Tsushima - R\u00e9plique Manga Cin\u00e9","description":"Magnifica replica della spada di Jin Sakai di Ghost of Tsushima. Lama in acciaio 440, finitura di lusso, ideale per la collezione o il cosplay.","robots":{"index":"index","follow":"follow","max-snippet":"max-snippet:-1","max-image-preview":"max-image-preview:large","max-video-preview":"max-video-preview:-1"},"canonical":"https:\/\/repliquemangacine.fr\/it\/katana-e-spada-videogiochi-altri-videogiochi\/fantasma-di-tsushima-jin-spada\/","og_locale":"it_IT","og_type":"article","og_title":"\u00e9p\u00e9e de Jin - Ghost of Tsushima - R\u00e9plique Manga Cin\u00e9","og_description":"Magnifique r\u00e9plique de l'\u00e9p\u00e9e de Jin Sakai dans Ghost of Tsushima. Lame en acier 440, finitions luxe, id\u00e9ale pour collection ou cosplay.","og_url":"https:\/\/repliquemangacine.fr\/it\/katana-e-spada-videogiochi-altri-videogiochi\/fantasma-di-tsushima-jin-spada\/","og_site_name":"R\u00e9plique Manga Cin\u00e9","article_publisher":"https:\/\/www.facebook.com\/RepliqueMangaCine","article_modified_time":"2026-04-10T06:09:53+00:00","og_image":[{"width":500,"height":500,"url":"https:\/\/repliquemangacine.fr\/wp-content\/uploads\/2025\/05\/Epee-de-Jin.jpg","type":"image\/jpeg"}],"twitter_card":"summary_large_image","twitter_misc":{"Tempo di lettura stimato":"3 minuti"},"schema":{"@context":"https:\/\/schema.org","@graph":[{"@type":"WebPage","@id":"https:\/\/repliquemangacine.fr\/katana-et-epee-de-jeux-video-autre-jeux-video\/epee-de-jin-ghost-of-tsushima\/","url":"https:\/\/repliquemangacine.fr\/katana-et-epee-de-jeux-video-autre-jeux-video\/epee-de-jin-ghost-of-tsushima\/","name":"Spada di Jin - Fantasma di Tsushima - R\u00e9plique Manga Cin\u00e9","isPartOf":{"@id":"https:\/\/repliquemangacine.fr\/#website"},"primaryImageOfPage":{"@id":"https:\/\/repliquemangacine.fr\/katana-et-epee-de-jeux-video-autre-jeux-video\/epee-de-jin-ghost-of-tsushima\/#primaryimage"},"image":{"@id":"https:\/\/repliquemangacine.fr\/katana-et-epee-de-jeux-video-autre-jeux-video\/epee-de-jin-ghost-of-tsushima\/#primaryimage"},"thumbnailUrl":"https:\/\/repliquemangacine.fr\/wp-content\/uploads\/2025\/05\/Epee-de-Jin.jpg","datePublished":"2025-05-04T15:41:38+00:00","dateModified":"2026-04-10T06:09:53+00:00","description":"Magnifica replica della spada di Jin Sakai di Ghost of Tsushima. Lama in acciaio 440, finitura di lusso, ideale per la collezione o il cosplay.","breadcrumb":{"@id":"https:\/\/repliquemangacine.fr\/katana-et-epee-de-jeux-video-autre-jeux-video\/epee-de-jin-ghost-of-tsushima\/#breadcrumb"},"inLanguage":"it-IT","potentialAction":[{"@type":"ReadAction","target":["https:\/\/repliquemangacine.fr\/katana-et-epee-de-jeux-video-autre-jeux-video\/epee-de-jin-ghost-of-tsushima\/"]}]},{"@type":"ImageObject","inLanguage":"it-IT","@id":"https:\/\/repliquemangacine.fr\/katana-et-epee-de-jeux-video-autre-jeux-video\/epee-de-jin-ghost-of-tsushima\/#primaryimage","url":"https:\/\/repliquemangacine.fr\/wp-content\/uploads\/2025\/05\/Epee-de-Jin.jpg","contentUrl":"https:\/\/repliquemangacine.fr\/wp-content\/uploads\/2025\/05\/Epee-de-Jin.jpg","width":500,"height":500,"caption":"Ep\u00e9e de Jin Ghost of Tsushima"},{"@type":"BreadcrumbList","@id":"https:\/\/repliquemangacine.fr\/katana-et-epee-de-jeux-video-autre-jeux-video\/epee-de-jin-ghost-of-tsushima\/#breadcrumb","itemListElement":[{"@type":"ListItem","position":1,"name":"Accueil","item":"https:\/\/repliquemangacine.fr\/"},{"@type":"ListItem","position":2,"name":"Produits","item":"https:\/\/repliquemangacine.fr\/boutique\/"},{"@type":"ListItem","position":3,"name":"\u00e9p\u00e9e de Jin &#8211; Ghost of Tsushima"}]},{"@type":"WebSite","@id":"https:\/\/repliquemangacine.fr\/#website","url":"https:\/\/repliquemangacine.fr\/","name":"R\u00e9plique Manga Cin\u00e9","description":"","publisher":{"@id":"https:\/\/repliquemangacine.fr\/#organization"},"potentialAction":[{"@type":"SearchAction","target":{"@type":"EntryPoint","urlTemplate":"https:\/\/repliquemangacine.fr\/?s={search_term_string}"},"query-input":{"@type":"PropertyValueSpecification","valueRequired":true,"valueName":"search_term_string"}}],"inLanguage":"it-IT"},{"@type":"Organization","@id":"https:\/\/repliquemangacine.fr\/#organization","name":"R\u00e9plique Manga Cin\u00e9","url":"https:\/\/repliquemangacine.fr\/","logo":{"@type":"ImageObject","inLanguage":"it-IT","@id":"https:\/\/repliquemangacine.fr\/#\/schema\/logo\/image\/","url":"https:\/\/repliquemangacine.fr\/wp-content\/uploads\/2023\/10\/RMC-500250.png","contentUrl":"https:\/\/repliquemangacine.fr\/wp-content\/uploads\/2023\/10\/RMC-500250.png","width":500,"height":250,"caption":"R\u00e9plique Manga Cin\u00e9"},"image":{"@id":"https:\/\/repliquemangacine.fr\/#\/schema\/logo\/image\/"},"sameAs":["https:\/\/www.facebook.com\/RepliqueMangaCine","https:\/\/www.instagram.com\/repliquemangacine.fr\/"]}]}},"_links":{"self":[{"href":"https:\/\/repliquemangacine.fr\/it\/wp-json\/wp\/v2\/product\/84022","targetHints":{"allow":["GET"]}}],"collection":[{"href":"https:\/\/repliquemangacine.fr\/it\/wp-json\/wp\/v2\/product"}],"about":[{"href":"https:\/\/repliquemangacine.fr\/it\/wp-json\/wp\/v2\/types\/product"}],"wp:featuredmedia":[{"embeddable":true,"href":"https:\/\/repliquemangacine.fr\/it\/wp-json\/wp\/v2\/media\/84023"}],"wp:attachment":[{"href":"https:\/\/repliquemangacine.fr\/it\/wp-json\/wp\/v2\/media?parent=84022"}],"wp:term":[{"taxonomy":"product_brand","embeddable":true,"href":"https:\/\/repliquemangacine.fr\/it\/wp-json\/wp\/v2\/product_brand?post=84022"},{"taxonomy":"product_cat","embeddable":true,"href":"https:\/\/repliquemangacine.fr\/it\/wp-json\/wp\/v2\/product_cat?post=84022"},{"taxonomy":"product_tag","embeddable":true,"href":"https:\/\/repliquemangacine.fr\/it\/wp-json\/wp\/v2\/product_tag?post=84022"}],"curies":[{"name":"wp","href":"https:\/\/api.w.org\/{rel}","templated":true}]}}