





{"id":84013,"date":"2025-05-04T16:16:53","date_gmt":"2025-05-04T14:16:53","guid":{"rendered":"https:\/\/repliquemangacine.fr\/?post_type=product&#038;p=84013"},"modified":"2025-12-08T10:42:04","modified_gmt":"2025-12-08T09:42:04","slug":"scatola-durto-genshin","status":"publish","type":"product","link":"https:\/\/repliquemangacine.fr\/it\/genshin-impact\/coffret-genshin-impact\/","title":{"rendered":"Set Genshin Impact"},"content":{"rendered":"<h2>Cofanetto Genshin Impact da 18 pezzi, ricco di dettagli e fedele all'universo del gioco<\/h2>\n<p>Prima di tutto, immergetevi in questo affascinante universo con questo Genshin Impact Collector's Box che contiene diciotto pezzi unici. Contiene sette anelli regolabili che rappresentano gli elementi Anemo, Pyro, Electro, Cryo, Geo, Hydro e Dendro, simboli essenziali del gioco. Inoltre, troverete sei spade in metallo in miniatura di 11 cm, tra cui la Gravestone, la Freedom-Sworn, la Skyward e altri modelli famosi.<br class=\"yoast-text-mark\" \/>Un arco in metallo, un amuleto Vision e un anello metallico di 3,5 cm completano con eleganza questa prestigiosa collezione. Una catena di 58 cm con chiusura a moschettone e un piccolo moschettone di 2,5 cm aggiungono un tocco pratico e di stile. Ogni pezzo \u00e8 realizzato in metallo con finiture accurate per garantire una perfetta durata e un effetto visivo di grande impatto.<\/p>\n<p>Ideale per i fan di Genshin Impact, sia per la collezione, il cosplay o l'uso quotidiano. Consegnato in una scatola decorata con i colori del gioco, rendendo il tutto ancora pi\u00f9 coinvolgente e visivamente accattivante. In sintesi, questo cofanetto si impone come un'idea regalo perfetta per tutti gli appassionati dell'universo di <a href=\"https:\/\/genshin-impact.fandom.com\/fr\/wiki\/Teyvat\" target=\"_blank\" rel=\"noopener noreferrer\">Teyvat<\/a>.<\/p>\n<h2>I sette elementi: il cuore strategico e magico dell'universo di Genshin Impact<\/h2>\n<p>I sette elementi sono al centro del gameplay di Genshin Impact. Ognuno di essi influenza le abilit\u00e0, la trama e la strategia dei combattimenti. Ogni elemento \u2013 Pyro, Hydro, An\u00e9mo, Cryo, Electro, Geo, Dendro \u2013 ha una forte identit\u00e0 visiva ed effetti specifici ben definiti. Consentono reazioni elementali in combattimento, aumentando cos\u00ec i danni e aprendo possibilit\u00e0 tattiche pi\u00f9 creative e varie. Pertanto, padroneggiare le combinazioni tra gli elementi diventa indispensabile per ottimizzare i propri personaggi e sconfiggere i nemici pi\u00f9 potenti. Ad esempio, combinare Cryo e Hydro pu\u00f2 congelare il nemico, mentre Electro e Pyro provocano esplosioni istantanee e potentissime.<\/p>\n<p>Questo sistema di elementi crea una profondit\u00e0 strategica rara nei giochi di ruolo, rendendo ogni sessione di gioco assolutamente unica e coinvolgente.<br class=\"yoast-text-mark\" \/>Inoltre, la scatola viene fornita con un anello abbinato, in modo che i fan possano indossare la loro affinit\u00e0 con orgoglio.<\/p>\n<h2>Altre spade disponibili su R\u00e9plique Manga Cin\u00e9<\/h2>\n<p>Su R\u00e9plique Manga Cin\u00e9, troverete anche altre repliche di spade Genshin Impact a grandezza naturale come :<br class=\"yoast-text-mark\" \/>- L'<a href=\"https:\/\/repliquemangacine.fr\/it\/impatto-genshin\/spada-akuoumaru-in-impatto-genshin\/\">Spada Akuoumaru<\/a> presenta una lama in acciaio decorato e un'elegante guardia estesa, che evoca la nobilt\u00e0 e la potenza del personaggio.<br class=\"yoast-text-mark\" \/>- Successivamente, il<a href=\"https:\/\/repliquemangacine.fr\/it\/impatto-genshin\/ruggito-dei-leoni-spada-da-impatto-genshin\/\">Spada Ruggito del Leone<\/a> presenta un'imponente e regale elsa d'oro a forma di testa di leone.<br class=\"yoast-text-mark\" \/>- Per quanto riguarda <a href=\"https:\/\/repliquemangacine.fr\/it\/impatto-genshin\/fredom-spada-giurata-nellimpatto-di-genshin\/\">Il soldato della libert\u00e0<\/a>, con la sua lama blu brillante, una guardia dorata finemente lavorata e una pietra turchese in resina centrale.<\/p>\n<p>Ideali per gli appassionati di cosplay, gli amanti delle decorazioni geek o i collezionisti di eleganti armi fantasy. Grazie al nostro negozio R\u00e9plique Manga Cin\u00e9, potrete acquistare articoli unici, fedeli ai modelli originali presenti in Genshin Impact. Ogni spada \u00e8 accuratamente imballata, consegnata rapidamente e pronta per essere esposta nella vostra vetrina o per impreziosire i vostri costumi cosplay.<br class=\"yoast-text-mark\" \/>Visitate il nostro sito per scoprire l'intera gamma di armi iconiche dei vostri giochi e manga preferiti, compreso Genshin Impact. Non perdete l'occasione di avere un pezzo di Teyvat a casa vostra, ordinando ora da R\u00e9plique Manga Cin\u00e9.<\/p>","protected":false},"excerpt":{"rendered":"<p>Splendido set di 18 portachiavi o collane Genshin Impact<\/p>\n<p>Il set comprende :<\/p>\n<ul>\n<li>7 anelli regolabili per i sette elementi: Anemo, Pyro, Electro, Cryo, Geo, Hydro e Dendro<\/li>\n<li>6 spade in metallo di circa 11 cm, Graveston, fredom, skyward...<\/li>\n<li>1 Arco in metallo<\/li>\n<li>1 Amuleto della Visione<\/li>\n<li>Catena di 58 cm con piccola chiusura a moschettone<\/li>\n<li>1 anello di metallo di 3,5 cm di diametro<\/li>\n<li>1 moschettone da 2,5 cm<\/li>\n<li>Fornito in un set in scatola con i colori del gioco<\/li>\n<\/ul>","protected":false},"featured_media":84014,"template":"","meta":[],"product_brand":[896],"product_cat":[119,94,96],"product_tag":[],"class_list":{"0":"post-84013","1":"product","2":"type-product","3":"status-publish","4":"has-post-thumbnail","6":"product_brand-replique-manga-cine","7":"product_cat-genshin-impact","8":"product_cat-goodies","9":"product_cat-porte-cles-goodies","11":"first","12":"outofstock","13":"taxable","14":"shipping-taxable","15":"purchasable","16":"product-type-simple"},"yoast_head":"<!-- This site is optimized with the Yoast SEO plugin v27.4 - https:\/\/yoast.com\/product\/yoast-seo-wordpress\/ -->\n<title>Coffret Genshin Impact - R\u00e9plique Manga Cin\u00e9<\/title>\n<meta name=\"description\" content=\"Coffret Genshin Impact 18 pi\u00e8ces : bagues \u00e9l\u00e9ments, \u00e9p\u00e9es m\u00e9tal, collier et accessoires. Parfait pour cosplay, collection ou cadeau sur R\u00e9plique Manga Cin\u00e9\" \/>\n<meta name=\"robots\" content=\"index, follow, max-snippet:-1, max-image-preview:large, max-video-preview:-1\" \/>\n<link rel=\"canonical\" href=\"https:\/\/repliquemangacine.fr\/it\/impatto-genshin\/scatola-durto-genshin\/\" \/>\n<meta property=\"og:locale\" content=\"it_IT\" \/>\n<meta property=\"og:type\" content=\"article\" \/>\n<meta property=\"og:title\" content=\"Coffret Genshin Impact - R\u00e9plique Manga Cin\u00e9\" \/>\n<meta property=\"og:description\" content=\"Coffret Genshin Impact 18 pi\u00e8ces : bagues \u00e9l\u00e9ments, \u00e9p\u00e9es m\u00e9tal, collier et accessoires. Parfait pour cosplay, collection ou cadeau sur R\u00e9plique Manga Cin\u00e9\" \/>\n<meta property=\"og:url\" content=\"https:\/\/repliquemangacine.fr\/it\/impatto-genshin\/scatola-durto-genshin\/\" \/>\n<meta property=\"og:site_name\" content=\"R\u00e9plique Manga Cin\u00e9\" \/>\n<meta property=\"article:publisher\" content=\"https:\/\/www.facebook.com\/RepliqueMangaCine\" \/>\n<meta property=\"article:modified_time\" content=\"2025-12-08T09:42:04+00:00\" \/>\n<meta property=\"og:image\" content=\"https:\/\/repliquemangacine.fr\/wp-content\/uploads\/2025\/05\/coffret15-pieces-Genshin-Impact-avec-chaine.jpg\" \/>\n\t<meta property=\"og:image:width\" content=\"500\" \/>\n\t<meta property=\"og:image:height\" content=\"500\" \/>\n\t<meta property=\"og:image:type\" content=\"image\/jpeg\" \/>\n<meta name=\"twitter:card\" content=\"summary_large_image\" \/>\n<meta name=\"twitter:label1\" content=\"Tempo di lettura stimato\" \/>\n\t<meta name=\"twitter:data1\" content=\"3 minuti\" \/>\n<script type=\"application\/ld+json\" class=\"yoast-schema-graph\">{\"@context\":\"https:\\\/\\\/schema.org\",\"@graph\":[{\"@type\":\"WebPage\",\"@id\":\"https:\\\/\\\/repliquemangacine.fr\\\/genshin-impact\\\/coffret-genshin-impact\\\/\",\"url\":\"https:\\\/\\\/repliquemangacine.fr\\\/genshin-impact\\\/coffret-genshin-impact\\\/\",\"name\":\"Coffret Genshin Impact - R\u00e9plique Manga Cin\u00e9\",\"isPartOf\":{\"@id\":\"https:\\\/\\\/repliquemangacine.fr\\\/#website\"},\"primaryImageOfPage\":{\"@id\":\"https:\\\/\\\/repliquemangacine.fr\\\/genshin-impact\\\/coffret-genshin-impact\\\/#primaryimage\"},\"image\":{\"@id\":\"https:\\\/\\\/repliquemangacine.fr\\\/genshin-impact\\\/coffret-genshin-impact\\\/#primaryimage\"},\"thumbnailUrl\":\"https:\\\/\\\/repliquemangacine.fr\\\/wp-content\\\/uploads\\\/2025\\\/05\\\/coffret15-pieces-Genshin-Impact-avec-chaine.jpg\",\"datePublished\":\"2025-05-04T14:16:53+00:00\",\"dateModified\":\"2025-12-08T09:42:04+00:00\",\"description\":\"Coffret Genshin Impact 18 pi\u00e8ces : bagues \u00e9l\u00e9ments, \u00e9p\u00e9es m\u00e9tal, collier et accessoires. Parfait pour cosplay, collection ou cadeau sur R\u00e9plique Manga Cin\u00e9\",\"breadcrumb\":{\"@id\":\"https:\\\/\\\/repliquemangacine.fr\\\/genshin-impact\\\/coffret-genshin-impact\\\/#breadcrumb\"},\"inLanguage\":\"it-IT\",\"potentialAction\":[{\"@type\":\"ReadAction\",\"target\":[\"https:\\\/\\\/repliquemangacine.fr\\\/genshin-impact\\\/coffret-genshin-impact\\\/\"]}]},{\"@type\":\"ImageObject\",\"inLanguage\":\"it-IT\",\"@id\":\"https:\\\/\\\/repliquemangacine.fr\\\/genshin-impact\\\/coffret-genshin-impact\\\/#primaryimage\",\"url\":\"https:\\\/\\\/repliquemangacine.fr\\\/wp-content\\\/uploads\\\/2025\\\/05\\\/coffret15-pieces-Genshin-Impact-avec-chaine.jpg\",\"contentUrl\":\"https:\\\/\\\/repliquemangacine.fr\\\/wp-content\\\/uploads\\\/2025\\\/05\\\/coffret15-pieces-Genshin-Impact-avec-chaine.jpg\",\"width\":500,\"height\":500,\"caption\":\"Coffret Genshin Impact 18 pi\u00e8ces\"},{\"@type\":\"BreadcrumbList\",\"@id\":\"https:\\\/\\\/repliquemangacine.fr\\\/genshin-impact\\\/coffret-genshin-impact\\\/#breadcrumb\",\"itemListElement\":[{\"@type\":\"ListItem\",\"position\":1,\"name\":\"Accueil\",\"item\":\"https:\\\/\\\/repliquemangacine.fr\\\/\"},{\"@type\":\"ListItem\",\"position\":2,\"name\":\"Produits\",\"item\":\"https:\\\/\\\/repliquemangacine.fr\\\/boutique\\\/\"},{\"@type\":\"ListItem\",\"position\":3,\"name\":\"Coffret Genshin Impact\"}]},{\"@type\":\"WebSite\",\"@id\":\"https:\\\/\\\/repliquemangacine.fr\\\/#website\",\"url\":\"https:\\\/\\\/repliquemangacine.fr\\\/\",\"name\":\"R\u00e9plique Manga Cin\u00e9\",\"description\":\"\",\"publisher\":{\"@id\":\"https:\\\/\\\/repliquemangacine.fr\\\/#organization\"},\"potentialAction\":[{\"@type\":\"SearchAction\",\"target\":{\"@type\":\"EntryPoint\",\"urlTemplate\":\"https:\\\/\\\/repliquemangacine.fr\\\/?s={search_term_string}\"},\"query-input\":{\"@type\":\"PropertyValueSpecification\",\"valueRequired\":true,\"valueName\":\"search_term_string\"}}],\"inLanguage\":\"it-IT\"},{\"@type\":\"Organization\",\"@id\":\"https:\\\/\\\/repliquemangacine.fr\\\/#organization\",\"name\":\"R\u00e9plique Manga Cin\u00e9\",\"url\":\"https:\\\/\\\/repliquemangacine.fr\\\/\",\"logo\":{\"@type\":\"ImageObject\",\"inLanguage\":\"it-IT\",\"@id\":\"https:\\\/\\\/repliquemangacine.fr\\\/#\\\/schema\\\/logo\\\/image\\\/\",\"url\":\"https:\\\/\\\/repliquemangacine.fr\\\/wp-content\\\/uploads\\\/2023\\\/10\\\/RMC-500250.png\",\"contentUrl\":\"https:\\\/\\\/repliquemangacine.fr\\\/wp-content\\\/uploads\\\/2023\\\/10\\\/RMC-500250.png\",\"width\":500,\"height\":250,\"caption\":\"R\u00e9plique Manga Cin\u00e9\"},\"image\":{\"@id\":\"https:\\\/\\\/repliquemangacine.fr\\\/#\\\/schema\\\/logo\\\/image\\\/\"},\"sameAs\":[\"https:\\\/\\\/www.facebook.com\\\/RepliqueMangaCine\",\"https:\\\/\\\/www.instagram.com\\\/repliquemangacine.fr\\\/\"]}]}<\/script>\n<!-- \/ Yoast SEO plugin. -->","yoast_head_json":{"title":"Set Genshin Impact - R\u00e9plique Manga Cin\u00e9","description":"Set Genshin Impact da 18 pezzi: anelli di elementi, spade di metallo, collana e accessori. Perfetto per cosplay, collezione o regalo su R\u00e9plique Manga Cin\u00e9","robots":{"index":"index","follow":"follow","max-snippet":"max-snippet:-1","max-image-preview":"max-image-preview:large","max-video-preview":"max-video-preview:-1"},"canonical":"https:\/\/repliquemangacine.fr\/it\/impatto-genshin\/scatola-durto-genshin\/","og_locale":"it_IT","og_type":"article","og_title":"Coffret Genshin Impact - R\u00e9plique Manga Cin\u00e9","og_description":"Coffret Genshin Impact 18 pi\u00e8ces : bagues \u00e9l\u00e9ments, \u00e9p\u00e9es m\u00e9tal, collier et accessoires. Parfait pour cosplay, collection ou cadeau sur R\u00e9plique Manga Cin\u00e9","og_url":"https:\/\/repliquemangacine.fr\/it\/impatto-genshin\/scatola-durto-genshin\/","og_site_name":"R\u00e9plique Manga Cin\u00e9","article_publisher":"https:\/\/www.facebook.com\/RepliqueMangaCine","article_modified_time":"2025-12-08T09:42:04+00:00","og_image":[{"width":500,"height":500,"url":"https:\/\/repliquemangacine.fr\/wp-content\/uploads\/2025\/05\/coffret15-pieces-Genshin-Impact-avec-chaine.jpg","type":"image\/jpeg"}],"twitter_card":"summary_large_image","twitter_misc":{"Tempo di lettura stimato":"3 minuti"},"schema":{"@context":"https:\/\/schema.org","@graph":[{"@type":"WebPage","@id":"https:\/\/repliquemangacine.fr\/genshin-impact\/coffret-genshin-impact\/","url":"https:\/\/repliquemangacine.fr\/genshin-impact\/coffret-genshin-impact\/","name":"Set Genshin Impact - R\u00e9plique Manga Cin\u00e9","isPartOf":{"@id":"https:\/\/repliquemangacine.fr\/#website"},"primaryImageOfPage":{"@id":"https:\/\/repliquemangacine.fr\/genshin-impact\/coffret-genshin-impact\/#primaryimage"},"image":{"@id":"https:\/\/repliquemangacine.fr\/genshin-impact\/coffret-genshin-impact\/#primaryimage"},"thumbnailUrl":"https:\/\/repliquemangacine.fr\/wp-content\/uploads\/2025\/05\/coffret15-pieces-Genshin-Impact-avec-chaine.jpg","datePublished":"2025-05-04T14:16:53+00:00","dateModified":"2025-12-08T09:42:04+00:00","description":"Set Genshin Impact da 18 pezzi: anelli di elementi, spade di metallo, collana e accessori. Perfetto per cosplay, collezione o regalo su R\u00e9plique Manga Cin\u00e9","breadcrumb":{"@id":"https:\/\/repliquemangacine.fr\/genshin-impact\/coffret-genshin-impact\/#breadcrumb"},"inLanguage":"it-IT","potentialAction":[{"@type":"ReadAction","target":["https:\/\/repliquemangacine.fr\/genshin-impact\/coffret-genshin-impact\/"]}]},{"@type":"ImageObject","inLanguage":"it-IT","@id":"https:\/\/repliquemangacine.fr\/genshin-impact\/coffret-genshin-impact\/#primaryimage","url":"https:\/\/repliquemangacine.fr\/wp-content\/uploads\/2025\/05\/coffret15-pieces-Genshin-Impact-avec-chaine.jpg","contentUrl":"https:\/\/repliquemangacine.fr\/wp-content\/uploads\/2025\/05\/coffret15-pieces-Genshin-Impact-avec-chaine.jpg","width":500,"height":500,"caption":"Coffret Genshin Impact 18 pi\u00e8ces"},{"@type":"BreadcrumbList","@id":"https:\/\/repliquemangacine.fr\/genshin-impact\/coffret-genshin-impact\/#breadcrumb","itemListElement":[{"@type":"ListItem","position":1,"name":"Accueil","item":"https:\/\/repliquemangacine.fr\/"},{"@type":"ListItem","position":2,"name":"Produits","item":"https:\/\/repliquemangacine.fr\/boutique\/"},{"@type":"ListItem","position":3,"name":"Coffret Genshin Impact"}]},{"@type":"WebSite","@id":"https:\/\/repliquemangacine.fr\/#website","url":"https:\/\/repliquemangacine.fr\/","name":"R\u00e9plique Manga Cin\u00e9","description":"","publisher":{"@id":"https:\/\/repliquemangacine.fr\/#organization"},"potentialAction":[{"@type":"SearchAction","target":{"@type":"EntryPoint","urlTemplate":"https:\/\/repliquemangacine.fr\/?s={search_term_string}"},"query-input":{"@type":"PropertyValueSpecification","valueRequired":true,"valueName":"search_term_string"}}],"inLanguage":"it-IT"},{"@type":"Organization","@id":"https:\/\/repliquemangacine.fr\/#organization","name":"R\u00e9plique Manga Cin\u00e9","url":"https:\/\/repliquemangacine.fr\/","logo":{"@type":"ImageObject","inLanguage":"it-IT","@id":"https:\/\/repliquemangacine.fr\/#\/schema\/logo\/image\/","url":"https:\/\/repliquemangacine.fr\/wp-content\/uploads\/2023\/10\/RMC-500250.png","contentUrl":"https:\/\/repliquemangacine.fr\/wp-content\/uploads\/2023\/10\/RMC-500250.png","width":500,"height":250,"caption":"R\u00e9plique Manga Cin\u00e9"},"image":{"@id":"https:\/\/repliquemangacine.fr\/#\/schema\/logo\/image\/"},"sameAs":["https:\/\/www.facebook.com\/RepliqueMangaCine","https:\/\/www.instagram.com\/repliquemangacine.fr\/"]}]}},"_links":{"self":[{"href":"https:\/\/repliquemangacine.fr\/it\/wp-json\/wp\/v2\/product\/84013","targetHints":{"allow":["GET"]}}],"collection":[{"href":"https:\/\/repliquemangacine.fr\/it\/wp-json\/wp\/v2\/product"}],"about":[{"href":"https:\/\/repliquemangacine.fr\/it\/wp-json\/wp\/v2\/types\/product"}],"wp:featuredmedia":[{"embeddable":true,"href":"https:\/\/repliquemangacine.fr\/it\/wp-json\/wp\/v2\/media\/84014"}],"wp:attachment":[{"href":"https:\/\/repliquemangacine.fr\/it\/wp-json\/wp\/v2\/media?parent=84013"}],"wp:term":[{"taxonomy":"product_brand","embeddable":true,"href":"https:\/\/repliquemangacine.fr\/it\/wp-json\/wp\/v2\/product_brand?post=84013"},{"taxonomy":"product_cat","embeddable":true,"href":"https:\/\/repliquemangacine.fr\/it\/wp-json\/wp\/v2\/product_cat?post=84013"},{"taxonomy":"product_tag","embeddable":true,"href":"https:\/\/repliquemangacine.fr\/it\/wp-json\/wp\/v2\/product_tag?post=84013"}],"curies":[{"name":"wp","href":"https:\/\/api.w.org\/{rel}","templated":true}]}}