





{"id":83924,"date":"2025-04-30T19:11:18","date_gmt":"2025-04-30T17:11:18","guid":{"rendered":"https:\/\/repliquemangacine.fr\/?post_type=product&#038;p=83924"},"modified":"2026-04-14T21:50:57","modified_gmt":"2026-04-14T19:50:57","slug":"tanto-ultimo-samurai","status":"publish","type":"product","link":"https:\/\/repliquemangacine.fr\/it\/katanas-le-dernier-samourai\/tanto-dernier-samourai\/","title":{"rendered":"Tanto Ultimo Samurai"},"content":{"rendered":"<h2>Tanto Last Samurai - Una replica fedele ed elegante<\/h2>\n<p>Innanzitutto, questo Tanto Dernier Samoura\u00ef si ispira direttamente alla katana di Nathan Algren nel film L'ultimo samurai. La sua lama in acciaio inossidabile 440 \u00e8 decorata con autentiche iscrizioni giapponesi.<br \/>\nManico accuratamente rivestito con una treccia in cotone nero, molto piacevole al tatto. La guardia in metallo completa un design curato e molto fedele al film. Il fodero nero laccato, decorato con un emblema giapponese, aggiunge un tocco tradizionale. Fornito con un supporto in ABS per una presentazione facile ed elegante. Con una lama di 27 cm e una lunghezza totale di 45 cm, pu\u00f2 essere esposto ovunque con stile.<\/p>\n<p>Il tanto \u00e8 un'arma corta, molto utilizzata dai samurai per il combattimento ravvicinato. \u00c8 anche un forte simbolo di lealt\u00e0 e onore nella cultura giapponese. Questo modello piacer\u00e0 sia agli appassionati di cinema che agli amanti della storia giapponese.<\/p>\n<h2>Nathan Algren - L'americano che divenne un samurai<\/h2>\n<p>Ne L'ultimo samurai, Nathan Algren \u00e8 un capitano americano consumato dal rimpianto. Si reca in Giappone per formare un esercito moderno contro i samurai tradizionali. Tuttavia, fatto prigioniero, scopre la nobilt\u00e0 del bushido e cambia gradualmente. Alla fine adotta il loro stile di vita e diventa lui stesso un vero samurai. Questo personaggio incarna la redenzione, l'onore e la ricerca di un significato attraverso la spada. La sua katana diventa il simbolo del suo nuovo destino, tra due mondi e due epoche. Questa tanto cattura fedelmente l'anima di questa trasformazione e lo spirito del film. Vale la pena sottolineare che il vero Ultimo Samurai \u00e8 esistito con il nome di <a href=\"https:\/\/fildelhistoire.com\/2021\/11\/22\/jules-brunet-le-vrai-dernier-samourai\/\" target=\"_blank\" rel=\"noopener noreferrer\">Jules Brunet<\/a>. Un secolo e mezzo dopo, ispirer\u00e0 il personaggio di Nathan Algren interpretato da Tom Cruise.<\/p>\n<p>In questo modo, permette a ogni collezionista di rivivere questa avventura unica e commovente. \u00c8 molto pi\u00f9 di un oggetto, \u00e8 un omaggio alla via del guerriero. Di conseguenza, \u00e8 un must per gli appassionati di cinema e storia.<\/p>\n<h2>Il tuo negozio R\u00e9plique Manga Cin\u00e9 - Armi leggendarie<\/h2>\n<p>Su R\u00e9plique Manga Cin\u00e9 offriamo articoli cult di film e serie TV indimenticabili. Troverete <a href=\"https:\/\/repliquemangacine.fr\/it\/spade-del-signore-degli-anelli\/\">spade emblematiche della trilogia de \"Il Signore degli Anelli\".<\/a>. Le nostre katane di Kill Bill, fedeli alle armi di O-Ren Ishii e Beatrix Kiddo, sono impressionanti. Abbiamo anche il <a href=\"https:\/\/repliquemangacine.fr\/it\/spade-di-game-of-thrones\/\">spade di Game of Thrones<\/a>come Jon Snow o Arya. I fan di The Walking Dead ameranno il <a href=\"https:\/\/repliquemangacine.fr\/it\/armi-the-walking-dead\/katana-di-michonne\/\">La katana di Michonne<\/a> e il <a href=\"https:\/\/repliquemangacine.fr\/it\/denix\/colt-python-rick-grimes\/\">La pistola di Rick<\/a>. Ogni pezzo \u00e8 accuratamente selezionato per la sua qualit\u00e0 e fedelt\u00e0 all'opera originale. Il nostro negozio offre anche supporti, accessori e cofanetti per esporre le vostre repliche.<br \/>\nI nostri prodotti combinano autenticit\u00e0, estetica e passione per i mondi cult. Infine, il nostro catalogo \u00e8 in continua evoluzione per soddisfare tutti i collezionisti. In conclusione, che siate appassionati di fantasy, samurai o zombie, da noi troverete ci\u00f2 che fa per voi.<\/p>","protected":false},"excerpt":{"rendered":"<p>Superba replica del Tanto Last Samurai ispirato all'omonimo film.<\/p>\n<ul>\n<li>Lama in acciaio inox 440 con scritte in giapponese<\/li>\n<li>Manico rivestito con treccia di cotone nero<\/li>\n<li>Protezione in metallo<\/li>\n<li>Fodero laccato nero con stemma giapponese<\/li>\n<li>Fornito con supporto in ABS<\/li>\n<li>Lunghezza lama: 27 cm - Lunghezza totale: 45 cm<\/li>\n<\/ul>","protected":false},"featured_media":83925,"template":"","meta":[],"product_brand":[896],"product_cat":[88],"product_tag":[],"class_list":{"0":"post-83924","1":"product","2":"type-product","3":"status-publish","4":"has-post-thumbnail","6":"product_brand-replique-manga-cine","7":"product_cat-katanas-le-dernier-samourai","9":"first","10":"instock","11":"sale","12":"taxable","13":"shipping-taxable","14":"purchasable","15":"product-type-simple"},"yoast_head":"<!-- This site is optimized with the Yoast SEO plugin v27.4 - https:\/\/yoast.com\/product\/yoast-seo-wordpress\/ -->\n<title>Tanto Dernier Samoura\u00ef - R\u00e9plique Manga Cin\u00e9<\/title>\n<meta name=\"description\" content=\"R\u00e9plique du Tanto Dernier Samoura\u00ef : lame grav\u00e9e, finition soign\u00e9e, livr\u00e9e avec support. Id\u00e9al pour fans de cin\u00e9ma et passionn\u00e9s de culture japonaise.\" \/>\n<meta name=\"robots\" content=\"index, follow, max-snippet:-1, max-image-preview:large, max-video-preview:-1\" \/>\n<link rel=\"canonical\" href=\"https:\/\/repliquemangacine.fr\/it\/katana-lultimo-samurai\/tanto-ultimo-samurai\/\" \/>\n<meta property=\"og:locale\" content=\"it_IT\" \/>\n<meta property=\"og:type\" content=\"article\" \/>\n<meta property=\"og:title\" content=\"Tanto Dernier Samoura\u00ef - R\u00e9plique Manga Cin\u00e9\" \/>\n<meta property=\"og:description\" content=\"R\u00e9plique du Tanto Dernier Samoura\u00ef : lame grav\u00e9e, finition soign\u00e9e, livr\u00e9e avec support. Id\u00e9al pour fans de cin\u00e9ma et passionn\u00e9s de culture japonaise.\" \/>\n<meta property=\"og:url\" content=\"https:\/\/repliquemangacine.fr\/it\/katana-lultimo-samurai\/tanto-ultimo-samurai\/\" \/>\n<meta property=\"og:site_name\" content=\"R\u00e9plique Manga Cin\u00e9\" \/>\n<meta property=\"article:publisher\" content=\"https:\/\/www.facebook.com\/RepliqueMangaCine\" \/>\n<meta property=\"article:modified_time\" content=\"2026-04-14T19:50:57+00:00\" \/>\n<meta property=\"og:image\" content=\"https:\/\/repliquemangacine.fr\/wp-content\/uploads\/2025\/04\/Tanto-Dernier-Samourai.jpg\" \/>\n\t<meta property=\"og:image:width\" content=\"500\" \/>\n\t<meta property=\"og:image:height\" content=\"500\" \/>\n\t<meta property=\"og:image:type\" content=\"image\/jpeg\" \/>\n<meta name=\"twitter:card\" content=\"summary_large_image\" \/>\n<meta name=\"twitter:label1\" content=\"Tempo di lettura stimato\" \/>\n\t<meta name=\"twitter:data1\" content=\"3 minuti\" \/>\n<script type=\"application\/ld+json\" class=\"yoast-schema-graph\">{\"@context\":\"https:\\\/\\\/schema.org\",\"@graph\":[{\"@type\":\"WebPage\",\"@id\":\"https:\\\/\\\/repliquemangacine.fr\\\/katanas-le-dernier-samourai\\\/tanto-dernier-samourai\\\/\",\"url\":\"https:\\\/\\\/repliquemangacine.fr\\\/katanas-le-dernier-samourai\\\/tanto-dernier-samourai\\\/\",\"name\":\"Tanto Dernier Samoura\u00ef - R\u00e9plique Manga Cin\u00e9\",\"isPartOf\":{\"@id\":\"https:\\\/\\\/repliquemangacine.fr\\\/#website\"},\"primaryImageOfPage\":{\"@id\":\"https:\\\/\\\/repliquemangacine.fr\\\/katanas-le-dernier-samourai\\\/tanto-dernier-samourai\\\/#primaryimage\"},\"image\":{\"@id\":\"https:\\\/\\\/repliquemangacine.fr\\\/katanas-le-dernier-samourai\\\/tanto-dernier-samourai\\\/#primaryimage\"},\"thumbnailUrl\":\"https:\\\/\\\/repliquemangacine.fr\\\/wp-content\\\/uploads\\\/2025\\\/04\\\/Tanto-Dernier-Samourai.jpg\",\"datePublished\":\"2025-04-30T17:11:18+00:00\",\"dateModified\":\"2026-04-14T19:50:57+00:00\",\"description\":\"R\u00e9plique du Tanto Dernier Samoura\u00ef : lame grav\u00e9e, finition soign\u00e9e, livr\u00e9e avec support. Id\u00e9al pour fans de cin\u00e9ma et passionn\u00e9s de culture japonaise.\",\"breadcrumb\":{\"@id\":\"https:\\\/\\\/repliquemangacine.fr\\\/katanas-le-dernier-samourai\\\/tanto-dernier-samourai\\\/#breadcrumb\"},\"inLanguage\":\"it-IT\",\"potentialAction\":[{\"@type\":\"ReadAction\",\"target\":[\"https:\\\/\\\/repliquemangacine.fr\\\/katanas-le-dernier-samourai\\\/tanto-dernier-samourai\\\/\"]}]},{\"@type\":\"ImageObject\",\"inLanguage\":\"it-IT\",\"@id\":\"https:\\\/\\\/repliquemangacine.fr\\\/katanas-le-dernier-samourai\\\/tanto-dernier-samourai\\\/#primaryimage\",\"url\":\"https:\\\/\\\/repliquemangacine.fr\\\/wp-content\\\/uploads\\\/2025\\\/04\\\/Tanto-Dernier-Samourai.jpg\",\"contentUrl\":\"https:\\\/\\\/repliquemangacine.fr\\\/wp-content\\\/uploads\\\/2025\\\/04\\\/Tanto-Dernier-Samourai.jpg\",\"width\":500,\"height\":500,\"caption\":\"Tanto Dernier Samoura\u00ef\"},{\"@type\":\"BreadcrumbList\",\"@id\":\"https:\\\/\\\/repliquemangacine.fr\\\/katanas-le-dernier-samourai\\\/tanto-dernier-samourai\\\/#breadcrumb\",\"itemListElement\":[{\"@type\":\"ListItem\",\"position\":1,\"name\":\"Accueil\",\"item\":\"https:\\\/\\\/repliquemangacine.fr\\\/\"},{\"@type\":\"ListItem\",\"position\":2,\"name\":\"Produits\",\"item\":\"https:\\\/\\\/repliquemangacine.fr\\\/boutique\\\/\"},{\"@type\":\"ListItem\",\"position\":3,\"name\":\"Tanto Dernier Samoura\u00ef\"}]},{\"@type\":\"WebSite\",\"@id\":\"https:\\\/\\\/repliquemangacine.fr\\\/#website\",\"url\":\"https:\\\/\\\/repliquemangacine.fr\\\/\",\"name\":\"R\u00e9plique Manga Cin\u00e9\",\"description\":\"\",\"publisher\":{\"@id\":\"https:\\\/\\\/repliquemangacine.fr\\\/#organization\"},\"potentialAction\":[{\"@type\":\"SearchAction\",\"target\":{\"@type\":\"EntryPoint\",\"urlTemplate\":\"https:\\\/\\\/repliquemangacine.fr\\\/?s={search_term_string}\"},\"query-input\":{\"@type\":\"PropertyValueSpecification\",\"valueRequired\":true,\"valueName\":\"search_term_string\"}}],\"inLanguage\":\"it-IT\"},{\"@type\":\"Organization\",\"@id\":\"https:\\\/\\\/repliquemangacine.fr\\\/#organization\",\"name\":\"R\u00e9plique Manga Cin\u00e9\",\"url\":\"https:\\\/\\\/repliquemangacine.fr\\\/\",\"logo\":{\"@type\":\"ImageObject\",\"inLanguage\":\"it-IT\",\"@id\":\"https:\\\/\\\/repliquemangacine.fr\\\/#\\\/schema\\\/logo\\\/image\\\/\",\"url\":\"https:\\\/\\\/repliquemangacine.fr\\\/wp-content\\\/uploads\\\/2023\\\/10\\\/RMC-500250.png\",\"contentUrl\":\"https:\\\/\\\/repliquemangacine.fr\\\/wp-content\\\/uploads\\\/2023\\\/10\\\/RMC-500250.png\",\"width\":500,\"height\":250,\"caption\":\"R\u00e9plique Manga Cin\u00e9\"},\"image\":{\"@id\":\"https:\\\/\\\/repliquemangacine.fr\\\/#\\\/schema\\\/logo\\\/image\\\/\"},\"sameAs\":[\"https:\\\/\\\/www.facebook.com\\\/RepliqueMangaCine\",\"https:\\\/\\\/www.instagram.com\\\/repliquemangacine.fr\\\/\"]}]}<\/script>\n<!-- \/ Yoast SEO plugin. -->","yoast_head_json":{"title":"Tanto Last Samurai - R\u00e9plique Manga Cin\u00e9","description":"Replica del Tanto Last Samurai: lama incisa, rifinita minuziosamente, fornita con supporto. Ideale per gli appassionati di cinema e di cultura giapponese.","robots":{"index":"index","follow":"follow","max-snippet":"max-snippet:-1","max-image-preview":"max-image-preview:large","max-video-preview":"max-video-preview:-1"},"canonical":"https:\/\/repliquemangacine.fr\/it\/katana-lultimo-samurai\/tanto-ultimo-samurai\/","og_locale":"it_IT","og_type":"article","og_title":"Tanto Dernier Samoura\u00ef - R\u00e9plique Manga Cin\u00e9","og_description":"R\u00e9plique du Tanto Dernier Samoura\u00ef : lame grav\u00e9e, finition soign\u00e9e, livr\u00e9e avec support. Id\u00e9al pour fans de cin\u00e9ma et passionn\u00e9s de culture japonaise.","og_url":"https:\/\/repliquemangacine.fr\/it\/katana-lultimo-samurai\/tanto-ultimo-samurai\/","og_site_name":"R\u00e9plique Manga Cin\u00e9","article_publisher":"https:\/\/www.facebook.com\/RepliqueMangaCine","article_modified_time":"2026-04-14T19:50:57+00:00","og_image":[{"width":500,"height":500,"url":"https:\/\/repliquemangacine.fr\/wp-content\/uploads\/2025\/04\/Tanto-Dernier-Samourai.jpg","type":"image\/jpeg"}],"twitter_card":"summary_large_image","twitter_misc":{"Tempo di lettura stimato":"3 minuti"},"schema":{"@context":"https:\/\/schema.org","@graph":[{"@type":"WebPage","@id":"https:\/\/repliquemangacine.fr\/katanas-le-dernier-samourai\/tanto-dernier-samourai\/","url":"https:\/\/repliquemangacine.fr\/katanas-le-dernier-samourai\/tanto-dernier-samourai\/","name":"Tanto Last Samurai - R\u00e9plique Manga Cin\u00e9","isPartOf":{"@id":"https:\/\/repliquemangacine.fr\/#website"},"primaryImageOfPage":{"@id":"https:\/\/repliquemangacine.fr\/katanas-le-dernier-samourai\/tanto-dernier-samourai\/#primaryimage"},"image":{"@id":"https:\/\/repliquemangacine.fr\/katanas-le-dernier-samourai\/tanto-dernier-samourai\/#primaryimage"},"thumbnailUrl":"https:\/\/repliquemangacine.fr\/wp-content\/uploads\/2025\/04\/Tanto-Dernier-Samourai.jpg","datePublished":"2025-04-30T17:11:18+00:00","dateModified":"2026-04-14T19:50:57+00:00","description":"Replica del Tanto Last Samurai: lama incisa, rifinita minuziosamente, fornita con supporto. Ideale per gli appassionati di cinema e di cultura giapponese.","breadcrumb":{"@id":"https:\/\/repliquemangacine.fr\/katanas-le-dernier-samourai\/tanto-dernier-samourai\/#breadcrumb"},"inLanguage":"it-IT","potentialAction":[{"@type":"ReadAction","target":["https:\/\/repliquemangacine.fr\/katanas-le-dernier-samourai\/tanto-dernier-samourai\/"]}]},{"@type":"ImageObject","inLanguage":"it-IT","@id":"https:\/\/repliquemangacine.fr\/katanas-le-dernier-samourai\/tanto-dernier-samourai\/#primaryimage","url":"https:\/\/repliquemangacine.fr\/wp-content\/uploads\/2025\/04\/Tanto-Dernier-Samourai.jpg","contentUrl":"https:\/\/repliquemangacine.fr\/wp-content\/uploads\/2025\/04\/Tanto-Dernier-Samourai.jpg","width":500,"height":500,"caption":"Tanto Dernier Samoura\u00ef"},{"@type":"BreadcrumbList","@id":"https:\/\/repliquemangacine.fr\/katanas-le-dernier-samourai\/tanto-dernier-samourai\/#breadcrumb","itemListElement":[{"@type":"ListItem","position":1,"name":"Accueil","item":"https:\/\/repliquemangacine.fr\/"},{"@type":"ListItem","position":2,"name":"Produits","item":"https:\/\/repliquemangacine.fr\/boutique\/"},{"@type":"ListItem","position":3,"name":"Tanto Dernier Samoura\u00ef"}]},{"@type":"WebSite","@id":"https:\/\/repliquemangacine.fr\/#website","url":"https:\/\/repliquemangacine.fr\/","name":"R\u00e9plique Manga Cin\u00e9","description":"","publisher":{"@id":"https:\/\/repliquemangacine.fr\/#organization"},"potentialAction":[{"@type":"SearchAction","target":{"@type":"EntryPoint","urlTemplate":"https:\/\/repliquemangacine.fr\/?s={search_term_string}"},"query-input":{"@type":"PropertyValueSpecification","valueRequired":true,"valueName":"search_term_string"}}],"inLanguage":"it-IT"},{"@type":"Organization","@id":"https:\/\/repliquemangacine.fr\/#organization","name":"R\u00e9plique Manga Cin\u00e9","url":"https:\/\/repliquemangacine.fr\/","logo":{"@type":"ImageObject","inLanguage":"it-IT","@id":"https:\/\/repliquemangacine.fr\/#\/schema\/logo\/image\/","url":"https:\/\/repliquemangacine.fr\/wp-content\/uploads\/2023\/10\/RMC-500250.png","contentUrl":"https:\/\/repliquemangacine.fr\/wp-content\/uploads\/2023\/10\/RMC-500250.png","width":500,"height":250,"caption":"R\u00e9plique Manga Cin\u00e9"},"image":{"@id":"https:\/\/repliquemangacine.fr\/#\/schema\/logo\/image\/"},"sameAs":["https:\/\/www.facebook.com\/RepliqueMangaCine","https:\/\/www.instagram.com\/repliquemangacine.fr\/"]}]}},"_links":{"self":[{"href":"https:\/\/repliquemangacine.fr\/it\/wp-json\/wp\/v2\/product\/83924","targetHints":{"allow":["GET"]}}],"collection":[{"href":"https:\/\/repliquemangacine.fr\/it\/wp-json\/wp\/v2\/product"}],"about":[{"href":"https:\/\/repliquemangacine.fr\/it\/wp-json\/wp\/v2\/types\/product"}],"wp:featuredmedia":[{"embeddable":true,"href":"https:\/\/repliquemangacine.fr\/it\/wp-json\/wp\/v2\/media\/83925"}],"wp:attachment":[{"href":"https:\/\/repliquemangacine.fr\/it\/wp-json\/wp\/v2\/media?parent=83924"}],"wp:term":[{"taxonomy":"product_brand","embeddable":true,"href":"https:\/\/repliquemangacine.fr\/it\/wp-json\/wp\/v2\/product_brand?post=83924"},{"taxonomy":"product_cat","embeddable":true,"href":"https:\/\/repliquemangacine.fr\/it\/wp-json\/wp\/v2\/product_cat?post=83924"},{"taxonomy":"product_tag","embeddable":true,"href":"https:\/\/repliquemangacine.fr\/it\/wp-json\/wp\/v2\/product_tag?post=83924"}],"curies":[{"name":"wp","href":"https:\/\/api.w.org\/{rel}","templated":true}]}}