





{"id":83821,"date":"2025-04-26T19:59:03","date_gmt":"2025-04-26T17:59:03","guid":{"rendered":"https:\/\/repliquemangacine.fr\/?post_type=product&#038;p=83821"},"modified":"2026-04-04T20:29:51","modified_gmt":"2026-04-04T18:29:51","slug":"pugnale-a-cuore-di-leone-di-richard-xii-secolo","status":"publish","type":"product","link":"https:\/\/repliquemangacine.fr\/it\/dagues-medievales\/dague-richard-coeur-de-lion-12eme-siecle\/","title":{"rendered":"Pugnale di Riccardo Cuor di Leone 12\u00b0 secolo"},"content":{"rendered":"<h2>Il pugnale di Riccardo Cuor di Leone del XII\u1d49 secolo: una replica fedele<\/h2>\n<p>Il pugnale Riccardo Cuor di Leone \u00e8 un oggetto emblematico per tutti gli appassionati di storia medievale. Innanzitutto, la sua lama in acciaio inossidabile 440 offre robustezza ed estetica. In secondo luogo, l'elsa in acciaio invecchiato \u00e8 decorata con due splendide teste di leone alle estremit\u00e0. Inoltre, lo stemma dei tre leoni \u00e8 presente sia sull'elsa che sulla lama. Il pomello pieno in acciaio invecchiato, ornato da una croce, rafforza l'autenticit\u00e0 di questa replica. Infine, l'impugnatura in metallo finemente dettagliata assicura una presa piacevole e solida.<\/p>\n<p>Inoltre, il fodero in ABS stampato rosso completa questo pugnale eccezionale. Infine, le sue parti in acciaio alle estremit\u00e0 sono finemente lavorate, con la \u201cR\u201d di Richard e lo stemma reale. Un must per i collezionisti di armi storiche e gli appassionati del Medioevo!<\/p>\n<h2>La leggendaria storia di Riccardo Cuor di Leone<\/h2>\n<p>Riccardo Cuor di Leone, re d'Inghilterra, \u00e8 una figura emblematica dell'epoca del <a href=\"https:\/\/carnet-dhistoire.fr\/anecdotes\/chronologie-et-dates-des-croisades-au-moyen-age\/\" target=\"_blank\" rel=\"noopener noreferrer\">crociate<\/a> e dell'eroismo medievale. Nato nel 1157, \u00e8 noto per il suo coraggio, il suo carisma e la sua incredibile maestria nell'uso delle armi. Nel corso della sua vita, Riccardo ha combattuto per difendere le sue terre e i suoi ideali religiosi. Inoltre, il suo emblema dei tre leoni simboleggia il suo potere e la sua gloriosa discendenza reale. Inoltre, il pugnale, proprio come le sue spade, era un'estensione della sua autorit\u00e0 indiscussa. La nostra replica rende quindi omaggio a questo re leggendario, il cui nome \u00e8 ancora oggi fonte di ispirazione per il coraggio.<\/p>\n<p>I racconti delle sue eroiche battaglie, in particolare durante la Terza Crociata, alimentano la leggenda. Scegliendo questo pugnale, porterete con voi una parte di questa ricca e appassionante storia. Un magnifico omaggio a uno dei pi\u00f9 grandi sovrani cavalieri del Medioevo!<\/p>\n<h2>Il vostro negozio unico per le repliche storiche, i manga e i film<\/h2>\n<p>Su R\u00e9plique Manga Cin\u00e9 troverete un vero tesoro per gli appassionati di storia e cultura popolare! Prima di tutto, vi propongo il<a href=\"https:\/\/repliquemangacine.fr\/it\/armi-storiche\/la-spada-di-don-chisciotte\/\">La spada di Don Chisciotte<\/a>ideale per gli amanti della letteratura e dell'avventura. Scoprirete poi <a href=\"https:\/\/repliquemangacine.fr\/it\/spada-templare-medievale\/excalibur-re-arthur-spada-leggendaria\/\">Excalibur, la mitica spada di Re Art\u00f9<\/a>una riproduzione fedele delle leggende arturiane. Inoltre, il<a href=\"https:\/\/repliquemangacine.fr\/it\/spade-serie-tv-vichinghi\/spada-vichinga-hedeby-9-secolo\/\">Spada vichinga Hedeby<\/a> \u00e8 un'impressionante ricostruzione di un raro reperto archeologico. Inoltre, troverete il <a href=\"https:\/\/repliquemangacine.fr\/it\/pugnali-medievali\/dague-hugues-de-payns\/\">pugnale del primo Cavaliere Templare Hugues de Payns<\/a>, simbolo delle origini templari.<\/p>\n<p>Ma non \u00e8 tutto! Per quanto riguarda i manga e il cinema, propongo anche katana, spade e armi leggendarie. Ogni replica \u00e8 accuratamente selezionata per offrire una qualit\u00e0 impeccabile e un realismo sorprendente. Che siate collezionisti, appassionati o amanti dei pezzi pregiati, troverete sicuramente ci\u00f2 che fa per voi. Non aspettate oltre per arricchire la vostra collezione con oggetti eccezionali!<\/p>\n<p>&nbsp;<\/p>","protected":false},"excerpt":{"rendered":"<p>Sublime pugnale di Riccardo Cuor di Leone del XII secolo<\/p>\n<ul>\n<li>Lama in acciaio inox 440<\/li>\n<li>Elsa in acciaio antico con due teste di leone alle estremit\u00e0.<\/li>\n<li>Scudo a tre leoni su elsa e lama<\/li>\n<li>Pomello in acciaio massiccio invecchiato con croce<\/li>\n<li>Manico in metallo finemente dettagliato.<\/li>\n<li>Fodero in ABS stampato rosso<\/li>\n<li>Pezzo in acciaio alle estremit\u00e0 del manicotto<\/li>\n<li>Con la R di Richard e i tre leoni sul fondo.<\/li>\n<li>Lunghezza lama: 24 cm - Lunghezza totale: 36,5 cm senza fodero<\/li>\n<li>Lunghezza totale con fodero: 40 cm - Peso: 280g<\/li>\n<\/ul>","protected":false},"featured_media":83831,"template":"","meta":[],"product_brand":[896],"product_cat":[25,93],"product_tag":[],"class_list":{"0":"post-83821","1":"product","2":"type-product","3":"status-publish","4":"has-post-thumbnail","6":"product_brand-replique-manga-cine","7":"product_cat-armes-historiques","8":"product_cat-dagues-medievales","10":"first","11":"instock","12":"taxable","13":"shipping-taxable","14":"purchasable","15":"product-type-simple"},"yoast_head":"<!-- This site is optimized with the Yoast SEO plugin v27.4 - https:\/\/yoast.com\/product\/yoast-seo-wordpress\/ -->\n<title>Dague Richard C\u0153ur de Lion 12\u00e8me si\u00e8cle - R\u00e9plique Manga Cin\u00e9<\/title>\n<meta name=\"description\" content=\"D\u00e9couvrez la Dague Richard C\u0153ur de Lion du XII\u1d49 si\u00e8cle, une r\u00e9plique historique parfaite pour collectionneurs et passionn\u00e9s d\u2019histoire m\u00e9di\u00e9vale !\" \/>\n<meta name=\"robots\" content=\"index, follow, max-snippet:-1, max-image-preview:large, max-video-preview:-1\" \/>\n<link rel=\"canonical\" href=\"https:\/\/repliquemangacine.fr\/it\/pugnali-medievali\/pugnale-a-cuore-di-leone-di-richard-xii-secolo\/\" \/>\n<meta property=\"og:locale\" content=\"it_IT\" \/>\n<meta property=\"og:type\" content=\"article\" \/>\n<meta property=\"og:title\" content=\"Dague Richard C\u0153ur de Lion 12\u00e8me si\u00e8cle - R\u00e9plique Manga Cin\u00e9\" \/>\n<meta property=\"og:description\" content=\"D\u00e9couvrez la Dague Richard C\u0153ur de Lion du XII\u1d49 si\u00e8cle, une r\u00e9plique historique parfaite pour collectionneurs et passionn\u00e9s d\u2019histoire m\u00e9di\u00e9vale !\" \/>\n<meta property=\"og:url\" content=\"https:\/\/repliquemangacine.fr\/it\/pugnali-medievali\/pugnale-a-cuore-di-leone-di-richard-xii-secolo\/\" \/>\n<meta property=\"og:site_name\" content=\"R\u00e9plique Manga Cin\u00e9\" \/>\n<meta property=\"article:publisher\" content=\"https:\/\/www.facebook.com\/RepliqueMangaCine\" \/>\n<meta property=\"article:modified_time\" content=\"2026-04-04T18:29:51+00:00\" \/>\n<meta property=\"og:image\" content=\"https:\/\/repliquemangacine.fr\/wp-content\/uploads\/2025\/04\/Dague-Richard-Coeur-de-lion.jpg\" \/>\n\t<meta property=\"og:image:width\" content=\"500\" \/>\n\t<meta property=\"og:image:height\" content=\"500\" \/>\n\t<meta property=\"og:image:type\" content=\"image\/jpeg\" \/>\n<meta name=\"twitter:card\" content=\"summary_large_image\" \/>\n<meta name=\"twitter:label1\" content=\"Tempo di lettura stimato\" \/>\n\t<meta name=\"twitter:data1\" content=\"3 minuti\" \/>\n<script type=\"application\/ld+json\" class=\"yoast-schema-graph\">{\"@context\":\"https:\\\/\\\/schema.org\",\"@graph\":[{\"@type\":\"WebPage\",\"@id\":\"https:\\\/\\\/repliquemangacine.fr\\\/dagues-medievales\\\/dague-richard-coeur-de-lion-12eme-siecle\\\/\",\"url\":\"https:\\\/\\\/repliquemangacine.fr\\\/dagues-medievales\\\/dague-richard-coeur-de-lion-12eme-siecle\\\/\",\"name\":\"Dague Richard C\u0153ur de Lion 12\u00e8me si\u00e8cle - R\u00e9plique Manga Cin\u00e9\",\"isPartOf\":{\"@id\":\"https:\\\/\\\/repliquemangacine.fr\\\/#website\"},\"primaryImageOfPage\":{\"@id\":\"https:\\\/\\\/repliquemangacine.fr\\\/dagues-medievales\\\/dague-richard-coeur-de-lion-12eme-siecle\\\/#primaryimage\"},\"image\":{\"@id\":\"https:\\\/\\\/repliquemangacine.fr\\\/dagues-medievales\\\/dague-richard-coeur-de-lion-12eme-siecle\\\/#primaryimage\"},\"thumbnailUrl\":\"https:\\\/\\\/repliquemangacine.fr\\\/wp-content\\\/uploads\\\/2025\\\/04\\\/Dague-Richard-Coeur-de-lion.jpg\",\"datePublished\":\"2025-04-26T17:59:03+00:00\",\"dateModified\":\"2026-04-04T18:29:51+00:00\",\"description\":\"D\u00e9couvrez la Dague Richard C\u0153ur de Lion du XII\u1d49 si\u00e8cle, une r\u00e9plique historique parfaite pour collectionneurs et passionn\u00e9s d\u2019histoire m\u00e9di\u00e9vale !\",\"breadcrumb\":{\"@id\":\"https:\\\/\\\/repliquemangacine.fr\\\/dagues-medievales\\\/dague-richard-coeur-de-lion-12eme-siecle\\\/#breadcrumb\"},\"inLanguage\":\"it-IT\",\"potentialAction\":[{\"@type\":\"ReadAction\",\"target\":[\"https:\\\/\\\/repliquemangacine.fr\\\/dagues-medievales\\\/dague-richard-coeur-de-lion-12eme-siecle\\\/\"]}]},{\"@type\":\"ImageObject\",\"inLanguage\":\"it-IT\",\"@id\":\"https:\\\/\\\/repliquemangacine.fr\\\/dagues-medievales\\\/dague-richard-coeur-de-lion-12eme-siecle\\\/#primaryimage\",\"url\":\"https:\\\/\\\/repliquemangacine.fr\\\/wp-content\\\/uploads\\\/2025\\\/04\\\/Dague-Richard-Coeur-de-lion.jpg\",\"contentUrl\":\"https:\\\/\\\/repliquemangacine.fr\\\/wp-content\\\/uploads\\\/2025\\\/04\\\/Dague-Richard-Coeur-de-lion.jpg\",\"width\":500,\"height\":500,\"caption\":\"Dague Richard C\u0153ur de Lion\"},{\"@type\":\"BreadcrumbList\",\"@id\":\"https:\\\/\\\/repliquemangacine.fr\\\/dagues-medievales\\\/dague-richard-coeur-de-lion-12eme-siecle\\\/#breadcrumb\",\"itemListElement\":[{\"@type\":\"ListItem\",\"position\":1,\"name\":\"Accueil\",\"item\":\"https:\\\/\\\/repliquemangacine.fr\\\/\"},{\"@type\":\"ListItem\",\"position\":2,\"name\":\"Produits\",\"item\":\"https:\\\/\\\/repliquemangacine.fr\\\/boutique\\\/\"},{\"@type\":\"ListItem\",\"position\":3,\"name\":\"Dague Richard C\u0153ur de Lion 12\u00e8me si\u00e8cle\"}]},{\"@type\":\"WebSite\",\"@id\":\"https:\\\/\\\/repliquemangacine.fr\\\/#website\",\"url\":\"https:\\\/\\\/repliquemangacine.fr\\\/\",\"name\":\"R\u00e9plique Manga Cin\u00e9\",\"description\":\"\",\"publisher\":{\"@id\":\"https:\\\/\\\/repliquemangacine.fr\\\/#organization\"},\"potentialAction\":[{\"@type\":\"SearchAction\",\"target\":{\"@type\":\"EntryPoint\",\"urlTemplate\":\"https:\\\/\\\/repliquemangacine.fr\\\/?s={search_term_string}\"},\"query-input\":{\"@type\":\"PropertyValueSpecification\",\"valueRequired\":true,\"valueName\":\"search_term_string\"}}],\"inLanguage\":\"it-IT\"},{\"@type\":\"Organization\",\"@id\":\"https:\\\/\\\/repliquemangacine.fr\\\/#organization\",\"name\":\"R\u00e9plique Manga Cin\u00e9\",\"url\":\"https:\\\/\\\/repliquemangacine.fr\\\/\",\"logo\":{\"@type\":\"ImageObject\",\"inLanguage\":\"it-IT\",\"@id\":\"https:\\\/\\\/repliquemangacine.fr\\\/#\\\/schema\\\/logo\\\/image\\\/\",\"url\":\"https:\\\/\\\/repliquemangacine.fr\\\/wp-content\\\/uploads\\\/2023\\\/10\\\/RMC-500250.png\",\"contentUrl\":\"https:\\\/\\\/repliquemangacine.fr\\\/wp-content\\\/uploads\\\/2023\\\/10\\\/RMC-500250.png\",\"width\":500,\"height\":250,\"caption\":\"R\u00e9plique Manga Cin\u00e9\"},\"image\":{\"@id\":\"https:\\\/\\\/repliquemangacine.fr\\\/#\\\/schema\\\/logo\\\/image\\\/\"},\"sameAs\":[\"https:\\\/\\\/www.facebook.com\\\/RepliqueMangaCine\",\"https:\\\/\\\/www.instagram.com\\\/repliquemangacine.fr\\\/\"]}]}<\/script>\n<!-- \/ Yoast SEO plugin. -->","yoast_head_json":{"title":"Pugnale di Riccardo Cuor di Leone del XII secolo - R\u00e9plique Manga Cin\u00e9","description":"Scoprite il pugnale di Riccardo Cuor di Leone del XII\u1d49 secolo, una replica storica perfetta per i collezionisti e gli appassionati di storia medievale!","robots":{"index":"index","follow":"follow","max-snippet":"max-snippet:-1","max-image-preview":"max-image-preview:large","max-video-preview":"max-video-preview:-1"},"canonical":"https:\/\/repliquemangacine.fr\/it\/pugnali-medievali\/pugnale-a-cuore-di-leone-di-richard-xii-secolo\/","og_locale":"it_IT","og_type":"article","og_title":"Dague Richard C\u0153ur de Lion 12\u00e8me si\u00e8cle - R\u00e9plique Manga Cin\u00e9","og_description":"D\u00e9couvrez la Dague Richard C\u0153ur de Lion du XII\u1d49 si\u00e8cle, une r\u00e9plique historique parfaite pour collectionneurs et passionn\u00e9s d\u2019histoire m\u00e9di\u00e9vale !","og_url":"https:\/\/repliquemangacine.fr\/it\/pugnali-medievali\/pugnale-a-cuore-di-leone-di-richard-xii-secolo\/","og_site_name":"R\u00e9plique Manga Cin\u00e9","article_publisher":"https:\/\/www.facebook.com\/RepliqueMangaCine","article_modified_time":"2026-04-04T18:29:51+00:00","og_image":[{"width":500,"height":500,"url":"https:\/\/repliquemangacine.fr\/wp-content\/uploads\/2025\/04\/Dague-Richard-Coeur-de-lion.jpg","type":"image\/jpeg"}],"twitter_card":"summary_large_image","twitter_misc":{"Tempo di lettura stimato":"3 minuti"},"schema":{"@context":"https:\/\/schema.org","@graph":[{"@type":"WebPage","@id":"https:\/\/repliquemangacine.fr\/dagues-medievales\/dague-richard-coeur-de-lion-12eme-siecle\/","url":"https:\/\/repliquemangacine.fr\/dagues-medievales\/dague-richard-coeur-de-lion-12eme-siecle\/","name":"Pugnale di Riccardo Cuor di Leone del XII secolo - R\u00e9plique Manga Cin\u00e9","isPartOf":{"@id":"https:\/\/repliquemangacine.fr\/#website"},"primaryImageOfPage":{"@id":"https:\/\/repliquemangacine.fr\/dagues-medievales\/dague-richard-coeur-de-lion-12eme-siecle\/#primaryimage"},"image":{"@id":"https:\/\/repliquemangacine.fr\/dagues-medievales\/dague-richard-coeur-de-lion-12eme-siecle\/#primaryimage"},"thumbnailUrl":"https:\/\/repliquemangacine.fr\/wp-content\/uploads\/2025\/04\/Dague-Richard-Coeur-de-lion.jpg","datePublished":"2025-04-26T17:59:03+00:00","dateModified":"2026-04-04T18:29:51+00:00","description":"Scoprite il pugnale di Riccardo Cuor di Leone del XII\u1d49 secolo, una replica storica perfetta per i collezionisti e gli appassionati di storia medievale!","breadcrumb":{"@id":"https:\/\/repliquemangacine.fr\/dagues-medievales\/dague-richard-coeur-de-lion-12eme-siecle\/#breadcrumb"},"inLanguage":"it-IT","potentialAction":[{"@type":"ReadAction","target":["https:\/\/repliquemangacine.fr\/dagues-medievales\/dague-richard-coeur-de-lion-12eme-siecle\/"]}]},{"@type":"ImageObject","inLanguage":"it-IT","@id":"https:\/\/repliquemangacine.fr\/dagues-medievales\/dague-richard-coeur-de-lion-12eme-siecle\/#primaryimage","url":"https:\/\/repliquemangacine.fr\/wp-content\/uploads\/2025\/04\/Dague-Richard-Coeur-de-lion.jpg","contentUrl":"https:\/\/repliquemangacine.fr\/wp-content\/uploads\/2025\/04\/Dague-Richard-Coeur-de-lion.jpg","width":500,"height":500,"caption":"Dague Richard C\u0153ur de Lion"},{"@type":"BreadcrumbList","@id":"https:\/\/repliquemangacine.fr\/dagues-medievales\/dague-richard-coeur-de-lion-12eme-siecle\/#breadcrumb","itemListElement":[{"@type":"ListItem","position":1,"name":"Accueil","item":"https:\/\/repliquemangacine.fr\/"},{"@type":"ListItem","position":2,"name":"Produits","item":"https:\/\/repliquemangacine.fr\/boutique\/"},{"@type":"ListItem","position":3,"name":"Dague Richard C\u0153ur de Lion 12\u00e8me si\u00e8cle"}]},{"@type":"WebSite","@id":"https:\/\/repliquemangacine.fr\/#website","url":"https:\/\/repliquemangacine.fr\/","name":"R\u00e9plique Manga Cin\u00e9","description":"","publisher":{"@id":"https:\/\/repliquemangacine.fr\/#organization"},"potentialAction":[{"@type":"SearchAction","target":{"@type":"EntryPoint","urlTemplate":"https:\/\/repliquemangacine.fr\/?s={search_term_string}"},"query-input":{"@type":"PropertyValueSpecification","valueRequired":true,"valueName":"search_term_string"}}],"inLanguage":"it-IT"},{"@type":"Organization","@id":"https:\/\/repliquemangacine.fr\/#organization","name":"R\u00e9plique Manga Cin\u00e9","url":"https:\/\/repliquemangacine.fr\/","logo":{"@type":"ImageObject","inLanguage":"it-IT","@id":"https:\/\/repliquemangacine.fr\/#\/schema\/logo\/image\/","url":"https:\/\/repliquemangacine.fr\/wp-content\/uploads\/2023\/10\/RMC-500250.png","contentUrl":"https:\/\/repliquemangacine.fr\/wp-content\/uploads\/2023\/10\/RMC-500250.png","width":500,"height":250,"caption":"R\u00e9plique Manga Cin\u00e9"},"image":{"@id":"https:\/\/repliquemangacine.fr\/#\/schema\/logo\/image\/"},"sameAs":["https:\/\/www.facebook.com\/RepliqueMangaCine","https:\/\/www.instagram.com\/repliquemangacine.fr\/"]}]}},"_links":{"self":[{"href":"https:\/\/repliquemangacine.fr\/it\/wp-json\/wp\/v2\/product\/83821","targetHints":{"allow":["GET"]}}],"collection":[{"href":"https:\/\/repliquemangacine.fr\/it\/wp-json\/wp\/v2\/product"}],"about":[{"href":"https:\/\/repliquemangacine.fr\/it\/wp-json\/wp\/v2\/types\/product"}],"wp:featuredmedia":[{"embeddable":true,"href":"https:\/\/repliquemangacine.fr\/it\/wp-json\/wp\/v2\/media\/83831"}],"wp:attachment":[{"href":"https:\/\/repliquemangacine.fr\/it\/wp-json\/wp\/v2\/media?parent=83821"}],"wp:term":[{"taxonomy":"product_brand","embeddable":true,"href":"https:\/\/repliquemangacine.fr\/it\/wp-json\/wp\/v2\/product_brand?post=83821"},{"taxonomy":"product_cat","embeddable":true,"href":"https:\/\/repliquemangacine.fr\/it\/wp-json\/wp\/v2\/product_cat?post=83821"},{"taxonomy":"product_tag","embeddable":true,"href":"https:\/\/repliquemangacine.fr\/it\/wp-json\/wp\/v2\/product_tag?post=83821"}],"curies":[{"name":"wp","href":"https:\/\/api.w.org\/{rel}","templated":true}]}}