





{"id":83739,"date":"2025-04-21T19:43:22","date_gmt":"2025-04-21T17:43:22","guid":{"rendered":"https:\/\/repliquemangacine.fr\/?post_type=product&#038;p=83739"},"modified":"2025-11-13T00:56:16","modified_gmt":"2025-11-12T23:56:16","slug":"set-di-12-bacchette-hp","status":"publish","type":"product","link":"https:\/\/repliquemangacine.fr\/it\/baguettes-et-goodies-harry-potter\/coffret-12-baguettes-hp\/","title":{"rendered":"Set di 12 bacchette HP"},"content":{"rendered":"<h2>Set di 12 bacchette HP versione portachiavi - Magie in miniatura da collezionare<\/h2>\n<p>Per prima cosa, scoprite questo cofanetto da 12 bacchette HP, versione portachiavi in metallo, con finiture curate e dettagliate. Ogni bacchetta misura circa 8 cm e riproduce fedelmente l'arma magica dei personaggi emblematici della saga. Appendetele ovunque grazie al loro solido anello metallico, ideale per borse, astucci o mazzi di chiavi.<br \/>\nRitrovate le bacchette di Harry, Hermione, Silente, Voldemort, ma anche Bellatrix, Luna, Neville e molti altri. Il cofanetto include anche quelle di Mangiamorte, Delacour, Rafleur, Cedric e Viktor Krum per i veri fan dell'universo. Un regalo originale e magico, da collezionare o da offrire a tutti gli amanti del mondo dei maghi. Compatto, elegante e completo, questo cofanetto \u00e8 perfetto per mostrare la propria passione ogni giorno, con un tocco di magia.<\/p>\n<p>Harry Potter \u00e8 il personaggio principale della serie di libri e film Harry Potter di <a href=\"https:\/\/harrypotter.fandom.com\/fr\/wiki\/J._K._Rowling\" target=\"_blank\" rel=\"noopener noreferrer\">J. K. Rowling<\/a>. La trama della maggior parte dei libri copre sette anni nella vita dell'orfano Potter che, il giorno del suo undicesimo compleanno, scopre di essere un mago.<\/p>\n<h2>Trova gli oggetti magici di Harry Potter su R\u00e9plique Manga Cin\u00e9<\/h2>\n<p>R\u00e9plique Manga Cin\u00e9 vi offre una selezione unica di prodotti ufficiali e repliche ispirate all'universo di Harry Potter. Scoprite il mitico <a href=\"https:\/\/repliquemangacine.fr\/it\/bacchette-e-oggetti-di-harry-potter\/harry-potter-spada-godric\/\">Spada di Godric Grifondoro<\/a>La collana \u00e8 realizzata in acciaio inossidabile, incisa con lo stesso nome e rifinita in modo impeccabile. Per i collezionisti, il <a href=\"https:\/\/repliquemangacine.fr\/it\/collezionisti-di-harry-potter-e-chicche\/pietra-filosofale-harry-potter\/\">pietra filosofale<\/a> \u00e8 un gioiello iconico della storia della magia. Proponiamo anche la borsa di Hermione, fedele a quella vista nei Doni della Morte, in una versione autentica. Lasciatevi tentare dalla<a href=\"https:\/\/repliquemangacine.fr\/it\/varie-chicche\/scacchiera-dei-maghi-gioco-degli-scacchi-hp\/\">Scacchiera ufficiale di Harry Potter<\/a>distribuito da The Noble Collection, un must per ogni appassionato. E per la vostra pausa caff\u00e8, perch\u00e9 non provare il nostro <a href=\"https:\/\/repliquemangacine.fr\/it\/collezionisti-di-harry-potter-e-chicche\/tazza-grifondoro-600-ml\/\">tazze<\/a> Bacchette da 600 ml nei colori delle case di Grifondoro, Serpeverde, Tassorosso e Serpeverde. Senza dimenticare la nostra collezione di bacchette: a grandezza naturale, in resina con rinforzi in metallo per una qualit\u00e0 eccezionale. Insomma, un mondo magico da scoprire a casa vostra, grazie ai nostri articoli accuratamente selezionati per ogni mago in erba.<\/p>","protected":false},"excerpt":{"rendered":"<p>Magnifica scatola di 12 mini bacchette su portachiavi che rappresentano i personaggi della saga di Harry Potter.<\/p>\n<ul>\n<li>12 bacchette da 8 cm<\/li>\n<li>1 moschettone piccolo<\/li>\n<li>1 portachiavi<\/li>\n<li>Cofanetto da collezione con la saga<\/li>\n<\/ul>","protected":false},"featured_media":83740,"template":"","meta":[],"product_brand":[896],"product_cat":[87,41],"product_tag":[],"class_list":{"0":"post-83739","1":"product","2":"type-product","3":"status-publish","4":"has-post-thumbnail","6":"product_brand-replique-manga-cine","7":"product_cat-collectors-et-goodies-harry-potter","8":"product_cat-baguettes-et-goodies-harry-potter","10":"first","11":"instock","12":"taxable","13":"shipping-taxable","14":"purchasable","15":"product-type-simple"},"yoast_head":"<!-- This site is optimized with the Yoast SEO plugin v27.4 - https:\/\/yoast.com\/product\/yoast-seo-wordpress\/ -->\n<title>Coffret 12 baguettes HP - R\u00e9plique Manga Cin\u00e9<\/title>\n<meta name=\"description\" content=\"Coffret 12 baguettes HP en m\u00e9tal, version porte-cl\u00e9s. Personnages cultes inclus. Id\u00e9al pour collectionner ou offrir aux fans d&#039;Harry Potter.\" \/>\n<meta name=\"robots\" content=\"index, follow, max-snippet:-1, max-image-preview:large, max-video-preview:-1\" \/>\n<link rel=\"canonical\" href=\"https:\/\/repliquemangacine.fr\/it\/bacchette-e-oggetti-di-harry-potter\/set-di-12-bacchette-hp\/\" \/>\n<meta property=\"og:locale\" content=\"it_IT\" \/>\n<meta property=\"og:type\" content=\"article\" \/>\n<meta property=\"og:title\" content=\"Coffret 12 baguettes HP - R\u00e9plique Manga Cin\u00e9\" \/>\n<meta property=\"og:description\" content=\"Coffret 12 baguettes HP en m\u00e9tal, version porte-cl\u00e9s. Personnages cultes inclus. Id\u00e9al pour collectionner ou offrir aux fans d&#039;Harry Potter.\" \/>\n<meta property=\"og:url\" content=\"https:\/\/repliquemangacine.fr\/it\/bacchette-e-oggetti-di-harry-potter\/set-di-12-bacchette-hp\/\" \/>\n<meta property=\"og:site_name\" content=\"R\u00e9plique Manga Cin\u00e9\" \/>\n<meta property=\"article:publisher\" content=\"https:\/\/www.facebook.com\/RepliqueMangaCine\" \/>\n<meta property=\"article:modified_time\" content=\"2025-11-12T23:56:16+00:00\" \/>\n<meta property=\"og:image\" content=\"https:\/\/repliquemangacine.fr\/wp-content\/uploads\/2025\/04\/coffret-porte-cles-HP.jpg\" \/>\n\t<meta property=\"og:image:width\" content=\"500\" \/>\n\t<meta property=\"og:image:height\" content=\"500\" \/>\n\t<meta property=\"og:image:type\" content=\"image\/jpeg\" \/>\n<meta name=\"twitter:card\" content=\"summary_large_image\" \/>\n<meta name=\"twitter:label1\" content=\"Tempo di lettura stimato\" \/>\n\t<meta name=\"twitter:data1\" content=\"2 minuti\" \/>\n<script type=\"application\/ld+json\" class=\"yoast-schema-graph\">{\"@context\":\"https:\\\/\\\/schema.org\",\"@graph\":[{\"@type\":\"WebPage\",\"@id\":\"https:\\\/\\\/repliquemangacine.fr\\\/baguettes-et-goodies-harry-potter\\\/coffret-12-baguettes-hp\\\/\",\"url\":\"https:\\\/\\\/repliquemangacine.fr\\\/baguettes-et-goodies-harry-potter\\\/coffret-12-baguettes-hp\\\/\",\"name\":\"Coffret 12 baguettes HP - R\u00e9plique Manga Cin\u00e9\",\"isPartOf\":{\"@id\":\"https:\\\/\\\/repliquemangacine.fr\\\/#website\"},\"primaryImageOfPage\":{\"@id\":\"https:\\\/\\\/repliquemangacine.fr\\\/baguettes-et-goodies-harry-potter\\\/coffret-12-baguettes-hp\\\/#primaryimage\"},\"image\":{\"@id\":\"https:\\\/\\\/repliquemangacine.fr\\\/baguettes-et-goodies-harry-potter\\\/coffret-12-baguettes-hp\\\/#primaryimage\"},\"thumbnailUrl\":\"https:\\\/\\\/repliquemangacine.fr\\\/wp-content\\\/uploads\\\/2025\\\/04\\\/coffret-porte-cles-HP.jpg\",\"datePublished\":\"2025-04-21T17:43:22+00:00\",\"dateModified\":\"2025-11-12T23:56:16+00:00\",\"description\":\"Coffret 12 baguettes HP en m\u00e9tal, version porte-cl\u00e9s. Personnages cultes inclus. Id\u00e9al pour collectionner ou offrir aux fans d'Harry Potter.\",\"breadcrumb\":{\"@id\":\"https:\\\/\\\/repliquemangacine.fr\\\/baguettes-et-goodies-harry-potter\\\/coffret-12-baguettes-hp\\\/#breadcrumb\"},\"inLanguage\":\"it-IT\",\"potentialAction\":[{\"@type\":\"ReadAction\",\"target\":[\"https:\\\/\\\/repliquemangacine.fr\\\/baguettes-et-goodies-harry-potter\\\/coffret-12-baguettes-hp\\\/\"]}]},{\"@type\":\"ImageObject\",\"inLanguage\":\"it-IT\",\"@id\":\"https:\\\/\\\/repliquemangacine.fr\\\/baguettes-et-goodies-harry-potter\\\/coffret-12-baguettes-hp\\\/#primaryimage\",\"url\":\"https:\\\/\\\/repliquemangacine.fr\\\/wp-content\\\/uploads\\\/2025\\\/04\\\/coffret-porte-cles-HP.jpg\",\"contentUrl\":\"https:\\\/\\\/repliquemangacine.fr\\\/wp-content\\\/uploads\\\/2025\\\/04\\\/coffret-porte-cles-HP.jpg\",\"width\":500,\"height\":500,\"caption\":\"Coffret 12 baguettes HP\"},{\"@type\":\"BreadcrumbList\",\"@id\":\"https:\\\/\\\/repliquemangacine.fr\\\/baguettes-et-goodies-harry-potter\\\/coffret-12-baguettes-hp\\\/#breadcrumb\",\"itemListElement\":[{\"@type\":\"ListItem\",\"position\":1,\"name\":\"Accueil\",\"item\":\"https:\\\/\\\/repliquemangacine.fr\\\/\"},{\"@type\":\"ListItem\",\"position\":2,\"name\":\"Produits\",\"item\":\"https:\\\/\\\/repliquemangacine.fr\\\/boutique\\\/\"},{\"@type\":\"ListItem\",\"position\":3,\"name\":\"Coffret 12 baguettes HP\"}]},{\"@type\":\"WebSite\",\"@id\":\"https:\\\/\\\/repliquemangacine.fr\\\/#website\",\"url\":\"https:\\\/\\\/repliquemangacine.fr\\\/\",\"name\":\"R\u00e9plique Manga Cin\u00e9\",\"description\":\"\",\"publisher\":{\"@id\":\"https:\\\/\\\/repliquemangacine.fr\\\/#organization\"},\"potentialAction\":[{\"@type\":\"SearchAction\",\"target\":{\"@type\":\"EntryPoint\",\"urlTemplate\":\"https:\\\/\\\/repliquemangacine.fr\\\/?s={search_term_string}\"},\"query-input\":{\"@type\":\"PropertyValueSpecification\",\"valueRequired\":true,\"valueName\":\"search_term_string\"}}],\"inLanguage\":\"it-IT\"},{\"@type\":\"Organization\",\"@id\":\"https:\\\/\\\/repliquemangacine.fr\\\/#organization\",\"name\":\"R\u00e9plique Manga Cin\u00e9\",\"url\":\"https:\\\/\\\/repliquemangacine.fr\\\/\",\"logo\":{\"@type\":\"ImageObject\",\"inLanguage\":\"it-IT\",\"@id\":\"https:\\\/\\\/repliquemangacine.fr\\\/#\\\/schema\\\/logo\\\/image\\\/\",\"url\":\"https:\\\/\\\/repliquemangacine.fr\\\/wp-content\\\/uploads\\\/2023\\\/10\\\/RMC-500250.png\",\"contentUrl\":\"https:\\\/\\\/repliquemangacine.fr\\\/wp-content\\\/uploads\\\/2023\\\/10\\\/RMC-500250.png\",\"width\":500,\"height\":250,\"caption\":\"R\u00e9plique Manga Cin\u00e9\"},\"image\":{\"@id\":\"https:\\\/\\\/repliquemangacine.fr\\\/#\\\/schema\\\/logo\\\/image\\\/\"},\"sameAs\":[\"https:\\\/\\\/www.facebook.com\\\/RepliqueMangaCine\",\"https:\\\/\\\/www.instagram.com\\\/repliquemangacine.fr\\\/\"]}]}<\/script>\n<!-- \/ Yoast SEO plugin. -->","yoast_head_json":{"title":"Set di 12 aste HP - R\u00e9plique Manga Cin\u00e9","description":"Set in scatola di 12 bacchette HP in metallo, versione portachiavi. Personaggi cult inclusi. Ideale per il collezionismo o come regalo per i fan di Harry Potter.","robots":{"index":"index","follow":"follow","max-snippet":"max-snippet:-1","max-image-preview":"max-image-preview:large","max-video-preview":"max-video-preview:-1"},"canonical":"https:\/\/repliquemangacine.fr\/it\/bacchette-e-oggetti-di-harry-potter\/set-di-12-bacchette-hp\/","og_locale":"it_IT","og_type":"article","og_title":"Coffret 12 baguettes HP - R\u00e9plique Manga Cin\u00e9","og_description":"Coffret 12 baguettes HP en m\u00e9tal, version porte-cl\u00e9s. Personnages cultes inclus. Id\u00e9al pour collectionner ou offrir aux fans d'Harry Potter.","og_url":"https:\/\/repliquemangacine.fr\/it\/bacchette-e-oggetti-di-harry-potter\/set-di-12-bacchette-hp\/","og_site_name":"R\u00e9plique Manga Cin\u00e9","article_publisher":"https:\/\/www.facebook.com\/RepliqueMangaCine","article_modified_time":"2025-11-12T23:56:16+00:00","og_image":[{"width":500,"height":500,"url":"https:\/\/repliquemangacine.fr\/wp-content\/uploads\/2025\/04\/coffret-porte-cles-HP.jpg","type":"image\/jpeg"}],"twitter_card":"summary_large_image","twitter_misc":{"Tempo di lettura stimato":"2 minuti"},"schema":{"@context":"https:\/\/schema.org","@graph":[{"@type":"WebPage","@id":"https:\/\/repliquemangacine.fr\/baguettes-et-goodies-harry-potter\/coffret-12-baguettes-hp\/","url":"https:\/\/repliquemangacine.fr\/baguettes-et-goodies-harry-potter\/coffret-12-baguettes-hp\/","name":"Set di 12 aste HP - R\u00e9plique Manga Cin\u00e9","isPartOf":{"@id":"https:\/\/repliquemangacine.fr\/#website"},"primaryImageOfPage":{"@id":"https:\/\/repliquemangacine.fr\/baguettes-et-goodies-harry-potter\/coffret-12-baguettes-hp\/#primaryimage"},"image":{"@id":"https:\/\/repliquemangacine.fr\/baguettes-et-goodies-harry-potter\/coffret-12-baguettes-hp\/#primaryimage"},"thumbnailUrl":"https:\/\/repliquemangacine.fr\/wp-content\/uploads\/2025\/04\/coffret-porte-cles-HP.jpg","datePublished":"2025-04-21T17:43:22+00:00","dateModified":"2025-11-12T23:56:16+00:00","description":"Set in scatola di 12 bacchette HP in metallo, versione portachiavi. Personaggi cult inclusi. Ideale per il collezionismo o come regalo per i fan di Harry Potter.","breadcrumb":{"@id":"https:\/\/repliquemangacine.fr\/baguettes-et-goodies-harry-potter\/coffret-12-baguettes-hp\/#breadcrumb"},"inLanguage":"it-IT","potentialAction":[{"@type":"ReadAction","target":["https:\/\/repliquemangacine.fr\/baguettes-et-goodies-harry-potter\/coffret-12-baguettes-hp\/"]}]},{"@type":"ImageObject","inLanguage":"it-IT","@id":"https:\/\/repliquemangacine.fr\/baguettes-et-goodies-harry-potter\/coffret-12-baguettes-hp\/#primaryimage","url":"https:\/\/repliquemangacine.fr\/wp-content\/uploads\/2025\/04\/coffret-porte-cles-HP.jpg","contentUrl":"https:\/\/repliquemangacine.fr\/wp-content\/uploads\/2025\/04\/coffret-porte-cles-HP.jpg","width":500,"height":500,"caption":"Coffret 12 baguettes HP"},{"@type":"BreadcrumbList","@id":"https:\/\/repliquemangacine.fr\/baguettes-et-goodies-harry-potter\/coffret-12-baguettes-hp\/#breadcrumb","itemListElement":[{"@type":"ListItem","position":1,"name":"Accueil","item":"https:\/\/repliquemangacine.fr\/"},{"@type":"ListItem","position":2,"name":"Produits","item":"https:\/\/repliquemangacine.fr\/boutique\/"},{"@type":"ListItem","position":3,"name":"Coffret 12 baguettes HP"}]},{"@type":"WebSite","@id":"https:\/\/repliquemangacine.fr\/#website","url":"https:\/\/repliquemangacine.fr\/","name":"R\u00e9plique Manga Cin\u00e9","description":"","publisher":{"@id":"https:\/\/repliquemangacine.fr\/#organization"},"potentialAction":[{"@type":"SearchAction","target":{"@type":"EntryPoint","urlTemplate":"https:\/\/repliquemangacine.fr\/?s={search_term_string}"},"query-input":{"@type":"PropertyValueSpecification","valueRequired":true,"valueName":"search_term_string"}}],"inLanguage":"it-IT"},{"@type":"Organization","@id":"https:\/\/repliquemangacine.fr\/#organization","name":"R\u00e9plique Manga Cin\u00e9","url":"https:\/\/repliquemangacine.fr\/","logo":{"@type":"ImageObject","inLanguage":"it-IT","@id":"https:\/\/repliquemangacine.fr\/#\/schema\/logo\/image\/","url":"https:\/\/repliquemangacine.fr\/wp-content\/uploads\/2023\/10\/RMC-500250.png","contentUrl":"https:\/\/repliquemangacine.fr\/wp-content\/uploads\/2023\/10\/RMC-500250.png","width":500,"height":250,"caption":"R\u00e9plique Manga Cin\u00e9"},"image":{"@id":"https:\/\/repliquemangacine.fr\/#\/schema\/logo\/image\/"},"sameAs":["https:\/\/www.facebook.com\/RepliqueMangaCine","https:\/\/www.instagram.com\/repliquemangacine.fr\/"]}]}},"_links":{"self":[{"href":"https:\/\/repliquemangacine.fr\/it\/wp-json\/wp\/v2\/product\/83739","targetHints":{"allow":["GET"]}}],"collection":[{"href":"https:\/\/repliquemangacine.fr\/it\/wp-json\/wp\/v2\/product"}],"about":[{"href":"https:\/\/repliquemangacine.fr\/it\/wp-json\/wp\/v2\/types\/product"}],"wp:featuredmedia":[{"embeddable":true,"href":"https:\/\/repliquemangacine.fr\/it\/wp-json\/wp\/v2\/media\/83740"}],"wp:attachment":[{"href":"https:\/\/repliquemangacine.fr\/it\/wp-json\/wp\/v2\/media?parent=83739"}],"wp:term":[{"taxonomy":"product_brand","embeddable":true,"href":"https:\/\/repliquemangacine.fr\/it\/wp-json\/wp\/v2\/product_brand?post=83739"},{"taxonomy":"product_cat","embeddable":true,"href":"https:\/\/repliquemangacine.fr\/it\/wp-json\/wp\/v2\/product_cat?post=83739"},{"taxonomy":"product_tag","embeddable":true,"href":"https:\/\/repliquemangacine.fr\/it\/wp-json\/wp\/v2\/product_tag?post=83739"}],"curies":[{"name":"wp","href":"https:\/\/api.w.org\/{rel}","templated":true}]}}