





{"id":83736,"date":"2025-04-21T17:30:52","date_gmt":"2025-04-21T15:30:52","guid":{"rendered":"https:\/\/repliquemangacine.fr\/?post_type=product&#038;p=83736"},"modified":"2025-11-13T01:26:48","modified_gmt":"2025-11-13T00:26:48","slug":"portachiavi-vegeta-dbz","status":"publish","type":"product","link":"https:\/\/repliquemangacine.fr\/it\/porte-cles-goodies\/porte-cles-vegeta-dbz\/","title":{"rendered":"Portachiavi Vegeta DBZ"},"content":{"rendered":"<h2>Portachiavi Vegeta DBZ - Potenza e nostalgia combinate in acrilico<\/h2>\n<p>Prima di tutto, questo <strong>Portachiavi Vegeta DBZ<\/strong>\u00a0 (Dragon Ball Z) in acrilico cattura tutta l'energia e la nostalgia del leggendario anime.<br \/>\nCon il suo design vivace, mette in risalto un personaggio cult in un formato pratico ed estetico. Leggero e resistente, si aggancia facilmente ai vostri effetti personali grazie al suo anello e moschettone in metallo.<br \/>\nPortate con voi un po' dell'aura dei Super Saiyan ovunque andiate, che siate del Team Goku, Vegeta o <a href=\"https:\/\/dragonball.fandom.com\/fr\/wiki\/Trunks_(futur)\" target=\"_blank\" rel=\"noopener noreferrer\">Bauli<\/a>. Ideale per collezionisti e fan di DBZ, questo portachiavi \u00e8 un must dell'universo manga.<\/p>\n<p>Per cominciare, Vegeta, uno dei personaggi principali della serie. \u00c8 il principe del pianeta Vegeta, figlio del re Vegeta. \u00c8 il marito di Bulma e il padre di Trunks e Bra.<\/p>\n<p>Principe dei Sayan, viene inizialmente presentato come antagonista nella Saga dei Sayan, prima di diventare progressivamente un alleato degli eroi nella Saga di Namek, e poi uno dei protagonisti principali nella Saga degli Umani Artificiali. Orgoglioso, Vegeta diventa l'incarnazione dell'antieroe, nonch\u00e9 il rivale designato di Son Goku nel corso della storia.<\/p>\n<h2>Immergetevi nel mondo dei Manga con le migliori repliche su RMC<\/h2>\n<p>Su R\u00e9plique Manga Cin\u00e9 troverete le migliori repliche di manga e videogiochi. Per prima cosa, rimaniamo nell'universo di DBZ con il favoloso <a href=\"https:\/\/repliquemangacine.fr\/it\/katana-e-manga-spada-anime-altri-manga\/xeno-trunks-dbz-dragon-ball-z-spada\/\">La spada di Trunks<\/a>. Con lama in acciaio inossidabile con finitura lucida<br \/>\ne il suo fodero in pelle rossa. C'\u00e8 anche l'impressionante <a href=\"https:\/\/repliquemangacine.fr\/it\/katana-e-manga-spada-anime-altri-manga\/spada-dragon-slayer-berserk-guts\/\">spada di budella<\/a> A grandezza naturale, Dragon Slayer in Berserk. La sua lama in acciaio a doppio taglio (non affilata) ha un aspetto senza pari.<\/p>\n<p>Immergetevi anche voi nell'universo di Warcraft con la <a href=\"https:\/\/repliquemangacine.fr\/it\/spade-di-world-of-warcraft\/frostmourne-deuillegivre-spada-spada-del-re-dei-lich\/\">Frostmourne<\/a> del Re dei Lich, una lama leggendaria dal potere schiacciante. E ci sono molte altre spade da scoprire nel nostro catalogo. Ogni replica \u00e8 realizzata meticolosamente per essere assolutamente fedele all'opera originale. Che siate collezionisti o appassionati di cosplay, sul nostro sito troverete armi leggendarie da non perdere. Venite ad arricchire la vostra collezione con pezzi unici e impressionanti!<\/p>","protected":false},"excerpt":{"rendered":"<p>Portachiavi originale di Vegeta da Dragon Ball Z<\/p>\n<ul>\n<li>Figura acrilica su entrambi i lati<\/li>\n<li>Catena e moschettone in acciaio<\/li>\n<li>Fornito in un astuccio<\/li>\n<li>Altezza del personaggio: 5,3 cm - Larghezza: 2,5 cm<\/li>\n<\/ul>","protected":false},"featured_media":83737,"template":"","meta":[],"product_brand":[896],"product_cat":[94,96],"product_tag":[],"class_list":{"0":"post-83736","1":"product","2":"type-product","3":"status-publish","4":"has-post-thumbnail","6":"product_brand-replique-manga-cine","7":"product_cat-goodies","8":"product_cat-porte-cles-goodies","10":"first","11":"instock","12":"taxable","13":"shipping-taxable","14":"purchasable","15":"product-type-simple"},"yoast_head":"<!-- This site is optimized with the Yoast SEO plugin v27.4 - https:\/\/yoast.com\/product\/yoast-seo-wordpress\/ -->\n<title>Porte-cl\u00e9s Vegeta DBZ - R\u00e9plique Manga Cin\u00e9<\/title>\n<meta name=\"description\" content=\"Porte-cl\u00e9s Vegeta DBZ acrylique avec design dynamique. L\u2019accessoire parfait pour tous les fans de Goku, Vegeta et l\u2019univers Dragon Ball.\" \/>\n<meta name=\"robots\" content=\"index, follow, max-snippet:-1, max-image-preview:large, max-video-preview:-1\" \/>\n<link rel=\"canonical\" href=\"https:\/\/repliquemangacine.fr\/it\/portachiavi\/portachiavi-vegeta-dbz\/\" \/>\n<meta property=\"og:locale\" content=\"it_IT\" \/>\n<meta property=\"og:type\" content=\"article\" \/>\n<meta property=\"og:title\" content=\"Porte-cl\u00e9s Vegeta DBZ - R\u00e9plique Manga Cin\u00e9\" \/>\n<meta property=\"og:description\" content=\"Porte-cl\u00e9s Vegeta DBZ acrylique avec design dynamique. L\u2019accessoire parfait pour tous les fans de Goku, Vegeta et l\u2019univers Dragon Ball.\" \/>\n<meta property=\"og:url\" content=\"https:\/\/repliquemangacine.fr\/it\/portachiavi\/portachiavi-vegeta-dbz\/\" \/>\n<meta property=\"og:site_name\" content=\"R\u00e9plique Manga Cin\u00e9\" \/>\n<meta property=\"article:publisher\" content=\"https:\/\/www.facebook.com\/RepliqueMangaCine\" \/>\n<meta property=\"article:modified_time\" content=\"2025-11-13T00:26:48+00:00\" \/>\n<meta property=\"og:image\" content=\"https:\/\/repliquemangacine.fr\/wp-content\/uploads\/2025\/04\/porte-cles-dbz-chibi.jpg\" \/>\n\t<meta property=\"og:image:width\" content=\"500\" \/>\n\t<meta property=\"og:image:height\" content=\"500\" \/>\n\t<meta property=\"og:image:type\" content=\"image\/jpeg\" \/>\n<meta name=\"twitter:card\" content=\"summary_large_image\" \/>\n<meta name=\"twitter:label1\" content=\"Tempo di lettura stimato\" \/>\n\t<meta name=\"twitter:data1\" content=\"2 minuti\" \/>\n<script type=\"application\/ld+json\" class=\"yoast-schema-graph\">{\"@context\":\"https:\\\/\\\/schema.org\",\"@graph\":[{\"@type\":\"WebPage\",\"@id\":\"https:\\\/\\\/repliquemangacine.fr\\\/porte-cles-goodies\\\/porte-cles-vegeta-dbz\\\/\",\"url\":\"https:\\\/\\\/repliquemangacine.fr\\\/porte-cles-goodies\\\/porte-cles-vegeta-dbz\\\/\",\"name\":\"Porte-cl\u00e9s Vegeta DBZ - R\u00e9plique Manga Cin\u00e9\",\"isPartOf\":{\"@id\":\"https:\\\/\\\/repliquemangacine.fr\\\/#website\"},\"primaryImageOfPage\":{\"@id\":\"https:\\\/\\\/repliquemangacine.fr\\\/porte-cles-goodies\\\/porte-cles-vegeta-dbz\\\/#primaryimage\"},\"image\":{\"@id\":\"https:\\\/\\\/repliquemangacine.fr\\\/porte-cles-goodies\\\/porte-cles-vegeta-dbz\\\/#primaryimage\"},\"thumbnailUrl\":\"https:\\\/\\\/repliquemangacine.fr\\\/wp-content\\\/uploads\\\/2025\\\/04\\\/porte-cles-dbz-chibi.jpg\",\"datePublished\":\"2025-04-21T15:30:52+00:00\",\"dateModified\":\"2025-11-13T00:26:48+00:00\",\"description\":\"Porte-cl\u00e9s Vegeta DBZ acrylique avec design dynamique. L\u2019accessoire parfait pour tous les fans de Goku, Vegeta et l\u2019univers Dragon Ball.\",\"breadcrumb\":{\"@id\":\"https:\\\/\\\/repliquemangacine.fr\\\/porte-cles-goodies\\\/porte-cles-vegeta-dbz\\\/#breadcrumb\"},\"inLanguage\":\"it-IT\",\"potentialAction\":[{\"@type\":\"ReadAction\",\"target\":[\"https:\\\/\\\/repliquemangacine.fr\\\/porte-cles-goodies\\\/porte-cles-vegeta-dbz\\\/\"]}]},{\"@type\":\"ImageObject\",\"inLanguage\":\"it-IT\",\"@id\":\"https:\\\/\\\/repliquemangacine.fr\\\/porte-cles-goodies\\\/porte-cles-vegeta-dbz\\\/#primaryimage\",\"url\":\"https:\\\/\\\/repliquemangacine.fr\\\/wp-content\\\/uploads\\\/2025\\\/04\\\/porte-cles-dbz-chibi.jpg\",\"contentUrl\":\"https:\\\/\\\/repliquemangacine.fr\\\/wp-content\\\/uploads\\\/2025\\\/04\\\/porte-cles-dbz-chibi.jpg\",\"width\":500,\"height\":500,\"caption\":\"Porte-cl\u00e9s Vegeta DBZ\"},{\"@type\":\"BreadcrumbList\",\"@id\":\"https:\\\/\\\/repliquemangacine.fr\\\/porte-cles-goodies\\\/porte-cles-vegeta-dbz\\\/#breadcrumb\",\"itemListElement\":[{\"@type\":\"ListItem\",\"position\":1,\"name\":\"Accueil\",\"item\":\"https:\\\/\\\/repliquemangacine.fr\\\/\"},{\"@type\":\"ListItem\",\"position\":2,\"name\":\"Produits\",\"item\":\"https:\\\/\\\/repliquemangacine.fr\\\/boutique\\\/\"},{\"@type\":\"ListItem\",\"position\":3,\"name\":\"Porte-cl\u00e9s Vegeta DBZ\"}]},{\"@type\":\"WebSite\",\"@id\":\"https:\\\/\\\/repliquemangacine.fr\\\/#website\",\"url\":\"https:\\\/\\\/repliquemangacine.fr\\\/\",\"name\":\"R\u00e9plique Manga Cin\u00e9\",\"description\":\"\",\"publisher\":{\"@id\":\"https:\\\/\\\/repliquemangacine.fr\\\/#organization\"},\"potentialAction\":[{\"@type\":\"SearchAction\",\"target\":{\"@type\":\"EntryPoint\",\"urlTemplate\":\"https:\\\/\\\/repliquemangacine.fr\\\/?s={search_term_string}\"},\"query-input\":{\"@type\":\"PropertyValueSpecification\",\"valueRequired\":true,\"valueName\":\"search_term_string\"}}],\"inLanguage\":\"it-IT\"},{\"@type\":\"Organization\",\"@id\":\"https:\\\/\\\/repliquemangacine.fr\\\/#organization\",\"name\":\"R\u00e9plique Manga Cin\u00e9\",\"url\":\"https:\\\/\\\/repliquemangacine.fr\\\/\",\"logo\":{\"@type\":\"ImageObject\",\"inLanguage\":\"it-IT\",\"@id\":\"https:\\\/\\\/repliquemangacine.fr\\\/#\\\/schema\\\/logo\\\/image\\\/\",\"url\":\"https:\\\/\\\/repliquemangacine.fr\\\/wp-content\\\/uploads\\\/2023\\\/10\\\/RMC-500250.png\",\"contentUrl\":\"https:\\\/\\\/repliquemangacine.fr\\\/wp-content\\\/uploads\\\/2023\\\/10\\\/RMC-500250.png\",\"width\":500,\"height\":250,\"caption\":\"R\u00e9plique Manga Cin\u00e9\"},\"image\":{\"@id\":\"https:\\\/\\\/repliquemangacine.fr\\\/#\\\/schema\\\/logo\\\/image\\\/\"},\"sameAs\":[\"https:\\\/\\\/www.facebook.com\\\/RepliqueMangaCine\",\"https:\\\/\\\/www.instagram.com\\\/repliquemangacine.fr\\\/\"]}]}<\/script>\n<!-- \/ Yoast SEO plugin. -->","yoast_head_json":{"title":"Portachiavi Vegeta DBZ - R\u00e9plique Manga Cin\u00e9","description":"Portachiavi in acrilico Vegeta DBZ dal design dinamico. L'accessorio perfetto per tutti i fan di Goku, Vegeta e dell'universo di Dragon Ball.","robots":{"index":"index","follow":"follow","max-snippet":"max-snippet:-1","max-image-preview":"max-image-preview:large","max-video-preview":"max-video-preview:-1"},"canonical":"https:\/\/repliquemangacine.fr\/it\/portachiavi\/portachiavi-vegeta-dbz\/","og_locale":"it_IT","og_type":"article","og_title":"Porte-cl\u00e9s Vegeta DBZ - R\u00e9plique Manga Cin\u00e9","og_description":"Porte-cl\u00e9s Vegeta DBZ acrylique avec design dynamique. L\u2019accessoire parfait pour tous les fans de Goku, Vegeta et l\u2019univers Dragon Ball.","og_url":"https:\/\/repliquemangacine.fr\/it\/portachiavi\/portachiavi-vegeta-dbz\/","og_site_name":"R\u00e9plique Manga Cin\u00e9","article_publisher":"https:\/\/www.facebook.com\/RepliqueMangaCine","article_modified_time":"2025-11-13T00:26:48+00:00","og_image":[{"width":500,"height":500,"url":"https:\/\/repliquemangacine.fr\/wp-content\/uploads\/2025\/04\/porte-cles-dbz-chibi.jpg","type":"image\/jpeg"}],"twitter_card":"summary_large_image","twitter_misc":{"Tempo di lettura stimato":"2 minuti"},"schema":{"@context":"https:\/\/schema.org","@graph":[{"@type":"WebPage","@id":"https:\/\/repliquemangacine.fr\/porte-cles-goodies\/porte-cles-vegeta-dbz\/","url":"https:\/\/repliquemangacine.fr\/porte-cles-goodies\/porte-cles-vegeta-dbz\/","name":"Portachiavi Vegeta DBZ - R\u00e9plique Manga Cin\u00e9","isPartOf":{"@id":"https:\/\/repliquemangacine.fr\/#website"},"primaryImageOfPage":{"@id":"https:\/\/repliquemangacine.fr\/porte-cles-goodies\/porte-cles-vegeta-dbz\/#primaryimage"},"image":{"@id":"https:\/\/repliquemangacine.fr\/porte-cles-goodies\/porte-cles-vegeta-dbz\/#primaryimage"},"thumbnailUrl":"https:\/\/repliquemangacine.fr\/wp-content\/uploads\/2025\/04\/porte-cles-dbz-chibi.jpg","datePublished":"2025-04-21T15:30:52+00:00","dateModified":"2025-11-13T00:26:48+00:00","description":"Portachiavi in acrilico Vegeta DBZ dal design dinamico. L'accessorio perfetto per tutti i fan di Goku, Vegeta e dell'universo di Dragon Ball.","breadcrumb":{"@id":"https:\/\/repliquemangacine.fr\/porte-cles-goodies\/porte-cles-vegeta-dbz\/#breadcrumb"},"inLanguage":"it-IT","potentialAction":[{"@type":"ReadAction","target":["https:\/\/repliquemangacine.fr\/porte-cles-goodies\/porte-cles-vegeta-dbz\/"]}]},{"@type":"ImageObject","inLanguage":"it-IT","@id":"https:\/\/repliquemangacine.fr\/porte-cles-goodies\/porte-cles-vegeta-dbz\/#primaryimage","url":"https:\/\/repliquemangacine.fr\/wp-content\/uploads\/2025\/04\/porte-cles-dbz-chibi.jpg","contentUrl":"https:\/\/repliquemangacine.fr\/wp-content\/uploads\/2025\/04\/porte-cles-dbz-chibi.jpg","width":500,"height":500,"caption":"Porte-cl\u00e9s Vegeta DBZ"},{"@type":"BreadcrumbList","@id":"https:\/\/repliquemangacine.fr\/porte-cles-goodies\/porte-cles-vegeta-dbz\/#breadcrumb","itemListElement":[{"@type":"ListItem","position":1,"name":"Accueil","item":"https:\/\/repliquemangacine.fr\/"},{"@type":"ListItem","position":2,"name":"Produits","item":"https:\/\/repliquemangacine.fr\/boutique\/"},{"@type":"ListItem","position":3,"name":"Porte-cl\u00e9s Vegeta DBZ"}]},{"@type":"WebSite","@id":"https:\/\/repliquemangacine.fr\/#website","url":"https:\/\/repliquemangacine.fr\/","name":"R\u00e9plique Manga Cin\u00e9","description":"","publisher":{"@id":"https:\/\/repliquemangacine.fr\/#organization"},"potentialAction":[{"@type":"SearchAction","target":{"@type":"EntryPoint","urlTemplate":"https:\/\/repliquemangacine.fr\/?s={search_term_string}"},"query-input":{"@type":"PropertyValueSpecification","valueRequired":true,"valueName":"search_term_string"}}],"inLanguage":"it-IT"},{"@type":"Organization","@id":"https:\/\/repliquemangacine.fr\/#organization","name":"R\u00e9plique Manga Cin\u00e9","url":"https:\/\/repliquemangacine.fr\/","logo":{"@type":"ImageObject","inLanguage":"it-IT","@id":"https:\/\/repliquemangacine.fr\/#\/schema\/logo\/image\/","url":"https:\/\/repliquemangacine.fr\/wp-content\/uploads\/2023\/10\/RMC-500250.png","contentUrl":"https:\/\/repliquemangacine.fr\/wp-content\/uploads\/2023\/10\/RMC-500250.png","width":500,"height":250,"caption":"R\u00e9plique Manga Cin\u00e9"},"image":{"@id":"https:\/\/repliquemangacine.fr\/#\/schema\/logo\/image\/"},"sameAs":["https:\/\/www.facebook.com\/RepliqueMangaCine","https:\/\/www.instagram.com\/repliquemangacine.fr\/"]}]}},"_links":{"self":[{"href":"https:\/\/repliquemangacine.fr\/it\/wp-json\/wp\/v2\/product\/83736","targetHints":{"allow":["GET"]}}],"collection":[{"href":"https:\/\/repliquemangacine.fr\/it\/wp-json\/wp\/v2\/product"}],"about":[{"href":"https:\/\/repliquemangacine.fr\/it\/wp-json\/wp\/v2\/types\/product"}],"wp:featuredmedia":[{"embeddable":true,"href":"https:\/\/repliquemangacine.fr\/it\/wp-json\/wp\/v2\/media\/83737"}],"wp:attachment":[{"href":"https:\/\/repliquemangacine.fr\/it\/wp-json\/wp\/v2\/media?parent=83736"}],"wp:term":[{"taxonomy":"product_brand","embeddable":true,"href":"https:\/\/repliquemangacine.fr\/it\/wp-json\/wp\/v2\/product_brand?post=83736"},{"taxonomy":"product_cat","embeddable":true,"href":"https:\/\/repliquemangacine.fr\/it\/wp-json\/wp\/v2\/product_cat?post=83736"},{"taxonomy":"product_tag","embeddable":true,"href":"https:\/\/repliquemangacine.fr\/it\/wp-json\/wp\/v2\/product_tag?post=83736"}],"curies":[{"name":"wp","href":"https:\/\/api.w.org\/{rel}","templated":true}]}}