





{"id":83732,"date":"2025-04-21T16:58:11","date_gmt":"2025-04-21T14:58:11","guid":{"rendered":"https:\/\/repliquemangacine.fr\/?post_type=product&#038;p=83732"},"modified":"2025-11-13T01:02:58","modified_gmt":"2025-11-13T00:02:58","slug":"portachiavi-sao-sword-art-online","status":"publish","type":"product","link":"https:\/\/repliquemangacine.fr\/it\/porte-cles-goodies\/porte-cles-sao-sword-art-online\/","title":{"rendered":"Portachiavi SAO - Sword Art Online"},"content":{"rendered":"<h2>Portachiavi SAO - Kirito e Asuna in acrilico bifacciale<\/h2>\n<p>Prima di tutto, scoprite cosa <strong>Portachiavi SAO<\/strong> in acrilico trasparente bifacciale, con Kirito e Asuna, i due eroi emblematici della serie. Ogni lato presenta un personaggio in uno stile dinamico e fedele al mondo dell'anime. Dotato di una catenella, di un anello solido e di un moschettone in metallo per un pratico utilizzo quotidiano. Questo splendido portachiavi \u00e8 disponibile in un blister da esposizione, perfetto per i collezionisti o come regalo per i fan di SAO.<br \/>\n<a href=\"https:\/\/sword-art-online.fandom.com\/fr\/wiki\/Kazuto_Kirigaya\" target=\"_blank\" rel=\"noopener noreferrer\">Kirigaya Kazuto<\/a> alias Kirito, soprannominato lo Spadaccino Nero, \u00e8 un giocatore solitario ma potente, noto per la sua padronanza di due spade. Asuna, guerriera rapida e precisa, \u00e8 una combattente temuta e rispettata nel mondo virtuale. Inoltre, questo portachiavi rende omaggio al loro leggendario duo, inseparabile e amato dai fan di Sword Art Online. Un must per tutti i fan dell'anime e dei suoi personaggi cult.<\/p>\n<h2>Le armi leggendarie di Sword Art Online disponibili su R\u00e9plique Manga Cin\u00e9<\/h2>\n<p>Su R\u00e9plique Manga Cin\u00e9, esplora l'universo di Sword Art Online attraverso una selezione di armi riprodotte fedelmente.<br \/>\nTra queste, ritrovate le famose spade di Kirito, il Cavaliere Nero: <a href=\"https:\/\/repliquemangacine.fr\/it\/sword-art-online-2\/kirito-sao-spada-repulsore-scuro\/\">Repulsore oscuro<\/a> e <a href=\"https:\/\/repliquemangacine.fr\/it\/sword-art-online-2\/epee-elucidator-kirito-sao\/\">Elucidatore<\/a>. Queste due armi emblematiche illustrano la potenza e lo stile di combattimento unico di Kirito nei primi archi narrativi.<br \/>\nCi sono anche <a href=\"https:\/\/repliquemangacine.fr\/it\/sword-art-online-2\/spada-lambent-light-rapiere-asuna-sao\/\">Luce lambente<\/a>L'elegante e letale spada di Asuna, perfetta per gli appassionati di duelli frenetici. E non \u00e8 tutto: scoprite il<a href=\"https:\/\/repliquemangacine.fr\/it\/sword-art-online-2\/sacred-sword-excalibur-kirito-in-alfheim-online-sword-art-online\/\">spada sacra Excalibur<\/a>, tratta da Alfheim Online e dal gioco SAO Fractured Daydream. Troverete anche un tappetino per mouse per i geek. Inoltre, ogni replica \u00e8 pensata per gli appassionati di anime, i cosplayer e i collezionisti pi\u00f9 esigenti.<br \/>\nApprofitta di un'ampia scelta di armi SAO per rivivere ogni epico combattimento e completare la tua collezione in grande stile. In conclusione, l'universo di SAO ti aspetta con pezzi unici e ricchi di storia.<\/p>","protected":false},"excerpt":{"rendered":"<p>Superbo portachiavi SAO<\/p>\n<ul>\n<li>Caratteri su acrilico su entrambi i lati<\/li>\n<li>Catena, anello e moschettone in metallo<\/li>\n<li>Fornito in confezione blister<\/li>\n<li>Altezza: 5 cm - Larghezza: 6 cm<\/li>\n<li>Lunghezza totale con catena e anello: 10 cm<\/li>\n<\/ul>","protected":false},"featured_media":83733,"template":"","meta":[],"product_brand":[896],"product_cat":[96,53],"product_tag":[],"class_list":{"0":"post-83732","1":"product","2":"type-product","3":"status-publish","4":"has-post-thumbnail","6":"product_brand-replique-manga-cine","7":"product_cat-porte-cles-goodies","8":"product_cat-epee-sword-art-online","10":"first","11":"instock","12":"taxable","13":"shipping-taxable","14":"purchasable","15":"product-type-simple"},"yoast_head":"<!-- This site is optimized with the Yoast SEO plugin v27.4 - https:\/\/yoast.com\/product\/yoast-seo-wordpress\/ -->\n<title>Porte-cl\u00e9s SAO - Sword Art Online - R\u00e9plique Manga Cin\u00e9<\/title>\n<meta name=\"description\" content=\"Porte-cl\u00e9s SAO (Sword Art Online) en acrylique double face avec Kirito et Asuna. Cha\u00eenette, anneau, mousqueton m\u00e9tal. Livr\u00e9 en blister vitrine.\" \/>\n<meta name=\"robots\" content=\"index, follow, max-snippet:-1, max-image-preview:large, max-video-preview:-1\" \/>\n<link rel=\"canonical\" href=\"https:\/\/repliquemangacine.fr\/it\/portachiavi\/portachiavi-sao-sword-art-online\/\" \/>\n<meta property=\"og:locale\" content=\"it_IT\" \/>\n<meta property=\"og:type\" content=\"article\" \/>\n<meta property=\"og:title\" content=\"Porte-cl\u00e9s SAO - Sword Art Online - R\u00e9plique Manga Cin\u00e9\" \/>\n<meta property=\"og:description\" content=\"Porte-cl\u00e9s SAO (Sword Art Online) en acrylique double face avec Kirito et Asuna. Cha\u00eenette, anneau, mousqueton m\u00e9tal. Livr\u00e9 en blister vitrine.\" \/>\n<meta property=\"og:url\" content=\"https:\/\/repliquemangacine.fr\/it\/portachiavi\/portachiavi-sao-sword-art-online\/\" \/>\n<meta property=\"og:site_name\" content=\"R\u00e9plique Manga Cin\u00e9\" \/>\n<meta property=\"article:publisher\" content=\"https:\/\/www.facebook.com\/RepliqueMangaCine\" \/>\n<meta property=\"article:modified_time\" content=\"2025-11-13T00:02:58+00:00\" \/>\n<meta property=\"og:image\" content=\"https:\/\/repliquemangacine.fr\/wp-content\/uploads\/2025\/04\/porte-cles-sword-art-online.jpg\" \/>\n\t<meta property=\"og:image:width\" content=\"500\" \/>\n\t<meta property=\"og:image:height\" content=\"500\" \/>\n\t<meta property=\"og:image:type\" content=\"image\/jpeg\" \/>\n<meta name=\"twitter:card\" content=\"summary_large_image\" \/>\n<meta name=\"twitter:label1\" content=\"Tempo di lettura stimato\" \/>\n\t<meta name=\"twitter:data1\" content=\"2 minuti\" \/>\n<script type=\"application\/ld+json\" class=\"yoast-schema-graph\">{\"@context\":\"https:\\\/\\\/schema.org\",\"@graph\":[{\"@type\":\"WebPage\",\"@id\":\"https:\\\/\\\/repliquemangacine.fr\\\/porte-cles-goodies\\\/porte-cles-sao-sword-art-online\\\/\",\"url\":\"https:\\\/\\\/repliquemangacine.fr\\\/porte-cles-goodies\\\/porte-cles-sao-sword-art-online\\\/\",\"name\":\"Porte-cl\u00e9s SAO - Sword Art Online - R\u00e9plique Manga Cin\u00e9\",\"isPartOf\":{\"@id\":\"https:\\\/\\\/repliquemangacine.fr\\\/#website\"},\"primaryImageOfPage\":{\"@id\":\"https:\\\/\\\/repliquemangacine.fr\\\/porte-cles-goodies\\\/porte-cles-sao-sword-art-online\\\/#primaryimage\"},\"image\":{\"@id\":\"https:\\\/\\\/repliquemangacine.fr\\\/porte-cles-goodies\\\/porte-cles-sao-sword-art-online\\\/#primaryimage\"},\"thumbnailUrl\":\"https:\\\/\\\/repliquemangacine.fr\\\/wp-content\\\/uploads\\\/2025\\\/04\\\/porte-cles-sword-art-online.jpg\",\"datePublished\":\"2025-04-21T14:58:11+00:00\",\"dateModified\":\"2025-11-13T00:02:58+00:00\",\"description\":\"Porte-cl\u00e9s SAO (Sword Art Online) en acrylique double face avec Kirito et Asuna. Cha\u00eenette, anneau, mousqueton m\u00e9tal. Livr\u00e9 en blister vitrine.\",\"breadcrumb\":{\"@id\":\"https:\\\/\\\/repliquemangacine.fr\\\/porte-cles-goodies\\\/porte-cles-sao-sword-art-online\\\/#breadcrumb\"},\"inLanguage\":\"it-IT\",\"potentialAction\":[{\"@type\":\"ReadAction\",\"target\":[\"https:\\\/\\\/repliquemangacine.fr\\\/porte-cles-goodies\\\/porte-cles-sao-sword-art-online\\\/\"]}]},{\"@type\":\"ImageObject\",\"inLanguage\":\"it-IT\",\"@id\":\"https:\\\/\\\/repliquemangacine.fr\\\/porte-cles-goodies\\\/porte-cles-sao-sword-art-online\\\/#primaryimage\",\"url\":\"https:\\\/\\\/repliquemangacine.fr\\\/wp-content\\\/uploads\\\/2025\\\/04\\\/porte-cles-sword-art-online.jpg\",\"contentUrl\":\"https:\\\/\\\/repliquemangacine.fr\\\/wp-content\\\/uploads\\\/2025\\\/04\\\/porte-cles-sword-art-online.jpg\",\"width\":500,\"height\":500,\"caption\":\"Porte-cl\u00e9s SAO - Sword Art Online\"},{\"@type\":\"BreadcrumbList\",\"@id\":\"https:\\\/\\\/repliquemangacine.fr\\\/porte-cles-goodies\\\/porte-cles-sao-sword-art-online\\\/#breadcrumb\",\"itemListElement\":[{\"@type\":\"ListItem\",\"position\":1,\"name\":\"Accueil\",\"item\":\"https:\\\/\\\/repliquemangacine.fr\\\/\"},{\"@type\":\"ListItem\",\"position\":2,\"name\":\"Produits\",\"item\":\"https:\\\/\\\/repliquemangacine.fr\\\/boutique\\\/\"},{\"@type\":\"ListItem\",\"position\":3,\"name\":\"Porte-cl\u00e9s SAO &#8211; Sword Art Online\"}]},{\"@type\":\"WebSite\",\"@id\":\"https:\\\/\\\/repliquemangacine.fr\\\/#website\",\"url\":\"https:\\\/\\\/repliquemangacine.fr\\\/\",\"name\":\"R\u00e9plique Manga Cin\u00e9\",\"description\":\"\",\"publisher\":{\"@id\":\"https:\\\/\\\/repliquemangacine.fr\\\/#organization\"},\"potentialAction\":[{\"@type\":\"SearchAction\",\"target\":{\"@type\":\"EntryPoint\",\"urlTemplate\":\"https:\\\/\\\/repliquemangacine.fr\\\/?s={search_term_string}\"},\"query-input\":{\"@type\":\"PropertyValueSpecification\",\"valueRequired\":true,\"valueName\":\"search_term_string\"}}],\"inLanguage\":\"it-IT\"},{\"@type\":\"Organization\",\"@id\":\"https:\\\/\\\/repliquemangacine.fr\\\/#organization\",\"name\":\"R\u00e9plique Manga Cin\u00e9\",\"url\":\"https:\\\/\\\/repliquemangacine.fr\\\/\",\"logo\":{\"@type\":\"ImageObject\",\"inLanguage\":\"it-IT\",\"@id\":\"https:\\\/\\\/repliquemangacine.fr\\\/#\\\/schema\\\/logo\\\/image\\\/\",\"url\":\"https:\\\/\\\/repliquemangacine.fr\\\/wp-content\\\/uploads\\\/2023\\\/10\\\/RMC-500250.png\",\"contentUrl\":\"https:\\\/\\\/repliquemangacine.fr\\\/wp-content\\\/uploads\\\/2023\\\/10\\\/RMC-500250.png\",\"width\":500,\"height\":250,\"caption\":\"R\u00e9plique Manga Cin\u00e9\"},\"image\":{\"@id\":\"https:\\\/\\\/repliquemangacine.fr\\\/#\\\/schema\\\/logo\\\/image\\\/\"},\"sameAs\":[\"https:\\\/\\\/www.facebook.com\\\/RepliqueMangaCine\",\"https:\\\/\\\/www.instagram.com\\\/repliquemangacine.fr\\\/\"]}]}<\/script>\n<!-- \/ Yoast SEO plugin. -->","yoast_head_json":{"title":"Portachiavi SAO - Sword Art Online - R\u00e9plique Manga Cin\u00e9","description":"Portachiavi in acrilico bifacciale SAO (Sword Art Online) con Kirito e Asuna. Catena, anello e moschettone in metallo. Fornito in confezione blister.","robots":{"index":"index","follow":"follow","max-snippet":"max-snippet:-1","max-image-preview":"max-image-preview:large","max-video-preview":"max-video-preview:-1"},"canonical":"https:\/\/repliquemangacine.fr\/it\/portachiavi\/portachiavi-sao-sword-art-online\/","og_locale":"it_IT","og_type":"article","og_title":"Porte-cl\u00e9s SAO - Sword Art Online - R\u00e9plique Manga Cin\u00e9","og_description":"Porte-cl\u00e9s SAO (Sword Art Online) en acrylique double face avec Kirito et Asuna. Cha\u00eenette, anneau, mousqueton m\u00e9tal. Livr\u00e9 en blister vitrine.","og_url":"https:\/\/repliquemangacine.fr\/it\/portachiavi\/portachiavi-sao-sword-art-online\/","og_site_name":"R\u00e9plique Manga Cin\u00e9","article_publisher":"https:\/\/www.facebook.com\/RepliqueMangaCine","article_modified_time":"2025-11-13T00:02:58+00:00","og_image":[{"width":500,"height":500,"url":"https:\/\/repliquemangacine.fr\/wp-content\/uploads\/2025\/04\/porte-cles-sword-art-online.jpg","type":"image\/jpeg"}],"twitter_card":"summary_large_image","twitter_misc":{"Tempo di lettura stimato":"2 minuti"},"schema":{"@context":"https:\/\/schema.org","@graph":[{"@type":"WebPage","@id":"https:\/\/repliquemangacine.fr\/porte-cles-goodies\/porte-cles-sao-sword-art-online\/","url":"https:\/\/repliquemangacine.fr\/porte-cles-goodies\/porte-cles-sao-sword-art-online\/","name":"Portachiavi SAO - Sword Art Online - R\u00e9plique Manga Cin\u00e9","isPartOf":{"@id":"https:\/\/repliquemangacine.fr\/#website"},"primaryImageOfPage":{"@id":"https:\/\/repliquemangacine.fr\/porte-cles-goodies\/porte-cles-sao-sword-art-online\/#primaryimage"},"image":{"@id":"https:\/\/repliquemangacine.fr\/porte-cles-goodies\/porte-cles-sao-sword-art-online\/#primaryimage"},"thumbnailUrl":"https:\/\/repliquemangacine.fr\/wp-content\/uploads\/2025\/04\/porte-cles-sword-art-online.jpg","datePublished":"2025-04-21T14:58:11+00:00","dateModified":"2025-11-13T00:02:58+00:00","description":"Portachiavi in acrilico bifacciale SAO (Sword Art Online) con Kirito e Asuna. Catena, anello e moschettone in metallo. Fornito in confezione blister.","breadcrumb":{"@id":"https:\/\/repliquemangacine.fr\/porte-cles-goodies\/porte-cles-sao-sword-art-online\/#breadcrumb"},"inLanguage":"it-IT","potentialAction":[{"@type":"ReadAction","target":["https:\/\/repliquemangacine.fr\/porte-cles-goodies\/porte-cles-sao-sword-art-online\/"]}]},{"@type":"ImageObject","inLanguage":"it-IT","@id":"https:\/\/repliquemangacine.fr\/porte-cles-goodies\/porte-cles-sao-sword-art-online\/#primaryimage","url":"https:\/\/repliquemangacine.fr\/wp-content\/uploads\/2025\/04\/porte-cles-sword-art-online.jpg","contentUrl":"https:\/\/repliquemangacine.fr\/wp-content\/uploads\/2025\/04\/porte-cles-sword-art-online.jpg","width":500,"height":500,"caption":"Porte-cl\u00e9s SAO - Sword Art Online"},{"@type":"BreadcrumbList","@id":"https:\/\/repliquemangacine.fr\/porte-cles-goodies\/porte-cles-sao-sword-art-online\/#breadcrumb","itemListElement":[{"@type":"ListItem","position":1,"name":"Accueil","item":"https:\/\/repliquemangacine.fr\/"},{"@type":"ListItem","position":2,"name":"Produits","item":"https:\/\/repliquemangacine.fr\/boutique\/"},{"@type":"ListItem","position":3,"name":"Porte-cl\u00e9s SAO &#8211; Sword Art Online"}]},{"@type":"WebSite","@id":"https:\/\/repliquemangacine.fr\/#website","url":"https:\/\/repliquemangacine.fr\/","name":"R\u00e9plique Manga Cin\u00e9","description":"","publisher":{"@id":"https:\/\/repliquemangacine.fr\/#organization"},"potentialAction":[{"@type":"SearchAction","target":{"@type":"EntryPoint","urlTemplate":"https:\/\/repliquemangacine.fr\/?s={search_term_string}"},"query-input":{"@type":"PropertyValueSpecification","valueRequired":true,"valueName":"search_term_string"}}],"inLanguage":"it-IT"},{"@type":"Organization","@id":"https:\/\/repliquemangacine.fr\/#organization","name":"R\u00e9plique Manga Cin\u00e9","url":"https:\/\/repliquemangacine.fr\/","logo":{"@type":"ImageObject","inLanguage":"it-IT","@id":"https:\/\/repliquemangacine.fr\/#\/schema\/logo\/image\/","url":"https:\/\/repliquemangacine.fr\/wp-content\/uploads\/2023\/10\/RMC-500250.png","contentUrl":"https:\/\/repliquemangacine.fr\/wp-content\/uploads\/2023\/10\/RMC-500250.png","width":500,"height":250,"caption":"R\u00e9plique Manga Cin\u00e9"},"image":{"@id":"https:\/\/repliquemangacine.fr\/#\/schema\/logo\/image\/"},"sameAs":["https:\/\/www.facebook.com\/RepliqueMangaCine","https:\/\/www.instagram.com\/repliquemangacine.fr\/"]}]}},"_links":{"self":[{"href":"https:\/\/repliquemangacine.fr\/it\/wp-json\/wp\/v2\/product\/83732","targetHints":{"allow":["GET"]}}],"collection":[{"href":"https:\/\/repliquemangacine.fr\/it\/wp-json\/wp\/v2\/product"}],"about":[{"href":"https:\/\/repliquemangacine.fr\/it\/wp-json\/wp\/v2\/types\/product"}],"wp:featuredmedia":[{"embeddable":true,"href":"https:\/\/repliquemangacine.fr\/it\/wp-json\/wp\/v2\/media\/83733"}],"wp:attachment":[{"href":"https:\/\/repliquemangacine.fr\/it\/wp-json\/wp\/v2\/media?parent=83732"}],"wp:term":[{"taxonomy":"product_brand","embeddable":true,"href":"https:\/\/repliquemangacine.fr\/it\/wp-json\/wp\/v2\/product_brand?post=83732"},{"taxonomy":"product_cat","embeddable":true,"href":"https:\/\/repliquemangacine.fr\/it\/wp-json\/wp\/v2\/product_cat?post=83732"},{"taxonomy":"product_tag","embeddable":true,"href":"https:\/\/repliquemangacine.fr\/it\/wp-json\/wp\/v2\/product_tag?post=83732"}],"curies":[{"name":"wp","href":"https:\/\/api.w.org\/{rel}","templated":true}]}}