





{"id":83729,"date":"2025-04-21T16:18:07","date_gmt":"2025-04-21T14:18:07","guid":{"rendered":"https:\/\/repliquemangacine.fr\/?post_type=product&#038;p=83729"},"modified":"2026-03-13T11:45:45","modified_gmt":"2026-03-13T10:45:45","slug":"portachiavi-assassins-creed-con-bandiera-nera","status":"publish","type":"product","link":"https:\/\/repliquemangacine.fr\/it\/porte-cles-goodies\/porte-cles-black-flag-assassins-creed\/","title":{"rendered":"Portachiavi Black Flag - Assassin's Creed"},"content":{"rendered":"<h2>Portachiavi Black Flag Assassin's Creed - Il simbolo della libert\u00e0 dei pirati<\/h2>\n<p>Iniziate a dimostrare la vostra fedelt\u00e0 alla Confraternita con questo portachiavi di Black Flag Assassin's Creed. Il design unico combina un logo con una testa di uccello stilizzata. Un riferimento diretto al mondo della pirateria e all'anima ribelle di Assassin's Creed.<a href=\"https:\/\/assassinscreed.fandom.com\/fr\/wiki\/Edward_Kenway\" target=\"_blank\" rel=\"noopener noreferrer\">Edward Kenway<\/a>. Realizzato con cura, unisce estetica, robustezza e facilit\u00e0 di aggancio grazie al suo anello in metallo. Perfetto per i fan dell'universo di Assassin's Creed e per chi ama lo stile piratesco rivisitato. Un accessorio discreto ma significativo, da appendere ovunque, per rivendicare la tua appartenenza alla Confraternita.<\/p>\n<p>Edward Kenway, giovane gallese impetuoso, nato il 10 marzo 1693. Figlio di padre inglese, Bernard Kenway di Manchester, e madre gallese, Linette Hopkins di Cardiff, entrambi di estrazione operaia. All'et\u00e0 di dieci anni la sua famiglia si trasfer\u00ec a Bristol, nel sud-ovest dell'Inghilterra, per vivere in una fattoria. I suoi genitori erano orgogliosi della loro vita modesta e onesta. Ma Edward visse molto male questo sradicamento e divenne sempre pi\u00f9 ribelle. A 17 anni trascorreva la maggior parte del tempo in compagnia dei ragazzi malfamati della citt\u00e0, con i quali si cacciava in ogni sorta di guai.<\/p>\n<h2>Immergiti nel mondo di Assassin's Creed con le migliori linee su R\u00e9plique Manga Cin\u00e9<\/h2>\n<p>Su R\u00e9plique Manga Cin\u00e9 troverete le migliori battute di Assassin's Creed tratte dai capitoli cult della saga. Per i fan di Ezio, il famoso <a href=\"https:\/\/repliquemangacine.fr\/it\/guanti-assassins-creed\/guanto-di-sfida-ezio-assassins-creed-brotherhood\/\">Guanto di sfida di Assassin's Creed Brotherhood<\/a> con lama nascosta \u00e8 un must. Preferite la pirateria? Scegliete il <a href=\"https:\/\/repliquemangacine.fr\/it\/armi-di-assassins-creed\/edward-kenway-pistola-a-pietra-focaia-italiana-assassin-s-creed-iv\/\">La pistola a pietra focaia di Edward Kenway<\/a>direttamente da Assassin's Creed IV. A questo si aggiunge il <a href=\"https:\/\/repliquemangacine.fr\/it\/guanti-assassins-creed\/lama-nascosta-bandiera-nera-assassins-creed-gauntlet\/\">guanto pirata con lama segreta<\/a>utilizzato anche da Edward Kenway in Black Flag. Lo spirito di libert\u00e0 continua con il<a href=\"https:\/\/repliquemangacine.fr\/it\/armi-di-assassins-creed\/assassin-s-creed-odyssey-replica-lancia-spezzata-di-leonida\/\"> La lancia spezzata di Leonida<\/a>l'iconico personaggio di Assassin's Creed Odyssey. Per gli appassionati di combattimenti vichinghi, scoprite di pi\u00f9 su entrambi <a href=\"https:\/\/repliquemangacine.fr\/it\/armi-di-assassins-creed\/asce-assassins-creed-valhalla\/\">Asce di Eivor dal Valhalla<\/a>, tanto realistiche quanto impressionanti.<br \/>\nIl nostro negozio offre molte altre repliche fedeli, pensate per i collezionisti e gli appassionati di Assassin's Creed. In conclusione, un universo ricco da esplorare attraverso pezzi autentici e curati, per rivivere ogni avventura leggendaria.<\/p>","protected":false},"excerpt":{"rendered":"<p>Superbo portachiavi Black Flag in Assassin's creed<\/p>\n<ul>\n<li>Doppio portachiavi in metallo con logo + testa<\/li>\n<li>Catena e anello di metallo<\/li>\n<li>Fornito in confezione blister<\/li>\n<li>Altezza di ciascun elemento circa 5 cm<\/li>\n<\/ul>","protected":false},"featured_media":83730,"template":"","meta":[],"product_brand":[896],"product_cat":[48,96],"product_tag":[],"class_list":{"0":"post-83729","1":"product","2":"type-product","3":"status-publish","4":"has-post-thumbnail","6":"product_brand-replique-manga-cine","7":"product_cat-epees-assassins-creed-armes-assassins-creed","8":"product_cat-porte-cles-goodies","10":"first","11":"instock","12":"taxable","13":"shipping-taxable","14":"purchasable","15":"product-type-simple"},"yoast_head":"<!-- This site is optimized with the Yoast SEO plugin v27.4 - https:\/\/yoast.com\/product\/yoast-seo-wordpress\/ -->\n<title>Porte-cl\u00e9s Black Flag - Assassin&#039;s Creed - R\u00e9plique Manga Cin\u00e9<\/title>\n<meta name=\"description\" content=\"Porte-cl\u00e9s Black Flag Assassin\u2019s Creed avec logo + t\u00eate d\u2019oiseau. Id\u00e9al pour fans de pirates, de libert\u00e9 et de la Confr\u00e9rie !\" \/>\n<meta name=\"robots\" content=\"index, follow, max-snippet:-1, max-image-preview:large, max-video-preview:-1\" \/>\n<link rel=\"canonical\" href=\"https:\/\/repliquemangacine.fr\/it\/portachiavi\/portachiavi-assassins-creed-con-bandiera-nera\/\" \/>\n<meta property=\"og:locale\" content=\"it_IT\" \/>\n<meta property=\"og:type\" content=\"article\" \/>\n<meta property=\"og:title\" content=\"Porte-cl\u00e9s Black Flag - Assassin&#039;s Creed - R\u00e9plique Manga Cin\u00e9\" \/>\n<meta property=\"og:description\" content=\"Porte-cl\u00e9s Black Flag Assassin\u2019s Creed avec logo + t\u00eate d\u2019oiseau. Id\u00e9al pour fans de pirates, de libert\u00e9 et de la Confr\u00e9rie !\" \/>\n<meta property=\"og:url\" content=\"https:\/\/repliquemangacine.fr\/it\/portachiavi\/portachiavi-assassins-creed-con-bandiera-nera\/\" \/>\n<meta property=\"og:site_name\" content=\"R\u00e9plique Manga Cin\u00e9\" \/>\n<meta property=\"article:publisher\" content=\"https:\/\/www.facebook.com\/RepliqueMangaCine\" \/>\n<meta property=\"article:modified_time\" content=\"2026-03-13T10:45:45+00:00\" \/>\n<meta property=\"og:image\" content=\"https:\/\/repliquemangacine.fr\/wp-content\/uploads\/2025\/04\/porte-cles-assassin-creed.jpg\" \/>\n\t<meta property=\"og:image:width\" content=\"500\" \/>\n\t<meta property=\"og:image:height\" content=\"500\" \/>\n\t<meta property=\"og:image:type\" content=\"image\/jpeg\" \/>\n<meta name=\"twitter:card\" content=\"summary_large_image\" \/>\n<meta name=\"twitter:label1\" content=\"Tempo di lettura stimato\" \/>\n\t<meta name=\"twitter:data1\" content=\"2 minuti\" \/>\n<script type=\"application\/ld+json\" class=\"yoast-schema-graph\">{\"@context\":\"https:\\\/\\\/schema.org\",\"@graph\":[{\"@type\":\"WebPage\",\"@id\":\"https:\\\/\\\/repliquemangacine.fr\\\/porte-cles-goodies\\\/porte-cles-black-flag-assassins-creed\\\/\",\"url\":\"https:\\\/\\\/repliquemangacine.fr\\\/porte-cles-goodies\\\/porte-cles-black-flag-assassins-creed\\\/\",\"name\":\"Porte-cl\u00e9s Black Flag - Assassin's Creed - R\u00e9plique Manga Cin\u00e9\",\"isPartOf\":{\"@id\":\"https:\\\/\\\/repliquemangacine.fr\\\/#website\"},\"primaryImageOfPage\":{\"@id\":\"https:\\\/\\\/repliquemangacine.fr\\\/porte-cles-goodies\\\/porte-cles-black-flag-assassins-creed\\\/#primaryimage\"},\"image\":{\"@id\":\"https:\\\/\\\/repliquemangacine.fr\\\/porte-cles-goodies\\\/porte-cles-black-flag-assassins-creed\\\/#primaryimage\"},\"thumbnailUrl\":\"https:\\\/\\\/repliquemangacine.fr\\\/wp-content\\\/uploads\\\/2025\\\/04\\\/porte-cles-assassin-creed.jpg\",\"datePublished\":\"2025-04-21T14:18:07+00:00\",\"dateModified\":\"2026-03-13T10:45:45+00:00\",\"description\":\"Porte-cl\u00e9s Black Flag Assassin\u2019s Creed avec logo + t\u00eate d\u2019oiseau. Id\u00e9al pour fans de pirates, de libert\u00e9 et de la Confr\u00e9rie !\",\"breadcrumb\":{\"@id\":\"https:\\\/\\\/repliquemangacine.fr\\\/porte-cles-goodies\\\/porte-cles-black-flag-assassins-creed\\\/#breadcrumb\"},\"inLanguage\":\"it-IT\",\"potentialAction\":[{\"@type\":\"ReadAction\",\"target\":[\"https:\\\/\\\/repliquemangacine.fr\\\/porte-cles-goodies\\\/porte-cles-black-flag-assassins-creed\\\/\"]}]},{\"@type\":\"ImageObject\",\"inLanguage\":\"it-IT\",\"@id\":\"https:\\\/\\\/repliquemangacine.fr\\\/porte-cles-goodies\\\/porte-cles-black-flag-assassins-creed\\\/#primaryimage\",\"url\":\"https:\\\/\\\/repliquemangacine.fr\\\/wp-content\\\/uploads\\\/2025\\\/04\\\/porte-cles-assassin-creed.jpg\",\"contentUrl\":\"https:\\\/\\\/repliquemangacine.fr\\\/wp-content\\\/uploads\\\/2025\\\/04\\\/porte-cles-assassin-creed.jpg\",\"width\":500,\"height\":500,\"caption\":\"Porte-cl\u00e9s Black Flag Assassin's Creed\"},{\"@type\":\"BreadcrumbList\",\"@id\":\"https:\\\/\\\/repliquemangacine.fr\\\/porte-cles-goodies\\\/porte-cles-black-flag-assassins-creed\\\/#breadcrumb\",\"itemListElement\":[{\"@type\":\"ListItem\",\"position\":1,\"name\":\"Accueil\",\"item\":\"https:\\\/\\\/repliquemangacine.fr\\\/\"},{\"@type\":\"ListItem\",\"position\":2,\"name\":\"Produits\",\"item\":\"https:\\\/\\\/repliquemangacine.fr\\\/boutique\\\/\"},{\"@type\":\"ListItem\",\"position\":3,\"name\":\"Porte-cl\u00e9s Black Flag &#8211; Assassin&#8217;s Creed\"}]},{\"@type\":\"WebSite\",\"@id\":\"https:\\\/\\\/repliquemangacine.fr\\\/#website\",\"url\":\"https:\\\/\\\/repliquemangacine.fr\\\/\",\"name\":\"R\u00e9plique Manga Cin\u00e9\",\"description\":\"\",\"publisher\":{\"@id\":\"https:\\\/\\\/repliquemangacine.fr\\\/#organization\"},\"potentialAction\":[{\"@type\":\"SearchAction\",\"target\":{\"@type\":\"EntryPoint\",\"urlTemplate\":\"https:\\\/\\\/repliquemangacine.fr\\\/?s={search_term_string}\"},\"query-input\":{\"@type\":\"PropertyValueSpecification\",\"valueRequired\":true,\"valueName\":\"search_term_string\"}}],\"inLanguage\":\"it-IT\"},{\"@type\":\"Organization\",\"@id\":\"https:\\\/\\\/repliquemangacine.fr\\\/#organization\",\"name\":\"R\u00e9plique Manga Cin\u00e9\",\"url\":\"https:\\\/\\\/repliquemangacine.fr\\\/\",\"logo\":{\"@type\":\"ImageObject\",\"inLanguage\":\"it-IT\",\"@id\":\"https:\\\/\\\/repliquemangacine.fr\\\/#\\\/schema\\\/logo\\\/image\\\/\",\"url\":\"https:\\\/\\\/repliquemangacine.fr\\\/wp-content\\\/uploads\\\/2023\\\/10\\\/RMC-500250.png\",\"contentUrl\":\"https:\\\/\\\/repliquemangacine.fr\\\/wp-content\\\/uploads\\\/2023\\\/10\\\/RMC-500250.png\",\"width\":500,\"height\":250,\"caption\":\"R\u00e9plique Manga Cin\u00e9\"},\"image\":{\"@id\":\"https:\\\/\\\/repliquemangacine.fr\\\/#\\\/schema\\\/logo\\\/image\\\/\"},\"sameAs\":[\"https:\\\/\\\/www.facebook.com\\\/RepliqueMangaCine\",\"https:\\\/\\\/www.instagram.com\\\/repliquemangacine.fr\\\/\"]}]}<\/script>\n<!-- \/ Yoast SEO plugin. -->","yoast_head_json":{"title":"Portachiavi Black Flag - Assassin's Creed - R\u00e9plique Manga Cin\u00e9","description":"Portachiavi Black Flag Assassin's Creed con logo + testa di uccello. Ideale per i fan dei pirati, della libert\u00e0 e della Confraternita!","robots":{"index":"index","follow":"follow","max-snippet":"max-snippet:-1","max-image-preview":"max-image-preview:large","max-video-preview":"max-video-preview:-1"},"canonical":"https:\/\/repliquemangacine.fr\/it\/portachiavi\/portachiavi-assassins-creed-con-bandiera-nera\/","og_locale":"it_IT","og_type":"article","og_title":"Porte-cl\u00e9s Black Flag - Assassin's Creed - R\u00e9plique Manga Cin\u00e9","og_description":"Porte-cl\u00e9s Black Flag Assassin\u2019s Creed avec logo + t\u00eate d\u2019oiseau. Id\u00e9al pour fans de pirates, de libert\u00e9 et de la Confr\u00e9rie !","og_url":"https:\/\/repliquemangacine.fr\/it\/portachiavi\/portachiavi-assassins-creed-con-bandiera-nera\/","og_site_name":"R\u00e9plique Manga Cin\u00e9","article_publisher":"https:\/\/www.facebook.com\/RepliqueMangaCine","article_modified_time":"2026-03-13T10:45:45+00:00","og_image":[{"width":500,"height":500,"url":"https:\/\/repliquemangacine.fr\/wp-content\/uploads\/2025\/04\/porte-cles-assassin-creed.jpg","type":"image\/jpeg"}],"twitter_card":"summary_large_image","twitter_misc":{"Tempo di lettura stimato":"2 minuti"},"schema":{"@context":"https:\/\/schema.org","@graph":[{"@type":"WebPage","@id":"https:\/\/repliquemangacine.fr\/porte-cles-goodies\/porte-cles-black-flag-assassins-creed\/","url":"https:\/\/repliquemangacine.fr\/porte-cles-goodies\/porte-cles-black-flag-assassins-creed\/","name":"Portachiavi Black Flag - Assassin's Creed - R\u00e9plique Manga Cin\u00e9","isPartOf":{"@id":"https:\/\/repliquemangacine.fr\/#website"},"primaryImageOfPage":{"@id":"https:\/\/repliquemangacine.fr\/porte-cles-goodies\/porte-cles-black-flag-assassins-creed\/#primaryimage"},"image":{"@id":"https:\/\/repliquemangacine.fr\/porte-cles-goodies\/porte-cles-black-flag-assassins-creed\/#primaryimage"},"thumbnailUrl":"https:\/\/repliquemangacine.fr\/wp-content\/uploads\/2025\/04\/porte-cles-assassin-creed.jpg","datePublished":"2025-04-21T14:18:07+00:00","dateModified":"2026-03-13T10:45:45+00:00","description":"Portachiavi Black Flag Assassin's Creed con logo + testa di uccello. Ideale per i fan dei pirati, della libert\u00e0 e della Confraternita!","breadcrumb":{"@id":"https:\/\/repliquemangacine.fr\/porte-cles-goodies\/porte-cles-black-flag-assassins-creed\/#breadcrumb"},"inLanguage":"it-IT","potentialAction":[{"@type":"ReadAction","target":["https:\/\/repliquemangacine.fr\/porte-cles-goodies\/porte-cles-black-flag-assassins-creed\/"]}]},{"@type":"ImageObject","inLanguage":"it-IT","@id":"https:\/\/repliquemangacine.fr\/porte-cles-goodies\/porte-cles-black-flag-assassins-creed\/#primaryimage","url":"https:\/\/repliquemangacine.fr\/wp-content\/uploads\/2025\/04\/porte-cles-assassin-creed.jpg","contentUrl":"https:\/\/repliquemangacine.fr\/wp-content\/uploads\/2025\/04\/porte-cles-assassin-creed.jpg","width":500,"height":500,"caption":"Porte-cl\u00e9s Black Flag Assassin's Creed"},{"@type":"BreadcrumbList","@id":"https:\/\/repliquemangacine.fr\/porte-cles-goodies\/porte-cles-black-flag-assassins-creed\/#breadcrumb","itemListElement":[{"@type":"ListItem","position":1,"name":"Accueil","item":"https:\/\/repliquemangacine.fr\/"},{"@type":"ListItem","position":2,"name":"Produits","item":"https:\/\/repliquemangacine.fr\/boutique\/"},{"@type":"ListItem","position":3,"name":"Porte-cl\u00e9s Black Flag &#8211; Assassin&#8217;s Creed"}]},{"@type":"WebSite","@id":"https:\/\/repliquemangacine.fr\/#website","url":"https:\/\/repliquemangacine.fr\/","name":"R\u00e9plique Manga Cin\u00e9","description":"","publisher":{"@id":"https:\/\/repliquemangacine.fr\/#organization"},"potentialAction":[{"@type":"SearchAction","target":{"@type":"EntryPoint","urlTemplate":"https:\/\/repliquemangacine.fr\/?s={search_term_string}"},"query-input":{"@type":"PropertyValueSpecification","valueRequired":true,"valueName":"search_term_string"}}],"inLanguage":"it-IT"},{"@type":"Organization","@id":"https:\/\/repliquemangacine.fr\/#organization","name":"R\u00e9plique Manga Cin\u00e9","url":"https:\/\/repliquemangacine.fr\/","logo":{"@type":"ImageObject","inLanguage":"it-IT","@id":"https:\/\/repliquemangacine.fr\/#\/schema\/logo\/image\/","url":"https:\/\/repliquemangacine.fr\/wp-content\/uploads\/2023\/10\/RMC-500250.png","contentUrl":"https:\/\/repliquemangacine.fr\/wp-content\/uploads\/2023\/10\/RMC-500250.png","width":500,"height":250,"caption":"R\u00e9plique Manga Cin\u00e9"},"image":{"@id":"https:\/\/repliquemangacine.fr\/#\/schema\/logo\/image\/"},"sameAs":["https:\/\/www.facebook.com\/RepliqueMangaCine","https:\/\/www.instagram.com\/repliquemangacine.fr\/"]}]}},"_links":{"self":[{"href":"https:\/\/repliquemangacine.fr\/it\/wp-json\/wp\/v2\/product\/83729","targetHints":{"allow":["GET"]}}],"collection":[{"href":"https:\/\/repliquemangacine.fr\/it\/wp-json\/wp\/v2\/product"}],"about":[{"href":"https:\/\/repliquemangacine.fr\/it\/wp-json\/wp\/v2\/types\/product"}],"wp:featuredmedia":[{"embeddable":true,"href":"https:\/\/repliquemangacine.fr\/it\/wp-json\/wp\/v2\/media\/83730"}],"wp:attachment":[{"href":"https:\/\/repliquemangacine.fr\/it\/wp-json\/wp\/v2\/media?parent=83729"}],"wp:term":[{"taxonomy":"product_brand","embeddable":true,"href":"https:\/\/repliquemangacine.fr\/it\/wp-json\/wp\/v2\/product_brand?post=83729"},{"taxonomy":"product_cat","embeddable":true,"href":"https:\/\/repliquemangacine.fr\/it\/wp-json\/wp\/v2\/product_cat?post=83729"},{"taxonomy":"product_tag","embeddable":true,"href":"https:\/\/repliquemangacine.fr\/it\/wp-json\/wp\/v2\/product_tag?post=83729"}],"curies":[{"name":"wp","href":"https:\/\/api.w.org\/{rel}","templated":true}]}}