





{"id":83722,"date":"2025-04-21T15:41:49","date_gmt":"2025-04-21T13:41:49","guid":{"rendered":"https:\/\/repliquemangacine.fr\/?post_type=product&#038;p=83722"},"modified":"2025-11-13T01:05:06","modified_gmt":"2025-11-13T00:05:06","slug":"portachiavi-meliodas-chibi-sette-peccati-capitali","status":"publish","type":"product","link":"https:\/\/repliquemangacine.fr\/it\/epees-seven-deadly-sins\/porte-cles-meliodas-chibi-seven-deadly-sins\/","title":{"rendered":"Portachiavi Meliodas Chibi - Sette peccati capitali"},"content":{"rendered":"<h2>Portachiavi Meliodas Chibi - L'umorismo e il potere dei sette peccati capitali<\/h2>\n<p>Questo adorabile portachiavi raffigura Meliodas, il capo dei Seven Deadly Sins, in una versione chibi piena di fascino. Il suo stile kawaii e le finiture accurate lo rendono un accessorio perfetto per i fan dell'anime. Leggero e resistente, si aggancia facilmente grazie al suo anello solido e al moschettone metallico. Meliodas, nonostante il suo aspetto infantile, \u00e8 un guerriero temibile dotato di un carisma senza pari.<br \/>\nLo trovate qui in formato mini da portare sempre con voi! Ideale come piccolo regalo o per ampliare la vostra collezione di gadget manga.<\/p>\n<p>Il <a href=\"https:\/\/seven-deadly-sins.fandom.com\/fr\/wiki\/Seven_Deadly_Sins\" target=\"_blank\" rel=\"noopener noreferrer\">I sette peccati capitali<\/a> sono il pi\u00f9 potente, efficace e temibile ordine di Cavalieri Sacri del Regno di Liones. Il loro gruppo \u00e8 composto da sette \"peccatori innocenti\" ispirati ai Peccati Capitali attribuiti agli umani, e ogni membro ha un diverso \"simbolo bestiale\" tatuato sulla pelle. Sono i principali protagonisti della serie.<\/p>\n<h2>L'universo dei Sette Peccati Capitali al R\u00e9plique Manga Cin\u00e9: repliche, accessori e immersione totale<\/h2>\n<p>All'R\u00e9plique Manga Cin\u00e9, Seven Deadly Sins prende vita con una selezione esclusiva di oggetti di culto. Oltre al portachiavi, scoprite la replica del<a href=\"https:\/\/repliquemangacine.fr\/it\/spade-dei-sette-peccati-capitali\/meliodas-spada-tesoro-sacro-lostvayne\/\">Spada Lostvayne<\/a>il Demon Slicer. C'\u00e8 anche il<a href=\"https:\/\/repliquemangacine.fr\/it\/spade-dei-sette-peccati-capitali\/spada-del-drago-di-meliodas\/\">spada del drago<\/a> o la spada spezzata di Meliodas, con la sua impugnatura metallica dalla forma particolare, increspata come le scaglie di un drago. Cos\u00ec come la<a href=\"https:\/\/repliquemangacine.fr\/it\/spade-dei-sette-peccati-capitali\/la-spada-di-liz-nei-sette-peccati-capitali\/\">La spada di Liz<\/a> consegnato a M\u00e9liodas. Chicche per i fan <a href=\"https:\/\/repliquemangacine.fr\/it\/spade-dei-sette-peccati-capitali\/drago-meliodas-sette-peccati-capitali-box-set\/\">questa scatola di draghi<\/a> 10 pezzi in acciaio. Comprende: Lancia Chastiefol di King, Ascia Rhitta di Escanor, Ascia martello Gideon di Diane e La spada del drago...<\/p>\n<p>In conclusione, combinando i tuoi accessori, puoi ricreare la vera atmosfera di 100% Seven Deadly Sins a casa o in ufficio. Colleziona, mostra e vivi la tua passione con stile grazie ai nostri prodotti accuratamente selezionati per tutti gli appassionati di questo universo.<\/p>","protected":false},"excerpt":{"rendered":"<p>Superbo portachiavi M\u00e9liodas Chibi<\/p>\n<ul>\n<li>Carattere acrilico su ogni lato<\/li>\n<li>Moschettone e catena in metallo<\/li>\n<li>Altezza: 5 cm - Larghezza: 2,5 cm<\/li>\n<li>Lunghezza totale con catena e moschettone: 10 cm<\/li>\n<\/ul>","protected":false},"featured_media":83725,"template":"","meta":[],"product_brand":[896],"product_cat":[96,110],"product_tag":[],"class_list":{"0":"post-83722","1":"product","2":"type-product","3":"status-publish","4":"has-post-thumbnail","6":"product_brand-replique-manga-cine","7":"product_cat-porte-cles-goodies","8":"product_cat-epees-seven-deadly-sins","10":"first","11":"instock","12":"taxable","13":"shipping-taxable","14":"purchasable","15":"product-type-simple"},"yoast_head":"<!-- This site is optimized with the Yoast SEO plugin v27.3 - https:\/\/yoast.com\/product\/yoast-seo-wordpress\/ -->\n<title>Porte-cl\u00e9s Meliodas Chibi \u2013 Seven Deadly Sins - R\u00e9plique Manga Cin\u00e9<\/title>\n<meta name=\"description\" content=\"Porte-cl\u00e9s Meliodas version chibi. Fun, mignon et pratique pour tous les fans de Seven Deadly Sins. Un accessoire \u00e0 collectionner d\u2019urgence !\" \/>\n<meta name=\"robots\" content=\"index, follow, max-snippet:-1, max-image-preview:large, max-video-preview:-1\" \/>\n<link rel=\"canonical\" href=\"https:\/\/repliquemangacine.fr\/it\/spade-dei-sette-peccati-capitali\/portachiavi-meliodas-chibi-sette-peccati-capitali\/\" \/>\n<meta property=\"og:locale\" content=\"it_IT\" \/>\n<meta property=\"og:type\" content=\"article\" \/>\n<meta property=\"og:title\" content=\"Porte-cl\u00e9s Meliodas Chibi \u2013 Seven Deadly Sins - R\u00e9plique Manga Cin\u00e9\" \/>\n<meta property=\"og:description\" content=\"Porte-cl\u00e9s Meliodas version chibi. Fun, mignon et pratique pour tous les fans de Seven Deadly Sins. Un accessoire \u00e0 collectionner d\u2019urgence !\" \/>\n<meta property=\"og:url\" content=\"https:\/\/repliquemangacine.fr\/it\/spade-dei-sette-peccati-capitali\/portachiavi-meliodas-chibi-sette-peccati-capitali\/\" \/>\n<meta property=\"og:site_name\" content=\"R\u00e9plique Manga Cin\u00e9\" \/>\n<meta property=\"article:publisher\" content=\"https:\/\/www.facebook.com\/RepliqueMangaCine\" \/>\n<meta property=\"article:modified_time\" content=\"2025-11-13T00:05:06+00:00\" \/>\n<meta property=\"og:image\" content=\"https:\/\/repliquemangacine.fr\/wp-content\/uploads\/2025\/04\/Porte-cles-Meliodas-Chibi.jpg\" \/>\n\t<meta property=\"og:image:width\" content=\"500\" \/>\n\t<meta property=\"og:image:height\" content=\"500\" \/>\n\t<meta property=\"og:image:type\" content=\"image\/jpeg\" \/>\n<meta name=\"twitter:card\" content=\"summary_large_image\" \/>\n<meta name=\"twitter:label1\" content=\"Tempo di lettura stimato\" \/>\n\t<meta name=\"twitter:data1\" content=\"2 minuti\" \/>\n<script type=\"application\/ld+json\" class=\"yoast-schema-graph\">{\"@context\":\"https:\\\/\\\/schema.org\",\"@graph\":[{\"@type\":\"WebPage\",\"@id\":\"https:\\\/\\\/repliquemangacine.fr\\\/epees-seven-deadly-sins\\\/porte-cles-meliodas-chibi-seven-deadly-sins\\\/\",\"url\":\"https:\\\/\\\/repliquemangacine.fr\\\/epees-seven-deadly-sins\\\/porte-cles-meliodas-chibi-seven-deadly-sins\\\/\",\"name\":\"Porte-cl\u00e9s Meliodas Chibi \u2013 Seven Deadly Sins - R\u00e9plique Manga Cin\u00e9\",\"isPartOf\":{\"@id\":\"https:\\\/\\\/repliquemangacine.fr\\\/#website\"},\"primaryImageOfPage\":{\"@id\":\"https:\\\/\\\/repliquemangacine.fr\\\/epees-seven-deadly-sins\\\/porte-cles-meliodas-chibi-seven-deadly-sins\\\/#primaryimage\"},\"image\":{\"@id\":\"https:\\\/\\\/repliquemangacine.fr\\\/epees-seven-deadly-sins\\\/porte-cles-meliodas-chibi-seven-deadly-sins\\\/#primaryimage\"},\"thumbnailUrl\":\"https:\\\/\\\/repliquemangacine.fr\\\/wp-content\\\/uploads\\\/2025\\\/04\\\/Porte-cles-Meliodas-Chibi.jpg\",\"datePublished\":\"2025-04-21T13:41:49+00:00\",\"dateModified\":\"2025-11-13T00:05:06+00:00\",\"description\":\"Porte-cl\u00e9s Meliodas version chibi. Fun, mignon et pratique pour tous les fans de Seven Deadly Sins. Un accessoire \u00e0 collectionner d\u2019urgence !\",\"breadcrumb\":{\"@id\":\"https:\\\/\\\/repliquemangacine.fr\\\/epees-seven-deadly-sins\\\/porte-cles-meliodas-chibi-seven-deadly-sins\\\/#breadcrumb\"},\"inLanguage\":\"it-IT\",\"potentialAction\":[{\"@type\":\"ReadAction\",\"target\":[\"https:\\\/\\\/repliquemangacine.fr\\\/epees-seven-deadly-sins\\\/porte-cles-meliodas-chibi-seven-deadly-sins\\\/\"]}]},{\"@type\":\"ImageObject\",\"inLanguage\":\"it-IT\",\"@id\":\"https:\\\/\\\/repliquemangacine.fr\\\/epees-seven-deadly-sins\\\/porte-cles-meliodas-chibi-seven-deadly-sins\\\/#primaryimage\",\"url\":\"https:\\\/\\\/repliquemangacine.fr\\\/wp-content\\\/uploads\\\/2025\\\/04\\\/Porte-cles-Meliodas-Chibi.jpg\",\"contentUrl\":\"https:\\\/\\\/repliquemangacine.fr\\\/wp-content\\\/uploads\\\/2025\\\/04\\\/Porte-cles-Meliodas-Chibi.jpg\",\"width\":500,\"height\":500,\"caption\":\"Porte-cl\u00e9s M\u00e9liodas Chibi\"},{\"@type\":\"BreadcrumbList\",\"@id\":\"https:\\\/\\\/repliquemangacine.fr\\\/epees-seven-deadly-sins\\\/porte-cles-meliodas-chibi-seven-deadly-sins\\\/#breadcrumb\",\"itemListElement\":[{\"@type\":\"ListItem\",\"position\":1,\"name\":\"Accueil\",\"item\":\"https:\\\/\\\/repliquemangacine.fr\\\/\"},{\"@type\":\"ListItem\",\"position\":2,\"name\":\"Produits\",\"item\":\"https:\\\/\\\/repliquemangacine.fr\\\/boutique\\\/\"},{\"@type\":\"ListItem\",\"position\":3,\"name\":\"Porte-cl\u00e9s Meliodas Chibi \u2013 Seven Deadly Sins\"}]},{\"@type\":\"WebSite\",\"@id\":\"https:\\\/\\\/repliquemangacine.fr\\\/#website\",\"url\":\"https:\\\/\\\/repliquemangacine.fr\\\/\",\"name\":\"R\u00e9plique Manga Cin\u00e9\",\"description\":\"\",\"publisher\":{\"@id\":\"https:\\\/\\\/repliquemangacine.fr\\\/#organization\"},\"potentialAction\":[{\"@type\":\"SearchAction\",\"target\":{\"@type\":\"EntryPoint\",\"urlTemplate\":\"https:\\\/\\\/repliquemangacine.fr\\\/?s={search_term_string}\"},\"query-input\":{\"@type\":\"PropertyValueSpecification\",\"valueRequired\":true,\"valueName\":\"search_term_string\"}}],\"inLanguage\":\"it-IT\"},{\"@type\":\"Organization\",\"@id\":\"https:\\\/\\\/repliquemangacine.fr\\\/#organization\",\"name\":\"R\u00e9plique Manga Cin\u00e9\",\"url\":\"https:\\\/\\\/repliquemangacine.fr\\\/\",\"logo\":{\"@type\":\"ImageObject\",\"inLanguage\":\"it-IT\",\"@id\":\"https:\\\/\\\/repliquemangacine.fr\\\/#\\\/schema\\\/logo\\\/image\\\/\",\"url\":\"https:\\\/\\\/repliquemangacine.fr\\\/wp-content\\\/uploads\\\/2023\\\/10\\\/RMC-500250.png\",\"contentUrl\":\"https:\\\/\\\/repliquemangacine.fr\\\/wp-content\\\/uploads\\\/2023\\\/10\\\/RMC-500250.png\",\"width\":500,\"height\":250,\"caption\":\"R\u00e9plique Manga Cin\u00e9\"},\"image\":{\"@id\":\"https:\\\/\\\/repliquemangacine.fr\\\/#\\\/schema\\\/logo\\\/image\\\/\"},\"sameAs\":[\"https:\\\/\\\/www.facebook.com\\\/RepliqueMangaCine\",\"https:\\\/\\\/www.instagram.com\\\/repliquemangacine.fr\\\/\"]}]}<\/script>\n<!-- \/ Yoast SEO plugin. -->","yoast_head_json":{"title":"Portachiavi Chibi Meliodas - Sette peccati capitali - R\u00e9plique Manga Cin\u00e9","description":"Portachiavi Meliodas, versione chibi. Divertente, carino e pratico per tutti i fan di Seven Deadly Sins. Un accessorio imperdibile!","robots":{"index":"index","follow":"follow","max-snippet":"max-snippet:-1","max-image-preview":"max-image-preview:large","max-video-preview":"max-video-preview:-1"},"canonical":"https:\/\/repliquemangacine.fr\/it\/spade-dei-sette-peccati-capitali\/portachiavi-meliodas-chibi-sette-peccati-capitali\/","og_locale":"it_IT","og_type":"article","og_title":"Porte-cl\u00e9s Meliodas Chibi \u2013 Seven Deadly Sins - R\u00e9plique Manga Cin\u00e9","og_description":"Porte-cl\u00e9s Meliodas version chibi. Fun, mignon et pratique pour tous les fans de Seven Deadly Sins. Un accessoire \u00e0 collectionner d\u2019urgence !","og_url":"https:\/\/repliquemangacine.fr\/it\/spade-dei-sette-peccati-capitali\/portachiavi-meliodas-chibi-sette-peccati-capitali\/","og_site_name":"R\u00e9plique Manga Cin\u00e9","article_publisher":"https:\/\/www.facebook.com\/RepliqueMangaCine","article_modified_time":"2025-11-13T00:05:06+00:00","og_image":[{"width":500,"height":500,"url":"https:\/\/repliquemangacine.fr\/wp-content\/uploads\/2025\/04\/Porte-cles-Meliodas-Chibi.jpg","type":"image\/jpeg"}],"twitter_card":"summary_large_image","twitter_misc":{"Tempo di lettura stimato":"2 minuti"},"schema":{"@context":"https:\/\/schema.org","@graph":[{"@type":"WebPage","@id":"https:\/\/repliquemangacine.fr\/epees-seven-deadly-sins\/porte-cles-meliodas-chibi-seven-deadly-sins\/","url":"https:\/\/repliquemangacine.fr\/epees-seven-deadly-sins\/porte-cles-meliodas-chibi-seven-deadly-sins\/","name":"Portachiavi Chibi Meliodas - Sette peccati capitali - R\u00e9plique Manga Cin\u00e9","isPartOf":{"@id":"https:\/\/repliquemangacine.fr\/#website"},"primaryImageOfPage":{"@id":"https:\/\/repliquemangacine.fr\/epees-seven-deadly-sins\/porte-cles-meliodas-chibi-seven-deadly-sins\/#primaryimage"},"image":{"@id":"https:\/\/repliquemangacine.fr\/epees-seven-deadly-sins\/porte-cles-meliodas-chibi-seven-deadly-sins\/#primaryimage"},"thumbnailUrl":"https:\/\/repliquemangacine.fr\/wp-content\/uploads\/2025\/04\/Porte-cles-Meliodas-Chibi.jpg","datePublished":"2025-04-21T13:41:49+00:00","dateModified":"2025-11-13T00:05:06+00:00","description":"Portachiavi Meliodas, versione chibi. Divertente, carino e pratico per tutti i fan di Seven Deadly Sins. Un accessorio imperdibile!","breadcrumb":{"@id":"https:\/\/repliquemangacine.fr\/epees-seven-deadly-sins\/porte-cles-meliodas-chibi-seven-deadly-sins\/#breadcrumb"},"inLanguage":"it-IT","potentialAction":[{"@type":"ReadAction","target":["https:\/\/repliquemangacine.fr\/epees-seven-deadly-sins\/porte-cles-meliodas-chibi-seven-deadly-sins\/"]}]},{"@type":"ImageObject","inLanguage":"it-IT","@id":"https:\/\/repliquemangacine.fr\/epees-seven-deadly-sins\/porte-cles-meliodas-chibi-seven-deadly-sins\/#primaryimage","url":"https:\/\/repliquemangacine.fr\/wp-content\/uploads\/2025\/04\/Porte-cles-Meliodas-Chibi.jpg","contentUrl":"https:\/\/repliquemangacine.fr\/wp-content\/uploads\/2025\/04\/Porte-cles-Meliodas-Chibi.jpg","width":500,"height":500,"caption":"Porte-cl\u00e9s M\u00e9liodas Chibi"},{"@type":"BreadcrumbList","@id":"https:\/\/repliquemangacine.fr\/epees-seven-deadly-sins\/porte-cles-meliodas-chibi-seven-deadly-sins\/#breadcrumb","itemListElement":[{"@type":"ListItem","position":1,"name":"Accueil","item":"https:\/\/repliquemangacine.fr\/"},{"@type":"ListItem","position":2,"name":"Produits","item":"https:\/\/repliquemangacine.fr\/boutique\/"},{"@type":"ListItem","position":3,"name":"Porte-cl\u00e9s Meliodas Chibi \u2013 Seven Deadly Sins"}]},{"@type":"WebSite","@id":"https:\/\/repliquemangacine.fr\/#website","url":"https:\/\/repliquemangacine.fr\/","name":"R\u00e9plique Manga Cin\u00e9","description":"","publisher":{"@id":"https:\/\/repliquemangacine.fr\/#organization"},"potentialAction":[{"@type":"SearchAction","target":{"@type":"EntryPoint","urlTemplate":"https:\/\/repliquemangacine.fr\/?s={search_term_string}"},"query-input":{"@type":"PropertyValueSpecification","valueRequired":true,"valueName":"search_term_string"}}],"inLanguage":"it-IT"},{"@type":"Organization","@id":"https:\/\/repliquemangacine.fr\/#organization","name":"R\u00e9plique Manga Cin\u00e9","url":"https:\/\/repliquemangacine.fr\/","logo":{"@type":"ImageObject","inLanguage":"it-IT","@id":"https:\/\/repliquemangacine.fr\/#\/schema\/logo\/image\/","url":"https:\/\/repliquemangacine.fr\/wp-content\/uploads\/2023\/10\/RMC-500250.png","contentUrl":"https:\/\/repliquemangacine.fr\/wp-content\/uploads\/2023\/10\/RMC-500250.png","width":500,"height":250,"caption":"R\u00e9plique Manga Cin\u00e9"},"image":{"@id":"https:\/\/repliquemangacine.fr\/#\/schema\/logo\/image\/"},"sameAs":["https:\/\/www.facebook.com\/RepliqueMangaCine","https:\/\/www.instagram.com\/repliquemangacine.fr\/"]}]}},"_links":{"self":[{"href":"https:\/\/repliquemangacine.fr\/it\/wp-json\/wp\/v2\/product\/83722","targetHints":{"allow":["GET"]}}],"collection":[{"href":"https:\/\/repliquemangacine.fr\/it\/wp-json\/wp\/v2\/product"}],"about":[{"href":"https:\/\/repliquemangacine.fr\/it\/wp-json\/wp\/v2\/types\/product"}],"wp:featuredmedia":[{"embeddable":true,"href":"https:\/\/repliquemangacine.fr\/it\/wp-json\/wp\/v2\/media\/83725"}],"wp:attachment":[{"href":"https:\/\/repliquemangacine.fr\/it\/wp-json\/wp\/v2\/media?parent=83722"}],"wp:term":[{"taxonomy":"product_brand","embeddable":true,"href":"https:\/\/repliquemangacine.fr\/it\/wp-json\/wp\/v2\/product_brand?post=83722"},{"taxonomy":"product_cat","embeddable":true,"href":"https:\/\/repliquemangacine.fr\/it\/wp-json\/wp\/v2\/product_cat?post=83722"},{"taxonomy":"product_tag","embeddable":true,"href":"https:\/\/repliquemangacine.fr\/it\/wp-json\/wp\/v2\/product_tag?post=83722"}],"curies":[{"name":"wp","href":"https:\/\/api.w.org\/{rel}","templated":true}]}}