





{"id":83712,"date":"2025-04-21T14:35:17","date_gmt":"2025-04-21T12:35:17","guid":{"rendered":"https:\/\/repliquemangacine.fr\/?post_type=product&#038;p=83712"},"modified":"2025-11-13T01:05:58","modified_gmt":"2025-11-13T00:05:58","slug":"portachiavi-dmc-devil-may-cry","status":"publish","type":"product","link":"https:\/\/repliquemangacine.fr\/it\/porte-cles-goodies\/porte-cles-dmc-devil-may-cry\/","title":{"rendered":"Portachiavi DMC - Devil May Cry"},"content":{"rendered":"<h2>Portachiavi DMC - Devil May Cry - Lo stile demoniaco a portata di mano<\/h2>\n<p>Per prima cosa, immergiti nell'universo oscuro ed elegante di Devil May Cry con questo portachiavi da collezione dedicato alla saga cult. Compatto e pratico, \u00e8 perfetto per aggiungere un tocco grintoso alle tue chiavi, alla tua borsa o alla tua giacca preferita.<br \/>\nIl suo design curato evoca l'estetica nervosa ed elegante di <a href=\"https:\/\/devilmaycry.fandom.com\/wiki\/Dante\" target=\"_blank\" rel=\"noopener noreferrer\">Dante<\/a>, il cacciatore di demoni pi\u00f9 cool dei videogiochi. Leggero ma resistente, \u00e8 progettato per durare nel tempo mantenendo lo stile unico che i fan adorano. Un must-have per i giocatori e i collezionisti appassionati di azione e repliche di stile. Porta con te un frammento dell'universo DMC ovunque tu vada, con questo portachiavi tanto elegante quanto iconico.<\/p>\n<p>Dante \u00e8 il protagonista principale della serie Devil May Cry. \u00c8 il secondo figlio del demone Sparda e dell'umana Eva, nonch\u00e9 fratello gemello minore di Vergil. Dante \u00e8 un mercenario paranormale, investigatore privato e vigilante Cacciatore di Demoni dedito allo sterminio dei demoni malvagi e di altre forze soprannaturali maligne; una missione che persegue alla ricerca di coloro che hanno ucciso sua madre e corrotto suo fratello.<\/p>\n<h2>Trovate tutte le repliche e gli articoli da collezione DMC su R\u00e9plique Manga Cin\u00e9<\/h2>\n<p>R\u00e9plique Manga Cin\u00e9 vi offre molto di pi\u00f9 di un semplice portachiavi: l'intero mondo dei videogiochi vi aspetta. Per cominciare, scoprite il magistrale <a href=\"https:\/\/repliquemangacine.fr\/it\/katana-e-spada-videogiochi-altri-videogiochi\/spada-del-diavolo-epee-du-diable-de-dante-diavolo-il-mio-grido\/\">Spada del diavolo<\/a> di Dante in Devil My Cry 5, realizzato interamente in vetroresina con una struttura metallica all'interno. C'\u00e8 anche questa replica del<a href=\"https:\/\/repliquemangacine.fr\/it\/katana-e-spada-videogiochi-altri-videogiochi\/spada-rossa-regina-diavolo-il-mio-grido\/\">Spada Regina Rossa de Nero<\/a>Con impugnatura a farfalla identica a quella del gioco. \u00c8 disponibile anche una versione con pugnale. Infine, il superbo <a href=\"https:\/\/repliquemangacine.fr\/it\/katana-e-spada-videogiochi-altri-videogiochi\/katana-vergil-yamato-v2\/\">La katana di Vergil<\/a>, Yamato nella sua nuova versione in Devil My Cry 5. Inoltre, \u00e8 ovvio che anche l'originale Yamato \u00e8 presente nel nostro catalogo.<\/p>\n<p>Come avrete capito, queste spade non sono solo armi, ma anche estensioni dei personaggi che le brandiscono.<\/p>","protected":false},"excerpt":{"rendered":"<p>Superbo portachiavi Devil My Cry<\/p>\n<ul>\n<li>Realizzato interamente in acciaio<\/li>\n<li>Catena, anello e moschettone in acciaio<\/li>\n<li>Fornito in confezione blister<\/li>\n<li>Altezza del logo: 5,5 cm - Larghezza: 2,5 cm<\/li>\n<li>Lunghezza totale con anello e catena: 11,5 cm.<\/li>\n<\/ul>","protected":false},"featured_media":83714,"template":"","meta":[],"product_brand":[896],"product_cat":[94,96],"product_tag":[],"class_list":{"0":"post-83712","1":"product","2":"type-product","3":"status-publish","4":"has-post-thumbnail","6":"product_brand-replique-manga-cine","7":"product_cat-goodies","8":"product_cat-porte-cles-goodies","10":"first","11":"instock","12":"taxable","13":"shipping-taxable","14":"purchasable","15":"product-type-simple"},"yoast_head":"<!-- This site is optimized with the Yoast SEO plugin v27.4 - https:\/\/yoast.com\/product\/yoast-seo-wordpress\/ -->\n<title>Porte-cl\u00e9s DMC - Devil May Cry - R\u00e9plique Manga Cin\u00e9<\/title>\n<meta name=\"description\" content=\"Porte-cl\u00e9s DMC (Devil May Cry) au design styl\u00e9. Accessoire gamer incontournable. L\u2019univers de Dante \u00e0 accrocher \u00e0 vos cl\u00e9s ou sac. Bo\u00eete vitrine.\" \/>\n<meta name=\"robots\" content=\"index, follow, max-snippet:-1, max-image-preview:large, max-video-preview:-1\" \/>\n<link rel=\"canonical\" href=\"https:\/\/repliquemangacine.fr\/it\/portachiavi\/portachiavi-dmc-devil-may-cry\/\" \/>\n<meta property=\"og:locale\" content=\"it_IT\" \/>\n<meta property=\"og:type\" content=\"article\" \/>\n<meta property=\"og:title\" content=\"Porte-cl\u00e9s DMC - Devil May Cry - R\u00e9plique Manga Cin\u00e9\" \/>\n<meta property=\"og:description\" content=\"Porte-cl\u00e9s DMC (Devil May Cry) au design styl\u00e9. Accessoire gamer incontournable. L\u2019univers de Dante \u00e0 accrocher \u00e0 vos cl\u00e9s ou sac. Bo\u00eete vitrine.\" \/>\n<meta property=\"og:url\" content=\"https:\/\/repliquemangacine.fr\/it\/portachiavi\/portachiavi-dmc-devil-may-cry\/\" \/>\n<meta property=\"og:site_name\" content=\"R\u00e9plique Manga Cin\u00e9\" \/>\n<meta property=\"article:publisher\" content=\"https:\/\/www.facebook.com\/RepliqueMangaCine\" \/>\n<meta property=\"article:modified_time\" content=\"2025-11-13T00:05:58+00:00\" \/>\n<meta property=\"og:image\" content=\"https:\/\/repliquemangacine.fr\/wp-content\/uploads\/2025\/04\/porte-cles-Devil-My-Cry.jpg\" \/>\n\t<meta property=\"og:image:width\" content=\"500\" \/>\n\t<meta property=\"og:image:height\" content=\"500\" \/>\n\t<meta property=\"og:image:type\" content=\"image\/jpeg\" \/>\n<meta name=\"twitter:card\" content=\"summary_large_image\" \/>\n<meta name=\"twitter:label1\" content=\"Tempo di lettura stimato\" \/>\n\t<meta name=\"twitter:data1\" content=\"2 minuti\" \/>\n<script type=\"application\/ld+json\" class=\"yoast-schema-graph\">{\"@context\":\"https:\\\/\\\/schema.org\",\"@graph\":[{\"@type\":\"WebPage\",\"@id\":\"https:\\\/\\\/repliquemangacine.fr\\\/porte-cles-goodies\\\/porte-cles-dmc-devil-may-cry\\\/\",\"url\":\"https:\\\/\\\/repliquemangacine.fr\\\/porte-cles-goodies\\\/porte-cles-dmc-devil-may-cry\\\/\",\"name\":\"Porte-cl\u00e9s DMC - Devil May Cry - R\u00e9plique Manga Cin\u00e9\",\"isPartOf\":{\"@id\":\"https:\\\/\\\/repliquemangacine.fr\\\/#website\"},\"primaryImageOfPage\":{\"@id\":\"https:\\\/\\\/repliquemangacine.fr\\\/porte-cles-goodies\\\/porte-cles-dmc-devil-may-cry\\\/#primaryimage\"},\"image\":{\"@id\":\"https:\\\/\\\/repliquemangacine.fr\\\/porte-cles-goodies\\\/porte-cles-dmc-devil-may-cry\\\/#primaryimage\"},\"thumbnailUrl\":\"https:\\\/\\\/repliquemangacine.fr\\\/wp-content\\\/uploads\\\/2025\\\/04\\\/porte-cles-Devil-My-Cry.jpg\",\"datePublished\":\"2025-04-21T12:35:17+00:00\",\"dateModified\":\"2025-11-13T00:05:58+00:00\",\"description\":\"Porte-cl\u00e9s DMC (Devil May Cry) au design styl\u00e9. Accessoire gamer incontournable. L\u2019univers de Dante \u00e0 accrocher \u00e0 vos cl\u00e9s ou sac. Bo\u00eete vitrine.\",\"breadcrumb\":{\"@id\":\"https:\\\/\\\/repliquemangacine.fr\\\/porte-cles-goodies\\\/porte-cles-dmc-devil-may-cry\\\/#breadcrumb\"},\"inLanguage\":\"it-IT\",\"potentialAction\":[{\"@type\":\"ReadAction\",\"target\":[\"https:\\\/\\\/repliquemangacine.fr\\\/porte-cles-goodies\\\/porte-cles-dmc-devil-may-cry\\\/\"]}]},{\"@type\":\"ImageObject\",\"inLanguage\":\"it-IT\",\"@id\":\"https:\\\/\\\/repliquemangacine.fr\\\/porte-cles-goodies\\\/porte-cles-dmc-devil-may-cry\\\/#primaryimage\",\"url\":\"https:\\\/\\\/repliquemangacine.fr\\\/wp-content\\\/uploads\\\/2025\\\/04\\\/porte-cles-Devil-My-Cry.jpg\",\"contentUrl\":\"https:\\\/\\\/repliquemangacine.fr\\\/wp-content\\\/uploads\\\/2025\\\/04\\\/porte-cles-Devil-My-Cry.jpg\",\"width\":500,\"height\":500,\"caption\":\"Porte-cl\u00e9s DMC\"},{\"@type\":\"BreadcrumbList\",\"@id\":\"https:\\\/\\\/repliquemangacine.fr\\\/porte-cles-goodies\\\/porte-cles-dmc-devil-may-cry\\\/#breadcrumb\",\"itemListElement\":[{\"@type\":\"ListItem\",\"position\":1,\"name\":\"Accueil\",\"item\":\"https:\\\/\\\/repliquemangacine.fr\\\/\"},{\"@type\":\"ListItem\",\"position\":2,\"name\":\"Produits\",\"item\":\"https:\\\/\\\/repliquemangacine.fr\\\/boutique\\\/\"},{\"@type\":\"ListItem\",\"position\":3,\"name\":\"Porte-cl\u00e9s DMC &#8211; Devil May Cry\"}]},{\"@type\":\"WebSite\",\"@id\":\"https:\\\/\\\/repliquemangacine.fr\\\/#website\",\"url\":\"https:\\\/\\\/repliquemangacine.fr\\\/\",\"name\":\"R\u00e9plique Manga Cin\u00e9\",\"description\":\"\",\"publisher\":{\"@id\":\"https:\\\/\\\/repliquemangacine.fr\\\/#organization\"},\"potentialAction\":[{\"@type\":\"SearchAction\",\"target\":{\"@type\":\"EntryPoint\",\"urlTemplate\":\"https:\\\/\\\/repliquemangacine.fr\\\/?s={search_term_string}\"},\"query-input\":{\"@type\":\"PropertyValueSpecification\",\"valueRequired\":true,\"valueName\":\"search_term_string\"}}],\"inLanguage\":\"it-IT\"},{\"@type\":\"Organization\",\"@id\":\"https:\\\/\\\/repliquemangacine.fr\\\/#organization\",\"name\":\"R\u00e9plique Manga Cin\u00e9\",\"url\":\"https:\\\/\\\/repliquemangacine.fr\\\/\",\"logo\":{\"@type\":\"ImageObject\",\"inLanguage\":\"it-IT\",\"@id\":\"https:\\\/\\\/repliquemangacine.fr\\\/#\\\/schema\\\/logo\\\/image\\\/\",\"url\":\"https:\\\/\\\/repliquemangacine.fr\\\/wp-content\\\/uploads\\\/2023\\\/10\\\/RMC-500250.png\",\"contentUrl\":\"https:\\\/\\\/repliquemangacine.fr\\\/wp-content\\\/uploads\\\/2023\\\/10\\\/RMC-500250.png\",\"width\":500,\"height\":250,\"caption\":\"R\u00e9plique Manga Cin\u00e9\"},\"image\":{\"@id\":\"https:\\\/\\\/repliquemangacine.fr\\\/#\\\/schema\\\/logo\\\/image\\\/\"},\"sameAs\":[\"https:\\\/\\\/www.facebook.com\\\/RepliqueMangaCine\",\"https:\\\/\\\/www.instagram.com\\\/repliquemangacine.fr\\\/\"]}]}<\/script>\n<!-- \/ Yoast SEO plugin. -->","yoast_head_json":{"title":"Portachiavi DMC - Devil May Cry - R\u00e9plique Manga Cin\u00e9","description":"Portachiavi DMC (Devil May Cry) dal design elegante. Un accessorio imperdibile per i giocatori. Il mondo di Dante da appendere alle chiavi o alla borsa. Scatola da esposizione.","robots":{"index":"index","follow":"follow","max-snippet":"max-snippet:-1","max-image-preview":"max-image-preview:large","max-video-preview":"max-video-preview:-1"},"canonical":"https:\/\/repliquemangacine.fr\/it\/portachiavi\/portachiavi-dmc-devil-may-cry\/","og_locale":"it_IT","og_type":"article","og_title":"Porte-cl\u00e9s DMC - Devil May Cry - R\u00e9plique Manga Cin\u00e9","og_description":"Porte-cl\u00e9s DMC (Devil May Cry) au design styl\u00e9. Accessoire gamer incontournable. L\u2019univers de Dante \u00e0 accrocher \u00e0 vos cl\u00e9s ou sac. Bo\u00eete vitrine.","og_url":"https:\/\/repliquemangacine.fr\/it\/portachiavi\/portachiavi-dmc-devil-may-cry\/","og_site_name":"R\u00e9plique Manga Cin\u00e9","article_publisher":"https:\/\/www.facebook.com\/RepliqueMangaCine","article_modified_time":"2025-11-13T00:05:58+00:00","og_image":[{"width":500,"height":500,"url":"https:\/\/repliquemangacine.fr\/wp-content\/uploads\/2025\/04\/porte-cles-Devil-My-Cry.jpg","type":"image\/jpeg"}],"twitter_card":"summary_large_image","twitter_misc":{"Tempo di lettura stimato":"2 minuti"},"schema":{"@context":"https:\/\/schema.org","@graph":[{"@type":"WebPage","@id":"https:\/\/repliquemangacine.fr\/porte-cles-goodies\/porte-cles-dmc-devil-may-cry\/","url":"https:\/\/repliquemangacine.fr\/porte-cles-goodies\/porte-cles-dmc-devil-may-cry\/","name":"Portachiavi DMC - Devil May Cry - R\u00e9plique Manga Cin\u00e9","isPartOf":{"@id":"https:\/\/repliquemangacine.fr\/#website"},"primaryImageOfPage":{"@id":"https:\/\/repliquemangacine.fr\/porte-cles-goodies\/porte-cles-dmc-devil-may-cry\/#primaryimage"},"image":{"@id":"https:\/\/repliquemangacine.fr\/porte-cles-goodies\/porte-cles-dmc-devil-may-cry\/#primaryimage"},"thumbnailUrl":"https:\/\/repliquemangacine.fr\/wp-content\/uploads\/2025\/04\/porte-cles-Devil-My-Cry.jpg","datePublished":"2025-04-21T12:35:17+00:00","dateModified":"2025-11-13T00:05:58+00:00","description":"Portachiavi DMC (Devil May Cry) dal design elegante. Un accessorio imperdibile per i giocatori. Il mondo di Dante da appendere alle chiavi o alla borsa. Scatola da esposizione.","breadcrumb":{"@id":"https:\/\/repliquemangacine.fr\/porte-cles-goodies\/porte-cles-dmc-devil-may-cry\/#breadcrumb"},"inLanguage":"it-IT","potentialAction":[{"@type":"ReadAction","target":["https:\/\/repliquemangacine.fr\/porte-cles-goodies\/porte-cles-dmc-devil-may-cry\/"]}]},{"@type":"ImageObject","inLanguage":"it-IT","@id":"https:\/\/repliquemangacine.fr\/porte-cles-goodies\/porte-cles-dmc-devil-may-cry\/#primaryimage","url":"https:\/\/repliquemangacine.fr\/wp-content\/uploads\/2025\/04\/porte-cles-Devil-My-Cry.jpg","contentUrl":"https:\/\/repliquemangacine.fr\/wp-content\/uploads\/2025\/04\/porte-cles-Devil-My-Cry.jpg","width":500,"height":500,"caption":"Porte-cl\u00e9s DMC"},{"@type":"BreadcrumbList","@id":"https:\/\/repliquemangacine.fr\/porte-cles-goodies\/porte-cles-dmc-devil-may-cry\/#breadcrumb","itemListElement":[{"@type":"ListItem","position":1,"name":"Accueil","item":"https:\/\/repliquemangacine.fr\/"},{"@type":"ListItem","position":2,"name":"Produits","item":"https:\/\/repliquemangacine.fr\/boutique\/"},{"@type":"ListItem","position":3,"name":"Porte-cl\u00e9s DMC &#8211; Devil May Cry"}]},{"@type":"WebSite","@id":"https:\/\/repliquemangacine.fr\/#website","url":"https:\/\/repliquemangacine.fr\/","name":"R\u00e9plique Manga Cin\u00e9","description":"","publisher":{"@id":"https:\/\/repliquemangacine.fr\/#organization"},"potentialAction":[{"@type":"SearchAction","target":{"@type":"EntryPoint","urlTemplate":"https:\/\/repliquemangacine.fr\/?s={search_term_string}"},"query-input":{"@type":"PropertyValueSpecification","valueRequired":true,"valueName":"search_term_string"}}],"inLanguage":"it-IT"},{"@type":"Organization","@id":"https:\/\/repliquemangacine.fr\/#organization","name":"R\u00e9plique Manga Cin\u00e9","url":"https:\/\/repliquemangacine.fr\/","logo":{"@type":"ImageObject","inLanguage":"it-IT","@id":"https:\/\/repliquemangacine.fr\/#\/schema\/logo\/image\/","url":"https:\/\/repliquemangacine.fr\/wp-content\/uploads\/2023\/10\/RMC-500250.png","contentUrl":"https:\/\/repliquemangacine.fr\/wp-content\/uploads\/2023\/10\/RMC-500250.png","width":500,"height":250,"caption":"R\u00e9plique Manga Cin\u00e9"},"image":{"@id":"https:\/\/repliquemangacine.fr\/#\/schema\/logo\/image\/"},"sameAs":["https:\/\/www.facebook.com\/RepliqueMangaCine","https:\/\/www.instagram.com\/repliquemangacine.fr\/"]}]}},"_links":{"self":[{"href":"https:\/\/repliquemangacine.fr\/it\/wp-json\/wp\/v2\/product\/83712","targetHints":{"allow":["GET"]}}],"collection":[{"href":"https:\/\/repliquemangacine.fr\/it\/wp-json\/wp\/v2\/product"}],"about":[{"href":"https:\/\/repliquemangacine.fr\/it\/wp-json\/wp\/v2\/types\/product"}],"wp:featuredmedia":[{"embeddable":true,"href":"https:\/\/repliquemangacine.fr\/it\/wp-json\/wp\/v2\/media\/83714"}],"wp:attachment":[{"href":"https:\/\/repliquemangacine.fr\/it\/wp-json\/wp\/v2\/media?parent=83712"}],"wp:term":[{"taxonomy":"product_brand","embeddable":true,"href":"https:\/\/repliquemangacine.fr\/it\/wp-json\/wp\/v2\/product_brand?post=83712"},{"taxonomy":"product_cat","embeddable":true,"href":"https:\/\/repliquemangacine.fr\/it\/wp-json\/wp\/v2\/product_cat?post=83712"},{"taxonomy":"product_tag","embeddable":true,"href":"https:\/\/repliquemangacine.fr\/it\/wp-json\/wp\/v2\/product_tag?post=83712"}],"curies":[{"name":"wp","href":"https:\/\/api.w.org\/{rel}","templated":true}]}}