





{"id":83698,"date":"2025-04-20T20:17:38","date_gmt":"2025-04-20T18:17:38","guid":{"rendered":"https:\/\/repliquemangacine.fr\/?post_type=product&#038;p=83698"},"modified":"2026-03-20T10:57:05","modified_gmt":"2026-03-20T09:57:05","slug":"portachiavi-dellattacco-dei-titani","status":"publish","type":"product","link":"https:\/\/repliquemangacine.fr\/it\/porte-cles-goodies\/porte-cles-attaque-des-titans\/","title":{"rendered":"Portachiavi di Attack of the Titans"},"content":{"rendered":"<h2>Portachiavi Attack of the Titans - L'emblema delle Ali della Libert\u00e0 a portata di mano<\/h2>\n<p>Immergiti nell'intenso universo di L'Attacco dei Giganti con questo portachiavi da collezione che raffigura l'iconico stemma delle Ali della Libert\u00e0. Robusto, elegante e realizzato in metallo, questo accessorio \u00e8 l'ideale per i fan della serie che vogliono affermare la loro passione con eleganza. Il suo anello in metallo ti consentir\u00e0 di agganciarlo facilmente alle chiavi, alle borse o ai vestiti. Un piccolo gioiello geek da portare ovunque. E soprattutto un'ottima idea regalo per tutti gli appassionati di Shingeki no Kyojin.<\/p>\n<p>Si noti che <a href=\"https:\/\/attaque-des-titans.fandom.com\/fr\/wiki\/Eren_J%C3%A4ger\" target=\"_blank\" rel=\"noopener noreferrer\">Eren J\u00e4ger<\/a> \u00e8 il protagonista di Attacco dei Titani (Shingeki no Kyojin). Spinto da una sete di libert\u00e0 e da una rabbia profonda contro i Titani. Da ragazzo impulsivo, si trasforma in una figura complessa determinata a spezzare le catene dell'umanit\u00e0. Il suo potere come Assassino dei Titani e le sue scelte controverse lo rendono uno degli eroi pi\u00f9 sorprendenti e controversi dell'universo dei manga. A volte simbolo di resistenza, a volte fonte di caos. Eren \u00e8 l'incarnazione del destino, della libert\u00e0 e del sacrificio.<\/p>\n<h2>L'universo di Attack of the Titans al R\u00e9plique Manga Cin\u00e9: repliche, accessori e immersione totale<\/h2>\n<p>All'R\u00e9plique Manga Cin\u00e9, Attack of the Titans prende vita con una selezione esclusiva di oggetti di culto. Oltre al portachiavi, scoprite la replica della spada <a href=\"https:\/\/repliquemangacine.fr\/it\/katana-e-manga-spada-anime-altri-manga\/attacco-dei-titani-spada-taglia-collo-eren\/\">taglierina per il collo<\/a> dei battaglioni, fedele al design dell'anime, con la sua lama in acciaio e l'impugnatura a pistola. Un pezzo di grande effetto per i collezionisti e i cosplayer. E per coloro che passano ore e ore davanti allo schermo, il <a href=\"https:\/\/repliquemangacine.fr\/it\/varie-chicche\/tappetino-per-mouse-attack-of-the-titans-90-x-40-cm\/\">tappetini per mouse<\/a> Il grande formato con i colori dell'universo di Titan \u00e8 perfetto per un setup da gamer degno del battaglione di esplorazione. Unisci passione, stile e qualit\u00e0 e equipaggiati con i migliori gadget Attack on Titan del momento!<\/p>\n<p>Ma non \u00e8 tutto!  Immergetevi in un universo di passione e collezionismo con la nostra vasta selezione di gadget. Dedicati agli appassionati di manga, anime, videogiochi, film e serie cult. Da RMC, ogni oggetto \u00e8 scelto per offrirti il meglio dei tuoi universi preferiti. Infatti, figurine ultra dettagliate, portachiavi iconici, oggetti da collezione rari, ma anche accessori unici come cofanetti regalo, tappetini per mouse XXL, collane, bacchette magiche e molto altro ancora. Che siate fan di One Piece, Harry Potter o Naruto, troverete sicuramente il prodotto che fa per voi. In conclusione, regalate, collezionate o mostrate la vostra passione ogni giorno con articoli di qualit\u00e0 pensati per i veri fan.<\/p>","protected":false},"excerpt":{"rendered":"<p>Superbo portachiavi de L'attacco dei Titani<\/p>\n<ul>\n<li>Tutto il metallo<\/li>\n<li>Emblema delle Ali della Libert\u00e0<\/li>\n<li>Anello e catena in metallo<\/li>\n<li>Fornito in confezione blister<\/li>\n<li>Altezza delle ali: 3,5 cm - Larghezza: 2,5 cm<\/li>\n<\/ul>","protected":false},"featured_media":83699,"template":"","meta":[],"product_brand":[896],"product_cat":[94,96],"product_tag":[],"class_list":{"0":"post-83698","1":"product","2":"type-product","3":"status-publish","4":"has-post-thumbnail","6":"product_brand-replique-manga-cine","7":"product_cat-goodies","8":"product_cat-porte-cles-goodies","10":"first","11":"instock","12":"taxable","13":"shipping-taxable","14":"purchasable","15":"product-type-simple"},"yoast_head":"<!-- This site is optimized with the Yoast SEO plugin v27.4 - https:\/\/yoast.com\/product\/yoast-seo-wordpress\/ -->\n<title>Porte-cl\u00e9s Attaque des Titans - R\u00e9plique Manga Cin\u00e9<\/title>\n<meta name=\"description\" content=\"Porte-cl\u00e9s Attaque des Titans avec blason en m\u00e9tal. Retrouvez aussi l\u2019\u00e9p\u00e9e-pistolet et un tapis souris XL chez R\u00e9plique Manga Cin\u00e9\" \/>\n<meta name=\"robots\" content=\"index, follow, max-snippet:-1, max-image-preview:large, max-video-preview:-1\" \/>\n<link rel=\"canonical\" href=\"https:\/\/repliquemangacine.fr\/it\/portachiavi\/portachiavi-dellattacco-dei-titani\/\" \/>\n<meta property=\"og:locale\" content=\"it_IT\" \/>\n<meta property=\"og:type\" content=\"article\" \/>\n<meta property=\"og:title\" content=\"Porte-cl\u00e9s Attaque des Titans - R\u00e9plique Manga Cin\u00e9\" \/>\n<meta property=\"og:description\" content=\"Porte-cl\u00e9s Attaque des Titans avec blason en m\u00e9tal. Retrouvez aussi l\u2019\u00e9p\u00e9e-pistolet et un tapis souris XL chez R\u00e9plique Manga Cin\u00e9\" \/>\n<meta property=\"og:url\" content=\"https:\/\/repliquemangacine.fr\/it\/portachiavi\/portachiavi-dellattacco-dei-titani\/\" \/>\n<meta property=\"og:site_name\" content=\"R\u00e9plique Manga Cin\u00e9\" \/>\n<meta property=\"article:publisher\" content=\"https:\/\/www.facebook.com\/RepliqueMangaCine\" \/>\n<meta property=\"article:modified_time\" content=\"2026-03-20T09:57:05+00:00\" \/>\n<meta property=\"og:image\" content=\"https:\/\/repliquemangacine.fr\/wp-content\/uploads\/2025\/04\/porte-cles-attaque-des-titans.jpg\" \/>\n\t<meta property=\"og:image:width\" content=\"500\" \/>\n\t<meta property=\"og:image:height\" content=\"500\" \/>\n\t<meta property=\"og:image:type\" content=\"image\/jpeg\" \/>\n<meta name=\"twitter:card\" content=\"summary_large_image\" \/>\n<meta name=\"twitter:label1\" content=\"Tempo di lettura stimato\" \/>\n\t<meta name=\"twitter:data1\" content=\"3 minuti\" \/>\n<script type=\"application\/ld+json\" class=\"yoast-schema-graph\">{\"@context\":\"https:\\\/\\\/schema.org\",\"@graph\":[{\"@type\":\"WebPage\",\"@id\":\"https:\\\/\\\/repliquemangacine.fr\\\/porte-cles-goodies\\\/porte-cles-attaque-des-titans\\\/\",\"url\":\"https:\\\/\\\/repliquemangacine.fr\\\/porte-cles-goodies\\\/porte-cles-attaque-des-titans\\\/\",\"name\":\"Porte-cl\u00e9s Attaque des Titans - R\u00e9plique Manga Cin\u00e9\",\"isPartOf\":{\"@id\":\"https:\\\/\\\/repliquemangacine.fr\\\/#website\"},\"primaryImageOfPage\":{\"@id\":\"https:\\\/\\\/repliquemangacine.fr\\\/porte-cles-goodies\\\/porte-cles-attaque-des-titans\\\/#primaryimage\"},\"image\":{\"@id\":\"https:\\\/\\\/repliquemangacine.fr\\\/porte-cles-goodies\\\/porte-cles-attaque-des-titans\\\/#primaryimage\"},\"thumbnailUrl\":\"https:\\\/\\\/repliquemangacine.fr\\\/wp-content\\\/uploads\\\/2025\\\/04\\\/porte-cles-attaque-des-titans.jpg\",\"datePublished\":\"2025-04-20T18:17:38+00:00\",\"dateModified\":\"2026-03-20T09:57:05+00:00\",\"description\":\"Porte-cl\u00e9s Attaque des Titans avec blason en m\u00e9tal. Retrouvez aussi l\u2019\u00e9p\u00e9e-pistolet et un tapis souris XL chez R\u00e9plique Manga Cin\u00e9\",\"breadcrumb\":{\"@id\":\"https:\\\/\\\/repliquemangacine.fr\\\/porte-cles-goodies\\\/porte-cles-attaque-des-titans\\\/#breadcrumb\"},\"inLanguage\":\"it-IT\",\"potentialAction\":[{\"@type\":\"ReadAction\",\"target\":[\"https:\\\/\\\/repliquemangacine.fr\\\/porte-cles-goodies\\\/porte-cles-attaque-des-titans\\\/\"]}]},{\"@type\":\"ImageObject\",\"inLanguage\":\"it-IT\",\"@id\":\"https:\\\/\\\/repliquemangacine.fr\\\/porte-cles-goodies\\\/porte-cles-attaque-des-titans\\\/#primaryimage\",\"url\":\"https:\\\/\\\/repliquemangacine.fr\\\/wp-content\\\/uploads\\\/2025\\\/04\\\/porte-cles-attaque-des-titans.jpg\",\"contentUrl\":\"https:\\\/\\\/repliquemangacine.fr\\\/wp-content\\\/uploads\\\/2025\\\/04\\\/porte-cles-attaque-des-titans.jpg\",\"width\":500,\"height\":500,\"caption\":\"Porte-cl\u00e9s Attaque des Titans\"},{\"@type\":\"BreadcrumbList\",\"@id\":\"https:\\\/\\\/repliquemangacine.fr\\\/porte-cles-goodies\\\/porte-cles-attaque-des-titans\\\/#breadcrumb\",\"itemListElement\":[{\"@type\":\"ListItem\",\"position\":1,\"name\":\"Accueil\",\"item\":\"https:\\\/\\\/repliquemangacine.fr\\\/\"},{\"@type\":\"ListItem\",\"position\":2,\"name\":\"Produits\",\"item\":\"https:\\\/\\\/repliquemangacine.fr\\\/boutique\\\/\"},{\"@type\":\"ListItem\",\"position\":3,\"name\":\"Porte-cl\u00e9s Attaque des Titans\"}]},{\"@type\":\"WebSite\",\"@id\":\"https:\\\/\\\/repliquemangacine.fr\\\/#website\",\"url\":\"https:\\\/\\\/repliquemangacine.fr\\\/\",\"name\":\"R\u00e9plique Manga Cin\u00e9\",\"description\":\"\",\"publisher\":{\"@id\":\"https:\\\/\\\/repliquemangacine.fr\\\/#organization\"},\"potentialAction\":[{\"@type\":\"SearchAction\",\"target\":{\"@type\":\"EntryPoint\",\"urlTemplate\":\"https:\\\/\\\/repliquemangacine.fr\\\/?s={search_term_string}\"},\"query-input\":{\"@type\":\"PropertyValueSpecification\",\"valueRequired\":true,\"valueName\":\"search_term_string\"}}],\"inLanguage\":\"it-IT\"},{\"@type\":\"Organization\",\"@id\":\"https:\\\/\\\/repliquemangacine.fr\\\/#organization\",\"name\":\"R\u00e9plique Manga Cin\u00e9\",\"url\":\"https:\\\/\\\/repliquemangacine.fr\\\/\",\"logo\":{\"@type\":\"ImageObject\",\"inLanguage\":\"it-IT\",\"@id\":\"https:\\\/\\\/repliquemangacine.fr\\\/#\\\/schema\\\/logo\\\/image\\\/\",\"url\":\"https:\\\/\\\/repliquemangacine.fr\\\/wp-content\\\/uploads\\\/2023\\\/10\\\/RMC-500250.png\",\"contentUrl\":\"https:\\\/\\\/repliquemangacine.fr\\\/wp-content\\\/uploads\\\/2023\\\/10\\\/RMC-500250.png\",\"width\":500,\"height\":250,\"caption\":\"R\u00e9plique Manga Cin\u00e9\"},\"image\":{\"@id\":\"https:\\\/\\\/repliquemangacine.fr\\\/#\\\/schema\\\/logo\\\/image\\\/\"},\"sameAs\":[\"https:\\\/\\\/www.facebook.com\\\/RepliqueMangaCine\",\"https:\\\/\\\/www.instagram.com\\\/repliquemangacine.fr\\\/\"]}]}<\/script>\n<!-- \/ Yoast SEO plugin. -->","yoast_head_json":{"title":"Portachiavi Attack of the Titans - R\u00e9plique Manga Cin\u00e9","description":"Portachiavi Attack of the Titans con stemma in metallo. \u00c8 possibile trovare anche la spada pistola e un tappetino per mouse XL presso R\u00e9plique Manga Cin\u00e9","robots":{"index":"index","follow":"follow","max-snippet":"max-snippet:-1","max-image-preview":"max-image-preview:large","max-video-preview":"max-video-preview:-1"},"canonical":"https:\/\/repliquemangacine.fr\/it\/portachiavi\/portachiavi-dellattacco-dei-titani\/","og_locale":"it_IT","og_type":"article","og_title":"Porte-cl\u00e9s Attaque des Titans - R\u00e9plique Manga Cin\u00e9","og_description":"Porte-cl\u00e9s Attaque des Titans avec blason en m\u00e9tal. Retrouvez aussi l\u2019\u00e9p\u00e9e-pistolet et un tapis souris XL chez R\u00e9plique Manga Cin\u00e9","og_url":"https:\/\/repliquemangacine.fr\/it\/portachiavi\/portachiavi-dellattacco-dei-titani\/","og_site_name":"R\u00e9plique Manga Cin\u00e9","article_publisher":"https:\/\/www.facebook.com\/RepliqueMangaCine","article_modified_time":"2026-03-20T09:57:05+00:00","og_image":[{"width":500,"height":500,"url":"https:\/\/repliquemangacine.fr\/wp-content\/uploads\/2025\/04\/porte-cles-attaque-des-titans.jpg","type":"image\/jpeg"}],"twitter_card":"summary_large_image","twitter_misc":{"Tempo di lettura stimato":"3 minuti"},"schema":{"@context":"https:\/\/schema.org","@graph":[{"@type":"WebPage","@id":"https:\/\/repliquemangacine.fr\/porte-cles-goodies\/porte-cles-attaque-des-titans\/","url":"https:\/\/repliquemangacine.fr\/porte-cles-goodies\/porte-cles-attaque-des-titans\/","name":"Portachiavi Attack of the Titans - R\u00e9plique Manga Cin\u00e9","isPartOf":{"@id":"https:\/\/repliquemangacine.fr\/#website"},"primaryImageOfPage":{"@id":"https:\/\/repliquemangacine.fr\/porte-cles-goodies\/porte-cles-attaque-des-titans\/#primaryimage"},"image":{"@id":"https:\/\/repliquemangacine.fr\/porte-cles-goodies\/porte-cles-attaque-des-titans\/#primaryimage"},"thumbnailUrl":"https:\/\/repliquemangacine.fr\/wp-content\/uploads\/2025\/04\/porte-cles-attaque-des-titans.jpg","datePublished":"2025-04-20T18:17:38+00:00","dateModified":"2026-03-20T09:57:05+00:00","description":"Portachiavi Attack of the Titans con stemma in metallo. \u00c8 possibile trovare anche la spada pistola e un tappetino per mouse XL presso R\u00e9plique Manga Cin\u00e9","breadcrumb":{"@id":"https:\/\/repliquemangacine.fr\/porte-cles-goodies\/porte-cles-attaque-des-titans\/#breadcrumb"},"inLanguage":"it-IT","potentialAction":[{"@type":"ReadAction","target":["https:\/\/repliquemangacine.fr\/porte-cles-goodies\/porte-cles-attaque-des-titans\/"]}]},{"@type":"ImageObject","inLanguage":"it-IT","@id":"https:\/\/repliquemangacine.fr\/porte-cles-goodies\/porte-cles-attaque-des-titans\/#primaryimage","url":"https:\/\/repliquemangacine.fr\/wp-content\/uploads\/2025\/04\/porte-cles-attaque-des-titans.jpg","contentUrl":"https:\/\/repliquemangacine.fr\/wp-content\/uploads\/2025\/04\/porte-cles-attaque-des-titans.jpg","width":500,"height":500,"caption":"Porte-cl\u00e9s Attaque des Titans"},{"@type":"BreadcrumbList","@id":"https:\/\/repliquemangacine.fr\/porte-cles-goodies\/porte-cles-attaque-des-titans\/#breadcrumb","itemListElement":[{"@type":"ListItem","position":1,"name":"Accueil","item":"https:\/\/repliquemangacine.fr\/"},{"@type":"ListItem","position":2,"name":"Produits","item":"https:\/\/repliquemangacine.fr\/boutique\/"},{"@type":"ListItem","position":3,"name":"Porte-cl\u00e9s Attaque des Titans"}]},{"@type":"WebSite","@id":"https:\/\/repliquemangacine.fr\/#website","url":"https:\/\/repliquemangacine.fr\/","name":"R\u00e9plique Manga Cin\u00e9","description":"","publisher":{"@id":"https:\/\/repliquemangacine.fr\/#organization"},"potentialAction":[{"@type":"SearchAction","target":{"@type":"EntryPoint","urlTemplate":"https:\/\/repliquemangacine.fr\/?s={search_term_string}"},"query-input":{"@type":"PropertyValueSpecification","valueRequired":true,"valueName":"search_term_string"}}],"inLanguage":"it-IT"},{"@type":"Organization","@id":"https:\/\/repliquemangacine.fr\/#organization","name":"R\u00e9plique Manga Cin\u00e9","url":"https:\/\/repliquemangacine.fr\/","logo":{"@type":"ImageObject","inLanguage":"it-IT","@id":"https:\/\/repliquemangacine.fr\/#\/schema\/logo\/image\/","url":"https:\/\/repliquemangacine.fr\/wp-content\/uploads\/2023\/10\/RMC-500250.png","contentUrl":"https:\/\/repliquemangacine.fr\/wp-content\/uploads\/2023\/10\/RMC-500250.png","width":500,"height":250,"caption":"R\u00e9plique Manga Cin\u00e9"},"image":{"@id":"https:\/\/repliquemangacine.fr\/#\/schema\/logo\/image\/"},"sameAs":["https:\/\/www.facebook.com\/RepliqueMangaCine","https:\/\/www.instagram.com\/repliquemangacine.fr\/"]}]}},"_links":{"self":[{"href":"https:\/\/repliquemangacine.fr\/it\/wp-json\/wp\/v2\/product\/83698","targetHints":{"allow":["GET"]}}],"collection":[{"href":"https:\/\/repliquemangacine.fr\/it\/wp-json\/wp\/v2\/product"}],"about":[{"href":"https:\/\/repliquemangacine.fr\/it\/wp-json\/wp\/v2\/types\/product"}],"wp:featuredmedia":[{"embeddable":true,"href":"https:\/\/repliquemangacine.fr\/it\/wp-json\/wp\/v2\/media\/83699"}],"wp:attachment":[{"href":"https:\/\/repliquemangacine.fr\/it\/wp-json\/wp\/v2\/media?parent=83698"}],"wp:term":[{"taxonomy":"product_brand","embeddable":true,"href":"https:\/\/repliquemangacine.fr\/it\/wp-json\/wp\/v2\/product_brand?post=83698"},{"taxonomy":"product_cat","embeddable":true,"href":"https:\/\/repliquemangacine.fr\/it\/wp-json\/wp\/v2\/product_cat?post=83698"},{"taxonomy":"product_tag","embeddable":true,"href":"https:\/\/repliquemangacine.fr\/it\/wp-json\/wp\/v2\/product_tag?post=83698"}],"curies":[{"name":"wp","href":"https:\/\/api.w.org\/{rel}","templated":true}]}}