





{"id":83691,"date":"2025-04-20T19:38:46","date_gmt":"2025-04-20T17:38:46","guid":{"rendered":"https:\/\/repliquemangacine.fr\/?post_type=product&#038;p=83691"},"modified":"2026-04-12T16:31:29","modified_gmt":"2026-04-12T14:31:29","slug":"portachiavi-scudo-zelda-hylien","status":"publish","type":"product","link":"https:\/\/repliquemangacine.fr\/it\/porte-cles-goodies\/porte-cles-bouclier-hylien-zelda\/","title":{"rendered":"Portachiavi Scudo di Hylian - Zelda"},"content":{"rendered":"<h2>Portachiavi Scudo di Hylian - Accessorio da collezione di Zelda in acrilico trasparente con moschettone in metallo<\/h2>\n<p>Immergetevi nel leggendario mondo di Zelda con questo portachiavi Hylian Shield. Una replica fedele ed elegante del famoso emblema di <a href=\"https:\/\/zelda.fandom.com\/fr\/wiki\/Link\" target=\"_blank\" rel=\"noopener noreferrer\">Collegamento<\/a>. Realizzato in acrilico trasparente di alta qualit\u00e0, riproduce con precisione i dettagli iconici dello scudo, aggiungendo un tocco moderno e alla moda.<\/p>\n<p>Grazie al suo solido anello e al moschettone in metallo resistente, potrete agganciarlo facilmente alle chiavi, allo zaino o persino alla cintura. Che siate fan di lunga data o semplici amanti dei bellissimi oggetti geek, questo portachiavi \u00e8 pratico, leggero e ultra elegante.<\/p>\n<p>Inoltre, \u00e8 un regalo perfetto per tutti gli appassionati della saga The Legend of Zelda. Unisce estetica, utilit\u00e0 e passione, cos\u00ec potrai portare un po' di Hyrule sempre con te.<\/p>\n<h2>R\u00e9plique Manga Cin\u00e9: il negozio definitivo per gli appassionati di manga, cinema e oggetti da collezione!<\/h2>\n<p>E non \u00e8 tutto! Nel nostro negozio troverete anche una vasta selezione di articoli imperdibili per gli appassionati di film, manga e videogiochi. Tra i nostri bestseller, scoprite i <a href=\"https:\/\/repliquemangacine.fr\/it\/varie-chicche\/set-bacchetta-harry-potter\/\">Set di bacchette di Harry Potter<\/a> in formato portachiavi. Ideale per gli apprendisti stregoni alla ricerca di magia nella vita quotidiana. Per i fan di Demon Slayer, non perdetevi il cofanetto da collezione con 15 portachiavi che rappresentano i simboli emblematici della serie.<\/p>\n<p>Per quanto riguarda Naruto, proponiamo il<a href=\"https:\/\/repliquemangacine.fr\/it\/varie-chicche\/fascia-konoha-naruto\/\"> Fascia Konoha<\/a>Il modo perfetto per dimostrare la propria appartenenza al villaggio nascosto delle foglie. Inoltre, un magnifico set Naruto da 28 pezzi che comprende kunai, cerchietto, collana e una variet\u00e0 di portachiavi con i diversi clan. E per gli appassionati di strategia, lasciatevi tentare dai nostri set di scacchi di Harry Potter e del Signore degli Anelli. Questi oggetti da collezione sono tanto belli quanto divertenti. Senza dimenticare la nostra selezione di figurine e molti altri oggetti da collezione per completare la vostra collezione o fare un regalo originale.<\/p>","protected":false},"excerpt":{"rendered":"<p>Originale questo portachiavi con scudo di Zelda<\/p>\n<ul>\n<li>Tutto in acrilico trasparente<\/li>\n<li>Stampa dello scudo<\/li>\n<li>Anello e moschettone in metallo<\/li>\n<li>Altezza: 5 cm - Larghezza: 4,5 cm<\/li>\n<\/ul>","protected":false},"featured_media":83692,"template":"","meta":[],"product_brand":[896],"product_cat":[94,96,56],"product_tag":[],"class_list":{"0":"post-83691","1":"product","2":"type-product","3":"status-publish","4":"has-post-thumbnail","6":"product_brand-replique-manga-cine","7":"product_cat-goodies","8":"product_cat-porte-cles-goodies","9":"product_cat-epee-zelda","11":"first","12":"instock","13":"taxable","14":"shipping-taxable","15":"purchasable","16":"product-type-simple"},"yoast_head":"<!-- This site is optimized with the Yoast SEO plugin v27.4 - https:\/\/yoast.com\/product\/yoast-seo-wordpress\/ -->\n<title>Porte-cl\u00e9s Bouclier Hylien - Zelda - R\u00e9plique Manga Cin\u00e9<\/title>\n<meta name=\"description\" content=\"Emportez Hyrule partout ! Porte-cl\u00e9s Bouclier Hylien dans Zelda en acrylique avec mousqueton m\u00e9tal. Id\u00e9e cadeau pas ch\u00e8re parfaite pour geek.\" \/>\n<meta name=\"robots\" content=\"index, follow, max-snippet:-1, max-image-preview:large, max-video-preview:-1\" \/>\n<link rel=\"canonical\" href=\"https:\/\/repliquemangacine.fr\/it\/portachiavi\/portachiavi-scudo-zelda-hylien\/\" \/>\n<meta property=\"og:locale\" content=\"it_IT\" \/>\n<meta property=\"og:type\" content=\"article\" \/>\n<meta property=\"og:title\" content=\"Porte-cl\u00e9s Bouclier Hylien - Zelda - R\u00e9plique Manga Cin\u00e9\" \/>\n<meta property=\"og:description\" content=\"Emportez Hyrule partout ! Porte-cl\u00e9s Bouclier Hylien dans Zelda en acrylique avec mousqueton m\u00e9tal. Id\u00e9e cadeau pas ch\u00e8re parfaite pour geek.\" \/>\n<meta property=\"og:url\" content=\"https:\/\/repliquemangacine.fr\/it\/portachiavi\/portachiavi-scudo-zelda-hylien\/\" \/>\n<meta property=\"og:site_name\" content=\"R\u00e9plique Manga Cin\u00e9\" \/>\n<meta property=\"article:publisher\" content=\"https:\/\/www.facebook.com\/RepliqueMangaCine\" \/>\n<meta property=\"article:modified_time\" content=\"2026-04-12T14:31:29+00:00\" \/>\n<meta property=\"og:image\" content=\"https:\/\/repliquemangacine.fr\/wp-content\/uploads\/2025\/04\/porte-cles-bouclier-zelda.jpg\" \/>\n\t<meta property=\"og:image:width\" content=\"500\" \/>\n\t<meta property=\"og:image:height\" content=\"500\" \/>\n\t<meta property=\"og:image:type\" content=\"image\/jpeg\" \/>\n<meta name=\"twitter:card\" content=\"summary_large_image\" \/>\n<meta name=\"twitter:label1\" content=\"Tempo di lettura stimato\" \/>\n\t<meta name=\"twitter:data1\" content=\"2 minuti\" \/>\n<script type=\"application\/ld+json\" class=\"yoast-schema-graph\">{\"@context\":\"https:\\\/\\\/schema.org\",\"@graph\":[{\"@type\":\"WebPage\",\"@id\":\"https:\\\/\\\/repliquemangacine.fr\\\/porte-cles-goodies\\\/porte-cles-bouclier-hylien-zelda\\\/\",\"url\":\"https:\\\/\\\/repliquemangacine.fr\\\/porte-cles-goodies\\\/porte-cles-bouclier-hylien-zelda\\\/\",\"name\":\"Porte-cl\u00e9s Bouclier Hylien - Zelda - R\u00e9plique Manga Cin\u00e9\",\"isPartOf\":{\"@id\":\"https:\\\/\\\/repliquemangacine.fr\\\/#website\"},\"primaryImageOfPage\":{\"@id\":\"https:\\\/\\\/repliquemangacine.fr\\\/porte-cles-goodies\\\/porte-cles-bouclier-hylien-zelda\\\/#primaryimage\"},\"image\":{\"@id\":\"https:\\\/\\\/repliquemangacine.fr\\\/porte-cles-goodies\\\/porte-cles-bouclier-hylien-zelda\\\/#primaryimage\"},\"thumbnailUrl\":\"https:\\\/\\\/repliquemangacine.fr\\\/wp-content\\\/uploads\\\/2025\\\/04\\\/porte-cles-bouclier-zelda.jpg\",\"datePublished\":\"2025-04-20T17:38:46+00:00\",\"dateModified\":\"2026-04-12T14:31:29+00:00\",\"description\":\"Emportez Hyrule partout ! Porte-cl\u00e9s Bouclier Hylien dans Zelda en acrylique avec mousqueton m\u00e9tal. Id\u00e9e cadeau pas ch\u00e8re parfaite pour geek.\",\"breadcrumb\":{\"@id\":\"https:\\\/\\\/repliquemangacine.fr\\\/porte-cles-goodies\\\/porte-cles-bouclier-hylien-zelda\\\/#breadcrumb\"},\"inLanguage\":\"it-IT\",\"potentialAction\":[{\"@type\":\"ReadAction\",\"target\":[\"https:\\\/\\\/repliquemangacine.fr\\\/porte-cles-goodies\\\/porte-cles-bouclier-hylien-zelda\\\/\"]}]},{\"@type\":\"ImageObject\",\"inLanguage\":\"it-IT\",\"@id\":\"https:\\\/\\\/repliquemangacine.fr\\\/porte-cles-goodies\\\/porte-cles-bouclier-hylien-zelda\\\/#primaryimage\",\"url\":\"https:\\\/\\\/repliquemangacine.fr\\\/wp-content\\\/uploads\\\/2025\\\/04\\\/porte-cles-bouclier-zelda.jpg\",\"contentUrl\":\"https:\\\/\\\/repliquemangacine.fr\\\/wp-content\\\/uploads\\\/2025\\\/04\\\/porte-cles-bouclier-zelda.jpg\",\"width\":500,\"height\":500,\"caption\":\"Porte-cl\u00e9s Bouclier Zelda\"},{\"@type\":\"BreadcrumbList\",\"@id\":\"https:\\\/\\\/repliquemangacine.fr\\\/porte-cles-goodies\\\/porte-cles-bouclier-hylien-zelda\\\/#breadcrumb\",\"itemListElement\":[{\"@type\":\"ListItem\",\"position\":1,\"name\":\"Accueil\",\"item\":\"https:\\\/\\\/repliquemangacine.fr\\\/\"},{\"@type\":\"ListItem\",\"position\":2,\"name\":\"Produits\",\"item\":\"https:\\\/\\\/repliquemangacine.fr\\\/boutique\\\/\"},{\"@type\":\"ListItem\",\"position\":3,\"name\":\"Porte-cl\u00e9s Bouclier Hylien &#8211; Zelda\"}]},{\"@type\":\"WebSite\",\"@id\":\"https:\\\/\\\/repliquemangacine.fr\\\/#website\",\"url\":\"https:\\\/\\\/repliquemangacine.fr\\\/\",\"name\":\"R\u00e9plique Manga Cin\u00e9\",\"description\":\"\",\"publisher\":{\"@id\":\"https:\\\/\\\/repliquemangacine.fr\\\/#organization\"},\"potentialAction\":[{\"@type\":\"SearchAction\",\"target\":{\"@type\":\"EntryPoint\",\"urlTemplate\":\"https:\\\/\\\/repliquemangacine.fr\\\/?s={search_term_string}\"},\"query-input\":{\"@type\":\"PropertyValueSpecification\",\"valueRequired\":true,\"valueName\":\"search_term_string\"}}],\"inLanguage\":\"it-IT\"},{\"@type\":\"Organization\",\"@id\":\"https:\\\/\\\/repliquemangacine.fr\\\/#organization\",\"name\":\"R\u00e9plique Manga Cin\u00e9\",\"url\":\"https:\\\/\\\/repliquemangacine.fr\\\/\",\"logo\":{\"@type\":\"ImageObject\",\"inLanguage\":\"it-IT\",\"@id\":\"https:\\\/\\\/repliquemangacine.fr\\\/#\\\/schema\\\/logo\\\/image\\\/\",\"url\":\"https:\\\/\\\/repliquemangacine.fr\\\/wp-content\\\/uploads\\\/2023\\\/10\\\/RMC-500250.png\",\"contentUrl\":\"https:\\\/\\\/repliquemangacine.fr\\\/wp-content\\\/uploads\\\/2023\\\/10\\\/RMC-500250.png\",\"width\":500,\"height\":250,\"caption\":\"R\u00e9plique Manga Cin\u00e9\"},\"image\":{\"@id\":\"https:\\\/\\\/repliquemangacine.fr\\\/#\\\/schema\\\/logo\\\/image\\\/\"},\"sameAs\":[\"https:\\\/\\\/www.facebook.com\\\/RepliqueMangaCine\",\"https:\\\/\\\/www.instagram.com\\\/repliquemangacine.fr\\\/\"]}]}<\/script>\n<!-- \/ Yoast SEO plugin. -->","yoast_head_json":{"title":"Portachiavi Scudo di Hylian - Zelda - R\u00e9plique Manga Cin\u00e9","description":"Porta Hyrule ovunque! Portachiavi in acrilico Hylian Shield in Zelda con moschettone in metallo. Un'idea regalo economica perfetta per i geek.","robots":{"index":"index","follow":"follow","max-snippet":"max-snippet:-1","max-image-preview":"max-image-preview:large","max-video-preview":"max-video-preview:-1"},"canonical":"https:\/\/repliquemangacine.fr\/it\/portachiavi\/portachiavi-scudo-zelda-hylien\/","og_locale":"it_IT","og_type":"article","og_title":"Porte-cl\u00e9s Bouclier Hylien - Zelda - R\u00e9plique Manga Cin\u00e9","og_description":"Emportez Hyrule partout ! Porte-cl\u00e9s Bouclier Hylien dans Zelda en acrylique avec mousqueton m\u00e9tal. Id\u00e9e cadeau pas ch\u00e8re parfaite pour geek.","og_url":"https:\/\/repliquemangacine.fr\/it\/portachiavi\/portachiavi-scudo-zelda-hylien\/","og_site_name":"R\u00e9plique Manga Cin\u00e9","article_publisher":"https:\/\/www.facebook.com\/RepliqueMangaCine","article_modified_time":"2026-04-12T14:31:29+00:00","og_image":[{"width":500,"height":500,"url":"https:\/\/repliquemangacine.fr\/wp-content\/uploads\/2025\/04\/porte-cles-bouclier-zelda.jpg","type":"image\/jpeg"}],"twitter_card":"summary_large_image","twitter_misc":{"Tempo di lettura stimato":"2 minuti"},"schema":{"@context":"https:\/\/schema.org","@graph":[{"@type":"WebPage","@id":"https:\/\/repliquemangacine.fr\/porte-cles-goodies\/porte-cles-bouclier-hylien-zelda\/","url":"https:\/\/repliquemangacine.fr\/porte-cles-goodies\/porte-cles-bouclier-hylien-zelda\/","name":"Portachiavi Scudo di Hylian - Zelda - R\u00e9plique Manga Cin\u00e9","isPartOf":{"@id":"https:\/\/repliquemangacine.fr\/#website"},"primaryImageOfPage":{"@id":"https:\/\/repliquemangacine.fr\/porte-cles-goodies\/porte-cles-bouclier-hylien-zelda\/#primaryimage"},"image":{"@id":"https:\/\/repliquemangacine.fr\/porte-cles-goodies\/porte-cles-bouclier-hylien-zelda\/#primaryimage"},"thumbnailUrl":"https:\/\/repliquemangacine.fr\/wp-content\/uploads\/2025\/04\/porte-cles-bouclier-zelda.jpg","datePublished":"2025-04-20T17:38:46+00:00","dateModified":"2026-04-12T14:31:29+00:00","description":"Porta Hyrule ovunque! Portachiavi in acrilico Hylian Shield in Zelda con moschettone in metallo. Un'idea regalo economica perfetta per i geek.","breadcrumb":{"@id":"https:\/\/repliquemangacine.fr\/porte-cles-goodies\/porte-cles-bouclier-hylien-zelda\/#breadcrumb"},"inLanguage":"it-IT","potentialAction":[{"@type":"ReadAction","target":["https:\/\/repliquemangacine.fr\/porte-cles-goodies\/porte-cles-bouclier-hylien-zelda\/"]}]},{"@type":"ImageObject","inLanguage":"it-IT","@id":"https:\/\/repliquemangacine.fr\/porte-cles-goodies\/porte-cles-bouclier-hylien-zelda\/#primaryimage","url":"https:\/\/repliquemangacine.fr\/wp-content\/uploads\/2025\/04\/porte-cles-bouclier-zelda.jpg","contentUrl":"https:\/\/repliquemangacine.fr\/wp-content\/uploads\/2025\/04\/porte-cles-bouclier-zelda.jpg","width":500,"height":500,"caption":"Porte-cl\u00e9s Bouclier Zelda"},{"@type":"BreadcrumbList","@id":"https:\/\/repliquemangacine.fr\/porte-cles-goodies\/porte-cles-bouclier-hylien-zelda\/#breadcrumb","itemListElement":[{"@type":"ListItem","position":1,"name":"Accueil","item":"https:\/\/repliquemangacine.fr\/"},{"@type":"ListItem","position":2,"name":"Produits","item":"https:\/\/repliquemangacine.fr\/boutique\/"},{"@type":"ListItem","position":3,"name":"Porte-cl\u00e9s Bouclier Hylien &#8211; Zelda"}]},{"@type":"WebSite","@id":"https:\/\/repliquemangacine.fr\/#website","url":"https:\/\/repliquemangacine.fr\/","name":"R\u00e9plique Manga Cin\u00e9","description":"","publisher":{"@id":"https:\/\/repliquemangacine.fr\/#organization"},"potentialAction":[{"@type":"SearchAction","target":{"@type":"EntryPoint","urlTemplate":"https:\/\/repliquemangacine.fr\/?s={search_term_string}"},"query-input":{"@type":"PropertyValueSpecification","valueRequired":true,"valueName":"search_term_string"}}],"inLanguage":"it-IT"},{"@type":"Organization","@id":"https:\/\/repliquemangacine.fr\/#organization","name":"R\u00e9plique Manga Cin\u00e9","url":"https:\/\/repliquemangacine.fr\/","logo":{"@type":"ImageObject","inLanguage":"it-IT","@id":"https:\/\/repliquemangacine.fr\/#\/schema\/logo\/image\/","url":"https:\/\/repliquemangacine.fr\/wp-content\/uploads\/2023\/10\/RMC-500250.png","contentUrl":"https:\/\/repliquemangacine.fr\/wp-content\/uploads\/2023\/10\/RMC-500250.png","width":500,"height":250,"caption":"R\u00e9plique Manga Cin\u00e9"},"image":{"@id":"https:\/\/repliquemangacine.fr\/#\/schema\/logo\/image\/"},"sameAs":["https:\/\/www.facebook.com\/RepliqueMangaCine","https:\/\/www.instagram.com\/repliquemangacine.fr\/"]}]}},"_links":{"self":[{"href":"https:\/\/repliquemangacine.fr\/it\/wp-json\/wp\/v2\/product\/83691","targetHints":{"allow":["GET"]}}],"collection":[{"href":"https:\/\/repliquemangacine.fr\/it\/wp-json\/wp\/v2\/product"}],"about":[{"href":"https:\/\/repliquemangacine.fr\/it\/wp-json\/wp\/v2\/types\/product"}],"wp:featuredmedia":[{"embeddable":true,"href":"https:\/\/repliquemangacine.fr\/it\/wp-json\/wp\/v2\/media\/83692"}],"wp:attachment":[{"href":"https:\/\/repliquemangacine.fr\/it\/wp-json\/wp\/v2\/media?parent=83691"}],"wp:term":[{"taxonomy":"product_brand","embeddable":true,"href":"https:\/\/repliquemangacine.fr\/it\/wp-json\/wp\/v2\/product_brand?post=83691"},{"taxonomy":"product_cat","embeddable":true,"href":"https:\/\/repliquemangacine.fr\/it\/wp-json\/wp\/v2\/product_cat?post=83691"},{"taxonomy":"product_tag","embeddable":true,"href":"https:\/\/repliquemangacine.fr\/it\/wp-json\/wp\/v2\/product_tag?post=83691"}],"curies":[{"name":"wp","href":"https:\/\/api.w.org\/{rel}","templated":true}]}}