





{"id":83639,"date":"2025-04-17T16:44:39","date_gmt":"2025-04-17T14:44:39","guid":{"rendered":"https:\/\/repliquemangacine.fr\/?post_type=product&#038;p=83639"},"modified":"2025-11-13T01:11:14","modified_gmt":"2025-11-13T00:11:14","slug":"sciabola-da-ufficiale-di-marina-usa-1852","status":"publish","type":"product","link":"https:\/\/repliquemangacine.fr\/it\/sabres-1er-empire\/sabre-dofficier-de-marine-usa-1852\/","title":{"rendered":"Sciabola da ufficiale di marina USA 1852"},"content":{"rendered":"<h2>Sciabola dell'ufficiale di marina del 1852 - L'eleganza del comando<\/h2>\n<p>La sciabola da ufficiale della Marina Militare degli Stati Uniti del 1852 \u00e8 un pezzo unico che ispira forza ed eleganza. Innanzitutto, la sua lama in acciaio riccamente decorata ne afferma tutto il prestigio storico. Incisioni accurate e la scritta \"United States Marines\" adornano con orgoglio ogni lato della lama. Inoltre, l'elsa in acciaio massiccio dorato conferisce una finitura lussuosa e resistente nel tempo. Inoltre, l'impugnatura in legno \u00e8 rivestita in similpelle nera e filo metallico dorato. L'insieme offre cos\u00ec una presa perfetta, autentica e solida. Il fodero, realizzato in legno e rivestito in similpelle nera, rafforza l'eleganza della sciabola.<br \/>\nInoltre, le estremit\u00e0 sono protette da splendidi rivestimenti dorati. Infine, a completamento di questo pezzo da collezione, ogni sciabola \u00e8 accompagnata da una custodia in tessuto.<br \/>\nUn must per ogni collezionista esigente!<\/p>\n<h2>Una sciabola storica ancora al centro delle tradizioni militari americane<\/h2>\n<p>Dal 1852, questa sciabola da ufficiale della Marina Militare degli Stati Uniti incarna l'onore e il dovere dei marinai americani. Adottata ufficialmente in quell'anno, simboleggia l'autorit\u00e0 e il prestigio degli ufficiali della Marina Militare degli Stati Uniti.<br \/>\nAncora oggi, questa sciabola viene portata durante cerimonie, parate ed eventi militari ufficiali. Inoltre, rappresenta l'impegno solenne e il coraggio di coloro che servono la nazione con orgoglio.<br \/>\nLa sua presenza imponente e la sua raffinatezza eccezionale conferiscono a ogni cerimonia un'emozione particolare. In questo modo, le tradizioni secolari si perpetuano, rafforzando lo spirito di corpo e la fedelt\u00e0 agli antenati. Grazie al suo design senza tempo, attraversa le epoche senza mai perdere la sua aura di rispetto. Ogni dettaglio di questa sciabola ricorda i valori di coraggio, disciplina e lealt\u00e0 militare.<br \/>\nScegliendo questa sciabola, entrerete nella storia vivente della Marina americana.<\/p>\n<h2>Il vostro negozio specializzato in repliche storiche, manga e cinematografiche<\/h2>\n<p>All'R\u00e9plique Manga Cin\u00e9 non troverete solo spade! \u00c8 un vero e proprio tempio per gli appassionati. Innanzitutto, vi offriamo eccezionali repliche storiche come la<a href=\"https:\/\/repliquemangacine.fr\/it\/armi-storiche\/spada-cerimoniale-napoleonica\/\">Spada da cerimonia napoleonica<\/a> del Primo Impero. Scoprirete poi le armi storiche <a href=\"https:\/\/www.denix.fr\/\" target=\"_blank\" rel=\"noopener noreferrer\">Denix<\/a>come il famoso <a href=\"https:\/\/repliquemangacine.fr\/it\/denix\/mitragliatrice-subacquea-mp40\/\">Fucile mitragliatore MP 40<\/a> e altri oggetti rari. Cos\u00ec potrete ricreare l'atmosfera dei campi di battaglia della Seconda Guerra Mondiale a casa vostra. Sul versante medievale, il<a href=\"https:\/\/repliquemangacine.fr\/it\/spada-templare-medievale\/spada-del-templare-jacques-de-molay\/\">Jacques de Molay spada<\/a>l'ultimo Gran Maestro dei Cavalieri Templari, completa una collezione affascinante. Ma non \u00e8 tutto! Il nostro universo si estende alle pi\u00f9 grandi saghe di manga e film. Troverete le katane di One Piece, il <a href=\"https:\/\/repliquemangacine.fr\/it\/spade-del-signore-degli-anelli\/\">Spade del Signore degli Anelli<\/a> e molte altre meraviglie. Ogni articolo \u00e8 stato selezionato per la sua qualit\u00e0 e fedelt\u00e0 alle opere originali.<br \/>\nAllora non aspettate oltre ed esplorate tutte queste incredibili repliche sul mio negozio online!<\/p>","protected":false},"excerpt":{"rendered":"<p>Splendida replica ispirata alla Sciabola da Ufficiale della Marina USA 1852<\/p>\n<ul>\n<li>Lama in acciaio riccamente decorata con la scritta United States Marines su entrambi i lati della lama.<\/li>\n<li>Protezione in acciaio massiccio placcato oro<\/li>\n<li>Manico in legno rivestito in similpelle nera e filo metallico color oro<\/li>\n<li>Fodero di legno rivestito in similpelle nera con finiture dorate alle estremit\u00e0<\/li>\n<li>Fornito con rivestimento in tessuto<\/li>\n<li>Lunghezza della lama: 73,5 cm - Lunghezza totale: 96,5 cm con fodero<\/li>\n<li>Peso con fodero: 1055g e 660g senza fodero<\/li>\n<\/ul>","protected":false},"featured_media":83641,"template":"","meta":[],"product_brand":[896],"product_cat":[74],"product_tag":[],"class_list":{"0":"post-83639","1":"product","2":"type-product","3":"status-publish","4":"has-post-thumbnail","6":"product_brand-replique-manga-cine","7":"product_cat-sabres-1er-empire","9":"first","10":"instock","11":"taxable","12":"shipping-taxable","13":"purchasable","14":"product-type-simple"},"yoast_head":"<!-- This site is optimized with the Yoast SEO plugin v27.4 - https:\/\/yoast.com\/product\/yoast-seo-wordpress\/ -->\n<title>Sabre d&#039;Officier de Marine USA 1852 - R\u00e9plique Manga Cin\u00e9<\/title>\n<meta name=\"description\" content=\"Superbe r\u00e9plique inspir\u00e9 du Sabre d&#039;Officier de Marine USA 1852. Lame en acier richement d\u00e9cor\u00e9e. Garde en acier plein dor\u00e9 de forme sp\u00e9cifique. 96.5 cm\" \/>\n<meta name=\"robots\" content=\"index, follow, max-snippet:-1, max-image-preview:large, max-video-preview:-1\" \/>\n<link rel=\"canonical\" href=\"https:\/\/repliquemangacine.fr\/it\/spade-del-1-impero\/sciabola-da-ufficiale-di-marina-usa-1852\/\" \/>\n<meta property=\"og:locale\" content=\"it_IT\" \/>\n<meta property=\"og:type\" content=\"article\" \/>\n<meta property=\"og:title\" content=\"Sabre d&#039;Officier de Marine USA 1852 - R\u00e9plique Manga Cin\u00e9\" \/>\n<meta property=\"og:description\" content=\"Superbe r\u00e9plique inspir\u00e9 du Sabre d&#039;Officier de Marine USA 1852. Lame en acier richement d\u00e9cor\u00e9e. Garde en acier plein dor\u00e9 de forme sp\u00e9cifique. 96.5 cm\" \/>\n<meta property=\"og:url\" content=\"https:\/\/repliquemangacine.fr\/it\/spade-del-1-impero\/sciabola-da-ufficiale-di-marina-usa-1852\/\" \/>\n<meta property=\"og:site_name\" content=\"R\u00e9plique Manga Cin\u00e9\" \/>\n<meta property=\"article:publisher\" content=\"https:\/\/www.facebook.com\/RepliqueMangaCine\" \/>\n<meta property=\"article:modified_time\" content=\"2025-11-13T00:11:14+00:00\" \/>\n<meta property=\"og:image\" content=\"https:\/\/repliquemangacine.fr\/wp-content\/uploads\/2025\/04\/Sabre-de-Ceremonie.jpg\" \/>\n\t<meta property=\"og:image:width\" content=\"500\" \/>\n\t<meta property=\"og:image:height\" content=\"500\" \/>\n\t<meta property=\"og:image:type\" content=\"image\/jpeg\" \/>\n<meta name=\"twitter:card\" content=\"summary_large_image\" \/>\n<meta name=\"twitter:label1\" content=\"Tempo di lettura stimato\" \/>\n\t<meta name=\"twitter:data1\" content=\"3 minuti\" \/>\n<script type=\"application\/ld+json\" class=\"yoast-schema-graph\">{\"@context\":\"https:\\\/\\\/schema.org\",\"@graph\":[{\"@type\":\"WebPage\",\"@id\":\"https:\\\/\\\/repliquemangacine.fr\\\/sabres-1er-empire\\\/sabre-dofficier-de-marine-usa-1852\\\/\",\"url\":\"https:\\\/\\\/repliquemangacine.fr\\\/sabres-1er-empire\\\/sabre-dofficier-de-marine-usa-1852\\\/\",\"name\":\"Sabre d'Officier de Marine USA 1852 - R\u00e9plique Manga Cin\u00e9\",\"isPartOf\":{\"@id\":\"https:\\\/\\\/repliquemangacine.fr\\\/#website\"},\"primaryImageOfPage\":{\"@id\":\"https:\\\/\\\/repliquemangacine.fr\\\/sabres-1er-empire\\\/sabre-dofficier-de-marine-usa-1852\\\/#primaryimage\"},\"image\":{\"@id\":\"https:\\\/\\\/repliquemangacine.fr\\\/sabres-1er-empire\\\/sabre-dofficier-de-marine-usa-1852\\\/#primaryimage\"},\"thumbnailUrl\":\"https:\\\/\\\/repliquemangacine.fr\\\/wp-content\\\/uploads\\\/2025\\\/04\\\/Sabre-de-Ceremonie.jpg\",\"datePublished\":\"2025-04-17T14:44:39+00:00\",\"dateModified\":\"2025-11-13T00:11:14+00:00\",\"description\":\"Superbe r\u00e9plique inspir\u00e9 du Sabre d'Officier de Marine USA 1852. Lame en acier richement d\u00e9cor\u00e9e. Garde en acier plein dor\u00e9 de forme sp\u00e9cifique. 96.5 cm\",\"breadcrumb\":{\"@id\":\"https:\\\/\\\/repliquemangacine.fr\\\/sabres-1er-empire\\\/sabre-dofficier-de-marine-usa-1852\\\/#breadcrumb\"},\"inLanguage\":\"it-IT\",\"potentialAction\":[{\"@type\":\"ReadAction\",\"target\":[\"https:\\\/\\\/repliquemangacine.fr\\\/sabres-1er-empire\\\/sabre-dofficier-de-marine-usa-1852\\\/\"]}]},{\"@type\":\"ImageObject\",\"inLanguage\":\"it-IT\",\"@id\":\"https:\\\/\\\/repliquemangacine.fr\\\/sabres-1er-empire\\\/sabre-dofficier-de-marine-usa-1852\\\/#primaryimage\",\"url\":\"https:\\\/\\\/repliquemangacine.fr\\\/wp-content\\\/uploads\\\/2025\\\/04\\\/Sabre-de-Ceremonie.jpg\",\"contentUrl\":\"https:\\\/\\\/repliquemangacine.fr\\\/wp-content\\\/uploads\\\/2025\\\/04\\\/Sabre-de-Ceremonie.jpg\",\"width\":500,\"height\":500,\"caption\":\"Sabre d'Officier de Marine US 1852\"},{\"@type\":\"BreadcrumbList\",\"@id\":\"https:\\\/\\\/repliquemangacine.fr\\\/sabres-1er-empire\\\/sabre-dofficier-de-marine-usa-1852\\\/#breadcrumb\",\"itemListElement\":[{\"@type\":\"ListItem\",\"position\":1,\"name\":\"Accueil\",\"item\":\"https:\\\/\\\/repliquemangacine.fr\\\/\"},{\"@type\":\"ListItem\",\"position\":2,\"name\":\"Produits\",\"item\":\"https:\\\/\\\/repliquemangacine.fr\\\/boutique\\\/\"},{\"@type\":\"ListItem\",\"position\":3,\"name\":\"Sabre d&#8217;Officier de Marine USA 1852\"}]},{\"@type\":\"WebSite\",\"@id\":\"https:\\\/\\\/repliquemangacine.fr\\\/#website\",\"url\":\"https:\\\/\\\/repliquemangacine.fr\\\/\",\"name\":\"R\u00e9plique Manga Cin\u00e9\",\"description\":\"\",\"publisher\":{\"@id\":\"https:\\\/\\\/repliquemangacine.fr\\\/#organization\"},\"potentialAction\":[{\"@type\":\"SearchAction\",\"target\":{\"@type\":\"EntryPoint\",\"urlTemplate\":\"https:\\\/\\\/repliquemangacine.fr\\\/?s={search_term_string}\"},\"query-input\":{\"@type\":\"PropertyValueSpecification\",\"valueRequired\":true,\"valueName\":\"search_term_string\"}}],\"inLanguage\":\"it-IT\"},{\"@type\":\"Organization\",\"@id\":\"https:\\\/\\\/repliquemangacine.fr\\\/#organization\",\"name\":\"R\u00e9plique Manga Cin\u00e9\",\"url\":\"https:\\\/\\\/repliquemangacine.fr\\\/\",\"logo\":{\"@type\":\"ImageObject\",\"inLanguage\":\"it-IT\",\"@id\":\"https:\\\/\\\/repliquemangacine.fr\\\/#\\\/schema\\\/logo\\\/image\\\/\",\"url\":\"https:\\\/\\\/repliquemangacine.fr\\\/wp-content\\\/uploads\\\/2023\\\/10\\\/RMC-500250.png\",\"contentUrl\":\"https:\\\/\\\/repliquemangacine.fr\\\/wp-content\\\/uploads\\\/2023\\\/10\\\/RMC-500250.png\",\"width\":500,\"height\":250,\"caption\":\"R\u00e9plique Manga Cin\u00e9\"},\"image\":{\"@id\":\"https:\\\/\\\/repliquemangacine.fr\\\/#\\\/schema\\\/logo\\\/image\\\/\"},\"sameAs\":[\"https:\\\/\\\/www.facebook.com\\\/RepliqueMangaCine\",\"https:\\\/\\\/www.instagram.com\\\/repliquemangacine.fr\\\/\"]}]}<\/script>\n<!-- \/ Yoast SEO plugin. -->","yoast_head_json":{"title":"Sciabola da ufficiale della Marina USA 1852 - R\u00e9plique Manga Cin\u00e9","description":"Splendida replica ispirata alla sciabola dell'ufficiale navale statunitense del 1852. Lama in acciaio riccamente decorata. Guardia in acciaio massiccio dorato di forma specifica. 96,5 cm.","robots":{"index":"index","follow":"follow","max-snippet":"max-snippet:-1","max-image-preview":"max-image-preview:large","max-video-preview":"max-video-preview:-1"},"canonical":"https:\/\/repliquemangacine.fr\/it\/spade-del-1-impero\/sciabola-da-ufficiale-di-marina-usa-1852\/","og_locale":"it_IT","og_type":"article","og_title":"Sabre d'Officier de Marine USA 1852 - R\u00e9plique Manga Cin\u00e9","og_description":"Superbe r\u00e9plique inspir\u00e9 du Sabre d'Officier de Marine USA 1852. Lame en acier richement d\u00e9cor\u00e9e. Garde en acier plein dor\u00e9 de forme sp\u00e9cifique. 96.5 cm","og_url":"https:\/\/repliquemangacine.fr\/it\/spade-del-1-impero\/sciabola-da-ufficiale-di-marina-usa-1852\/","og_site_name":"R\u00e9plique Manga Cin\u00e9","article_publisher":"https:\/\/www.facebook.com\/RepliqueMangaCine","article_modified_time":"2025-11-13T00:11:14+00:00","og_image":[{"width":500,"height":500,"url":"https:\/\/repliquemangacine.fr\/wp-content\/uploads\/2025\/04\/Sabre-de-Ceremonie.jpg","type":"image\/jpeg"}],"twitter_card":"summary_large_image","twitter_misc":{"Tempo di lettura stimato":"3 minuti"},"schema":{"@context":"https:\/\/schema.org","@graph":[{"@type":"WebPage","@id":"https:\/\/repliquemangacine.fr\/sabres-1er-empire\/sabre-dofficier-de-marine-usa-1852\/","url":"https:\/\/repliquemangacine.fr\/sabres-1er-empire\/sabre-dofficier-de-marine-usa-1852\/","name":"Sciabola da ufficiale della Marina USA 1852 - R\u00e9plique Manga Cin\u00e9","isPartOf":{"@id":"https:\/\/repliquemangacine.fr\/#website"},"primaryImageOfPage":{"@id":"https:\/\/repliquemangacine.fr\/sabres-1er-empire\/sabre-dofficier-de-marine-usa-1852\/#primaryimage"},"image":{"@id":"https:\/\/repliquemangacine.fr\/sabres-1er-empire\/sabre-dofficier-de-marine-usa-1852\/#primaryimage"},"thumbnailUrl":"https:\/\/repliquemangacine.fr\/wp-content\/uploads\/2025\/04\/Sabre-de-Ceremonie.jpg","datePublished":"2025-04-17T14:44:39+00:00","dateModified":"2025-11-13T00:11:14+00:00","description":"Splendida replica ispirata alla sciabola dell'ufficiale navale statunitense del 1852. Lama in acciaio riccamente decorata. Guardia in acciaio massiccio dorato di forma specifica. 96,5 cm.","breadcrumb":{"@id":"https:\/\/repliquemangacine.fr\/sabres-1er-empire\/sabre-dofficier-de-marine-usa-1852\/#breadcrumb"},"inLanguage":"it-IT","potentialAction":[{"@type":"ReadAction","target":["https:\/\/repliquemangacine.fr\/sabres-1er-empire\/sabre-dofficier-de-marine-usa-1852\/"]}]},{"@type":"ImageObject","inLanguage":"it-IT","@id":"https:\/\/repliquemangacine.fr\/sabres-1er-empire\/sabre-dofficier-de-marine-usa-1852\/#primaryimage","url":"https:\/\/repliquemangacine.fr\/wp-content\/uploads\/2025\/04\/Sabre-de-Ceremonie.jpg","contentUrl":"https:\/\/repliquemangacine.fr\/wp-content\/uploads\/2025\/04\/Sabre-de-Ceremonie.jpg","width":500,"height":500,"caption":"Sabre d'Officier de Marine US 1852"},{"@type":"BreadcrumbList","@id":"https:\/\/repliquemangacine.fr\/sabres-1er-empire\/sabre-dofficier-de-marine-usa-1852\/#breadcrumb","itemListElement":[{"@type":"ListItem","position":1,"name":"Accueil","item":"https:\/\/repliquemangacine.fr\/"},{"@type":"ListItem","position":2,"name":"Produits","item":"https:\/\/repliquemangacine.fr\/boutique\/"},{"@type":"ListItem","position":3,"name":"Sabre d&#8217;Officier de Marine USA 1852"}]},{"@type":"WebSite","@id":"https:\/\/repliquemangacine.fr\/#website","url":"https:\/\/repliquemangacine.fr\/","name":"R\u00e9plique Manga Cin\u00e9","description":"","publisher":{"@id":"https:\/\/repliquemangacine.fr\/#organization"},"potentialAction":[{"@type":"SearchAction","target":{"@type":"EntryPoint","urlTemplate":"https:\/\/repliquemangacine.fr\/?s={search_term_string}"},"query-input":{"@type":"PropertyValueSpecification","valueRequired":true,"valueName":"search_term_string"}}],"inLanguage":"it-IT"},{"@type":"Organization","@id":"https:\/\/repliquemangacine.fr\/#organization","name":"R\u00e9plique Manga Cin\u00e9","url":"https:\/\/repliquemangacine.fr\/","logo":{"@type":"ImageObject","inLanguage":"it-IT","@id":"https:\/\/repliquemangacine.fr\/#\/schema\/logo\/image\/","url":"https:\/\/repliquemangacine.fr\/wp-content\/uploads\/2023\/10\/RMC-500250.png","contentUrl":"https:\/\/repliquemangacine.fr\/wp-content\/uploads\/2023\/10\/RMC-500250.png","width":500,"height":250,"caption":"R\u00e9plique Manga Cin\u00e9"},"image":{"@id":"https:\/\/repliquemangacine.fr\/#\/schema\/logo\/image\/"},"sameAs":["https:\/\/www.facebook.com\/RepliqueMangaCine","https:\/\/www.instagram.com\/repliquemangacine.fr\/"]}]}},"_links":{"self":[{"href":"https:\/\/repliquemangacine.fr\/it\/wp-json\/wp\/v2\/product\/83639","targetHints":{"allow":["GET"]}}],"collection":[{"href":"https:\/\/repliquemangacine.fr\/it\/wp-json\/wp\/v2\/product"}],"about":[{"href":"https:\/\/repliquemangacine.fr\/it\/wp-json\/wp\/v2\/types\/product"}],"wp:featuredmedia":[{"embeddable":true,"href":"https:\/\/repliquemangacine.fr\/it\/wp-json\/wp\/v2\/media\/83641"}],"wp:attachment":[{"href":"https:\/\/repliquemangacine.fr\/it\/wp-json\/wp\/v2\/media?parent=83639"}],"wp:term":[{"taxonomy":"product_brand","embeddable":true,"href":"https:\/\/repliquemangacine.fr\/it\/wp-json\/wp\/v2\/product_brand?post=83639"},{"taxonomy":"product_cat","embeddable":true,"href":"https:\/\/repliquemangacine.fr\/it\/wp-json\/wp\/v2\/product_cat?post=83639"},{"taxonomy":"product_tag","embeddable":true,"href":"https:\/\/repliquemangacine.fr\/it\/wp-json\/wp\/v2\/product_tag?post=83639"}],"curies":[{"name":"wp","href":"https:\/\/api.w.org\/{rel}","templated":true}]}}