





{"id":83614,"date":"2025-04-16T19:19:39","date_gmt":"2025-04-16T17:19:39","guid":{"rendered":"https:\/\/repliquemangacine.fr\/?post_type=product&#038;p=83614"},"modified":"2026-01-22T10:51:12","modified_gmt":"2026-01-22T09:51:12","slug":"spada-da-combattimento-funzionale","status":"publish","type":"product","link":"https:\/\/repliquemangacine.fr\/it\/reproductions-d-armes-et-accessoires-medievales\/epee-de-combat-fonctionnelle\/","title":{"rendered":"Spada da combattimento funzionale"},"content":{"rendered":"<h2>Spada da combattimento funzionale: potenza, maestria e finiture storiche<\/h2>\n<p>In primo luogo, questo <strong>Spada da combattimento funzionale<\/strong>, un pezzo robusto progettato per la pratica, l'allenamento o l'esposizione in qualsiasi collezione. La sua lama, in acciaio al carbonio 1065, con gola centrale, doppio bisello e volutamente non affilata per motivi di sicurezza. Il pomello circolare in acciaio pieno assicura un perfetto equilibrio e ottimizza la maneggevolezza durante le vostre sessioni di combattimento medievale. La guardia, anch'essa in acciaio massiccio, ha una forma specifica che offre sia protezione che un'estetica storica raffinata. L'impugnatura \u00e8 rivestita in pelle nera, garantendo una presa solida, confortevole e adatta a movimenti ripetuti. Il fodero in legno \u00e8 rivestito in similpelle nera, dotato di una cintura per il trasporto e l'esposizione.<\/p>\n<p>Combina autenticit\u00e0, solidit\u00e0 e finiture accurate per soddisfare gli appassionati di rievocazioni storiche o di armi medievali antiche.  Una spada funzionale pensata per durare, ideale per gli amanti della storia vivente e del maneggio tradizionale. Aggiungete subito questo potente pezzo alla vostra collezione, vi stupir\u00e0 per la sua presenza e la sua notevole qualit\u00e0.<\/p>\n<h2>La spada da combattimento medievale: un'arma di resistenza, tecnica e precisione<\/h2>\n<p>Durante il <a href=\"https:\/\/www.larousse.fr\/encyclopedie\/divers\/Moyen_%C3%82ge\/71867\" target=\"_blank\" rel=\"noopener noreferrer\">Medioevo<\/a>, la spada da combattimento rappresentava molto pi\u00f9 di un'arma: incarnava l'onore, la strategia e la nobilt\u00e0 guerriera. Utilizzata nei duelli, nelle battaglie campali o nei tornei, richiedeva una perfetta padronanza tecnica e una forza disciplinata. Grazie alla sua lama lunga ed equilibrata, la spada consentiva movimenti rapidi, parate efficaci e attacchi precisi. Il suo design robusto garantiva una resistenza ottimale agli urti ripetuti, anche contro le imponenti armature e gli scudi nemici. L'elsa proteggeva le mani, mentre il pomello fungeva da contrappeso per maneggiare l'arma con notevole fluidit\u00e0.<br \/>\nLa spada da combattimento simboleggiava anche la fedelt\u00e0 al signore o al regno, rafforzando la sua importanza sociale e militare. Oggi queste affascinanti armi rivivono nelle collezioni grazie a repliche fedeli e funzionali come questo modello presentato.<\/p>\n<h2>R\u00e9plique Manga Cin\u00e9: una prestigiosa selezione di spade storiche medievali<\/h2>\n<p>Noi di R\u00e9plique Manga Cin\u00e9 vi offriamo una collezione di spade storiche fedeli, potenti e finemente lavorate. Tra i nostri modelli di punta, scoprite la<a href=\"https:\/\/repliquemangacine.fr\/it\/spada-templare-medievale\/spada-templare-da-combattimento\/\">Spada templare da combattimento<\/a>con il suo forte simbolismo e il sorprendente design medievale. Troverete anche il<a href=\"https:\/\/repliquemangacine.fr\/it\/bilanci\/spada-di-san-maurizio-di-torino-xiii-secolo\/\">Spada di San Maurizio di Torino<\/a> del XIII\u1d49 secolo, emblema religioso e militare di un'epoca gloriosa in Europa. L'<a href=\"https:\/\/repliquemangacine.fr\/it\/bilanci\/spada-di-sir-william-marshal-xii-secolo\/\">Sir William Marshal spada<\/a> del XII secolo \u00e8 anch'essa disponibile e raffigura uno dei pi\u00f9 grandi cavalieri dell'Inghilterra medievale.<\/p>\n<p>Queste repliche si distinguono per i materiali pregiati, le guardie lavorate e i foderi dalle splendide finiture storiche. Cercate un'arma da esporre, da maneggiare o da regalare? Il nostro negozio vi garantisce una scelta unica e di qualit\u00e0. R\u00e9plique Manga Cin\u00e9 \u00e8 il punto di riferimento per le repliche di armi storiche, cinematografiche e della cultura geek.<\/p>\n<p>In conclusione, esplora subito la nostra collezione di spade medievali e immergiti nel mondo dei cavalieri e dei combattimenti leggendari.<\/p>","protected":false},"excerpt":{"rendered":"<p>Superba spada da combattimento funzionale<\/p>\n<ul>\n<li>Lama con scanalatura in acciaio al carbonio 1065, doppio smusso, non tagliente<\/li>\n<li>Manopola circolare in acciaio massiccio<\/li>\n<li>Manico rivestito in pelle nera per una presa sicura<\/li>\n<li>Protezione in acciaio massiccio appositamente sagomata.<\/li>\n<li>Fodero in legno rivestito in similpelle nera con cintura<\/li>\n<li>Lunghezza lama: 80,5 cm - Lunghezza totale: 112,5 cm<\/li>\n<li>Spessore della lama: 5,8 mm - Peso: 1970 g<\/li>\n<\/ul>","protected":false},"featured_media":83616,"template":"","meta":[],"product_brand":[896],"product_cat":[84,43],"product_tag":[],"class_list":{"0":"post-83614","1":"product","2":"type-product","3":"status-publish","4":"has-post-thumbnail","6":"product_brand-replique-manga-cine","7":"product_cat-epee-templier-medievale","8":"product_cat-reproductions-d-armes-et-accessoires-medievales","10":"first","11":"instock","12":"taxable","13":"shipping-taxable","14":"purchasable","15":"product-type-simple"},"yoast_head":"<!-- This site is optimized with the Yoast SEO plugin v27.5 - https:\/\/yoast.com\/product\/yoast-seo-wordpress\/ -->\n<title>\u00c9p\u00e9e de Combat Fonctionnelle - R\u00e9plique Manga Cin\u00e9<\/title>\n<meta name=\"description\" content=\"D\u00e9couvrez cette sublime \u00c9p\u00e9e de Combat Fonctionnelle avec sa lame en acier carbone 1065. Fourreau avec ceinture en similicuir. Longueur : 112.5 cm\" \/>\n<meta name=\"robots\" content=\"index, follow, max-snippet:-1, max-image-preview:large, max-video-preview:-1\" \/>\n<link rel=\"canonical\" href=\"https:\/\/repliquemangacine.fr\/it\/riproduzioni-di-armi-e-accessori-medievali\/spada-da-combattimento-funzionale\/\" \/>\n<meta property=\"og:locale\" content=\"it_IT\" \/>\n<meta property=\"og:type\" content=\"article\" \/>\n<meta property=\"og:title\" content=\"\u00c9p\u00e9e de Combat Fonctionnelle - R\u00e9plique Manga Cin\u00e9\" \/>\n<meta property=\"og:description\" content=\"D\u00e9couvrez cette sublime \u00c9p\u00e9e de Combat Fonctionnelle avec sa lame en acier carbone 1065. Fourreau avec ceinture en similicuir. Longueur : 112.5 cm\" \/>\n<meta property=\"og:url\" content=\"https:\/\/repliquemangacine.fr\/it\/riproduzioni-di-armi-e-accessori-medievali\/spada-da-combattimento-funzionale\/\" \/>\n<meta property=\"og:site_name\" content=\"R\u00e9plique Manga Cin\u00e9\" \/>\n<meta property=\"article:publisher\" content=\"https:\/\/www.facebook.com\/RepliqueMangaCine\" \/>\n<meta property=\"article:modified_time\" content=\"2026-01-22T09:51:12+00:00\" \/>\n<meta property=\"og:image\" content=\"https:\/\/repliquemangacine.fr\/wp-content\/uploads\/2025\/04\/Epee-de-Combat-Fonctionnelle.jpg\" \/>\n\t<meta property=\"og:image:width\" content=\"500\" \/>\n\t<meta property=\"og:image:height\" content=\"500\" \/>\n\t<meta property=\"og:image:type\" content=\"image\/jpeg\" \/>\n<meta name=\"twitter:card\" content=\"summary_large_image\" \/>\n<meta name=\"twitter:label1\" content=\"Tempo di lettura stimato\" \/>\n\t<meta name=\"twitter:data1\" content=\"3 minuti\" \/>\n<script type=\"application\/ld+json\" class=\"yoast-schema-graph\">{\"@context\":\"https:\\\/\\\/schema.org\",\"@graph\":[{\"@type\":\"WebPage\",\"@id\":\"https:\\\/\\\/repliquemangacine.fr\\\/reproductions-d-armes-et-accessoires-medievales\\\/epee-de-combat-fonctionnelle\\\/\",\"url\":\"https:\\\/\\\/repliquemangacine.fr\\\/reproductions-d-armes-et-accessoires-medievales\\\/epee-de-combat-fonctionnelle\\\/\",\"name\":\"\u00c9p\u00e9e de Combat Fonctionnelle - R\u00e9plique Manga Cin\u00e9\",\"isPartOf\":{\"@id\":\"https:\\\/\\\/repliquemangacine.fr\\\/#website\"},\"primaryImageOfPage\":{\"@id\":\"https:\\\/\\\/repliquemangacine.fr\\\/reproductions-d-armes-et-accessoires-medievales\\\/epee-de-combat-fonctionnelle\\\/#primaryimage\"},\"image\":{\"@id\":\"https:\\\/\\\/repliquemangacine.fr\\\/reproductions-d-armes-et-accessoires-medievales\\\/epee-de-combat-fonctionnelle\\\/#primaryimage\"},\"thumbnailUrl\":\"https:\\\/\\\/repliquemangacine.fr\\\/wp-content\\\/uploads\\\/2025\\\/04\\\/Epee-de-Combat-Fonctionnelle.jpg\",\"datePublished\":\"2025-04-16T17:19:39+00:00\",\"dateModified\":\"2026-01-22T09:51:12+00:00\",\"description\":\"D\u00e9couvrez cette sublime \u00c9p\u00e9e de Combat Fonctionnelle avec sa lame en acier carbone 1065. Fourreau avec ceinture en similicuir. Longueur : 112.5 cm\",\"breadcrumb\":{\"@id\":\"https:\\\/\\\/repliquemangacine.fr\\\/reproductions-d-armes-et-accessoires-medievales\\\/epee-de-combat-fonctionnelle\\\/#breadcrumb\"},\"inLanguage\":\"it-IT\",\"potentialAction\":[{\"@type\":\"ReadAction\",\"target\":[\"https:\\\/\\\/repliquemangacine.fr\\\/reproductions-d-armes-et-accessoires-medievales\\\/epee-de-combat-fonctionnelle\\\/\"]}]},{\"@type\":\"ImageObject\",\"inLanguage\":\"it-IT\",\"@id\":\"https:\\\/\\\/repliquemangacine.fr\\\/reproductions-d-armes-et-accessoires-medievales\\\/epee-de-combat-fonctionnelle\\\/#primaryimage\",\"url\":\"https:\\\/\\\/repliquemangacine.fr\\\/wp-content\\\/uploads\\\/2025\\\/04\\\/Epee-de-Combat-Fonctionnelle.jpg\",\"contentUrl\":\"https:\\\/\\\/repliquemangacine.fr\\\/wp-content\\\/uploads\\\/2025\\\/04\\\/Epee-de-Combat-Fonctionnelle.jpg\",\"width\":500,\"height\":500,\"caption\":\"\u00c9p\u00e9e de Combat Fonctionnelle\"},{\"@type\":\"BreadcrumbList\",\"@id\":\"https:\\\/\\\/repliquemangacine.fr\\\/reproductions-d-armes-et-accessoires-medievales\\\/epee-de-combat-fonctionnelle\\\/#breadcrumb\",\"itemListElement\":[{\"@type\":\"ListItem\",\"position\":1,\"name\":\"Accueil\",\"item\":\"https:\\\/\\\/repliquemangacine.fr\\\/\"},{\"@type\":\"ListItem\",\"position\":2,\"name\":\"Produits\",\"item\":\"https:\\\/\\\/repliquemangacine.fr\\\/boutique\\\/\"},{\"@type\":\"ListItem\",\"position\":3,\"name\":\"\u00c9p\u00e9e de Combat Fonctionnelle\"}]},{\"@type\":\"WebSite\",\"@id\":\"https:\\\/\\\/repliquemangacine.fr\\\/#website\",\"url\":\"https:\\\/\\\/repliquemangacine.fr\\\/\",\"name\":\"R\u00e9plique Manga Cin\u00e9\",\"description\":\"\",\"publisher\":{\"@id\":\"https:\\\/\\\/repliquemangacine.fr\\\/#organization\"},\"potentialAction\":[{\"@type\":\"SearchAction\",\"target\":{\"@type\":\"EntryPoint\",\"urlTemplate\":\"https:\\\/\\\/repliquemangacine.fr\\\/?s={search_term_string}\"},\"query-input\":{\"@type\":\"PropertyValueSpecification\",\"valueRequired\":true,\"valueName\":\"search_term_string\"}}],\"inLanguage\":\"it-IT\"},{\"@type\":\"Organization\",\"@id\":\"https:\\\/\\\/repliquemangacine.fr\\\/#organization\",\"name\":\"R\u00e9plique Manga Cin\u00e9\",\"url\":\"https:\\\/\\\/repliquemangacine.fr\\\/\",\"logo\":{\"@type\":\"ImageObject\",\"inLanguage\":\"it-IT\",\"@id\":\"https:\\\/\\\/repliquemangacine.fr\\\/#\\\/schema\\\/logo\\\/image\\\/\",\"url\":\"https:\\\/\\\/repliquemangacine.fr\\\/wp-content\\\/uploads\\\/2023\\\/10\\\/RMC-500250.png\",\"contentUrl\":\"https:\\\/\\\/repliquemangacine.fr\\\/wp-content\\\/uploads\\\/2023\\\/10\\\/RMC-500250.png\",\"width\":500,\"height\":250,\"caption\":\"R\u00e9plique Manga Cin\u00e9\"},\"image\":{\"@id\":\"https:\\\/\\\/repliquemangacine.fr\\\/#\\\/schema\\\/logo\\\/image\\\/\"},\"sameAs\":[\"https:\\\/\\\/www.facebook.com\\\/RepliqueMangaCine\",\"https:\\\/\\\/www.instagram.com\\\/repliquemangacine.fr\\\/\"]}]}<\/script>\n<!-- \/ Yoast SEO plugin. -->","yoast_head_json":{"title":"Spada da combattimento funzionale - R\u00e9plique Manga Cin\u00e9","description":"Scoprite questa sublime spada da combattimento funzionale con lama in acciaio al carbonio 1065. Fodero con cintura in similpelle. Lunghezza: 112,5 cm","robots":{"index":"index","follow":"follow","max-snippet":"max-snippet:-1","max-image-preview":"max-image-preview:large","max-video-preview":"max-video-preview:-1"},"canonical":"https:\/\/repliquemangacine.fr\/it\/riproduzioni-di-armi-e-accessori-medievali\/spada-da-combattimento-funzionale\/","og_locale":"it_IT","og_type":"article","og_title":"\u00c9p\u00e9e de Combat Fonctionnelle - R\u00e9plique Manga Cin\u00e9","og_description":"D\u00e9couvrez cette sublime \u00c9p\u00e9e de Combat Fonctionnelle avec sa lame en acier carbone 1065. Fourreau avec ceinture en similicuir. Longueur : 112.5 cm","og_url":"https:\/\/repliquemangacine.fr\/it\/riproduzioni-di-armi-e-accessori-medievali\/spada-da-combattimento-funzionale\/","og_site_name":"R\u00e9plique Manga Cin\u00e9","article_publisher":"https:\/\/www.facebook.com\/RepliqueMangaCine","article_modified_time":"2026-01-22T09:51:12+00:00","og_image":[{"width":500,"height":500,"url":"https:\/\/repliquemangacine.fr\/wp-content\/uploads\/2025\/04\/Epee-de-Combat-Fonctionnelle.jpg","type":"image\/jpeg"}],"twitter_card":"summary_large_image","twitter_misc":{"Tempo di lettura stimato":"3 minuti"},"schema":{"@context":"https:\/\/schema.org","@graph":[{"@type":"WebPage","@id":"https:\/\/repliquemangacine.fr\/reproductions-d-armes-et-accessoires-medievales\/epee-de-combat-fonctionnelle\/","url":"https:\/\/repliquemangacine.fr\/reproductions-d-armes-et-accessoires-medievales\/epee-de-combat-fonctionnelle\/","name":"Spada da combattimento funzionale - R\u00e9plique Manga Cin\u00e9","isPartOf":{"@id":"https:\/\/repliquemangacine.fr\/#website"},"primaryImageOfPage":{"@id":"https:\/\/repliquemangacine.fr\/reproductions-d-armes-et-accessoires-medievales\/epee-de-combat-fonctionnelle\/#primaryimage"},"image":{"@id":"https:\/\/repliquemangacine.fr\/reproductions-d-armes-et-accessoires-medievales\/epee-de-combat-fonctionnelle\/#primaryimage"},"thumbnailUrl":"https:\/\/repliquemangacine.fr\/wp-content\/uploads\/2025\/04\/Epee-de-Combat-Fonctionnelle.jpg","datePublished":"2025-04-16T17:19:39+00:00","dateModified":"2026-01-22T09:51:12+00:00","description":"Scoprite questa sublime spada da combattimento funzionale con lama in acciaio al carbonio 1065. Fodero con cintura in similpelle. Lunghezza: 112,5 cm","breadcrumb":{"@id":"https:\/\/repliquemangacine.fr\/reproductions-d-armes-et-accessoires-medievales\/epee-de-combat-fonctionnelle\/#breadcrumb"},"inLanguage":"it-IT","potentialAction":[{"@type":"ReadAction","target":["https:\/\/repliquemangacine.fr\/reproductions-d-armes-et-accessoires-medievales\/epee-de-combat-fonctionnelle\/"]}]},{"@type":"ImageObject","inLanguage":"it-IT","@id":"https:\/\/repliquemangacine.fr\/reproductions-d-armes-et-accessoires-medievales\/epee-de-combat-fonctionnelle\/#primaryimage","url":"https:\/\/repliquemangacine.fr\/wp-content\/uploads\/2025\/04\/Epee-de-Combat-Fonctionnelle.jpg","contentUrl":"https:\/\/repliquemangacine.fr\/wp-content\/uploads\/2025\/04\/Epee-de-Combat-Fonctionnelle.jpg","width":500,"height":500,"caption":"\u00c9p\u00e9e de Combat Fonctionnelle"},{"@type":"BreadcrumbList","@id":"https:\/\/repliquemangacine.fr\/reproductions-d-armes-et-accessoires-medievales\/epee-de-combat-fonctionnelle\/#breadcrumb","itemListElement":[{"@type":"ListItem","position":1,"name":"Accueil","item":"https:\/\/repliquemangacine.fr\/"},{"@type":"ListItem","position":2,"name":"Produits","item":"https:\/\/repliquemangacine.fr\/boutique\/"},{"@type":"ListItem","position":3,"name":"\u00c9p\u00e9e de Combat Fonctionnelle"}]},{"@type":"WebSite","@id":"https:\/\/repliquemangacine.fr\/#website","url":"https:\/\/repliquemangacine.fr\/","name":"R\u00e9plique Manga Cin\u00e9","description":"","publisher":{"@id":"https:\/\/repliquemangacine.fr\/#organization"},"potentialAction":[{"@type":"SearchAction","target":{"@type":"EntryPoint","urlTemplate":"https:\/\/repliquemangacine.fr\/?s={search_term_string}"},"query-input":{"@type":"PropertyValueSpecification","valueRequired":true,"valueName":"search_term_string"}}],"inLanguage":"it-IT"},{"@type":"Organization","@id":"https:\/\/repliquemangacine.fr\/#organization","name":"R\u00e9plique Manga Cin\u00e9","url":"https:\/\/repliquemangacine.fr\/","logo":{"@type":"ImageObject","inLanguage":"it-IT","@id":"https:\/\/repliquemangacine.fr\/#\/schema\/logo\/image\/","url":"https:\/\/repliquemangacine.fr\/wp-content\/uploads\/2023\/10\/RMC-500250.png","contentUrl":"https:\/\/repliquemangacine.fr\/wp-content\/uploads\/2023\/10\/RMC-500250.png","width":500,"height":250,"caption":"R\u00e9plique Manga Cin\u00e9"},"image":{"@id":"https:\/\/repliquemangacine.fr\/#\/schema\/logo\/image\/"},"sameAs":["https:\/\/www.facebook.com\/RepliqueMangaCine","https:\/\/www.instagram.com\/repliquemangacine.fr\/"]}]}},"_links":{"self":[{"href":"https:\/\/repliquemangacine.fr\/it\/wp-json\/wp\/v2\/product\/83614","targetHints":{"allow":["GET"]}}],"collection":[{"href":"https:\/\/repliquemangacine.fr\/it\/wp-json\/wp\/v2\/product"}],"about":[{"href":"https:\/\/repliquemangacine.fr\/it\/wp-json\/wp\/v2\/types\/product"}],"wp:featuredmedia":[{"embeddable":true,"href":"https:\/\/repliquemangacine.fr\/it\/wp-json\/wp\/v2\/media\/83616"}],"wp:attachment":[{"href":"https:\/\/repliquemangacine.fr\/it\/wp-json\/wp\/v2\/media?parent=83614"}],"wp:term":[{"taxonomy":"product_brand","embeddable":true,"href":"https:\/\/repliquemangacine.fr\/it\/wp-json\/wp\/v2\/product_brand?post=83614"},{"taxonomy":"product_cat","embeddable":true,"href":"https:\/\/repliquemangacine.fr\/it\/wp-json\/wp\/v2\/product_cat?post=83614"},{"taxonomy":"product_tag","embeddable":true,"href":"https:\/\/repliquemangacine.fr\/it\/wp-json\/wp\/v2\/product_tag?post=83614"}],"curies":[{"name":"wp","href":"https:\/\/api.w.org\/{rel}","templated":true}]}}