





{"id":83600,"date":"2025-04-16T17:53:33","date_gmt":"2025-04-16T15:53:33","guid":{"rendered":"https:\/\/repliquemangacine.fr\/?post_type=product&#038;p=83600"},"modified":"2026-04-06T22:53:51","modified_gmt":"2026-04-06T20:53:51","slug":"spada-gladiatore-romano-pugnale","status":"publish","type":"product","link":"https:\/\/repliquemangacine.fr\/it\/armes-antiques\/dague-glaive-romain-gladiateur\/","title":{"rendered":"Pugnale Romano Glaive Gladiatore"},"content":{"rendered":"<h2>Pugnale da gladiatore romano: un omaggio alle armi antiche<\/h2>\n<p>Prima di tutto, il <strong>Pugnale Romano Glaive Gladiatore<\/strong>ispirato all'arma dei gladiatori. Questo pugnale, replica fedele del<a href=\"https:\/\/www.histoirealacarte.com\/Rome-antique-empire-romain\/naissance-chute\" target=\"_blank\" rel=\"noopener noreferrer\">Impero romano<\/a>. La lama misura 29 cm, \u00e8 in acciaio inossidabile 440, con doppio bisello, non affilata, ma perfettamente fedele all'estetica antica. Il suo pomello in metallo massiccio sfoggia con orgoglio un'aquila imperiale, simbolo indiscutibile del potere e dell'autorit\u00e0 romana.<br \/>\nIl manico, anch'esso in acciaio massiccio, \u00e8 decorato con scene romane scolpite con notevole raffinatezza. L'impugnatura, realizzata in metallo e ABS stampato, offre una presa solida e confortevole per un'esposizione di qualit\u00e0. Il fodero in acciaio invecchiato \u00e8 decorato con placche raffiguranti un soldato romano e un'aquila imperiale in tutta la sua maestosit\u00e0.<\/p>\n<p>Grazie alla sua rifinitura accurata, questo pugnale \u00e8 un pezzo pregiato in qualsiasi collezione di armi romane antiche. Incarna la forza, il prestigio e l'ingegnosit\u00e0 militare delle leggendarie armate di Roma al loro apice. Un oggetto raro da regalare o da regalarsi, che far\u00e0 scalpore su qualsiasi scaffale dedicato alle repliche storiche.<\/p>\n<h2>La spada romana: tra funzionalit\u00e0 e simbolo dell'antico potere<\/h2>\n<p>Nell'epoca romana, la spada non era solo un'arma, ma anche un simbolo di autorit\u00e0, disciplina e civilt\u00e0. Utilizzata dai legionari e dai gladiatori, univa una formidabile efficacia nel combattimento corpo a corpo a un valore simbolico nella societ\u00e0. La sua lama corta e larga offriva una maneggevolezza ottimale, perfetta per le formazioni serrate tipiche degli eserciti romani. La robustezza dei materiali e la simmetria del design rendevano la spada un modello di arma utilitaria durevole e affidabile. Ma al di l\u00e0 dell'arma, ogni spada raccontava una storia, quella delle conquiste, dell'onore e della lealt\u00e0 verso Roma.<\/p>\n<p>Le incisioni sulle guardie o sui foderi servivano spesso a rappresentare la leggenda personale del soldato o del generale. La spada era un prolungamento dell'uomo, riflesso del suo coraggio e della sua appartenenza a una forza dominante. Cos\u00ec, il pugnale gladiatore rende omaggio a questo ricco patrimonio militare e artistico dell'antichit\u00e0 romana.<br \/>\nInoltre, cristallizza l'ingegnosit\u00e0 romana, il suo rigore tattico e la gloria del suo impero attraverso i secoli.<\/p>\n<h2>R\u00e9plique Manga Cin\u00e9: un'imponente collezione di spade e lame storiche<\/h2>\n<p>Su RMC, scoprite molto di pi\u00f9 dei pugnali: vi aspetta una collezione completa di prestigiose armi storiche. Tra queste, la Spada di Tiberio Mainz Gladius, fedele al modello imperiale, \u00e8 un pezzo imperdibile del nostro catalogo romano. Visitate <a href=\"https:\/\/repliquemangacine.fr\/it\/spade-antiche\/giulio-cesare-spada-nera\/\">Giulio Cesare spada nera<\/a>Questo design imponente e sobrio vi conquister\u00e0 con la sua eleganza e le sue finiture di alta gamma perfettamente realizzate. E naturalmente, il famoso <a href=\"https:\/\/repliquemangacine.fr\/it\/spade-antiche\/la-spada-di-massimo-nel-gladiatore\/\">La spada di Massimo nel Gladiatore<\/a>, ideale sia per i fan del film che per gli appassionati di storia.<\/p>\n<p>Per quanto riguarda le spade medievali, proponiamo anche l\u2019<a href=\"https:\/\/repliquemangacine.fr\/it\/bilanci\/spada-di-san-maurizio-di-torino-xiii-secolo\/\">Spada di San Maurizio di Torino del XIII\u1d49 secolo<\/a>una vera meraviglia storica. Senza dimenticare il<a href=\"https:\/\/repliquemangacine.fr\/it\/bilanci\/spada-di-sir-william-marshal-xii-secolo\/\">Spada di Sir William Marshal del XII\u1d49 secolo<\/a>, simbolo della cavalleria inglese e del leggendario coraggio in battaglia. Ma questo \u00e8 solo un assaggio, perch\u00e9 il nostro sito R\u00e9plique Manga Cin\u00e9 \u00e8 ricco di modelli unici ed esclusivi tutti da scoprire.<br \/>\nOgni arma \u00e8 accuratamente selezionata per la sua fedelt\u00e0 storica, la sua finitura e la sua eccezionale autenticit\u00e0 visiva.<\/p>\n<p>In conclusione, che siate appassionati di storia o collezionisti, troverete sicuramente ci\u00f2 che fa per voi nel nostro negozio dedicato alle splendide riproduzioni.<\/p>","protected":false},"excerpt":{"rendered":"<p>Magnifica replica di questo pugnale da gladiatore romano<\/p>\n<ul>\n<li>Lama in acciaio inossidabile 440, doppio smusso, non tagliente<\/li>\n<li>Pomello in metallo massiccio con aquila imperiale<\/li>\n<li>Anche in acciaio massiccio finemente decorato.<\/li>\n<li>Manico in metallo e ABS stampato<\/li>\n<li>Guaina con piastra decorativa in acciaio anticato<\/li>\n<li>Lunghezza lama: 29 cm Larghezza nel punto pi\u00f9 alto: 3 cm<\/li>\n<li>Lunghezza totale con fodero: 46 cm - Peso: 440 g<\/li>\n<\/ul>","protected":false},"featured_media":83604,"template":"","meta":[],"product_brand":[896],"product_cat":[31,93,73],"product_tag":[],"class_list":{"0":"post-83600","1":"product","2":"type-product","3":"status-publish","4":"has-post-thumbnail","6":"product_brand-replique-manga-cine","7":"product_cat-armes-antiques","8":"product_cat-dagues-medievales","9":"product_cat-epees-glaives-antique","11":"first","12":"instock","13":"taxable","14":"shipping-taxable","15":"purchasable","16":"product-type-simple"},"yoast_head":"<!-- This site is optimized with the Yoast SEO plugin v27.4 - https:\/\/yoast.com\/product\/yoast-seo-wordpress\/ -->\n<title>Dague Glaive Romain Gladiateur - R\u00e9plique Manga Cin\u00e9<\/title>\n<meta name=\"description\" content=\"Splendide Dague Glaive Romain Gladiateur avec sa lame en acier 440 stainless. Richement d\u00e9cor\u00e9 de plaques d\u00e9coratives bronze vieilli. longuer totale : 46 cm\" \/>\n<meta name=\"robots\" content=\"index, follow, max-snippet:-1, max-image-preview:large, max-video-preview:-1\" \/>\n<link rel=\"canonical\" href=\"https:\/\/repliquemangacine.fr\/it\/armi-antiche\/spada-gladiatore-romano-pugnale\/\" \/>\n<meta property=\"og:locale\" content=\"it_IT\" \/>\n<meta property=\"og:type\" content=\"article\" \/>\n<meta property=\"og:title\" content=\"Dague Glaive Romain Gladiateur - R\u00e9plique Manga Cin\u00e9\" \/>\n<meta property=\"og:description\" content=\"Splendide Dague Glaive Romain Gladiateur avec sa lame en acier 440 stainless. Richement d\u00e9cor\u00e9 de plaques d\u00e9coratives bronze vieilli. longuer totale : 46 cm\" \/>\n<meta property=\"og:url\" content=\"https:\/\/repliquemangacine.fr\/it\/armi-antiche\/spada-gladiatore-romano-pugnale\/\" \/>\n<meta property=\"og:site_name\" content=\"R\u00e9plique Manga Cin\u00e9\" \/>\n<meta property=\"article:publisher\" content=\"https:\/\/www.facebook.com\/RepliqueMangaCine\" \/>\n<meta property=\"article:modified_time\" content=\"2026-04-06T20:53:51+00:00\" \/>\n<meta property=\"og:image\" content=\"https:\/\/repliquemangacine.fr\/wp-content\/uploads\/2025\/04\/Dague-Glaive-Gladiateur-sortie-du-fourreau.jpg\" \/>\n\t<meta property=\"og:image:width\" content=\"500\" \/>\n\t<meta property=\"og:image:height\" content=\"500\" \/>\n\t<meta property=\"og:image:type\" content=\"image\/jpeg\" \/>\n<meta name=\"twitter:card\" content=\"summary_large_image\" \/>\n<meta name=\"twitter:label1\" content=\"Tempo di lettura stimato\" \/>\n\t<meta name=\"twitter:data1\" content=\"3 minuti\" \/>\n<script type=\"application\/ld+json\" class=\"yoast-schema-graph\">{\"@context\":\"https:\\\/\\\/schema.org\",\"@graph\":[{\"@type\":\"WebPage\",\"@id\":\"https:\\\/\\\/repliquemangacine.fr\\\/armes-antiques\\\/dague-glaive-romain-gladiateur\\\/\",\"url\":\"https:\\\/\\\/repliquemangacine.fr\\\/armes-antiques\\\/dague-glaive-romain-gladiateur\\\/\",\"name\":\"Dague Glaive Romain Gladiateur - R\u00e9plique Manga Cin\u00e9\",\"isPartOf\":{\"@id\":\"https:\\\/\\\/repliquemangacine.fr\\\/#website\"},\"primaryImageOfPage\":{\"@id\":\"https:\\\/\\\/repliquemangacine.fr\\\/armes-antiques\\\/dague-glaive-romain-gladiateur\\\/#primaryimage\"},\"image\":{\"@id\":\"https:\\\/\\\/repliquemangacine.fr\\\/armes-antiques\\\/dague-glaive-romain-gladiateur\\\/#primaryimage\"},\"thumbnailUrl\":\"https:\\\/\\\/repliquemangacine.fr\\\/wp-content\\\/uploads\\\/2025\\\/04\\\/Dague-Glaive-Gladiateur-sortie-du-fourreau.jpg\",\"datePublished\":\"2025-04-16T15:53:33+00:00\",\"dateModified\":\"2026-04-06T20:53:51+00:00\",\"description\":\"Splendide Dague Glaive Romain Gladiateur avec sa lame en acier 440 stainless. Richement d\u00e9cor\u00e9 de plaques d\u00e9coratives bronze vieilli. longuer totale : 46 cm\",\"breadcrumb\":{\"@id\":\"https:\\\/\\\/repliquemangacine.fr\\\/armes-antiques\\\/dague-glaive-romain-gladiateur\\\/#breadcrumb\"},\"inLanguage\":\"it-IT\",\"potentialAction\":[{\"@type\":\"ReadAction\",\"target\":[\"https:\\\/\\\/repliquemangacine.fr\\\/armes-antiques\\\/dague-glaive-romain-gladiateur\\\/\"]}]},{\"@type\":\"ImageObject\",\"inLanguage\":\"it-IT\",\"@id\":\"https:\\\/\\\/repliquemangacine.fr\\\/armes-antiques\\\/dague-glaive-romain-gladiateur\\\/#primaryimage\",\"url\":\"https:\\\/\\\/repliquemangacine.fr\\\/wp-content\\\/uploads\\\/2025\\\/04\\\/Dague-Glaive-Gladiateur-sortie-du-fourreau.jpg\",\"contentUrl\":\"https:\\\/\\\/repliquemangacine.fr\\\/wp-content\\\/uploads\\\/2025\\\/04\\\/Dague-Glaive-Gladiateur-sortie-du-fourreau.jpg\",\"width\":500,\"height\":500,\"caption\":\"Dague Glaive Romain Gladiateur lame sortie de son fourreau\"},{\"@type\":\"BreadcrumbList\",\"@id\":\"https:\\\/\\\/repliquemangacine.fr\\\/armes-antiques\\\/dague-glaive-romain-gladiateur\\\/#breadcrumb\",\"itemListElement\":[{\"@type\":\"ListItem\",\"position\":1,\"name\":\"Accueil\",\"item\":\"https:\\\/\\\/repliquemangacine.fr\\\/\"},{\"@type\":\"ListItem\",\"position\":2,\"name\":\"Produits\",\"item\":\"https:\\\/\\\/repliquemangacine.fr\\\/boutique\\\/\"},{\"@type\":\"ListItem\",\"position\":3,\"name\":\"Dague Glaive Romain Gladiateur\"}]},{\"@type\":\"WebSite\",\"@id\":\"https:\\\/\\\/repliquemangacine.fr\\\/#website\",\"url\":\"https:\\\/\\\/repliquemangacine.fr\\\/\",\"name\":\"R\u00e9plique Manga Cin\u00e9\",\"description\":\"\",\"publisher\":{\"@id\":\"https:\\\/\\\/repliquemangacine.fr\\\/#organization\"},\"potentialAction\":[{\"@type\":\"SearchAction\",\"target\":{\"@type\":\"EntryPoint\",\"urlTemplate\":\"https:\\\/\\\/repliquemangacine.fr\\\/?s={search_term_string}\"},\"query-input\":{\"@type\":\"PropertyValueSpecification\",\"valueRequired\":true,\"valueName\":\"search_term_string\"}}],\"inLanguage\":\"it-IT\"},{\"@type\":\"Organization\",\"@id\":\"https:\\\/\\\/repliquemangacine.fr\\\/#organization\",\"name\":\"R\u00e9plique Manga Cin\u00e9\",\"url\":\"https:\\\/\\\/repliquemangacine.fr\\\/\",\"logo\":{\"@type\":\"ImageObject\",\"inLanguage\":\"it-IT\",\"@id\":\"https:\\\/\\\/repliquemangacine.fr\\\/#\\\/schema\\\/logo\\\/image\\\/\",\"url\":\"https:\\\/\\\/repliquemangacine.fr\\\/wp-content\\\/uploads\\\/2023\\\/10\\\/RMC-500250.png\",\"contentUrl\":\"https:\\\/\\\/repliquemangacine.fr\\\/wp-content\\\/uploads\\\/2023\\\/10\\\/RMC-500250.png\",\"width\":500,\"height\":250,\"caption\":\"R\u00e9plique Manga Cin\u00e9\"},\"image\":{\"@id\":\"https:\\\/\\\/repliquemangacine.fr\\\/#\\\/schema\\\/logo\\\/image\\\/\"},\"sameAs\":[\"https:\\\/\\\/www.facebook.com\\\/RepliqueMangaCine\",\"https:\\\/\\\/www.instagram.com\\\/repliquemangacine.fr\\\/\"]}]}<\/script>\n<!-- \/ Yoast SEO plugin. -->","yoast_head_json":{"title":"Pugnale ad artiglio da gladiatore romano - R\u00e9plique Manga Cin\u00e9","description":"Splendido pugnale da gladiatore romano con lama in acciaio inox 440. Riccamente decorato con placche in bronzo invecchiato. Lunghezza totale: 46 cm.","robots":{"index":"index","follow":"follow","max-snippet":"max-snippet:-1","max-image-preview":"max-image-preview:large","max-video-preview":"max-video-preview:-1"},"canonical":"https:\/\/repliquemangacine.fr\/it\/armi-antiche\/spada-gladiatore-romano-pugnale\/","og_locale":"it_IT","og_type":"article","og_title":"Dague Glaive Romain Gladiateur - R\u00e9plique Manga Cin\u00e9","og_description":"Splendide Dague Glaive Romain Gladiateur avec sa lame en acier 440 stainless. Richement d\u00e9cor\u00e9 de plaques d\u00e9coratives bronze vieilli. longuer totale : 46 cm","og_url":"https:\/\/repliquemangacine.fr\/it\/armi-antiche\/spada-gladiatore-romano-pugnale\/","og_site_name":"R\u00e9plique Manga Cin\u00e9","article_publisher":"https:\/\/www.facebook.com\/RepliqueMangaCine","article_modified_time":"2026-04-06T20:53:51+00:00","og_image":[{"width":500,"height":500,"url":"https:\/\/repliquemangacine.fr\/wp-content\/uploads\/2025\/04\/Dague-Glaive-Gladiateur-sortie-du-fourreau.jpg","type":"image\/jpeg"}],"twitter_card":"summary_large_image","twitter_misc":{"Tempo di lettura stimato":"3 minuti"},"schema":{"@context":"https:\/\/schema.org","@graph":[{"@type":"WebPage","@id":"https:\/\/repliquemangacine.fr\/armes-antiques\/dague-glaive-romain-gladiateur\/","url":"https:\/\/repliquemangacine.fr\/armes-antiques\/dague-glaive-romain-gladiateur\/","name":"Pugnale ad artiglio da gladiatore romano - R\u00e9plique Manga Cin\u00e9","isPartOf":{"@id":"https:\/\/repliquemangacine.fr\/#website"},"primaryImageOfPage":{"@id":"https:\/\/repliquemangacine.fr\/armes-antiques\/dague-glaive-romain-gladiateur\/#primaryimage"},"image":{"@id":"https:\/\/repliquemangacine.fr\/armes-antiques\/dague-glaive-romain-gladiateur\/#primaryimage"},"thumbnailUrl":"https:\/\/repliquemangacine.fr\/wp-content\/uploads\/2025\/04\/Dague-Glaive-Gladiateur-sortie-du-fourreau.jpg","datePublished":"2025-04-16T15:53:33+00:00","dateModified":"2026-04-06T20:53:51+00:00","description":"Splendido pugnale da gladiatore romano con lama in acciaio inox 440. Riccamente decorato con placche in bronzo invecchiato. Lunghezza totale: 46 cm.","breadcrumb":{"@id":"https:\/\/repliquemangacine.fr\/armes-antiques\/dague-glaive-romain-gladiateur\/#breadcrumb"},"inLanguage":"it-IT","potentialAction":[{"@type":"ReadAction","target":["https:\/\/repliquemangacine.fr\/armes-antiques\/dague-glaive-romain-gladiateur\/"]}]},{"@type":"ImageObject","inLanguage":"it-IT","@id":"https:\/\/repliquemangacine.fr\/armes-antiques\/dague-glaive-romain-gladiateur\/#primaryimage","url":"https:\/\/repliquemangacine.fr\/wp-content\/uploads\/2025\/04\/Dague-Glaive-Gladiateur-sortie-du-fourreau.jpg","contentUrl":"https:\/\/repliquemangacine.fr\/wp-content\/uploads\/2025\/04\/Dague-Glaive-Gladiateur-sortie-du-fourreau.jpg","width":500,"height":500,"caption":"Dague Glaive Romain Gladiateur lame sortie de son fourreau"},{"@type":"BreadcrumbList","@id":"https:\/\/repliquemangacine.fr\/armes-antiques\/dague-glaive-romain-gladiateur\/#breadcrumb","itemListElement":[{"@type":"ListItem","position":1,"name":"Accueil","item":"https:\/\/repliquemangacine.fr\/"},{"@type":"ListItem","position":2,"name":"Produits","item":"https:\/\/repliquemangacine.fr\/boutique\/"},{"@type":"ListItem","position":3,"name":"Dague Glaive Romain Gladiateur"}]},{"@type":"WebSite","@id":"https:\/\/repliquemangacine.fr\/#website","url":"https:\/\/repliquemangacine.fr\/","name":"R\u00e9plique Manga Cin\u00e9","description":"","publisher":{"@id":"https:\/\/repliquemangacine.fr\/#organization"},"potentialAction":[{"@type":"SearchAction","target":{"@type":"EntryPoint","urlTemplate":"https:\/\/repliquemangacine.fr\/?s={search_term_string}"},"query-input":{"@type":"PropertyValueSpecification","valueRequired":true,"valueName":"search_term_string"}}],"inLanguage":"it-IT"},{"@type":"Organization","@id":"https:\/\/repliquemangacine.fr\/#organization","name":"R\u00e9plique Manga Cin\u00e9","url":"https:\/\/repliquemangacine.fr\/","logo":{"@type":"ImageObject","inLanguage":"it-IT","@id":"https:\/\/repliquemangacine.fr\/#\/schema\/logo\/image\/","url":"https:\/\/repliquemangacine.fr\/wp-content\/uploads\/2023\/10\/RMC-500250.png","contentUrl":"https:\/\/repliquemangacine.fr\/wp-content\/uploads\/2023\/10\/RMC-500250.png","width":500,"height":250,"caption":"R\u00e9plique Manga Cin\u00e9"},"image":{"@id":"https:\/\/repliquemangacine.fr\/#\/schema\/logo\/image\/"},"sameAs":["https:\/\/www.facebook.com\/RepliqueMangaCine","https:\/\/www.instagram.com\/repliquemangacine.fr\/"]}]}},"_links":{"self":[{"href":"https:\/\/repliquemangacine.fr\/it\/wp-json\/wp\/v2\/product\/83600","targetHints":{"allow":["GET"]}}],"collection":[{"href":"https:\/\/repliquemangacine.fr\/it\/wp-json\/wp\/v2\/product"}],"about":[{"href":"https:\/\/repliquemangacine.fr\/it\/wp-json\/wp\/v2\/types\/product"}],"wp:featuredmedia":[{"embeddable":true,"href":"https:\/\/repliquemangacine.fr\/it\/wp-json\/wp\/v2\/media\/83604"}],"wp:attachment":[{"href":"https:\/\/repliquemangacine.fr\/it\/wp-json\/wp\/v2\/media?parent=83600"}],"wp:term":[{"taxonomy":"product_brand","embeddable":true,"href":"https:\/\/repliquemangacine.fr\/it\/wp-json\/wp\/v2\/product_brand?post=83600"},{"taxonomy":"product_cat","embeddable":true,"href":"https:\/\/repliquemangacine.fr\/it\/wp-json\/wp\/v2\/product_cat?post=83600"},{"taxonomy":"product_tag","embeddable":true,"href":"https:\/\/repliquemangacine.fr\/it\/wp-json\/wp\/v2\/product_tag?post=83600"}],"curies":[{"name":"wp","href":"https:\/\/api.w.org\/{rel}","templated":true}]}}