





{"id":83539,"date":"2025-04-15T18:19:41","date_gmt":"2025-04-15T16:19:41","guid":{"rendered":"https:\/\/repliquemangacine.fr\/?post_type=product&#038;p=83539"},"modified":"2025-11-26T16:55:59","modified_gmt":"2025-11-26T15:55:59","slug":"katana-de-aizen-bleach","status":"publish","type":"product","link":"https:\/\/repliquemangacine.fr\/it\/katana-bleach\/katana-de-aizen-bleach\/","title":{"rendered":"Katana di Aizen - Bleach"},"content":{"rendered":"<h2>Katana di Aizen - Una lama a immagine e somiglianza di un formidabile stratega.<\/h2>\n<p>Innanzitutto, questa Katana di Aizen, una fedele riproduzione dell'arma brandita da Aizen, personaggio emblematico e manipolatore del manga cult Bleach. Aizen, capitano carismatico e calcolatore, la cui potenza si basa tanto sull'intelletto quanto sulla forza bruta. Questa katana riflette perfettamente la freddezza, il controllo e la prestanza del pi\u00f9 temibile traditore della Soul Society.<\/p>\n<p>Regalati un simbolo di autorit\u00e0 e pericolo silenzioso con questa elegante e perfetta replica dello Zanpakut\u014d Ky\u014dka Suigetsu. Con la sua lama in acciaio non affilata e la guardia in acciaio massiccio. Inoltre, presenta una forma specifica fedele all'originale, che rafforza l'autenticit\u00e0 di questa arma leggendaria. Il fodero, in legno laccato nero, sobrio ed elegante, si abbina perfettamente all'aura misteriosa del personaggio di S\u00f4suke Aizen. Un pezzo eccezionale da aggiungere alla vostra collezione se ammirate i personaggi intelligenti, potenti e strategici.<\/p>\n<h2>Ky\u014dka Suigetsu: uno zanpakut\u014d unico e terribilmente pericoloso in Bleach<\/h2>\n<p>Lo Zanpakut\u014d di Aizen, <a href=\"https:\/\/bleach.fandom.com\/fr\/wiki\/Ky%C3%B4ka_Suigetsu\" target=\"_blank\" rel=\"noopener noreferrer\">Ky\u014dka Suigetsu<\/a>, un'arma formidabile, in grado di manipolare tutti i sensi dei suoi avversari. La sua particolarit\u00e0? Permette l'ipnosi totale, modificando la percezione della realt\u00e0 grazie a un semplice rilascio. Una volta attivata, la vittima non \u00e8 pi\u00f9 in grado di distinguere tra illusione e realt\u00e0, dando ad Aizen un vantaggio assoluto. Questo potere rende la lama quasi invincibile, poich\u00e9 i suoi nemici non sanno mai quando vengono realmente attaccati o manipolati.<\/p>\n<p>Ky\u014dka Suigetsu incarna il genio tattico di Aizen, un uomo capace di orchestrare complotti nell'ombra per diversi secoli. Il suo Zanpakut\u014d non ha bisogno della forza bruta, poich\u00e9 il controllo mentale e psicologico fa gi\u00e0 la differenza in combattimento. Anche i capitani pi\u00f9 potenti hanno ceduto a questa illusione, senza capire di essere gi\u00e0 stati sconfitti.<br \/>\nQuesta replica ti permette di possedere l'arma pi\u00f9 subdola e sottile dell'intero universo Bleach, fedele e impressionante.<\/p>\n<h2>R\u00e9plique Manga Cin\u00e9: la pi\u00f9 vasta selezione di katane Bleach da scoprire<\/h2>\n<p>Noi di RMC vi offriamo una vasta collezione di katane del mitico universo di Bleach. Oltre alla katana di Aizen, scoprite la <a href=\"https:\/\/repliquemangacine.fr\/it\/katana-bleach\/bankai-ricostruisce-ichigo\/\">Ricostruzione della Banka\u00ef di Ichigo<\/a>con le sue caratteristiche linee nere. Offriamo anche il superbo <a href=\"https:\/\/repliquemangacine.fr\/it\/katana-bleach\/katana-di-legno-byakuya\/\">Katana Senbonzakura di Byakuya<\/a>, accompagnato dal suo fodero bianco, elegante quanto temibile.<br \/>\nI fan di Ichigo ritroveranno anche la versione Shikai Bleach, fedele alla sua prima forma di Zanpakut\u014d emblematica nella serie.<\/p>\n<p>Ma non \u00e8 tutto, troverete anche il <a href=\"https:\/\/repliquemangacine.fr\/it\/katana-bleach\/katana-rukia-zanpakuto-shirayuki-rukia-kuchiki\/\">Spada Rukia Kuchiki<\/a>\u00c8 fine, gelido e perfettamente adatto al suo elemento. Il <a href=\"https:\/\/repliquemangacine.fr\/it\/katana-bleach\/katana-di-toshiro-hitsugaya-zanpakuto-hyorinmaru\/\">lama di Toshiro Hitsugaya<\/a>, \u00c8 disponibile anche il capitano di ghiaccio, con il suo stile essenziale e i suoi impressionanti dettagli ghiacciati. R\u00e9plique Manga Cin\u00e9 \u00e8 il vostro punto di riferimento per tutte le armi iconiche dei manga e degli anime giapponesi cult.<br \/>\nAggiungi la katana di Aizen alla tua vetrina e completa la tua collezione con le armi pi\u00f9 potenti della Soul Society.<\/p>\n<p>&nbsp;<\/p>","protected":false},"excerpt":{"rendered":"<p>Superba replica della katana di Aizen in Bleach<\/p>\n<ul>\n<li>Lama in acciaio non affilata<\/li>\n<li>Protezione in acciaio massiccio appositamente sagomata.<\/li>\n<li>Fodero in legno laccato nero<\/li>\n<li>Manico in finta pelle di razza ricoperto da una treccia di cotone verde.<\/li>\n<li>Lunghezza lama: 67 cm - Lunghezza totale: 104 cm<\/li>\n<li>Peso: 928 g<\/li>\n<\/ul>","protected":false},"featured_media":83572,"template":"","meta":[],"product_brand":[896],"product_cat":[30],"product_tag":[],"class_list":{"0":"post-83539","1":"product","2":"type-product","3":"status-publish","4":"has-post-thumbnail","6":"product_brand-replique-manga-cine","7":"product_cat-katana-bleach","9":"first","10":"outofstock","11":"taxable","12":"shipping-taxable","13":"purchasable","14":"product-type-simple"},"yoast_head":"<!-- This site is optimized with the Yoast SEO plugin v27.4 - https:\/\/yoast.com\/product\/yoast-seo-wordpress\/ -->\n<title>Katana de Aizen - Bleach - R\u00e9plique Manga Cin\u00e9<\/title>\n<meta name=\"description\" content=\"D\u00e9couvrez ce superbe Katana de Aizen dans Bleach. Lame en acier. Fourreau bois laqu\u00e9 noir. Poign\u00e9e avec tresse en coton verte. 104 cm\" \/>\n<meta name=\"robots\" content=\"index, follow, max-snippet:-1, max-image-preview:large, max-video-preview:-1\" \/>\n<link rel=\"canonical\" href=\"https:\/\/repliquemangacine.fr\/it\/katana-bleach\/katana-de-aizen-bleach\/\" \/>\n<meta property=\"og:locale\" content=\"it_IT\" \/>\n<meta property=\"og:type\" content=\"article\" \/>\n<meta property=\"og:title\" content=\"Katana de Aizen - Bleach - R\u00e9plique Manga Cin\u00e9\" \/>\n<meta property=\"og:description\" content=\"D\u00e9couvrez ce superbe Katana de Aizen dans Bleach. Lame en acier. Fourreau bois laqu\u00e9 noir. Poign\u00e9e avec tresse en coton verte. 104 cm\" \/>\n<meta property=\"og:url\" content=\"https:\/\/repliquemangacine.fr\/it\/katana-bleach\/katana-de-aizen-bleach\/\" \/>\n<meta property=\"og:site_name\" content=\"R\u00e9plique Manga Cin\u00e9\" \/>\n<meta property=\"article:publisher\" content=\"https:\/\/www.facebook.com\/RepliqueMangaCine\" \/>\n<meta property=\"article:modified_time\" content=\"2025-11-26T15:55:59+00:00\" \/>\n<meta property=\"og:image\" content=\"https:\/\/repliquemangacine.fr\/wp-content\/uploads\/2025\/04\/Katana-de-Aizen-Bleach.jpg\" \/>\n\t<meta property=\"og:image:width\" content=\"500\" \/>\n\t<meta property=\"og:image:height\" content=\"500\" \/>\n\t<meta property=\"og:image:type\" content=\"image\/jpeg\" \/>\n<meta name=\"twitter:card\" content=\"summary_large_image\" \/>\n<meta name=\"twitter:label1\" content=\"Tempo di lettura stimato\" \/>\n\t<meta name=\"twitter:data1\" content=\"3 minuti\" \/>\n<script type=\"application\/ld+json\" class=\"yoast-schema-graph\">{\"@context\":\"https:\\\/\\\/schema.org\",\"@graph\":[{\"@type\":\"WebPage\",\"@id\":\"https:\\\/\\\/repliquemangacine.fr\\\/katana-bleach\\\/katana-de-aizen-bleach\\\/\",\"url\":\"https:\\\/\\\/repliquemangacine.fr\\\/katana-bleach\\\/katana-de-aizen-bleach\\\/\",\"name\":\"Katana de Aizen - Bleach - R\u00e9plique Manga Cin\u00e9\",\"isPartOf\":{\"@id\":\"https:\\\/\\\/repliquemangacine.fr\\\/#website\"},\"primaryImageOfPage\":{\"@id\":\"https:\\\/\\\/repliquemangacine.fr\\\/katana-bleach\\\/katana-de-aizen-bleach\\\/#primaryimage\"},\"image\":{\"@id\":\"https:\\\/\\\/repliquemangacine.fr\\\/katana-bleach\\\/katana-de-aizen-bleach\\\/#primaryimage\"},\"thumbnailUrl\":\"https:\\\/\\\/repliquemangacine.fr\\\/wp-content\\\/uploads\\\/2025\\\/04\\\/Katana-de-Aizen-Bleach.jpg\",\"datePublished\":\"2025-04-15T16:19:41+00:00\",\"dateModified\":\"2025-11-26T15:55:59+00:00\",\"description\":\"D\u00e9couvrez ce superbe Katana de Aizen dans Bleach. Lame en acier. Fourreau bois laqu\u00e9 noir. Poign\u00e9e avec tresse en coton verte. 104 cm\",\"breadcrumb\":{\"@id\":\"https:\\\/\\\/repliquemangacine.fr\\\/katana-bleach\\\/katana-de-aizen-bleach\\\/#breadcrumb\"},\"inLanguage\":\"it-IT\",\"potentialAction\":[{\"@type\":\"ReadAction\",\"target\":[\"https:\\\/\\\/repliquemangacine.fr\\\/katana-bleach\\\/katana-de-aizen-bleach\\\/\"]}]},{\"@type\":\"ImageObject\",\"inLanguage\":\"it-IT\",\"@id\":\"https:\\\/\\\/repliquemangacine.fr\\\/katana-bleach\\\/katana-de-aizen-bleach\\\/#primaryimage\",\"url\":\"https:\\\/\\\/repliquemangacine.fr\\\/wp-content\\\/uploads\\\/2025\\\/04\\\/Katana-de-Aizen-Bleach.jpg\",\"contentUrl\":\"https:\\\/\\\/repliquemangacine.fr\\\/wp-content\\\/uploads\\\/2025\\\/04\\\/Katana-de-Aizen-Bleach.jpg\",\"width\":500,\"height\":500,\"caption\":\"Katana de Aizen Dans Bleach\"},{\"@type\":\"BreadcrumbList\",\"@id\":\"https:\\\/\\\/repliquemangacine.fr\\\/katana-bleach\\\/katana-de-aizen-bleach\\\/#breadcrumb\",\"itemListElement\":[{\"@type\":\"ListItem\",\"position\":1,\"name\":\"Accueil\",\"item\":\"https:\\\/\\\/repliquemangacine.fr\\\/\"},{\"@type\":\"ListItem\",\"position\":2,\"name\":\"Produits\",\"item\":\"https:\\\/\\\/repliquemangacine.fr\\\/boutique\\\/\"},{\"@type\":\"ListItem\",\"position\":3,\"name\":\"Katana de Aizen &#8211; Bleach\"}]},{\"@type\":\"WebSite\",\"@id\":\"https:\\\/\\\/repliquemangacine.fr\\\/#website\",\"url\":\"https:\\\/\\\/repliquemangacine.fr\\\/\",\"name\":\"R\u00e9plique Manga Cin\u00e9\",\"description\":\"\",\"publisher\":{\"@id\":\"https:\\\/\\\/repliquemangacine.fr\\\/#organization\"},\"potentialAction\":[{\"@type\":\"SearchAction\",\"target\":{\"@type\":\"EntryPoint\",\"urlTemplate\":\"https:\\\/\\\/repliquemangacine.fr\\\/?s={search_term_string}\"},\"query-input\":{\"@type\":\"PropertyValueSpecification\",\"valueRequired\":true,\"valueName\":\"search_term_string\"}}],\"inLanguage\":\"it-IT\"},{\"@type\":\"Organization\",\"@id\":\"https:\\\/\\\/repliquemangacine.fr\\\/#organization\",\"name\":\"R\u00e9plique Manga Cin\u00e9\",\"url\":\"https:\\\/\\\/repliquemangacine.fr\\\/\",\"logo\":{\"@type\":\"ImageObject\",\"inLanguage\":\"it-IT\",\"@id\":\"https:\\\/\\\/repliquemangacine.fr\\\/#\\\/schema\\\/logo\\\/image\\\/\",\"url\":\"https:\\\/\\\/repliquemangacine.fr\\\/wp-content\\\/uploads\\\/2023\\\/10\\\/RMC-500250.png\",\"contentUrl\":\"https:\\\/\\\/repliquemangacine.fr\\\/wp-content\\\/uploads\\\/2023\\\/10\\\/RMC-500250.png\",\"width\":500,\"height\":250,\"caption\":\"R\u00e9plique Manga Cin\u00e9\"},\"image\":{\"@id\":\"https:\\\/\\\/repliquemangacine.fr\\\/#\\\/schema\\\/logo\\\/image\\\/\"},\"sameAs\":[\"https:\\\/\\\/www.facebook.com\\\/RepliqueMangaCine\",\"https:\\\/\\\/www.instagram.com\\\/repliquemangacine.fr\\\/\"]}]}<\/script>\n<!-- \/ Yoast SEO plugin. -->","yoast_head_json":{"title":"Katana di Aizen - Bleach - R\u00e9plique Manga Cin\u00e9","description":"Guarda questa superba Katana di Aizen in Bleach. Lama in acciaio. Fodero in legno laccato nero. Impugnatura con treccia di cotone verde. Lunghezza 104 cm","robots":{"index":"index","follow":"follow","max-snippet":"max-snippet:-1","max-image-preview":"max-image-preview:large","max-video-preview":"max-video-preview:-1"},"canonical":"https:\/\/repliquemangacine.fr\/it\/katana-bleach\/katana-de-aizen-bleach\/","og_locale":"it_IT","og_type":"article","og_title":"Katana de Aizen - Bleach - R\u00e9plique Manga Cin\u00e9","og_description":"D\u00e9couvrez ce superbe Katana de Aizen dans Bleach. Lame en acier. Fourreau bois laqu\u00e9 noir. Poign\u00e9e avec tresse en coton verte. 104 cm","og_url":"https:\/\/repliquemangacine.fr\/it\/katana-bleach\/katana-de-aizen-bleach\/","og_site_name":"R\u00e9plique Manga Cin\u00e9","article_publisher":"https:\/\/www.facebook.com\/RepliqueMangaCine","article_modified_time":"2025-11-26T15:55:59+00:00","og_image":[{"width":500,"height":500,"url":"https:\/\/repliquemangacine.fr\/wp-content\/uploads\/2025\/04\/Katana-de-Aizen-Bleach.jpg","type":"image\/jpeg"}],"twitter_card":"summary_large_image","twitter_misc":{"Tempo di lettura stimato":"3 minuti"},"schema":{"@context":"https:\/\/schema.org","@graph":[{"@type":"WebPage","@id":"https:\/\/repliquemangacine.fr\/katana-bleach\/katana-de-aizen-bleach\/","url":"https:\/\/repliquemangacine.fr\/katana-bleach\/katana-de-aizen-bleach\/","name":"Katana di Aizen - Bleach - R\u00e9plique Manga Cin\u00e9","isPartOf":{"@id":"https:\/\/repliquemangacine.fr\/#website"},"primaryImageOfPage":{"@id":"https:\/\/repliquemangacine.fr\/katana-bleach\/katana-de-aizen-bleach\/#primaryimage"},"image":{"@id":"https:\/\/repliquemangacine.fr\/katana-bleach\/katana-de-aizen-bleach\/#primaryimage"},"thumbnailUrl":"https:\/\/repliquemangacine.fr\/wp-content\/uploads\/2025\/04\/Katana-de-Aizen-Bleach.jpg","datePublished":"2025-04-15T16:19:41+00:00","dateModified":"2025-11-26T15:55:59+00:00","description":"Guarda questa superba Katana di Aizen in Bleach. Lama in acciaio. Fodero in legno laccato nero. Impugnatura con treccia di cotone verde. Lunghezza 104 cm","breadcrumb":{"@id":"https:\/\/repliquemangacine.fr\/katana-bleach\/katana-de-aizen-bleach\/#breadcrumb"},"inLanguage":"it-IT","potentialAction":[{"@type":"ReadAction","target":["https:\/\/repliquemangacine.fr\/katana-bleach\/katana-de-aizen-bleach\/"]}]},{"@type":"ImageObject","inLanguage":"it-IT","@id":"https:\/\/repliquemangacine.fr\/katana-bleach\/katana-de-aizen-bleach\/#primaryimage","url":"https:\/\/repliquemangacine.fr\/wp-content\/uploads\/2025\/04\/Katana-de-Aizen-Bleach.jpg","contentUrl":"https:\/\/repliquemangacine.fr\/wp-content\/uploads\/2025\/04\/Katana-de-Aizen-Bleach.jpg","width":500,"height":500,"caption":"Katana de Aizen Dans Bleach"},{"@type":"BreadcrumbList","@id":"https:\/\/repliquemangacine.fr\/katana-bleach\/katana-de-aizen-bleach\/#breadcrumb","itemListElement":[{"@type":"ListItem","position":1,"name":"Accueil","item":"https:\/\/repliquemangacine.fr\/"},{"@type":"ListItem","position":2,"name":"Produits","item":"https:\/\/repliquemangacine.fr\/boutique\/"},{"@type":"ListItem","position":3,"name":"Katana de Aizen &#8211; Bleach"}]},{"@type":"WebSite","@id":"https:\/\/repliquemangacine.fr\/#website","url":"https:\/\/repliquemangacine.fr\/","name":"R\u00e9plique Manga Cin\u00e9","description":"","publisher":{"@id":"https:\/\/repliquemangacine.fr\/#organization"},"potentialAction":[{"@type":"SearchAction","target":{"@type":"EntryPoint","urlTemplate":"https:\/\/repliquemangacine.fr\/?s={search_term_string}"},"query-input":{"@type":"PropertyValueSpecification","valueRequired":true,"valueName":"search_term_string"}}],"inLanguage":"it-IT"},{"@type":"Organization","@id":"https:\/\/repliquemangacine.fr\/#organization","name":"R\u00e9plique Manga Cin\u00e9","url":"https:\/\/repliquemangacine.fr\/","logo":{"@type":"ImageObject","inLanguage":"it-IT","@id":"https:\/\/repliquemangacine.fr\/#\/schema\/logo\/image\/","url":"https:\/\/repliquemangacine.fr\/wp-content\/uploads\/2023\/10\/RMC-500250.png","contentUrl":"https:\/\/repliquemangacine.fr\/wp-content\/uploads\/2023\/10\/RMC-500250.png","width":500,"height":250,"caption":"R\u00e9plique Manga Cin\u00e9"},"image":{"@id":"https:\/\/repliquemangacine.fr\/#\/schema\/logo\/image\/"},"sameAs":["https:\/\/www.facebook.com\/RepliqueMangaCine","https:\/\/www.instagram.com\/repliquemangacine.fr\/"]}]}},"_links":{"self":[{"href":"https:\/\/repliquemangacine.fr\/it\/wp-json\/wp\/v2\/product\/83539","targetHints":{"allow":["GET"]}}],"collection":[{"href":"https:\/\/repliquemangacine.fr\/it\/wp-json\/wp\/v2\/product"}],"about":[{"href":"https:\/\/repliquemangacine.fr\/it\/wp-json\/wp\/v2\/types\/product"}],"wp:featuredmedia":[{"embeddable":true,"href":"https:\/\/repliquemangacine.fr\/it\/wp-json\/wp\/v2\/media\/83572"}],"wp:attachment":[{"href":"https:\/\/repliquemangacine.fr\/it\/wp-json\/wp\/v2\/media?parent=83539"}],"wp:term":[{"taxonomy":"product_brand","embeddable":true,"href":"https:\/\/repliquemangacine.fr\/it\/wp-json\/wp\/v2\/product_brand?post=83539"},{"taxonomy":"product_cat","embeddable":true,"href":"https:\/\/repliquemangacine.fr\/it\/wp-json\/wp\/v2\/product_cat?post=83539"},{"taxonomy":"product_tag","embeddable":true,"href":"https:\/\/repliquemangacine.fr\/it\/wp-json\/wp\/v2\/product_tag?post=83539"}],"curies":[{"name":"wp","href":"https:\/\/api.w.org\/{rel}","templated":true}]}}