





{"id":82989,"date":"2025-03-24T20:43:32","date_gmt":"2025-03-24T19:43:32","guid":{"rendered":"https:\/\/repliquemangacine.fr\/?post_type=product&#038;p=82989"},"modified":"2026-04-17T17:52:48","modified_gmt":"2026-04-17T15:52:48","slug":"fodero-di-lusso-anduril","status":"publish","type":"product","link":"https:\/\/repliquemangacine.fr\/it\/epees-seigneur-des-anneaux\/anduril-fourreau-de-luxe\/","title":{"rendered":"Anduril Guaina di lusso"},"content":{"rendered":"<h2>Fodero Anduril Deluxe: la spada reale di Aragorn in una versione elegante e minuziosamente dettagliata.<\/h2>\n<p>Per prima cosa, scoprite la superba replica di Anduril Fourreau de Luxe, la spada riforgiata dai frammenti di Narsil per il re Aragorn ne Il Signore degli Anelli. La sua lama scanalata in acciaio inossidabile 440 \u00e8 ornata da incisioni elfiche centrali, fedeli al design originale del film. La solida guardia in acciaio e il pomo appositamente sagomato aggiungono una finitura degna delle pi\u00f9 grandi armi reali. L'impugnatura in metallo, rivestita in similpelle nera, garantisce un'ottima presa e una confortevole tenuta. Il fodero in legno \u00e8 rivestito in similpelle nera e decorato con una placca d'oro incisa con motivi elfici. Le decorazioni metalliche alle estremit\u00e0 e la cintura rimovibile con bottoni a pressione consentono di indossare la spada con eleganza. Con una lama di 89,5 cm e una lunghezza complessiva di 120,5 cm, questa replica raggiunge i 136 cm con il fodero.<\/p>\n<h2>Anduril: una lama leggendaria che simboleggia il ritorno del Re e il potere di Aragorn.<\/h2>\n<p>Nella trilogia del Signore degli Anelli, le spade svolgono un ruolo essenziale, incarnando il destino, il lignaggio e il potere di chi le porta. And\u00faril, conosciuta anche come la Fiamma dell'Ovest, \u00e8 la versione riforgiata di Narsil, spezzata durante la guerra contro Sauron. Questa lama simboleggia il ritorno di Re Aragorn, erede degli antichi re di Gondor, pronto a guidare i popoli liberi. Inoltre, forgiata dagli elfi, And\u00faril brilla di una luce ancestrale, recando le sacre incisioni degli Eldar. Accompagna Aragorn nel suo viaggio verso la battaglia decisiva al Nero Cancello di Mordor. Ogni dettaglio di questa replica riflette l'importanza simbolica e narrativa di quest'arma leggendaria. Infine, possedere And\u00faril significa possedere un pezzo di storia della Terra di Mezzo. In breve, un pezzo forte per tutti gli appassionati di <a href=\"https:\/\/www.tolkiendil.com\/bienvenue\" target=\"_blank\" rel=\"noopener noreferrer\">Tolkien<\/a> o collezionista appassionato.<\/p>\n<h2>R\u00e9plique Manga Cin\u00e9: disponibili tutte le armi cult de Il Signore degli Anelli<\/h2>\n<p>Da R\u00e9plique Manga Cin\u00e9, scoprite il mondo de Il Signore degli Anelli attraverso un'eccezionale collezione di spade e armi fedeli ai film. Accanto ad And\u00faril, troverete il maestoso <a href=\"https:\/\/repliquemangacine.fr\/it\/spade-del-signore-degli-anelli\/fodero-glamdring-spada-di-gandalf-lotr\/\">Spada Glamdring<\/a> di Gandalf, una vera leggenda nella guerra contro le forze dell'oscurit\u00e0. \u00c8 inoltre possibile scoprire la spada di Boromir, riflesso dell'onore e del coraggio di Gondor di fronte al nemico. Per i fan del regno di Rohan, la spada Herugrim di Re Th\u00e9oden \u00e8 una replica imperdibile. A questa si aggiunge la <a href=\"https:\/\/repliquemangacine.fr\/it\/spade-del-signore-degli-anelli\/signore-degli-anelli-legolas-sciabole\/\">I pugnali elfici di Legolas<\/a>le spade oscure dei Nazg\u00fbl. C'\u00e8 anche il<a href=\"https:\/\/repliquemangacine.fr\/it\/spade-del-signore-degli-anelli\/spada-di-frodo-2\/\">spada Dard de Frodon<\/a>che brilla in presenza di Orchi. In conclusione, tutte le nostre armi sono disponibili in versione metallica o da collezione, pronte a far parte delle vostre vetrine o dei vostri cosplay. R\u00e9plique Manga Cin\u00e9 \u00e8 il negozio di riferimento per le repliche di film e videogiochi, per i veri fan delle leggende epiche.<\/p>","protected":false},"excerpt":{"rendered":"<p>Splendida replica della spada Anduril con il suo lussuoso fodero.<\/p>\n<ul>\n<li>Lama scanalata in acciaio inossidabile 440 con incisioni elfiche al centro della lama.<\/li>\n<li>Manico e pomo in acciaio massiccio appositamente sagomato.<\/li>\n<li>Manico in metallo rivestito in similpelle per una presa sicura.<\/li>\n<li>Fodero e piastra in legno rivestiti in similpelle con incisioni elfiche in oro.<\/li>\n<li>Ornamenti metallici alle estremit\u00e0.<\/li>\n<li>Una cintura staccabile si attacca al fodero con un bottone a pressione per trasportare questa superba spada.<\/li>\n<li>Lunghezza lama: 89,5 cm - Lunghezza totale: 120,5 cm e 136 cm con fodero<\/li>\n<li>Peso 1470 g e 2320 g con fodero<\/li>\n<\/ul>","protected":false},"featured_media":95435,"template":"","meta":[],"product_brand":[896],"product_cat":[68,29],"product_tag":[],"class_list":{"0":"post-82989","1":"product","2":"type-product","3":"status-publish","4":"has-post-thumbnail","6":"product_brand-replique-manga-cine","7":"product_cat-epees-seigneur-des-anneaux","8":"product_cat-le-seigneur-des-anneaux","10":"first","11":"instock","12":"taxable","13":"shipping-taxable","14":"purchasable","15":"product-type-simple"},"yoast_head":"<!-- This site is optimized with the Yoast SEO plugin v27.4 - https:\/\/yoast.com\/product\/yoast-seo-wordpress\/ -->\n<title>Anduril Fourreau de Luxe - R\u00e9plique Manga Cin\u00e9<\/title>\n<meta name=\"description\" content=\"Devenez un v\u00e9ritable Roi du Gondor avec cette \u00e9poustouflante \u00e9p\u00e9e Anduril et son Fourreau de luxe en cuir et ornements elfiques et avec ceinture. Lame acier\" \/>\n<meta name=\"robots\" content=\"index, follow, max-snippet:-1, max-image-preview:large, max-video-preview:-1\" \/>\n<link rel=\"canonical\" href=\"https:\/\/repliquemangacine.fr\/it\/spade-del-signore-degli-anelli\/fodero-di-lusso-anduril\/\" \/>\n<meta property=\"og:locale\" content=\"it_IT\" \/>\n<meta property=\"og:type\" content=\"article\" \/>\n<meta property=\"og:title\" content=\"Anduril Fourreau de Luxe - R\u00e9plique Manga Cin\u00e9\" \/>\n<meta property=\"og:description\" content=\"Devenez un v\u00e9ritable Roi du Gondor avec cette \u00e9poustouflante \u00e9p\u00e9e Anduril et son Fourreau de luxe en cuir et ornements elfiques et avec ceinture. Lame acier\" \/>\n<meta property=\"og:url\" content=\"https:\/\/repliquemangacine.fr\/it\/spade-del-signore-degli-anelli\/fodero-di-lusso-anduril\/\" \/>\n<meta property=\"og:site_name\" content=\"R\u00e9plique Manga Cin\u00e9\" \/>\n<meta property=\"article:publisher\" content=\"https:\/\/www.facebook.com\/RepliqueMangaCine\" \/>\n<meta property=\"article:modified_time\" content=\"2026-04-17T15:52:48+00:00\" \/>\n<meta property=\"og:image\" content=\"https:\/\/repliquemangacine.fr\/wp-content\/uploads\/2025\/03\/Anduril-avec-son-Fourreau-de-luxe-1.jpg\" \/>\n\t<meta property=\"og:image:width\" content=\"800\" \/>\n\t<meta property=\"og:image:height\" content=\"800\" \/>\n\t<meta property=\"og:image:type\" content=\"image\/jpeg\" \/>\n<meta name=\"twitter:card\" content=\"summary_large_image\" \/>\n<meta name=\"twitter:label1\" content=\"Tempo di lettura stimato\" \/>\n\t<meta name=\"twitter:data1\" content=\"3 minuti\" \/>\n<script type=\"application\/ld+json\" class=\"yoast-schema-graph\">{\"@context\":\"https:\\\/\\\/schema.org\",\"@graph\":[{\"@type\":\"WebPage\",\"@id\":\"https:\\\/\\\/repliquemangacine.fr\\\/epees-seigneur-des-anneaux\\\/anduril-fourreau-de-luxe\\\/\",\"url\":\"https:\\\/\\\/repliquemangacine.fr\\\/epees-seigneur-des-anneaux\\\/anduril-fourreau-de-luxe\\\/\",\"name\":\"Anduril Fourreau de Luxe - R\u00e9plique Manga Cin\u00e9\",\"isPartOf\":{\"@id\":\"https:\\\/\\\/repliquemangacine.fr\\\/#website\"},\"primaryImageOfPage\":{\"@id\":\"https:\\\/\\\/repliquemangacine.fr\\\/epees-seigneur-des-anneaux\\\/anduril-fourreau-de-luxe\\\/#primaryimage\"},\"image\":{\"@id\":\"https:\\\/\\\/repliquemangacine.fr\\\/epees-seigneur-des-anneaux\\\/anduril-fourreau-de-luxe\\\/#primaryimage\"},\"thumbnailUrl\":\"https:\\\/\\\/repliquemangacine.fr\\\/wp-content\\\/uploads\\\/2025\\\/03\\\/Anduril-avec-son-Fourreau-de-luxe-1.jpg\",\"datePublished\":\"2025-03-24T19:43:32+00:00\",\"dateModified\":\"2026-04-17T15:52:48+00:00\",\"description\":\"Devenez un v\u00e9ritable Roi du Gondor avec cette \u00e9poustouflante \u00e9p\u00e9e Anduril et son Fourreau de luxe en cuir et ornements elfiques et avec ceinture. Lame acier\",\"breadcrumb\":{\"@id\":\"https:\\\/\\\/repliquemangacine.fr\\\/epees-seigneur-des-anneaux\\\/anduril-fourreau-de-luxe\\\/#breadcrumb\"},\"inLanguage\":\"it-IT\",\"potentialAction\":[{\"@type\":\"ReadAction\",\"target\":[\"https:\\\/\\\/repliquemangacine.fr\\\/epees-seigneur-des-anneaux\\\/anduril-fourreau-de-luxe\\\/\"]}]},{\"@type\":\"ImageObject\",\"inLanguage\":\"it-IT\",\"@id\":\"https:\\\/\\\/repliquemangacine.fr\\\/epees-seigneur-des-anneaux\\\/anduril-fourreau-de-luxe\\\/#primaryimage\",\"url\":\"https:\\\/\\\/repliquemangacine.fr\\\/wp-content\\\/uploads\\\/2025\\\/03\\\/Anduril-avec-son-Fourreau-de-luxe-1.jpg\",\"contentUrl\":\"https:\\\/\\\/repliquemangacine.fr\\\/wp-content\\\/uploads\\\/2025\\\/03\\\/Anduril-avec-son-Fourreau-de-luxe-1.jpg\",\"width\":800,\"height\":800,\"caption\":\"Anduril avec son fourreau de luxe\"},{\"@type\":\"BreadcrumbList\",\"@id\":\"https:\\\/\\\/repliquemangacine.fr\\\/epees-seigneur-des-anneaux\\\/anduril-fourreau-de-luxe\\\/#breadcrumb\",\"itemListElement\":[{\"@type\":\"ListItem\",\"position\":1,\"name\":\"Accueil\",\"item\":\"https:\\\/\\\/repliquemangacine.fr\\\/\"},{\"@type\":\"ListItem\",\"position\":2,\"name\":\"Produits\",\"item\":\"https:\\\/\\\/repliquemangacine.fr\\\/boutique\\\/\"},{\"@type\":\"ListItem\",\"position\":3,\"name\":\"Anduril Fourreau de Luxe\"}]},{\"@type\":\"WebSite\",\"@id\":\"https:\\\/\\\/repliquemangacine.fr\\\/#website\",\"url\":\"https:\\\/\\\/repliquemangacine.fr\\\/\",\"name\":\"R\u00e9plique Manga Cin\u00e9\",\"description\":\"\",\"publisher\":{\"@id\":\"https:\\\/\\\/repliquemangacine.fr\\\/#organization\"},\"potentialAction\":[{\"@type\":\"SearchAction\",\"target\":{\"@type\":\"EntryPoint\",\"urlTemplate\":\"https:\\\/\\\/repliquemangacine.fr\\\/?s={search_term_string}\"},\"query-input\":{\"@type\":\"PropertyValueSpecification\",\"valueRequired\":true,\"valueName\":\"search_term_string\"}}],\"inLanguage\":\"it-IT\"},{\"@type\":\"Organization\",\"@id\":\"https:\\\/\\\/repliquemangacine.fr\\\/#organization\",\"name\":\"R\u00e9plique Manga Cin\u00e9\",\"url\":\"https:\\\/\\\/repliquemangacine.fr\\\/\",\"logo\":{\"@type\":\"ImageObject\",\"inLanguage\":\"it-IT\",\"@id\":\"https:\\\/\\\/repliquemangacine.fr\\\/#\\\/schema\\\/logo\\\/image\\\/\",\"url\":\"https:\\\/\\\/repliquemangacine.fr\\\/wp-content\\\/uploads\\\/2023\\\/10\\\/RMC-500250.png\",\"contentUrl\":\"https:\\\/\\\/repliquemangacine.fr\\\/wp-content\\\/uploads\\\/2023\\\/10\\\/RMC-500250.png\",\"width\":500,\"height\":250,\"caption\":\"R\u00e9plique Manga Cin\u00e9\"},\"image\":{\"@id\":\"https:\\\/\\\/repliquemangacine.fr\\\/#\\\/schema\\\/logo\\\/image\\\/\"},\"sameAs\":[\"https:\\\/\\\/www.facebook.com\\\/RepliqueMangaCine\",\"https:\\\/\\\/www.instagram.com\\\/repliquemangacine.fr\\\/\"]}]}<\/script>\n<!-- \/ Yoast SEO plugin. -->","yoast_head_json":{"title":"Guaina di lusso Anduril - R\u00e9plique Manga Cin\u00e9","description":"Diventate un vero Re di Gondor con questa spada Anduril mozzafiato e il suo lussuoso fodero in pelle con ornamenti elfici e cintura. Lama in acciaio","robots":{"index":"index","follow":"follow","max-snippet":"max-snippet:-1","max-image-preview":"max-image-preview:large","max-video-preview":"max-video-preview:-1"},"canonical":"https:\/\/repliquemangacine.fr\/it\/spade-del-signore-degli-anelli\/fodero-di-lusso-anduril\/","og_locale":"it_IT","og_type":"article","og_title":"Anduril Fourreau de Luxe - R\u00e9plique Manga Cin\u00e9","og_description":"Devenez un v\u00e9ritable Roi du Gondor avec cette \u00e9poustouflante \u00e9p\u00e9e Anduril et son Fourreau de luxe en cuir et ornements elfiques et avec ceinture. Lame acier","og_url":"https:\/\/repliquemangacine.fr\/it\/spade-del-signore-degli-anelli\/fodero-di-lusso-anduril\/","og_site_name":"R\u00e9plique Manga Cin\u00e9","article_publisher":"https:\/\/www.facebook.com\/RepliqueMangaCine","article_modified_time":"2026-04-17T15:52:48+00:00","og_image":[{"width":800,"height":800,"url":"https:\/\/repliquemangacine.fr\/wp-content\/uploads\/2025\/03\/Anduril-avec-son-Fourreau-de-luxe-1.jpg","type":"image\/jpeg"}],"twitter_card":"summary_large_image","twitter_misc":{"Tempo di lettura stimato":"3 minuti"},"schema":{"@context":"https:\/\/schema.org","@graph":[{"@type":"WebPage","@id":"https:\/\/repliquemangacine.fr\/epees-seigneur-des-anneaux\/anduril-fourreau-de-luxe\/","url":"https:\/\/repliquemangacine.fr\/epees-seigneur-des-anneaux\/anduril-fourreau-de-luxe\/","name":"Guaina di lusso Anduril - R\u00e9plique Manga Cin\u00e9","isPartOf":{"@id":"https:\/\/repliquemangacine.fr\/#website"},"primaryImageOfPage":{"@id":"https:\/\/repliquemangacine.fr\/epees-seigneur-des-anneaux\/anduril-fourreau-de-luxe\/#primaryimage"},"image":{"@id":"https:\/\/repliquemangacine.fr\/epees-seigneur-des-anneaux\/anduril-fourreau-de-luxe\/#primaryimage"},"thumbnailUrl":"https:\/\/repliquemangacine.fr\/wp-content\/uploads\/2025\/03\/Anduril-avec-son-Fourreau-de-luxe-1.jpg","datePublished":"2025-03-24T19:43:32+00:00","dateModified":"2026-04-17T15:52:48+00:00","description":"Diventate un vero Re di Gondor con questa spada Anduril mozzafiato e il suo lussuoso fodero in pelle con ornamenti elfici e cintura. Lama in acciaio","breadcrumb":{"@id":"https:\/\/repliquemangacine.fr\/epees-seigneur-des-anneaux\/anduril-fourreau-de-luxe\/#breadcrumb"},"inLanguage":"it-IT","potentialAction":[{"@type":"ReadAction","target":["https:\/\/repliquemangacine.fr\/epees-seigneur-des-anneaux\/anduril-fourreau-de-luxe\/"]}]},{"@type":"ImageObject","inLanguage":"it-IT","@id":"https:\/\/repliquemangacine.fr\/epees-seigneur-des-anneaux\/anduril-fourreau-de-luxe\/#primaryimage","url":"https:\/\/repliquemangacine.fr\/wp-content\/uploads\/2025\/03\/Anduril-avec-son-Fourreau-de-luxe-1.jpg","contentUrl":"https:\/\/repliquemangacine.fr\/wp-content\/uploads\/2025\/03\/Anduril-avec-son-Fourreau-de-luxe-1.jpg","width":800,"height":800,"caption":"Anduril avec son fourreau de luxe"},{"@type":"BreadcrumbList","@id":"https:\/\/repliquemangacine.fr\/epees-seigneur-des-anneaux\/anduril-fourreau-de-luxe\/#breadcrumb","itemListElement":[{"@type":"ListItem","position":1,"name":"Accueil","item":"https:\/\/repliquemangacine.fr\/"},{"@type":"ListItem","position":2,"name":"Produits","item":"https:\/\/repliquemangacine.fr\/boutique\/"},{"@type":"ListItem","position":3,"name":"Anduril Fourreau de Luxe"}]},{"@type":"WebSite","@id":"https:\/\/repliquemangacine.fr\/#website","url":"https:\/\/repliquemangacine.fr\/","name":"R\u00e9plique Manga Cin\u00e9","description":"","publisher":{"@id":"https:\/\/repliquemangacine.fr\/#organization"},"potentialAction":[{"@type":"SearchAction","target":{"@type":"EntryPoint","urlTemplate":"https:\/\/repliquemangacine.fr\/?s={search_term_string}"},"query-input":{"@type":"PropertyValueSpecification","valueRequired":true,"valueName":"search_term_string"}}],"inLanguage":"it-IT"},{"@type":"Organization","@id":"https:\/\/repliquemangacine.fr\/#organization","name":"R\u00e9plique Manga Cin\u00e9","url":"https:\/\/repliquemangacine.fr\/","logo":{"@type":"ImageObject","inLanguage":"it-IT","@id":"https:\/\/repliquemangacine.fr\/#\/schema\/logo\/image\/","url":"https:\/\/repliquemangacine.fr\/wp-content\/uploads\/2023\/10\/RMC-500250.png","contentUrl":"https:\/\/repliquemangacine.fr\/wp-content\/uploads\/2023\/10\/RMC-500250.png","width":500,"height":250,"caption":"R\u00e9plique Manga Cin\u00e9"},"image":{"@id":"https:\/\/repliquemangacine.fr\/#\/schema\/logo\/image\/"},"sameAs":["https:\/\/www.facebook.com\/RepliqueMangaCine","https:\/\/www.instagram.com\/repliquemangacine.fr\/"]}]}},"_links":{"self":[{"href":"https:\/\/repliquemangacine.fr\/it\/wp-json\/wp\/v2\/product\/82989","targetHints":{"allow":["GET"]}}],"collection":[{"href":"https:\/\/repliquemangacine.fr\/it\/wp-json\/wp\/v2\/product"}],"about":[{"href":"https:\/\/repliquemangacine.fr\/it\/wp-json\/wp\/v2\/types\/product"}],"wp:featuredmedia":[{"embeddable":true,"href":"https:\/\/repliquemangacine.fr\/it\/wp-json\/wp\/v2\/media\/95435"}],"wp:attachment":[{"href":"https:\/\/repliquemangacine.fr\/it\/wp-json\/wp\/v2\/media?parent=82989"}],"wp:term":[{"taxonomy":"product_brand","embeddable":true,"href":"https:\/\/repliquemangacine.fr\/it\/wp-json\/wp\/v2\/product_brand?post=82989"},{"taxonomy":"product_cat","embeddable":true,"href":"https:\/\/repliquemangacine.fr\/it\/wp-json\/wp\/v2\/product_cat?post=82989"},{"taxonomy":"product_tag","embeddable":true,"href":"https:\/\/repliquemangacine.fr\/it\/wp-json\/wp\/v2\/product_tag?post=82989"}],"curies":[{"name":"wp","href":"https:\/\/api.w.org\/{rel}","templated":true}]}}